{"id":49857,"date":"2018-01-16T15:07:03","date_gmt":"2018-01-16T12:07:03","guid":{"rendered":"https:\/\/sanatate.md\/?page_id=49857"},"modified":"2018-01-16T15:07:03","modified_gmt":"2018-01-16T12:07:03","slug":"aritmia","status":"publish","type":"page","link":"https:\/\/sanatate.md\/ro\/boli-si-tratament\/boli-ale-inimii-si-ale-vaselor-de-sange\/aritmia\/","title":{"rendered":"Aritmia"},"content":{"rendered":"<p>Aritmia nu este consider\u0103 o stare boln\u0103vicioas\u0103 aparte,ci un set \u00eentreg de perturb\u0103ri ]n func\u0163ionarea cordului.Fiec\u0103rui tip de aritmie a cordului \u00eei sunt specifice semnele sale.<\/p>\n<h3>Tipuri ale st\u0103rii boln\u0103vicioase<\/h3>\n<p>La o persoan\u0103 s\u0103n\u0103toas\u0103 frecven\u0163a contrac\u0163iilor cardiace ,fiind \u00een stare lini\u015ftit\u0103 ,este de 60-80 de b\u0103t\u0103i pe minut \u015fi aceasta se consider\u0103 drept norm\u0103,pe c\u00eend la persoana care sufer\u0103 de aritmie ritmul cardiac poate s\u0103 accelereze sau din contra s\u0103 \u00eencetineasc\u0103.<\/p>\n<p>Dac\u0103 num\u0103rul de b\u0103t\u0103i dep\u0103\u015fe\u015fte cifra de 80 per minut atunci putem spune c\u0103 e vorba de tahicardie.Ritmul mai lent ne indic\u0103 faptul c\u0103 e vorba de bradicardie.Deseori sunt \u015fi cazuri c\u00eend nec\u0103t\u00eend la faptul c\u0103 inima func\u0163ioneaz\u0103 normal se simt anumite b\u0103t\u0103i sau a\u015fa numitele extrasistole care se manifest\u0103 cu o ineregularitate.<\/p>\n<p>Cel mai complicat tip al acestei st\u0103ri este considerat\u0103 aritmia atrial\u0103.\u00cen cazul maladiei respective cordul se \u201eabate\u201d de la ritmul normal \u015fi func\u0163ioneaz\u0103 neregulat.<\/p>\n<h3>Aritmia cordului:cauze<\/h3>\n<p>Cauzele care declan\u015feaz\u0103 aritmia sunt diferite,chiar \u015fi la un om absolut s\u0103n\u0103tos num\u0103rul de contrac\u0163ii cardiace difer\u0103 pe parcursul zilei \u015fi a nop\u0163ii.Aceasta depinde de eforturile fizice efectuate,starea psihoemotiv\u0103,primirea anumitor medicamente \u015fi ra\u0163ie.<\/p>\n<p>Din aceast\u0103 cauz\u0103 apari\u0163ia extrasistolelor este considerat\u0103 o norm\u0103.Ele sunt diagnostificate circa la 70 de % din popula\u0163ie.Starea general\u0103 a bolnavilor este satisf\u0103c\u0103toare,prognoza este favorabil\u0103,\u00een cazul \u00een care nu exist\u0103 complica\u0163ii.<\/p>\n<p>Patologiile ritmului cardiac \u00een majoritatea cazurilor sunt legate de diferite boli \u00een urma c\u0103rora apare aceast\u0103 stare boln\u0103vicioas\u0103.<\/p>\n<p>Deseori maladia apare pe fonul obiceiurilor nocive \u015fi a alimenta\u0163iei incorecte.<\/p>\n<p>Speciali\u015ftii men\u0163ioneaz\u0103 urm\u0103toarele cauze ale st\u0103rii boln\u0103vicioase:<\/p>\n<ul>\n<li>Consumul excesiv de b\u0103uturi energizante,ale b\u0103uturilor ce con\u0163in cofein\u0103 \u015fi a b\u0103uturilor alcoolice;<\/li>\n<li>Fumatul;<\/li>\n<li>Depresia \u015fi st\u0103rile de stres,<\/li>\n<li>Boli ale glandei tiroide;<\/li>\n<li>Bolile fungice,infec\u0163iile;<\/li>\n<li>Premenopauza;<\/li>\n<li>Afec\u0163iunile cerebrale.<\/li>\n<\/ul>\n<h3>Aritmia inimii:simptome<\/h3>\n<p>Semnele bolii \u00een cauz\u0103 se manifest\u0103 \u00een mod diferit deoarece tabloul clinic depinde de tipul de patologie a inimii.C\u00eend este vorba de tahicardie :b\u0103t\u0103ile cardiace se intensific\u0103.Bolnavii simt contrac\u0163ii cardiace accelerate,apare o stare alarmant\u0103 inexplicabil\u0103 ,se accelereaz\u0103 transpira\u0163ia \u015fi uneori chiar pierd cuno\u015ftin\u0163a.<\/p>\n<p>C\u00eend este vorba de bradicardie:ritmul cardiac \u00eencetine\u015fte \u015fi apar urm\u0103toarele simptome:<\/p>\n<ul>\n<li>Dureri \u00een regiunea cordului;<\/li>\n<li>Sl\u0103biciuni;<\/li>\n<li>Hipotensiunea;<\/li>\n<li>Ame\u0163eli;<\/li>\n<li>Le\u015finuri;<\/li>\n<li>Piele palid\u0103,<\/li>\n<li>Transpira\u0163ie.<\/li>\n<\/ul>\n<p>Cel mai des este diagnosticat\u0103 extrasistolia(b\u0103t\u0103i ale inimii neregulate).\u00cen cazul dat are loc contractarea prematur\u0103 a muschiului cardiac.B\u0103t\u0103ile inimii sunt interpretate drept ni\u015fte lovituri puternice din regiunea cordului.Dup\u0103 aceasta are loc estomparea organului-acest fapt la fel este foarte bine sim\u0163it de om.<\/p>\n<p>De regul\u0103 aceast\u0103 stare nu este de durat\u0103,peste c\u00eeteva secunde ritmul cardiac se normalizeaz\u0103,dar totu\u015fi bolnavul poate avea o stare alarmant\u0103.<\/p>\n<p>Blocadele cardiace apar din cauza lipsei impulsului care este responsabil de contrac\u0163ia mu\u015fchiului cardiac.Pe l\u00eeng\u0103 toate acestea au mai fost observate \u015fi urm\u0103toarele semne:lipsa pulsului,bolnavul pierde cuno\u015ftin\u0163a \u015fi \u00eencep convulsiile.<\/p>\n<h3>Aritmia inimii:tratarea maladiei \u00een cauz\u0103<\/h3>\n<p>Tratamentul trebuie s\u0103 fie indicat de un medic cardiolog \u015fi pacientul trebuie s\u0103 respecte foarte riguros cele prescrise.Autotratamentul \u00een cazul dat categoric este interzis.<\/p>\n<p>De obicei se indic\u0103 un tratament medicamentos,dar \u00een cazurile grave este indicat\u0103 interven\u0163ia chirurgical\u0103.<br \/>\nSpecialistul prescrie bolnavului urm\u0103toarele medicamente.<\/p>\n<ul>\n<li>Hindina;<\/li>\n<li>Propafenonul;<\/li>\n<li>Adenozina.<\/li>\n<\/ul>\n<p>Aceste medicamente nici \u00eentr-un caz nu trebuie luate de sinest\u0103t\u0103tor deoarece situa\u0163ia se poate complica, se iau numai sub eviden\u0163a strict\u0103 a medicului.<\/p>\n<p>Dac\u0103 pacientul sufer\u0103 \u015fi de alte patologii cardiace i se indic\u0103 interven\u0163ia chirurgical\u0103.\u00cen acest caz este utilizat aparatul cardiostimulator \u015fi de radiofrecven\u0163\u0103.<\/p>\n<p>Tratamentul este ales \u00een dependen\u0163\u0103 de cauzele st\u0103rii boln\u0103viciose,tipurile de patologii,conductivitatea organului \u015fi a st\u0103rii generale a pacientului.\u00cen unele cazuri pentru a restabili ritmul normal al inimii e nevoie de tratat doar boala subiacent\u0103.<\/p>\n<p>Metode nemidecamentoase de tratare a st\u0103rii date:<\/p>\n<ul>\n<li>Stimularea cardiac\u0103-pacientului i se implanteaz\u0103 un dirijor artificial al ritmului,care men\u0163ine ritmul inimii \u00een norm\u0103 \u00een special la persoanele care sufer\u0103 de bradicardie \u015fi blocade.;<\/li>\n<li>Instalarea cardioverterului-defribilator acesta este un aparat implantat anume acelor pacien\u0163i care sufer\u0103 de tahiaritmia ventricular\u0103 pentru profilactic\u0103;\u00een cazul \u00een care ritmul inimii se perturbeaz\u0103-aparatul imediat \u00eel normalizeaz\u0103;<\/li>\n<li>Abla\u0163iunea prin intermediul radiofrecven\u0163ei-este o interven\u0163ie chirurgical\u0103 inofensiv\u0103:cardiologul face ni\u015fte incizii mici \u015fi prin intermediul cateterului cauterizeaz\u0103 celulele inimii care genereaz\u0103 impulsurile etopice \u015fi \u00een a\u015fa fel ele sunt blocate \u015fi ritmul inimii revine la normal;<\/li>\n<li>Interven\u0163ia chirurgical\u0103 se realizeaz\u0103 atunci c\u00eend starea boln\u0103vicioas\u0103 este generat\u0103 de anevrisma ventriculului cardiac st\u00eeng sau de viciile supapelor valvulare \u015f.a.m.d.<\/li>\n<\/ul>\n<h3>Aritmia atrial\u0103:tratament<\/h3>\n<p>Unul din cele mai r\u0103sp\u00eendite tipuri ale acestei st\u0103ri boln\u0103vicioase este:aritmia atrial\u0103.Ea poate s\u0103 fie periculoas\u0103 pe fonul unui ictus sau a insuficien\u0163ei cardiace.Pacientului i se prescriu medicamente contra aritmiei pentru recuperarea \u015fi normalizarea ritmului cardiac.Medicamentele se introduc intravenos.Dac\u0103 aceste medicamente nu \u015fi-au f\u0103cut efectul atunci se va indica o metod\u0103 chirurgical\u0103 ca: sistemul cardio-vascular electric.<\/p>\n","protected":false},"excerpt":{"rendered":"<p>Aritmia nu este consider\u0103 o stare boln\u0103vicioas\u0103 aparte,ci un set \u00eentreg de perturb\u0103ri ]n func\u0163ionarea cordului.Fiec\u0103rui tip de aritmie a cordului \u00eei sunt specifice semnele sale. Tipuri ale st\u0103rii boln\u0103vicioase La o persoan\u0103 s\u0103n\u0103toas\u0103 frecven\u0163a contrac\u0163iilor cardiace ,fiind \u00een stare lini\u015ftit\u0103 ,este de 60-80 de b\u0103t\u0103i pe minut \u015fi aceasta se consider\u0103 drept norm\u0103,pe c\u00eend [&hellip;]<\/p>\n","protected":false},"author":28,"featured_media":0,"parent":53002,"menu_order":0,"comment_status":"closed","ping_status":"closed","template":"","meta":{"inline_featured_image":false,"footnotes":""},"class_list":["post-49857","page","type-page","status-publish"],"yoast_head":"<!-- This site is optimized with the Yoast SEO plugin v27.3 - https:\/\/yoast.com\/product\/yoast-seo-wordpress\/ -->\n<title>Aritmia<\/title>\n<meta name=\"description\" content=\"Aritmia nu este consider\u0103 o stare boln\u0103vicioas\u0103 aparte,ci un set \u00eentreg de perturb\u0103ri ]n func\u0163ionarea cordului.Fiec\u0103rui tip de aritmie a cordului \u00eei sunt specifice semnele sale.\" \/>\n<meta name=\"robots\" content=\"index, follow, max-snippet:-1, max-image-preview:large, max-video-preview:-1\" \/>\n<link rel=\"canonical\" href=\"https:\/\/sanatate.md\/ro\/boli-si-tratament\/boli-ale-inimii-si-ale-vaselor-de-sange\/aritmia\/\" \/>\n<meta property=\"og:locale\" content=\"ro_RO\" \/>\n<meta property=\"og:type\" content=\"article\" \/>\n<meta property=\"og:title\" content=\"Aritmia\" \/>\n<meta property=\"og:description\" content=\"Aritmia nu este consider\u0103 o stare boln\u0103vicioas\u0103 aparte,ci un set \u00eentreg de perturb\u0103ri ]n func\u0163ionarea cordului.Fiec\u0103rui tip de aritmie a cordului \u00eei sunt specifice semnele sale.\" \/>\n<meta property=\"og:url\" content=\"https:\/\/sanatate.md\/ro\/boli-si-tratament\/boli-ale-inimii-si-ale-vaselor-de-sange\/aritmia\/\" \/>\n<meta property=\"og:site_name\" content=\"Sanatate.md\" \/>\n<meta name=\"twitter:card\" content=\"summary_large_image\" \/>\n<meta name=\"twitter:label1\" content=\"Timp estimat pentru citire\" \/>\n\t<meta name=\"twitter:data1\" content=\"5 minute\" \/>\n<script type=\"application\/ld+json\" class=\"yoast-schema-graph\">{\"@context\":\"https:\\\/\\\/schema.org\",\"@graph\":[{\"@type\":\"WebPage\",\"@id\":\"https:\\\/\\\/sanatate.md\\\/ro\\\/boli-si-tratament\\\/boli-ale-inimii-si-ale-vaselor-de-sange\\\/aritmia\\\/\",\"url\":\"https:\\\/\\\/sanatate.md\\\/ro\\\/boli-si-tratament\\\/boli-ale-inimii-si-ale-vaselor-de-sange\\\/aritmia\\\/\",\"name\":\"Aritmia\",\"isPartOf\":{\"@id\":\"https:\\\/\\\/sanatate.md\\\/ro\\\/#website\"},\"datePublished\":\"2018-01-16T12:07:03+00:00\",\"description\":\"Aritmia nu este consider\u0103 o stare boln\u0103vicioas\u0103 aparte,ci un set \u00eentreg de perturb\u0103ri ]n func\u0163ionarea cordului.Fiec\u0103rui tip de aritmie a cordului \u00eei sunt specifice semnele sale.\",\"breadcrumb\":{\"@id\":\"https:\\\/\\\/sanatate.md\\\/ro\\\/boli-si-tratament\\\/boli-ale-inimii-si-ale-vaselor-de-sange\\\/aritmia\\\/#breadcrumb\"},\"inLanguage\":\"ro-RO\",\"potentialAction\":[{\"@type\":\"ReadAction\",\"target\":[\"https:\\\/\\\/sanatate.md\\\/ro\\\/boli-si-tratament\\\/boli-ale-inimii-si-ale-vaselor-de-sange\\\/aritmia\\\/\"]}]},{\"@type\":\"BreadcrumbList\",\"@id\":\"https:\\\/\\\/sanatate.md\\\/ro\\\/boli-si-tratament\\\/boli-ale-inimii-si-ale-vaselor-de-sange\\\/aritmia\\\/#breadcrumb\",\"itemListElement\":[{\"@type\":\"ListItem\",\"position\":1,\"name\":\"\u0413\u043b\u0430\u0432\u043d\u0430\u044f \u0441\u0442\u0440\u0430\u043d\u0438\u0446\u0430\",\"item\":\"https:\\\/\\\/sanatate.md\\\/ro\\\/\"},{\"@type\":\"ListItem\",\"position\":2,\"name\":\"Boli si tratament\",\"item\":\"https:\\\/\\\/sanatate.md\\\/ro\\\/boli-si-tratament\\\/\"},{\"@type\":\"ListItem\",\"position\":3,\"name\":\"Boli ale inimii \u0219i ale vaselor de s\u00e2nge\",\"item\":\"https:\\\/\\\/sanatate.md\\\/ro\\\/boli-si-tratament\\\/boli-ale-inimii-si-ale-vaselor-de-sange\\\/\"},{\"@type\":\"ListItem\",\"position\":4,\"name\":\"Aritmia\"}]},{\"@type\":\"WebSite\",\"@id\":\"https:\\\/\\\/sanatate.md\\\/ro\\\/#website\",\"url\":\"https:\\\/\\\/sanatate.md\\\/ro\\\/\",\"name\":\"Sanatate.md\",\"description\":\"\u0416\u0443\u0440\u043d\u0430\u043b \u0434\u043b\u044f \u0432\u0441\u0435\u0439 \u0441\u0435\u043c\u044c\u0438 \u0432 \u041c\u043e\u043b\u0434\u043e\u0432\u0435\",\"publisher\":{\"@id\":\"https:\\\/\\\/sanatate.md\\\/ro\\\/#organization\"},\"potentialAction\":[{\"@type\":\"SearchAction\",\"target\":{\"@type\":\"EntryPoint\",\"urlTemplate\":\"https:\\\/\\\/sanatate.md\\\/ro\\\/?s={search_term_string}\"},\"query-input\":{\"@type\":\"PropertyValueSpecification\",\"valueRequired\":true,\"valueName\":\"search_term_string\"}}],\"inLanguage\":\"ro-RO\"},{\"@type\":\"Organization\",\"@id\":\"https:\\\/\\\/sanatate.md\\\/ro\\\/#organization\",\"name\":\"SANATATE\",\"url\":\"https:\\\/\\\/sanatate.md\\\/ro\\\/\",\"logo\":{\"@type\":\"ImageObject\",\"inLanguage\":\"ro-RO\",\"@id\":\"https:\\\/\\\/sanatate.md\\\/ro\\\/#\\\/schema\\\/logo\\\/image\\\/\",\"url\":\"https:\\\/\\\/sanatate.md\\\/wp-content\\\/uploads\\\/2022\\\/01\\\/sanatate-logo.svg\",\"contentUrl\":\"https:\\\/\\\/sanatate.md\\\/wp-content\\\/uploads\\\/2022\\\/01\\\/sanatate-logo.svg\",\"width\":\"1024\",\"height\":\"1024\",\"caption\":\"SANATATE\"},\"image\":{\"@id\":\"https:\\\/\\\/sanatate.md\\\/ro\\\/#\\\/schema\\\/logo\\\/image\\\/\"}}]}<\/script>\n<!-- \/ Yoast SEO plugin. -->","yoast_head_json":{"title":"Aritmia","description":"Aritmia nu este consider\u0103 o stare boln\u0103vicioas\u0103 aparte,ci un set \u00eentreg de perturb\u0103ri ]n func\u0163ionarea cordului.Fiec\u0103rui tip de aritmie a cordului \u00eei sunt specifice semnele sale.","robots":{"index":"index","follow":"follow","max-snippet":"max-snippet:-1","max-image-preview":"max-image-preview:large","max-video-preview":"max-video-preview:-1"},"canonical":"https:\/\/sanatate.md\/ro\/boli-si-tratament\/boli-ale-inimii-si-ale-vaselor-de-sange\/aritmia\/","og_locale":"ro_RO","og_type":"article","og_title":"Aritmia","og_description":"Aritmia nu este consider\u0103 o stare boln\u0103vicioas\u0103 aparte,ci un set \u00eentreg de perturb\u0103ri ]n func\u0163ionarea cordului.Fiec\u0103rui tip de aritmie a cordului \u00eei sunt specifice semnele sale.","og_url":"https:\/\/sanatate.md\/ro\/boli-si-tratament\/boli-ale-inimii-si-ale-vaselor-de-sange\/aritmia\/","og_site_name":"Sanatate.md","twitter_card":"summary_large_image","twitter_misc":{"Timp estimat pentru citire":"5 minute"},"schema":{"@context":"https:\/\/schema.org","@graph":[{"@type":"WebPage","@id":"https:\/\/sanatate.md\/ro\/boli-si-tratament\/boli-ale-inimii-si-ale-vaselor-de-sange\/aritmia\/","url":"https:\/\/sanatate.md\/ro\/boli-si-tratament\/boli-ale-inimii-si-ale-vaselor-de-sange\/aritmia\/","name":"Aritmia","isPartOf":{"@id":"https:\/\/sanatate.md\/ro\/#website"},"datePublished":"2018-01-16T12:07:03+00:00","description":"Aritmia nu este consider\u0103 o stare boln\u0103vicioas\u0103 aparte,ci un set \u00eentreg de perturb\u0103ri ]n func\u0163ionarea cordului.Fiec\u0103rui tip de aritmie a cordului \u00eei sunt specifice semnele sale.","breadcrumb":{"@id":"https:\/\/sanatate.md\/ro\/boli-si-tratament\/boli-ale-inimii-si-ale-vaselor-de-sange\/aritmia\/#breadcrumb"},"inLanguage":"ro-RO","potentialAction":[{"@type":"ReadAction","target":["https:\/\/sanatate.md\/ro\/boli-si-tratament\/boli-ale-inimii-si-ale-vaselor-de-sange\/aritmia\/"]}]},{"@type":"BreadcrumbList","@id":"https:\/\/sanatate.md\/ro\/boli-si-tratament\/boli-ale-inimii-si-ale-vaselor-de-sange\/aritmia\/#breadcrumb","itemListElement":[{"@type":"ListItem","position":1,"name":"\u0413\u043b\u0430\u0432\u043d\u0430\u044f \u0441\u0442\u0440\u0430\u043d\u0438\u0446\u0430","item":"https:\/\/sanatate.md\/ro\/"},{"@type":"ListItem","position":2,"name":"Boli si tratament","item":"https:\/\/sanatate.md\/ro\/boli-si-tratament\/"},{"@type":"ListItem","position":3,"name":"Boli ale inimii \u0219i ale vaselor de s\u00e2nge","item":"https:\/\/sanatate.md\/ro\/boli-si-tratament\/boli-ale-inimii-si-ale-vaselor-de-sange\/"},{"@type":"ListItem","position":4,"name":"Aritmia"}]},{"@type":"WebSite","@id":"https:\/\/sanatate.md\/ro\/#website","url":"https:\/\/sanatate.md\/ro\/","name":"Sanatate.md","description":"\u0416\u0443\u0440\u043d\u0430\u043b \u0434\u043b\u044f \u0432\u0441\u0435\u0439 \u0441\u0435\u043c\u044c\u0438 \u0432 \u041c\u043e\u043b\u0434\u043e\u0432\u0435","publisher":{"@id":"https:\/\/sanatate.md\/ro\/#organization"},"potentialAction":[{"@type":"SearchAction","target":{"@type":"EntryPoint","urlTemplate":"https:\/\/sanatate.md\/ro\/?s={search_term_string}"},"query-input":{"@type":"PropertyValueSpecification","valueRequired":true,"valueName":"search_term_string"}}],"inLanguage":"ro-RO"},{"@type":"Organization","@id":"https:\/\/sanatate.md\/ro\/#organization","name":"SANATATE","url":"https:\/\/sanatate.md\/ro\/","logo":{"@type":"ImageObject","inLanguage":"ro-RO","@id":"https:\/\/sanatate.md\/ro\/#\/schema\/logo\/image\/","url":"https:\/\/sanatate.md\/wp-content\/uploads\/2022\/01\/sanatate-logo.svg","contentUrl":"https:\/\/sanatate.md\/wp-content\/uploads\/2022\/01\/sanatate-logo.svg","width":"1024","height":"1024","caption":"SANATATE"},"image":{"@id":"https:\/\/sanatate.md\/ro\/#\/schema\/logo\/image\/"}}]}},"_links":{"self":[{"href":"https:\/\/sanatate.md\/ro\/wp-json\/wp\/v2\/pages\/49857","targetHints":{"allow":["GET"]}}],"collection":[{"href":"https:\/\/sanatate.md\/ro\/wp-json\/wp\/v2\/pages"}],"about":[{"href":"https:\/\/sanatate.md\/ro\/wp-json\/wp\/v2\/types\/page"}],"author":[{"embeddable":true,"href":"https:\/\/sanatate.md\/ro\/wp-json\/wp\/v2\/users\/28"}],"replies":[{"embeddable":true,"href":"https:\/\/sanatate.md\/ro\/wp-json\/wp\/v2\/comments?post=49857"}],"version-history":[{"count":0,"href":"https:\/\/sanatate.md\/ro\/wp-json\/wp\/v2\/pages\/49857\/revisions"}],"up":[{"embeddable":true,"href":"https:\/\/sanatate.md\/ro\/wp-json\/wp\/v2\/pages\/53002"}],"wp:attachment":[{"href":"https:\/\/sanatate.md\/ro\/wp-json\/wp\/v2\/media?parent=49857"}],"curies":[{"name":"wp","href":"https:\/\/api.w.org\/{rel}","templated":true}]}}