{"id":49872,"date":"2018-01-16T15:23:38","date_gmt":"2018-01-16T12:23:38","guid":{"rendered":"https:\/\/sanatate.md\/?page_id=49872"},"modified":"2018-02-08T10:12:44","modified_gmt":"2018-02-08T07:12:44","slug":"amnezia","status":"publish","type":"page","link":"https:\/\/sanatate.md\/ro\/boli-si-tratament\/boli-neurologice\/amnezia\/","title":{"rendered":"Amnezia"},"content":{"rendered":"<p><span lang=\"ro-RO\">Amnezia se caracterizeaz\u0103 prin absen\u015fa par\u0163ial\u0103 sau total\u0103 a capacit\u0163ii de reamintire a amintirilor \u015fi evenimentelor care au avut loc \u00een trecutul nu prea \u00eendep\u0103rtat.Adeseori aceast\u0103 maladie este \u00eenso\u0163it\u0103 de urm\u0103toarele perturb\u0103ri de tip neuropsihiatric ca:tulbur\u0103rile de vorbire \u015fi a reflexelor mentale ,a percep\u0163iei \u015fi aten\u0163iei sau de perturb\u0103rile de tip afectiv ca:depresia \u015fi st\u0103rile alarmante.<\/span><\/p>\n<h3>Cauzele apari\u0163iei<\/h3>\n<p><span lang=\"ro-RO\">Cauzele esen\u0163iale ale amneziei care a ap\u0103rut instantaneu \u015fi sub form\u0103 acut\u0103 sunt:<\/span><\/p>\n<ul>\n<li><span lang=\"ro-RO\">Trauma cranio-cerebral\u0103;<\/span><\/li>\n<li><span lang=\"ro-RO\">Encefalita de tip herpetic;<\/span><\/li>\n<li><span lang=\"ro-RO\">Ictusul;<\/span><\/li>\n<li><span lang=\"ro-RO\">Encefalopatie de genez\u0103 metabolic\u0103;<\/span><\/li>\n<li><span lang=\"ro-RO\">Intoxic\u0103rile.<\/span><\/li>\n<\/ul>\n<p><span lang=\"ro-RO\">Hipotalamusul este foarte sensibil la sindromul de ischemie \u015fi hipoxie;func\u0163ionarea acestuia poate fi tulburat\u0103 \u00een cazul \u00een care circula\u0163ia s\u00eengelui se \u00eentrerupe \u015fi atunci apare o stare de \u00een\u0103bu\u015feal\u0103 sau de o intoxicare cu oxizi de carbon.<\/span><\/p>\n<p><span lang=\"ro-RO\">Amnezia care apare treptat poate fi cauzat\u0103 de bolile degenerative ale cutiei craniene,tumorile onciologice,diabateri psihice \u015f.a.Deficien\u0163ele de memorie de tip tranzitoriu pot fi cauzate de atacurile epileptice,migrene \u015fi de tulbur\u0103rile circula\u0163iei s\u00eengelui \u00een cutia cranian\u0103.<\/span><\/p>\n<h3>Simptome<\/h3>\n<p><span lang=\"ro-RO\">Amnezia poate fi cauzat\u0103 de o traum\u0103 sau o boal\u0103 .\u00cen majoritatea cazurilor deficien\u0163ele de memorie sunt cauzate de afectarea p\u0103r\u0163ii limbice a craniului(hippocampusul,segmentele mediale bazale ale crustei frontale).\u00cen asemenea cazuri omul nu poate memora o informa\u0163ie nou\u0103 \u015fi drept urmare pacientul nu \u0163ine minte evenimentele care s \u2013au petrecut dup\u0103 \u00eenceputul bolii.Acest tip de maladie se nume\u015fte amnezie anterograd\u0103.<\/span><\/p>\n<p><span lang=\"ro-RO\">Capacit\u0103\u0163ile intelectuale,aten\u0163ia \u015fi vorbirea nu sunt tulburate la asemenea persoane \u015fi din aceast\u0103 cauz\u0103 la prima conversa\u0163ie cu a\u015fa oameni ei creaz\u0103 impresia de oameni absolut s\u0103n\u0103to\u015fi \u00eens\u0103 dac\u0103 conversa\u0163ia a fost \u00eentrerupt\u0103 pentru c\u00eeteva minute \u015fi apoi prelungit\u0103,putem observa c\u0103 omul nu \u0163ine minte absolut nimic din cele discutate recent.<\/span><\/p>\n<p><span lang=\"ro-RO\">\u00cen cazul amneziei de tip retrogradat apar abateri mici ce \u0163in de memorarea evenimentelor care au avut loc p\u00een\u0103 la \u00eenceputul bolii.\u00cen cazul acestiu tip se reamintesc mai bine evenimentele ce au avut loc mai de mult dec\u00eet acelea care au avut loc recent.Adeseori asemenea persoane \u00ee\u015fi pot completa evenimentele uitate cu a\u015fa zisele amintiri false. <\/span><\/p>\n<p><span lang=\"ro-RO\">Informa\u0163ia ce \u0163ine de identificarea propriei personalit\u0103\u0163i este destul de constant\u0103 fa\u0163\u0103 de procesele amnezice,aceasta se \u00eent\u00eempl\u0103 cu persoanele care sufer\u0103 de o form\u0103 grav\u0103 de amnezie.<\/span><\/p>\n<p><span lang=\"ro-RO\">Dac\u0103 pacientul sufer\u0103 de amnezie de tip retrogradat cu imposibilitatea de a se identifica pe sine \u00eensu\u015fi sau de a identifica evenimentele importante din via\u0163a personal\u0103 atunci se pune diagnoza de amnezie de genez\u0103 psihogen\u0103 care apare \u00een cazul atacurilor isterice sau a tulbur\u0103rilor psihice.<\/span><\/p>\n<h3>Tipuri de amnezie<\/h3>\n<p><span lang=\"ro-RO\">Se cunosc urm\u0103toarele tipuri de amnezie:<\/span><\/p>\n<ol>\n<li><span lang=\"ro-RO\">Amnezia retrogad\u0103 se caracterizeaz\u0103 prin lapsusurile ce \u0163in de amintirile evenimentelor care au avut loc p\u00een\u0103 la \u00eenceperea bolii.<\/span><\/li>\n<\/ol>\n<ol start=\"2\">\n<li><span lang=\"ro-RO\">Amnezia anterograd\u0103 se caracterizeaz\u0103 prin pierdera capacit\u0103\u0163ii de a memora acele evenimente care au avut loc dup\u0103 \u00eenceputul bolii.Nec\u0103t\u00eend la acest fapt omul poate \u0163ine minte foarte bine toate evenimentele care au avut loc cu mult timp \u00een urm\u0103.Deseori persoana poate suferi simultan at\u00eet de amnezia retrogad\u0103 c\u00eet \u015fi de cea anterograd\u0103.Aceasta se \u00eent\u00eempl\u0103 din cauza c\u0103 a fost afectat hipotalamusul \u015fi p\u0103r\u0163ile temporale medii.<\/span><\/li>\n<\/ol>\n<ol start=\"3\">\n<li><span lang=\"ro-RO\">Amnezia fixativ\u0103 se caracterizeaz\u0103 prin tulbur\u0103ri ce \u0163in de capacitatea de memorare a amintirilor care au loc \u00een momentul de fa\u0163\u0103.A\u015fa stare este o parte component\u0103 a sindromuli Korsacov.<\/span><\/li>\n<\/ol>\n<ol start=\"4\">\n<li><span lang=\"ro-RO\">Amnezia pe fon de traum\u0103 este cauzat\u0103 de traumarea cutiei craniene \u015fi adeseori este diagnosticat\u0103 ca o maladie temporar\u0103.<\/span><\/li>\n<\/ol>\n<ol start=\"5\">\n<li><span lang=\"ro-RO\">Sindromul Korsacov se caracterizeaz\u0103 prin \u00eembinarea amneziei retrograde \u015fi a celei anterograde de form\u0103 acut\u0103 care este provocat\u0103 din cauza lipsei de vitamina B1 \u00een creierul uman \u00een complex cu alte simptome specifice.Cauza cea mai frecvent\u0103 care provoac\u0103 apari\u0163ia acestui simptom este: consumul excesiv de b\u0103uturi alcoolice(alcoolismul). Mai pot fi \u015fi alte cauze ca de exemplu: malnutri\u0163ia sistemic\u0103.<\/span><\/li>\n<\/ol>\n<ol start=\"6\">\n<li><span lang=\"ro-RO\">Amnezia disociat\u0103 se caracterizeaz\u0103 prin uitarea faptelor din via\u0163a personal\u0103,la fel bonavul nu \u0163ine minte nimic din cuno\u015ftin\u0163ele generale acumulate pe parcursul vie\u0163ii.A\u015fa fel de amnezie este diagnosticat\u0103 \u00een urma unei traume psihologice.<\/span><\/li>\n<\/ol>\n<ol start=\"7\">\n<li><span lang=\"ro-RO\">Fuga de tip disaciotiv este o form\u0103 grea a amneziei.Oamenii care sufer\u0103 de maladia \u00een cauz\u0103 foarte des pot f\u0103r\u0103 anume motive s\u0103 plece \u00een alt ora\u015f \u015fi s\u0103 \u00eenceap\u0103 acolo o via\u0163\u0103 nou\u0103 ,uit\u00eend totalmente despre via\u0163a lor de odinioar\u0103,uit\u00eend datele personale chiar \u015fi numele.Foarte des asemenea oameni pot s\u0103 ia un alt nume \u015fi s\u0103 se angajeze la serviciu.A\u015fa stare poate dura de la dou\u0103-trei ore p\u00een\u0103 la c\u00eeteva luni.Uneori poate dura \u015fi un timp mai \u00eendelungat dup\u0103 care ei brusc \u00ee\u015fi aduc aminte de toate evenimentele din via\u0163a lor trecut\u0103 \u015fi uit\u0103 tot ce s-a \u00eent\u00eemplat toat\u0103 perioada c\u00eet a persistat tipul dat de amnezie.<\/span><\/li>\n<\/ol>\n<ol start=\"8\">\n<li><span lang=\"ro-RO\">Amnezia infantil\u0103 se caracterizeaz\u0103 prin incapacitatea omului de a nu-\u015fi aduce aminte toate evenimentele care au avut loc la v\u00eersta pueril\u0103 \u015fi fraged\u0103.Cauza principal\u0103 o constituie dezvoltarea insuficient\u0103 a unor p\u0103r\u0163i componente ale cutiei craniene.<\/span><\/li>\n<\/ol>\n<ol start=\"9\">\n<li><span lang=\"ro-RO\">Amnezia posthipnotic\u0103 se caracterizeaz\u0103 prin incapacitatea omului de a nu-\u015fi aduce aminte toate ac\u0163iunile \u015fi evenimentele care au avut loc cu persoana \u00een timpul unui seans de hipnoz\u0103.<\/span><\/li>\n<\/ol>\n<h3>Tratament<\/h3>\n<p><span lang=\"ro-RO\">\u00cen cazul \u00een care bola nu manifest\u0103 procese progresive ,pentru eficacitatea tratamentului indicat se va indica o cur\u0103 de reabilitare direc\u0163ionat\u0103 pe linia neuropsihologic\u0103. Medicamentele prescrise de medic au scopul de a stopa maladia \u00een cauz\u0103.El indic\u0103 preparate care ar fortifica transmisia colinergic\u0103 a proceselor de percep\u0163ie a creierului.Aceste medicamente ar fi urm\u0103toarele:<\/span><\/p>\n<ul>\n<li><span lang=\"ro-RO\">Piracetam (dou\u0103-patru grame pe zi);<\/span><\/li>\n<li><span lang=\"en-US\">Gliatilina (400-800 de mg. de trei ori pe zi);<\/span><\/li>\n<li><span lang=\"ro-RO\">Piritinol (300-600 de mg. pe zi);<\/span><\/li>\n<li><span lang=\"ro-RO\">Cerebrolisin (10-20 de ml.intravenos);<\/span><\/li>\n<li><span lang=\"ro-RO\">Semax.<\/span><\/li>\n<\/ul>\n","protected":false},"excerpt":{"rendered":"<p>Amnezia se caracterizeaz\u0103 prin absen\u015fa par\u0163ial\u0103 sau total\u0103 a capacit\u0163ii de reamintire a amintirilor \u015fi evenimentelor care au avut loc \u00een trecutul nu prea \u00eendep\u0103rtat.Adeseori aceast\u0103 maladie este \u00eenso\u0163it\u0103 de urm\u0103toarele perturb\u0103ri de tip neuropsihiatric ca:tulbur\u0103rile de vorbire \u015fi a reflexelor mentale ,a percep\u0163iei \u015fi aten\u0163iei sau de perturb\u0103rile de tip afectiv ca:depresia \u015fi st\u0103rile [&hellip;]<\/p>\n","protected":false},"author":28,"featured_media":0,"parent":52978,"menu_order":0,"comment_status":"closed","ping_status":"closed","template":"","meta":{"inline_featured_image":false,"footnotes":""},"class_list":["post-49872","page","type-page","status-publish"],"yoast_head":"<!-- This site is optimized with the Yoast SEO plugin v27.3 - https:\/\/yoast.com\/product\/yoast-seo-wordpress\/ -->\n<title>Amnezia<\/title>\n<meta name=\"description\" content=\"Amnezia se caracterizeaz\u0103 prin absen\u015fa par\u0163ial\u0103 sau total\u0103 a capacit\u0163ii de reamintire a amintirilor \u015fi evenimentelor care au avut loc \u00een trecutul nu prea \u00eendep\u0103rtat.\" \/>\n<meta name=\"robots\" content=\"index, follow, max-snippet:-1, max-image-preview:large, max-video-preview:-1\" \/>\n<link rel=\"canonical\" href=\"https:\/\/sanatate.md\/ro\/boli-si-tratament\/boli-neurologice\/amnezia\/\" \/>\n<meta property=\"og:locale\" content=\"ro_RO\" \/>\n<meta property=\"og:type\" content=\"article\" \/>\n<meta property=\"og:title\" content=\"Amnezia\" \/>\n<meta property=\"og:description\" content=\"Amnezia se caracterizeaz\u0103 prin absen\u015fa par\u0163ial\u0103 sau total\u0103 a capacit\u0163ii de reamintire a amintirilor \u015fi evenimentelor care au avut loc \u00een trecutul nu prea \u00eendep\u0103rtat.\" \/>\n<meta property=\"og:url\" content=\"https:\/\/sanatate.md\/ro\/boli-si-tratament\/boli-neurologice\/amnezia\/\" \/>\n<meta property=\"og:site_name\" content=\"Sanatate.md\" \/>\n<meta property=\"article:modified_time\" content=\"2018-02-08T07:12:44+00:00\" \/>\n<meta name=\"twitter:card\" content=\"summary_large_image\" \/>\n<meta name=\"twitter:label1\" content=\"Timp estimat pentru citire\" \/>\n\t<meta name=\"twitter:data1\" content=\"5 minute\" \/>\n<script type=\"application\/ld+json\" class=\"yoast-schema-graph\">{\"@context\":\"https:\\\/\\\/schema.org\",\"@graph\":[{\"@type\":\"WebPage\",\"@id\":\"https:\\\/\\\/sanatate.md\\\/ro\\\/boli-si-tratament\\\/boli-neurologice\\\/amnezia\\\/\",\"url\":\"https:\\\/\\\/sanatate.md\\\/ro\\\/boli-si-tratament\\\/boli-neurologice\\\/amnezia\\\/\",\"name\":\"Amnezia\",\"isPartOf\":{\"@id\":\"https:\\\/\\\/sanatate.md\\\/ro\\\/#website\"},\"datePublished\":\"2018-01-16T12:23:38+00:00\",\"dateModified\":\"2018-02-08T07:12:44+00:00\",\"description\":\"Amnezia se caracterizeaz\u0103 prin absen\u015fa par\u0163ial\u0103 sau total\u0103 a capacit\u0163ii de reamintire a amintirilor \u015fi evenimentelor care au avut loc \u00een trecutul nu prea \u00eendep\u0103rtat.\",\"breadcrumb\":{\"@id\":\"https:\\\/\\\/sanatate.md\\\/ro\\\/boli-si-tratament\\\/boli-neurologice\\\/amnezia\\\/#breadcrumb\"},\"inLanguage\":\"ro-RO\",\"potentialAction\":[{\"@type\":\"ReadAction\",\"target\":[\"https:\\\/\\\/sanatate.md\\\/ro\\\/boli-si-tratament\\\/boli-neurologice\\\/amnezia\\\/\"]}]},{\"@type\":\"BreadcrumbList\",\"@id\":\"https:\\\/\\\/sanatate.md\\\/ro\\\/boli-si-tratament\\\/boli-neurologice\\\/amnezia\\\/#breadcrumb\",\"itemListElement\":[{\"@type\":\"ListItem\",\"position\":1,\"name\":\"\u0413\u043b\u0430\u0432\u043d\u0430\u044f \u0441\u0442\u0440\u0430\u043d\u0438\u0446\u0430\",\"item\":\"https:\\\/\\\/sanatate.md\\\/ro\\\/\"},{\"@type\":\"ListItem\",\"position\":2,\"name\":\"Boli si tratament\",\"item\":\"https:\\\/\\\/sanatate.md\\\/ro\\\/boli-si-tratament\\\/\"},{\"@type\":\"ListItem\",\"position\":3,\"name\":\"Boli neurologice\",\"item\":\"https:\\\/\\\/sanatate.md\\\/ro\\\/boli-si-tratament\\\/boli-neurologice\\\/\"},{\"@type\":\"ListItem\",\"position\":4,\"name\":\"Amnezia\"}]},{\"@type\":\"WebSite\",\"@id\":\"https:\\\/\\\/sanatate.md\\\/ro\\\/#website\",\"url\":\"https:\\\/\\\/sanatate.md\\\/ro\\\/\",\"name\":\"Sanatate.md\",\"description\":\"\u0416\u0443\u0440\u043d\u0430\u043b \u0434\u043b\u044f \u0432\u0441\u0435\u0439 \u0441\u0435\u043c\u044c\u0438 \u0432 \u041c\u043e\u043b\u0434\u043e\u0432\u0435\",\"publisher\":{\"@id\":\"https:\\\/\\\/sanatate.md\\\/ro\\\/#organization\"},\"potentialAction\":[{\"@type\":\"SearchAction\",\"target\":{\"@type\":\"EntryPoint\",\"urlTemplate\":\"https:\\\/\\\/sanatate.md\\\/ro\\\/?s={search_term_string}\"},\"query-input\":{\"@type\":\"PropertyValueSpecification\",\"valueRequired\":true,\"valueName\":\"search_term_string\"}}],\"inLanguage\":\"ro-RO\"},{\"@type\":\"Organization\",\"@id\":\"https:\\\/\\\/sanatate.md\\\/ro\\\/#organization\",\"name\":\"SANATATE\",\"url\":\"https:\\\/\\\/sanatate.md\\\/ro\\\/\",\"logo\":{\"@type\":\"ImageObject\",\"inLanguage\":\"ro-RO\",\"@id\":\"https:\\\/\\\/sanatate.md\\\/ro\\\/#\\\/schema\\\/logo\\\/image\\\/\",\"url\":\"https:\\\/\\\/sanatate.md\\\/wp-content\\\/uploads\\\/2022\\\/01\\\/sanatate-logo.svg\",\"contentUrl\":\"https:\\\/\\\/sanatate.md\\\/wp-content\\\/uploads\\\/2022\\\/01\\\/sanatate-logo.svg\",\"width\":\"1024\",\"height\":\"1024\",\"caption\":\"SANATATE\"},\"image\":{\"@id\":\"https:\\\/\\\/sanatate.md\\\/ro\\\/#\\\/schema\\\/logo\\\/image\\\/\"}}]}<\/script>\n<!-- \/ Yoast SEO plugin. -->","yoast_head_json":{"title":"Amnezia","description":"Amnezia se caracterizeaz\u0103 prin absen\u015fa par\u0163ial\u0103 sau total\u0103 a capacit\u0163ii de reamintire a amintirilor \u015fi evenimentelor care au avut loc \u00een trecutul nu prea \u00eendep\u0103rtat.","robots":{"index":"index","follow":"follow","max-snippet":"max-snippet:-1","max-image-preview":"max-image-preview:large","max-video-preview":"max-video-preview:-1"},"canonical":"https:\/\/sanatate.md\/ro\/boli-si-tratament\/boli-neurologice\/amnezia\/","og_locale":"ro_RO","og_type":"article","og_title":"Amnezia","og_description":"Amnezia se caracterizeaz\u0103 prin absen\u015fa par\u0163ial\u0103 sau total\u0103 a capacit\u0163ii de reamintire a amintirilor \u015fi evenimentelor care au avut loc \u00een trecutul nu prea \u00eendep\u0103rtat.","og_url":"https:\/\/sanatate.md\/ro\/boli-si-tratament\/boli-neurologice\/amnezia\/","og_site_name":"Sanatate.md","article_modified_time":"2018-02-08T07:12:44+00:00","twitter_card":"summary_large_image","twitter_misc":{"Timp estimat pentru citire":"5 minute"},"schema":{"@context":"https:\/\/schema.org","@graph":[{"@type":"WebPage","@id":"https:\/\/sanatate.md\/ro\/boli-si-tratament\/boli-neurologice\/amnezia\/","url":"https:\/\/sanatate.md\/ro\/boli-si-tratament\/boli-neurologice\/amnezia\/","name":"Amnezia","isPartOf":{"@id":"https:\/\/sanatate.md\/ro\/#website"},"datePublished":"2018-01-16T12:23:38+00:00","dateModified":"2018-02-08T07:12:44+00:00","description":"Amnezia se caracterizeaz\u0103 prin absen\u015fa par\u0163ial\u0103 sau total\u0103 a capacit\u0163ii de reamintire a amintirilor \u015fi evenimentelor care au avut loc \u00een trecutul nu prea \u00eendep\u0103rtat.","breadcrumb":{"@id":"https:\/\/sanatate.md\/ro\/boli-si-tratament\/boli-neurologice\/amnezia\/#breadcrumb"},"inLanguage":"ro-RO","potentialAction":[{"@type":"ReadAction","target":["https:\/\/sanatate.md\/ro\/boli-si-tratament\/boli-neurologice\/amnezia\/"]}]},{"@type":"BreadcrumbList","@id":"https:\/\/sanatate.md\/ro\/boli-si-tratament\/boli-neurologice\/amnezia\/#breadcrumb","itemListElement":[{"@type":"ListItem","position":1,"name":"\u0413\u043b\u0430\u0432\u043d\u0430\u044f \u0441\u0442\u0440\u0430\u043d\u0438\u0446\u0430","item":"https:\/\/sanatate.md\/ro\/"},{"@type":"ListItem","position":2,"name":"Boli si tratament","item":"https:\/\/sanatate.md\/ro\/boli-si-tratament\/"},{"@type":"ListItem","position":3,"name":"Boli neurologice","item":"https:\/\/sanatate.md\/ro\/boli-si-tratament\/boli-neurologice\/"},{"@type":"ListItem","position":4,"name":"Amnezia"}]},{"@type":"WebSite","@id":"https:\/\/sanatate.md\/ro\/#website","url":"https:\/\/sanatate.md\/ro\/","name":"Sanatate.md","description":"\u0416\u0443\u0440\u043d\u0430\u043b \u0434\u043b\u044f \u0432\u0441\u0435\u0439 \u0441\u0435\u043c\u044c\u0438 \u0432 \u041c\u043e\u043b\u0434\u043e\u0432\u0435","publisher":{"@id":"https:\/\/sanatate.md\/ro\/#organization"},"potentialAction":[{"@type":"SearchAction","target":{"@type":"EntryPoint","urlTemplate":"https:\/\/sanatate.md\/ro\/?s={search_term_string}"},"query-input":{"@type":"PropertyValueSpecification","valueRequired":true,"valueName":"search_term_string"}}],"inLanguage":"ro-RO"},{"@type":"Organization","@id":"https:\/\/sanatate.md\/ro\/#organization","name":"SANATATE","url":"https:\/\/sanatate.md\/ro\/","logo":{"@type":"ImageObject","inLanguage":"ro-RO","@id":"https:\/\/sanatate.md\/ro\/#\/schema\/logo\/image\/","url":"https:\/\/sanatate.md\/wp-content\/uploads\/2022\/01\/sanatate-logo.svg","contentUrl":"https:\/\/sanatate.md\/wp-content\/uploads\/2022\/01\/sanatate-logo.svg","width":"1024","height":"1024","caption":"SANATATE"},"image":{"@id":"https:\/\/sanatate.md\/ro\/#\/schema\/logo\/image\/"}}]}},"_links":{"self":[{"href":"https:\/\/sanatate.md\/ro\/wp-json\/wp\/v2\/pages\/49872","targetHints":{"allow":["GET"]}}],"collection":[{"href":"https:\/\/sanatate.md\/ro\/wp-json\/wp\/v2\/pages"}],"about":[{"href":"https:\/\/sanatate.md\/ro\/wp-json\/wp\/v2\/types\/page"}],"author":[{"embeddable":true,"href":"https:\/\/sanatate.md\/ro\/wp-json\/wp\/v2\/users\/28"}],"replies":[{"embeddable":true,"href":"https:\/\/sanatate.md\/ro\/wp-json\/wp\/v2\/comments?post=49872"}],"version-history":[{"count":0,"href":"https:\/\/sanatate.md\/ro\/wp-json\/wp\/v2\/pages\/49872\/revisions"}],"up":[{"embeddable":true,"href":"https:\/\/sanatate.md\/ro\/wp-json\/wp\/v2\/pages\/52978"}],"wp:attachment":[{"href":"https:\/\/sanatate.md\/ro\/wp-json\/wp\/v2\/media?parent=49872"}],"curies":[{"name":"wp","href":"https:\/\/api.w.org\/{rel}","templated":true}]}}