{"id":49877,"date":"2018-01-16T15:49:35","date_gmt":"2018-01-16T12:49:35","guid":{"rendered":"https:\/\/sanatate.md\/?page_id=49877"},"modified":"2018-01-16T16:57:05","modified_gmt":"2018-01-16T13:57:05","slug":"apendicita","status":"publish","type":"page","link":"https:\/\/sanatate.md\/ro\/boli-si-tratament\/conditii-de-urgenta\/apendicita\/","title":{"rendered":"Apendicita"},"content":{"rendered":"<p>Apendicita este o maladie care se manifest\u0103 prin inflamarea apendexului . Aceasta este una dintre cele mai r\u0103sp\u00eendite boli a intestinului .\u00cen cazul \u00een care a fost depistat\u0103 aceast\u0103 inflama\u0163ie se necesit\u0103 o interven\u0163ie chirurgical\u0103 de urgen\u0163\u0103.<\/p>\n<h3>Apendicita: simptome<\/h3>\n<p>Simptomele apendicitei acute:<\/p>\n<ul>\n<li>Senza\u0163ii dureroase \u00een partea superioar\u0103 a abdomenului sau \u00een regiunea cordonului ombilical,iar \u00een unele cazuri e imposibil de determinat localizarea durerii. Treptat boala va trece \u00een partea dreapt\u0103 ceea ce constituie o simptom\u0103 specific\u0103 pentru maladia \u00een cauz\u0103.Durerea se caracterizeaz\u0103 prin un parcurs moderat \u015fi se acutizeaz\u0103 doar atunci c\u00eend omul \u00ee\u015fi schimb\u0103 pozi\u0163ia corpului sau c\u00eend tu\u015fe\u015fte.Dac\u0103 boala \u00eencepe s\u0103 progreseze atunci durearea poate s\u0103 dispar\u0103 definitiv \u015fi aceasta constituie un factor destul de dificil \u00een stabilirea diagnozei.Cauza progresiei este determinat\u0103 de faptul c\u0103 termina\u0163iile nervoase ale apendixului se imortalizeaz\u0103 \u015fi aceasta poate duce la peritonit\u0103 sau obstruc\u0163ii intestinale.<\/li>\n<li>Tulbur\u0103rile dispeptice se caracterizeaz\u0103 prin:senza\u0163ii de grea\u0163\u0103,vom\u0103 singular\u0103,usc\u0103ciune \u00een cavitatea bucal\u0103,pierderea poftei de m\u00eencare,scaun de consisten\u0163\u0103 lichid\u0103,ridicarea febrei,dec\u0103deri de tensiune arterial\u0103,respira\u0163ie instabil\u0103 \u015fi b\u0103t\u0103i frecvente de inim\u0103.<\/li>\n<\/ul>\n<p>Semnele formei cronice ale apendicitei se manifest\u0103 foarte slab,acestea de regul\u0103 pot fi:senza\u0163ii de dureri moderate care se pot acutiza \u00een cazul celui mai mic efort fizic.<\/p>\n<h3>Forme<\/h3>\n<p>Medicina contemporan\u0103 \u00eei contribuie maladiei \u00een cauz\u0103 patru forme:<\/p>\n<ul>\n<li>Forma cataral\u0103 care se caracterizeaz\u0103 prin un proces de infiltrare care se manifest\u0103 prin faptul c\u0103 leucocitele p\u0103trund \u00een mucoasa apendixului,<\/li>\n<li>Forma gangrenoas\u0103 se caracterizeaz\u0103 prin necroza \u0163esuturilor articulare a pere\u0163ilor apendixului.Aceasta duce la infiltrarea leucocitelor \u015fi se declan\u015feaz\u0103 peritonita,<\/li>\n<li>Forma flegmonoas\u0103 se caracterizeaz\u0103 prin p\u0103trunderea leucocitelor \u00een toate straturile apendixuli,<\/li>\n<li>Forma perforativ\u0103 se caracterizeaz\u0103 prin perforarea pere\u0163ilor apendixului \u015fi prin urmare are loc inflama\u0163ia peritoneului.<\/li>\n<\/ul>\n<h3>Apendicita: cauze<\/h3>\n<p>Cauzele apari\u0163ie apendicitei sunt determinate de urm\u0103torii factori:<\/p>\n<ul>\n<li>Perturbarea sistemului imunitar care duce la o sensibilitate crescut\u0103 a pere\u0163ilor apendixului ceea ce determin\u0103 apari\u0163ia bolilor infec\u0163ioase ;<\/li>\n<li>Strangularea lumenului apendicular;<\/li>\n<li>Scaunele ce au o structur\u0103 tare \u015fi groas\u0103;<\/li>\n<li>Bolile parazitare ce duc la deteriorarea \u0163esuturilor articulare ale apendixului fapt care este urmat de apari\u0163ia infec\u0163iilor de form\u0103 bacterial\u0103;<\/li>\n<li>Ascaridioza-boal\u0103 care este provocat\u0103 de ascaride;<\/li>\n<li>Opistorhoza-boal\u0103 care este provocat\u0103 de platelmin\u0163i;<\/li>\n<li>Enterobioza-boal\u0103 care este provocat\u0103 de oxiuri;<\/li>\n<li>Lamblioza-boal\u0103 care este provocat\u0103 de lamblii;<\/li>\n<li>Neoplasmele \u00een intestin,vezica urinar\u0103 \u015fi rinichi;<\/li>\n<li>Prezen\u0163a corpurilor str\u0103ine(de exemplu:s\u00eemburi de vi\u015fin\u0103) care duc la multiplicarea activ\u0103 a bacteriilor \u015fi a microorganismelor<br \/>\nd\u0103un\u0103toare.<\/li>\n<\/ul>\n<p>Dilatarea apendixului vermicular provoac\u0103 o circula\u0163ie sanguin\u0103 nu prea eficient\u0103 pentru organismul uman \u015fi ca rezultat se \u00eencepe procesul inflamator care duce la afectarea celulelor nervoase \u015fi apari\u0163ia durerilor de diferite intensit\u0103\u0163i.Dac\u0103 nu se va face un tratament atunci apendixul se va acoperi cu o mas\u0103 purulent\u0103 ceea ce va aduce la peritonit\u0103.<\/p>\n<p>Aceast\u0103 maladie poate fi provocat\u0103 \u015fi de urm\u0103toarele boli infec\u0163ioase ca:<\/p>\n<ul>\n<li>Tuberculoza-o boal\u0103 care se caracterizeaz\u0103 prin afectarea \u0163esuturilor pl\u0103m\u00eenilor,a sistemului osos,a rinichilor \u015fi a intestinului;<\/li>\n<li>Iersinioza;<\/li>\n<li>Tifosul abdominal;<\/li>\n<li>Vasculita-este un proces inflamator care afecteaz\u0103 vasele sangvine.<\/li>\n<\/ul>\n<h3>Diagnosticare<\/h3>\n<p>Metode de diagnosticare:<\/p>\n<ul>\n<li>Analiza semnelor clinice \u015fi a pl\u00eengerilor pacientului;<\/li>\n<li>Analiza bolilor de care a suferit pacientul:a celor din copil\u0103rie(mai ales acele infec\u0163ioase) \u015fi a interven\u0163iilor chirurgicale;<\/li>\n<li>Analiza istoriilor bolilor membrilor familiei;<\/li>\n<li>Examinarea de c\u0103tre chirurg \u015fi terapeut;<\/li>\n<li>Simptomul Coher care se caracterizeaz\u0103 prin str\u0103mutarea senza\u0163iilor de durere \u00een partea inferioar\u0103 a abdomenului;<\/li>\n<li>Simptomul Mendel care se manifest\u0103 prin senza\u0163ii dureroase la palparea p\u0103r\u0163ii frontale a peretelui abdominal ;<\/li>\n<li>Simptomul Setchin-Blumberg :apar dureri bru\u015fte la \u00eendep\u0103rtarea m\u00eeinii din partea iliac\u0103 dreapt\u0103;<\/li>\n<li>Simptomul Sitcovschi se manifest\u0103 prin sporirea senza\u0163iilor de durere c\u00eend pacientul se \u00eentoarce \u00een partea st\u00eeng\u0103.<\/li>\n<\/ul>\n<p>\u00cen calitate de diagnosticare de laborator se utilizeaz\u0103 urm\u0103toarele metode:<\/p>\n<ul>\n<li>Analiza s\u00eengelui care va da posibilitatea s\u0103 se stabileasc\u0103 inflama\u0163ia,m\u0103rirea nivelului de leucocite;<\/li>\n<li>Biochimia care ne ofer\u0103 posibilitatea s\u0103 stabilim tulbur\u0103rile \u00een func\u0163ionarea organelor interne;<\/li>\n<li>Analiza maselor fecale care ne permit s\u0103 determin\u0103m dac\u0103 sunt sau nu s\u00eenger\u0103ri \u00een tractul gastro-intestinal;<\/li>\n<li>Coprograma care ne permite s\u0103 depist\u0103m buc\u0103\u0163ile de m\u00eencare care nu s \u2013au supus digestiei;<\/li>\n<li>Analiza urinei care ne permite s\u0103 \u0163inem sub control starea organelor din tractul urinar;<\/li>\n<li>Diagnosticarea apartenen\u0163ei parazi\u0163ilor \u00een organism;<\/li>\n<li>Ultrasonografia cavit\u00ee\u0163ii abdominale pentru a determina existen\u0163a holecistitei sau pancreatitei sub form\u0103 acut\u0103;<\/li>\n<li>Ultasonografia apendixului care ne d\u0103 posibilitatea s\u0103 stabilim localizarea acestuia;<\/li>\n<li>Examinarea roentghen a cavit\u0103\u0163ii abdominale,<\/li>\n<li>Electrocardiograma este obligatorie deoarece senza\u0163iile de durere pot fi \u015fi cauza unui atac de cord.<\/li>\n<\/ul>\n<h3>Tratament<\/h3>\n<p>Tratarea formei acute de apendicit\u0103 este realizat\u0103 doar prin intermediul interven\u0163iei chirurgicale.<\/p>\n<h3>Complica\u0163ii<\/h3>\n<p>Dup\u0103 interven\u0163ia de \u00eendep\u0103rtare a apendixului pot ap\u0103rea urm\u0103toarele complica\u0163ii:<\/p>\n<ul>\n<li>Supura\u0163ia r\u0103nii;<\/li>\n<li>Inflama\u0163ia cavit\u0103\u0163ii abdominale ca rezultat a apari\u0163iei peritonitei;<\/li>\n<li>Fuziuni \u00eentre apendix \u015fi alte organe care sunt prin apropiere;<\/li>\n<li>Apari\u0163ia inflama\u0163iei purulente;<\/li>\n<li>Procese inflamatorii ale peritoneului \u00een regiunea apendixului;<\/li>\n<li>S\u00eenger\u0103ri \u00een peritoneu,<\/li>\n<li>Supura\u0163ia suturilor dinjurul r\u0103nii,<\/li>\n<li>Formarea adeziunilor;<\/li>\n<li>Spargerea peritoneului \u015fi ie\u015firea masei purulente \u015fi a maselor fecale;<\/li>\n<li>Apari\u0163ia sepsisului,<\/li>\n<li>Piloflobita de form\u0103 purulent\u0103;<\/li>\n<li>Apendicita de form\u0103 cronic\u0103;<\/li>\n<li>Tromboza.<\/li>\n<\/ul>\n<h3>M\u0103suri profilactice.<\/h3>\n<p>O profilactic\u0103 anume la ora actual\u0103,din p\u0103cate nu exist\u0103.E necesar totu\u015fi:<\/p>\n<ul>\n<li>S\u0103 ne aliment\u0103m ra\u0163ional \u015fi echilibrat,s\u0103 includem \u00een ra\u0163ia noastr\u0103 legume \u015fi fructe,s\u0103 elimin\u0103m m\u00eencarea fierbinte,picant\u0103,afumat\u0103 \u015fi pr\u0103jit\u0103;<\/li>\n<li>La timp s\u0103 trat\u0103m focarele infec\u0163ioase ca de exemplu:tonizilita de form\u0103 cronic\u0103 \u015fi inflamarea rinichilor,<\/li>\n<\/ul>\n<p>S\u0103 trat\u0103m bolile parazitare ca: ascaridioza \u015fi enterobioza.<\/p>\n","protected":false},"excerpt":{"rendered":"<p>Apendicita este o maladie care se manifest\u0103 prin inflamarea apendexului . Aceasta este una dintre cele mai r\u0103sp\u00eendite boli a intestinului .\u00cen cazul \u00een care a fost depistat\u0103 aceast\u0103 inflama\u0163ie se necesit\u0103 o interven\u0163ie chirurgical\u0103 de urgen\u0163\u0103. Apendicita: simptome Simptomele apendicitei acute: Senza\u0163ii dureroase \u00een partea superioar\u0103 a abdomenului sau \u00een regiunea cordonului ombilical,iar \u00een [&hellip;]<\/p>\n","protected":false},"author":28,"featured_media":0,"parent":53017,"menu_order":0,"comment_status":"closed","ping_status":"closed","template":"","meta":{"inline_featured_image":false,"footnotes":""},"class_list":["post-49877","page","type-page","status-publish"],"yoast_head":"<!-- This site is optimized with the Yoast SEO plugin v27.3 - https:\/\/yoast.com\/product\/yoast-seo-wordpress\/ -->\n<title>Apendicita<\/title>\n<meta name=\"description\" content=\"Apendicita este o maladie care se manifest\u0103 prin inflamarea apendexului . Aceasta este una dintre cele mai r\u0103sp\u00eendite boli a intestinului .\u00cen cazul \u00een care a fost depistat\u0103 aceast\u0103 inflama\u0163ie se necesit\u0103 o interven\u0163ie chirurgical\u0103 de urgen\u0163\u0103. Apendicita:simptome\" \/>\n<meta name=\"robots\" content=\"index, follow, max-snippet:-1, max-image-preview:large, max-video-preview:-1\" \/>\n<link rel=\"canonical\" href=\"https:\/\/sanatate.md\/ro\/boli-si-tratament\/conditii-de-urgenta\/apendicita\/\" \/>\n<meta property=\"og:locale\" content=\"ro_RO\" \/>\n<meta property=\"og:type\" content=\"article\" \/>\n<meta property=\"og:title\" content=\"Apendicita\" \/>\n<meta property=\"og:description\" content=\"Apendicita este o maladie care se manifest\u0103 prin inflamarea apendexului . Aceasta este una dintre cele mai r\u0103sp\u00eendite boli a intestinului .\u00cen cazul \u00een care a fost depistat\u0103 aceast\u0103 inflama\u0163ie se necesit\u0103 o interven\u0163ie chirurgical\u0103 de urgen\u0163\u0103. Apendicita:simptome\" \/>\n<meta property=\"og:url\" content=\"https:\/\/sanatate.md\/ro\/boli-si-tratament\/conditii-de-urgenta\/apendicita\/\" \/>\n<meta property=\"og:site_name\" content=\"Sanatate.md\" \/>\n<meta property=\"article:modified_time\" content=\"2018-01-16T13:57:05+00:00\" \/>\n<meta name=\"twitter:card\" content=\"summary_large_image\" \/>\n<meta name=\"twitter:label1\" content=\"Timp estimat pentru citire\" \/>\n\t<meta name=\"twitter:data1\" content=\"5 minute\" \/>\n<script type=\"application\/ld+json\" class=\"yoast-schema-graph\">{\"@context\":\"https:\\\/\\\/schema.org\",\"@graph\":[{\"@type\":\"WebPage\",\"@id\":\"https:\\\/\\\/sanatate.md\\\/ro\\\/boli-si-tratament\\\/conditii-de-urgenta\\\/apendicita\\\/\",\"url\":\"https:\\\/\\\/sanatate.md\\\/ro\\\/boli-si-tratament\\\/conditii-de-urgenta\\\/apendicita\\\/\",\"name\":\"Apendicita\",\"isPartOf\":{\"@id\":\"https:\\\/\\\/sanatate.md\\\/ro\\\/#website\"},\"datePublished\":\"2018-01-16T12:49:35+00:00\",\"dateModified\":\"2018-01-16T13:57:05+00:00\",\"description\":\"Apendicita este o maladie care se manifest\u0103 prin inflamarea apendexului . Aceasta este una dintre cele mai r\u0103sp\u00eendite boli a intestinului .\u00cen cazul \u00een care a fost depistat\u0103 aceast\u0103 inflama\u0163ie se necesit\u0103 o interven\u0163ie chirurgical\u0103 de urgen\u0163\u0103. Apendicita:simptome\",\"breadcrumb\":{\"@id\":\"https:\\\/\\\/sanatate.md\\\/ro\\\/boli-si-tratament\\\/conditii-de-urgenta\\\/apendicita\\\/#breadcrumb\"},\"inLanguage\":\"ro-RO\",\"potentialAction\":[{\"@type\":\"ReadAction\",\"target\":[\"https:\\\/\\\/sanatate.md\\\/ro\\\/boli-si-tratament\\\/conditii-de-urgenta\\\/apendicita\\\/\"]}]},{\"@type\":\"BreadcrumbList\",\"@id\":\"https:\\\/\\\/sanatate.md\\\/ro\\\/boli-si-tratament\\\/conditii-de-urgenta\\\/apendicita\\\/#breadcrumb\",\"itemListElement\":[{\"@type\":\"ListItem\",\"position\":1,\"name\":\"\u0413\u043b\u0430\u0432\u043d\u0430\u044f \u0441\u0442\u0440\u0430\u043d\u0438\u0446\u0430\",\"item\":\"https:\\\/\\\/sanatate.md\\\/ro\\\/\"},{\"@type\":\"ListItem\",\"position\":2,\"name\":\"Boli si tratament\",\"item\":\"https:\\\/\\\/sanatate.md\\\/ro\\\/boli-si-tratament\\\/\"},{\"@type\":\"ListItem\",\"position\":3,\"name\":\"Condi\u021bii de urgen\u021b\u0103\",\"item\":\"https:\\\/\\\/sanatate.md\\\/ro\\\/boli-si-tratament\\\/conditii-de-urgenta\\\/\"},{\"@type\":\"ListItem\",\"position\":4,\"name\":\"Apendicita\"}]},{\"@type\":\"WebSite\",\"@id\":\"https:\\\/\\\/sanatate.md\\\/ro\\\/#website\",\"url\":\"https:\\\/\\\/sanatate.md\\\/ro\\\/\",\"name\":\"Sanatate.md\",\"description\":\"\u0416\u0443\u0440\u043d\u0430\u043b \u0434\u043b\u044f \u0432\u0441\u0435\u0439 \u0441\u0435\u043c\u044c\u0438 \u0432 \u041c\u043e\u043b\u0434\u043e\u0432\u0435\",\"publisher\":{\"@id\":\"https:\\\/\\\/sanatate.md\\\/ro\\\/#organization\"},\"potentialAction\":[{\"@type\":\"SearchAction\",\"target\":{\"@type\":\"EntryPoint\",\"urlTemplate\":\"https:\\\/\\\/sanatate.md\\\/ro\\\/?s={search_term_string}\"},\"query-input\":{\"@type\":\"PropertyValueSpecification\",\"valueRequired\":true,\"valueName\":\"search_term_string\"}}],\"inLanguage\":\"ro-RO\"},{\"@type\":\"Organization\",\"@id\":\"https:\\\/\\\/sanatate.md\\\/ro\\\/#organization\",\"name\":\"SANATATE\",\"url\":\"https:\\\/\\\/sanatate.md\\\/ro\\\/\",\"logo\":{\"@type\":\"ImageObject\",\"inLanguage\":\"ro-RO\",\"@id\":\"https:\\\/\\\/sanatate.md\\\/ro\\\/#\\\/schema\\\/logo\\\/image\\\/\",\"url\":\"https:\\\/\\\/sanatate.md\\\/wp-content\\\/uploads\\\/2022\\\/01\\\/sanatate-logo.svg\",\"contentUrl\":\"https:\\\/\\\/sanatate.md\\\/wp-content\\\/uploads\\\/2022\\\/01\\\/sanatate-logo.svg\",\"width\":\"1024\",\"height\":\"1024\",\"caption\":\"SANATATE\"},\"image\":{\"@id\":\"https:\\\/\\\/sanatate.md\\\/ro\\\/#\\\/schema\\\/logo\\\/image\\\/\"}}]}<\/script>\n<!-- \/ Yoast SEO plugin. -->","yoast_head_json":{"title":"Apendicita","description":"Apendicita este o maladie care se manifest\u0103 prin inflamarea apendexului . Aceasta este una dintre cele mai r\u0103sp\u00eendite boli a intestinului .\u00cen cazul \u00een care a fost depistat\u0103 aceast\u0103 inflama\u0163ie se necesit\u0103 o interven\u0163ie chirurgical\u0103 de urgen\u0163\u0103. Apendicita:simptome","robots":{"index":"index","follow":"follow","max-snippet":"max-snippet:-1","max-image-preview":"max-image-preview:large","max-video-preview":"max-video-preview:-1"},"canonical":"https:\/\/sanatate.md\/ro\/boli-si-tratament\/conditii-de-urgenta\/apendicita\/","og_locale":"ro_RO","og_type":"article","og_title":"Apendicita","og_description":"Apendicita este o maladie care se manifest\u0103 prin inflamarea apendexului . Aceasta este una dintre cele mai r\u0103sp\u00eendite boli a intestinului .\u00cen cazul \u00een care a fost depistat\u0103 aceast\u0103 inflama\u0163ie se necesit\u0103 o interven\u0163ie chirurgical\u0103 de urgen\u0163\u0103. Apendicita:simptome","og_url":"https:\/\/sanatate.md\/ro\/boli-si-tratament\/conditii-de-urgenta\/apendicita\/","og_site_name":"Sanatate.md","article_modified_time":"2018-01-16T13:57:05+00:00","twitter_card":"summary_large_image","twitter_misc":{"Timp estimat pentru citire":"5 minute"},"schema":{"@context":"https:\/\/schema.org","@graph":[{"@type":"WebPage","@id":"https:\/\/sanatate.md\/ro\/boli-si-tratament\/conditii-de-urgenta\/apendicita\/","url":"https:\/\/sanatate.md\/ro\/boli-si-tratament\/conditii-de-urgenta\/apendicita\/","name":"Apendicita","isPartOf":{"@id":"https:\/\/sanatate.md\/ro\/#website"},"datePublished":"2018-01-16T12:49:35+00:00","dateModified":"2018-01-16T13:57:05+00:00","description":"Apendicita este o maladie care se manifest\u0103 prin inflamarea apendexului . Aceasta este una dintre cele mai r\u0103sp\u00eendite boli a intestinului .\u00cen cazul \u00een care a fost depistat\u0103 aceast\u0103 inflama\u0163ie se necesit\u0103 o interven\u0163ie chirurgical\u0103 de urgen\u0163\u0103. Apendicita:simptome","breadcrumb":{"@id":"https:\/\/sanatate.md\/ro\/boli-si-tratament\/conditii-de-urgenta\/apendicita\/#breadcrumb"},"inLanguage":"ro-RO","potentialAction":[{"@type":"ReadAction","target":["https:\/\/sanatate.md\/ro\/boli-si-tratament\/conditii-de-urgenta\/apendicita\/"]}]},{"@type":"BreadcrumbList","@id":"https:\/\/sanatate.md\/ro\/boli-si-tratament\/conditii-de-urgenta\/apendicita\/#breadcrumb","itemListElement":[{"@type":"ListItem","position":1,"name":"\u0413\u043b\u0430\u0432\u043d\u0430\u044f \u0441\u0442\u0440\u0430\u043d\u0438\u0446\u0430","item":"https:\/\/sanatate.md\/ro\/"},{"@type":"ListItem","position":2,"name":"Boli si tratament","item":"https:\/\/sanatate.md\/ro\/boli-si-tratament\/"},{"@type":"ListItem","position":3,"name":"Condi\u021bii de urgen\u021b\u0103","item":"https:\/\/sanatate.md\/ro\/boli-si-tratament\/conditii-de-urgenta\/"},{"@type":"ListItem","position":4,"name":"Apendicita"}]},{"@type":"WebSite","@id":"https:\/\/sanatate.md\/ro\/#website","url":"https:\/\/sanatate.md\/ro\/","name":"Sanatate.md","description":"\u0416\u0443\u0440\u043d\u0430\u043b \u0434\u043b\u044f \u0432\u0441\u0435\u0439 \u0441\u0435\u043c\u044c\u0438 \u0432 \u041c\u043e\u043b\u0434\u043e\u0432\u0435","publisher":{"@id":"https:\/\/sanatate.md\/ro\/#organization"},"potentialAction":[{"@type":"SearchAction","target":{"@type":"EntryPoint","urlTemplate":"https:\/\/sanatate.md\/ro\/?s={search_term_string}"},"query-input":{"@type":"PropertyValueSpecification","valueRequired":true,"valueName":"search_term_string"}}],"inLanguage":"ro-RO"},{"@type":"Organization","@id":"https:\/\/sanatate.md\/ro\/#organization","name":"SANATATE","url":"https:\/\/sanatate.md\/ro\/","logo":{"@type":"ImageObject","inLanguage":"ro-RO","@id":"https:\/\/sanatate.md\/ro\/#\/schema\/logo\/image\/","url":"https:\/\/sanatate.md\/wp-content\/uploads\/2022\/01\/sanatate-logo.svg","contentUrl":"https:\/\/sanatate.md\/wp-content\/uploads\/2022\/01\/sanatate-logo.svg","width":"1024","height":"1024","caption":"SANATATE"},"image":{"@id":"https:\/\/sanatate.md\/ro\/#\/schema\/logo\/image\/"}}]}},"_links":{"self":[{"href":"https:\/\/sanatate.md\/ro\/wp-json\/wp\/v2\/pages\/49877","targetHints":{"allow":["GET"]}}],"collection":[{"href":"https:\/\/sanatate.md\/ro\/wp-json\/wp\/v2\/pages"}],"about":[{"href":"https:\/\/sanatate.md\/ro\/wp-json\/wp\/v2\/types\/page"}],"author":[{"embeddable":true,"href":"https:\/\/sanatate.md\/ro\/wp-json\/wp\/v2\/users\/28"}],"replies":[{"embeddable":true,"href":"https:\/\/sanatate.md\/ro\/wp-json\/wp\/v2\/comments?post=49877"}],"version-history":[{"count":0,"href":"https:\/\/sanatate.md\/ro\/wp-json\/wp\/v2\/pages\/49877\/revisions"}],"up":[{"embeddable":true,"href":"https:\/\/sanatate.md\/ro\/wp-json\/wp\/v2\/pages\/53017"}],"wp:attachment":[{"href":"https:\/\/sanatate.md\/ro\/wp-json\/wp\/v2\/media?parent=49877"}],"curies":[{"name":"wp","href":"https:\/\/api.w.org\/{rel}","templated":true}]}}