{"id":49915,"date":"2018-01-16T16:48:17","date_gmt":"2018-01-16T13:48:17","guid":{"rendered":"https:\/\/sanatate.md\/?page_id=49915"},"modified":"2018-01-16T16:51:36","modified_gmt":"2018-01-16T13:51:36","slug":"sindromul-alcoolic-la-fat","status":"publish","type":"page","link":"https:\/\/sanatate.md\/ro\/boli-si-tratament\/bolile-copiilor\/sindromul-alcoolic-la-fat\/","title":{"rendered":"Sindromul alcoolic la f\u0103t"},"content":{"rendered":"<p align=\"left\"><span lang=\"ro-RO\">Sindromul alcoolic la f\u0103t(embriofetopatia alcoolic\u0103)-sunt ni\u015fte abateri \u00een dezvoltarea f\u0103tului care sunt provocate de influen\u0163a toxic\u0103 a b\u0103uturilor alcoolice \u015fi a produselor de defalcare de c\u0103tre acesta.Deregl\u0103rile ce pot ap\u0103rea pot fi de tip combinat \u015fi aceasta depinde de faptul c\u00eet de des \u015fi \u00een ce cantit\u0103\u0163i consum\u0103 alcool femeia \u00eens\u0103rcinat\u0103.<\/span><\/p>\n<h3>Cauzele patologiilor<\/h3>\n<p align=\"left\"><span lang=\"ro-RO\">Un mod de viat\u0103 nes\u0103n\u0103tos ca :consumul \u00een exces de alcool al unei viitoare m\u0103mici este cauza esen\u0163ial\u0103 a faptului c\u0103 f\u0103tul nu se dezvolt\u0103 normal.Acetaldehida are particularitatea de a p\u0103trunde prin placent\u0103 \u015fi acest fapt genereaz\u0103 apari\u0163ia hipoglicemiei alcoolice,se perturbeaz\u0103 aprovizionarea transplacentar\u0103 cu aminoacizii necesari f\u0103tului la fel \u015fi a fermen\u0163ilor,vitaminelor \u015fi a altor substan\u0163e utile \u015fi drept rezultat se dezvolt\u0103 sindromul alcoolic al f\u0103tului.<\/span><\/p>\n<p align=\"left\"><span lang=\"ro-RO\">De regul\u0103 c\u00eend femeia sufer\u0103 de alcoolism frecven\u0163a \u015fi cantitatea b\u0103uturilor consumate cre\u015fte de la zi la zi ceea ce influen\u0163eaz\u0103 destul de negativ asupra dezvolt\u0103rii f\u0103tului \u015fi respectiv aceasta duce la anumite perturb\u0103ri \u00een dezvoltarea nou-n\u0103scutului care sunt ireversibile \u015fi care vor r\u00eem\u0103ne pe tot parcursul vie\u0163ii sale.<\/span><\/p>\n<h3>Ce reprezint\u0103 aceast\u0103 stare<\/h3>\n<ul>\n<li><span lang=\"ro-RO\">Maladia este diagnosticat\u0103 la micu\u0163ii mamele c\u0103rora \u00een timpul sarcinii \u015fi p\u00een\u0103 a prinde sarcina au consumat b\u0103uturi alcoolice.Imediat dup\u0103 na\u015ftere la nou-n\u0103scutul cu a\u015fa stare boln\u0103vicioas\u0103 este diagnosicat\u0103 abstinen\u0163a care se manifest\u0103 prin tremur,somn nelini\u015ftit,respira\u0163ie deprimat\u0103,dificult\u0103\u0163i la suptul s\u00eenului,hiperflexie \u015fi reducerea tonusului muscular.\u00cen timp ce copilul cre\u015fte apar \u015fi alte patologii. <\/span><\/li>\n<\/ul>\n<h3>Semne ale bolii<\/h3>\n<p align=\"left\"><span lang=\"ro-RO\">Simptomatica st\u0103rii boln\u0103vicioase este urm\u0103toarea:<\/span><\/p>\n<ul>\n<li>\n<p align=\"left\"><span lang=\"ro-RO\">Patologii \u00eenn\u0103scute \u00een dezvoltare;<\/span><\/p>\n<\/li>\n<li>\n<p align=\"left\"><span lang=\"ro-RO\">Masa corpului \u015fi lungimea redus\u0103 la na\u015ftere,<\/span><\/p>\n<\/li>\n<li>\n<p align=\"left\"><span lang=\"en-US\">M\u0103rimea anormal\u0103 a capuli(prea mic);<\/span><\/p>\n<\/li>\n<li>\n<p align=\"left\"><span lang=\"en-US\">Patologii cardiace \u015fi viciu cardiac \u00eenn\u0103scut; <\/span><\/p>\n<\/li>\n<li>\n<p align=\"left\"><span lang=\"ro-RO\">Falangele degetelor \u015fi t\u0103lpile scurte;<\/span><\/p>\n<\/li>\n<li>\n<p align=\"left\"><span lang=\"ro-RO\">Epilepsia;<\/span><\/p>\n<\/li>\n<li>\n<p align=\"left\"><span lang=\"ro-RO\">Organele genitale subdezvoltate,lipsa orificiului anal \u015fi a altor organe;<\/span><\/p>\n<\/li>\n<li>\n<p align=\"left\"><span lang=\"en-US\">Diabateri de la norm\u0103 ce \u0163in de exterior(<\/span><span lang=\"ro-RO\">fisurile \u00eenguste \u015fi mici pentru ochi,sa\u015fietatea,podul nasului concav,buze mari \u015fi convexe);<\/span><\/p>\n<\/li>\n<li>\n<p align=\"left\"><span lang=\"ro-RO\">Fibroza ficatului;<\/span><\/p>\n<\/li>\n<li>\n<p align=\"left\"><span lang=\"ro-RO\">Devieri psihologice de severit\u0103\u0163i diferite ;<\/span><\/p>\n<\/li>\n<li>\n<p align=\"left\"><span lang=\"ro-RO\">Hiperactivitate;<\/span><\/p>\n<\/li>\n<li>\n<p align=\"left\"><span lang=\"ro-RO\">Patologii ale scheletului,displazia oaselor articula\u0163iei \u015foldului,coate care nu se \u00eendoaie;<\/span><\/p>\n<\/li>\n<li>\n<p align=\"left\"><span lang=\"en-US\">Deficien\u0163\u0103 mental\u0103;<\/span><\/p>\n<\/li>\n<li>\n<p align=\"left\"><span lang=\"ro-RO\">Patologii dentare;<\/span><\/p>\n<\/li>\n<li>\n<p align=\"left\"><span lang=\"ro-RO\">Hernii ale cordonului ombilical;<\/span><\/p>\n<\/li>\n<li>\n<p align=\"left\"><span lang=\"ro-RO\">Tulbur\u0103ri \u00een func\u0163ionarea creierului;<\/span><\/p>\n<\/li>\n<li>\n<p align=\"left\"><span lang=\"ro-RO\">Aort\u0103 \u00eengust\u0103;<\/span><\/p>\n<\/li>\n<li>\n<p align=\"left\"><span lang=\"ro-RO\">Buze despicate,gur\u0103 mare;<\/span><\/p>\n<\/li>\n<li>\n<p align=\"left\"><span lang=\"ro-RO\">Comportament neadecvat.<\/span><\/p>\n<\/li>\n<\/ul>\n<p align=\"left\"><span lang=\"ro-RO\">Simptomele mai sus enumerate apar \u015fi se combin\u0103 \u00een mod diferit,totu\u015fi cel mai mult prevaleaz\u0103 patologiile fe\u0163ei \u015fi a craniului,copilul r\u0103m\u00eene \u00een urm\u0103 cu dezvoltarea mental\u0103,este perturbat\u0103 sfera emotiv\u0103 \u015fi func\u0163ionarea sistemului cardio-vascular.Adeseori se \u00eent\u00eempl\u0103 c\u0103 copilul nou-n\u0103scut moare din cauza asfixiei,hipoxiei,na\u015fterii premature,imaturit\u0103\u0163ii func\u0163ionale,tulbur\u0103rilor grave \u015fi a patologiilor care nu sunt compatibile cu via\u0163a.<\/span><\/p>\n<h3>Forme ale st\u0103rii boln\u0103vicioase<\/h3>\n<p align=\"left\"><span lang=\"ro-RO\">Pentru maladia \u00een cauz\u0103 sunt caracteristice urm\u0103toarele forme:<\/span><\/p>\n<ul>\n<li>\n<p align=\"left\"><span lang=\"ro-RO\">U\u015foar\u0103-la copil este diagnosticat\u0103 prehipotrofia \u015fi posthipotrofia(perturb\u0103ri \u00een asimilarea substan\u0163elor folositoare de c\u0103tre f\u0103t \u015fi alimentarea incorect\u0103 a nou-n\u0103scutului) ,microcefalia,deformarea sistemului osos facial \u015fi a cutiei craniene,devieri u\u015foare \u00een psihic\u0103 \u015fi dezvoltarea mental\u0103,\u00eent\u00eerzieri \u00een cre\u015ftere;patologiile serioase absenteaz\u0103;<\/span><\/p>\n<\/li>\n<li>\n<p align=\"left\"><span lang=\"ro-RO\">Medie-se caracterizeaz\u0103 prin simptomele esen\u0163iale ale st\u0103rii boln\u0103vicioase,vicii \u00een structura cutiei craniene \u015fi a fe\u0163ei,devieri \u00een psihic\u0103 \u015fi dezvoltarea fizic\u0103;<\/span><\/p>\n<\/li>\n<li>\n<p align=\"left\"><span lang=\"ro-RO\">Grav\u0103-se caracterizeaz\u0103 prin patologii extrem de grave ce \u0163in de structura \u015fi dezvoltarea diferitor organe,a sistemului nervos central,copilul r\u0103m\u00eene foarte tare \u00een urm\u0103 \u00een dezvoltarea mental\u0103,e posibil debilismul \u015fi demen\u0163a.<\/span><\/p>\n<\/li>\n<\/ul>\n<h3>Diagnosticarea sindromului alcoolic<\/h3>\n<p align=\"left\"><span lang=\"ro-RO\">Diagnoza de sindrom alcoolic fetal este pus\u0103 \u00een cazul \u00een care dac\u0103 la copil s \u2013au manifestat semnele mai sus men\u0163ionate,dac\u0103 copilul are patologii \u00een dezvoltare,el \u00eent\u00eerzie \u00een cre\u015ftere \u015fi dezvoltarea mental\u0103.Diagnoza este pus\u0103 \u00een baza analizelor mamei \u015fi a tabloului clinic.<br \/>\n<\/span><span lang=\"ro-RO\">Tratarea st\u0103rii boln\u0103vicioase<\/span><\/p>\n<p align=\"left\"><span lang=\"ro-RO\">Tratarea este simptomatic\u0103.\u00cen cazul viciului cardiac \u00eenn\u0103scut,buzei despicate,gurii mari,lipsa orificiului anal \u015fi alte patologii atunci se indic\u0103 o interven\u0163ie chirurgical\u0103. <\/span><\/p>\n<h3>Profilactica maladiei<\/h3>\n<p align=\"left\"><span lang=\"ro-RO\">Profilactica sindromului alcoolic a f\u0103tului se bazeaz\u0103 pe exluderea \u00eentrebuin\u0163\u0103rii b\u0103uturilor alcoolice de c\u0103tre femeile \u00eens\u0103rcinate.Aceasta nu este doar o profilactic\u0103 eficient\u0103 \u00eempotriva alcoolismului printre femeile cu v\u00eersta fertil\u0103,dar \u015fi interzicerea consumului pe parcursul sarcinii.Femeile nici nu pot \u015fti prima perioad\u0103 c\u0103 sunt \u00eens\u0103rcinate \u015fi respectiv ar fi de dorit de evitat \u00een genere consumul de b\u0103uturi alcoolice.F\u0103tul este destul de sensibil mai ales \u00een primul semestru de sarcin\u0103.\u00cen zona de risc intr\u0103 femeile care sufer\u0103 de alcoolism \u015fi nu contenesc s\u0103 consume alcool chiar \u015fi \u00een timpul sarcinii.Problema aceasta poate s\u0103 se atribuie \u015fi la femeile care doar \u015fi-au permis s\u0103 consume doar pur simbolic. <\/span><\/p>\n<p align=\"left\"><span lang=\"ro-RO\">Speciali\u015ftii disting urm\u0103toarele categorii de femei care ar intra \u00een grupa de risc:<\/span><\/p>\n<ul>\n<li>\n<p align=\"left\"><span lang=\"ro-RO\">Femeile singuratice;<\/span><\/p>\n<\/li>\n<li>\n<p align=\"left\"><span lang=\"ro-RO\">Femeile fum\u0103toare;<\/span><\/p>\n<\/li>\n<li>\n<p align=\"left\"><span lang=\"ro-RO\">Femeile care consum\u0103 \u00een exces;<\/span><\/p>\n<\/li>\n<li>\n<p align=\"left\"><span lang=\"en-US\">Femeile f\u0103r\u0103 un loc de munc\u0103 stabil;<\/span><\/p>\n<\/li>\n<li>\n<p align=\"left\"><span lang=\"en-US\">Femeile,so\u0163ii c\u0103rora sufer\u0103 de alcoolism, <\/span><\/p>\n<\/li>\n<li>\n<p align=\"left\"><span lang=\"ro-RO\">Femeile care au devenit jerfe ale unui incest;<\/span><\/p>\n<\/li>\n<li>\n<p align=\"left\"><span lang=\"ro-RO\">Femeile f\u0103r\u0103 oarecare studii care nu cunosc efectele nocive ale alcoolului asupra organismului \u015fi ce consecin\u015fe negative poate avea acesta asupra viitorului copil;<\/span><\/p>\n<\/li>\n<li>\n<p align=\"left\"><span lang=\"en-US\">Mamele tinere care cuprind v\u00eersta de la 17 p\u00een\u0103 la 32 de ani;<\/span><\/p>\n<\/li>\n<li>\n<p align=\"left\"><span lang=\"en-US\">Fiicile ale c\u0103ror mame fac abuz de alcool;<\/span><\/p>\n<\/li>\n<li>\n<p align=\"left\"><span lang=\"en-US\">Femeile ale c\u0103ror serviciu este legat de condi\u0163iile care creaz\u0103 un nivel ridicat de stres.<\/span><\/p>\n<\/li>\n<\/ul>\n<p align=\"left\"><span lang=\"en-US\">Conform statisticii <\/span><span lang=\"ro-RO\">aproape \u00een fiecare an <\/span><span lang=\"en-US\"> femeile care au v\u00eersta cuprins\u0103 \u00eentre 15-19 ani nasc \u00een jur de un million de copii.Dar anume la aceast\u0103 v\u00eerst\u0103 este foarte r\u0103sp\u00eendit consumul de b\u0103uturi alcoolice \u015fi sarcina nu este planificat\u0103 \u015fi respectiv se nasc copii cu diferite patologii. <\/span><\/p>\n","protected":false},"excerpt":{"rendered":"<p>Sindromul alcoolic la f\u0103t(embriofetopatia alcoolic\u0103)-sunt ni\u015fte abateri \u00een dezvoltarea f\u0103tului care sunt provocate de influen\u0163a toxic\u0103 a b\u0103uturilor alcoolice \u015fi a produselor de defalcare de c\u0103tre acesta.Deregl\u0103rile ce pot ap\u0103rea pot fi de tip combinat \u015fi aceasta depinde de faptul c\u00eet de des \u015fi \u00een ce cantit\u0103\u0163i consum\u0103 alcool femeia \u00eens\u0103rcinat\u0103. Cauzele patologiilor Un mod [&hellip;]<\/p>\n","protected":false},"author":28,"featured_media":0,"parent":43635,"menu_order":0,"comment_status":"closed","ping_status":"closed","template":"","meta":{"inline_featured_image":false,"footnotes":""},"class_list":["post-49915","page","type-page","status-publish"],"yoast_head":"<!-- This site is optimized with the Yoast SEO plugin v27.3 - https:\/\/yoast.com\/product\/yoast-seo-wordpress\/ -->\n<title>Sindromul alcoolic la f\u0103t<\/title>\n<meta name=\"description\" content=\"Sindromul alcoolic la f\u0103t(embriofetopatia alcoolic\u0103)-sunt ni\u015fte abateri \u00een dezvoltarea f\u0103tului care sunt provocate de influen\u0163a toxic\u0103 a b\u0103uturilor alcoolice \u015fi a produselor de defalcare de c\u0103tre acesta.\" \/>\n<meta name=\"robots\" content=\"index, follow, max-snippet:-1, max-image-preview:large, max-video-preview:-1\" \/>\n<link rel=\"canonical\" href=\"https:\/\/sanatate.md\/ro\/boli-si-tratament\/bolile-copiilor\/sindromul-alcoolic-la-fat\/\" \/>\n<meta property=\"og:locale\" content=\"ro_RO\" \/>\n<meta property=\"og:type\" content=\"article\" \/>\n<meta property=\"og:title\" content=\"Sindromul alcoolic la f\u0103t\" \/>\n<meta property=\"og:description\" content=\"Sindromul alcoolic la f\u0103t(embriofetopatia alcoolic\u0103)-sunt ni\u015fte abateri \u00een dezvoltarea f\u0103tului care sunt provocate de influen\u0163a toxic\u0103 a b\u0103uturilor alcoolice \u015fi a produselor de defalcare de c\u0103tre acesta.\" \/>\n<meta property=\"og:url\" content=\"https:\/\/sanatate.md\/ro\/boli-si-tratament\/bolile-copiilor\/sindromul-alcoolic-la-fat\/\" \/>\n<meta property=\"og:site_name\" content=\"Sanatate.md\" \/>\n<meta property=\"article:modified_time\" content=\"2018-01-16T13:51:36+00:00\" \/>\n<meta name=\"twitter:card\" content=\"summary_large_image\" \/>\n<meta name=\"twitter:label1\" content=\"Timp estimat pentru citire\" \/>\n\t<meta name=\"twitter:data1\" content=\"5 minute\" \/>\n<script type=\"application\/ld+json\" class=\"yoast-schema-graph\">{\"@context\":\"https:\\\/\\\/schema.org\",\"@graph\":[{\"@type\":\"WebPage\",\"@id\":\"https:\\\/\\\/sanatate.md\\\/ro\\\/boli-si-tratament\\\/bolile-copiilor\\\/sindromul-alcoolic-la-fat\\\/\",\"url\":\"https:\\\/\\\/sanatate.md\\\/ro\\\/boli-si-tratament\\\/bolile-copiilor\\\/sindromul-alcoolic-la-fat\\\/\",\"name\":\"Sindromul alcoolic la f\u0103t\",\"isPartOf\":{\"@id\":\"https:\\\/\\\/sanatate.md\\\/ro\\\/#website\"},\"datePublished\":\"2018-01-16T13:48:17+00:00\",\"dateModified\":\"2018-01-16T13:51:36+00:00\",\"description\":\"Sindromul alcoolic la f\u0103t(embriofetopatia alcoolic\u0103)-sunt ni\u015fte abateri \u00een dezvoltarea f\u0103tului care sunt provocate de influen\u0163a toxic\u0103 a b\u0103uturilor alcoolice \u015fi a produselor de defalcare de c\u0103tre acesta.\",\"breadcrumb\":{\"@id\":\"https:\\\/\\\/sanatate.md\\\/ro\\\/boli-si-tratament\\\/bolile-copiilor\\\/sindromul-alcoolic-la-fat\\\/#breadcrumb\"},\"inLanguage\":\"ro-RO\",\"potentialAction\":[{\"@type\":\"ReadAction\",\"target\":[\"https:\\\/\\\/sanatate.md\\\/ro\\\/boli-si-tratament\\\/bolile-copiilor\\\/sindromul-alcoolic-la-fat\\\/\"]}]},{\"@type\":\"BreadcrumbList\",\"@id\":\"https:\\\/\\\/sanatate.md\\\/ro\\\/boli-si-tratament\\\/bolile-copiilor\\\/sindromul-alcoolic-la-fat\\\/#breadcrumb\",\"itemListElement\":[{\"@type\":\"ListItem\",\"position\":1,\"name\":\"\u0413\u043b\u0430\u0432\u043d\u0430\u044f \u0441\u0442\u0440\u0430\u043d\u0438\u0446\u0430\",\"item\":\"https:\\\/\\\/sanatate.md\\\/ro\\\/\"},{\"@type\":\"ListItem\",\"position\":2,\"name\":\"Boli si tratament\",\"item\":\"https:\\\/\\\/sanatate.md\\\/ro\\\/boli-si-tratament\\\/\"},{\"@type\":\"ListItem\",\"position\":3,\"name\":\"Bolile copiilor\",\"item\":\"https:\\\/\\\/sanatate.md\\\/ro\\\/boli-si-tratament\\\/bolile-copiilor\\\/\"},{\"@type\":\"ListItem\",\"position\":4,\"name\":\"Sindromul alcoolic la f\u0103t\"}]},{\"@type\":\"WebSite\",\"@id\":\"https:\\\/\\\/sanatate.md\\\/ro\\\/#website\",\"url\":\"https:\\\/\\\/sanatate.md\\\/ro\\\/\",\"name\":\"Sanatate.md\",\"description\":\"\u0416\u0443\u0440\u043d\u0430\u043b \u0434\u043b\u044f \u0432\u0441\u0435\u0439 \u0441\u0435\u043c\u044c\u0438 \u0432 \u041c\u043e\u043b\u0434\u043e\u0432\u0435\",\"publisher\":{\"@id\":\"https:\\\/\\\/sanatate.md\\\/ro\\\/#organization\"},\"potentialAction\":[{\"@type\":\"SearchAction\",\"target\":{\"@type\":\"EntryPoint\",\"urlTemplate\":\"https:\\\/\\\/sanatate.md\\\/ro\\\/?s={search_term_string}\"},\"query-input\":{\"@type\":\"PropertyValueSpecification\",\"valueRequired\":true,\"valueName\":\"search_term_string\"}}],\"inLanguage\":\"ro-RO\"},{\"@type\":\"Organization\",\"@id\":\"https:\\\/\\\/sanatate.md\\\/ro\\\/#organization\",\"name\":\"SANATATE\",\"url\":\"https:\\\/\\\/sanatate.md\\\/ro\\\/\",\"logo\":{\"@type\":\"ImageObject\",\"inLanguage\":\"ro-RO\",\"@id\":\"https:\\\/\\\/sanatate.md\\\/ro\\\/#\\\/schema\\\/logo\\\/image\\\/\",\"url\":\"https:\\\/\\\/sanatate.md\\\/wp-content\\\/uploads\\\/2022\\\/01\\\/sanatate-logo.svg\",\"contentUrl\":\"https:\\\/\\\/sanatate.md\\\/wp-content\\\/uploads\\\/2022\\\/01\\\/sanatate-logo.svg\",\"width\":\"1024\",\"height\":\"1024\",\"caption\":\"SANATATE\"},\"image\":{\"@id\":\"https:\\\/\\\/sanatate.md\\\/ro\\\/#\\\/schema\\\/logo\\\/image\\\/\"}}]}<\/script>\n<!-- \/ Yoast SEO plugin. -->","yoast_head_json":{"title":"Sindromul alcoolic la f\u0103t","description":"Sindromul alcoolic la f\u0103t(embriofetopatia alcoolic\u0103)-sunt ni\u015fte abateri \u00een dezvoltarea f\u0103tului care sunt provocate de influen\u0163a toxic\u0103 a b\u0103uturilor alcoolice \u015fi a produselor de defalcare de c\u0103tre acesta.","robots":{"index":"index","follow":"follow","max-snippet":"max-snippet:-1","max-image-preview":"max-image-preview:large","max-video-preview":"max-video-preview:-1"},"canonical":"https:\/\/sanatate.md\/ro\/boli-si-tratament\/bolile-copiilor\/sindromul-alcoolic-la-fat\/","og_locale":"ro_RO","og_type":"article","og_title":"Sindromul alcoolic la f\u0103t","og_description":"Sindromul alcoolic la f\u0103t(embriofetopatia alcoolic\u0103)-sunt ni\u015fte abateri \u00een dezvoltarea f\u0103tului care sunt provocate de influen\u0163a toxic\u0103 a b\u0103uturilor alcoolice \u015fi a produselor de defalcare de c\u0103tre acesta.","og_url":"https:\/\/sanatate.md\/ro\/boli-si-tratament\/bolile-copiilor\/sindromul-alcoolic-la-fat\/","og_site_name":"Sanatate.md","article_modified_time":"2018-01-16T13:51:36+00:00","twitter_card":"summary_large_image","twitter_misc":{"Timp estimat pentru citire":"5 minute"},"schema":{"@context":"https:\/\/schema.org","@graph":[{"@type":"WebPage","@id":"https:\/\/sanatate.md\/ro\/boli-si-tratament\/bolile-copiilor\/sindromul-alcoolic-la-fat\/","url":"https:\/\/sanatate.md\/ro\/boli-si-tratament\/bolile-copiilor\/sindromul-alcoolic-la-fat\/","name":"Sindromul alcoolic la f\u0103t","isPartOf":{"@id":"https:\/\/sanatate.md\/ro\/#website"},"datePublished":"2018-01-16T13:48:17+00:00","dateModified":"2018-01-16T13:51:36+00:00","description":"Sindromul alcoolic la f\u0103t(embriofetopatia alcoolic\u0103)-sunt ni\u015fte abateri \u00een dezvoltarea f\u0103tului care sunt provocate de influen\u0163a toxic\u0103 a b\u0103uturilor alcoolice \u015fi a produselor de defalcare de c\u0103tre acesta.","breadcrumb":{"@id":"https:\/\/sanatate.md\/ro\/boli-si-tratament\/bolile-copiilor\/sindromul-alcoolic-la-fat\/#breadcrumb"},"inLanguage":"ro-RO","potentialAction":[{"@type":"ReadAction","target":["https:\/\/sanatate.md\/ro\/boli-si-tratament\/bolile-copiilor\/sindromul-alcoolic-la-fat\/"]}]},{"@type":"BreadcrumbList","@id":"https:\/\/sanatate.md\/ro\/boli-si-tratament\/bolile-copiilor\/sindromul-alcoolic-la-fat\/#breadcrumb","itemListElement":[{"@type":"ListItem","position":1,"name":"\u0413\u043b\u0430\u0432\u043d\u0430\u044f \u0441\u0442\u0440\u0430\u043d\u0438\u0446\u0430","item":"https:\/\/sanatate.md\/ro\/"},{"@type":"ListItem","position":2,"name":"Boli si tratament","item":"https:\/\/sanatate.md\/ro\/boli-si-tratament\/"},{"@type":"ListItem","position":3,"name":"Bolile copiilor","item":"https:\/\/sanatate.md\/ro\/boli-si-tratament\/bolile-copiilor\/"},{"@type":"ListItem","position":4,"name":"Sindromul alcoolic la f\u0103t"}]},{"@type":"WebSite","@id":"https:\/\/sanatate.md\/ro\/#website","url":"https:\/\/sanatate.md\/ro\/","name":"Sanatate.md","description":"\u0416\u0443\u0440\u043d\u0430\u043b \u0434\u043b\u044f \u0432\u0441\u0435\u0439 \u0441\u0435\u043c\u044c\u0438 \u0432 \u041c\u043e\u043b\u0434\u043e\u0432\u0435","publisher":{"@id":"https:\/\/sanatate.md\/ro\/#organization"},"potentialAction":[{"@type":"SearchAction","target":{"@type":"EntryPoint","urlTemplate":"https:\/\/sanatate.md\/ro\/?s={search_term_string}"},"query-input":{"@type":"PropertyValueSpecification","valueRequired":true,"valueName":"search_term_string"}}],"inLanguage":"ro-RO"},{"@type":"Organization","@id":"https:\/\/sanatate.md\/ro\/#organization","name":"SANATATE","url":"https:\/\/sanatate.md\/ro\/","logo":{"@type":"ImageObject","inLanguage":"ro-RO","@id":"https:\/\/sanatate.md\/ro\/#\/schema\/logo\/image\/","url":"https:\/\/sanatate.md\/wp-content\/uploads\/2022\/01\/sanatate-logo.svg","contentUrl":"https:\/\/sanatate.md\/wp-content\/uploads\/2022\/01\/sanatate-logo.svg","width":"1024","height":"1024","caption":"SANATATE"},"image":{"@id":"https:\/\/sanatate.md\/ro\/#\/schema\/logo\/image\/"}}]}},"_links":{"self":[{"href":"https:\/\/sanatate.md\/ro\/wp-json\/wp\/v2\/pages\/49915","targetHints":{"allow":["GET"]}}],"collection":[{"href":"https:\/\/sanatate.md\/ro\/wp-json\/wp\/v2\/pages"}],"about":[{"href":"https:\/\/sanatate.md\/ro\/wp-json\/wp\/v2\/types\/page"}],"author":[{"embeddable":true,"href":"https:\/\/sanatate.md\/ro\/wp-json\/wp\/v2\/users\/28"}],"replies":[{"embeddable":true,"href":"https:\/\/sanatate.md\/ro\/wp-json\/wp\/v2\/comments?post=49915"}],"version-history":[{"count":0,"href":"https:\/\/sanatate.md\/ro\/wp-json\/wp\/v2\/pages\/49915\/revisions"}],"up":[{"embeddable":true,"href":"https:\/\/sanatate.md\/ro\/wp-json\/wp\/v2\/pages\/43635"}],"wp:attachment":[{"href":"https:\/\/sanatate.md\/ro\/wp-json\/wp\/v2\/media?parent=49915"}],"curies":[{"name":"wp","href":"https:\/\/api.w.org\/{rel}","templated":true}]}}