{"id":49926,"date":"2018-01-16T17:37:49","date_gmt":"2018-01-16T14:37:49","guid":{"rendered":"https:\/\/sanatate.md\/?page_id=49926"},"modified":"2018-01-16T17:45:29","modified_gmt":"2018-01-16T14:45:29","slug":"atrofia-musculara","status":"publish","type":"page","link":"https:\/\/sanatate.md\/ro\/boli-si-tratament\/boli-comune\/atrofia-musculara\/","title":{"rendered":"Atrofia muscular\u0103"},"content":{"rendered":"<p>Atrofia muscular\u0103 se caracterizeaz\u0103 prin sl\u0103birea \u015fi mic\u015forarea dimensiunilor masei musculare ca rezultat al unei imobilit\u0103\u0163i \u00eendelungate sau a unei lipse de ac\u0163iuni. La diminuarea puterilor sau reducerea activit\u0103\u0163ii mu\u015fchilor pot contribui chiar \u015fi cele mai mici modific\u0103ri atrofice.<\/p>\n<p>\u00cen majoritatea cazurilor atrofia muscular\u0103 este provocat\u0103 de leziunile neuromusculare sau de o traum\u0103 fizic\u0103. Maladia dat\u0103 mai poate ap\u0103rea pe fondalul tulbur\u0103rilor sistemului endocrin \u015fi a celui de schimb al substan\u0163elor, dar \u015fi din cauza imobilit\u0103\u0163ii \u00eendelungate.<br \/>\nUnele forme de atrofie muscular\u0103 sunt specifice doar pentru persoanele \u00een etate.<\/p>\n<h3>Cauzele apari\u0163iei<\/h3>\n<p>\u00cen cazul \u00een care fibrele musculare nu vor fi supuse o perioad\u0103 \u00eendelungat\u0103 unui efort fizic atunci cu timpul ele se vor mic\u015fora \u00een dimensiuni \u015fi lungime. \u00cen a\u015fa fel se va observa o mic\u015forare vizual\u0103 a dimensiunilor musculare \u015fi a contururilor acestora \u015fi vor ap\u0103rea procese de deformare \u00een zonele afectate.<\/p>\n<h3>Simptome<\/h3>\n<p>La stadiul incipient de atrofiere a mu\u015fchilor am putea men\u0163iona urm\u0103toarele simptome esen\u0163iale:<\/p>\n<ul>\n<li>Istovirea patologic\u0103 a sistemului muscular a membrelor inferioare \u00een cazul unui efort fizic \u00eendelungat; de exemplu: \u00een timpul mersului sau a alerg\u0103rii;<\/li>\n<li>Ticuri nervoase musculare care apar spontan.<\/li>\n<\/ul>\n<p>Simptomul vizual a apari\u0163iei maladiei date este m\u0103rirea mu\u015fchilor de tip gastrocnemius. La \u00eenceput procesele de atrofiere se localizeaz\u0103 \u00een mu\u015fchii proximali din organele inferioare, coapse \u015fi pelvis \u015fi aceste procese de regul\u0103 sunt simetrice. Apari\u0163ia la a\u015fa fel de atrofii se datoreaz\u0103 faptului c\u0103 sunt limitate mi\u015fc\u0103rile \u00een picioare: apar dificult\u0103\u0163i atunci c\u00eend e cazul s\u0103 urc\u0103m ni\u015fte sc\u0103ri \u015fi s\u0103 ne ridic\u0103m de pe o suprafa\u0163\u0103 orizontal\u0103. Cu timpul la persoana care sufer\u0103 de maladia dat\u0103 se poate schimba \u015fi mersul.<\/p>\n","protected":false},"excerpt":{"rendered":"<p>Atrofia muscular\u0103 se caracterizeaz\u0103 prin sl\u0103birea \u015fi mic\u015forarea dimensiunilor masei musculare ca rezultat al unei imobilit\u0103\u0163i \u00eendelungate sau a unei lipse de ac\u0163iuni. La diminuarea puterilor sau reducerea activit\u0103\u0163ii mu\u015fchilor pot contribui chiar \u015fi cele mai mici modific\u0103ri atrofice. \u00cen majoritatea cazurilor atrofia muscular\u0103 este provocat\u0103 de leziunile neuromusculare sau de o traum\u0103 fizic\u0103. Maladia [&hellip;]<\/p>\n","protected":false},"author":28,"featured_media":0,"parent":53020,"menu_order":0,"comment_status":"closed","ping_status":"closed","template":"","meta":{"inline_featured_image":false,"footnotes":""},"class_list":["post-49926","page","type-page","status-publish"],"yoast_head":"<!-- This site is optimized with the Yoast SEO plugin v27.3 - https:\/\/yoast.com\/product\/yoast-seo-wordpress\/ -->\n<title>Atrofia muscular\u0103 | Sanatate.md<\/title>\n<meta name=\"robots\" content=\"index, follow, max-snippet:-1, max-image-preview:large, max-video-preview:-1\" \/>\n<link rel=\"canonical\" href=\"https:\/\/sanatate.md\/ro\/boli-si-tratament\/boli-comune\/atrofia-musculara\/\" \/>\n<meta property=\"og:locale\" content=\"ro_RO\" \/>\n<meta property=\"og:type\" content=\"article\" \/>\n<meta property=\"og:title\" content=\"Atrofia muscular\u0103 | Sanatate.md\" \/>\n<meta property=\"og:description\" content=\"Atrofia muscular\u0103 se caracterizeaz\u0103 prin sl\u0103birea \u015fi mic\u015forarea dimensiunilor masei musculare ca rezultat al unei imobilit\u0103\u0163i \u00eendelungate sau a unei lipse de ac\u0163iuni. La diminuarea puterilor sau reducerea activit\u0103\u0163ii mu\u015fchilor pot contribui chiar \u015fi cele mai mici modific\u0103ri atrofice. \u00cen majoritatea cazurilor atrofia muscular\u0103 este provocat\u0103 de leziunile neuromusculare sau de o traum\u0103 fizic\u0103. Maladia [&hellip;]\" \/>\n<meta property=\"og:url\" content=\"https:\/\/sanatate.md\/ro\/boli-si-tratament\/boli-comune\/atrofia-musculara\/\" \/>\n<meta property=\"og:site_name\" content=\"Sanatate.md\" \/>\n<meta property=\"article:modified_time\" content=\"2018-01-16T14:45:29+00:00\" \/>\n<meta name=\"twitter:card\" content=\"summary_large_image\" \/>\n<meta name=\"twitter:label1\" content=\"Timp estimat pentru citire\" \/>\n\t<meta name=\"twitter:data1\" content=\"2 minute\" \/>\n<script type=\"application\/ld+json\" class=\"yoast-schema-graph\">{\"@context\":\"https:\\\/\\\/schema.org\",\"@graph\":[{\"@type\":\"WebPage\",\"@id\":\"https:\\\/\\\/sanatate.md\\\/ro\\\/boli-si-tratament\\\/boli-comune\\\/atrofia-musculara\\\/\",\"url\":\"https:\\\/\\\/sanatate.md\\\/ro\\\/boli-si-tratament\\\/boli-comune\\\/atrofia-musculara\\\/\",\"name\":\"Atrofia muscular\u0103 | Sanatate.md\",\"isPartOf\":{\"@id\":\"https:\\\/\\\/sanatate.md\\\/ro\\\/#website\"},\"datePublished\":\"2018-01-16T14:37:49+00:00\",\"dateModified\":\"2018-01-16T14:45:29+00:00\",\"breadcrumb\":{\"@id\":\"https:\\\/\\\/sanatate.md\\\/ro\\\/boli-si-tratament\\\/boli-comune\\\/atrofia-musculara\\\/#breadcrumb\"},\"inLanguage\":\"ro-RO\",\"potentialAction\":[{\"@type\":\"ReadAction\",\"target\":[\"https:\\\/\\\/sanatate.md\\\/ro\\\/boli-si-tratament\\\/boli-comune\\\/atrofia-musculara\\\/\"]}]},{\"@type\":\"BreadcrumbList\",\"@id\":\"https:\\\/\\\/sanatate.md\\\/ro\\\/boli-si-tratament\\\/boli-comune\\\/atrofia-musculara\\\/#breadcrumb\",\"itemListElement\":[{\"@type\":\"ListItem\",\"position\":1,\"name\":\"\u0413\u043b\u0430\u0432\u043d\u0430\u044f \u0441\u0442\u0440\u0430\u043d\u0438\u0446\u0430\",\"item\":\"https:\\\/\\\/sanatate.md\\\/ro\\\/\"},{\"@type\":\"ListItem\",\"position\":2,\"name\":\"Boli si tratament\",\"item\":\"https:\\\/\\\/sanatate.md\\\/ro\\\/boli-si-tratament\\\/\"},{\"@type\":\"ListItem\",\"position\":3,\"name\":\"Boli comune\",\"item\":\"https:\\\/\\\/sanatate.md\\\/ro\\\/boli-si-tratament\\\/boli-comune\\\/\"},{\"@type\":\"ListItem\",\"position\":4,\"name\":\"Atrofia muscular\u0103\"}]},{\"@type\":\"WebSite\",\"@id\":\"https:\\\/\\\/sanatate.md\\\/ro\\\/#website\",\"url\":\"https:\\\/\\\/sanatate.md\\\/ro\\\/\",\"name\":\"Sanatate.md\",\"description\":\"\u0416\u0443\u0440\u043d\u0430\u043b \u0434\u043b\u044f \u0432\u0441\u0435\u0439 \u0441\u0435\u043c\u044c\u0438 \u0432 \u041c\u043e\u043b\u0434\u043e\u0432\u0435\",\"publisher\":{\"@id\":\"https:\\\/\\\/sanatate.md\\\/ro\\\/#organization\"},\"potentialAction\":[{\"@type\":\"SearchAction\",\"target\":{\"@type\":\"EntryPoint\",\"urlTemplate\":\"https:\\\/\\\/sanatate.md\\\/ro\\\/?s={search_term_string}\"},\"query-input\":{\"@type\":\"PropertyValueSpecification\",\"valueRequired\":true,\"valueName\":\"search_term_string\"}}],\"inLanguage\":\"ro-RO\"},{\"@type\":\"Organization\",\"@id\":\"https:\\\/\\\/sanatate.md\\\/ro\\\/#organization\",\"name\":\"SANATATE\",\"url\":\"https:\\\/\\\/sanatate.md\\\/ro\\\/\",\"logo\":{\"@type\":\"ImageObject\",\"inLanguage\":\"ro-RO\",\"@id\":\"https:\\\/\\\/sanatate.md\\\/ro\\\/#\\\/schema\\\/logo\\\/image\\\/\",\"url\":\"https:\\\/\\\/sanatate.md\\\/wp-content\\\/uploads\\\/2022\\\/01\\\/sanatate-logo.svg\",\"contentUrl\":\"https:\\\/\\\/sanatate.md\\\/wp-content\\\/uploads\\\/2022\\\/01\\\/sanatate-logo.svg\",\"width\":\"1024\",\"height\":\"1024\",\"caption\":\"SANATATE\"},\"image\":{\"@id\":\"https:\\\/\\\/sanatate.md\\\/ro\\\/#\\\/schema\\\/logo\\\/image\\\/\"}}]}<\/script>\n<!-- \/ Yoast SEO plugin. -->","yoast_head_json":{"title":"Atrofia muscular\u0103 | Sanatate.md","robots":{"index":"index","follow":"follow","max-snippet":"max-snippet:-1","max-image-preview":"max-image-preview:large","max-video-preview":"max-video-preview:-1"},"canonical":"https:\/\/sanatate.md\/ro\/boli-si-tratament\/boli-comune\/atrofia-musculara\/","og_locale":"ro_RO","og_type":"article","og_title":"Atrofia muscular\u0103 | Sanatate.md","og_description":"Atrofia muscular\u0103 se caracterizeaz\u0103 prin sl\u0103birea \u015fi mic\u015forarea dimensiunilor masei musculare ca rezultat al unei imobilit\u0103\u0163i \u00eendelungate sau a unei lipse de ac\u0163iuni. La diminuarea puterilor sau reducerea activit\u0103\u0163ii mu\u015fchilor pot contribui chiar \u015fi cele mai mici modific\u0103ri atrofice. \u00cen majoritatea cazurilor atrofia muscular\u0103 este provocat\u0103 de leziunile neuromusculare sau de o traum\u0103 fizic\u0103. Maladia [&hellip;]","og_url":"https:\/\/sanatate.md\/ro\/boli-si-tratament\/boli-comune\/atrofia-musculara\/","og_site_name":"Sanatate.md","article_modified_time":"2018-01-16T14:45:29+00:00","twitter_card":"summary_large_image","twitter_misc":{"Timp estimat pentru citire":"2 minute"},"schema":{"@context":"https:\/\/schema.org","@graph":[{"@type":"WebPage","@id":"https:\/\/sanatate.md\/ro\/boli-si-tratament\/boli-comune\/atrofia-musculara\/","url":"https:\/\/sanatate.md\/ro\/boli-si-tratament\/boli-comune\/atrofia-musculara\/","name":"Atrofia muscular\u0103 | Sanatate.md","isPartOf":{"@id":"https:\/\/sanatate.md\/ro\/#website"},"datePublished":"2018-01-16T14:37:49+00:00","dateModified":"2018-01-16T14:45:29+00:00","breadcrumb":{"@id":"https:\/\/sanatate.md\/ro\/boli-si-tratament\/boli-comune\/atrofia-musculara\/#breadcrumb"},"inLanguage":"ro-RO","potentialAction":[{"@type":"ReadAction","target":["https:\/\/sanatate.md\/ro\/boli-si-tratament\/boli-comune\/atrofia-musculara\/"]}]},{"@type":"BreadcrumbList","@id":"https:\/\/sanatate.md\/ro\/boli-si-tratament\/boli-comune\/atrofia-musculara\/#breadcrumb","itemListElement":[{"@type":"ListItem","position":1,"name":"\u0413\u043b\u0430\u0432\u043d\u0430\u044f \u0441\u0442\u0440\u0430\u043d\u0438\u0446\u0430","item":"https:\/\/sanatate.md\/ro\/"},{"@type":"ListItem","position":2,"name":"Boli si tratament","item":"https:\/\/sanatate.md\/ro\/boli-si-tratament\/"},{"@type":"ListItem","position":3,"name":"Boli comune","item":"https:\/\/sanatate.md\/ro\/boli-si-tratament\/boli-comune\/"},{"@type":"ListItem","position":4,"name":"Atrofia muscular\u0103"}]},{"@type":"WebSite","@id":"https:\/\/sanatate.md\/ro\/#website","url":"https:\/\/sanatate.md\/ro\/","name":"Sanatate.md","description":"\u0416\u0443\u0440\u043d\u0430\u043b \u0434\u043b\u044f \u0432\u0441\u0435\u0439 \u0441\u0435\u043c\u044c\u0438 \u0432 \u041c\u043e\u043b\u0434\u043e\u0432\u0435","publisher":{"@id":"https:\/\/sanatate.md\/ro\/#organization"},"potentialAction":[{"@type":"SearchAction","target":{"@type":"EntryPoint","urlTemplate":"https:\/\/sanatate.md\/ro\/?s={search_term_string}"},"query-input":{"@type":"PropertyValueSpecification","valueRequired":true,"valueName":"search_term_string"}}],"inLanguage":"ro-RO"},{"@type":"Organization","@id":"https:\/\/sanatate.md\/ro\/#organization","name":"SANATATE","url":"https:\/\/sanatate.md\/ro\/","logo":{"@type":"ImageObject","inLanguage":"ro-RO","@id":"https:\/\/sanatate.md\/ro\/#\/schema\/logo\/image\/","url":"https:\/\/sanatate.md\/wp-content\/uploads\/2022\/01\/sanatate-logo.svg","contentUrl":"https:\/\/sanatate.md\/wp-content\/uploads\/2022\/01\/sanatate-logo.svg","width":"1024","height":"1024","caption":"SANATATE"},"image":{"@id":"https:\/\/sanatate.md\/ro\/#\/schema\/logo\/image\/"}}]}},"_links":{"self":[{"href":"https:\/\/sanatate.md\/ro\/wp-json\/wp\/v2\/pages\/49926","targetHints":{"allow":["GET"]}}],"collection":[{"href":"https:\/\/sanatate.md\/ro\/wp-json\/wp\/v2\/pages"}],"about":[{"href":"https:\/\/sanatate.md\/ro\/wp-json\/wp\/v2\/types\/page"}],"author":[{"embeddable":true,"href":"https:\/\/sanatate.md\/ro\/wp-json\/wp\/v2\/users\/28"}],"replies":[{"embeddable":true,"href":"https:\/\/sanatate.md\/ro\/wp-json\/wp\/v2\/comments?post=49926"}],"version-history":[{"count":0,"href":"https:\/\/sanatate.md\/ro\/wp-json\/wp\/v2\/pages\/49926\/revisions"}],"up":[{"embeddable":true,"href":"https:\/\/sanatate.md\/ro\/wp-json\/wp\/v2\/pages\/53020"}],"wp:attachment":[{"href":"https:\/\/sanatate.md\/ro\/wp-json\/wp\/v2\/media?parent=49926"}],"curies":[{"name":"wp","href":"https:\/\/api.w.org\/{rel}","templated":true}]}}