{"id":49947,"date":"2018-01-16T18:00:29","date_gmt":"2018-01-16T15:00:29","guid":{"rendered":"https:\/\/sanatate.md\/?page_id=49947"},"modified":"2018-01-16T18:00:29","modified_gmt":"2018-01-16T15:00:29","slug":"bacteriemia","status":"publish","type":"page","link":"https:\/\/sanatate.md\/ro\/boli-si-tratament\/boli-infectioase\/bacteriemia\/","title":{"rendered":"Bacteriemia"},"content":{"rendered":"<p>Bacteriemia se caracterizeaz\u0103 prin existen\u0163a diferitor bacterii \u00een s\u00e2ngele uman.<\/p>\n<h3>Cauzele maladiei<\/h3>\n<p>Omul practic nu poate fi protejat de diferite bacterii. Bacteriile sunt pretutindeni \u015fi p\u0103trund \u00een organismul uman mai ales atunci c\u00eend o persoan\u0103 e infectat\u0103 de boli infec\u0163ioase. Bacteriemia poate \u00eencepe chiar atunci c\u00e2nd o persoan\u0103 \u00ee\u015fi \u00een\u0163eap\u0103 f\u0103lcile deoarece \u00een momentul dat bacilii p\u0103trund \u00een s\u00e2nge.<\/p>\n<p>Focarul bacteriilor este intestinul, \u00eens\u0103 un ficat s\u0103n\u0103tos st\u0103 la straj\u0103 \u015fi le distruge \u015fi nu permite infectarea organismului. Cantitatea acestor microbi \u00een s\u00e2nge depinde de mai mul\u0163i factori: virulen\u0163a bacteriei, starea sistemului imunitar al omului \u015f.a. Dac\u0103 nu se va lua un tratament atunci \u00eencepe s\u0103 se dezvolte forma septic\u0103 a infec\u0163iei \u015fi atunci va fi mult mai greu s\u0103 se fac\u0103 fa\u0163\u0103 bacteriilor \u00een cauz\u0103.<\/p>\n<h3>Simptome<\/h3>\n<p>Un organism s\u0103n\u0103tos face fa\u0163\u0103 foarte u\u015for unei cantit\u0103\u0163i nu prea mare de bacterii \u015fi \u00een cazul dat de regul\u0103 nu se observ\u0103 careva simptome. \u00cen cazul \u00een care \u00eencepe sepsisul \u015fi se dezvolt\u0103 bacteriemia, simptomele apar \u00eendat\u0103: se ridic\u0103 temperatura, se simte o stare general\u0103 de r\u0103u, apar gre\u0163urile, nu sunt excluse diareea \u015fi voma.<\/p>\n<p>Tratamentul trebuie de \u00eenceput imediat ca s\u0103 nu s\u0103 se dea posibilitatea ca infec\u0163ia s\u0103 se r\u0103sp\u00e2ndeasc\u0103 prin tot corpul \u015fi s\u0103 formeze metastaze (p\u0103r\u0163ile secundare ale infec\u0163iei), care pot fi cauza unor a\u015fa maladii grave ca: meningita, pericardita, osteomielita \u015f.a. Masele purulente pot ap\u0103rea pe tot corpul.<\/p>\n<h3>Diagnosticare<\/h3>\n<p>La o persoan\u0103 infectat\u0103 se m\u0103re\u015fte foarte rapid temperatura corpului. Majorarea num\u0103rului de leucocite \u00een s\u00e2nge ne indic\u0103 faptul c\u0103 sepsisul este \u00een proces de dezvoltare. Pentru depistarea bacteriilor care au constituit cauza maladiei se face \u00eensem\u00een\u0163area s\u00eengelui, urinei, a mucoasei din pl\u0103m\u00e2ni \u015fi a maselor purulente din r\u0103ni. Totu\u015fi depistarea bacteriilor este un lucru foarte dificil mai ales atunci c\u00e2nd bolnavul recent a mai luat \u015fi antibiotice.<\/p>\n<h3>Tratament<\/h3>\n<p>Bacteriemia \u00een perioada postchirurgical\u0103 nu necesit\u0103 tratament. Dac\u0103 cauza bolii a fost introducerea cateterului \u00een tractul urinar atunci e destul doar de \u00eenl\u0103turat cateterul \u015fi simptomele foarte repede vor disp\u0103rea de la sine. \u00cen zona de risc nimeresc persoanele cu o imunitate slab\u0103 \u015fi care sufer\u0103 de bolile supapelor cardiace \u015f.a. Pentru profilactic\u0103 categoriei date de pacien\u0163i li se indic\u0103 o cur\u0103 de antibiotice.<\/p>\n","protected":false},"excerpt":{"rendered":"<p>Bacteriemia se caracterizeaz\u0103 prin existen\u0163a diferitor bacterii \u00een s\u00e2ngele uman. Cauzele maladiei Omul practic nu poate fi protejat de diferite bacterii. Bacteriile sunt pretutindeni \u015fi p\u0103trund \u00een organismul uman mai ales atunci c\u00eend o persoan\u0103 e infectat\u0103 de boli infec\u0163ioase. Bacteriemia poate \u00eencepe chiar atunci c\u00e2nd o persoan\u0103 \u00ee\u015fi \u00een\u0163eap\u0103 f\u0103lcile deoarece \u00een momentul dat [&hellip;]<\/p>\n","protected":false},"author":28,"featured_media":34502,"parent":43668,"menu_order":0,"comment_status":"closed","ping_status":"closed","template":"","meta":{"inline_featured_image":false,"footnotes":""},"class_list":["post-49947","page","type-page","status-publish","has-post-thumbnail"],"yoast_head":"<!-- This site is optimized with the Yoast SEO plugin v27.3 - https:\/\/yoast.com\/product\/yoast-seo-wordpress\/ -->\n<title>Bacteriemia<\/title>\n<meta name=\"description\" content=\"Bacteriemia se caracterizeaz\u0103 prin existen\u0163a diferitor bacterii \u00een s\u00e2ngele uman.\" \/>\n<meta name=\"robots\" content=\"index, follow, max-snippet:-1, max-image-preview:large, max-video-preview:-1\" \/>\n<link rel=\"canonical\" href=\"https:\/\/sanatate.md\/ro\/boli-si-tratament\/boli-infectioase\/bacteriemia\/\" \/>\n<meta property=\"og:locale\" content=\"ro_RO\" \/>\n<meta property=\"og:type\" content=\"article\" \/>\n<meta property=\"og:title\" content=\"Bacteriemia\" \/>\n<meta property=\"og:description\" content=\"Bacteriemia se caracterizeaz\u0103 prin existen\u0163a diferitor bacterii \u00een s\u00e2ngele uman.\" \/>\n<meta property=\"og:url\" content=\"https:\/\/sanatate.md\/ro\/boli-si-tratament\/boli-infectioase\/bacteriemia\/\" \/>\n<meta property=\"og:site_name\" content=\"Sanatate.md\" \/>\n<meta property=\"og:image\" content=\"https:\/\/sanatate.md\/wp-content\/uploads\/2016\/08\/photo_24719.jpg\" \/>\n\t<meta property=\"og:image:width\" content=\"1000\" \/>\n\t<meta property=\"og:image:height\" content=\"750\" \/>\n\t<meta property=\"og:image:type\" content=\"image\/jpeg\" \/>\n<meta name=\"twitter:card\" content=\"summary_large_image\" \/>\n<meta name=\"twitter:label1\" content=\"Timp estimat pentru citire\" \/>\n\t<meta name=\"twitter:data1\" content=\"2 minute\" \/>\n<script type=\"application\/ld+json\" class=\"yoast-schema-graph\">{\"@context\":\"https:\\\/\\\/schema.org\",\"@graph\":[{\"@type\":\"WebPage\",\"@id\":\"https:\\\/\\\/sanatate.md\\\/ro\\\/boli-si-tratament\\\/boli-infectioase\\\/bacteriemia\\\/\",\"url\":\"https:\\\/\\\/sanatate.md\\\/ro\\\/boli-si-tratament\\\/boli-infectioase\\\/bacteriemia\\\/\",\"name\":\"Bacteriemia\",\"isPartOf\":{\"@id\":\"https:\\\/\\\/sanatate.md\\\/ro\\\/#website\"},\"primaryImageOfPage\":{\"@id\":\"https:\\\/\\\/sanatate.md\\\/ro\\\/boli-si-tratament\\\/boli-infectioase\\\/bacteriemia\\\/#primaryimage\"},\"image\":{\"@id\":\"https:\\\/\\\/sanatate.md\\\/ro\\\/boli-si-tratament\\\/boli-infectioase\\\/bacteriemia\\\/#primaryimage\"},\"thumbnailUrl\":\"https:\\\/\\\/sanatate.md\\\/wp-content\\\/uploads\\\/2016\\\/08\\\/photo_24719.jpg\",\"datePublished\":\"2018-01-16T15:00:29+00:00\",\"description\":\"Bacteriemia se caracterizeaz\u0103 prin existen\u0163a diferitor bacterii \u00een s\u00e2ngele uman.\",\"breadcrumb\":{\"@id\":\"https:\\\/\\\/sanatate.md\\\/ro\\\/boli-si-tratament\\\/boli-infectioase\\\/bacteriemia\\\/#breadcrumb\"},\"inLanguage\":\"ro-RO\",\"potentialAction\":[{\"@type\":\"ReadAction\",\"target\":[\"https:\\\/\\\/sanatate.md\\\/ro\\\/boli-si-tratament\\\/boli-infectioase\\\/bacteriemia\\\/\"]}]},{\"@type\":\"ImageObject\",\"inLanguage\":\"ro-RO\",\"@id\":\"https:\\\/\\\/sanatate.md\\\/ro\\\/boli-si-tratament\\\/boli-infectioase\\\/bacteriemia\\\/#primaryimage\",\"url\":\"https:\\\/\\\/sanatate.md\\\/wp-content\\\/uploads\\\/2016\\\/08\\\/photo_24719.jpg\",\"contentUrl\":\"https:\\\/\\\/sanatate.md\\\/wp-content\\\/uploads\\\/2016\\\/08\\\/photo_24719.jpg\",\"width\":1000,\"height\":750},{\"@type\":\"BreadcrumbList\",\"@id\":\"https:\\\/\\\/sanatate.md\\\/ro\\\/boli-si-tratament\\\/boli-infectioase\\\/bacteriemia\\\/#breadcrumb\",\"itemListElement\":[{\"@type\":\"ListItem\",\"position\":1,\"name\":\"\u0413\u043b\u0430\u0432\u043d\u0430\u044f \u0441\u0442\u0440\u0430\u043d\u0438\u0446\u0430\",\"item\":\"https:\\\/\\\/sanatate.md\\\/ro\\\/\"},{\"@type\":\"ListItem\",\"position\":2,\"name\":\"Boli si tratament\",\"item\":\"https:\\\/\\\/sanatate.md\\\/ro\\\/boli-si-tratament\\\/\"},{\"@type\":\"ListItem\",\"position\":3,\"name\":\"Boli infec\u021bioase\",\"item\":\"https:\\\/\\\/sanatate.md\\\/ro\\\/boli-si-tratament\\\/boli-infectioase\\\/\"},{\"@type\":\"ListItem\",\"position\":4,\"name\":\"Bacteriemia\"}]},{\"@type\":\"WebSite\",\"@id\":\"https:\\\/\\\/sanatate.md\\\/ro\\\/#website\",\"url\":\"https:\\\/\\\/sanatate.md\\\/ro\\\/\",\"name\":\"Sanatate.md\",\"description\":\"\u0416\u0443\u0440\u043d\u0430\u043b \u0434\u043b\u044f \u0432\u0441\u0435\u0439 \u0441\u0435\u043c\u044c\u0438 \u0432 \u041c\u043e\u043b\u0434\u043e\u0432\u0435\",\"publisher\":{\"@id\":\"https:\\\/\\\/sanatate.md\\\/ro\\\/#organization\"},\"potentialAction\":[{\"@type\":\"SearchAction\",\"target\":{\"@type\":\"EntryPoint\",\"urlTemplate\":\"https:\\\/\\\/sanatate.md\\\/ro\\\/?s={search_term_string}\"},\"query-input\":{\"@type\":\"PropertyValueSpecification\",\"valueRequired\":true,\"valueName\":\"search_term_string\"}}],\"inLanguage\":\"ro-RO\"},{\"@type\":\"Organization\",\"@id\":\"https:\\\/\\\/sanatate.md\\\/ro\\\/#organization\",\"name\":\"SANATATE\",\"url\":\"https:\\\/\\\/sanatate.md\\\/ro\\\/\",\"logo\":{\"@type\":\"ImageObject\",\"inLanguage\":\"ro-RO\",\"@id\":\"https:\\\/\\\/sanatate.md\\\/ro\\\/#\\\/schema\\\/logo\\\/image\\\/\",\"url\":\"https:\\\/\\\/sanatate.md\\\/wp-content\\\/uploads\\\/2022\\\/01\\\/sanatate-logo.svg\",\"contentUrl\":\"https:\\\/\\\/sanatate.md\\\/wp-content\\\/uploads\\\/2022\\\/01\\\/sanatate-logo.svg\",\"width\":\"1024\",\"height\":\"1024\",\"caption\":\"SANATATE\"},\"image\":{\"@id\":\"https:\\\/\\\/sanatate.md\\\/ro\\\/#\\\/schema\\\/logo\\\/image\\\/\"}}]}<\/script>\n<!-- \/ Yoast SEO plugin. -->","yoast_head_json":{"title":"Bacteriemia","description":"Bacteriemia se caracterizeaz\u0103 prin existen\u0163a diferitor bacterii \u00een s\u00e2ngele uman.","robots":{"index":"index","follow":"follow","max-snippet":"max-snippet:-1","max-image-preview":"max-image-preview:large","max-video-preview":"max-video-preview:-1"},"canonical":"https:\/\/sanatate.md\/ro\/boli-si-tratament\/boli-infectioase\/bacteriemia\/","og_locale":"ro_RO","og_type":"article","og_title":"Bacteriemia","og_description":"Bacteriemia se caracterizeaz\u0103 prin existen\u0163a diferitor bacterii \u00een s\u00e2ngele uman.","og_url":"https:\/\/sanatate.md\/ro\/boli-si-tratament\/boli-infectioase\/bacteriemia\/","og_site_name":"Sanatate.md","og_image":[{"width":1000,"height":750,"url":"https:\/\/sanatate.md\/wp-content\/uploads\/2016\/08\/photo_24719.jpg","type":"image\/jpeg"}],"twitter_card":"summary_large_image","twitter_misc":{"Timp estimat pentru citire":"2 minute"},"schema":{"@context":"https:\/\/schema.org","@graph":[{"@type":"WebPage","@id":"https:\/\/sanatate.md\/ro\/boli-si-tratament\/boli-infectioase\/bacteriemia\/","url":"https:\/\/sanatate.md\/ro\/boli-si-tratament\/boli-infectioase\/bacteriemia\/","name":"Bacteriemia","isPartOf":{"@id":"https:\/\/sanatate.md\/ro\/#website"},"primaryImageOfPage":{"@id":"https:\/\/sanatate.md\/ro\/boli-si-tratament\/boli-infectioase\/bacteriemia\/#primaryimage"},"image":{"@id":"https:\/\/sanatate.md\/ro\/boli-si-tratament\/boli-infectioase\/bacteriemia\/#primaryimage"},"thumbnailUrl":"https:\/\/sanatate.md\/wp-content\/uploads\/2016\/08\/photo_24719.jpg","datePublished":"2018-01-16T15:00:29+00:00","description":"Bacteriemia se caracterizeaz\u0103 prin existen\u0163a diferitor bacterii \u00een s\u00e2ngele uman.","breadcrumb":{"@id":"https:\/\/sanatate.md\/ro\/boli-si-tratament\/boli-infectioase\/bacteriemia\/#breadcrumb"},"inLanguage":"ro-RO","potentialAction":[{"@type":"ReadAction","target":["https:\/\/sanatate.md\/ro\/boli-si-tratament\/boli-infectioase\/bacteriemia\/"]}]},{"@type":"ImageObject","inLanguage":"ro-RO","@id":"https:\/\/sanatate.md\/ro\/boli-si-tratament\/boli-infectioase\/bacteriemia\/#primaryimage","url":"https:\/\/sanatate.md\/wp-content\/uploads\/2016\/08\/photo_24719.jpg","contentUrl":"https:\/\/sanatate.md\/wp-content\/uploads\/2016\/08\/photo_24719.jpg","width":1000,"height":750},{"@type":"BreadcrumbList","@id":"https:\/\/sanatate.md\/ro\/boli-si-tratament\/boli-infectioase\/bacteriemia\/#breadcrumb","itemListElement":[{"@type":"ListItem","position":1,"name":"\u0413\u043b\u0430\u0432\u043d\u0430\u044f \u0441\u0442\u0440\u0430\u043d\u0438\u0446\u0430","item":"https:\/\/sanatate.md\/ro\/"},{"@type":"ListItem","position":2,"name":"Boli si tratament","item":"https:\/\/sanatate.md\/ro\/boli-si-tratament\/"},{"@type":"ListItem","position":3,"name":"Boli infec\u021bioase","item":"https:\/\/sanatate.md\/ro\/boli-si-tratament\/boli-infectioase\/"},{"@type":"ListItem","position":4,"name":"Bacteriemia"}]},{"@type":"WebSite","@id":"https:\/\/sanatate.md\/ro\/#website","url":"https:\/\/sanatate.md\/ro\/","name":"Sanatate.md","description":"\u0416\u0443\u0440\u043d\u0430\u043b \u0434\u043b\u044f \u0432\u0441\u0435\u0439 \u0441\u0435\u043c\u044c\u0438 \u0432 \u041c\u043e\u043b\u0434\u043e\u0432\u0435","publisher":{"@id":"https:\/\/sanatate.md\/ro\/#organization"},"potentialAction":[{"@type":"SearchAction","target":{"@type":"EntryPoint","urlTemplate":"https:\/\/sanatate.md\/ro\/?s={search_term_string}"},"query-input":{"@type":"PropertyValueSpecification","valueRequired":true,"valueName":"search_term_string"}}],"inLanguage":"ro-RO"},{"@type":"Organization","@id":"https:\/\/sanatate.md\/ro\/#organization","name":"SANATATE","url":"https:\/\/sanatate.md\/ro\/","logo":{"@type":"ImageObject","inLanguage":"ro-RO","@id":"https:\/\/sanatate.md\/ro\/#\/schema\/logo\/image\/","url":"https:\/\/sanatate.md\/wp-content\/uploads\/2022\/01\/sanatate-logo.svg","contentUrl":"https:\/\/sanatate.md\/wp-content\/uploads\/2022\/01\/sanatate-logo.svg","width":"1024","height":"1024","caption":"SANATATE"},"image":{"@id":"https:\/\/sanatate.md\/ro\/#\/schema\/logo\/image\/"}}]}},"_links":{"self":[{"href":"https:\/\/sanatate.md\/ro\/wp-json\/wp\/v2\/pages\/49947","targetHints":{"allow":["GET"]}}],"collection":[{"href":"https:\/\/sanatate.md\/ro\/wp-json\/wp\/v2\/pages"}],"about":[{"href":"https:\/\/sanatate.md\/ro\/wp-json\/wp\/v2\/types\/page"}],"author":[{"embeddable":true,"href":"https:\/\/sanatate.md\/ro\/wp-json\/wp\/v2\/users\/28"}],"replies":[{"embeddable":true,"href":"https:\/\/sanatate.md\/ro\/wp-json\/wp\/v2\/comments?post=49947"}],"version-history":[{"count":0,"href":"https:\/\/sanatate.md\/ro\/wp-json\/wp\/v2\/pages\/49947\/revisions"}],"up":[{"embeddable":true,"href":"https:\/\/sanatate.md\/ro\/wp-json\/wp\/v2\/pages\/43668"}],"wp:featuredmedia":[{"embeddable":true,"href":"https:\/\/sanatate.md\/ro\/wp-json\/wp\/v2\/media\/34502"}],"wp:attachment":[{"href":"https:\/\/sanatate.md\/ro\/wp-json\/wp\/v2\/media?parent=49947"}],"curies":[{"name":"wp","href":"https:\/\/api.w.org\/{rel}","templated":true}]}}