{"id":49953,"date":"2018-01-16T18:20:59","date_gmt":"2018-01-16T15:20:59","guid":{"rendered":"https:\/\/sanatate.md\/?page_id=49953"},"modified":"2018-09-27T11:13:52","modified_gmt":"2018-09-27T08:13:52","slug":"boala-venerica-nr-4","status":"publish","type":"page","link":"https:\/\/sanatate.md\/ro\/boli-si-tratament\/boli-venerice\/boala-venerica-nr-4\/","title":{"rendered":"Boala veneric\u0103 nr. 4"},"content":{"rendered":"<p>Boala veneric\u0103 nr. 4 este o boal\u0103 infec\u0163ioas\u0103 care este provocat\u0103 de virusul de filtrare \u015fi se transmite pe cale sexual\u0103.<\/p>\n<p>Boala a fost numit\u0103 nr. 4 ca o urmare a altor trei boli venerice de baz\u0103 ca: sifilisul, gonoreea \u015fi ulcerul veneric.<\/p>\n<h3>Cauzele bolii<\/h3>\n<p>Nerespectarea cerin\u0163elor ce \u0163in de sexul protejat.<\/p>\n<h3>Simptome<\/h3>\n<p>Simptomele primare apar \u00eendat\u0103 dup\u0103 infectare sau pe parcursul a patru luni \u015fi foarte des r\u0103m\u00e2n neobservabile: nodule\u0163e mici, ulcere pe organele genitale, \u00een unele cazuri apare uretrita.<\/p>\n<p>Simptomele secundare se manifest\u0103 prin m\u0103rirea \u015fi mole\u015farea nodulilor limfatici din zona inghinal\u0103. Nodulii se inflameaz\u0103, se supureaz\u0103 \u015fi se deschid, din ei se elimin\u0103 mase purulente care au o consisten\u0163\u0103 \u015fi o culoare asem\u0103n\u0103toare cu fri\u015fca.<\/p>\n<p>Dac\u0103 tratamentul nu are loc atunci la femei boala se manifest\u0103 sub forma de inflama\u0163ie cronic\u0103 a stratului cutanat a labiilor \u015fi clitorului. La b\u0103rba\u0163i scrotul \u015fi penisul preiau culoarea filde\u015fului, se \u00eengusteaz\u0103 rectul, apar erup\u0163ii cutanate \u015fi ulcere \u00een zona perineului \u015fi inghinal\u0103.<\/p>\n<h3>Diagnosticare<\/h3>\n<p>Reac\u0163ia pozitiv\u0103 la testul Frei este dovada faptului c\u0103 omul este infectat de aceast\u0103 boal\u0103 periculoas\u0103.Uneori pentru confirmarea faptului c\u0103 boala persist\u0103 e nevoie de extras agentul provocator din locurile afectate de maladia dat\u0103.<\/p>\n<h3>Tratare<\/h3>\n<p>Antibioticele \u015fi sulfonamidele nu dau nici un rezultat. De regul\u0103 se efectuiaz\u0103 o interven\u0163ie chirurgical\u0103 prin intermediul c\u0103reia se \u00eenl\u0103tur\u0103 \u0163esuturile afectate.<\/p>\n","protected":false},"excerpt":{"rendered":"<p>Boala veneric\u0103 nr. 4 este o boal\u0103 infec\u0163ioas\u0103 care este provocat\u0103 de virusul de filtrare \u015fi se transmite pe cale sexual\u0103. Boala a fost numit\u0103 nr. 4 ca o urmare a altor trei boli venerice de baz\u0103 ca: sifilisul, gonoreea \u015fi ulcerul veneric. Cauzele bolii Nerespectarea cerin\u0163elor ce \u0163in de sexul protejat. Simptome Simptomele primare [&hellip;]<\/p>\n","protected":false},"author":28,"featured_media":0,"parent":43639,"menu_order":0,"comment_status":"closed","ping_status":"closed","template":"","meta":{"inline_featured_image":false,"footnotes":""},"class_list":["post-49953","page","type-page","status-publish"],"yoast_head":"<!-- This site is optimized with the Yoast SEO plugin v27.3 - https:\/\/yoast.com\/product\/yoast-seo-wordpress\/ -->\n<title>Boala veneric\u0103 nr. 4<\/title>\n<meta name=\"description\" content=\"Boala veneric\u0103 nr. 4 este o boal\u0103 infec\u0163ioas\u0103 care este provocat\u0103 de virusul de filtrare \u015fi se transmite pe cale sexual\u0103.\" \/>\n<meta name=\"robots\" content=\"index, follow, max-snippet:-1, max-image-preview:large, max-video-preview:-1\" \/>\n<link rel=\"canonical\" href=\"https:\/\/sanatate.md\/ro\/boli-si-tratament\/boli-venerice\/boala-venerica-nr-4\/\" \/>\n<meta property=\"og:locale\" content=\"ro_RO\" \/>\n<meta property=\"og:type\" content=\"article\" \/>\n<meta property=\"og:title\" content=\"Boala veneric\u0103 nr. 4\" \/>\n<meta property=\"og:description\" content=\"Boala veneric\u0103 nr. 4 este o boal\u0103 infec\u0163ioas\u0103 care este provocat\u0103 de virusul de filtrare \u015fi se transmite pe cale sexual\u0103.\" \/>\n<meta property=\"og:url\" content=\"https:\/\/sanatate.md\/ro\/boli-si-tratament\/boli-venerice\/boala-venerica-nr-4\/\" \/>\n<meta property=\"og:site_name\" content=\"Sanatate.md\" \/>\n<meta property=\"article:modified_time\" content=\"2018-09-27T08:13:52+00:00\" \/>\n<meta name=\"twitter:card\" content=\"summary_large_image\" \/>\n<meta name=\"twitter:label1\" content=\"Timp estimat pentru citire\" \/>\n\t<meta name=\"twitter:data1\" content=\"1 minut\" \/>\n<script type=\"application\/ld+json\" class=\"yoast-schema-graph\">{\"@context\":\"https:\\\/\\\/schema.org\",\"@graph\":[{\"@type\":\"WebPage\",\"@id\":\"https:\\\/\\\/sanatate.md\\\/ro\\\/boli-si-tratament\\\/boli-venerice\\\/boala-venerica-nr-4\\\/\",\"url\":\"https:\\\/\\\/sanatate.md\\\/ro\\\/boli-si-tratament\\\/boli-venerice\\\/boala-venerica-nr-4\\\/\",\"name\":\"Boala veneric\u0103 nr. 4\",\"isPartOf\":{\"@id\":\"https:\\\/\\\/sanatate.md\\\/ro\\\/#website\"},\"datePublished\":\"2018-01-16T15:20:59+00:00\",\"dateModified\":\"2018-09-27T08:13:52+00:00\",\"description\":\"Boala veneric\u0103 nr. 4 este o boal\u0103 infec\u0163ioas\u0103 care este provocat\u0103 de virusul de filtrare \u015fi se transmite pe cale sexual\u0103.\",\"breadcrumb\":{\"@id\":\"https:\\\/\\\/sanatate.md\\\/ro\\\/boli-si-tratament\\\/boli-venerice\\\/boala-venerica-nr-4\\\/#breadcrumb\"},\"inLanguage\":\"ro-RO\",\"potentialAction\":[{\"@type\":\"ReadAction\",\"target\":[\"https:\\\/\\\/sanatate.md\\\/ro\\\/boli-si-tratament\\\/boli-venerice\\\/boala-venerica-nr-4\\\/\"]}]},{\"@type\":\"BreadcrumbList\",\"@id\":\"https:\\\/\\\/sanatate.md\\\/ro\\\/boli-si-tratament\\\/boli-venerice\\\/boala-venerica-nr-4\\\/#breadcrumb\",\"itemListElement\":[{\"@type\":\"ListItem\",\"position\":1,\"name\":\"\u0413\u043b\u0430\u0432\u043d\u0430\u044f \u0441\u0442\u0440\u0430\u043d\u0438\u0446\u0430\",\"item\":\"https:\\\/\\\/sanatate.md\\\/ro\\\/\"},{\"@type\":\"ListItem\",\"position\":2,\"name\":\"Boli si tratament\",\"item\":\"https:\\\/\\\/sanatate.md\\\/ro\\\/boli-si-tratament\\\/\"},{\"@type\":\"ListItem\",\"position\":3,\"name\":\"Boli venerice\",\"item\":\"https:\\\/\\\/sanatate.md\\\/ro\\\/boli-si-tratament\\\/boli-venerice\\\/\"},{\"@type\":\"ListItem\",\"position\":4,\"name\":\"Boala veneric\u0103 nr. 4\"}]},{\"@type\":\"WebSite\",\"@id\":\"https:\\\/\\\/sanatate.md\\\/ro\\\/#website\",\"url\":\"https:\\\/\\\/sanatate.md\\\/ro\\\/\",\"name\":\"Sanatate.md\",\"description\":\"\u0416\u0443\u0440\u043d\u0430\u043b \u0434\u043b\u044f \u0432\u0441\u0435\u0439 \u0441\u0435\u043c\u044c\u0438 \u0432 \u041c\u043e\u043b\u0434\u043e\u0432\u0435\",\"publisher\":{\"@id\":\"https:\\\/\\\/sanatate.md\\\/ro\\\/#organization\"},\"potentialAction\":[{\"@type\":\"SearchAction\",\"target\":{\"@type\":\"EntryPoint\",\"urlTemplate\":\"https:\\\/\\\/sanatate.md\\\/ro\\\/?s={search_term_string}\"},\"query-input\":{\"@type\":\"PropertyValueSpecification\",\"valueRequired\":true,\"valueName\":\"search_term_string\"}}],\"inLanguage\":\"ro-RO\"},{\"@type\":\"Organization\",\"@id\":\"https:\\\/\\\/sanatate.md\\\/ro\\\/#organization\",\"name\":\"SANATATE\",\"url\":\"https:\\\/\\\/sanatate.md\\\/ro\\\/\",\"logo\":{\"@type\":\"ImageObject\",\"inLanguage\":\"ro-RO\",\"@id\":\"https:\\\/\\\/sanatate.md\\\/ro\\\/#\\\/schema\\\/logo\\\/image\\\/\",\"url\":\"https:\\\/\\\/sanatate.md\\\/wp-content\\\/uploads\\\/2022\\\/01\\\/sanatate-logo.svg\",\"contentUrl\":\"https:\\\/\\\/sanatate.md\\\/wp-content\\\/uploads\\\/2022\\\/01\\\/sanatate-logo.svg\",\"width\":\"1024\",\"height\":\"1024\",\"caption\":\"SANATATE\"},\"image\":{\"@id\":\"https:\\\/\\\/sanatate.md\\\/ro\\\/#\\\/schema\\\/logo\\\/image\\\/\"}}]}<\/script>\n<!-- \/ Yoast SEO plugin. -->","yoast_head_json":{"title":"Boala veneric\u0103 nr. 4","description":"Boala veneric\u0103 nr. 4 este o boal\u0103 infec\u0163ioas\u0103 care este provocat\u0103 de virusul de filtrare \u015fi se transmite pe cale sexual\u0103.","robots":{"index":"index","follow":"follow","max-snippet":"max-snippet:-1","max-image-preview":"max-image-preview:large","max-video-preview":"max-video-preview:-1"},"canonical":"https:\/\/sanatate.md\/ro\/boli-si-tratament\/boli-venerice\/boala-venerica-nr-4\/","og_locale":"ro_RO","og_type":"article","og_title":"Boala veneric\u0103 nr. 4","og_description":"Boala veneric\u0103 nr. 4 este o boal\u0103 infec\u0163ioas\u0103 care este provocat\u0103 de virusul de filtrare \u015fi se transmite pe cale sexual\u0103.","og_url":"https:\/\/sanatate.md\/ro\/boli-si-tratament\/boli-venerice\/boala-venerica-nr-4\/","og_site_name":"Sanatate.md","article_modified_time":"2018-09-27T08:13:52+00:00","twitter_card":"summary_large_image","twitter_misc":{"Timp estimat pentru citire":"1 minut"},"schema":{"@context":"https:\/\/schema.org","@graph":[{"@type":"WebPage","@id":"https:\/\/sanatate.md\/ro\/boli-si-tratament\/boli-venerice\/boala-venerica-nr-4\/","url":"https:\/\/sanatate.md\/ro\/boli-si-tratament\/boli-venerice\/boala-venerica-nr-4\/","name":"Boala veneric\u0103 nr. 4","isPartOf":{"@id":"https:\/\/sanatate.md\/ro\/#website"},"datePublished":"2018-01-16T15:20:59+00:00","dateModified":"2018-09-27T08:13:52+00:00","description":"Boala veneric\u0103 nr. 4 este o boal\u0103 infec\u0163ioas\u0103 care este provocat\u0103 de virusul de filtrare \u015fi se transmite pe cale sexual\u0103.","breadcrumb":{"@id":"https:\/\/sanatate.md\/ro\/boli-si-tratament\/boli-venerice\/boala-venerica-nr-4\/#breadcrumb"},"inLanguage":"ro-RO","potentialAction":[{"@type":"ReadAction","target":["https:\/\/sanatate.md\/ro\/boli-si-tratament\/boli-venerice\/boala-venerica-nr-4\/"]}]},{"@type":"BreadcrumbList","@id":"https:\/\/sanatate.md\/ro\/boli-si-tratament\/boli-venerice\/boala-venerica-nr-4\/#breadcrumb","itemListElement":[{"@type":"ListItem","position":1,"name":"\u0413\u043b\u0430\u0432\u043d\u0430\u044f \u0441\u0442\u0440\u0430\u043d\u0438\u0446\u0430","item":"https:\/\/sanatate.md\/ro\/"},{"@type":"ListItem","position":2,"name":"Boli si tratament","item":"https:\/\/sanatate.md\/ro\/boli-si-tratament\/"},{"@type":"ListItem","position":3,"name":"Boli venerice","item":"https:\/\/sanatate.md\/ro\/boli-si-tratament\/boli-venerice\/"},{"@type":"ListItem","position":4,"name":"Boala veneric\u0103 nr. 4"}]},{"@type":"WebSite","@id":"https:\/\/sanatate.md\/ro\/#website","url":"https:\/\/sanatate.md\/ro\/","name":"Sanatate.md","description":"\u0416\u0443\u0440\u043d\u0430\u043b \u0434\u043b\u044f \u0432\u0441\u0435\u0439 \u0441\u0435\u043c\u044c\u0438 \u0432 \u041c\u043e\u043b\u0434\u043e\u0432\u0435","publisher":{"@id":"https:\/\/sanatate.md\/ro\/#organization"},"potentialAction":[{"@type":"SearchAction","target":{"@type":"EntryPoint","urlTemplate":"https:\/\/sanatate.md\/ro\/?s={search_term_string}"},"query-input":{"@type":"PropertyValueSpecification","valueRequired":true,"valueName":"search_term_string"}}],"inLanguage":"ro-RO"},{"@type":"Organization","@id":"https:\/\/sanatate.md\/ro\/#organization","name":"SANATATE","url":"https:\/\/sanatate.md\/ro\/","logo":{"@type":"ImageObject","inLanguage":"ro-RO","@id":"https:\/\/sanatate.md\/ro\/#\/schema\/logo\/image\/","url":"https:\/\/sanatate.md\/wp-content\/uploads\/2022\/01\/sanatate-logo.svg","contentUrl":"https:\/\/sanatate.md\/wp-content\/uploads\/2022\/01\/sanatate-logo.svg","width":"1024","height":"1024","caption":"SANATATE"},"image":{"@id":"https:\/\/sanatate.md\/ro\/#\/schema\/logo\/image\/"}}]}},"_links":{"self":[{"href":"https:\/\/sanatate.md\/ro\/wp-json\/wp\/v2\/pages\/49953","targetHints":{"allow":["GET"]}}],"collection":[{"href":"https:\/\/sanatate.md\/ro\/wp-json\/wp\/v2\/pages"}],"about":[{"href":"https:\/\/sanatate.md\/ro\/wp-json\/wp\/v2\/types\/page"}],"author":[{"embeddable":true,"href":"https:\/\/sanatate.md\/ro\/wp-json\/wp\/v2\/users\/28"}],"replies":[{"embeddable":true,"href":"https:\/\/sanatate.md\/ro\/wp-json\/wp\/v2\/comments?post=49953"}],"version-history":[{"count":0,"href":"https:\/\/sanatate.md\/ro\/wp-json\/wp\/v2\/pages\/49953\/revisions"}],"up":[{"embeddable":true,"href":"https:\/\/sanatate.md\/ro\/wp-json\/wp\/v2\/pages\/43639"}],"wp:attachment":[{"href":"https:\/\/sanatate.md\/ro\/wp-json\/wp\/v2\/media?parent=49953"}],"curies":[{"name":"wp","href":"https:\/\/api.w.org\/{rel}","templated":true}]}}