{"id":49960,"date":"2018-01-16T18:38:49","date_gmt":"2018-01-16T15:38:49","guid":{"rendered":"https:\/\/sanatate.md\/?page_id=49960"},"modified":"2018-01-16T18:55:23","modified_gmt":"2018-01-16T15:55:23","slug":"bronsita-acuta-la-copii","status":"publish","type":"page","link":"https:\/\/sanatate.md\/ro\/boli-si-tratament\/bolile-copiilor\/bronsita-acuta-la-copii\/","title":{"rendered":"Bron\u015fita acut\u0103 la copii"},"content":{"rendered":"<p>Bron\u015fita acut\u0103 la copii este o boal\u0103 destul de grav\u0103 a mucoasei bronhiilor ce poart\u0103 un caracter inflamator. Maladia are un caracter sezonier \u015fi de regul\u0103 se acutizeaz\u0103 prim\u0103vara \u015fi toamna.<\/p>\n<h3>Cauzele maladiei<\/h3>\n<p>Boala afecteaz\u0103 cel mai frecvent mucoasa c\u0103ilor respiratorii inferioare. Mai \u00eent\u00eei boala afecteaz\u0103 g\u00eetul, apoi infec\u0163ia coboar\u0103 mai jos \u015fi afecteaz\u0103 mucoasa bronhiilor, \u00eencep\u00eend cu zonele mai mari \u015fi termin\u00eend cu cele mai mici.<\/p>\n<p>Cauza apari\u0163iei bron\u015fitei pot fi bacteriile, care, nimerind \u00een c\u0103ile respiratorii sunt capabile s\u0103 provoace maladia \u00een cauz\u0103. De exemplu dac\u0103 \u00een timpul m\u00eenc\u0103rii micu\u0163ul vorbe\u015fte \u00een c\u0103ile lui respiratorii poate nimeri o buc\u0103\u0163ic\u0103 de p\u00eeine, m\u00eencare sau detalii din o oarecare juc\u0103rie.<\/p>\n<p>Copilul expulzeaz\u0103 corpurile str\u0103ine prin tuse sau aceasta o face medicul, dar infec\u0163ia l\u0103sat\u0103 \u00een urma p\u0103trunderii acestora poate r\u0103m\u00eene \u015fi deveni cauza apari\u0163iei bron\u015fitei acute la copii.<\/p>\n<p>Boala mai poate fi provocat\u0103 \u015fi de urm\u0103toarea cauz\u0103: \u00een c\u0103ile respiratorii nimere\u015fte \u00een acela\u015fi timp at\u00eet infec\u0163ia viral\u0103 c\u00eet \u015fi cea bacterial\u0103.<\/p>\n<p>Inhalarea substan\u0163elor toxice, evaporarea benzinei \u015fi a fumului poluat la fel pot contribui la apari\u0163ia la copii a bron\u015fitei cronice.<br \/>\nLa fel boala \u00een cauz\u0103 mai poate fi provocat\u0103 \u015fi de diferi\u0163i alergeni. Aceasta cel mai des se \u00eent\u00eempl\u0103 cu acei copii care sunt sensibili la diferi\u0163i alergeni.<\/p>\n<p>Bron\u015fita ne mai poate semnala \u015fi despre faptul c\u0103 persist\u0103 defectele \u00eenn\u0103scute ale c\u0103ilor respiratorii sau infec\u0163iile parazitare.<\/p>\n<h3>Simptome<\/h3>\n<p>La bonav se observ\u0103 ridicarea febrei, se \u00eenr\u0103ut\u0103\u0163e\u015fte starea general\u0103 a organismuli, \u00eencep atacurile de tuse uscat\u0103 \u015fi apare enfizema. Mai \u00eent\u00eei se aud crepita\u0163ii uscate, apoi acestea trec \u00een umede. Simptomele maladiei \u00een cauz\u0103 la copiii de v\u00eerst\u0103 mic\u0103 sunt foarte greu de diferen\u0163iat de pneumonia la un stadiu incipient.<\/p>\n<h3>Tratament<\/h3>\n<p>Boala dureaz\u0103 circa una-dou\u0103 s\u0103pt\u0103m\u00eeni; \u00een cazul \u00een care boala este cronic\u0103 tratarea va fi mai \u00eendelungat\u0103. Recidiva se repet\u0103 de c\u00eeteva ori pe an \u015fi poate decurge f\u0103r\u0103 spasmele bronhiilor. Recidivele cel mai des sunt legate de faptul c\u0103 exist\u0103 focarul de inflamare ce are un caracter cronic.<\/p>\n","protected":false},"excerpt":{"rendered":"<p>Bron\u015fita acut\u0103 la copii este o boal\u0103 destul de grav\u0103 a mucoasei bronhiilor ce poart\u0103 un caracter inflamator. Maladia are un caracter sezonier \u015fi de regul\u0103 se acutizeaz\u0103 prim\u0103vara \u015fi toamna. Cauzele maladiei Boala afecteaz\u0103 cel mai frecvent mucoasa c\u0103ilor respiratorii inferioare. Mai \u00eent\u00eei boala afecteaz\u0103 g\u00eetul, apoi infec\u0163ia coboar\u0103 mai jos \u015fi afecteaz\u0103 mucoasa [&hellip;]<\/p>\n","protected":false},"author":28,"featured_media":0,"parent":43635,"menu_order":0,"comment_status":"closed","ping_status":"closed","template":"","meta":{"inline_featured_image":false,"footnotes":""},"class_list":["post-49960","page","type-page","status-publish"],"yoast_head":"<!-- This site is optimized with the Yoast SEO plugin v27.3 - https:\/\/yoast.com\/product\/yoast-seo-wordpress\/ -->\n<title>Bron\u015fita acut\u0103 la copii<\/title>\n<meta name=\"description\" content=\"Bron\u015fita acut\u0103 la copii este o boal\u0103 destul de grav\u0103 a mucoasei bronhiilor ce poart\u0103 un caracter inflamator. Maladia are un caracter sezonier \u015fi de regul\u0103 se acutizeaz\u0103 prim\u0103vara \u015fi toamna.\" \/>\n<meta name=\"robots\" content=\"index, follow, max-snippet:-1, max-image-preview:large, max-video-preview:-1\" \/>\n<link rel=\"canonical\" href=\"https:\/\/sanatate.md\/ro\/boli-si-tratament\/bolile-copiilor\/bronsita-acuta-la-copii\/\" \/>\n<meta property=\"og:locale\" content=\"ro_RO\" \/>\n<meta property=\"og:type\" content=\"article\" \/>\n<meta property=\"og:title\" content=\"Bron\u015fita acut\u0103 la copii\" \/>\n<meta property=\"og:description\" content=\"Bron\u015fita acut\u0103 la copii este o boal\u0103 destul de grav\u0103 a mucoasei bronhiilor ce poart\u0103 un caracter inflamator. Maladia are un caracter sezonier \u015fi de regul\u0103 se acutizeaz\u0103 prim\u0103vara \u015fi toamna.\" \/>\n<meta property=\"og:url\" content=\"https:\/\/sanatate.md\/ro\/boli-si-tratament\/bolile-copiilor\/bronsita-acuta-la-copii\/\" \/>\n<meta property=\"og:site_name\" content=\"Sanatate.md\" \/>\n<meta property=\"article:modified_time\" content=\"2018-01-16T15:55:23+00:00\" \/>\n<meta name=\"twitter:card\" content=\"summary_large_image\" \/>\n<meta name=\"twitter:label1\" content=\"Timp estimat pentru citire\" \/>\n\t<meta name=\"twitter:data1\" content=\"2 minute\" \/>\n<script type=\"application\/ld+json\" class=\"yoast-schema-graph\">{\"@context\":\"https:\\\/\\\/schema.org\",\"@graph\":[{\"@type\":\"WebPage\",\"@id\":\"https:\\\/\\\/sanatate.md\\\/ro\\\/boli-si-tratament\\\/bolile-copiilor\\\/bronsita-acuta-la-copii\\\/\",\"url\":\"https:\\\/\\\/sanatate.md\\\/ro\\\/boli-si-tratament\\\/bolile-copiilor\\\/bronsita-acuta-la-copii\\\/\",\"name\":\"Bron\u015fita acut\u0103 la copii\",\"isPartOf\":{\"@id\":\"https:\\\/\\\/sanatate.md\\\/ro\\\/#website\"},\"datePublished\":\"2018-01-16T15:38:49+00:00\",\"dateModified\":\"2018-01-16T15:55:23+00:00\",\"description\":\"Bron\u015fita acut\u0103 la copii este o boal\u0103 destul de grav\u0103 a mucoasei bronhiilor ce poart\u0103 un caracter inflamator. Maladia are un caracter sezonier \u015fi de regul\u0103 se acutizeaz\u0103 prim\u0103vara \u015fi toamna.\",\"breadcrumb\":{\"@id\":\"https:\\\/\\\/sanatate.md\\\/ro\\\/boli-si-tratament\\\/bolile-copiilor\\\/bronsita-acuta-la-copii\\\/#breadcrumb\"},\"inLanguage\":\"ro-RO\",\"potentialAction\":[{\"@type\":\"ReadAction\",\"target\":[\"https:\\\/\\\/sanatate.md\\\/ro\\\/boli-si-tratament\\\/bolile-copiilor\\\/bronsita-acuta-la-copii\\\/\"]}]},{\"@type\":\"BreadcrumbList\",\"@id\":\"https:\\\/\\\/sanatate.md\\\/ro\\\/boli-si-tratament\\\/bolile-copiilor\\\/bronsita-acuta-la-copii\\\/#breadcrumb\",\"itemListElement\":[{\"@type\":\"ListItem\",\"position\":1,\"name\":\"\u0413\u043b\u0430\u0432\u043d\u0430\u044f \u0441\u0442\u0440\u0430\u043d\u0438\u0446\u0430\",\"item\":\"https:\\\/\\\/sanatate.md\\\/ro\\\/\"},{\"@type\":\"ListItem\",\"position\":2,\"name\":\"Boli si tratament\",\"item\":\"https:\\\/\\\/sanatate.md\\\/ro\\\/boli-si-tratament\\\/\"},{\"@type\":\"ListItem\",\"position\":3,\"name\":\"Bolile copiilor\",\"item\":\"https:\\\/\\\/sanatate.md\\\/ro\\\/boli-si-tratament\\\/bolile-copiilor\\\/\"},{\"@type\":\"ListItem\",\"position\":4,\"name\":\"Bron\u015fita acut\u0103 la copii\"}]},{\"@type\":\"WebSite\",\"@id\":\"https:\\\/\\\/sanatate.md\\\/ro\\\/#website\",\"url\":\"https:\\\/\\\/sanatate.md\\\/ro\\\/\",\"name\":\"Sanatate.md\",\"description\":\"\u0416\u0443\u0440\u043d\u0430\u043b \u0434\u043b\u044f \u0432\u0441\u0435\u0439 \u0441\u0435\u043c\u044c\u0438 \u0432 \u041c\u043e\u043b\u0434\u043e\u0432\u0435\",\"publisher\":{\"@id\":\"https:\\\/\\\/sanatate.md\\\/ro\\\/#organization\"},\"potentialAction\":[{\"@type\":\"SearchAction\",\"target\":{\"@type\":\"EntryPoint\",\"urlTemplate\":\"https:\\\/\\\/sanatate.md\\\/ro\\\/?s={search_term_string}\"},\"query-input\":{\"@type\":\"PropertyValueSpecification\",\"valueRequired\":true,\"valueName\":\"search_term_string\"}}],\"inLanguage\":\"ro-RO\"},{\"@type\":\"Organization\",\"@id\":\"https:\\\/\\\/sanatate.md\\\/ro\\\/#organization\",\"name\":\"SANATATE\",\"url\":\"https:\\\/\\\/sanatate.md\\\/ro\\\/\",\"logo\":{\"@type\":\"ImageObject\",\"inLanguage\":\"ro-RO\",\"@id\":\"https:\\\/\\\/sanatate.md\\\/ro\\\/#\\\/schema\\\/logo\\\/image\\\/\",\"url\":\"https:\\\/\\\/sanatate.md\\\/wp-content\\\/uploads\\\/2022\\\/01\\\/sanatate-logo.svg\",\"contentUrl\":\"https:\\\/\\\/sanatate.md\\\/wp-content\\\/uploads\\\/2022\\\/01\\\/sanatate-logo.svg\",\"width\":\"1024\",\"height\":\"1024\",\"caption\":\"SANATATE\"},\"image\":{\"@id\":\"https:\\\/\\\/sanatate.md\\\/ro\\\/#\\\/schema\\\/logo\\\/image\\\/\"}}]}<\/script>\n<!-- \/ Yoast SEO plugin. -->","yoast_head_json":{"title":"Bron\u015fita acut\u0103 la copii","description":"Bron\u015fita acut\u0103 la copii este o boal\u0103 destul de grav\u0103 a mucoasei bronhiilor ce poart\u0103 un caracter inflamator. Maladia are un caracter sezonier \u015fi de regul\u0103 se acutizeaz\u0103 prim\u0103vara \u015fi toamna.","robots":{"index":"index","follow":"follow","max-snippet":"max-snippet:-1","max-image-preview":"max-image-preview:large","max-video-preview":"max-video-preview:-1"},"canonical":"https:\/\/sanatate.md\/ro\/boli-si-tratament\/bolile-copiilor\/bronsita-acuta-la-copii\/","og_locale":"ro_RO","og_type":"article","og_title":"Bron\u015fita acut\u0103 la copii","og_description":"Bron\u015fita acut\u0103 la copii este o boal\u0103 destul de grav\u0103 a mucoasei bronhiilor ce poart\u0103 un caracter inflamator. Maladia are un caracter sezonier \u015fi de regul\u0103 se acutizeaz\u0103 prim\u0103vara \u015fi toamna.","og_url":"https:\/\/sanatate.md\/ro\/boli-si-tratament\/bolile-copiilor\/bronsita-acuta-la-copii\/","og_site_name":"Sanatate.md","article_modified_time":"2018-01-16T15:55:23+00:00","twitter_card":"summary_large_image","twitter_misc":{"Timp estimat pentru citire":"2 minute"},"schema":{"@context":"https:\/\/schema.org","@graph":[{"@type":"WebPage","@id":"https:\/\/sanatate.md\/ro\/boli-si-tratament\/bolile-copiilor\/bronsita-acuta-la-copii\/","url":"https:\/\/sanatate.md\/ro\/boli-si-tratament\/bolile-copiilor\/bronsita-acuta-la-copii\/","name":"Bron\u015fita acut\u0103 la copii","isPartOf":{"@id":"https:\/\/sanatate.md\/ro\/#website"},"datePublished":"2018-01-16T15:38:49+00:00","dateModified":"2018-01-16T15:55:23+00:00","description":"Bron\u015fita acut\u0103 la copii este o boal\u0103 destul de grav\u0103 a mucoasei bronhiilor ce poart\u0103 un caracter inflamator. Maladia are un caracter sezonier \u015fi de regul\u0103 se acutizeaz\u0103 prim\u0103vara \u015fi toamna.","breadcrumb":{"@id":"https:\/\/sanatate.md\/ro\/boli-si-tratament\/bolile-copiilor\/bronsita-acuta-la-copii\/#breadcrumb"},"inLanguage":"ro-RO","potentialAction":[{"@type":"ReadAction","target":["https:\/\/sanatate.md\/ro\/boli-si-tratament\/bolile-copiilor\/bronsita-acuta-la-copii\/"]}]},{"@type":"BreadcrumbList","@id":"https:\/\/sanatate.md\/ro\/boli-si-tratament\/bolile-copiilor\/bronsita-acuta-la-copii\/#breadcrumb","itemListElement":[{"@type":"ListItem","position":1,"name":"\u0413\u043b\u0430\u0432\u043d\u0430\u044f \u0441\u0442\u0440\u0430\u043d\u0438\u0446\u0430","item":"https:\/\/sanatate.md\/ro\/"},{"@type":"ListItem","position":2,"name":"Boli si tratament","item":"https:\/\/sanatate.md\/ro\/boli-si-tratament\/"},{"@type":"ListItem","position":3,"name":"Bolile copiilor","item":"https:\/\/sanatate.md\/ro\/boli-si-tratament\/bolile-copiilor\/"},{"@type":"ListItem","position":4,"name":"Bron\u015fita acut\u0103 la copii"}]},{"@type":"WebSite","@id":"https:\/\/sanatate.md\/ro\/#website","url":"https:\/\/sanatate.md\/ro\/","name":"Sanatate.md","description":"\u0416\u0443\u0440\u043d\u0430\u043b \u0434\u043b\u044f \u0432\u0441\u0435\u0439 \u0441\u0435\u043c\u044c\u0438 \u0432 \u041c\u043e\u043b\u0434\u043e\u0432\u0435","publisher":{"@id":"https:\/\/sanatate.md\/ro\/#organization"},"potentialAction":[{"@type":"SearchAction","target":{"@type":"EntryPoint","urlTemplate":"https:\/\/sanatate.md\/ro\/?s={search_term_string}"},"query-input":{"@type":"PropertyValueSpecification","valueRequired":true,"valueName":"search_term_string"}}],"inLanguage":"ro-RO"},{"@type":"Organization","@id":"https:\/\/sanatate.md\/ro\/#organization","name":"SANATATE","url":"https:\/\/sanatate.md\/ro\/","logo":{"@type":"ImageObject","inLanguage":"ro-RO","@id":"https:\/\/sanatate.md\/ro\/#\/schema\/logo\/image\/","url":"https:\/\/sanatate.md\/wp-content\/uploads\/2022\/01\/sanatate-logo.svg","contentUrl":"https:\/\/sanatate.md\/wp-content\/uploads\/2022\/01\/sanatate-logo.svg","width":"1024","height":"1024","caption":"SANATATE"},"image":{"@id":"https:\/\/sanatate.md\/ro\/#\/schema\/logo\/image\/"}}]}},"_links":{"self":[{"href":"https:\/\/sanatate.md\/ro\/wp-json\/wp\/v2\/pages\/49960","targetHints":{"allow":["GET"]}}],"collection":[{"href":"https:\/\/sanatate.md\/ro\/wp-json\/wp\/v2\/pages"}],"about":[{"href":"https:\/\/sanatate.md\/ro\/wp-json\/wp\/v2\/types\/page"}],"author":[{"embeddable":true,"href":"https:\/\/sanatate.md\/ro\/wp-json\/wp\/v2\/users\/28"}],"replies":[{"embeddable":true,"href":"https:\/\/sanatate.md\/ro\/wp-json\/wp\/v2\/comments?post=49960"}],"version-history":[{"count":0,"href":"https:\/\/sanatate.md\/ro\/wp-json\/wp\/v2\/pages\/49960\/revisions"}],"up":[{"embeddable":true,"href":"https:\/\/sanatate.md\/ro\/wp-json\/wp\/v2\/pages\/43635"}],"wp:attachment":[{"href":"https:\/\/sanatate.md\/ro\/wp-json\/wp\/v2\/media?parent=49960"}],"curies":[{"name":"wp","href":"https:\/\/api.w.org\/{rel}","templated":true}]}}