{"id":49985,"date":"2018-01-17T10:47:25","date_gmt":"2018-01-17T07:47:25","guid":{"rendered":"https:\/\/sanatate.md\/?page_id=49985"},"modified":"2018-01-17T10:47:25","modified_gmt":"2018-01-17T07:47:25","slug":"bronsita-cronica","status":"publish","type":"page","link":"https:\/\/sanatate.md\/ro\/boli-si-tratament\/boli-ale-sistemului-respirator\/bronsita-cronica\/","title":{"rendered":"Bron\u015fita cronic\u0103"},"content":{"rendered":"<p>Bron\u015fita cronic\u0103 este o boal\u0103 care se manifest\u0103 prin inflamarea bronhiilor \u015fi se caracterizeaz\u0103 prin acutiz\u0103rile acute frecvente care apar pe parcursul c\u00eetorva ani la r\u00eend. Asemenea acutiz\u0103ri se \u00eent\u00eempl\u0103 foarte des \u015fi pot duce la forme grave ale maladiei \u00een cauz\u0103 \u015fi respectiv la consecin\u0163e negative. Majoritatea oamenilor care sufer\u0103 de bron\u015fit\u0103 cronic\u0103 nu au o atitudine prea serioas\u0103 fa\u0163\u0103 de boala dat\u0103.<\/p>\n<h3>Cauzele apari\u0163iei<\/h3>\n<p>Printre primele cauze ale apari\u0163iei bron\u015fitei este fumatul deoarece anume fumul de \u0163igar\u0103 con\u0163ine multe substan\u0163e ce duc la imposibilitatea cur\u0103\u0163\u0103rii bronhiilor de mucoas\u0103. O influen\u0163\u0103 toxic\u0103 asupra mucoasei bronhiilor o mai au \u015fi urm\u0103torii factori ca:<\/p>\n<ul>\n<li>Substan\u0163ele nocive care sunt eliminate \u00een aer de diferite \u00eentreprinderi ce \u0163in de sfera industrial\u0103;<\/li>\n<li>Gazele de e\u015fapament de la transporturile auto;<\/li>\n<li>Praful \u015fi altele.<\/li>\n<\/ul>\n<h3>Simptome<\/h3>\n<ul>\n<li>\u00cen perioada acutiz\u0103rii bron\u015fitei acute putem observa urm\u0103toarele simptome ca:<\/li>\n<li>Temperatura ridicat\u0103 pe parcursul unui timp \u00eendelungat;<\/li>\n<li>Transpira\u0163ia abundent\u0103;<\/li>\n<li>Starea general\u0103 de r\u0103u;<\/li>\n<li>Tusea puternic\u0103 \u00eenso\u0163it\u0103 de expectora\u0163ia sputei.<\/li>\n<\/ul>\n<p>\u00cen perioada de remisie a maladiei \u00een cauz\u0103 simptomele enumerate mai sus pot lipsi. \u00cens\u0103 atunci c\u00eend simptomele date se manifest\u0103 permament, aceasta ne-ar putea semnala despre faptul c\u0103 boala \u00een cauz\u0103 progreseaz\u0103.<\/p>\n<p>Simptomul esen\u0163ial al maladiei \u00een cauz\u0103 este sputa, care se expectoreaz\u0103. Putem deosebi mai multe tipuri de sput\u0103:<\/p>\n<ul>\n<li>Cu mucus;<\/li>\n<li>Cu elimin\u0103ri purulente;<\/li>\n<li>Muco-purulent\u0103;<\/li>\n<li>Cu s\u00eenge.<\/li>\n<\/ul>\n","protected":false},"excerpt":{"rendered":"<p>Bron\u015fita cronic\u0103 este o boal\u0103 care se manifest\u0103 prin inflamarea bronhiilor \u015fi se caracterizeaz\u0103 prin acutiz\u0103rile acute frecvente care apar pe parcursul c\u00eetorva ani la r\u00eend. Asemenea acutiz\u0103ri se \u00eent\u00eempl\u0103 foarte des \u015fi pot duce la forme grave ale maladiei \u00een cauz\u0103 \u015fi respectiv la consecin\u0163e negative. Majoritatea oamenilor care sufer\u0103 de bron\u015fit\u0103 cronic\u0103 nu [&hellip;]<\/p>\n","protected":false},"author":28,"featured_media":0,"parent":52999,"menu_order":0,"comment_status":"closed","ping_status":"closed","template":"","meta":{"inline_featured_image":false,"footnotes":""},"class_list":["post-49985","page","type-page","status-publish"],"yoast_head":"<!-- This site is optimized with the Yoast SEO plugin v27.3 - https:\/\/yoast.com\/product\/yoast-seo-wordpress\/ -->\n<title>Bron\u015fita cronic\u0103<\/title>\n<meta name=\"description\" content=\"Bron\u015fita cronic\u0103 este o boal\u0103 care se manifest\u0103 prin inflamarea bronhiilor \u015fi se caracterizeaz\u0103 prin acutiz\u0103rile acute frecvente care apar pe parcursul c\u00eetorva ani la r\u00eend.\" \/>\n<meta name=\"robots\" content=\"index, follow, max-snippet:-1, max-image-preview:large, max-video-preview:-1\" \/>\n<link rel=\"canonical\" href=\"https:\/\/sanatate.md\/ro\/boli-si-tratament\/boli-ale-sistemului-respirator\/bronsita-cronica\/\" \/>\n<meta property=\"og:locale\" content=\"ro_RO\" \/>\n<meta property=\"og:type\" content=\"article\" \/>\n<meta property=\"og:title\" content=\"Bron\u015fita cronic\u0103\" \/>\n<meta property=\"og:description\" content=\"Bron\u015fita cronic\u0103 este o boal\u0103 care se manifest\u0103 prin inflamarea bronhiilor \u015fi se caracterizeaz\u0103 prin acutiz\u0103rile acute frecvente care apar pe parcursul c\u00eetorva ani la r\u00eend.\" \/>\n<meta property=\"og:url\" content=\"https:\/\/sanatate.md\/ro\/boli-si-tratament\/boli-ale-sistemului-respirator\/bronsita-cronica\/\" \/>\n<meta property=\"og:site_name\" content=\"Sanatate.md\" \/>\n<meta name=\"twitter:card\" content=\"summary_large_image\" \/>\n<meta name=\"twitter:label1\" content=\"Timp estimat pentru citire\" \/>\n\t<meta name=\"twitter:data1\" content=\"1 minut\" \/>\n<script type=\"application\/ld+json\" class=\"yoast-schema-graph\">{\"@context\":\"https:\\\/\\\/schema.org\",\"@graph\":[{\"@type\":\"WebPage\",\"@id\":\"https:\\\/\\\/sanatate.md\\\/ro\\\/boli-si-tratament\\\/boli-ale-sistemului-respirator\\\/bronsita-cronica\\\/\",\"url\":\"https:\\\/\\\/sanatate.md\\\/ro\\\/boli-si-tratament\\\/boli-ale-sistemului-respirator\\\/bronsita-cronica\\\/\",\"name\":\"Bron\u015fita cronic\u0103\",\"isPartOf\":{\"@id\":\"https:\\\/\\\/sanatate.md\\\/ro\\\/#website\"},\"datePublished\":\"2018-01-17T07:47:25+00:00\",\"description\":\"Bron\u015fita cronic\u0103 este o boal\u0103 care se manifest\u0103 prin inflamarea bronhiilor \u015fi se caracterizeaz\u0103 prin acutiz\u0103rile acute frecvente care apar pe parcursul c\u00eetorva ani la r\u00eend.\",\"breadcrumb\":{\"@id\":\"https:\\\/\\\/sanatate.md\\\/ro\\\/boli-si-tratament\\\/boli-ale-sistemului-respirator\\\/bronsita-cronica\\\/#breadcrumb\"},\"inLanguage\":\"ro-RO\",\"potentialAction\":[{\"@type\":\"ReadAction\",\"target\":[\"https:\\\/\\\/sanatate.md\\\/ro\\\/boli-si-tratament\\\/boli-ale-sistemului-respirator\\\/bronsita-cronica\\\/\"]}]},{\"@type\":\"BreadcrumbList\",\"@id\":\"https:\\\/\\\/sanatate.md\\\/ro\\\/boli-si-tratament\\\/boli-ale-sistemului-respirator\\\/bronsita-cronica\\\/#breadcrumb\",\"itemListElement\":[{\"@type\":\"ListItem\",\"position\":1,\"name\":\"\u0413\u043b\u0430\u0432\u043d\u0430\u044f \u0441\u0442\u0440\u0430\u043d\u0438\u0446\u0430\",\"item\":\"https:\\\/\\\/sanatate.md\\\/ro\\\/\"},{\"@type\":\"ListItem\",\"position\":2,\"name\":\"Boli si tratament\",\"item\":\"https:\\\/\\\/sanatate.md\\\/ro\\\/boli-si-tratament\\\/\"},{\"@type\":\"ListItem\",\"position\":3,\"name\":\"Boli ale sistemului respirator\",\"item\":\"https:\\\/\\\/sanatate.md\\\/ro\\\/boli-si-tratament\\\/boli-ale-sistemului-respirator\\\/\"},{\"@type\":\"ListItem\",\"position\":4,\"name\":\"Bron\u015fita cronic\u0103\"}]},{\"@type\":\"WebSite\",\"@id\":\"https:\\\/\\\/sanatate.md\\\/ro\\\/#website\",\"url\":\"https:\\\/\\\/sanatate.md\\\/ro\\\/\",\"name\":\"Sanatate.md\",\"description\":\"\u0416\u0443\u0440\u043d\u0430\u043b \u0434\u043b\u044f \u0432\u0441\u0435\u0439 \u0441\u0435\u043c\u044c\u0438 \u0432 \u041c\u043e\u043b\u0434\u043e\u0432\u0435\",\"publisher\":{\"@id\":\"https:\\\/\\\/sanatate.md\\\/ro\\\/#organization\"},\"potentialAction\":[{\"@type\":\"SearchAction\",\"target\":{\"@type\":\"EntryPoint\",\"urlTemplate\":\"https:\\\/\\\/sanatate.md\\\/ro\\\/?s={search_term_string}\"},\"query-input\":{\"@type\":\"PropertyValueSpecification\",\"valueRequired\":true,\"valueName\":\"search_term_string\"}}],\"inLanguage\":\"ro-RO\"},{\"@type\":\"Organization\",\"@id\":\"https:\\\/\\\/sanatate.md\\\/ro\\\/#organization\",\"name\":\"SANATATE\",\"url\":\"https:\\\/\\\/sanatate.md\\\/ro\\\/\",\"logo\":{\"@type\":\"ImageObject\",\"inLanguage\":\"ro-RO\",\"@id\":\"https:\\\/\\\/sanatate.md\\\/ro\\\/#\\\/schema\\\/logo\\\/image\\\/\",\"url\":\"https:\\\/\\\/sanatate.md\\\/wp-content\\\/uploads\\\/2022\\\/01\\\/sanatate-logo.svg\",\"contentUrl\":\"https:\\\/\\\/sanatate.md\\\/wp-content\\\/uploads\\\/2022\\\/01\\\/sanatate-logo.svg\",\"width\":\"1024\",\"height\":\"1024\",\"caption\":\"SANATATE\"},\"image\":{\"@id\":\"https:\\\/\\\/sanatate.md\\\/ro\\\/#\\\/schema\\\/logo\\\/image\\\/\"}}]}<\/script>\n<!-- \/ Yoast SEO plugin. -->","yoast_head_json":{"title":"Bron\u015fita cronic\u0103","description":"Bron\u015fita cronic\u0103 este o boal\u0103 care se manifest\u0103 prin inflamarea bronhiilor \u015fi se caracterizeaz\u0103 prin acutiz\u0103rile acute frecvente care apar pe parcursul c\u00eetorva ani la r\u00eend.","robots":{"index":"index","follow":"follow","max-snippet":"max-snippet:-1","max-image-preview":"max-image-preview:large","max-video-preview":"max-video-preview:-1"},"canonical":"https:\/\/sanatate.md\/ro\/boli-si-tratament\/boli-ale-sistemului-respirator\/bronsita-cronica\/","og_locale":"ro_RO","og_type":"article","og_title":"Bron\u015fita cronic\u0103","og_description":"Bron\u015fita cronic\u0103 este o boal\u0103 care se manifest\u0103 prin inflamarea bronhiilor \u015fi se caracterizeaz\u0103 prin acutiz\u0103rile acute frecvente care apar pe parcursul c\u00eetorva ani la r\u00eend.","og_url":"https:\/\/sanatate.md\/ro\/boli-si-tratament\/boli-ale-sistemului-respirator\/bronsita-cronica\/","og_site_name":"Sanatate.md","twitter_card":"summary_large_image","twitter_misc":{"Timp estimat pentru citire":"1 minut"},"schema":{"@context":"https:\/\/schema.org","@graph":[{"@type":"WebPage","@id":"https:\/\/sanatate.md\/ro\/boli-si-tratament\/boli-ale-sistemului-respirator\/bronsita-cronica\/","url":"https:\/\/sanatate.md\/ro\/boli-si-tratament\/boli-ale-sistemului-respirator\/bronsita-cronica\/","name":"Bron\u015fita cronic\u0103","isPartOf":{"@id":"https:\/\/sanatate.md\/ro\/#website"},"datePublished":"2018-01-17T07:47:25+00:00","description":"Bron\u015fita cronic\u0103 este o boal\u0103 care se manifest\u0103 prin inflamarea bronhiilor \u015fi se caracterizeaz\u0103 prin acutiz\u0103rile acute frecvente care apar pe parcursul c\u00eetorva ani la r\u00eend.","breadcrumb":{"@id":"https:\/\/sanatate.md\/ro\/boli-si-tratament\/boli-ale-sistemului-respirator\/bronsita-cronica\/#breadcrumb"},"inLanguage":"ro-RO","potentialAction":[{"@type":"ReadAction","target":["https:\/\/sanatate.md\/ro\/boli-si-tratament\/boli-ale-sistemului-respirator\/bronsita-cronica\/"]}]},{"@type":"BreadcrumbList","@id":"https:\/\/sanatate.md\/ro\/boli-si-tratament\/boli-ale-sistemului-respirator\/bronsita-cronica\/#breadcrumb","itemListElement":[{"@type":"ListItem","position":1,"name":"\u0413\u043b\u0430\u0432\u043d\u0430\u044f \u0441\u0442\u0440\u0430\u043d\u0438\u0446\u0430","item":"https:\/\/sanatate.md\/ro\/"},{"@type":"ListItem","position":2,"name":"Boli si tratament","item":"https:\/\/sanatate.md\/ro\/boli-si-tratament\/"},{"@type":"ListItem","position":3,"name":"Boli ale sistemului respirator","item":"https:\/\/sanatate.md\/ro\/boli-si-tratament\/boli-ale-sistemului-respirator\/"},{"@type":"ListItem","position":4,"name":"Bron\u015fita cronic\u0103"}]},{"@type":"WebSite","@id":"https:\/\/sanatate.md\/ro\/#website","url":"https:\/\/sanatate.md\/ro\/","name":"Sanatate.md","description":"\u0416\u0443\u0440\u043d\u0430\u043b \u0434\u043b\u044f \u0432\u0441\u0435\u0439 \u0441\u0435\u043c\u044c\u0438 \u0432 \u041c\u043e\u043b\u0434\u043e\u0432\u0435","publisher":{"@id":"https:\/\/sanatate.md\/ro\/#organization"},"potentialAction":[{"@type":"SearchAction","target":{"@type":"EntryPoint","urlTemplate":"https:\/\/sanatate.md\/ro\/?s={search_term_string}"},"query-input":{"@type":"PropertyValueSpecification","valueRequired":true,"valueName":"search_term_string"}}],"inLanguage":"ro-RO"},{"@type":"Organization","@id":"https:\/\/sanatate.md\/ro\/#organization","name":"SANATATE","url":"https:\/\/sanatate.md\/ro\/","logo":{"@type":"ImageObject","inLanguage":"ro-RO","@id":"https:\/\/sanatate.md\/ro\/#\/schema\/logo\/image\/","url":"https:\/\/sanatate.md\/wp-content\/uploads\/2022\/01\/sanatate-logo.svg","contentUrl":"https:\/\/sanatate.md\/wp-content\/uploads\/2022\/01\/sanatate-logo.svg","width":"1024","height":"1024","caption":"SANATATE"},"image":{"@id":"https:\/\/sanatate.md\/ro\/#\/schema\/logo\/image\/"}}]}},"_links":{"self":[{"href":"https:\/\/sanatate.md\/ro\/wp-json\/wp\/v2\/pages\/49985","targetHints":{"allow":["GET"]}}],"collection":[{"href":"https:\/\/sanatate.md\/ro\/wp-json\/wp\/v2\/pages"}],"about":[{"href":"https:\/\/sanatate.md\/ro\/wp-json\/wp\/v2\/types\/page"}],"author":[{"embeddable":true,"href":"https:\/\/sanatate.md\/ro\/wp-json\/wp\/v2\/users\/28"}],"replies":[{"embeddable":true,"href":"https:\/\/sanatate.md\/ro\/wp-json\/wp\/v2\/comments?post=49985"}],"version-history":[{"count":0,"href":"https:\/\/sanatate.md\/ro\/wp-json\/wp\/v2\/pages\/49985\/revisions"}],"up":[{"embeddable":true,"href":"https:\/\/sanatate.md\/ro\/wp-json\/wp\/v2\/pages\/52999"}],"wp:attachment":[{"href":"https:\/\/sanatate.md\/ro\/wp-json\/wp\/v2\/media?parent=49985"}],"curies":[{"name":"wp","href":"https:\/\/api.w.org\/{rel}","templated":true}]}}