{"id":49991,"date":"2018-01-17T11:02:12","date_gmt":"2018-01-17T08:02:12","guid":{"rendered":"https:\/\/sanatate.md\/?page_id=49991"},"modified":"2018-01-17T11:02:54","modified_gmt":"2018-01-17T08:02:54","slug":"bulimia","status":"publish","type":"page","link":"https:\/\/sanatate.md\/ro\/boli-si-tratament\/afectiuni-psihice\/bulimia\/","title":{"rendered":"Bulimia"},"content":{"rendered":"<p>Bulimia se caracterizeaz\u0103 prin tulburarea func\u0163ion\u0103rii tractului digestiv. Bulimia se poate de diagnosticat la etapa incipient\u0103 \u00een condi\u0163ii casnice desinest\u0103t\u0103tor. Boala dat\u0103 este \u00eenso\u0163it\u0103 de sim\u0163ul de foame toat\u0103 ziua \u00een jur. Bolnavul Pe parcursul unei perioade scurte de timp poate consuma o cantitate foarte mare de m\u00e2ncare.<\/p>\n<p>Dup\u0103 consumul de alimente la o persoan\u0103 se observ\u0103 tendin\u0163a de a sc\u0103pa de produsele consumate prin intermediul reflexelor de vom\u0103 artificiale. La fel bolnavul \u00eencepe s\u0103 ia diferite preparate laxative, s\u0103 practice sportul p\u00e2n\u0103 la o epuizare total\u0103 a organismului.<\/p>\n<h3>Simptome<\/h3>\n<p>\u00cen cazul \u00een care o persoan\u0103 observ\u0103 sau la sine sau la cuno\u015ftin\u0163ele sale simptome de bulimie se recomand\u0103 ca s\u0103 se adreseze neap\u0103rat la un specialist. Tulbur\u0103rile digestive de orice genez\u0103 sunt foarte periculoase pentru om, ele duc la o pierdere total\u0103 de puteri \u015fi omul nu este \u00een stare s\u0103 lupte de unul singur cu boala \u00een cauz\u0103.<\/p>\n<p>E foarte important de tratat maladia \u00een cauz\u0103 sub dirijarea speciali\u015ftilor califica\u0163i \u00een condi\u0163ii ata\u0163ionare deoarece semnele bulimiei pot fi foarte \u015fterse \u015fi diagnoza poate fi pus\u0103 numai de un medic prin intermediul unei test\u0103ri de tip psihologic.<\/p>\n<p>La ziua de azi cauzele apari\u0163iei bulimiei nu sunt cunoscute p\u00e2n\u0103 la cap\u0103t. Boala poate fi provocat\u0103 de problemele existente \u00een familie, de orice stare negativ\u0103 \u00een care se afl\u0103 o persoan\u0103 dat\u0103, de particularit\u0103\u0163ile lui individuale la fel \u015fi de cauzele ce au un caracter social.<\/p>\n<p>Po\u0163i s\u0103 te \u00eemboln\u0103ve\u015fti de bulimie \u015fi \u00een cazurile \u00een care:<\/p>\n<ul>\n<li>O persoan\u0103 are cunoscu\u0163i sau rude care sunt bolnavi de maladia \u00een cauz\u0103 sau au kilograme \u00een plus;<\/li>\n<li>Dac\u0103 o persoan\u0103 are o activitate profesional\u0103 care cere un control riguros a masei corporale ca: balerinele,sportivii,modelele \u015f.a.<\/li>\n<li>Dup\u0103 o dec\u0103dere nervoas\u0103 foarte mare sau dup\u0103 un stres foarte mare;<\/li>\n<li>Dac\u0103 omul \u00eentotdeauna tinde s\u0103 aib\u0103 o greutate \u015fi o siluet\u0103 ideal\u0103 \u015fi persist\u0103 dorin\u0163a de a sl\u0103bi \u015fi de a sc\u0103pa de kilogramele \u00een plus.<\/li>\n<\/ul>\n<p>Bulimia este o boal\u0103 specific\u0103 \u00een special femeilor (9 din 10 bolnavi sunt femei). \u00cens\u0103 pe parcursul ultimilor ani bulimia a \u00eenceput s\u0103 se diagnostifice \u015fi la b\u0103rba\u0163i. Primele semne pot ap\u0103rea deja \u015fi \u00een adolescen\u0163\u0103.<\/p>\n<h3>Diagnosticare<\/h3>\n<p>Oamenii care sufer\u0103 de bulimie primesc m\u00e2ncarea ca un remediu de calmare, ei simt o satisfac\u0163ie \u015fi comfort \u00een timpul procesului de consum al alimentelor. C\u00e2nd omul \u00een\u0163elege c\u0103 a m\u00e2ncat mai mult dec\u00e2t s-ar cuveni el \u00eencepe s\u0103 piard\u0103 controlul asupra comportamentului s\u0103u \u015fi \u00eencepe s\u0103 prevaleze frica precum c\u0103 ar putea pune ni\u015fte kilograme \u00een plus. Asemenea st\u0103ri duc la faptul c\u0103 bolnavul \u00eencepe prin diferite metode s\u0103 scape de m\u00e2ncarea recent consumat\u0103.<\/p>\n<h3>Tratament<\/h3>\n<p>\u00cen cazul \u00een care maladia \u00een cauz\u0103 nu este tratat\u0103 la timp atunci putem s\u0103 ne a\u015ftept\u0103m la perturbarea func\u0163iilor a mai multor organe \u015fi sisteme ale organismului uman.<\/p>\n<p>\u00cen timpul procesului de provocare a vomei artificiale se elimin\u0103 acidul,care nimerind \u00een cavitatea bucal\u0103 poate provoca procese distructive \u00een smal\u0163ul dentar \u015fi procese inflamatorii \u00een gingii. Toate metodele de sc\u0103pare de m\u00e2ncarea consumat\u0103 \u00een exces duc la perturb\u0103ri \u00een func\u0163ionarea sistemului cardio-vascular, a rinichilor, poate ap\u0103rea osteoporoza \u015fi alte st\u0103ri negative.<\/p>\n<p>Indigestiile alimentare \u00eenr\u0103ut\u0103\u0163esc s\u0103n\u0103tatea fizic\u0103, psihic\u0103 \u015fi starea lui emotiv\u0103.<\/p>\n","protected":false},"excerpt":{"rendered":"<p>Bulimia se caracterizeaz\u0103 prin tulburarea func\u0163ion\u0103rii tractului digestiv. Bulimia se poate de diagnosticat la etapa incipient\u0103 \u00een condi\u0163ii casnice desinest\u0103t\u0103tor. Boala dat\u0103 este \u00eenso\u0163it\u0103 de sim\u0163ul de foame toat\u0103 ziua \u00een jur. Bolnavul Pe parcursul unei perioade scurte de timp poate consuma o cantitate foarte mare de m\u00e2ncare. Dup\u0103 consumul de alimente la o persoan\u0103 [&hellip;]<\/p>\n","protected":false},"author":28,"featured_media":0,"parent":53026,"menu_order":0,"comment_status":"closed","ping_status":"closed","template":"","meta":{"inline_featured_image":false,"footnotes":""},"class_list":["post-49991","page","type-page","status-publish"],"yoast_head":"<!-- This site is optimized with the Yoast SEO plugin v27.3 - https:\/\/yoast.com\/product\/yoast-seo-wordpress\/ -->\n<title>Bulimia<\/title>\n<meta name=\"description\" content=\"Bulimia se caracterizeaz\u0103 prin tulburarea func\u0163ion\u0103rii tractului digestiv. Bulimia se poate de diagnosticat la etapa incipient\u0103 \u00een condi\u0163ii casnice desinest\u0103t\u0103tor.\" \/>\n<meta name=\"robots\" content=\"index, follow, max-snippet:-1, max-image-preview:large, max-video-preview:-1\" \/>\n<link rel=\"canonical\" href=\"https:\/\/sanatate.md\/ro\/boli-si-tratament\/afectiuni-psihice\/bulimia\/\" \/>\n<meta property=\"og:locale\" content=\"ro_RO\" \/>\n<meta property=\"og:type\" content=\"article\" \/>\n<meta property=\"og:title\" content=\"Bulimia\" \/>\n<meta property=\"og:description\" content=\"Bulimia se caracterizeaz\u0103 prin tulburarea func\u0163ion\u0103rii tractului digestiv. Bulimia se poate de diagnosticat la etapa incipient\u0103 \u00een condi\u0163ii casnice desinest\u0103t\u0103tor.\" \/>\n<meta property=\"og:url\" content=\"https:\/\/sanatate.md\/ro\/boli-si-tratament\/afectiuni-psihice\/bulimia\/\" \/>\n<meta property=\"og:site_name\" content=\"Sanatate.md\" \/>\n<meta property=\"article:modified_time\" content=\"2018-01-17T08:02:54+00:00\" \/>\n<meta name=\"twitter:card\" content=\"summary_large_image\" \/>\n<meta name=\"twitter:label1\" content=\"Timp estimat pentru citire\" \/>\n\t<meta name=\"twitter:data1\" content=\"3 minute\" \/>\n<script type=\"application\/ld+json\" class=\"yoast-schema-graph\">{\"@context\":\"https:\\\/\\\/schema.org\",\"@graph\":[{\"@type\":\"WebPage\",\"@id\":\"https:\\\/\\\/sanatate.md\\\/ro\\\/boli-si-tratament\\\/afectiuni-psihice\\\/bulimia\\\/\",\"url\":\"https:\\\/\\\/sanatate.md\\\/ro\\\/boli-si-tratament\\\/afectiuni-psihice\\\/bulimia\\\/\",\"name\":\"Bulimia\",\"isPartOf\":{\"@id\":\"https:\\\/\\\/sanatate.md\\\/ro\\\/#website\"},\"datePublished\":\"2018-01-17T08:02:12+00:00\",\"dateModified\":\"2018-01-17T08:02:54+00:00\",\"description\":\"Bulimia se caracterizeaz\u0103 prin tulburarea func\u0163ion\u0103rii tractului digestiv. Bulimia se poate de diagnosticat la etapa incipient\u0103 \u00een condi\u0163ii casnice desinest\u0103t\u0103tor.\",\"breadcrumb\":{\"@id\":\"https:\\\/\\\/sanatate.md\\\/ro\\\/boli-si-tratament\\\/afectiuni-psihice\\\/bulimia\\\/#breadcrumb\"},\"inLanguage\":\"ro-RO\",\"potentialAction\":[{\"@type\":\"ReadAction\",\"target\":[\"https:\\\/\\\/sanatate.md\\\/ro\\\/boli-si-tratament\\\/afectiuni-psihice\\\/bulimia\\\/\"]}]},{\"@type\":\"BreadcrumbList\",\"@id\":\"https:\\\/\\\/sanatate.md\\\/ro\\\/boli-si-tratament\\\/afectiuni-psihice\\\/bulimia\\\/#breadcrumb\",\"itemListElement\":[{\"@type\":\"ListItem\",\"position\":1,\"name\":\"\u0413\u043b\u0430\u0432\u043d\u0430\u044f \u0441\u0442\u0440\u0430\u043d\u0438\u0446\u0430\",\"item\":\"https:\\\/\\\/sanatate.md\\\/ro\\\/\"},{\"@type\":\"ListItem\",\"position\":2,\"name\":\"Boli si tratament\",\"item\":\"https:\\\/\\\/sanatate.md\\\/ro\\\/boli-si-tratament\\\/\"},{\"@type\":\"ListItem\",\"position\":3,\"name\":\"Afec\u021biuni psihice\",\"item\":\"https:\\\/\\\/sanatate.md\\\/ro\\\/boli-si-tratament\\\/afectiuni-psihice\\\/\"},{\"@type\":\"ListItem\",\"position\":4,\"name\":\"Bulimia\"}]},{\"@type\":\"WebSite\",\"@id\":\"https:\\\/\\\/sanatate.md\\\/ro\\\/#website\",\"url\":\"https:\\\/\\\/sanatate.md\\\/ro\\\/\",\"name\":\"Sanatate.md\",\"description\":\"\u0416\u0443\u0440\u043d\u0430\u043b \u0434\u043b\u044f \u0432\u0441\u0435\u0439 \u0441\u0435\u043c\u044c\u0438 \u0432 \u041c\u043e\u043b\u0434\u043e\u0432\u0435\",\"publisher\":{\"@id\":\"https:\\\/\\\/sanatate.md\\\/ro\\\/#organization\"},\"potentialAction\":[{\"@type\":\"SearchAction\",\"target\":{\"@type\":\"EntryPoint\",\"urlTemplate\":\"https:\\\/\\\/sanatate.md\\\/ro\\\/?s={search_term_string}\"},\"query-input\":{\"@type\":\"PropertyValueSpecification\",\"valueRequired\":true,\"valueName\":\"search_term_string\"}}],\"inLanguage\":\"ro-RO\"},{\"@type\":\"Organization\",\"@id\":\"https:\\\/\\\/sanatate.md\\\/ro\\\/#organization\",\"name\":\"SANATATE\",\"url\":\"https:\\\/\\\/sanatate.md\\\/ro\\\/\",\"logo\":{\"@type\":\"ImageObject\",\"inLanguage\":\"ro-RO\",\"@id\":\"https:\\\/\\\/sanatate.md\\\/ro\\\/#\\\/schema\\\/logo\\\/image\\\/\",\"url\":\"https:\\\/\\\/sanatate.md\\\/wp-content\\\/uploads\\\/2022\\\/01\\\/sanatate-logo.svg\",\"contentUrl\":\"https:\\\/\\\/sanatate.md\\\/wp-content\\\/uploads\\\/2022\\\/01\\\/sanatate-logo.svg\",\"width\":\"1024\",\"height\":\"1024\",\"caption\":\"SANATATE\"},\"image\":{\"@id\":\"https:\\\/\\\/sanatate.md\\\/ro\\\/#\\\/schema\\\/logo\\\/image\\\/\"}}]}<\/script>\n<!-- \/ Yoast SEO plugin. -->","yoast_head_json":{"title":"Bulimia","description":"Bulimia se caracterizeaz\u0103 prin tulburarea func\u0163ion\u0103rii tractului digestiv. Bulimia se poate de diagnosticat la etapa incipient\u0103 \u00een condi\u0163ii casnice desinest\u0103t\u0103tor.","robots":{"index":"index","follow":"follow","max-snippet":"max-snippet:-1","max-image-preview":"max-image-preview:large","max-video-preview":"max-video-preview:-1"},"canonical":"https:\/\/sanatate.md\/ro\/boli-si-tratament\/afectiuni-psihice\/bulimia\/","og_locale":"ro_RO","og_type":"article","og_title":"Bulimia","og_description":"Bulimia se caracterizeaz\u0103 prin tulburarea func\u0163ion\u0103rii tractului digestiv. Bulimia se poate de diagnosticat la etapa incipient\u0103 \u00een condi\u0163ii casnice desinest\u0103t\u0103tor.","og_url":"https:\/\/sanatate.md\/ro\/boli-si-tratament\/afectiuni-psihice\/bulimia\/","og_site_name":"Sanatate.md","article_modified_time":"2018-01-17T08:02:54+00:00","twitter_card":"summary_large_image","twitter_misc":{"Timp estimat pentru citire":"3 minute"},"schema":{"@context":"https:\/\/schema.org","@graph":[{"@type":"WebPage","@id":"https:\/\/sanatate.md\/ro\/boli-si-tratament\/afectiuni-psihice\/bulimia\/","url":"https:\/\/sanatate.md\/ro\/boli-si-tratament\/afectiuni-psihice\/bulimia\/","name":"Bulimia","isPartOf":{"@id":"https:\/\/sanatate.md\/ro\/#website"},"datePublished":"2018-01-17T08:02:12+00:00","dateModified":"2018-01-17T08:02:54+00:00","description":"Bulimia se caracterizeaz\u0103 prin tulburarea func\u0163ion\u0103rii tractului digestiv. Bulimia se poate de diagnosticat la etapa incipient\u0103 \u00een condi\u0163ii casnice desinest\u0103t\u0103tor.","breadcrumb":{"@id":"https:\/\/sanatate.md\/ro\/boli-si-tratament\/afectiuni-psihice\/bulimia\/#breadcrumb"},"inLanguage":"ro-RO","potentialAction":[{"@type":"ReadAction","target":["https:\/\/sanatate.md\/ro\/boli-si-tratament\/afectiuni-psihice\/bulimia\/"]}]},{"@type":"BreadcrumbList","@id":"https:\/\/sanatate.md\/ro\/boli-si-tratament\/afectiuni-psihice\/bulimia\/#breadcrumb","itemListElement":[{"@type":"ListItem","position":1,"name":"\u0413\u043b\u0430\u0432\u043d\u0430\u044f \u0441\u0442\u0440\u0430\u043d\u0438\u0446\u0430","item":"https:\/\/sanatate.md\/ro\/"},{"@type":"ListItem","position":2,"name":"Boli si tratament","item":"https:\/\/sanatate.md\/ro\/boli-si-tratament\/"},{"@type":"ListItem","position":3,"name":"Afec\u021biuni psihice","item":"https:\/\/sanatate.md\/ro\/boli-si-tratament\/afectiuni-psihice\/"},{"@type":"ListItem","position":4,"name":"Bulimia"}]},{"@type":"WebSite","@id":"https:\/\/sanatate.md\/ro\/#website","url":"https:\/\/sanatate.md\/ro\/","name":"Sanatate.md","description":"\u0416\u0443\u0440\u043d\u0430\u043b \u0434\u043b\u044f \u0432\u0441\u0435\u0439 \u0441\u0435\u043c\u044c\u0438 \u0432 \u041c\u043e\u043b\u0434\u043e\u0432\u0435","publisher":{"@id":"https:\/\/sanatate.md\/ro\/#organization"},"potentialAction":[{"@type":"SearchAction","target":{"@type":"EntryPoint","urlTemplate":"https:\/\/sanatate.md\/ro\/?s={search_term_string}"},"query-input":{"@type":"PropertyValueSpecification","valueRequired":true,"valueName":"search_term_string"}}],"inLanguage":"ro-RO"},{"@type":"Organization","@id":"https:\/\/sanatate.md\/ro\/#organization","name":"SANATATE","url":"https:\/\/sanatate.md\/ro\/","logo":{"@type":"ImageObject","inLanguage":"ro-RO","@id":"https:\/\/sanatate.md\/ro\/#\/schema\/logo\/image\/","url":"https:\/\/sanatate.md\/wp-content\/uploads\/2022\/01\/sanatate-logo.svg","contentUrl":"https:\/\/sanatate.md\/wp-content\/uploads\/2022\/01\/sanatate-logo.svg","width":"1024","height":"1024","caption":"SANATATE"},"image":{"@id":"https:\/\/sanatate.md\/ro\/#\/schema\/logo\/image\/"}}]}},"_links":{"self":[{"href":"https:\/\/sanatate.md\/ro\/wp-json\/wp\/v2\/pages\/49991","targetHints":{"allow":["GET"]}}],"collection":[{"href":"https:\/\/sanatate.md\/ro\/wp-json\/wp\/v2\/pages"}],"about":[{"href":"https:\/\/sanatate.md\/ro\/wp-json\/wp\/v2\/types\/page"}],"author":[{"embeddable":true,"href":"https:\/\/sanatate.md\/ro\/wp-json\/wp\/v2\/users\/28"}],"replies":[{"embeddable":true,"href":"https:\/\/sanatate.md\/ro\/wp-json\/wp\/v2\/comments?post=49991"}],"version-history":[{"count":0,"href":"https:\/\/sanatate.md\/ro\/wp-json\/wp\/v2\/pages\/49991\/revisions"}],"up":[{"embeddable":true,"href":"https:\/\/sanatate.md\/ro\/wp-json\/wp\/v2\/pages\/53026"}],"wp:attachment":[{"href":"https:\/\/sanatate.md\/ro\/wp-json\/wp\/v2\/media?parent=49991"}],"curies":[{"name":"wp","href":"https:\/\/api.w.org\/{rel}","templated":true}]}}