{"id":49999,"date":"2018-01-17T11:16:15","date_gmt":"2018-01-17T08:16:15","guid":{"rendered":"https:\/\/sanatate.md\/?page_id=49999"},"modified":"2018-01-17T11:23:12","modified_gmt":"2018-01-17T08:23:12","slug":"candidoza","status":"publish","type":"page","link":"https:\/\/sanatate.md\/ro\/boli-si-tratament\/boli-infectioase\/candidoza\/","title":{"rendered":"Candidoza"},"content":{"rendered":"<p>Candidoza este o maladie provocat\u0103 de ciupercile din familia Candida. Dup\u0103 cum consider\u0103 speciali\u015ftii aceste ciuperci sunt patogene \u015fi se afl\u0103 mereu \u00een organismul uman, nemanifest\u00e2ndu-se \u00een nici un fel \u015fi neaduc\u00e2nd nici un fel de daun\u0103 omului. Apari\u0163ia candidei este provocat\u0103 de ciupercile Candida albicans \u015fi Candida tropicalis.<\/p>\n<p>Maladia apare \u00een cazul tulbur\u0103rii balan\u0163ei microflorei: \u00een cazul dat num\u0103rul de ciuperci Candida e \u00een cre\u015ftere. De obicei aceast\u0103 stare boln\u0103vicioas\u0103 e provocat\u0103 de \u00eentrebuin\u0163area de antibiotice deoarece preparatele medicamentoase \u00een cauz\u0103 sunt capabile nu doar s\u0103 distrug\u0103 bacteriile d\u0103un\u0103toare, dar \u015fi pe cele benefice, care nu permit \u00eenmul\u0163irea ciupercilor de tip Candida.<\/p>\n<p>Boala foarte des se manifest\u0103 la persoanele care au o imunitate sc\u0103zut\u0103 care r\u0103spunde de p\u0103strarea microflorei normale.<\/p>\n<p>E posibil\u0103 apari\u0163ia candidei la urm\u0103toarele organe ca:<\/p>\n<ul>\n<li>Vaginul;<\/li>\n<li>G\u00e2tul,<\/li>\n<li>Esofagul;<\/li>\n<li>Cavitatea bucal\u0103;<\/li>\n<li>Stratul cutanat;<\/li>\n<li>Intestinul \u015f.a.<\/li>\n<\/ul>\n<h3>Candidoza la copii<\/h3>\n<p>\u00cen dependen\u0163\u0103 de locul localiz\u0103rii sunt determinate diferite tipuri ale maladiei \u00een cauz\u0103. La copii maladia adeseori se manifest\u0103 \u00een cavitatea bucal\u0103: pe limb\u0103, pe mucoasa cochilei interioare a obrajilor se formeaz\u0103 pl\u0103ci de culoarea alb\u0103, copilul simte un discomfort \u00een timpul \u00eenghi\u0163irii. Candidoza limbii la bebelu\u015fii \u00een timpul al\u0103pt\u0103rii apare din cauza nerespect\u0103rii igienei a glandelor mamare de c\u0103tre m\u0103mici.<\/p>\n<p>Starea boln\u0103vicioas\u0103 \u00een cavitatea bucal\u0103 poate ap\u0103rea \u015fi la oamenii v\u00e2rstnici, la fel \u015fi la persoanele care au imunitatea sc\u0103zut\u0103 (de exemplu la persoanele care au form\u0103ri maligne).<\/p>\n<h3>Simptome ale st\u0103rii boln\u0103vicioase ale stratului cutanat<\/h3>\n<p>Candidoza stratului cutanat se manifest\u0103 prin pete de culoarea roz \u015fi maro pe care se exfoliaz\u0103 pielea \u015fi apar cruste.<\/p>\n<h3>Candidoza la femei<\/h3>\n<p>La reprezentantele de sex femenin candidoza se manifest\u0103 prin apari\u0163ia candidozei vaginale.<\/p>\n<p>Simptomele candidozei vaginale:<\/p>\n<ul>\n<li>Elimin\u0103ri abundente de tip br\u00e2nzos;<\/li>\n<li>M\u00e2nc\u0103rimi, discomfort \u00een regiunea de suprafa\u0163\u0103 a organelor genitale;<\/li>\n<li>T\u0103ieturi sau discomfort \u00een timpul unui act sexual.<\/li>\n<\/ul>\n<p>La b\u0103rba\u0163i e posibil\u0103 apari\u0163ia candidozei urogenitale.<\/p>\n<p>Semne ale st\u0103rii boln\u0103vicioase:<\/p>\n<ul>\n<li>Pl\u0103ci de culoarea alb\u0103 pe capul penisului \u015fi prepu\u0163;<\/li>\n<li>M\u00e2nc\u0103rimi, discomfort,<\/li>\n<li>\u00cenro\u015firea mucoasei penisului.<\/li>\n<\/ul>\n<h3>Candidoza la b\u0103rba\u0163i<\/h3>\n<p>Candidoza la b\u0103rba\u0163i \u00een majoritatea cazurilor este provocat\u0103 de candidoza care este la partenera lui \u015fi din aceast\u0103 cauz\u0103 e necesar de \u00eenl\u0103turat cauza \u015fi de efectuat un tratament \u00een comun. Starea boln\u0103vicioas\u0103 \u00een cauz\u0103 nu este considerat\u0103 veneric\u0103, ea poate ap\u0103rea nu numai \u00een urma unui act sexual.<br \/>\nAlte tipuri ale st\u0103rii boln\u0103vicioase \u00een cauz\u0103 sunt diagnosticate mult mai t\u00eerziu.<br \/>\n\u00cen cazul \u00een care se manifest\u0103 candidoza intestinului se observ\u0103 urm\u0103toarele simptome: diaree, meteorism, dureri \u00een abdomen, \u00een masele fecale persist\u0103 fulgii albi \u015fi mucoasa.<br \/>\nCiupercile de tip Candida sunt capabile s\u0103 afecteze pl\u0103m\u00e2nii, esofagul, creierul, inima \u015fi alte organe interne. \u00cen cazul \u00een care agen\u0163ii patogeni ai ciupercilor nimeresc \u00een s\u00e2nge e posibil\u0103 apari\u0163ia candidozei septice.<\/p>\n<h3>Tratare<\/h3>\n<p>Pentru tratarea maladiei \u00een cauz\u0103 se folosesc preparate contra ciupercii ca: Clotrimazolul, Fluconazolul, Miconazolul, Izocanazolul.<\/p>\n","protected":false},"excerpt":{"rendered":"<p>Candidoza este o maladie provocat\u0103 de ciupercile din familia Candida. Dup\u0103 cum consider\u0103 speciali\u015ftii aceste ciuperci sunt patogene \u015fi se afl\u0103 mereu \u00een organismul uman, nemanifest\u00e2ndu-se \u00een nici un fel \u015fi neaduc\u00e2nd nici un fel de daun\u0103 omului. Apari\u0163ia candidei este provocat\u0103 de ciupercile Candida albicans \u015fi Candida tropicalis. Maladia apare \u00een cazul tulbur\u0103rii balan\u0163ei [&hellip;]<\/p>\n","protected":false},"author":28,"featured_media":0,"parent":43668,"menu_order":0,"comment_status":"closed","ping_status":"closed","template":"","meta":{"inline_featured_image":false,"footnotes":""},"class_list":["post-49999","page","type-page","status-publish"],"yoast_head":"<!-- This site is optimized with the Yoast SEO plugin v27.3 - https:\/\/yoast.com\/product\/yoast-seo-wordpress\/ -->\n<title>Candidoza<\/title>\n<meta name=\"description\" content=\"Candidoza este o maladie provocat\u0103 de ciupercile din familia Candida. Dup\u0103 cum consider\u0103 speciali\u015ftii aceste ciuperci sunt patogene \u015fi se afl\u0103 mereu \u00een organismul uman, nemanifest\u00e2ndu-se \u00een nici un fel \u015fi neaduc\u00e2nd nici un fel de daun\u0103 omului.\" \/>\n<meta name=\"robots\" content=\"index, follow, max-snippet:-1, max-image-preview:large, max-video-preview:-1\" \/>\n<link rel=\"canonical\" href=\"https:\/\/sanatate.md\/ro\/boli-si-tratament\/boli-infectioase\/candidoza\/\" \/>\n<meta property=\"og:locale\" content=\"ro_RO\" \/>\n<meta property=\"og:type\" content=\"article\" \/>\n<meta property=\"og:title\" content=\"Candidoza\" \/>\n<meta property=\"og:description\" content=\"Candidoza este o maladie provocat\u0103 de ciupercile din familia Candida. Dup\u0103 cum consider\u0103 speciali\u015ftii aceste ciuperci sunt patogene \u015fi se afl\u0103 mereu \u00een organismul uman, nemanifest\u00e2ndu-se \u00een nici un fel \u015fi neaduc\u00e2nd nici un fel de daun\u0103 omului.\" \/>\n<meta property=\"og:url\" content=\"https:\/\/sanatate.md\/ro\/boli-si-tratament\/boli-infectioase\/candidoza\/\" \/>\n<meta property=\"og:site_name\" content=\"Sanatate.md\" \/>\n<meta property=\"article:modified_time\" content=\"2018-01-17T08:23:12+00:00\" \/>\n<meta name=\"twitter:card\" content=\"summary_large_image\" \/>\n<meta name=\"twitter:label1\" content=\"Timp estimat pentru citire\" \/>\n\t<meta name=\"twitter:data1\" content=\"3 minute\" \/>\n<script type=\"application\/ld+json\" class=\"yoast-schema-graph\">{\"@context\":\"https:\\\/\\\/schema.org\",\"@graph\":[{\"@type\":\"WebPage\",\"@id\":\"https:\\\/\\\/sanatate.md\\\/ro\\\/boli-si-tratament\\\/boli-infectioase\\\/candidoza\\\/\",\"url\":\"https:\\\/\\\/sanatate.md\\\/ro\\\/boli-si-tratament\\\/boli-infectioase\\\/candidoza\\\/\",\"name\":\"Candidoza\",\"isPartOf\":{\"@id\":\"https:\\\/\\\/sanatate.md\\\/ro\\\/#website\"},\"datePublished\":\"2018-01-17T08:16:15+00:00\",\"dateModified\":\"2018-01-17T08:23:12+00:00\",\"description\":\"Candidoza este o maladie provocat\u0103 de ciupercile din familia Candida. Dup\u0103 cum consider\u0103 speciali\u015ftii aceste ciuperci sunt patogene \u015fi se afl\u0103 mereu \u00een organismul uman, nemanifest\u00e2ndu-se \u00een nici un fel \u015fi neaduc\u00e2nd nici un fel de daun\u0103 omului.\",\"breadcrumb\":{\"@id\":\"https:\\\/\\\/sanatate.md\\\/ro\\\/boli-si-tratament\\\/boli-infectioase\\\/candidoza\\\/#breadcrumb\"},\"inLanguage\":\"ro-RO\",\"potentialAction\":[{\"@type\":\"ReadAction\",\"target\":[\"https:\\\/\\\/sanatate.md\\\/ro\\\/boli-si-tratament\\\/boli-infectioase\\\/candidoza\\\/\"]}]},{\"@type\":\"BreadcrumbList\",\"@id\":\"https:\\\/\\\/sanatate.md\\\/ro\\\/boli-si-tratament\\\/boli-infectioase\\\/candidoza\\\/#breadcrumb\",\"itemListElement\":[{\"@type\":\"ListItem\",\"position\":1,\"name\":\"\u0413\u043b\u0430\u0432\u043d\u0430\u044f \u0441\u0442\u0440\u0430\u043d\u0438\u0446\u0430\",\"item\":\"https:\\\/\\\/sanatate.md\\\/ro\\\/\"},{\"@type\":\"ListItem\",\"position\":2,\"name\":\"Boli si tratament\",\"item\":\"https:\\\/\\\/sanatate.md\\\/ro\\\/boli-si-tratament\\\/\"},{\"@type\":\"ListItem\",\"position\":3,\"name\":\"Boli infec\u021bioase\",\"item\":\"https:\\\/\\\/sanatate.md\\\/ro\\\/boli-si-tratament\\\/boli-infectioase\\\/\"},{\"@type\":\"ListItem\",\"position\":4,\"name\":\"Candidoza\"}]},{\"@type\":\"WebSite\",\"@id\":\"https:\\\/\\\/sanatate.md\\\/ro\\\/#website\",\"url\":\"https:\\\/\\\/sanatate.md\\\/ro\\\/\",\"name\":\"Sanatate.md\",\"description\":\"\u0416\u0443\u0440\u043d\u0430\u043b \u0434\u043b\u044f \u0432\u0441\u0435\u0439 \u0441\u0435\u043c\u044c\u0438 \u0432 \u041c\u043e\u043b\u0434\u043e\u0432\u0435\",\"publisher\":{\"@id\":\"https:\\\/\\\/sanatate.md\\\/ro\\\/#organization\"},\"potentialAction\":[{\"@type\":\"SearchAction\",\"target\":{\"@type\":\"EntryPoint\",\"urlTemplate\":\"https:\\\/\\\/sanatate.md\\\/ro\\\/?s={search_term_string}\"},\"query-input\":{\"@type\":\"PropertyValueSpecification\",\"valueRequired\":true,\"valueName\":\"search_term_string\"}}],\"inLanguage\":\"ro-RO\"},{\"@type\":\"Organization\",\"@id\":\"https:\\\/\\\/sanatate.md\\\/ro\\\/#organization\",\"name\":\"SANATATE\",\"url\":\"https:\\\/\\\/sanatate.md\\\/ro\\\/\",\"logo\":{\"@type\":\"ImageObject\",\"inLanguage\":\"ro-RO\",\"@id\":\"https:\\\/\\\/sanatate.md\\\/ro\\\/#\\\/schema\\\/logo\\\/image\\\/\",\"url\":\"https:\\\/\\\/sanatate.md\\\/wp-content\\\/uploads\\\/2022\\\/01\\\/sanatate-logo.svg\",\"contentUrl\":\"https:\\\/\\\/sanatate.md\\\/wp-content\\\/uploads\\\/2022\\\/01\\\/sanatate-logo.svg\",\"width\":\"1024\",\"height\":\"1024\",\"caption\":\"SANATATE\"},\"image\":{\"@id\":\"https:\\\/\\\/sanatate.md\\\/ro\\\/#\\\/schema\\\/logo\\\/image\\\/\"}}]}<\/script>\n<!-- \/ Yoast SEO plugin. -->","yoast_head_json":{"title":"Candidoza","description":"Candidoza este o maladie provocat\u0103 de ciupercile din familia Candida. Dup\u0103 cum consider\u0103 speciali\u015ftii aceste ciuperci sunt patogene \u015fi se afl\u0103 mereu \u00een organismul uman, nemanifest\u00e2ndu-se \u00een nici un fel \u015fi neaduc\u00e2nd nici un fel de daun\u0103 omului.","robots":{"index":"index","follow":"follow","max-snippet":"max-snippet:-1","max-image-preview":"max-image-preview:large","max-video-preview":"max-video-preview:-1"},"canonical":"https:\/\/sanatate.md\/ro\/boli-si-tratament\/boli-infectioase\/candidoza\/","og_locale":"ro_RO","og_type":"article","og_title":"Candidoza","og_description":"Candidoza este o maladie provocat\u0103 de ciupercile din familia Candida. Dup\u0103 cum consider\u0103 speciali\u015ftii aceste ciuperci sunt patogene \u015fi se afl\u0103 mereu \u00een organismul uman, nemanifest\u00e2ndu-se \u00een nici un fel \u015fi neaduc\u00e2nd nici un fel de daun\u0103 omului.","og_url":"https:\/\/sanatate.md\/ro\/boli-si-tratament\/boli-infectioase\/candidoza\/","og_site_name":"Sanatate.md","article_modified_time":"2018-01-17T08:23:12+00:00","twitter_card":"summary_large_image","twitter_misc":{"Timp estimat pentru citire":"3 minute"},"schema":{"@context":"https:\/\/schema.org","@graph":[{"@type":"WebPage","@id":"https:\/\/sanatate.md\/ro\/boli-si-tratament\/boli-infectioase\/candidoza\/","url":"https:\/\/sanatate.md\/ro\/boli-si-tratament\/boli-infectioase\/candidoza\/","name":"Candidoza","isPartOf":{"@id":"https:\/\/sanatate.md\/ro\/#website"},"datePublished":"2018-01-17T08:16:15+00:00","dateModified":"2018-01-17T08:23:12+00:00","description":"Candidoza este o maladie provocat\u0103 de ciupercile din familia Candida. Dup\u0103 cum consider\u0103 speciali\u015ftii aceste ciuperci sunt patogene \u015fi se afl\u0103 mereu \u00een organismul uman, nemanifest\u00e2ndu-se \u00een nici un fel \u015fi neaduc\u00e2nd nici un fel de daun\u0103 omului.","breadcrumb":{"@id":"https:\/\/sanatate.md\/ro\/boli-si-tratament\/boli-infectioase\/candidoza\/#breadcrumb"},"inLanguage":"ro-RO","potentialAction":[{"@type":"ReadAction","target":["https:\/\/sanatate.md\/ro\/boli-si-tratament\/boli-infectioase\/candidoza\/"]}]},{"@type":"BreadcrumbList","@id":"https:\/\/sanatate.md\/ro\/boli-si-tratament\/boli-infectioase\/candidoza\/#breadcrumb","itemListElement":[{"@type":"ListItem","position":1,"name":"\u0413\u043b\u0430\u0432\u043d\u0430\u044f \u0441\u0442\u0440\u0430\u043d\u0438\u0446\u0430","item":"https:\/\/sanatate.md\/ro\/"},{"@type":"ListItem","position":2,"name":"Boli si tratament","item":"https:\/\/sanatate.md\/ro\/boli-si-tratament\/"},{"@type":"ListItem","position":3,"name":"Boli infec\u021bioase","item":"https:\/\/sanatate.md\/ro\/boli-si-tratament\/boli-infectioase\/"},{"@type":"ListItem","position":4,"name":"Candidoza"}]},{"@type":"WebSite","@id":"https:\/\/sanatate.md\/ro\/#website","url":"https:\/\/sanatate.md\/ro\/","name":"Sanatate.md","description":"\u0416\u0443\u0440\u043d\u0430\u043b \u0434\u043b\u044f \u0432\u0441\u0435\u0439 \u0441\u0435\u043c\u044c\u0438 \u0432 \u041c\u043e\u043b\u0434\u043e\u0432\u0435","publisher":{"@id":"https:\/\/sanatate.md\/ro\/#organization"},"potentialAction":[{"@type":"SearchAction","target":{"@type":"EntryPoint","urlTemplate":"https:\/\/sanatate.md\/ro\/?s={search_term_string}"},"query-input":{"@type":"PropertyValueSpecification","valueRequired":true,"valueName":"search_term_string"}}],"inLanguage":"ro-RO"},{"@type":"Organization","@id":"https:\/\/sanatate.md\/ro\/#organization","name":"SANATATE","url":"https:\/\/sanatate.md\/ro\/","logo":{"@type":"ImageObject","inLanguage":"ro-RO","@id":"https:\/\/sanatate.md\/ro\/#\/schema\/logo\/image\/","url":"https:\/\/sanatate.md\/wp-content\/uploads\/2022\/01\/sanatate-logo.svg","contentUrl":"https:\/\/sanatate.md\/wp-content\/uploads\/2022\/01\/sanatate-logo.svg","width":"1024","height":"1024","caption":"SANATATE"},"image":{"@id":"https:\/\/sanatate.md\/ro\/#\/schema\/logo\/image\/"}}]}},"_links":{"self":[{"href":"https:\/\/sanatate.md\/ro\/wp-json\/wp\/v2\/pages\/49999","targetHints":{"allow":["GET"]}}],"collection":[{"href":"https:\/\/sanatate.md\/ro\/wp-json\/wp\/v2\/pages"}],"about":[{"href":"https:\/\/sanatate.md\/ro\/wp-json\/wp\/v2\/types\/page"}],"author":[{"embeddable":true,"href":"https:\/\/sanatate.md\/ro\/wp-json\/wp\/v2\/users\/28"}],"replies":[{"embeddable":true,"href":"https:\/\/sanatate.md\/ro\/wp-json\/wp\/v2\/comments?post=49999"}],"version-history":[{"count":0,"href":"https:\/\/sanatate.md\/ro\/wp-json\/wp\/v2\/pages\/49999\/revisions"}],"up":[{"embeddable":true,"href":"https:\/\/sanatate.md\/ro\/wp-json\/wp\/v2\/pages\/43668"}],"wp:attachment":[{"href":"https:\/\/sanatate.md\/ro\/wp-json\/wp\/v2\/media?parent=49999"}],"curies":[{"name":"wp","href":"https:\/\/api.w.org\/{rel}","templated":true}]}}