{"id":50014,"date":"2018-01-17T11:47:11","date_gmt":"2018-01-17T08:47:11","guid":{"rendered":"https:\/\/sanatate.md\/?page_id=50014"},"modified":"2018-01-17T11:47:11","modified_gmt":"2018-01-17T08:47:11","slug":"anemia-provocata-de-deficitul-de-fier","status":"publish","type":"page","link":"https:\/\/sanatate.md\/ro\/boli-si-tratament\/boli-comune\/anemia-provocata-de-deficitul-de-fier\/","title":{"rendered":"Anemia provocat\u0103 de deficitul de fier"},"content":{"rendered":"<p>Anemia provocat\u0103 de deficitul de fier se caracterizeaz\u0103 prin tulburarea producerii de hemoglobin\u0103 ca rezultat al deficitului de fier ce duce rspectiv la anemie \u015fi sideropenie. \u00cen majoritatea cazurilor maladia \u00een cauz\u0103 se manifest\u0103 mai mult la femei.<\/p>\n<h3>Stadii<\/h3>\n<p>\u00cen dependen\u0163\u0103 de gradul de deficien\u0163\u0103 a fierului \u00een organism putem distinge trei stadii:<\/p>\n<p>1. Deficien\u0163a de fier de tip prelatent care se caracterizeaz\u0103 prin lipsa simptomelor clinice, iar diagnoza poate fi pus\u0103 numai \u00een baza determin\u0103rii nivelului de feritin\u0103 \u00een s\u00e2nge.<\/p>\n<p>2. Deficien\u0163a de fier de tip latent se caracterizeaz\u0103 prin tulburarea procesului de aprovizionare cu fier a \u0163esuturilor, drept rezultat se observ\u0103 o sc\u0103dere a nivelului de activitate a fermen\u0163ilor catalazei \u015fi citocromilor ceea ce duce la dezvoltarea sindromului de form\u0103 sideropenic\u0103.<\/p>\n<p>Simptomele clinice ale sindromului \u00een cauz\u0103 sunt:<\/p>\n<ul>\n<li>Perversiunea gustului;<\/li>\n<li>Pofta de m\u00eencare s\u0103rat\u0103 \u015fi picant\u0103;<\/li>\n<li>Sl\u0103biciune \u00een \u0163esuturile musculare;<\/li>\n<li>Schimb\u0103ri distrofice ale stratului cutanat \u015fi ale apendicelui.<\/li>\n<\/ul>\n<p>3. Anemia cauzat\u0103 de deficien\u0163a de fier este caracterizat\u0103 prin dou\u0103 etape:<\/p>\n<ul>\n<li>Etapa acuns\u0103 de deficien\u0163\u0103 de fier;<\/li>\n<li>Etapa clar\u0103 de manifestare a anemiei care este provocat\u0103 de deficien\u0163a de fier.<\/li>\n<\/ul>\n<h3>Cauzele apari\u0163iei<\/h3>\n<p>Semnalul esen\u0163ial al maladiei \u00een cauz\u0103 este deficitul componen\u0163ilor de fier din organism care \u00een majoritatea cazurilor este provocat de alimentarea incorect\u0103, pierderi de s\u00e2nge de form\u0103 cronic\u0103 \u015f.a.<\/p>\n<p>Anemia este provocat\u0103 de felurite pierderi de s\u00e2nge ca:<\/p>\n<ul>\n<li>S\u00e2nger\u0103rile abundente \u00een timpul ciclului menstrual care \u0163in mai mult de cinci zile;<\/li>\n<li>Pierderile de s\u00e2nge \u00een timpul na\u015fterii;<\/li>\n<li>Pierderi de s\u00e2nge esen\u0163iale dup\u0103 anumite interven\u0163ii chirurgicale sau dup\u0103 anumite traume;<\/li>\n<li>Donarea frecvent\u0103 de s\u00e2nge;<\/li>\n<li>S\u00e2nger\u0103rile de form\u0103 cronic\u0103 care sunt cauzate de a\u015fa maladii ca: hemoroizii, gastrita, glomerulonefrita \u015f.a.<\/li>\n<\/ul>\n<p>\u00cen cazul \u00een care pacientul sufer\u0103 de gastrit\u0103; boala \u00een cauz\u0103 apare din cauza asimil\u0103rii proaste a componen\u0163ilor de fier. La fel anemia poate ap\u0103rea din cauza deficien\u0163ei de fier \u00een m\u0103duva osoas\u0103 unde are loc producerea hemoglobinei.<\/p>\n<h3>Simptome<\/h3>\n<p>Manifestarea maladiei \u00een cauz\u0103 nu este prompt\u0103 \u015fi din aceast\u0103 cauz\u0103 semnele ei nu \u00eentotdeauna sunt evidente.<\/p>\n<p>Semnele esen\u0163iale ale anemiei provocate de deficien\u0163a de fier sunt:<\/p>\n<ul>\n<li>Exfolierea, deformarea \u015fi fragilitatea unghiilor;<\/li>\n<li>Despicarea p\u0103rului;<\/li>\n<li>Stratul cutanat palid \u015fi uscat;<\/li>\n<li>Apari\u0163ia r\u0103nilor \u00een zona col\u0163urilor cavit\u0103\u0163ii orale;<\/li>\n<li>Sl\u0103biciune general\u0103 \u015fi stare general\u0103 de r\u0103u a organismului;<\/li>\n<li>Ame\u0163elile;<\/li>\n<li>Migrenele;<\/li>\n<li>Apari\u0163ia puncti\u015foarelor negre \u00een fa\u0163a ochilor;<\/li>\n<li>Le\u015finuri,<\/li>\n<li>Dificultatea \u00een \u00eenghi\u0163irea alimentelor de o consisten\u0163\u0103 uscat\u0103.<\/li>\n<\/ul>\n<p>La fel foarte des \u00een timp ce persoana sufer\u0103 de anemie se observ\u0103 schimb\u0103ri ce \u0163in de sim\u0163ul gustului \u015fi a mirosului:<\/p>\n<ul>\n<li>Apare dorin\u0163a de a m\u00e2nca z\u0103pad\u0103,cret\u0103 sau aluat crud;<\/li>\n<li>\u00cencep s\u0103 plac\u0103 a\u015fa mirosuri ce le eman\u0103: acetona, oja de unghii, naftalina \u015fi benzina.<\/li>\n<\/ul>\n<p>Copiii care sufer\u0103 de m aladia \u00een cauz\u0103 foarte des \u00eenva\u0163\u0103 prost, sunt len\u0163i \u015fi sl\u0103bu\u0163i, obosesc repede, sunt \u00eempr\u0103\u015ftia\u0163i. Aproape la 80 de % din ace\u015fti copii se manifest\u0103 sl\u0103biciunea masei musculare.<\/p>\n<h3>Tratare<\/h3>\n<p>E important ca s\u0103 avem o abordare complex\u0103 fa\u0163\u0103 de maladia \u00een cauz\u0103:<\/p>\n<ul>\n<li>\u00cenl\u0103turarea pierderilor de s\u00e2nge de form\u0103 cronic\u0103;<\/li>\n<li>Tratarea bolilor \u00een timpul c\u0103rora nu se asimileaz\u0103 suficient fierul,<\/li>\n<li>Corectarea regimului alimentar;<\/li>\n<li>Primirea medicamentelor ce con\u0163in componente ale fierului pe parcursul a c\u00e2teva luni.<\/li>\n<\/ul>\n<p>Pentru ca tratamentul s\u0103 fie eficient e necesar\u0103 \u00een mod obligatoriu respectarea dietei, care este direc\u0163ionat\u0103 pe ridicarea nivelului de hemoglobin\u0103. La \u00eentocmirea meniului trebuie s\u0103 se \u0163in\u0103 cont de faptul c\u0103 un om matur are nevoie de o cantitate de fier \u00eencep\u00e2nd de la 0,7 p\u00e2n\u0103 la 1g. pe zi chiar \u015fi mai mult, iar femeilor \u00eens\u0103rcinate le este necesar\u0103 o cantitate de la 4 p\u00e2n\u0103 la 6 mg.<\/p>\n<p>Pentru m\u0103rirea nivelului de hemoglobin\u0103 se recomand\u0103 de consumat carne de vit\u0103 deoarece 20-30 de % de fier care se con\u0163ine \u00een carnea dat\u0103 sunt asimilate de organismul uman. La fel se recomand\u0103 consumul de fructe de culoarea ro\u015fie ca: merele ro\u015fii \u015fi se mai recomand\u0103 consumul de vin ro\u015fu \u00een cantit\u0103\u0163i moderate.<\/p>\n<p>Mai contribuie la m\u0103rirea nivelului de hemoglobin\u0103 \u015fi consumul de produse care con\u0163in vitamina C ca: ardeiul dulce, citricele, m\u0103ce\u015ful. Trebuie de luat \u00een considera\u0163ie \u015fi faptul c\u0103 \u00eentrebuin\u0163area produselor lactate \u00een timpul trat\u0103rii maladiei \u00een cauz\u0103 mic\u015foreaz\u0103 considerabil asimilarrea componen\u0163ilor de fier.<\/p>\n<p>Primirea preparatelor ce con\u0163in fier poate duce la constipa\u0163ii \u015fi din aceast\u0103 cauz\u0103 e necesar de consumat c\u00e2t mai multe legume \u015fi fructe.<\/p>\n<h3>M\u0103suri de profilactic\u0103<\/h3>\n<p>Profilactica anemiei provocat\u0103 de deficien\u0163a de fier ar include urm\u0103toarele:<\/p>\n<ul>\n<li>Supravegerea regulat\u0103 a st\u0103rii s\u00e2ngelui,investigarea periodic\u0103 a s\u00e2ngelui ce \u0163ine de nivelul de hemoglobin\u0103;<\/li>\n<li>Consumul de produse ce con\u0163in fier: ficatul,carnea ro\u015fie \u015f.a.;<\/li>\n<li>Consumul de preparate ce con\u0163in fier;<\/li>\n<li>\u00cenl\u0103turarea la timp a surselor ce duc la pierderile de s\u00e2nge.<\/li>\n<\/ul>\n","protected":false},"excerpt":{"rendered":"<p>Anemia provocat\u0103 de deficitul de fier se caracterizeaz\u0103 prin tulburarea producerii de hemoglobin\u0103 ca rezultat al deficitului de fier ce duce rspectiv la anemie \u015fi sideropenie. \u00cen majoritatea cazurilor maladia \u00een cauz\u0103 se manifest\u0103 mai mult la femei. Stadii \u00cen dependen\u0163\u0103 de gradul de deficien\u0163\u0103 a fierului \u00een organism putem distinge trei stadii: 1. Deficien\u0163a [&hellip;]<\/p>\n","protected":false},"author":28,"featured_media":0,"parent":53020,"menu_order":0,"comment_status":"closed","ping_status":"closed","template":"","meta":{"inline_featured_image":false,"footnotes":""},"class_list":["post-50014","page","type-page","status-publish"],"yoast_head":"<!-- This site is optimized with the Yoast SEO plugin v27.3 - https:\/\/yoast.com\/product\/yoast-seo-wordpress\/ -->\n<title>Anemia provocat\u0103 de deficitul de fier<\/title>\n<meta name=\"description\" content=\"Anemia provocat\u0103 de deficitul de fier se caracterizeaz\u0103 prin tulburarea producerii de hemoglobin\u0103 ca rezultat al deficitului de fier ce duce rspectiv la anemie \u015fi sideropenie.\u00cen majoritatea cazurilor maladia \u00een cauz\u0103 se manifest\u0103 mai mult la femei.\" \/>\n<meta name=\"robots\" content=\"index, follow, max-snippet:-1, max-image-preview:large, max-video-preview:-1\" \/>\n<link rel=\"canonical\" href=\"https:\/\/sanatate.md\/ro\/boli-si-tratament\/boli-comune\/anemia-provocata-de-deficitul-de-fier\/\" \/>\n<meta property=\"og:locale\" content=\"ro_RO\" \/>\n<meta property=\"og:type\" content=\"article\" \/>\n<meta property=\"og:title\" content=\"Anemia provocat\u0103 de deficitul de fier\" \/>\n<meta property=\"og:description\" content=\"Anemia provocat\u0103 de deficitul de fier se caracterizeaz\u0103 prin tulburarea producerii de hemoglobin\u0103 ca rezultat al deficitului de fier ce duce rspectiv la anemie \u015fi sideropenie.\u00cen majoritatea cazurilor maladia \u00een cauz\u0103 se manifest\u0103 mai mult la femei.\" \/>\n<meta property=\"og:url\" content=\"https:\/\/sanatate.md\/ro\/boli-si-tratament\/boli-comune\/anemia-provocata-de-deficitul-de-fier\/\" \/>\n<meta property=\"og:site_name\" content=\"Sanatate.md\" \/>\n<meta name=\"twitter:card\" content=\"summary_large_image\" \/>\n<meta name=\"twitter:label1\" content=\"Timp estimat pentru citire\" \/>\n\t<meta name=\"twitter:data1\" content=\"4 minute\" \/>\n<script type=\"application\/ld+json\" class=\"yoast-schema-graph\">{\"@context\":\"https:\\\/\\\/schema.org\",\"@graph\":[{\"@type\":\"WebPage\",\"@id\":\"https:\\\/\\\/sanatate.md\\\/ro\\\/boli-si-tratament\\\/boli-comune\\\/anemia-provocata-de-deficitul-de-fier\\\/\",\"url\":\"https:\\\/\\\/sanatate.md\\\/ro\\\/boli-si-tratament\\\/boli-comune\\\/anemia-provocata-de-deficitul-de-fier\\\/\",\"name\":\"Anemia provocat\u0103 de deficitul de fier\",\"isPartOf\":{\"@id\":\"https:\\\/\\\/sanatate.md\\\/ro\\\/#website\"},\"datePublished\":\"2018-01-17T08:47:11+00:00\",\"description\":\"Anemia provocat\u0103 de deficitul de fier se caracterizeaz\u0103 prin tulburarea producerii de hemoglobin\u0103 ca rezultat al deficitului de fier ce duce rspectiv la anemie \u015fi sideropenie.\u00cen majoritatea cazurilor maladia \u00een cauz\u0103 se manifest\u0103 mai mult la femei.\",\"breadcrumb\":{\"@id\":\"https:\\\/\\\/sanatate.md\\\/ro\\\/boli-si-tratament\\\/boli-comune\\\/anemia-provocata-de-deficitul-de-fier\\\/#breadcrumb\"},\"inLanguage\":\"ro-RO\",\"potentialAction\":[{\"@type\":\"ReadAction\",\"target\":[\"https:\\\/\\\/sanatate.md\\\/ro\\\/boli-si-tratament\\\/boli-comune\\\/anemia-provocata-de-deficitul-de-fier\\\/\"]}]},{\"@type\":\"BreadcrumbList\",\"@id\":\"https:\\\/\\\/sanatate.md\\\/ro\\\/boli-si-tratament\\\/boli-comune\\\/anemia-provocata-de-deficitul-de-fier\\\/#breadcrumb\",\"itemListElement\":[{\"@type\":\"ListItem\",\"position\":1,\"name\":\"\u0413\u043b\u0430\u0432\u043d\u0430\u044f \u0441\u0442\u0440\u0430\u043d\u0438\u0446\u0430\",\"item\":\"https:\\\/\\\/sanatate.md\\\/ro\\\/\"},{\"@type\":\"ListItem\",\"position\":2,\"name\":\"Boli si tratament\",\"item\":\"https:\\\/\\\/sanatate.md\\\/ro\\\/boli-si-tratament\\\/\"},{\"@type\":\"ListItem\",\"position\":3,\"name\":\"Boli comune\",\"item\":\"https:\\\/\\\/sanatate.md\\\/ro\\\/boli-si-tratament\\\/boli-comune\\\/\"},{\"@type\":\"ListItem\",\"position\":4,\"name\":\"Anemia provocat\u0103 de deficitul de fier\"}]},{\"@type\":\"WebSite\",\"@id\":\"https:\\\/\\\/sanatate.md\\\/ro\\\/#website\",\"url\":\"https:\\\/\\\/sanatate.md\\\/ro\\\/\",\"name\":\"Sanatate.md\",\"description\":\"\u0416\u0443\u0440\u043d\u0430\u043b \u0434\u043b\u044f \u0432\u0441\u0435\u0439 \u0441\u0435\u043c\u044c\u0438 \u0432 \u041c\u043e\u043b\u0434\u043e\u0432\u0435\",\"publisher\":{\"@id\":\"https:\\\/\\\/sanatate.md\\\/ro\\\/#organization\"},\"potentialAction\":[{\"@type\":\"SearchAction\",\"target\":{\"@type\":\"EntryPoint\",\"urlTemplate\":\"https:\\\/\\\/sanatate.md\\\/ro\\\/?s={search_term_string}\"},\"query-input\":{\"@type\":\"PropertyValueSpecification\",\"valueRequired\":true,\"valueName\":\"search_term_string\"}}],\"inLanguage\":\"ro-RO\"},{\"@type\":\"Organization\",\"@id\":\"https:\\\/\\\/sanatate.md\\\/ro\\\/#organization\",\"name\":\"SANATATE\",\"url\":\"https:\\\/\\\/sanatate.md\\\/ro\\\/\",\"logo\":{\"@type\":\"ImageObject\",\"inLanguage\":\"ro-RO\",\"@id\":\"https:\\\/\\\/sanatate.md\\\/ro\\\/#\\\/schema\\\/logo\\\/image\\\/\",\"url\":\"https:\\\/\\\/sanatate.md\\\/wp-content\\\/uploads\\\/2022\\\/01\\\/sanatate-logo.svg\",\"contentUrl\":\"https:\\\/\\\/sanatate.md\\\/wp-content\\\/uploads\\\/2022\\\/01\\\/sanatate-logo.svg\",\"width\":\"1024\",\"height\":\"1024\",\"caption\":\"SANATATE\"},\"image\":{\"@id\":\"https:\\\/\\\/sanatate.md\\\/ro\\\/#\\\/schema\\\/logo\\\/image\\\/\"}}]}<\/script>\n<!-- \/ Yoast SEO plugin. -->","yoast_head_json":{"title":"Anemia provocat\u0103 de deficitul de fier","description":"Anemia provocat\u0103 de deficitul de fier se caracterizeaz\u0103 prin tulburarea producerii de hemoglobin\u0103 ca rezultat al deficitului de fier ce duce rspectiv la anemie \u015fi sideropenie.\u00cen majoritatea cazurilor maladia \u00een cauz\u0103 se manifest\u0103 mai mult la femei.","robots":{"index":"index","follow":"follow","max-snippet":"max-snippet:-1","max-image-preview":"max-image-preview:large","max-video-preview":"max-video-preview:-1"},"canonical":"https:\/\/sanatate.md\/ro\/boli-si-tratament\/boli-comune\/anemia-provocata-de-deficitul-de-fier\/","og_locale":"ro_RO","og_type":"article","og_title":"Anemia provocat\u0103 de deficitul de fier","og_description":"Anemia provocat\u0103 de deficitul de fier se caracterizeaz\u0103 prin tulburarea producerii de hemoglobin\u0103 ca rezultat al deficitului de fier ce duce rspectiv la anemie \u015fi sideropenie.\u00cen majoritatea cazurilor maladia \u00een cauz\u0103 se manifest\u0103 mai mult la femei.","og_url":"https:\/\/sanatate.md\/ro\/boli-si-tratament\/boli-comune\/anemia-provocata-de-deficitul-de-fier\/","og_site_name":"Sanatate.md","twitter_card":"summary_large_image","twitter_misc":{"Timp estimat pentru citire":"4 minute"},"schema":{"@context":"https:\/\/schema.org","@graph":[{"@type":"WebPage","@id":"https:\/\/sanatate.md\/ro\/boli-si-tratament\/boli-comune\/anemia-provocata-de-deficitul-de-fier\/","url":"https:\/\/sanatate.md\/ro\/boli-si-tratament\/boli-comune\/anemia-provocata-de-deficitul-de-fier\/","name":"Anemia provocat\u0103 de deficitul de fier","isPartOf":{"@id":"https:\/\/sanatate.md\/ro\/#website"},"datePublished":"2018-01-17T08:47:11+00:00","description":"Anemia provocat\u0103 de deficitul de fier se caracterizeaz\u0103 prin tulburarea producerii de hemoglobin\u0103 ca rezultat al deficitului de fier ce duce rspectiv la anemie \u015fi sideropenie.\u00cen majoritatea cazurilor maladia \u00een cauz\u0103 se manifest\u0103 mai mult la femei.","breadcrumb":{"@id":"https:\/\/sanatate.md\/ro\/boli-si-tratament\/boli-comune\/anemia-provocata-de-deficitul-de-fier\/#breadcrumb"},"inLanguage":"ro-RO","potentialAction":[{"@type":"ReadAction","target":["https:\/\/sanatate.md\/ro\/boli-si-tratament\/boli-comune\/anemia-provocata-de-deficitul-de-fier\/"]}]},{"@type":"BreadcrumbList","@id":"https:\/\/sanatate.md\/ro\/boli-si-tratament\/boli-comune\/anemia-provocata-de-deficitul-de-fier\/#breadcrumb","itemListElement":[{"@type":"ListItem","position":1,"name":"\u0413\u043b\u0430\u0432\u043d\u0430\u044f \u0441\u0442\u0440\u0430\u043d\u0438\u0446\u0430","item":"https:\/\/sanatate.md\/ro\/"},{"@type":"ListItem","position":2,"name":"Boli si tratament","item":"https:\/\/sanatate.md\/ro\/boli-si-tratament\/"},{"@type":"ListItem","position":3,"name":"Boli comune","item":"https:\/\/sanatate.md\/ro\/boli-si-tratament\/boli-comune\/"},{"@type":"ListItem","position":4,"name":"Anemia provocat\u0103 de deficitul de fier"}]},{"@type":"WebSite","@id":"https:\/\/sanatate.md\/ro\/#website","url":"https:\/\/sanatate.md\/ro\/","name":"Sanatate.md","description":"\u0416\u0443\u0440\u043d\u0430\u043b \u0434\u043b\u044f \u0432\u0441\u0435\u0439 \u0441\u0435\u043c\u044c\u0438 \u0432 \u041c\u043e\u043b\u0434\u043e\u0432\u0435","publisher":{"@id":"https:\/\/sanatate.md\/ro\/#organization"},"potentialAction":[{"@type":"SearchAction","target":{"@type":"EntryPoint","urlTemplate":"https:\/\/sanatate.md\/ro\/?s={search_term_string}"},"query-input":{"@type":"PropertyValueSpecification","valueRequired":true,"valueName":"search_term_string"}}],"inLanguage":"ro-RO"},{"@type":"Organization","@id":"https:\/\/sanatate.md\/ro\/#organization","name":"SANATATE","url":"https:\/\/sanatate.md\/ro\/","logo":{"@type":"ImageObject","inLanguage":"ro-RO","@id":"https:\/\/sanatate.md\/ro\/#\/schema\/logo\/image\/","url":"https:\/\/sanatate.md\/wp-content\/uploads\/2022\/01\/sanatate-logo.svg","contentUrl":"https:\/\/sanatate.md\/wp-content\/uploads\/2022\/01\/sanatate-logo.svg","width":"1024","height":"1024","caption":"SANATATE"},"image":{"@id":"https:\/\/sanatate.md\/ro\/#\/schema\/logo\/image\/"}}]}},"_links":{"self":[{"href":"https:\/\/sanatate.md\/ro\/wp-json\/wp\/v2\/pages\/50014","targetHints":{"allow":["GET"]}}],"collection":[{"href":"https:\/\/sanatate.md\/ro\/wp-json\/wp\/v2\/pages"}],"about":[{"href":"https:\/\/sanatate.md\/ro\/wp-json\/wp\/v2\/types\/page"}],"author":[{"embeddable":true,"href":"https:\/\/sanatate.md\/ro\/wp-json\/wp\/v2\/users\/28"}],"replies":[{"embeddable":true,"href":"https:\/\/sanatate.md\/ro\/wp-json\/wp\/v2\/comments?post=50014"}],"version-history":[{"count":0,"href":"https:\/\/sanatate.md\/ro\/wp-json\/wp\/v2\/pages\/50014\/revisions"}],"up":[{"embeddable":true,"href":"https:\/\/sanatate.md\/ro\/wp-json\/wp\/v2\/pages\/53020"}],"wp:attachment":[{"href":"https:\/\/sanatate.md\/ro\/wp-json\/wp\/v2\/media?parent=50014"}],"curies":[{"name":"wp","href":"https:\/\/api.w.org\/{rel}","templated":true}]}}