{"id":50022,"date":"2018-01-17T12:13:04","date_gmt":"2018-01-17T09:13:04","guid":{"rendered":"https:\/\/sanatate.md\/?page_id=50022"},"modified":"2019-03-12T18:10:41","modified_gmt":"2019-03-12T15:10:41","slug":"disbacterioza-intestinala","status":"publish","type":"page","link":"https:\/\/sanatate.md\/ro\/boli-si-tratament\/boli-ale-tractului-gastro-intestinal\/disbacterioza-intestinala\/","title":{"rendered":"Disbacterioza intestinal\u0103"},"content":{"rendered":"<p>Conform cercet\u0103rilor efectuate de Organiza\u0163ia Mondial\u0103 a S\u0103n\u0103t\u0103\u0163ii disbacterioza nu este considerat\u0103 o maladie, ci doar un sindrom care se caracterizeaz\u0103 prin perturbarea balan\u0163ei dintre diferite tipuri de microorganisme care se afl\u0103 \u00een intestin.<\/p>\n<p>Savan\u0163ii consider\u0103 c\u0103 starea dat\u0103 este rezultatul altor fenomene patologice, dar nu o cauz\u0103.<\/p>\n<h3>Disbacterioza la copii<\/h3>\n<p>Unii medici sunt de p\u0103rerea c\u0103 disbacterioza intestinului este doar un termen din microbiologie \u015fi el din punct de vedere al practicii nu are nici un sens. Al\u0163i cercet\u0103tori afirm\u0103 c\u0103 asemenea sindrom constituie sursa majorit\u0103\u0163ii problemelor legate de s\u0103n\u0103tate. Totu\u015fi nimeni nu poate confirma sau infirma faptul c\u0103 microflora intestinal\u0103 ocup\u0103 unul dintre primele locuri \u00een procesele vitale ale organismului uman.<\/p>\n<p>\u00cen organismul uman sunt localizate \u00een jur de dou\u0103 kilograme de diferite microorganisme. Microflora const\u0103 din patru sute de tipuri de bacterii care la r\u00e2ndul s\u0103u:<\/p>\n<ul>\n<li>La re\u00e2nnoirea \u015fi recuperarea celulelor din mucoas\u0103;<\/li>\n<li>Asigur\u0103 un scimb normal de gaze;<\/li>\n<li>Realizeaz\u0103 sinteza vitaminelor;<\/li>\n<li>Cur\u0103\u0163\u0103 organismul de diferite toxine;<\/li>\n<li>Stimuleaz\u0103 func\u0163ionarea celulelor de tip limfoid care ap\u0103r\u0103 intestinal de apari\u0163ia \u00een el a diferitor infec\u0163ii.<\/li>\n<\/ul>\n<p>Fiecare persoan\u0103 are o microflor\u0103 unic\u0103, con\u0163inutul c\u0103reia se poate schimba \u00een dependen\u0163\u0103 de regimul alimentar, v\u00e2rst\u0103 \u015fi perioada de anotimp. \u00cen a\u015fa fel nimeni nu poate s\u0103 ne spun\u0103 cu siguran\u0163\u0103 c\u0103 o microflor\u0103 sau alta este normal\u0103.<\/p>\n<p>La copilul nou-n\u0103scut intestinul este steril \u015fi pe parcursul primelor patru ore de via\u0163\u0103 \u00een el se localizeaz\u0103 diferite microorganisme. Drept urmare \u00eencepe regularea \u015fi adaptarea a tuturor bacteriilor cu organismul. \u00cen a\u015fa fel se formeaz\u0103 un ecosistem individual care la r\u00e2ndul s\u0103u nu va permite pe viitor localizarea altor bacterii.<\/p>\n<p>\u00cen timpul al\u0103pt\u0103rii cu s\u00e2nul sau al\u0103pt\u0103rii artificiale microflora copilului are anumite particularit\u0103\u0163i. Disbacterioza intestinului poate progresa la v\u00e2rsta de la zece p\u00e2n\u0103 la doisprezece ani.<\/p>\n<p>\u00cen intestinul copilului care este al\u0103ptat cu s\u00e2nul se afl\u0103 o cantitate foarte mare de bifidobacterii deoarece \u00een laptele matern este o substan\u0163\u0103 care \u00eempiedic\u0103 \u00eenmul\u0163irea acestora.<\/p>\n<p>La o persoan\u0103 matur\u0103 \u00een intestin sunt: lactobacterii, enterococi, bacteroizi la fel \u015fi bacili intestinali. Intestinul la om este construit \u00een a\u015fa fel c\u0103 microorganismele aflate \u00een el dup\u0103 ce au \u00eenl\u0103turat diferite aspecte care au dus la o anume destabilizare contribuie la restabilirea sa \u00een o perioad\u0103 scurt\u0103 de timp.<\/p>\n<h3>Cauzele apari\u0163iei<\/h3>\n<ul>\n<li>Cauzele disbacteriozei intestinale:<\/li>\n<li>Primirea preparatelor din grupa antibioticelor;<\/li>\n<li>Terapia hormonal\u0103 \u00eendelungat\u0103;<\/li>\n<li>Suportarea unei infec\u0163ii intestinale.<\/li>\n<\/ul>\n<p>La fel starea \u00een cauz\u0103 poate ap\u0103rea pe fonul urm\u0103toarelor maladii:<\/p>\n<ul>\n<li>Colicele;<\/li>\n<li>Hepatita;<\/li>\n<li>Pancreatita;<\/li>\n<li>Gastrita;<\/li>\n<li>Colecistita.<\/li>\n<\/ul>\n<p>La fel disbacterioza poate ap\u0103rea ca urmare a:<\/p>\n<ul>\n<li>\u00a0Fumatului;<\/li>\n<li>\u00a0\u00centrebuin\u0163\u0103rii unei cantit\u0103\u0163i mari de alcool;<\/li>\n<li>\u00a0Situa\u0163iilor de stres;<\/li>\n<li>\u00a0Interven\u0163iei chirurgicale;<\/li>\n<li>\u00a0\u0162inerea diferitor diete.<\/li>\n<\/ul>\n<p>Dac\u0103 \u00een regimul alimentar al omului lipsesc fibrele vegetale care se con\u0163in \u00een legume, fructe \u015fi cereale atunci microorganismele folositoare mor.<\/p>\n<p>\u00cen unele cazuri cauza apari\u0163iei maladiei date o constituie starea sistemului imunitar care este sl\u0103bit dup\u0103 diferite proceduri de chimioterapie sau din cauza unor tipuri de boli oncologice sau a Sidei.<\/p>\n<p>Exist\u0103 p\u0103rerea c\u0103 \u00een urma disbacteriozei pot ap\u0103rea urm\u0103toarele perturb\u0103ri ca:<\/p>\n<ul>\n<li>\u00a0Constipa\u0163ia;<\/li>\n<li>\u00a0Sl\u0103biciunea general\u0103 a organismului;<\/li>\n<li>\u00a0Diareea:<\/li>\n<li>\u00a0Balonarea abdomenului;<\/li>\n<li>\u00a0Dispari\u0163ia poftei de m\u00e2ncare.<\/li>\n<\/ul>\n<p>Totu\u015fi trebuie de \u0163inut minte c\u0103 dup\u0103 simptomele mai sus enumerate foarte des sunt ascunse a\u015fa cauze ca: sindromul irit\u0103rii intestinale sau deficien\u0163a de lactaz\u0103.<\/p>\n","protected":false},"excerpt":{"rendered":"<p>Conform cercet\u0103rilor efectuate de Organiza\u0163ia Mondial\u0103 a S\u0103n\u0103t\u0103\u0163ii disbacterioza nu este considerat\u0103 o maladie, ci doar un sindrom care se caracterizeaz\u0103 prin perturbarea balan\u0163ei dintre diferite tipuri de microorganisme care se afl\u0103 \u00een intestin. Savan\u0163ii consider\u0103 c\u0103 starea dat\u0103 este rezultatul altor fenomene patologice, dar nu o cauz\u0103. Disbacterioza la copii Unii medici sunt de [&hellip;]<\/p>\n","protected":false},"author":28,"featured_media":0,"parent":52944,"menu_order":0,"comment_status":"closed","ping_status":"closed","template":"","meta":{"inline_featured_image":false,"footnotes":""},"class_list":["post-50022","page","type-page","status-publish"],"yoast_head":"<!-- This site is optimized with the Yoast SEO plugin v27.3 - https:\/\/yoast.com\/product\/yoast-seo-wordpress\/ -->\n<title>Disbacterioza intestinal\u0103<\/title>\n<meta name=\"description\" content=\"Conform cercet\u0103rilor efectuate de Organiza\u0163ia Mondial\u0103 a S\u0103n\u0103t\u0103\u0163ii disbacterioza nu este considerat\u0103 o maladie,ci doar un sindrom care se caracterizeaz\u0103 prin perturbarea balan\u0163ei dintre diferite tipuri de microorganisme care se afl\u0103 \u00een intestin.\" \/>\n<meta name=\"robots\" content=\"index, follow, max-snippet:-1, max-image-preview:large, max-video-preview:-1\" \/>\n<link rel=\"canonical\" href=\"https:\/\/sanatate.md\/ro\/boli-si-tratament\/boli-ale-tractului-gastro-intestinal\/disbacterioza-intestinala\/\" \/>\n<meta property=\"og:locale\" content=\"ro_RO\" \/>\n<meta property=\"og:type\" content=\"article\" \/>\n<meta property=\"og:title\" content=\"Disbacterioza intestinal\u0103\" \/>\n<meta property=\"og:description\" content=\"Conform cercet\u0103rilor efectuate de Organiza\u0163ia Mondial\u0103 a S\u0103n\u0103t\u0103\u0163ii disbacterioza nu este considerat\u0103 o maladie,ci doar un sindrom care se caracterizeaz\u0103 prin perturbarea balan\u0163ei dintre diferite tipuri de microorganisme care se afl\u0103 \u00een intestin.\" \/>\n<meta property=\"og:url\" content=\"https:\/\/sanatate.md\/ro\/boli-si-tratament\/boli-ale-tractului-gastro-intestinal\/disbacterioza-intestinala\/\" \/>\n<meta property=\"og:site_name\" content=\"Sanatate.md\" \/>\n<meta property=\"article:modified_time\" content=\"2019-03-12T15:10:41+00:00\" \/>\n<meta name=\"twitter:card\" content=\"summary_large_image\" \/>\n<meta name=\"twitter:label1\" content=\"Timp estimat pentru citire\" \/>\n\t<meta name=\"twitter:data1\" content=\"3 minute\" \/>\n<script type=\"application\/ld+json\" class=\"yoast-schema-graph\">{\"@context\":\"https:\\\/\\\/schema.org\",\"@graph\":[{\"@type\":\"WebPage\",\"@id\":\"https:\\\/\\\/sanatate.md\\\/ro\\\/boli-si-tratament\\\/boli-ale-tractului-gastro-intestinal\\\/disbacterioza-intestinala\\\/\",\"url\":\"https:\\\/\\\/sanatate.md\\\/ro\\\/boli-si-tratament\\\/boli-ale-tractului-gastro-intestinal\\\/disbacterioza-intestinala\\\/\",\"name\":\"Disbacterioza intestinal\u0103\",\"isPartOf\":{\"@id\":\"https:\\\/\\\/sanatate.md\\\/ro\\\/#website\"},\"datePublished\":\"2018-01-17T09:13:04+00:00\",\"dateModified\":\"2019-03-12T15:10:41+00:00\",\"description\":\"Conform cercet\u0103rilor efectuate de Organiza\u0163ia Mondial\u0103 a S\u0103n\u0103t\u0103\u0163ii disbacterioza nu este considerat\u0103 o maladie,ci doar un sindrom care se caracterizeaz\u0103 prin perturbarea balan\u0163ei dintre diferite tipuri de microorganisme care se afl\u0103 \u00een intestin.\",\"breadcrumb\":{\"@id\":\"https:\\\/\\\/sanatate.md\\\/ro\\\/boli-si-tratament\\\/boli-ale-tractului-gastro-intestinal\\\/disbacterioza-intestinala\\\/#breadcrumb\"},\"inLanguage\":\"ro-RO\",\"potentialAction\":[{\"@type\":\"ReadAction\",\"target\":[\"https:\\\/\\\/sanatate.md\\\/ro\\\/boli-si-tratament\\\/boli-ale-tractului-gastro-intestinal\\\/disbacterioza-intestinala\\\/\"]}]},{\"@type\":\"BreadcrumbList\",\"@id\":\"https:\\\/\\\/sanatate.md\\\/ro\\\/boli-si-tratament\\\/boli-ale-tractului-gastro-intestinal\\\/disbacterioza-intestinala\\\/#breadcrumb\",\"itemListElement\":[{\"@type\":\"ListItem\",\"position\":1,\"name\":\"\u0413\u043b\u0430\u0432\u043d\u0430\u044f \u0441\u0442\u0440\u0430\u043d\u0438\u0446\u0430\",\"item\":\"https:\\\/\\\/sanatate.md\\\/ro\\\/\"},{\"@type\":\"ListItem\",\"position\":2,\"name\":\"Boli si tratament\",\"item\":\"https:\\\/\\\/sanatate.md\\\/ro\\\/boli-si-tratament\\\/\"},{\"@type\":\"ListItem\",\"position\":3,\"name\":\"Boli ale tractului gastro-intestinal\",\"item\":\"https:\\\/\\\/sanatate.md\\\/ro\\\/boli-si-tratament\\\/boli-ale-tractului-gastro-intestinal\\\/\"},{\"@type\":\"ListItem\",\"position\":4,\"name\":\"Disbacterioza intestinal\u0103\"}]},{\"@type\":\"WebSite\",\"@id\":\"https:\\\/\\\/sanatate.md\\\/ro\\\/#website\",\"url\":\"https:\\\/\\\/sanatate.md\\\/ro\\\/\",\"name\":\"Sanatate.md\",\"description\":\"\u0416\u0443\u0440\u043d\u0430\u043b \u0434\u043b\u044f \u0432\u0441\u0435\u0439 \u0441\u0435\u043c\u044c\u0438 \u0432 \u041c\u043e\u043b\u0434\u043e\u0432\u0435\",\"publisher\":{\"@id\":\"https:\\\/\\\/sanatate.md\\\/ro\\\/#organization\"},\"potentialAction\":[{\"@type\":\"SearchAction\",\"target\":{\"@type\":\"EntryPoint\",\"urlTemplate\":\"https:\\\/\\\/sanatate.md\\\/ro\\\/?s={search_term_string}\"},\"query-input\":{\"@type\":\"PropertyValueSpecification\",\"valueRequired\":true,\"valueName\":\"search_term_string\"}}],\"inLanguage\":\"ro-RO\"},{\"@type\":\"Organization\",\"@id\":\"https:\\\/\\\/sanatate.md\\\/ro\\\/#organization\",\"name\":\"SANATATE\",\"url\":\"https:\\\/\\\/sanatate.md\\\/ro\\\/\",\"logo\":{\"@type\":\"ImageObject\",\"inLanguage\":\"ro-RO\",\"@id\":\"https:\\\/\\\/sanatate.md\\\/ro\\\/#\\\/schema\\\/logo\\\/image\\\/\",\"url\":\"https:\\\/\\\/sanatate.md\\\/wp-content\\\/uploads\\\/2022\\\/01\\\/sanatate-logo.svg\",\"contentUrl\":\"https:\\\/\\\/sanatate.md\\\/wp-content\\\/uploads\\\/2022\\\/01\\\/sanatate-logo.svg\",\"width\":\"1024\",\"height\":\"1024\",\"caption\":\"SANATATE\"},\"image\":{\"@id\":\"https:\\\/\\\/sanatate.md\\\/ro\\\/#\\\/schema\\\/logo\\\/image\\\/\"}}]}<\/script>\n<!-- \/ Yoast SEO plugin. -->","yoast_head_json":{"title":"Disbacterioza intestinal\u0103","description":"Conform cercet\u0103rilor efectuate de Organiza\u0163ia Mondial\u0103 a S\u0103n\u0103t\u0103\u0163ii disbacterioza nu este considerat\u0103 o maladie,ci doar un sindrom care se caracterizeaz\u0103 prin perturbarea balan\u0163ei dintre diferite tipuri de microorganisme care se afl\u0103 \u00een intestin.","robots":{"index":"index","follow":"follow","max-snippet":"max-snippet:-1","max-image-preview":"max-image-preview:large","max-video-preview":"max-video-preview:-1"},"canonical":"https:\/\/sanatate.md\/ro\/boli-si-tratament\/boli-ale-tractului-gastro-intestinal\/disbacterioza-intestinala\/","og_locale":"ro_RO","og_type":"article","og_title":"Disbacterioza intestinal\u0103","og_description":"Conform cercet\u0103rilor efectuate de Organiza\u0163ia Mondial\u0103 a S\u0103n\u0103t\u0103\u0163ii disbacterioza nu este considerat\u0103 o maladie,ci doar un sindrom care se caracterizeaz\u0103 prin perturbarea balan\u0163ei dintre diferite tipuri de microorganisme care se afl\u0103 \u00een intestin.","og_url":"https:\/\/sanatate.md\/ro\/boli-si-tratament\/boli-ale-tractului-gastro-intestinal\/disbacterioza-intestinala\/","og_site_name":"Sanatate.md","article_modified_time":"2019-03-12T15:10:41+00:00","twitter_card":"summary_large_image","twitter_misc":{"Timp estimat pentru citire":"3 minute"},"schema":{"@context":"https:\/\/schema.org","@graph":[{"@type":"WebPage","@id":"https:\/\/sanatate.md\/ro\/boli-si-tratament\/boli-ale-tractului-gastro-intestinal\/disbacterioza-intestinala\/","url":"https:\/\/sanatate.md\/ro\/boli-si-tratament\/boli-ale-tractului-gastro-intestinal\/disbacterioza-intestinala\/","name":"Disbacterioza intestinal\u0103","isPartOf":{"@id":"https:\/\/sanatate.md\/ro\/#website"},"datePublished":"2018-01-17T09:13:04+00:00","dateModified":"2019-03-12T15:10:41+00:00","description":"Conform cercet\u0103rilor efectuate de Organiza\u0163ia Mondial\u0103 a S\u0103n\u0103t\u0103\u0163ii disbacterioza nu este considerat\u0103 o maladie,ci doar un sindrom care se caracterizeaz\u0103 prin perturbarea balan\u0163ei dintre diferite tipuri de microorganisme care se afl\u0103 \u00een intestin.","breadcrumb":{"@id":"https:\/\/sanatate.md\/ro\/boli-si-tratament\/boli-ale-tractului-gastro-intestinal\/disbacterioza-intestinala\/#breadcrumb"},"inLanguage":"ro-RO","potentialAction":[{"@type":"ReadAction","target":["https:\/\/sanatate.md\/ro\/boli-si-tratament\/boli-ale-tractului-gastro-intestinal\/disbacterioza-intestinala\/"]}]},{"@type":"BreadcrumbList","@id":"https:\/\/sanatate.md\/ro\/boli-si-tratament\/boli-ale-tractului-gastro-intestinal\/disbacterioza-intestinala\/#breadcrumb","itemListElement":[{"@type":"ListItem","position":1,"name":"\u0413\u043b\u0430\u0432\u043d\u0430\u044f \u0441\u0442\u0440\u0430\u043d\u0438\u0446\u0430","item":"https:\/\/sanatate.md\/ro\/"},{"@type":"ListItem","position":2,"name":"Boli si tratament","item":"https:\/\/sanatate.md\/ro\/boli-si-tratament\/"},{"@type":"ListItem","position":3,"name":"Boli ale tractului gastro-intestinal","item":"https:\/\/sanatate.md\/ro\/boli-si-tratament\/boli-ale-tractului-gastro-intestinal\/"},{"@type":"ListItem","position":4,"name":"Disbacterioza intestinal\u0103"}]},{"@type":"WebSite","@id":"https:\/\/sanatate.md\/ro\/#website","url":"https:\/\/sanatate.md\/ro\/","name":"Sanatate.md","description":"\u0416\u0443\u0440\u043d\u0430\u043b \u0434\u043b\u044f \u0432\u0441\u0435\u0439 \u0441\u0435\u043c\u044c\u0438 \u0432 \u041c\u043e\u043b\u0434\u043e\u0432\u0435","publisher":{"@id":"https:\/\/sanatate.md\/ro\/#organization"},"potentialAction":[{"@type":"SearchAction","target":{"@type":"EntryPoint","urlTemplate":"https:\/\/sanatate.md\/ro\/?s={search_term_string}"},"query-input":{"@type":"PropertyValueSpecification","valueRequired":true,"valueName":"search_term_string"}}],"inLanguage":"ro-RO"},{"@type":"Organization","@id":"https:\/\/sanatate.md\/ro\/#organization","name":"SANATATE","url":"https:\/\/sanatate.md\/ro\/","logo":{"@type":"ImageObject","inLanguage":"ro-RO","@id":"https:\/\/sanatate.md\/ro\/#\/schema\/logo\/image\/","url":"https:\/\/sanatate.md\/wp-content\/uploads\/2022\/01\/sanatate-logo.svg","contentUrl":"https:\/\/sanatate.md\/wp-content\/uploads\/2022\/01\/sanatate-logo.svg","width":"1024","height":"1024","caption":"SANATATE"},"image":{"@id":"https:\/\/sanatate.md\/ro\/#\/schema\/logo\/image\/"}}]}},"_links":{"self":[{"href":"https:\/\/sanatate.md\/ro\/wp-json\/wp\/v2\/pages\/50022","targetHints":{"allow":["GET"]}}],"collection":[{"href":"https:\/\/sanatate.md\/ro\/wp-json\/wp\/v2\/pages"}],"about":[{"href":"https:\/\/sanatate.md\/ro\/wp-json\/wp\/v2\/types\/page"}],"author":[{"embeddable":true,"href":"https:\/\/sanatate.md\/ro\/wp-json\/wp\/v2\/users\/28"}],"replies":[{"embeddable":true,"href":"https:\/\/sanatate.md\/ro\/wp-json\/wp\/v2\/comments?post=50022"}],"version-history":[{"count":0,"href":"https:\/\/sanatate.md\/ro\/wp-json\/wp\/v2\/pages\/50022\/revisions"}],"up":[{"embeddable":true,"href":"https:\/\/sanatate.md\/ro\/wp-json\/wp\/v2\/pages\/52944"}],"wp:attachment":[{"href":"https:\/\/sanatate.md\/ro\/wp-json\/wp\/v2\/media?parent=50022"}],"curies":[{"name":"wp","href":"https:\/\/api.w.org\/{rel}","templated":true}]}}