{"id":50029,"date":"2018-01-17T12:23:54","date_gmt":"2018-01-17T09:23:54","guid":{"rendered":"https:\/\/sanatate.md\/?page_id=50029"},"modified":"2018-01-17T12:23:54","modified_gmt":"2018-01-17T09:23:54","slug":"disbacterioza-vaginului","status":"publish","type":"page","link":"https:\/\/sanatate.md\/ro\/boli-si-tratament\/boli-ale-femeilor\/disbacterioza-vaginului\/","title":{"rendered":"Disbacterioza vaginului"},"content":{"rendered":"<p>Disbacterioza vaginului se caracterizeaz\u0103 prin tulbur\u0103rile \u00een microflora vaginului.Aceast\u0103 maladie mai este numit\u0103 \u015fi disbacterioz\u0103 vaginal\u0103. Cu aceast\u0103 maladie sunt cunoscute foarte multe reprezentante ale genului femenin \u015fi m\u0103car o dat\u0103 \u00een via\u0163\u0103 ele au suferit de boala \u00een cauz\u0103.<\/p>\n<h3>Particularit\u0103\u0163ile maladiei<\/h3>\n<p>Semnele disbacteriozei pot trece de la sine f\u0103r\u0103 un tratament anume. \u00cens\u0103 dac\u0103 starea nu se \u00eembun\u0103t\u0103\u0163e\u015fte atunci este recomandabil de adresat la un specialist deoarece starea dat\u0103 poate duce la consecin\u0163e foarte nepl\u0103cute.<\/p>\n<h3>Cauzele apari\u0163iei<\/h3>\n<p>Dac\u0103 aceast\u0103 maladie se manifest\u0103 la o femeie \u00eens\u0103rcinat\u0103 atunci f\u0103r\u0103 un tratament anume boala \u00een cauz\u0103 poate duce la o na\u015ftere prematur\u0103. La fel din cauza disbacteriozei se ridic\u0103 riscul ca s\u0103 apar\u0103 diferite procese inflamatorii dup\u0103 a\u015fa proceduri ca:<\/p>\n<ul>\n<li>Gisterosalpinografia;<\/li>\n<li>Avortul;<\/li>\n<li>Introducerea spiralei intrauterine.<\/li>\n<\/ul>\n<p>Maladia \u00een cauz\u0103 poate fi provocat\u0103 de urm\u0103toarele cauze:<\/p>\n<ul>\n<li>Perturb\u0103rile ale fonului hormonal;<\/li>\n<li>Situa\u0163iile de stres;<\/li>\n<li>Fumatul;<\/li>\n<li>Tratarea cu antibiotice.<\/li>\n<\/ul>\n<p>Vaginoza bacterial\u0103 poate fi diagnosticat\u0103 la femeile care sufer\u0103 \u015fi de disbacterioza intestinal\u0103. Boala poate \u00eencepe \u00een urma sp\u0103l\u0103turilor care expulzeaz\u0103 bacteriile utile \u015fi provoac\u0103 deyvoltarea microflorei patogene.<\/p>\n<p>Cel mai des bacterioza vaginal\u0103 apare la femeile care au o via\u0163\u0103 sexual\u0103 activ\u0103. Scimbul des de parteneri poate contribui la disfunc\u0163ia florei vaginului.<\/p>\n<p>La fel boala \u00een cauz\u0103 mai poate ap\u0103rea din cauza utiliz\u0103rii lum\u00e2n\u0103rilor contraceptive sau a cremelor care con\u0163in 9-nonoxinol, la fel \u015fi a prezervativelor suprafa\u0163a c\u0103rora este prelucrat\u0103 cu substan\u0163a dat\u0103.<\/p>\n<h3>Simptome<\/h3>\n<p>La o femeie s\u0103n\u0103toas\u0103 \u00een vagin persist\u0103 \u00een unul \u015fi acela\u015fi timp aproape 40 de tipuri de diferite bacterii. Cele mai folositoare sunt a\u015fa microorganisme ca lactobacilii, care \u015fi formeaz\u0103 la r\u00e2ndul s\u0103u mai mult de 95 de % din flora vaginal\u0103.<\/p>\n<p>Lactobacilii produc acidul lactic care dau posibilitatea de a men\u0163ine nivelul de Ph \u00een vagin cu indicele de 3,8-4,5. Mediul con\u0163inutului acid nu permite dezvoltarea bacteriilor de gen patogen. La fel aceste microorganisme produc peroxidul de hidrogen care omoar\u0103 bacilii d\u0103un\u0103tori.<\/p>\n<p>Atunci c\u00e2nd este vorba de bacterioza vaginal\u0103, cantitatea de lactobacili se mic\u015foreaz\u0103 uneori ei chiar \u015fi pot disp\u0103rea \u015fi \u00een vagin \u00eencep s\u0103 persiste microorganisme de tip anaerob \u015fi gardinerela. Anume gardinerela este acea bacterie patogen\u0103 care persist\u0103 \u015fi \u00een un organism s\u0103n\u0103tos numai c\u0103 \u00een cantit\u0103\u0163i foarte mici.<\/p>\n<p>Disbacterioza vaginului la femei poate decurge f\u0103r\u0103 anume simptome, dar totu\u015fi la 50 de % din toate cazurile apar elimin\u0103ri abundente de o culoare surie-pal\u0103 cu un miros specific de pe\u015fte stricat. A\u015fa elimin\u0103ri se agraveaz\u0103 \u00eenainte de ciclul menstrual sau \u00eendat\u0103 dup\u0103 un act sexual. Femeia forte des simte m\u00e2nc\u0103rimi \u00een vagin.<\/p>\n","protected":false},"excerpt":{"rendered":"<p>Disbacterioza vaginului se caracterizeaz\u0103 prin tulbur\u0103rile \u00een microflora vaginului.Aceast\u0103 maladie mai este numit\u0103 \u015fi disbacterioz\u0103 vaginal\u0103. Cu aceast\u0103 maladie sunt cunoscute foarte multe reprezentante ale genului femenin \u015fi m\u0103car o dat\u0103 \u00een via\u0163\u0103 ele au suferit de boala \u00een cauz\u0103. Particularit\u0103\u0163ile maladiei Semnele disbacteriozei pot trece de la sine f\u0103r\u0103 un tratament anume. \u00cens\u0103 dac\u0103 [&hellip;]<\/p>\n","protected":false},"author":28,"featured_media":0,"parent":38235,"menu_order":0,"comment_status":"closed","ping_status":"closed","template":"","meta":{"inline_featured_image":false,"footnotes":""},"class_list":["post-50029","page","type-page","status-publish"],"yoast_head":"<!-- This site is optimized with the Yoast SEO plugin v27.3 - https:\/\/yoast.com\/product\/yoast-seo-wordpress\/ -->\n<title>Disbacterioza vaginului<\/title>\n<meta name=\"description\" content=\"Disbacterioza vaginului se caracterizeaz\u0103 prin tulbur\u0103rile \u00een microflora vaginului.Aceast\u0103 maladie mai este numit\u0103 \u015fi disbacterioz\u0103 vaginal\u0103.Cu aceast\u0103 maladie sunt cunoscute foarte multe reprezentante ale genului femenin \u015fi m\u0103car o dat\u0103 \u00een via\u0163\u0103 ele au suferit de boala \u00een cauz\u0103.\" \/>\n<meta name=\"robots\" content=\"index, follow, max-snippet:-1, max-image-preview:large, max-video-preview:-1\" \/>\n<link rel=\"canonical\" href=\"https:\/\/sanatate.md\/ro\/boli-si-tratament\/boli-ale-femeilor\/disbacterioza-vaginului\/\" \/>\n<meta property=\"og:locale\" content=\"ro_RO\" \/>\n<meta property=\"og:type\" content=\"article\" \/>\n<meta property=\"og:title\" content=\"Disbacterioza vaginului\" \/>\n<meta property=\"og:description\" content=\"Disbacterioza vaginului se caracterizeaz\u0103 prin tulbur\u0103rile \u00een microflora vaginului.Aceast\u0103 maladie mai este numit\u0103 \u015fi disbacterioz\u0103 vaginal\u0103.Cu aceast\u0103 maladie sunt cunoscute foarte multe reprezentante ale genului femenin \u015fi m\u0103car o dat\u0103 \u00een via\u0163\u0103 ele au suferit de boala \u00een cauz\u0103.\" \/>\n<meta property=\"og:url\" content=\"https:\/\/sanatate.md\/ro\/boli-si-tratament\/boli-ale-femeilor\/disbacterioza-vaginului\/\" \/>\n<meta property=\"og:site_name\" content=\"Sanatate.md\" \/>\n<meta name=\"twitter:card\" content=\"summary_large_image\" \/>\n<meta name=\"twitter:label1\" content=\"Timp estimat pentru citire\" \/>\n\t<meta name=\"twitter:data1\" content=\"2 minute\" \/>\n<script type=\"application\/ld+json\" class=\"yoast-schema-graph\">{\"@context\":\"https:\\\/\\\/schema.org\",\"@graph\":[{\"@type\":\"WebPage\",\"@id\":\"https:\\\/\\\/sanatate.md\\\/ro\\\/boli-si-tratament\\\/boli-ale-femeilor\\\/disbacterioza-vaginului\\\/\",\"url\":\"https:\\\/\\\/sanatate.md\\\/ro\\\/boli-si-tratament\\\/boli-ale-femeilor\\\/disbacterioza-vaginului\\\/\",\"name\":\"Disbacterioza vaginului\",\"isPartOf\":{\"@id\":\"https:\\\/\\\/sanatate.md\\\/ro\\\/#website\"},\"datePublished\":\"2018-01-17T09:23:54+00:00\",\"description\":\"Disbacterioza vaginului se caracterizeaz\u0103 prin tulbur\u0103rile \u00een microflora vaginului.Aceast\u0103 maladie mai este numit\u0103 \u015fi disbacterioz\u0103 vaginal\u0103.Cu aceast\u0103 maladie sunt cunoscute foarte multe reprezentante ale genului femenin \u015fi m\u0103car o dat\u0103 \u00een via\u0163\u0103 ele au suferit de boala \u00een cauz\u0103.\",\"breadcrumb\":{\"@id\":\"https:\\\/\\\/sanatate.md\\\/ro\\\/boli-si-tratament\\\/boli-ale-femeilor\\\/disbacterioza-vaginului\\\/#breadcrumb\"},\"inLanguage\":\"ro-RO\",\"potentialAction\":[{\"@type\":\"ReadAction\",\"target\":[\"https:\\\/\\\/sanatate.md\\\/ro\\\/boli-si-tratament\\\/boli-ale-femeilor\\\/disbacterioza-vaginului\\\/\"]}]},{\"@type\":\"BreadcrumbList\",\"@id\":\"https:\\\/\\\/sanatate.md\\\/ro\\\/boli-si-tratament\\\/boli-ale-femeilor\\\/disbacterioza-vaginului\\\/#breadcrumb\",\"itemListElement\":[{\"@type\":\"ListItem\",\"position\":1,\"name\":\"\u0413\u043b\u0430\u0432\u043d\u0430\u044f \u0441\u0442\u0440\u0430\u043d\u0438\u0446\u0430\",\"item\":\"https:\\\/\\\/sanatate.md\\\/ro\\\/\"},{\"@type\":\"ListItem\",\"position\":2,\"name\":\"Boli si tratament\",\"item\":\"https:\\\/\\\/sanatate.md\\\/ro\\\/boli-si-tratament\\\/\"},{\"@type\":\"ListItem\",\"position\":3,\"name\":\"Boli ale femeilor\",\"item\":\"https:\\\/\\\/sanatate.md\\\/ro\\\/boli-si-tratament\\\/boli-ale-femeilor\\\/\"},{\"@type\":\"ListItem\",\"position\":4,\"name\":\"Disbacterioza vaginului\"}]},{\"@type\":\"WebSite\",\"@id\":\"https:\\\/\\\/sanatate.md\\\/ro\\\/#website\",\"url\":\"https:\\\/\\\/sanatate.md\\\/ro\\\/\",\"name\":\"Sanatate.md\",\"description\":\"\u0416\u0443\u0440\u043d\u0430\u043b \u0434\u043b\u044f \u0432\u0441\u0435\u0439 \u0441\u0435\u043c\u044c\u0438 \u0432 \u041c\u043e\u043b\u0434\u043e\u0432\u0435\",\"publisher\":{\"@id\":\"https:\\\/\\\/sanatate.md\\\/ro\\\/#organization\"},\"potentialAction\":[{\"@type\":\"SearchAction\",\"target\":{\"@type\":\"EntryPoint\",\"urlTemplate\":\"https:\\\/\\\/sanatate.md\\\/ro\\\/?s={search_term_string}\"},\"query-input\":{\"@type\":\"PropertyValueSpecification\",\"valueRequired\":true,\"valueName\":\"search_term_string\"}}],\"inLanguage\":\"ro-RO\"},{\"@type\":\"Organization\",\"@id\":\"https:\\\/\\\/sanatate.md\\\/ro\\\/#organization\",\"name\":\"SANATATE\",\"url\":\"https:\\\/\\\/sanatate.md\\\/ro\\\/\",\"logo\":{\"@type\":\"ImageObject\",\"inLanguage\":\"ro-RO\",\"@id\":\"https:\\\/\\\/sanatate.md\\\/ro\\\/#\\\/schema\\\/logo\\\/image\\\/\",\"url\":\"https:\\\/\\\/sanatate.md\\\/wp-content\\\/uploads\\\/2022\\\/01\\\/sanatate-logo.svg\",\"contentUrl\":\"https:\\\/\\\/sanatate.md\\\/wp-content\\\/uploads\\\/2022\\\/01\\\/sanatate-logo.svg\",\"width\":\"1024\",\"height\":\"1024\",\"caption\":\"SANATATE\"},\"image\":{\"@id\":\"https:\\\/\\\/sanatate.md\\\/ro\\\/#\\\/schema\\\/logo\\\/image\\\/\"}}]}<\/script>\n<!-- \/ Yoast SEO plugin. -->","yoast_head_json":{"title":"Disbacterioza vaginului","description":"Disbacterioza vaginului se caracterizeaz\u0103 prin tulbur\u0103rile \u00een microflora vaginului.Aceast\u0103 maladie mai este numit\u0103 \u015fi disbacterioz\u0103 vaginal\u0103.Cu aceast\u0103 maladie sunt cunoscute foarte multe reprezentante ale genului femenin \u015fi m\u0103car o dat\u0103 \u00een via\u0163\u0103 ele au suferit de boala \u00een cauz\u0103.","robots":{"index":"index","follow":"follow","max-snippet":"max-snippet:-1","max-image-preview":"max-image-preview:large","max-video-preview":"max-video-preview:-1"},"canonical":"https:\/\/sanatate.md\/ro\/boli-si-tratament\/boli-ale-femeilor\/disbacterioza-vaginului\/","og_locale":"ro_RO","og_type":"article","og_title":"Disbacterioza vaginului","og_description":"Disbacterioza vaginului se caracterizeaz\u0103 prin tulbur\u0103rile \u00een microflora vaginului.Aceast\u0103 maladie mai este numit\u0103 \u015fi disbacterioz\u0103 vaginal\u0103.Cu aceast\u0103 maladie sunt cunoscute foarte multe reprezentante ale genului femenin \u015fi m\u0103car o dat\u0103 \u00een via\u0163\u0103 ele au suferit de boala \u00een cauz\u0103.","og_url":"https:\/\/sanatate.md\/ro\/boli-si-tratament\/boli-ale-femeilor\/disbacterioza-vaginului\/","og_site_name":"Sanatate.md","twitter_card":"summary_large_image","twitter_misc":{"Timp estimat pentru citire":"2 minute"},"schema":{"@context":"https:\/\/schema.org","@graph":[{"@type":"WebPage","@id":"https:\/\/sanatate.md\/ro\/boli-si-tratament\/boli-ale-femeilor\/disbacterioza-vaginului\/","url":"https:\/\/sanatate.md\/ro\/boli-si-tratament\/boli-ale-femeilor\/disbacterioza-vaginului\/","name":"Disbacterioza vaginului","isPartOf":{"@id":"https:\/\/sanatate.md\/ro\/#website"},"datePublished":"2018-01-17T09:23:54+00:00","description":"Disbacterioza vaginului se caracterizeaz\u0103 prin tulbur\u0103rile \u00een microflora vaginului.Aceast\u0103 maladie mai este numit\u0103 \u015fi disbacterioz\u0103 vaginal\u0103.Cu aceast\u0103 maladie sunt cunoscute foarte multe reprezentante ale genului femenin \u015fi m\u0103car o dat\u0103 \u00een via\u0163\u0103 ele au suferit de boala \u00een cauz\u0103.","breadcrumb":{"@id":"https:\/\/sanatate.md\/ro\/boli-si-tratament\/boli-ale-femeilor\/disbacterioza-vaginului\/#breadcrumb"},"inLanguage":"ro-RO","potentialAction":[{"@type":"ReadAction","target":["https:\/\/sanatate.md\/ro\/boli-si-tratament\/boli-ale-femeilor\/disbacterioza-vaginului\/"]}]},{"@type":"BreadcrumbList","@id":"https:\/\/sanatate.md\/ro\/boli-si-tratament\/boli-ale-femeilor\/disbacterioza-vaginului\/#breadcrumb","itemListElement":[{"@type":"ListItem","position":1,"name":"\u0413\u043b\u0430\u0432\u043d\u0430\u044f \u0441\u0442\u0440\u0430\u043d\u0438\u0446\u0430","item":"https:\/\/sanatate.md\/ro\/"},{"@type":"ListItem","position":2,"name":"Boli si tratament","item":"https:\/\/sanatate.md\/ro\/boli-si-tratament\/"},{"@type":"ListItem","position":3,"name":"Boli ale femeilor","item":"https:\/\/sanatate.md\/ro\/boli-si-tratament\/boli-ale-femeilor\/"},{"@type":"ListItem","position":4,"name":"Disbacterioza vaginului"}]},{"@type":"WebSite","@id":"https:\/\/sanatate.md\/ro\/#website","url":"https:\/\/sanatate.md\/ro\/","name":"Sanatate.md","description":"\u0416\u0443\u0440\u043d\u0430\u043b \u0434\u043b\u044f \u0432\u0441\u0435\u0439 \u0441\u0435\u043c\u044c\u0438 \u0432 \u041c\u043e\u043b\u0434\u043e\u0432\u0435","publisher":{"@id":"https:\/\/sanatate.md\/ro\/#organization"},"potentialAction":[{"@type":"SearchAction","target":{"@type":"EntryPoint","urlTemplate":"https:\/\/sanatate.md\/ro\/?s={search_term_string}"},"query-input":{"@type":"PropertyValueSpecification","valueRequired":true,"valueName":"search_term_string"}}],"inLanguage":"ro-RO"},{"@type":"Organization","@id":"https:\/\/sanatate.md\/ro\/#organization","name":"SANATATE","url":"https:\/\/sanatate.md\/ro\/","logo":{"@type":"ImageObject","inLanguage":"ro-RO","@id":"https:\/\/sanatate.md\/ro\/#\/schema\/logo\/image\/","url":"https:\/\/sanatate.md\/wp-content\/uploads\/2022\/01\/sanatate-logo.svg","contentUrl":"https:\/\/sanatate.md\/wp-content\/uploads\/2022\/01\/sanatate-logo.svg","width":"1024","height":"1024","caption":"SANATATE"},"image":{"@id":"https:\/\/sanatate.md\/ro\/#\/schema\/logo\/image\/"}}]}},"_links":{"self":[{"href":"https:\/\/sanatate.md\/ro\/wp-json\/wp\/v2\/pages\/50029","targetHints":{"allow":["GET"]}}],"collection":[{"href":"https:\/\/sanatate.md\/ro\/wp-json\/wp\/v2\/pages"}],"about":[{"href":"https:\/\/sanatate.md\/ro\/wp-json\/wp\/v2\/types\/page"}],"author":[{"embeddable":true,"href":"https:\/\/sanatate.md\/ro\/wp-json\/wp\/v2\/users\/28"}],"replies":[{"embeddable":true,"href":"https:\/\/sanatate.md\/ro\/wp-json\/wp\/v2\/comments?post=50029"}],"version-history":[{"count":0,"href":"https:\/\/sanatate.md\/ro\/wp-json\/wp\/v2\/pages\/50029\/revisions"}],"up":[{"embeddable":true,"href":"https:\/\/sanatate.md\/ro\/wp-json\/wp\/v2\/pages\/38235"}],"wp:attachment":[{"href":"https:\/\/sanatate.md\/ro\/wp-json\/wp\/v2\/media?parent=50029"}],"curies":[{"name":"wp","href":"https:\/\/api.w.org\/{rel}","templated":true}]}}