{"id":50038,"date":"2018-01-17T12:40:04","date_gmt":"2018-01-17T09:40:04","guid":{"rendered":"https:\/\/sanatate.md\/?page_id=50038"},"modified":"2018-01-17T12:40:51","modified_gmt":"2018-01-17T09:40:51","slug":"dezinteria","status":"publish","type":"page","link":"https:\/\/sanatate.md\/ro\/boli-si-tratament\/boli-ale-tractului-gastro-intestinal\/dezinteria\/","title":{"rendered":"Dezinteria"},"content":{"rendered":"<p>Dezinteria este o boal\u0103 infec\u0163ioas\u0103 care este provocat\u0103 de o bacterie. Boala de regul\u0103 decurge afect\u00e2nd mucoasa intestinului gros \u015fi se caracterizeaz\u0103 prin urm\u0103toarele semne:<\/p>\n<ul>\n<li>Sl\u0103biciune general\u0103;<\/li>\n<li>Dureri crampice \u00een abdomen;<\/li>\n<li>Diaree frecvent\u0103 \u015fi lichid\u0103 cu mucoas\u0103 sau s\u00e2nge;<\/li>\n<li>Chem\u0103ri false spre defecare.<\/li>\n<\/ul>\n<p>Bacteriile dezinterice dup\u0103 form\u0103 sunt asemenea unor bastona\u015fe, ele nu sunt rezistente la factorii mediului ambiant \u015fi pier imediat la o temperatur\u0103 de fierbere, ele sunt rezistente la temperatura de 60 de grade doar treizeci de minute, dup\u0103 ce sunt defecate tr\u0103iesc doar c\u00e2teva ore. Un mediu nociv pentru agentul provocator este: solu\u0163ia de fenol de 1% \u015fi razele solare-bacteriile pier timp de jum\u0103tate de or\u0103.<\/p>\n<p>Boala se transmite de la omul infectat, bolnav sau a r\u0103sp\u00e2nditorului de bacilii respectivi.Cei mai periculo\u015fi pentru oamenii din jur sunt bolnavii cu forma acut\u0103 de dezinterie \u015fi cu un tablou clinic slab pronun\u0163at deoarece ei sunt sursa de baz\u0103 a infect\u0103rii. De aceast\u0103 maladie periculoas\u0103 se poate de infectat prin intermediul produselor alimentare, ap\u0103 \u015fi m\u00e2ini murdare. Insectele, \u00een special mu\u015ftele la fel pot transmite bacteria \u00een cauz\u0103.<\/p>\n<h3>Simptome ale maladiei<\/h3>\n<p>Se disting dou\u0103 forme ale bolii:<\/p>\n<ul>\n<li>Acut\u0103;<\/li>\n<li>Cronic\u0103.<\/li>\n<\/ul>\n<p>Prima form\u0103 poate dura de la c\u00e2teva zile p\u00e2n\u0103 la trei luni. Dac\u0103 boala dureaz\u0103 mai mult atunci ea este analizat\u0103 ca una cronic\u0103. Forma acut\u0103 este \u00eent\u00e2lnit\u0103 mai des dec\u00e2t cea cronic\u0103, decurge u\u015for \u015fi f\u0103r\u0103 consecin\u0163e letale. Semnele formei acute sunt tipice cu toate c\u0103 sunt pronun\u0163ate \u00eenso\u0163ite de perioada latent\u0103. Simptomele apar brusc,mai \u00eent\u00e2i bolnavul simte dureri \u00een abdomen, de regul\u0103 \u00een partea st\u00e2ng\u0103, apoi apar dureri \u00een rect. La bolnav apare diareea p\u2019n\u0103 la zece ori pe zi, masele fecale sunt lichide \u00eenso\u0163ite de mucoase \u015fi s\u00e2nge, se m\u0103re\u015fte temperatura corpului.<\/p>\n<p>Semnele dezinteriei sunt mai pronun\u0163ate atunci c\u00e2nd e vorba despre un tablou clinic moderat care apare dup\u0103 o perioad\u0103 nu prea \u00eendelungat\u0103 de sl\u0103biciune general\u0103 a organismului. Apar atacuri de dureri \u00een abdomen care se manifest\u0103 de regul\u0103 \u00een partea st\u00e2ng\u0103 de jos. Scaunul este foarte des \u015fi sub form\u0103 lichid\u0103, frecven\u0163a lui poate fi de circa p\u00e2n\u0103 la dou\u0103zeci \u015fi cinci de ori pe zi. Pe bolnav \u00eel chinuie durerile de cap, temperatura \u00eenalt\u0103 nu scade pe parcursul c\u00e2torva zile.<\/p>\n<p>Durerile crampice la majoritatea bolnavilor sunt \u00eendelungate \u015fi au un caracter regulat, ele se localizeaz\u0103 \u00een partea inferioar\u0103 a abdomenului, de regul\u0103 \u00een partea st\u00e2ng\u0103, la cinci procente din bolnavi boala se manifest\u0103 \u00een regiunea cordonului ombilical \u015fi \u00een burt\u0103 se formeaz\u0103 gaze.<\/p>\n<p>Forma grea a dezinteriei acute decurge foarte rapid \u015fi acut cu simptomele tipice pentru maladia \u00een cauz\u0103. Durerile crampice mai sunt \u00eenso\u0163ite \u015fi de gre\u0163uri \u015fi vom\u0103,temperatura corpului este \u00eenalt\u0103, scaunul este la fiecare jum\u0103tate de or\u0103 \u00eenso\u0163it de mucoase, s\u00e2nge \u015fi mase purulente. Pulsul la bolnav este mai frecvent, tensiunea arterial\u0103 este joas\u0103, apar dificult\u0103\u0163ile de respira\u0163ie. Boala poate decurge p\u00e2n\u0103 la o lun\u00ee \u015fi jum\u0103tate \u015fi dac\u0103 nu se vor lua m\u0103surile adecvate atunci ea poate trece \u00een form\u0103 cronic\u0103.<\/p>\n<h3>Dezinteria la copii<\/h3>\n<p>Copiii de v\u00e2rst\u0103 pre\u015fcolar\u0103 nu pot respecta regulile de sanitarie \u015fi igien\u0103 din cauza v\u00e2rstei lor specifice \u015fi de aceea ei foarte des intr\u0103 \u00een contact cu diferi\u0163i viru\u015fi patogeni \u015fi microbi care-i \u00eenconjoar\u0103 pe ei. Cu toate c\u0103 p\u0103rin\u0163ii au grij\u0103 de copil e imposibil uneori s\u0103-l protejeze de diferite infec\u0163ii.<\/p>\n<p>De regul\u0103 dezinteria la copiii care sunt al\u0103pta\u0163i nu se \u00eent\u00e2lne\u015fte deoarece laptele matern constituie o ap\u0103rare sigur\u0103 contra diferitor bacterii \u015fi viru\u015fi: el asigur\u0103 copilului o imunitate sigur\u0103.<\/p>\n<p>Conform datelor statistice boala afecteaz\u0103 copiii de la doi p\u00e2n\u0103 la cinci ani \u015fi mai ales vara. \u00cen acest timp copiii se joac\u0103 la aer liber, se scald\u0103 \u015fi foarte u\u015for pot s\u0103 se infecteze de maladia \u00een cauz\u0103. Semnele bolii sunt acelea\u015fi ca \u015fi la maturi:piciul devine nelini\u015ftit, i se ridic\u0103 temperatura corpului \u015fi se manifest\u0103 lipsa poftei de m\u00e2ncare. Scaunul este de culoarea verde \u015fi lichid, aceste simptome sunt foarte alarmante \u015fi necesit\u0103 solicitarea idiscutabil\u0103 a unui specialist.<\/p>\n<h3>Profilactic\u0103<\/h3>\n<p>Respectarea regulilor de sanitarie \u015fi igien\u0103, realizarea diferitor proceduri igieno-sanitare la \u00eentreprinderile de produc\u0163ie alimentar\u0103, alimentare public\u0103, fermele de lapte, \u015fcoli \u015fi gr\u0103dini\u0163e o constituie cea mai bun\u0103 profilactic\u0103 contra maladiei \u00een cauz\u0103. Controlul ce \u0163ine de expulzarea la timp a gunoi\u015ftelor, calitatea apei potabile, lucru de informare asupra regulilor de igien\u0103 permit ca \u00een ultimul timp s\u0103 nu s\u0103 se admit\u0103 apari\u0163ia focarelor de boala dat\u0103.<\/p>\n<p>Bolile infec\u0163ioase a organelor de digestie sunt numite boli ale m\u00e2inilor murdare \u015fi din aceast\u0103 cauz\u0103 respectarea riguroas\u0103 a regulilor de igien\u0103 personal\u0103 este cea mai bun\u0103 profilactic\u0103 contra dezinteriei.<\/p>\n","protected":false},"excerpt":{"rendered":"<p>Dezinteria este o boal\u0103 infec\u0163ioas\u0103 care este provocat\u0103 de o bacterie. Boala de regul\u0103 decurge afect\u00e2nd mucoasa intestinului gros \u015fi se caracterizeaz\u0103 prin urm\u0103toarele semne: Sl\u0103biciune general\u0103; Dureri crampice \u00een abdomen; Diaree frecvent\u0103 \u015fi lichid\u0103 cu mucoas\u0103 sau s\u00e2nge; Chem\u0103ri false spre defecare. Bacteriile dezinterice dup\u0103 form\u0103 sunt asemenea unor bastona\u015fe, ele nu sunt rezistente [&hellip;]<\/p>\n","protected":false},"author":28,"featured_media":0,"parent":52944,"menu_order":0,"comment_status":"closed","ping_status":"closed","template":"","meta":{"inline_featured_image":false,"footnotes":""},"class_list":["post-50038","page","type-page","status-publish"],"yoast_head":"<!-- This site is optimized with the Yoast SEO plugin v27.3 - https:\/\/yoast.com\/product\/yoast-seo-wordpress\/ -->\n<title>Dezinteria<\/title>\n<meta name=\"description\" content=\"Bacteriile dezinterice dup\u0103 form\u0103 sunt asemenea unor bastona\u015fe, ele nu sunt rezistente la factorii mediului ambiant \u015fi pier imediat la o temperatur\u0103 de fierbere, ele sunt rezistente la temperatura de 60 de grade doar treizeci de minute, dup\u0103 ce sunt defecate tr\u0103iesc doar c\u00e2teva ore.\" \/>\n<meta name=\"robots\" content=\"index, follow, max-snippet:-1, max-image-preview:large, max-video-preview:-1\" \/>\n<link rel=\"canonical\" href=\"https:\/\/sanatate.md\/ro\/boli-si-tratament\/boli-ale-tractului-gastro-intestinal\/dezinteria\/\" \/>\n<meta property=\"og:locale\" content=\"ro_RO\" \/>\n<meta property=\"og:type\" content=\"article\" \/>\n<meta property=\"og:title\" content=\"Dezinteria\" \/>\n<meta property=\"og:description\" content=\"Bacteriile dezinterice dup\u0103 form\u0103 sunt asemenea unor bastona\u015fe, ele nu sunt rezistente la factorii mediului ambiant \u015fi pier imediat la o temperatur\u0103 de fierbere, ele sunt rezistente la temperatura de 60 de grade doar treizeci de minute, dup\u0103 ce sunt defecate tr\u0103iesc doar c\u00e2teva ore.\" \/>\n<meta property=\"og:url\" content=\"https:\/\/sanatate.md\/ro\/boli-si-tratament\/boli-ale-tractului-gastro-intestinal\/dezinteria\/\" \/>\n<meta property=\"og:site_name\" content=\"Sanatate.md\" \/>\n<meta property=\"article:modified_time\" content=\"2018-01-17T09:40:51+00:00\" \/>\n<meta name=\"twitter:card\" content=\"summary_large_image\" \/>\n<meta name=\"twitter:label1\" content=\"Timp estimat pentru citire\" \/>\n\t<meta name=\"twitter:data1\" content=\"4 minute\" \/>\n<script type=\"application\/ld+json\" class=\"yoast-schema-graph\">{\"@context\":\"https:\\\/\\\/schema.org\",\"@graph\":[{\"@type\":\"WebPage\",\"@id\":\"https:\\\/\\\/sanatate.md\\\/ro\\\/boli-si-tratament\\\/boli-ale-tractului-gastro-intestinal\\\/dezinteria\\\/\",\"url\":\"https:\\\/\\\/sanatate.md\\\/ro\\\/boli-si-tratament\\\/boli-ale-tractului-gastro-intestinal\\\/dezinteria\\\/\",\"name\":\"Dezinteria\",\"isPartOf\":{\"@id\":\"https:\\\/\\\/sanatate.md\\\/ro\\\/#website\"},\"datePublished\":\"2018-01-17T09:40:04+00:00\",\"dateModified\":\"2018-01-17T09:40:51+00:00\",\"description\":\"Bacteriile dezinterice dup\u0103 form\u0103 sunt asemenea unor bastona\u015fe, ele nu sunt rezistente la factorii mediului ambiant \u015fi pier imediat la o temperatur\u0103 de fierbere, ele sunt rezistente la temperatura de 60 de grade doar treizeci de minute, dup\u0103 ce sunt defecate tr\u0103iesc doar c\u00e2teva ore.\",\"breadcrumb\":{\"@id\":\"https:\\\/\\\/sanatate.md\\\/ro\\\/boli-si-tratament\\\/boli-ale-tractului-gastro-intestinal\\\/dezinteria\\\/#breadcrumb\"},\"inLanguage\":\"ro-RO\",\"potentialAction\":[{\"@type\":\"ReadAction\",\"target\":[\"https:\\\/\\\/sanatate.md\\\/ro\\\/boli-si-tratament\\\/boli-ale-tractului-gastro-intestinal\\\/dezinteria\\\/\"]}]},{\"@type\":\"BreadcrumbList\",\"@id\":\"https:\\\/\\\/sanatate.md\\\/ro\\\/boli-si-tratament\\\/boli-ale-tractului-gastro-intestinal\\\/dezinteria\\\/#breadcrumb\",\"itemListElement\":[{\"@type\":\"ListItem\",\"position\":1,\"name\":\"\u0413\u043b\u0430\u0432\u043d\u0430\u044f \u0441\u0442\u0440\u0430\u043d\u0438\u0446\u0430\",\"item\":\"https:\\\/\\\/sanatate.md\\\/ro\\\/\"},{\"@type\":\"ListItem\",\"position\":2,\"name\":\"Boli si tratament\",\"item\":\"https:\\\/\\\/sanatate.md\\\/ro\\\/boli-si-tratament\\\/\"},{\"@type\":\"ListItem\",\"position\":3,\"name\":\"Boli ale tractului gastro-intestinal\",\"item\":\"https:\\\/\\\/sanatate.md\\\/ro\\\/boli-si-tratament\\\/boli-ale-tractului-gastro-intestinal\\\/\"},{\"@type\":\"ListItem\",\"position\":4,\"name\":\"Dezinteria\"}]},{\"@type\":\"WebSite\",\"@id\":\"https:\\\/\\\/sanatate.md\\\/ro\\\/#website\",\"url\":\"https:\\\/\\\/sanatate.md\\\/ro\\\/\",\"name\":\"Sanatate.md\",\"description\":\"\u0416\u0443\u0440\u043d\u0430\u043b \u0434\u043b\u044f \u0432\u0441\u0435\u0439 \u0441\u0435\u043c\u044c\u0438 \u0432 \u041c\u043e\u043b\u0434\u043e\u0432\u0435\",\"publisher\":{\"@id\":\"https:\\\/\\\/sanatate.md\\\/ro\\\/#organization\"},\"potentialAction\":[{\"@type\":\"SearchAction\",\"target\":{\"@type\":\"EntryPoint\",\"urlTemplate\":\"https:\\\/\\\/sanatate.md\\\/ro\\\/?s={search_term_string}\"},\"query-input\":{\"@type\":\"PropertyValueSpecification\",\"valueRequired\":true,\"valueName\":\"search_term_string\"}}],\"inLanguage\":\"ro-RO\"},{\"@type\":\"Organization\",\"@id\":\"https:\\\/\\\/sanatate.md\\\/ro\\\/#organization\",\"name\":\"SANATATE\",\"url\":\"https:\\\/\\\/sanatate.md\\\/ro\\\/\",\"logo\":{\"@type\":\"ImageObject\",\"inLanguage\":\"ro-RO\",\"@id\":\"https:\\\/\\\/sanatate.md\\\/ro\\\/#\\\/schema\\\/logo\\\/image\\\/\",\"url\":\"https:\\\/\\\/sanatate.md\\\/wp-content\\\/uploads\\\/2022\\\/01\\\/sanatate-logo.svg\",\"contentUrl\":\"https:\\\/\\\/sanatate.md\\\/wp-content\\\/uploads\\\/2022\\\/01\\\/sanatate-logo.svg\",\"width\":\"1024\",\"height\":\"1024\",\"caption\":\"SANATATE\"},\"image\":{\"@id\":\"https:\\\/\\\/sanatate.md\\\/ro\\\/#\\\/schema\\\/logo\\\/image\\\/\"}}]}<\/script>\n<!-- \/ Yoast SEO plugin. -->","yoast_head_json":{"title":"Dezinteria","description":"Bacteriile dezinterice dup\u0103 form\u0103 sunt asemenea unor bastona\u015fe, ele nu sunt rezistente la factorii mediului ambiant \u015fi pier imediat la o temperatur\u0103 de fierbere, ele sunt rezistente la temperatura de 60 de grade doar treizeci de minute, dup\u0103 ce sunt defecate tr\u0103iesc doar c\u00e2teva ore.","robots":{"index":"index","follow":"follow","max-snippet":"max-snippet:-1","max-image-preview":"max-image-preview:large","max-video-preview":"max-video-preview:-1"},"canonical":"https:\/\/sanatate.md\/ro\/boli-si-tratament\/boli-ale-tractului-gastro-intestinal\/dezinteria\/","og_locale":"ro_RO","og_type":"article","og_title":"Dezinteria","og_description":"Bacteriile dezinterice dup\u0103 form\u0103 sunt asemenea unor bastona\u015fe, ele nu sunt rezistente la factorii mediului ambiant \u015fi pier imediat la o temperatur\u0103 de fierbere, ele sunt rezistente la temperatura de 60 de grade doar treizeci de minute, dup\u0103 ce sunt defecate tr\u0103iesc doar c\u00e2teva ore.","og_url":"https:\/\/sanatate.md\/ro\/boli-si-tratament\/boli-ale-tractului-gastro-intestinal\/dezinteria\/","og_site_name":"Sanatate.md","article_modified_time":"2018-01-17T09:40:51+00:00","twitter_card":"summary_large_image","twitter_misc":{"Timp estimat pentru citire":"4 minute"},"schema":{"@context":"https:\/\/schema.org","@graph":[{"@type":"WebPage","@id":"https:\/\/sanatate.md\/ro\/boli-si-tratament\/boli-ale-tractului-gastro-intestinal\/dezinteria\/","url":"https:\/\/sanatate.md\/ro\/boli-si-tratament\/boli-ale-tractului-gastro-intestinal\/dezinteria\/","name":"Dezinteria","isPartOf":{"@id":"https:\/\/sanatate.md\/ro\/#website"},"datePublished":"2018-01-17T09:40:04+00:00","dateModified":"2018-01-17T09:40:51+00:00","description":"Bacteriile dezinterice dup\u0103 form\u0103 sunt asemenea unor bastona\u015fe, ele nu sunt rezistente la factorii mediului ambiant \u015fi pier imediat la o temperatur\u0103 de fierbere, ele sunt rezistente la temperatura de 60 de grade doar treizeci de minute, dup\u0103 ce sunt defecate tr\u0103iesc doar c\u00e2teva ore.","breadcrumb":{"@id":"https:\/\/sanatate.md\/ro\/boli-si-tratament\/boli-ale-tractului-gastro-intestinal\/dezinteria\/#breadcrumb"},"inLanguage":"ro-RO","potentialAction":[{"@type":"ReadAction","target":["https:\/\/sanatate.md\/ro\/boli-si-tratament\/boli-ale-tractului-gastro-intestinal\/dezinteria\/"]}]},{"@type":"BreadcrumbList","@id":"https:\/\/sanatate.md\/ro\/boli-si-tratament\/boli-ale-tractului-gastro-intestinal\/dezinteria\/#breadcrumb","itemListElement":[{"@type":"ListItem","position":1,"name":"\u0413\u043b\u0430\u0432\u043d\u0430\u044f \u0441\u0442\u0440\u0430\u043d\u0438\u0446\u0430","item":"https:\/\/sanatate.md\/ro\/"},{"@type":"ListItem","position":2,"name":"Boli si tratament","item":"https:\/\/sanatate.md\/ro\/boli-si-tratament\/"},{"@type":"ListItem","position":3,"name":"Boli ale tractului gastro-intestinal","item":"https:\/\/sanatate.md\/ro\/boli-si-tratament\/boli-ale-tractului-gastro-intestinal\/"},{"@type":"ListItem","position":4,"name":"Dezinteria"}]},{"@type":"WebSite","@id":"https:\/\/sanatate.md\/ro\/#website","url":"https:\/\/sanatate.md\/ro\/","name":"Sanatate.md","description":"\u0416\u0443\u0440\u043d\u0430\u043b \u0434\u043b\u044f \u0432\u0441\u0435\u0439 \u0441\u0435\u043c\u044c\u0438 \u0432 \u041c\u043e\u043b\u0434\u043e\u0432\u0435","publisher":{"@id":"https:\/\/sanatate.md\/ro\/#organization"},"potentialAction":[{"@type":"SearchAction","target":{"@type":"EntryPoint","urlTemplate":"https:\/\/sanatate.md\/ro\/?s={search_term_string}"},"query-input":{"@type":"PropertyValueSpecification","valueRequired":true,"valueName":"search_term_string"}}],"inLanguage":"ro-RO"},{"@type":"Organization","@id":"https:\/\/sanatate.md\/ro\/#organization","name":"SANATATE","url":"https:\/\/sanatate.md\/ro\/","logo":{"@type":"ImageObject","inLanguage":"ro-RO","@id":"https:\/\/sanatate.md\/ro\/#\/schema\/logo\/image\/","url":"https:\/\/sanatate.md\/wp-content\/uploads\/2022\/01\/sanatate-logo.svg","contentUrl":"https:\/\/sanatate.md\/wp-content\/uploads\/2022\/01\/sanatate-logo.svg","width":"1024","height":"1024","caption":"SANATATE"},"image":{"@id":"https:\/\/sanatate.md\/ro\/#\/schema\/logo\/image\/"}}]}},"_links":{"self":[{"href":"https:\/\/sanatate.md\/ro\/wp-json\/wp\/v2\/pages\/50038","targetHints":{"allow":["GET"]}}],"collection":[{"href":"https:\/\/sanatate.md\/ro\/wp-json\/wp\/v2\/pages"}],"about":[{"href":"https:\/\/sanatate.md\/ro\/wp-json\/wp\/v2\/types\/page"}],"author":[{"embeddable":true,"href":"https:\/\/sanatate.md\/ro\/wp-json\/wp\/v2\/users\/28"}],"replies":[{"embeddable":true,"href":"https:\/\/sanatate.md\/ro\/wp-json\/wp\/v2\/comments?post=50038"}],"version-history":[{"count":0,"href":"https:\/\/sanatate.md\/ro\/wp-json\/wp\/v2\/pages\/50038\/revisions"}],"up":[{"embeddable":true,"href":"https:\/\/sanatate.md\/ro\/wp-json\/wp\/v2\/pages\/52944"}],"wp:attachment":[{"href":"https:\/\/sanatate.md\/ro\/wp-json\/wp\/v2\/media?parent=50038"}],"curies":[{"name":"wp","href":"https:\/\/api.w.org\/{rel}","templated":true}]}}