{"id":50045,"date":"2018-01-17T13:18:52","date_gmt":"2018-01-17T10:18:52","guid":{"rendered":"https:\/\/sanatate.md\/?page_id=50045"},"modified":"2018-01-17T13:22:54","modified_gmt":"2018-01-17T10:22:54","slug":"ciclul-anovulator","status":"publish","type":"page","link":"https:\/\/sanatate.md\/ro\/boli-si-tratament\/boli-ale-femeilor\/ciclul-anovulator\/","title":{"rendered":"Ciclul anovulator"},"content":{"rendered":"<p>Sub termenul de ciclu anovulator se sub\u00een\u0163elege ciclul menstrual \u00een perioada c\u0103ruia nu se formeaz\u0103 corpul galben care contribuie la r\u00eendul s\u0103u la apartenen\u0163a unui ciclu regulat.<\/p>\n<p>Aceast\u0103 stare boln\u0103vicioas\u0103 poate ap\u0103rea uneori \u015fi la femeile care sunt absolut s\u0103n\u0103toase, \u00eens\u0103 aceast\u0103 stare este caracteristic\u0103 pentru domni\u015foarele care au v\u00eersta ce cuprinde perioada de adolescen\u0163\u0103 deoarece la ele ciclul menstrual abia se stabile\u015fte. Starea dat\u0103 mai este atribuit\u0103 \u015fi femeilor care hr\u0103nesc cu s\u00eenul la fel \u015fi femeilor \u00een perioada de menopauz\u0103.<\/p>\n<h3>Cauzele bolii<\/h3>\n<p>Aceast\u0103 stare boln\u0103vicioas\u0103 la femeile de v\u00eersta reproductiv\u0103 care n-au nici o patologie este diagnosticat\u0103 foarte rar (1 caz din 100). Apoi aceast\u0103 stare trece \u00een ciclu normal. Anovularea poate fi provocat\u0103 de schimbarea condi\u0163iilor climaterice.<\/p>\n<p>\u00cen majoritatea cazurilor aceast\u0103 stare apare \u00een perioada dezvolt\u0103rii sexuale, a climaxului, menopauzei \u015fi \u00een perioada de al\u0103ptare a copilului. Conform cercet\u0103rilor statistice la jum\u0103tate din femeile care au al\u0103ptat chiar dac\u0103 a ap\u0103rut ciclul menstrual din nou, acesta r\u00eem\u0103ne anovulator.<\/p>\n<p>St\u0103rile mai sus enumerate sunt considerate drept norm\u0103.Anovula\u0163ia este considerat\u0103 o patologie care necesit\u0103 tratament mai ales c\u00eend aceasta este \u00eenso\u0163it\u0103 de s\u00eenger\u0103rile uterine care sunt provocate la r\u00eendul s\u0103u de tulburarea proceselor de dezvoltare a foliculelor \u015fi de lipsa perioadei luteine ceea ce duce respectiv spre infertilitate.<\/p>\n<p>Cauzele \u00eemboln\u0103virii \u00een acest caz pot fi tulbur\u0103rile \u00een activitatea hipotalamusului \u015fi a glandei pituitare-anume aceste organe sunt responsabile de fazele ciclului la femeie inclusiv \u015fi de diferite disfun\u0163ii adi\u0163ionale.<\/p>\n<p>Tulbur\u0103rile func\u0163iilor hipotalamusului \u015fi a glandei pituitare \u00eenseamn\u0103 producerea insuficient\u0103 a hormonului responsabil de stimularea folicular\u0103 ceea ce duce la faptul c\u0103 foliculul nu se maturizeaz\u0103 \u015fi respectiv lipse\u015fte perioada de ovula\u0163ie. Aceste tulbur\u0103ri duc la producerea insuficient\u0103 a hormonului lactotropic, perturb\u0103ri \u00een conlucrarea hormonilor sexuali uneori la producerea excesiv\u0103 a prolactinei \u00een glanda pituitar\u0103.<\/p>\n<p>Maladia poate ap\u0103rea pe fondalul unor procese inflamatorii \u015fi a altor boli ale organelor genitale.<\/p>\n<p>Starea boln\u0103vicioas\u0103 este diagnosticat\u0103 atunci c\u00eend persist\u0103 patologii ale sistemului reproductiv \u015fi alte boli sexuale.<\/p>\n<h3>Patogeneza st\u0103rii de boal\u0103<\/h3>\n<p>Ciclul anovulator este \u00eenso\u0163it de diferite perioade de maturizare sau de dezvoltare invers\u0103 a foliculului. C\u00eend este vorba de un ciclu normal se observ\u0103 ridicarea nivelului de estrogen, iar c\u00eend este vorba de starea boln\u0103vicioas\u0103 estrogenul considerabil trece peste norm\u0103 \u015fi chiar \u015fi progesteronul nu poate contribui la normalizarea nivelului acestuia. Uneori nivelul de estrogen e mai jos de norm\u0103. Ciclul \u00een timpul acestei st\u0103ri boln\u0103vicioase este foarte abundent.<\/p>\n<p>\u00cen perioada de adolescen\u0163\u0103 atunci c\u00eend ciclul de abia se stabile\u015fte starea boln\u0103vicioas\u0103 este provocat\u0103 de un nivel sc\u0103zut al hormonului luteotrop \u015fi luteinizant care se produc \u00een cantit\u0103\u0163i suficiente aproximativ la v\u00eersta de 16 ani. \u00cen perioada de climax asemenea tulbur\u0103ri au loc exact invers. \u00cen perioada de menopauz\u0103 ciclurile normale sunt \u00eenlocuite de cele anovulatorii. Anume de aceasta depinde caracterul ciclului, abunden\u0163a lor \u015fi parcursul acestora.<\/p>\n<h3>Ciclul anovulator:semnele acestuia<\/h3>\n<p>Nu toate femeile sunt \u00een stare s\u0103 depisteze atunci c\u00eend \u00eencepe perioada de ovula\u0163ie, la unele acest proces parcurge f\u0103r\u0103 anumite simptome.<\/p>\n<p>Despre faptul c\u0103 femeia a intrat \u00een perioada de ovula\u0163ie ne-o spun elimin\u0103rile sub form\u0103 de mucus. Ele nu sunt provocate de o oarecare infec\u0163ie, sunt v\u00eescoase \u015fi dureaz\u0103 acest proces c\u00eeteva zile. Dac\u0103 nu exist\u0103 aceste elimin\u0103ri, dar femeia simte dureri \u00een partea inferioar\u0103 a abdomenului sau \u00een regiunea unuia dintre ovare atunci apar toate motivele de a b\u0103nui persistarea st\u0103rii boln\u0103vicioase \u00een cauz\u0103.<\/p>\n<p>Nivelul ridicat de estrogen provoac\u0103 s\u00eenger\u0103rile uterine \u00een timpul ciclului, iar organul genital se m\u0103re\u015fte \u015fi se etan\u015feaz\u0103, se \u00eenmoaie colul uterin, e posibil\u0103 apari\u0163ia anemiei.<\/p>\n<p>Despre existen\u0163a st\u0103rii boln\u0103vicioase ne poate vorbi \u015fi temperatura bazal\u0103 stabil\u0103 pe parcursul \u00eentregului ciclu, lipsa de salturi de dispozi\u0163ie \u015fi de \u00eendoieli \u00een aceast\u0103 perioad\u0103.<\/p>\n<p>Ciclul neregulat la fel este un indiciu al maladiei \u00een cauz\u0103.<\/p>\n<p>Ad\u0103ugarea \u00een greutate,lipsa de sensibilitate de un nivel \u00eenalt,duritatea glandelor mamare,durerile \u00een spate adeseori ne m\u0103rturisesc despre existen\u0163a patologiei date.<\/p>\n<h3>Diagnosticare<\/h3>\n<p>Patologia \u00een cauz\u0103 este diagnosticat\u0103 prin intermediul urm\u0103toarelor cercet\u0103ri de laborator ca:<\/p>\n<ul>\n<li>Analiza s\u00eengelui(studiul hormonilor),<\/li>\n<li>Depistarea n ivelului hormonului hipofizar cu o zi \u00eenainte de presupusa ovula\u0163ie; dac\u0103 indicii nu se schimb\u0103 atunci b\u0103nuielile ce \u0163in de existen\u0163a ciclului anovulator nu au fost zadarnice;<\/li>\n<li>Investiga\u0163iile ultrasonografice vor permite s\u0103 depist\u0103m patologiile specifice.<\/li>\n<\/ul>\n<h3>E posibil s\u0103 prinzi sarcin\u0103?<\/h3>\n<p>Starea boln\u0103vicioas\u0103 \u00een cauz\u0103 duce la aceea c\u0103 femeia nu poate r\u0103m\u00eene \u00eens\u0103rcinat\u0103 sau survine infertilitatea hormonal\u0103. E necesar \u00een acest caz de adresat la un specialist care la r\u00eendul s\u0103u va efectua anumite sondaje \u015fi inspec\u0163ii \u015fi va prescrie un tratament adecvat.<\/p>\n<h3>Tratare<\/h3>\n<p>Din cauza c\u0103 ciclul anovulator duce la infertilitate,tratamentul este \u00eendreptat spre stimularea procesului de ovulare. Cre\u015fterea endometriului este stopat\u0103 prin o terapie adecvat\u0103. La fel este recomandat\u0103 \u015fi o terapie hormonal\u0103. Durata tratamentului depinde de eficacitatea acestuia \u015fi de nivelul de estrogeni.<\/p>\n<p>Cu scopul de a normaliza ciclul menstrual se r\u0103zuie\u015fte endometriul \u015fi se indic\u0103 dup\u0103 aceasta preparate gonadotropine.<\/p>\n<p>Cu 7 zile \u00eenainte de ciclu bolnavelor li se indic\u0103 injec\u0163ii cu progesteron.Paralel li se mai indic\u0103 \u015fi Narcolut \u00een pastile.Dac\u0103 \u00een timpul acestei st\u0103ri este ridicat nivelul de estrogen \u015fi este diagnosticat\u0103 cre\u015fterea endometriului bolnavei i se indic\u0103 progesteroni sintetici.<\/p>\n<p>Dac\u0103 aceast\u0103 stare este provocat\u0103 de o inflama\u0163ie cronic\u0103 a ovarelor se indic\u0103 un tratament complex de tratare a bolii, este recomandat\u0103 utilizarea vitaminei C, care contribuie la producerea hormonilor steroizi \u015fi restabile\u015fte func\u0163ia de ovula\u0163ie.<\/p>\n<p>Este indicat\u0103 electrostimularea indirect\u0103 a zonei hipotalamice \u015fi a glandei pituitare.<br \/>\n\u00cen cazul \u00een care este ridicat nivelul de prolactin\u0103 atunci se indic\u0103 medicamentul Parlodel.<br \/>\nStarea fiziologic\u0103 specific\u0103 perioadei de adolescen\u0163\u0103, climax \u015fi al\u0103ptare nu necesit\u0103 tratament.<\/p>\n<h3>Profilactica st\u0103rii boln\u0103vicioase<\/h3>\n<p>Dac\u0103 este indicat un tratament adecvat atunci o treime din femeile care au primit un tratament r\u0103m\u00een \u00eens\u0103rcinate.<br \/>\nProfilactica acestei st\u0103ri cere o aten\u0163ie deosebit\u0103 asupra st\u0103rii s\u0103n\u0103t\u0103\u0163ii mai ales \u00een perioada de adolescen\u0163\u0103, o organizare ra\u0163ional\u0103 a lucrului \u015fi odihnei, alimentare ra\u0163ional\u0103, evitarea contactului cu preparatele toxice \u00een producere, profilactica bolilor infec\u0163ioase.<\/p>\n<h3>Complica\u0163ii<\/h3>\n<p>\u00cen cazul \u00een care aceast\u0103 stare se repet\u0103 permament atunci apare infertilitatea.<\/p>\n","protected":false},"excerpt":{"rendered":"<p>Sub termenul de ciclu anovulator se sub\u00een\u0163elege ciclul menstrual \u00een perioada c\u0103ruia nu se formeaz\u0103 corpul galben care contribuie la r\u00eendul s\u0103u la apartenen\u0163a unui ciclu regulat. Aceast\u0103 stare boln\u0103vicioas\u0103 poate ap\u0103rea uneori \u015fi la femeile care sunt absolut s\u0103n\u0103toase, \u00eens\u0103 aceast\u0103 stare este caracteristic\u0103 pentru domni\u015foarele care au v\u00eersta ce cuprinde perioada de adolescen\u0163\u0103 [&hellip;]<\/p>\n","protected":false},"author":28,"featured_media":0,"parent":38235,"menu_order":0,"comment_status":"closed","ping_status":"closed","template":"","meta":{"inline_featured_image":false,"footnotes":""},"class_list":["post-50045","page","type-page","status-publish"],"yoast_head":"<!-- This site is optimized with the Yoast SEO plugin v27.3 - https:\/\/yoast.com\/product\/yoast-seo-wordpress\/ -->\n<title>Ciclul anovulator<\/title>\n<meta name=\"description\" content=\"Sub termenul de ciclu anovulator se sub\u00een\u0163elege ciclul menstrual \u00een perioada c\u0103ruia nu se formeaz\u0103 corpul galben care contribuie la r\u00eendul s\u0103u la apartenen\u0163a unui ciclu regulat.\" \/>\n<meta name=\"robots\" content=\"index, follow, max-snippet:-1, max-image-preview:large, max-video-preview:-1\" \/>\n<link rel=\"canonical\" href=\"https:\/\/sanatate.md\/ro\/boli-si-tratament\/boli-ale-femeilor\/ciclul-anovulator\/\" \/>\n<meta property=\"og:locale\" content=\"ro_RO\" \/>\n<meta property=\"og:type\" content=\"article\" \/>\n<meta property=\"og:title\" content=\"Ciclul anovulator\" \/>\n<meta property=\"og:description\" content=\"Sub termenul de ciclu anovulator se sub\u00een\u0163elege ciclul menstrual \u00een perioada c\u0103ruia nu se formeaz\u0103 corpul galben care contribuie la r\u00eendul s\u0103u la apartenen\u0163a unui ciclu regulat.\" \/>\n<meta property=\"og:url\" content=\"https:\/\/sanatate.md\/ro\/boli-si-tratament\/boli-ale-femeilor\/ciclul-anovulator\/\" \/>\n<meta property=\"og:site_name\" content=\"Sanatate.md\" \/>\n<meta property=\"article:modified_time\" content=\"2018-01-17T10:22:54+00:00\" \/>\n<meta name=\"twitter:card\" content=\"summary_large_image\" \/>\n<meta name=\"twitter:label1\" content=\"Timp estimat pentru citire\" \/>\n\t<meta name=\"twitter:data1\" content=\"6 minute\" \/>\n<script type=\"application\/ld+json\" class=\"yoast-schema-graph\">{\"@context\":\"https:\\\/\\\/schema.org\",\"@graph\":[{\"@type\":\"WebPage\",\"@id\":\"https:\\\/\\\/sanatate.md\\\/ro\\\/boli-si-tratament\\\/boli-ale-femeilor\\\/ciclul-anovulator\\\/\",\"url\":\"https:\\\/\\\/sanatate.md\\\/ro\\\/boli-si-tratament\\\/boli-ale-femeilor\\\/ciclul-anovulator\\\/\",\"name\":\"Ciclul anovulator\",\"isPartOf\":{\"@id\":\"https:\\\/\\\/sanatate.md\\\/ro\\\/#website\"},\"datePublished\":\"2018-01-17T10:18:52+00:00\",\"dateModified\":\"2018-01-17T10:22:54+00:00\",\"description\":\"Sub termenul de ciclu anovulator se sub\u00een\u0163elege ciclul menstrual \u00een perioada c\u0103ruia nu se formeaz\u0103 corpul galben care contribuie la r\u00eendul s\u0103u la apartenen\u0163a unui ciclu regulat.\",\"breadcrumb\":{\"@id\":\"https:\\\/\\\/sanatate.md\\\/ro\\\/boli-si-tratament\\\/boli-ale-femeilor\\\/ciclul-anovulator\\\/#breadcrumb\"},\"inLanguage\":\"ro-RO\",\"potentialAction\":[{\"@type\":\"ReadAction\",\"target\":[\"https:\\\/\\\/sanatate.md\\\/ro\\\/boli-si-tratament\\\/boli-ale-femeilor\\\/ciclul-anovulator\\\/\"]}]},{\"@type\":\"BreadcrumbList\",\"@id\":\"https:\\\/\\\/sanatate.md\\\/ro\\\/boli-si-tratament\\\/boli-ale-femeilor\\\/ciclul-anovulator\\\/#breadcrumb\",\"itemListElement\":[{\"@type\":\"ListItem\",\"position\":1,\"name\":\"\u0413\u043b\u0430\u0432\u043d\u0430\u044f \u0441\u0442\u0440\u0430\u043d\u0438\u0446\u0430\",\"item\":\"https:\\\/\\\/sanatate.md\\\/ro\\\/\"},{\"@type\":\"ListItem\",\"position\":2,\"name\":\"Boli si tratament\",\"item\":\"https:\\\/\\\/sanatate.md\\\/ro\\\/boli-si-tratament\\\/\"},{\"@type\":\"ListItem\",\"position\":3,\"name\":\"Boli ale femeilor\",\"item\":\"https:\\\/\\\/sanatate.md\\\/ro\\\/boli-si-tratament\\\/boli-ale-femeilor\\\/\"},{\"@type\":\"ListItem\",\"position\":4,\"name\":\"Ciclul anovulator\"}]},{\"@type\":\"WebSite\",\"@id\":\"https:\\\/\\\/sanatate.md\\\/ro\\\/#website\",\"url\":\"https:\\\/\\\/sanatate.md\\\/ro\\\/\",\"name\":\"Sanatate.md\",\"description\":\"\u0416\u0443\u0440\u043d\u0430\u043b \u0434\u043b\u044f \u0432\u0441\u0435\u0439 \u0441\u0435\u043c\u044c\u0438 \u0432 \u041c\u043e\u043b\u0434\u043e\u0432\u0435\",\"publisher\":{\"@id\":\"https:\\\/\\\/sanatate.md\\\/ro\\\/#organization\"},\"potentialAction\":[{\"@type\":\"SearchAction\",\"target\":{\"@type\":\"EntryPoint\",\"urlTemplate\":\"https:\\\/\\\/sanatate.md\\\/ro\\\/?s={search_term_string}\"},\"query-input\":{\"@type\":\"PropertyValueSpecification\",\"valueRequired\":true,\"valueName\":\"search_term_string\"}}],\"inLanguage\":\"ro-RO\"},{\"@type\":\"Organization\",\"@id\":\"https:\\\/\\\/sanatate.md\\\/ro\\\/#organization\",\"name\":\"SANATATE\",\"url\":\"https:\\\/\\\/sanatate.md\\\/ro\\\/\",\"logo\":{\"@type\":\"ImageObject\",\"inLanguage\":\"ro-RO\",\"@id\":\"https:\\\/\\\/sanatate.md\\\/ro\\\/#\\\/schema\\\/logo\\\/image\\\/\",\"url\":\"https:\\\/\\\/sanatate.md\\\/wp-content\\\/uploads\\\/2022\\\/01\\\/sanatate-logo.svg\",\"contentUrl\":\"https:\\\/\\\/sanatate.md\\\/wp-content\\\/uploads\\\/2022\\\/01\\\/sanatate-logo.svg\",\"width\":\"1024\",\"height\":\"1024\",\"caption\":\"SANATATE\"},\"image\":{\"@id\":\"https:\\\/\\\/sanatate.md\\\/ro\\\/#\\\/schema\\\/logo\\\/image\\\/\"}}]}<\/script>\n<!-- \/ Yoast SEO plugin. -->","yoast_head_json":{"title":"Ciclul anovulator","description":"Sub termenul de ciclu anovulator se sub\u00een\u0163elege ciclul menstrual \u00een perioada c\u0103ruia nu se formeaz\u0103 corpul galben care contribuie la r\u00eendul s\u0103u la apartenen\u0163a unui ciclu regulat.","robots":{"index":"index","follow":"follow","max-snippet":"max-snippet:-1","max-image-preview":"max-image-preview:large","max-video-preview":"max-video-preview:-1"},"canonical":"https:\/\/sanatate.md\/ro\/boli-si-tratament\/boli-ale-femeilor\/ciclul-anovulator\/","og_locale":"ro_RO","og_type":"article","og_title":"Ciclul anovulator","og_description":"Sub termenul de ciclu anovulator se sub\u00een\u0163elege ciclul menstrual \u00een perioada c\u0103ruia nu se formeaz\u0103 corpul galben care contribuie la r\u00eendul s\u0103u la apartenen\u0163a unui ciclu regulat.","og_url":"https:\/\/sanatate.md\/ro\/boli-si-tratament\/boli-ale-femeilor\/ciclul-anovulator\/","og_site_name":"Sanatate.md","article_modified_time":"2018-01-17T10:22:54+00:00","twitter_card":"summary_large_image","twitter_misc":{"Timp estimat pentru citire":"6 minute"},"schema":{"@context":"https:\/\/schema.org","@graph":[{"@type":"WebPage","@id":"https:\/\/sanatate.md\/ro\/boli-si-tratament\/boli-ale-femeilor\/ciclul-anovulator\/","url":"https:\/\/sanatate.md\/ro\/boli-si-tratament\/boli-ale-femeilor\/ciclul-anovulator\/","name":"Ciclul anovulator","isPartOf":{"@id":"https:\/\/sanatate.md\/ro\/#website"},"datePublished":"2018-01-17T10:18:52+00:00","dateModified":"2018-01-17T10:22:54+00:00","description":"Sub termenul de ciclu anovulator se sub\u00een\u0163elege ciclul menstrual \u00een perioada c\u0103ruia nu se formeaz\u0103 corpul galben care contribuie la r\u00eendul s\u0103u la apartenen\u0163a unui ciclu regulat.","breadcrumb":{"@id":"https:\/\/sanatate.md\/ro\/boli-si-tratament\/boli-ale-femeilor\/ciclul-anovulator\/#breadcrumb"},"inLanguage":"ro-RO","potentialAction":[{"@type":"ReadAction","target":["https:\/\/sanatate.md\/ro\/boli-si-tratament\/boli-ale-femeilor\/ciclul-anovulator\/"]}]},{"@type":"BreadcrumbList","@id":"https:\/\/sanatate.md\/ro\/boli-si-tratament\/boli-ale-femeilor\/ciclul-anovulator\/#breadcrumb","itemListElement":[{"@type":"ListItem","position":1,"name":"\u0413\u043b\u0430\u0432\u043d\u0430\u044f \u0441\u0442\u0440\u0430\u043d\u0438\u0446\u0430","item":"https:\/\/sanatate.md\/ro\/"},{"@type":"ListItem","position":2,"name":"Boli si tratament","item":"https:\/\/sanatate.md\/ro\/boli-si-tratament\/"},{"@type":"ListItem","position":3,"name":"Boli ale femeilor","item":"https:\/\/sanatate.md\/ro\/boli-si-tratament\/boli-ale-femeilor\/"},{"@type":"ListItem","position":4,"name":"Ciclul anovulator"}]},{"@type":"WebSite","@id":"https:\/\/sanatate.md\/ro\/#website","url":"https:\/\/sanatate.md\/ro\/","name":"Sanatate.md","description":"\u0416\u0443\u0440\u043d\u0430\u043b \u0434\u043b\u044f \u0432\u0441\u0435\u0439 \u0441\u0435\u043c\u044c\u0438 \u0432 \u041c\u043e\u043b\u0434\u043e\u0432\u0435","publisher":{"@id":"https:\/\/sanatate.md\/ro\/#organization"},"potentialAction":[{"@type":"SearchAction","target":{"@type":"EntryPoint","urlTemplate":"https:\/\/sanatate.md\/ro\/?s={search_term_string}"},"query-input":{"@type":"PropertyValueSpecification","valueRequired":true,"valueName":"search_term_string"}}],"inLanguage":"ro-RO"},{"@type":"Organization","@id":"https:\/\/sanatate.md\/ro\/#organization","name":"SANATATE","url":"https:\/\/sanatate.md\/ro\/","logo":{"@type":"ImageObject","inLanguage":"ro-RO","@id":"https:\/\/sanatate.md\/ro\/#\/schema\/logo\/image\/","url":"https:\/\/sanatate.md\/wp-content\/uploads\/2022\/01\/sanatate-logo.svg","contentUrl":"https:\/\/sanatate.md\/wp-content\/uploads\/2022\/01\/sanatate-logo.svg","width":"1024","height":"1024","caption":"SANATATE"},"image":{"@id":"https:\/\/sanatate.md\/ro\/#\/schema\/logo\/image\/"}}]}},"_links":{"self":[{"href":"https:\/\/sanatate.md\/ro\/wp-json\/wp\/v2\/pages\/50045","targetHints":{"allow":["GET"]}}],"collection":[{"href":"https:\/\/sanatate.md\/ro\/wp-json\/wp\/v2\/pages"}],"about":[{"href":"https:\/\/sanatate.md\/ro\/wp-json\/wp\/v2\/types\/page"}],"author":[{"embeddable":true,"href":"https:\/\/sanatate.md\/ro\/wp-json\/wp\/v2\/users\/28"}],"replies":[{"embeddable":true,"href":"https:\/\/sanatate.md\/ro\/wp-json\/wp\/v2\/comments?post=50045"}],"version-history":[{"count":0,"href":"https:\/\/sanatate.md\/ro\/wp-json\/wp\/v2\/pages\/50045\/revisions"}],"up":[{"embeddable":true,"href":"https:\/\/sanatate.md\/ro\/wp-json\/wp\/v2\/pages\/38235"}],"wp:attachment":[{"href":"https:\/\/sanatate.md\/ro\/wp-json\/wp\/v2\/media?parent=50045"}],"curies":[{"name":"wp","href":"https:\/\/api.w.org\/{rel}","templated":true}]}}