{"id":50050,"date":"2018-01-17T13:52:29","date_gmt":"2018-01-17T10:52:29","guid":{"rendered":"https:\/\/sanatate.md\/?page_id=50050"},"modified":"2018-01-17T13:52:29","modified_gmt":"2018-01-17T10:52:29","slug":"fobiile-sexuale","status":"publish","type":"page","link":"https:\/\/sanatate.md\/ro\/boli-si-tratament\/tulburari-sexuale\/fobiile-sexuale\/","title":{"rendered":"Fobiile sexuale"},"content":{"rendered":"<p>Fobiile sexuale sunt ni\u015fte st\u0103ri obsesive ale unor frici ne\u00e2ntemeiate care sunt \u00eenso\u0163ite de o \u00eencordare psihoemo\u0163ional\u0103 \u00eenalt\u0103 \u015fi provoac\u0103 o reac\u0163ie de ap\u0103rare ce \u0163ine de complica\u0163iile ce pot urma \u00een via\u0163a sexual\u0103 \u015fi drept urmare apare refuzul de la actele sexuale. \u00cen acest scop omul inventeaz\u0103 ori\u015fice motive numai de a nu fi implicat \u00een actele sexuale \u015fi prin urmare via\u0163a sexual\u0103 poate fi totalmente \u00eentrerupt\u0103. Cel mai des este diagnosticat\u0103 fobia ini\u0163ierii sexuale care const\u0103 \u00een faptul c\u0103 persoanei \u00eei este fric\u0103 de primul contact sexual. Conform datelor statistice aceast\u0103 stare boln\u0103vicioas\u0103 se observ\u0103 la unsprezece procente dintre pacien\u0163ii care sufer\u0103 de aceast\u0103 sau alt\u0103 fobie. Se crede c\u0103 fobia ini\u0163ierii sexuale nu este altceva dec\u00e2t \u00eenf\u0103\u0163i\u015farea fricii fa\u0163\u0103 de depersonalizare.<\/p>\n<h3>Cauzele apari\u0163iilor fobiilor sexuale<\/h3>\n<p>Una dintre cele mai esen\u0163iale cauze ale apari\u0163iilor fobiilor sexuale \u00een c\u0103snicie este comportamentul agresiv al b\u0103rbatului \u015fi chiar obsesia a unuia dintre parteneri de anumite perversiuni ca: sadismul, sadomazohismul, mazohizmul \u015f.a.<\/p>\n<p>Devierile sexuale ale partenerului provoac\u0103 la cel\u0103lalt partener cu un comportament sexual normal apari\u0163ia reac\u0163iei de ap\u0103rare sub form\u0103 de fobie.<\/p>\n<h3>Tipuri de fobii sexuale<\/h3>\n<p>Alte fobii sexuale des \u00eent\u00eelnite:<\/p>\n<ul>\n<li>Frica la b\u0103rba\u0163i c\u0103 va trece printr-un fiasco (frica impoten\u0163ei);<\/li>\n<li>Gamophobia (frica fa\u0163\u0103 de via\u0163a conjugal\u0103);<\/li>\n<li>Frica fa\u0163\u0103 de deflorare,care poate provoca la femei apari\u0163ia vaginismului;<\/li>\n<li>Gimnophobia este o stare boln\u0103vicioas\u0103 care se manifest\u0103 prin frica fa\u0163\u0103 de corpul nud al partenerului, dar uneori chiar \u015fi fa\u0163\u0103 de propriul s\u0103u corp sub form\u0103 nud\u0103; cauzele acestei fobii au ca baz\u0103 complexul de inferioritate: omul \u00ee\u015fi consider\u0103 corpul s\u0103u pe departe ideal fa\u0163\u0103 de ceea ce are drept etalon;<\/li>\n<li>Tocophobia sexual\u0103 este frica fa\u0163\u0103 de sarcin\u0103 \u015fi na\u015ftere; cauza se ascunde \u00een istorioarele auzite mai demult despre na\u015fterile tragice \u015fi acest fapt a l\u0103sat o urm\u0103 de ne\u015fters \u00een sufletul pacientei;<\/li>\n<li>Mizophobia-frica de a se infecta de maladii care se transmit prin cale sexual\u0103;<\/li>\n<li>Oneirogmophobia-boala polu\u0103rii;<\/li>\n<li>Mixephobia-boala de dezgolire a organelor genitale;<\/li>\n<li>Vaginophobia-boala fa\u0163\u0103 de organelle genitale feminine; cauza apari\u0163iei fobiei \u00een cauz\u0103 la b\u0103rba\u0163i p\u00e2n\u0103 la ziua de azi nu s-a putut de explicat;<\/li>\n<li>Partenophobia-frica la b\u0103rba\u0163i fa\u0163\u0103 de domni\u015foarele inofensive; a\u015fa tip de b\u0103rba\u0163i de obicei sunt singuratici cu toate c\u0103 frica lor este ne\u00e2ntemeiat\u0103;<\/li>\n<li>Medomalacuphobia-boala de a pierde capacitatea de erec\u0163ie; aceast\u0103 stare boln\u0103vicioas\u0103 se observ\u0103 la b\u0103rba\u0163ii care au v\u00eersta de dup\u0103 patruzeci de ani;<\/li>\n<li>Itifallophobia-frica fa\u0163\u0103 de penisul ridicat;<\/li>\n<li>Erotophobia-frica de a ridica sau a duce discu\u0163ii pe temele legate de sex.<\/li>\n<\/ul>\n<h3>Simptome<\/h3>\n<p>Semnele manifest\u0103rilor acute ale fricii sexuale apar brusc \u015fi se dezvolt\u0103 foarte dinamic: omul \u00eencepe s\u0103 se emo\u0163ioneze \u015fi brusc nu se poate adapta \u00een timpul contactului sexual. Starea boln\u0103vicioas\u0103 dureaz\u0103 c\u00e2teva minute, dar uneori \u015fi c\u00e2teva zile; starea \u00een cauz\u0103 este \u00eenso\u0163it\u0103 de nelini\u015fte, uneori de panic\u0103 sau tulbur\u0103ri de caracter vegetativ. Manifest\u0103rile ce se extind pe o perioad\u0103 mai \u00eendelungat\u0103 devin cauza bolilor psihice. Starea boln\u0103vicioas\u0103 se poate manifesta periodic \u015fi poate fi \u00eenso\u0163it\u0103 de tulbur\u0103ri temporare (psihologice, hormonale, hipoglicemiante).<br \/>\nCum s\u0103 deosebim o manifestare singular\u0103 a fricii fa\u0163\u0103 de fobie? Despre fobie speciali\u015ftii vorbesc \u00een cazul \u00een care este o sistem\u0103. Trebuie de f\u0103cut griji doar atunci c\u00eend frica devine patologic\u0103 \u015fi este imposibil s\u0103-i faci fa\u0163\u0103 de unul singur. Dac\u0103 fobia este un obstacol pentru a duce o via\u0163\u0103 deplin\u0103 \u015fi pentru a savura pl\u0103cerea de la contactele sexuale atunci ar fi cazul s\u0103 ne adrs\u0103m la un specialist.<br \/>\nE foarte important la timp s\u0103 depist\u0103m problema \u015fi s\u0103 lu\u0103m m\u0103suri. Pentru aceasta trebuie s\u0103 cunoa\u015ftem simptomele st\u0103rii boln\u0103vicioase.<\/p>\n<p>Semne:<\/p>\n<ul>\n<li>Refuzul categoric \u00een repetate g\u00eenduri de a se g\u00e2ndi la sex \u015fi tot ce e legat de el;<\/li>\n<li>Frica de a se dezgoli \u00eenainte de sex;<\/li>\n<li>Co\u015fmarurile chinuitoare nocturne legate de experien\u0163ele sexuale prin care s-a trecut;<\/li>\n<li>Frica (groaza, panica) \u00een momentul sesiz\u0103rii excit\u0103rii;<\/li>\n<li>Agresivitatea fa\u0163\u0103 de persoana care te-a preluat drept obiect sexual nec\u0103t\u00e2nd la faptul c\u0103 persoana \u00een cauz\u0103 ar fi ocupat perfect ipostaza de amant;<\/li>\n<li>Sim\u0163ul de fric\u0103 care se manifest\u0103 prin frisoane, ridicare de febr\u0103 \u015fi \u00eencordare atunci c\u00e2nd o persoan\u0103 apropiat\u0103 \u00eencearc\u0103 s\u0103 te cuprind\u0103 sau s\u0103 te s\u0103rute;<\/li>\n<li>Sexul pare ceva periculos, iar g\u00eendul la posibila sarcin\u0103 este inadmisibil cu toate c\u0103 sunte\u0163i implicat \u00een rela\u0163ii conjugale.<\/li>\n<\/ul>\n<p>La unele persoane frica nu se manifest\u0103 absolut de loc sau faptul \u00een cauz\u0103 este ascuns foarte riguros. Nec\u0103t\u00e2nd la aceasta pricina \u00een cauz\u0103 se poate manifesta \u00een ori\u015ficare moment \u015fi poate trece \u00een ipostaza de o adev\u0103rat\u0103 panic\u0103.<\/p>\n<h3>Tratament<\/h3>\n<p>Fobia sexual\u0103 este o patologie destul de serioas\u0103 \u015fi din aceast\u0103 cauz\u0103 s\u0103-i faci fa\u0163\u0103 de unul singur e practic imposibil. Cea mai bun\u0103 ie\u015fire din situa\u0163ie e adresarea la medic. T\u0103r\u0103g\u0103narea problemei date poate doar s\u0103 agraveze situa\u0163ia \u015fi apoi va fi foarte greu de sc\u0103pat de ea.<\/p>\n","protected":false},"excerpt":{"rendered":"<p>Fobiile sexuale sunt ni\u015fte st\u0103ri obsesive ale unor frici ne\u00e2ntemeiate care sunt \u00eenso\u0163ite de o \u00eencordare psihoemo\u0163ional\u0103 \u00eenalt\u0103 \u015fi provoac\u0103 o reac\u0163ie de ap\u0103rare ce \u0163ine de complica\u0163iile ce pot urma \u00een via\u0163a sexual\u0103 \u015fi drept urmare apare refuzul de la actele sexuale. \u00cen acest scop omul inventeaz\u0103 ori\u015fice motive numai de a nu fi [&hellip;]<\/p>\n","protected":false},"author":28,"featured_media":0,"parent":52952,"menu_order":0,"comment_status":"closed","ping_status":"closed","template":"","meta":{"inline_featured_image":false,"footnotes":""},"class_list":["post-50050","page","type-page","status-publish"],"yoast_head":"<!-- This site is optimized with the Yoast SEO plugin v27.3 - https:\/\/yoast.com\/product\/yoast-seo-wordpress\/ -->\n<title>Fobiile sexuale<\/title>\n<meta name=\"description\" content=\"Fobiile sexuale sunt ni\u015fte st\u0103ri obsesive ale unor frici ne\u00e2ntemeiate care sunt \u00eenso\u0163ite de o \u00eencordare psihoemo\u0163ional\u0103 \u00eenalt\u0103 \u015fi provoac\u0103 o reac\u0163ie de ap\u0103rare ce \u0163ine de complica\u0163iile ce pot urma \u00een via\u0163a sexual\u0103 \u015fi drept urmare apare refuzul de la actele sexuale.\" \/>\n<meta name=\"robots\" content=\"index, follow, max-snippet:-1, max-image-preview:large, max-video-preview:-1\" \/>\n<link rel=\"canonical\" href=\"https:\/\/sanatate.md\/ro\/boli-si-tratament\/tulburari-sexuale\/fobiile-sexuale\/\" \/>\n<meta property=\"og:locale\" content=\"ro_RO\" \/>\n<meta property=\"og:type\" content=\"article\" \/>\n<meta property=\"og:title\" content=\"Fobiile sexuale\" \/>\n<meta property=\"og:description\" content=\"Fobiile sexuale sunt ni\u015fte st\u0103ri obsesive ale unor frici ne\u00e2ntemeiate care sunt \u00eenso\u0163ite de o \u00eencordare psihoemo\u0163ional\u0103 \u00eenalt\u0103 \u015fi provoac\u0103 o reac\u0163ie de ap\u0103rare ce \u0163ine de complica\u0163iile ce pot urma \u00een via\u0163a sexual\u0103 \u015fi drept urmare apare refuzul de la actele sexuale.\" \/>\n<meta property=\"og:url\" content=\"https:\/\/sanatate.md\/ro\/boli-si-tratament\/tulburari-sexuale\/fobiile-sexuale\/\" \/>\n<meta property=\"og:site_name\" content=\"Sanatate.md\" \/>\n<meta name=\"twitter:card\" content=\"summary_large_image\" \/>\n<meta name=\"twitter:label1\" content=\"Timp estimat pentru citire\" \/>\n\t<meta name=\"twitter:data1\" content=\"4 minute\" \/>\n<script type=\"application\/ld+json\" class=\"yoast-schema-graph\">{\"@context\":\"https:\\\/\\\/schema.org\",\"@graph\":[{\"@type\":\"WebPage\",\"@id\":\"https:\\\/\\\/sanatate.md\\\/ro\\\/boli-si-tratament\\\/tulburari-sexuale\\\/fobiile-sexuale\\\/\",\"url\":\"https:\\\/\\\/sanatate.md\\\/ro\\\/boli-si-tratament\\\/tulburari-sexuale\\\/fobiile-sexuale\\\/\",\"name\":\"Fobiile sexuale\",\"isPartOf\":{\"@id\":\"https:\\\/\\\/sanatate.md\\\/ro\\\/#website\"},\"datePublished\":\"2018-01-17T10:52:29+00:00\",\"description\":\"Fobiile sexuale sunt ni\u015fte st\u0103ri obsesive ale unor frici ne\u00e2ntemeiate care sunt \u00eenso\u0163ite de o \u00eencordare psihoemo\u0163ional\u0103 \u00eenalt\u0103 \u015fi provoac\u0103 o reac\u0163ie de ap\u0103rare ce \u0163ine de complica\u0163iile ce pot urma \u00een via\u0163a sexual\u0103 \u015fi drept urmare apare refuzul de la actele sexuale.\",\"breadcrumb\":{\"@id\":\"https:\\\/\\\/sanatate.md\\\/ro\\\/boli-si-tratament\\\/tulburari-sexuale\\\/fobiile-sexuale\\\/#breadcrumb\"},\"inLanguage\":\"ro-RO\",\"potentialAction\":[{\"@type\":\"ReadAction\",\"target\":[\"https:\\\/\\\/sanatate.md\\\/ro\\\/boli-si-tratament\\\/tulburari-sexuale\\\/fobiile-sexuale\\\/\"]}]},{\"@type\":\"BreadcrumbList\",\"@id\":\"https:\\\/\\\/sanatate.md\\\/ro\\\/boli-si-tratament\\\/tulburari-sexuale\\\/fobiile-sexuale\\\/#breadcrumb\",\"itemListElement\":[{\"@type\":\"ListItem\",\"position\":1,\"name\":\"\u0413\u043b\u0430\u0432\u043d\u0430\u044f \u0441\u0442\u0440\u0430\u043d\u0438\u0446\u0430\",\"item\":\"https:\\\/\\\/sanatate.md\\\/ro\\\/\"},{\"@type\":\"ListItem\",\"position\":2,\"name\":\"Boli si tratament\",\"item\":\"https:\\\/\\\/sanatate.md\\\/ro\\\/boli-si-tratament\\\/\"},{\"@type\":\"ListItem\",\"position\":3,\"name\":\"Tulbur\u0103ri sexuale\",\"item\":\"https:\\\/\\\/sanatate.md\\\/ro\\\/boli-si-tratament\\\/tulburari-sexuale\\\/\"},{\"@type\":\"ListItem\",\"position\":4,\"name\":\"Fobiile sexuale\"}]},{\"@type\":\"WebSite\",\"@id\":\"https:\\\/\\\/sanatate.md\\\/ro\\\/#website\",\"url\":\"https:\\\/\\\/sanatate.md\\\/ro\\\/\",\"name\":\"Sanatate.md\",\"description\":\"\u0416\u0443\u0440\u043d\u0430\u043b \u0434\u043b\u044f \u0432\u0441\u0435\u0439 \u0441\u0435\u043c\u044c\u0438 \u0432 \u041c\u043e\u043b\u0434\u043e\u0432\u0435\",\"publisher\":{\"@id\":\"https:\\\/\\\/sanatate.md\\\/ro\\\/#organization\"},\"potentialAction\":[{\"@type\":\"SearchAction\",\"target\":{\"@type\":\"EntryPoint\",\"urlTemplate\":\"https:\\\/\\\/sanatate.md\\\/ro\\\/?s={search_term_string}\"},\"query-input\":{\"@type\":\"PropertyValueSpecification\",\"valueRequired\":true,\"valueName\":\"search_term_string\"}}],\"inLanguage\":\"ro-RO\"},{\"@type\":\"Organization\",\"@id\":\"https:\\\/\\\/sanatate.md\\\/ro\\\/#organization\",\"name\":\"SANATATE\",\"url\":\"https:\\\/\\\/sanatate.md\\\/ro\\\/\",\"logo\":{\"@type\":\"ImageObject\",\"inLanguage\":\"ro-RO\",\"@id\":\"https:\\\/\\\/sanatate.md\\\/ro\\\/#\\\/schema\\\/logo\\\/image\\\/\",\"url\":\"https:\\\/\\\/sanatate.md\\\/wp-content\\\/uploads\\\/2022\\\/01\\\/sanatate-logo.svg\",\"contentUrl\":\"https:\\\/\\\/sanatate.md\\\/wp-content\\\/uploads\\\/2022\\\/01\\\/sanatate-logo.svg\",\"width\":\"1024\",\"height\":\"1024\",\"caption\":\"SANATATE\"},\"image\":{\"@id\":\"https:\\\/\\\/sanatate.md\\\/ro\\\/#\\\/schema\\\/logo\\\/image\\\/\"}}]}<\/script>\n<!-- \/ Yoast SEO plugin. -->","yoast_head_json":{"title":"Fobiile sexuale","description":"Fobiile sexuale sunt ni\u015fte st\u0103ri obsesive ale unor frici ne\u00e2ntemeiate care sunt \u00eenso\u0163ite de o \u00eencordare psihoemo\u0163ional\u0103 \u00eenalt\u0103 \u015fi provoac\u0103 o reac\u0163ie de ap\u0103rare ce \u0163ine de complica\u0163iile ce pot urma \u00een via\u0163a sexual\u0103 \u015fi drept urmare apare refuzul de la actele sexuale.","robots":{"index":"index","follow":"follow","max-snippet":"max-snippet:-1","max-image-preview":"max-image-preview:large","max-video-preview":"max-video-preview:-1"},"canonical":"https:\/\/sanatate.md\/ro\/boli-si-tratament\/tulburari-sexuale\/fobiile-sexuale\/","og_locale":"ro_RO","og_type":"article","og_title":"Fobiile sexuale","og_description":"Fobiile sexuale sunt ni\u015fte st\u0103ri obsesive ale unor frici ne\u00e2ntemeiate care sunt \u00eenso\u0163ite de o \u00eencordare psihoemo\u0163ional\u0103 \u00eenalt\u0103 \u015fi provoac\u0103 o reac\u0163ie de ap\u0103rare ce \u0163ine de complica\u0163iile ce pot urma \u00een via\u0163a sexual\u0103 \u015fi drept urmare apare refuzul de la actele sexuale.","og_url":"https:\/\/sanatate.md\/ro\/boli-si-tratament\/tulburari-sexuale\/fobiile-sexuale\/","og_site_name":"Sanatate.md","twitter_card":"summary_large_image","twitter_misc":{"Timp estimat pentru citire":"4 minute"},"schema":{"@context":"https:\/\/schema.org","@graph":[{"@type":"WebPage","@id":"https:\/\/sanatate.md\/ro\/boli-si-tratament\/tulburari-sexuale\/fobiile-sexuale\/","url":"https:\/\/sanatate.md\/ro\/boli-si-tratament\/tulburari-sexuale\/fobiile-sexuale\/","name":"Fobiile sexuale","isPartOf":{"@id":"https:\/\/sanatate.md\/ro\/#website"},"datePublished":"2018-01-17T10:52:29+00:00","description":"Fobiile sexuale sunt ni\u015fte st\u0103ri obsesive ale unor frici ne\u00e2ntemeiate care sunt \u00eenso\u0163ite de o \u00eencordare psihoemo\u0163ional\u0103 \u00eenalt\u0103 \u015fi provoac\u0103 o reac\u0163ie de ap\u0103rare ce \u0163ine de complica\u0163iile ce pot urma \u00een via\u0163a sexual\u0103 \u015fi drept urmare apare refuzul de la actele sexuale.","breadcrumb":{"@id":"https:\/\/sanatate.md\/ro\/boli-si-tratament\/tulburari-sexuale\/fobiile-sexuale\/#breadcrumb"},"inLanguage":"ro-RO","potentialAction":[{"@type":"ReadAction","target":["https:\/\/sanatate.md\/ro\/boli-si-tratament\/tulburari-sexuale\/fobiile-sexuale\/"]}]},{"@type":"BreadcrumbList","@id":"https:\/\/sanatate.md\/ro\/boli-si-tratament\/tulburari-sexuale\/fobiile-sexuale\/#breadcrumb","itemListElement":[{"@type":"ListItem","position":1,"name":"\u0413\u043b\u0430\u0432\u043d\u0430\u044f \u0441\u0442\u0440\u0430\u043d\u0438\u0446\u0430","item":"https:\/\/sanatate.md\/ro\/"},{"@type":"ListItem","position":2,"name":"Boli si tratament","item":"https:\/\/sanatate.md\/ro\/boli-si-tratament\/"},{"@type":"ListItem","position":3,"name":"Tulbur\u0103ri sexuale","item":"https:\/\/sanatate.md\/ro\/boli-si-tratament\/tulburari-sexuale\/"},{"@type":"ListItem","position":4,"name":"Fobiile sexuale"}]},{"@type":"WebSite","@id":"https:\/\/sanatate.md\/ro\/#website","url":"https:\/\/sanatate.md\/ro\/","name":"Sanatate.md","description":"\u0416\u0443\u0440\u043d\u0430\u043b \u0434\u043b\u044f \u0432\u0441\u0435\u0439 \u0441\u0435\u043c\u044c\u0438 \u0432 \u041c\u043e\u043b\u0434\u043e\u0432\u0435","publisher":{"@id":"https:\/\/sanatate.md\/ro\/#organization"},"potentialAction":[{"@type":"SearchAction","target":{"@type":"EntryPoint","urlTemplate":"https:\/\/sanatate.md\/ro\/?s={search_term_string}"},"query-input":{"@type":"PropertyValueSpecification","valueRequired":true,"valueName":"search_term_string"}}],"inLanguage":"ro-RO"},{"@type":"Organization","@id":"https:\/\/sanatate.md\/ro\/#organization","name":"SANATATE","url":"https:\/\/sanatate.md\/ro\/","logo":{"@type":"ImageObject","inLanguage":"ro-RO","@id":"https:\/\/sanatate.md\/ro\/#\/schema\/logo\/image\/","url":"https:\/\/sanatate.md\/wp-content\/uploads\/2022\/01\/sanatate-logo.svg","contentUrl":"https:\/\/sanatate.md\/wp-content\/uploads\/2022\/01\/sanatate-logo.svg","width":"1024","height":"1024","caption":"SANATATE"},"image":{"@id":"https:\/\/sanatate.md\/ro\/#\/schema\/logo\/image\/"}}]}},"_links":{"self":[{"href":"https:\/\/sanatate.md\/ro\/wp-json\/wp\/v2\/pages\/50050","targetHints":{"allow":["GET"]}}],"collection":[{"href":"https:\/\/sanatate.md\/ro\/wp-json\/wp\/v2\/pages"}],"about":[{"href":"https:\/\/sanatate.md\/ro\/wp-json\/wp\/v2\/types\/page"}],"author":[{"embeddable":true,"href":"https:\/\/sanatate.md\/ro\/wp-json\/wp\/v2\/users\/28"}],"replies":[{"embeddable":true,"href":"https:\/\/sanatate.md\/ro\/wp-json\/wp\/v2\/comments?post=50050"}],"version-history":[{"count":0,"href":"https:\/\/sanatate.md\/ro\/wp-json\/wp\/v2\/pages\/50050\/revisions"}],"up":[{"embeddable":true,"href":"https:\/\/sanatate.md\/ro\/wp-json\/wp\/v2\/pages\/52952"}],"wp:attachment":[{"href":"https:\/\/sanatate.md\/ro\/wp-json\/wp\/v2\/media?parent=50050"}],"curies":[{"name":"wp","href":"https:\/\/api.w.org\/{rel}","templated":true}]}}