{"id":50059,"date":"2018-01-17T15:01:08","date_gmt":"2018-01-17T12:01:08","guid":{"rendered":"https:\/\/sanatate.md\/?page_id=50059"},"modified":"2018-01-17T15:01:08","modified_gmt":"2018-01-17T12:01:08","slug":"gastrita","status":"publish","type":"page","link":"https:\/\/sanatate.md\/ro\/boli-si-tratament\/boli-ale-tractului-gastro-intestinal\/gastrita\/","title":{"rendered":"Gastrita"},"content":{"rendered":"<p>Gastrita cronic\u0103 este inflamarea mucoasei gastrice care provoac\u00ee \u00een stomac anumite schimb\u0103ri patologice. Boala se agraveaz\u0103 din cauza unui regim \u015fi ritm incorect de alimentare, folosirea m\u00eenc\u0103rii grase \u015fi picante. La fel destul de nefast influen\u0163eaz\u0103 asupra stomacului abuzul de alcool, fumatul \u015fi stresurile.<\/p>\n<p>Se disting dou\u0103 forme ale maladiei \u00een cauz\u0103:<\/p>\n<ul>\n<li>Superficial\u0103;<\/li>\n<li>Atrofic\u0103.<\/li>\n<\/ul>\n<p>Gastrita atrofic\u0103 este foarte periculoas\u0103 deoarece medicii o consider\u0103 vestitorul cancerului. \u00cen cazul formei respective mucoasa gastric\u0103 se usuc\u0103 \u015fi se mic\u015foreaz\u0103 cantitatea de glande s\u0103n\u0103toase.<\/p>\n<p>Conform datelor statistice jum\u0103tate din popula\u0163ia matur\u0103 sufer\u0103 de gastrita cronic\u0103, dar numai 10% din bolnavi se adreseaz\u0103 la medic. \u00cen timpul acestei maladii are loc tulburarea procesului de absorb\u0163ie \u00een organism a microelementelor, vitaminelor \u015fi nutrien\u0163ilor at\u00eet de necesari organismului uman. \u00cen cazul \u00een care gastrita mai este \u00eenso\u0163it\u0103 \u015fi de aciditate mic\u015forat\u0103 aceasta poate s\u0103 treac\u0103 \u00een tumori at\u00eet maligne c\u00eet \u015fi benigne.<\/p>\n<p>De regul\u0103 gastrita atrofic\u0103 duce la anemia pernicioas\u0103 din cauza c\u0103 organismul sufer\u0103 de insuficien\u0163a vitaminei B 12. \u00cen majoritatea cazurilor boala se combin\u0103 cu pancreatita cronic\u0103 sau holecistita, colice sau cu diferite tulbur\u0103ri ale sistemului gastro intestinal.<\/p>\n<h3>Simptome<\/h3>\n<p>Simptomele esen\u0163iale ale gastritei cronice sunt:<\/p>\n<ul>\n<li>Senza\u0163ii de discomfort \u015fi greutate \u00een regiunea supergastric\u0103 dup\u0103 mas\u0103;<\/li>\n<li>Arsuri;<\/li>\n<li>Gre\u0163uri;<\/li>\n<li>Dureri acute;<\/li>\n<li>Pierderea poftei de m\u00eencare.<\/li>\n<\/ul>\n<p>\u00cen cazul maladiei \u00een cauz\u0103 are loc distrugerea mucoasei gastrice \u015fi apar mici r\u0103ni s\u00eengeroase.<\/p>\n<h3>Cauzele maladiei<\/h3>\n<p>Cauza maladiei \u00een cauz\u0103 este considerat\u0103 bacteria Helicobacter pylori, care a fost descoperit\u0103 acum patruzeci de ani de c\u0103tre savan\u0163ii austrieci Robin Warren \u015fi Barry Marshall. Cercet\u0103rile au ar\u0103tat c\u0103 maladia \u00een cauz\u0103 este provocat\u0103 anume de bacteria Helicobacter pylori, dar nu de m\u00eencarea picant\u0103 sau de supra\u00eencordarea nervoas\u0103 precum se considera mai \u00eenainte. Aceast\u0103 teorie la \u00eenceput a fost primit\u0103 foarte ne\u00eencrez\u0103tor deoarece majoritatea savan\u0163ilor considerau c\u0103 nici un organism nu poate supravie\u0163ui \u00een mediul gastric.<\/p>\n<p>Ca s\u0103 demonstreze faptul c\u0103 ei au dreptate, unul din savan\u0163i \u015fi anume Barry Marshall a b\u0103ut lichidul \u00een care era bacteria Helicobacter pylori \u015fi dup\u0103 o perioad\u0103 oarecare s-a \u00eemboln\u0103vit de gastrit\u0103 cronic\u0103. Apoi savantul a primit o cur\u0103 de tratament de dou\u0103 s\u0103pt\u0103m\u00eeni, utiliz\u00eend antibioticul Metronidazol \u015fi preparate care au la baz\u0103 s\u0103ruri de bismut. \u00cen 2005 savan\u0163ii pentru aceast\u0103 descoperire au luat premiul Nobel.<\/p>\n<p>Bacteria care provoac\u0103 boala e capabil\u0103 s\u0103 supravie\u0163uiasc\u0103 \u00een mediul gastric, ea mic\u015foreaz\u0103 aciditatea \u00een locurile unde se localizeaz\u0103 cu ajutorul enzimei ureazei \u015fi din aceast\u0103 cauz\u0103 stomacul \u00eencepe s\u0103 supraproduc\u0103 acidul clorhidric. Microorganismul dat scindeaz\u0103 mucusul protector al organului digestiv \u015fi astfel \u00een mucoas\u0103 nimeresc acidul clorhidric \u015fi enzimele digestive. Mucoasa se inflameaz\u0103 \u015fi pe stomac apar r\u0103ni \u015fi arsuri. Dar aceasta \u00eenc\u0103 nu este tot: Helicobacter pylori produce un iad care la r\u00eendul s\u0103u omoar\u0103 celulele gastrice.<\/p>\n<p>De aceast\u0103 boal\u0103 este infectat\u0103 mai mult de jum\u0103tate din popula\u0163ia \u00eentregului glob p\u0103m\u00eentesc, dar nu \u00eentotdeauna la bolnavi se manifest\u0103 anumite simptome. \u00cen Statele Unite ale Americii \u015fi \u0163\u0103rile Europei de Vest este infectat aproximativ un sfert din popula\u0163ie deoarece acolo se iau antibioticele date \u015fi se lupt\u0103 \u00een mod inten\u0163ionat cu maladia \u00een cauz\u0103. Pe c\u00eend la noi este infectat\u0103 \u00een jur la 70 de % din popula\u0163ie \u015fi din aceast\u0103 cauz\u0103 chiar \u015fi atunci c\u00eend o persoan\u0103 s \u2013a tratat complet nu este exclus\u0103 reinfectarea.<\/p>\n<p>Cum te infectezi de bacteria \u00een cauz\u0103, din p\u0103cate la etapa actual\u0103 nu se cunoa\u015fte. Dar faptul c\u0103 bacteria este transmisibil\u0103 de la om la om de mult s-a demonstrat. Se consider\u0103 c\u0103 po\u0163i s\u0103 te infectezi \u00een cantinele publice.<\/p>\n<p>\u00cen o familie infectarea e posibil\u0103 prin utilizarea acelora\u015fi vase, perii de din\u0163i \u015fi chiar \u015fi prin s\u0103rut. Din aceast\u0103 cauz\u0103 pentru a se exclude reinfectarea, \u00een cazul \u00een care un membru este bolnav, se trateaz\u0103 toat\u0103 familia. O \u00eentrebare doar este foarte controversat\u0103: e cazul s\u0103 trat\u0103m persoana dac\u0103 el nu manifest\u0103 nici o simptom\u0103?\u00a0La etapa actual\u0103 aceast\u0103 \u00eentrebare este studiat\u0103 foarte amplu.<\/p>\n<p>Unii cercet\u0103tori sunt de p\u0103rerea c\u0103 Helicobacter pylori poate s\u0103 aduc\u0103 folos organismului uman prin faptul c\u0103 previne: refluxul esofagitei, cancerul esofagului \u015fi astmul bron\u015fic.<\/p>\n","protected":false},"excerpt":{"rendered":"<p>Gastrita cronic\u0103 este inflamarea mucoasei gastrice care provoac\u00ee \u00een stomac anumite schimb\u0103ri patologice. Boala se agraveaz\u0103 din cauza unui regim \u015fi ritm incorect de alimentare, folosirea m\u00eenc\u0103rii grase \u015fi picante. La fel destul de nefast influen\u0163eaz\u0103 asupra stomacului abuzul de alcool, fumatul \u015fi stresurile. Se disting dou\u0103 forme ale maladiei \u00een cauz\u0103: Superficial\u0103; Atrofic\u0103. Gastrita [&hellip;]<\/p>\n","protected":false},"author":28,"featured_media":0,"parent":52944,"menu_order":0,"comment_status":"closed","ping_status":"closed","template":"","meta":{"inline_featured_image":false,"footnotes":""},"class_list":["post-50059","page","type-page","status-publish"],"yoast_head":"<!-- This site is optimized with the Yoast SEO plugin v27.3 - https:\/\/yoast.com\/product\/yoast-seo-wordpress\/ -->\n<title>Gastrita<\/title>\n<meta name=\"description\" content=\"Gastrita cronic\u0103 este inflamarea mucoasei gastrice care provoac\u00ee \u00een stomac anumite schimb\u0103ri patologice.\" \/>\n<meta name=\"robots\" content=\"index, follow, max-snippet:-1, max-image-preview:large, max-video-preview:-1\" \/>\n<link rel=\"canonical\" href=\"https:\/\/sanatate.md\/ro\/boli-si-tratament\/boli-ale-tractului-gastro-intestinal\/gastrita\/\" \/>\n<meta property=\"og:locale\" content=\"ro_RO\" \/>\n<meta property=\"og:type\" content=\"article\" \/>\n<meta property=\"og:title\" content=\"Gastrita\" \/>\n<meta property=\"og:description\" content=\"Gastrita cronic\u0103 este inflamarea mucoasei gastrice care provoac\u00ee \u00een stomac anumite schimb\u0103ri patologice.\" \/>\n<meta property=\"og:url\" content=\"https:\/\/sanatate.md\/ro\/boli-si-tratament\/boli-ale-tractului-gastro-intestinal\/gastrita\/\" \/>\n<meta property=\"og:site_name\" content=\"Sanatate.md\" \/>\n<meta name=\"twitter:card\" content=\"summary_large_image\" \/>\n<meta name=\"twitter:label1\" content=\"Timp estimat pentru citire\" \/>\n\t<meta name=\"twitter:data1\" content=\"4 minute\" \/>\n<script type=\"application\/ld+json\" class=\"yoast-schema-graph\">{\"@context\":\"https:\\\/\\\/schema.org\",\"@graph\":[{\"@type\":\"WebPage\",\"@id\":\"https:\\\/\\\/sanatate.md\\\/ro\\\/boli-si-tratament\\\/boli-ale-tractului-gastro-intestinal\\\/gastrita\\\/\",\"url\":\"https:\\\/\\\/sanatate.md\\\/ro\\\/boli-si-tratament\\\/boli-ale-tractului-gastro-intestinal\\\/gastrita\\\/\",\"name\":\"Gastrita\",\"isPartOf\":{\"@id\":\"https:\\\/\\\/sanatate.md\\\/ro\\\/#website\"},\"datePublished\":\"2018-01-17T12:01:08+00:00\",\"description\":\"Gastrita cronic\u0103 este inflamarea mucoasei gastrice care provoac\u00ee \u00een stomac anumite schimb\u0103ri patologice.\",\"breadcrumb\":{\"@id\":\"https:\\\/\\\/sanatate.md\\\/ro\\\/boli-si-tratament\\\/boli-ale-tractului-gastro-intestinal\\\/gastrita\\\/#breadcrumb\"},\"inLanguage\":\"ro-RO\",\"potentialAction\":[{\"@type\":\"ReadAction\",\"target\":[\"https:\\\/\\\/sanatate.md\\\/ro\\\/boli-si-tratament\\\/boli-ale-tractului-gastro-intestinal\\\/gastrita\\\/\"]}]},{\"@type\":\"BreadcrumbList\",\"@id\":\"https:\\\/\\\/sanatate.md\\\/ro\\\/boli-si-tratament\\\/boli-ale-tractului-gastro-intestinal\\\/gastrita\\\/#breadcrumb\",\"itemListElement\":[{\"@type\":\"ListItem\",\"position\":1,\"name\":\"\u0413\u043b\u0430\u0432\u043d\u0430\u044f \u0441\u0442\u0440\u0430\u043d\u0438\u0446\u0430\",\"item\":\"https:\\\/\\\/sanatate.md\\\/ro\\\/\"},{\"@type\":\"ListItem\",\"position\":2,\"name\":\"Boli si tratament\",\"item\":\"https:\\\/\\\/sanatate.md\\\/ro\\\/boli-si-tratament\\\/\"},{\"@type\":\"ListItem\",\"position\":3,\"name\":\"Boli ale tractului gastro-intestinal\",\"item\":\"https:\\\/\\\/sanatate.md\\\/ro\\\/boli-si-tratament\\\/boli-ale-tractului-gastro-intestinal\\\/\"},{\"@type\":\"ListItem\",\"position\":4,\"name\":\"Gastrita\"}]},{\"@type\":\"WebSite\",\"@id\":\"https:\\\/\\\/sanatate.md\\\/ro\\\/#website\",\"url\":\"https:\\\/\\\/sanatate.md\\\/ro\\\/\",\"name\":\"Sanatate.md\",\"description\":\"\u0416\u0443\u0440\u043d\u0430\u043b \u0434\u043b\u044f \u0432\u0441\u0435\u0439 \u0441\u0435\u043c\u044c\u0438 \u0432 \u041c\u043e\u043b\u0434\u043e\u0432\u0435\",\"publisher\":{\"@id\":\"https:\\\/\\\/sanatate.md\\\/ro\\\/#organization\"},\"potentialAction\":[{\"@type\":\"SearchAction\",\"target\":{\"@type\":\"EntryPoint\",\"urlTemplate\":\"https:\\\/\\\/sanatate.md\\\/ro\\\/?s={search_term_string}\"},\"query-input\":{\"@type\":\"PropertyValueSpecification\",\"valueRequired\":true,\"valueName\":\"search_term_string\"}}],\"inLanguage\":\"ro-RO\"},{\"@type\":\"Organization\",\"@id\":\"https:\\\/\\\/sanatate.md\\\/ro\\\/#organization\",\"name\":\"SANATATE\",\"url\":\"https:\\\/\\\/sanatate.md\\\/ro\\\/\",\"logo\":{\"@type\":\"ImageObject\",\"inLanguage\":\"ro-RO\",\"@id\":\"https:\\\/\\\/sanatate.md\\\/ro\\\/#\\\/schema\\\/logo\\\/image\\\/\",\"url\":\"https:\\\/\\\/sanatate.md\\\/wp-content\\\/uploads\\\/2022\\\/01\\\/sanatate-logo.svg\",\"contentUrl\":\"https:\\\/\\\/sanatate.md\\\/wp-content\\\/uploads\\\/2022\\\/01\\\/sanatate-logo.svg\",\"width\":\"1024\",\"height\":\"1024\",\"caption\":\"SANATATE\"},\"image\":{\"@id\":\"https:\\\/\\\/sanatate.md\\\/ro\\\/#\\\/schema\\\/logo\\\/image\\\/\"}}]}<\/script>\n<!-- \/ Yoast SEO plugin. -->","yoast_head_json":{"title":"Gastrita","description":"Gastrita cronic\u0103 este inflamarea mucoasei gastrice care provoac\u00ee \u00een stomac anumite schimb\u0103ri patologice.","robots":{"index":"index","follow":"follow","max-snippet":"max-snippet:-1","max-image-preview":"max-image-preview:large","max-video-preview":"max-video-preview:-1"},"canonical":"https:\/\/sanatate.md\/ro\/boli-si-tratament\/boli-ale-tractului-gastro-intestinal\/gastrita\/","og_locale":"ro_RO","og_type":"article","og_title":"Gastrita","og_description":"Gastrita cronic\u0103 este inflamarea mucoasei gastrice care provoac\u00ee \u00een stomac anumite schimb\u0103ri patologice.","og_url":"https:\/\/sanatate.md\/ro\/boli-si-tratament\/boli-ale-tractului-gastro-intestinal\/gastrita\/","og_site_name":"Sanatate.md","twitter_card":"summary_large_image","twitter_misc":{"Timp estimat pentru citire":"4 minute"},"schema":{"@context":"https:\/\/schema.org","@graph":[{"@type":"WebPage","@id":"https:\/\/sanatate.md\/ro\/boli-si-tratament\/boli-ale-tractului-gastro-intestinal\/gastrita\/","url":"https:\/\/sanatate.md\/ro\/boli-si-tratament\/boli-ale-tractului-gastro-intestinal\/gastrita\/","name":"Gastrita","isPartOf":{"@id":"https:\/\/sanatate.md\/ro\/#website"},"datePublished":"2018-01-17T12:01:08+00:00","description":"Gastrita cronic\u0103 este inflamarea mucoasei gastrice care provoac\u00ee \u00een stomac anumite schimb\u0103ri patologice.","breadcrumb":{"@id":"https:\/\/sanatate.md\/ro\/boli-si-tratament\/boli-ale-tractului-gastro-intestinal\/gastrita\/#breadcrumb"},"inLanguage":"ro-RO","potentialAction":[{"@type":"ReadAction","target":["https:\/\/sanatate.md\/ro\/boli-si-tratament\/boli-ale-tractului-gastro-intestinal\/gastrita\/"]}]},{"@type":"BreadcrumbList","@id":"https:\/\/sanatate.md\/ro\/boli-si-tratament\/boli-ale-tractului-gastro-intestinal\/gastrita\/#breadcrumb","itemListElement":[{"@type":"ListItem","position":1,"name":"\u0413\u043b\u0430\u0432\u043d\u0430\u044f \u0441\u0442\u0440\u0430\u043d\u0438\u0446\u0430","item":"https:\/\/sanatate.md\/ro\/"},{"@type":"ListItem","position":2,"name":"Boli si tratament","item":"https:\/\/sanatate.md\/ro\/boli-si-tratament\/"},{"@type":"ListItem","position":3,"name":"Boli ale tractului gastro-intestinal","item":"https:\/\/sanatate.md\/ro\/boli-si-tratament\/boli-ale-tractului-gastro-intestinal\/"},{"@type":"ListItem","position":4,"name":"Gastrita"}]},{"@type":"WebSite","@id":"https:\/\/sanatate.md\/ro\/#website","url":"https:\/\/sanatate.md\/ro\/","name":"Sanatate.md","description":"\u0416\u0443\u0440\u043d\u0430\u043b \u0434\u043b\u044f \u0432\u0441\u0435\u0439 \u0441\u0435\u043c\u044c\u0438 \u0432 \u041c\u043e\u043b\u0434\u043e\u0432\u0435","publisher":{"@id":"https:\/\/sanatate.md\/ro\/#organization"},"potentialAction":[{"@type":"SearchAction","target":{"@type":"EntryPoint","urlTemplate":"https:\/\/sanatate.md\/ro\/?s={search_term_string}"},"query-input":{"@type":"PropertyValueSpecification","valueRequired":true,"valueName":"search_term_string"}}],"inLanguage":"ro-RO"},{"@type":"Organization","@id":"https:\/\/sanatate.md\/ro\/#organization","name":"SANATATE","url":"https:\/\/sanatate.md\/ro\/","logo":{"@type":"ImageObject","inLanguage":"ro-RO","@id":"https:\/\/sanatate.md\/ro\/#\/schema\/logo\/image\/","url":"https:\/\/sanatate.md\/wp-content\/uploads\/2022\/01\/sanatate-logo.svg","contentUrl":"https:\/\/sanatate.md\/wp-content\/uploads\/2022\/01\/sanatate-logo.svg","width":"1024","height":"1024","caption":"SANATATE"},"image":{"@id":"https:\/\/sanatate.md\/ro\/#\/schema\/logo\/image\/"}}]}},"_links":{"self":[{"href":"https:\/\/sanatate.md\/ro\/wp-json\/wp\/v2\/pages\/50059","targetHints":{"allow":["GET"]}}],"collection":[{"href":"https:\/\/sanatate.md\/ro\/wp-json\/wp\/v2\/pages"}],"about":[{"href":"https:\/\/sanatate.md\/ro\/wp-json\/wp\/v2\/types\/page"}],"author":[{"embeddable":true,"href":"https:\/\/sanatate.md\/ro\/wp-json\/wp\/v2\/users\/28"}],"replies":[{"embeddable":true,"href":"https:\/\/sanatate.md\/ro\/wp-json\/wp\/v2\/comments?post=50059"}],"version-history":[{"count":0,"href":"https:\/\/sanatate.md\/ro\/wp-json\/wp\/v2\/pages\/50059\/revisions"}],"up":[{"embeddable":true,"href":"https:\/\/sanatate.md\/ro\/wp-json\/wp\/v2\/pages\/52944"}],"wp:attachment":[{"href":"https:\/\/sanatate.md\/ro\/wp-json\/wp\/v2\/media?parent=50059"}],"curies":[{"name":"wp","href":"https:\/\/api.w.org\/{rel}","templated":true}]}}