{"id":50066,"date":"2018-01-17T15:16:19","date_gmt":"2018-01-17T12:16:19","guid":{"rendered":"https:\/\/sanatate.md\/?page_id=50066"},"modified":"2018-01-17T15:16:19","modified_gmt":"2018-01-17T12:16:19","slug":"hepatita-g","status":"publish","type":"page","link":"https:\/\/sanatate.md\/ro\/boli-si-tratament\/boli-infectioase\/hepatita-g\/","title":{"rendered":"Hepatita G"},"content":{"rendered":"<p>Hepatita G este o maladie foarte r\u0103sp\u00eendit\u0103.<\/p>\n<p>Savan\u0163ii englezi sunt de p\u0103rerea c\u0103 maladia \u00een cauz\u0103 poate fi considerat\u0103 \u201esora mai mic\u0103\u201d a hepatitei C. Boala se transmite prin intermediul s\u00eengelui \u015fi din aceast\u0103 cauz\u0103 majoritatea suferinzilor de aceast\u0103 boal\u0103 sunt narcomanii. La fel maladia \u00een cauz\u0103 poate fi transmis\u0103 \u015fi prin cale sexual\u0103 sau de la f\u0103t la mam\u0103.<\/p>\n<p>Cele mai frecvente cauze ale infect\u0103rii cu maladia dat\u0103 sunt:<\/p>\n<ul>\n<li>S\u00eengele infectat care este predestinat pentru donare. Din aceast\u0103 cauz\u0103 este obligatoriu ca s\u0103 se verifice s\u00eengele donatorilor deoarece conform datelor statistice 2 % din donatori sunt infecta\u0163i de hepatita G.<\/li>\n<li>Aplicarea seringilor de utilizare multipl\u0103 este metoda cea mai r\u0103sp\u00eendit\u0103 de infectare cu maladia dat\u0103.<\/li>\n<li>E posibil\u0103 infectarea \u015fi prin intermediul unui act sexual, dar aceasta se \u00eent\u00eempl\u0103 foarte rar doar \u00een cazurile \u00een care mucoasa genital\u0103 este afectat\u0103.<\/li>\n<li>Metoda vertical\u0103 de infectare:de la l\u0103uz\u0103 la f\u0103t. La 50 de % din copii pe care i-au n\u0103scut mamele bolnave s-a depistat hepatita G. Riscul de infectare cre\u015fte \u00een cazul \u00een care gravida are o form\u0103 activ\u0103 a acestei boli sau \u00een timpul sarcinii a suferit de hepatit\u0103 acut\u0103, la fel \u015fi \u00een cazul \u00een care ea are HIV. S\u0103 te infectezi de acest virus prin intermediul laptelui matern e absolut imposibil.<\/li>\n<li>De acest virus te po\u0163i u\u015for infecta \u00een timpul procedurilor de manichiur\u0103, pedichiur\u0103, acupunctur\u0103 \u015fi tatuaj \u00een cazul \u00een care s \u2013au utilizat instrumente nesterile.<\/li>\n<li>La 40 de % din cazuri e imposibil de determinat sursa de infectare.<\/li>\n<\/ul>\n<h3>Simptome<\/h3>\n<p>Hepatita G se manifest\u0103 ca hepatita C numai c\u0103 pentru aceast\u0103 maladie nu este caracteristic\u0103 degenerarea \u00een ciroz\u0103 \u015fi cancer.<\/p>\n<p>Boala poate decurge cu anumite simptome sau f\u0103r\u0103, dar din p\u0103cate la etapa actual\u0103 manifest\u0103rile clinice ale maladiei \u00een cauz\u0103 nu sunt \u00een deajuns studiate.<\/p>\n<p>Atunci c\u00eend se manifest\u0103 o form\u0103 acut\u0103 a bolii \u00een cauz\u0103 dup\u0103 aceasta vor fi posibile urm\u0103toarele oportunit\u0103\u0163i: \u00eens\u0103n\u0103to\u015firea deplin\u0103, formarea formei cronice a maladiei date sau persoana infectat\u0103 devine purt\u0103toare a virusului dat.<\/p>\n<p>Dac\u0103 pe l\u00eeng\u0103 maladia \u00een cauz\u0103 bolnavul mai sufer\u0103 \u015fi de hepatita C atunci e posibil\u0103 apari\u0163ia cirozei.<\/p>\n<h3>Diagnosticare \u015fi tratament<\/h3>\n<p>Pentru diagnosticarea maladiei date se fac urm\u0103toarele cercet\u0103ri clinice:<\/p>\n<ul>\n<li>Marcherii hepatici;<\/li>\n<li>Biochimia;<\/li>\n<li>Metoda de reac\u0163ie \u00een lan\u0163 a polimerazei care permite s\u0103 depisteze acidul rubynucleic al virusului hepatitei G.<\/li>\n<\/ul>\n<h3>Tratament<\/h3>\n<p>Tratamentul se face cu scopul de a mic\u015fora sau de a \u00eenl\u0103tura inflama\u0163ia ficatului \u015fi de a mic\u015fora sau de a \u00eenl\u0103tura agentul cauzator din organizm \u015fi mai ales din ficat.<\/p>\n<p>Pentru tratament se ia preparatul Alfa-interferon-un medicament ce are efectul de a proteja celulele s\u0103n\u0103toase ale ficatului (hepatocidele). Totu\u015fi acest preparat este mai eficient atunci c\u00eend se ia \u00eempreun\u0103 cu Ribavirina.<\/p>\n<p>Tratamentul nu \u00eentotdeauna garanteaz\u0103 o \u00eens\u0103n\u0103to\u015fire complet\u0103, \u00eens\u0103 anihileaz\u0103 apari\u0163ia cancerului sau a cirozei. Aproape jum\u0103tate din cei bolnavi \u00eenving malaia dat\u0103.<\/p>\n","protected":false},"excerpt":{"rendered":"<p>Hepatita G este o maladie foarte r\u0103sp\u00eendit\u0103. Savan\u0163ii englezi sunt de p\u0103rerea c\u0103 maladia \u00een cauz\u0103 poate fi considerat\u0103 \u201esora mai mic\u0103\u201d a hepatitei C. Boala se transmite prin intermediul s\u00eengelui \u015fi din aceast\u0103 cauz\u0103 majoritatea suferinzilor de aceast\u0103 boal\u0103 sunt narcomanii. La fel maladia \u00een cauz\u0103 poate fi transmis\u0103 \u015fi prin cale sexual\u0103 sau [&hellip;]<\/p>\n","protected":false},"author":28,"featured_media":0,"parent":43668,"menu_order":0,"comment_status":"closed","ping_status":"closed","template":"","meta":{"inline_featured_image":false,"footnotes":""},"class_list":["post-50066","page","type-page","status-publish"],"yoast_head":"<!-- This site is optimized with the Yoast SEO plugin v27.3 - https:\/\/yoast.com\/product\/yoast-seo-wordpress\/ -->\n<title>Hepatita G<\/title>\n<meta name=\"description\" content=\"Hepatita G este o maladie foarte r\u0103sp\u00eendit\u0103.\" \/>\n<meta name=\"robots\" content=\"index, follow, max-snippet:-1, max-image-preview:large, max-video-preview:-1\" \/>\n<link rel=\"canonical\" href=\"https:\/\/sanatate.md\/ro\/boli-si-tratament\/boli-infectioase\/hepatita-g\/\" \/>\n<meta property=\"og:locale\" content=\"ro_RO\" \/>\n<meta property=\"og:type\" content=\"article\" \/>\n<meta property=\"og:title\" content=\"Hepatita G\" \/>\n<meta property=\"og:description\" content=\"Hepatita G este o maladie foarte r\u0103sp\u00eendit\u0103.\" \/>\n<meta property=\"og:url\" content=\"https:\/\/sanatate.md\/ro\/boli-si-tratament\/boli-infectioase\/hepatita-g\/\" \/>\n<meta property=\"og:site_name\" content=\"Sanatate.md\" \/>\n<meta name=\"twitter:card\" content=\"summary_large_image\" \/>\n<meta name=\"twitter:label1\" content=\"Timp estimat pentru citire\" \/>\n\t<meta name=\"twitter:data1\" content=\"3 minute\" \/>\n<script type=\"application\/ld+json\" class=\"yoast-schema-graph\">{\"@context\":\"https:\\\/\\\/schema.org\",\"@graph\":[{\"@type\":\"WebPage\",\"@id\":\"https:\\\/\\\/sanatate.md\\\/ro\\\/boli-si-tratament\\\/boli-infectioase\\\/hepatita-g\\\/\",\"url\":\"https:\\\/\\\/sanatate.md\\\/ro\\\/boli-si-tratament\\\/boli-infectioase\\\/hepatita-g\\\/\",\"name\":\"Hepatita G\",\"isPartOf\":{\"@id\":\"https:\\\/\\\/sanatate.md\\\/ro\\\/#website\"},\"datePublished\":\"2018-01-17T12:16:19+00:00\",\"description\":\"Hepatita G este o maladie foarte r\u0103sp\u00eendit\u0103.\",\"breadcrumb\":{\"@id\":\"https:\\\/\\\/sanatate.md\\\/ro\\\/boli-si-tratament\\\/boli-infectioase\\\/hepatita-g\\\/#breadcrumb\"},\"inLanguage\":\"ro-RO\",\"potentialAction\":[{\"@type\":\"ReadAction\",\"target\":[\"https:\\\/\\\/sanatate.md\\\/ro\\\/boli-si-tratament\\\/boli-infectioase\\\/hepatita-g\\\/\"]}]},{\"@type\":\"BreadcrumbList\",\"@id\":\"https:\\\/\\\/sanatate.md\\\/ro\\\/boli-si-tratament\\\/boli-infectioase\\\/hepatita-g\\\/#breadcrumb\",\"itemListElement\":[{\"@type\":\"ListItem\",\"position\":1,\"name\":\"\u0413\u043b\u0430\u0432\u043d\u0430\u044f \u0441\u0442\u0440\u0430\u043d\u0438\u0446\u0430\",\"item\":\"https:\\\/\\\/sanatate.md\\\/ro\\\/\"},{\"@type\":\"ListItem\",\"position\":2,\"name\":\"Boli si tratament\",\"item\":\"https:\\\/\\\/sanatate.md\\\/ro\\\/boli-si-tratament\\\/\"},{\"@type\":\"ListItem\",\"position\":3,\"name\":\"Boli infec\u021bioase\",\"item\":\"https:\\\/\\\/sanatate.md\\\/ro\\\/boli-si-tratament\\\/boli-infectioase\\\/\"},{\"@type\":\"ListItem\",\"position\":4,\"name\":\"Hepatita G\"}]},{\"@type\":\"WebSite\",\"@id\":\"https:\\\/\\\/sanatate.md\\\/ro\\\/#website\",\"url\":\"https:\\\/\\\/sanatate.md\\\/ro\\\/\",\"name\":\"Sanatate.md\",\"description\":\"\u0416\u0443\u0440\u043d\u0430\u043b \u0434\u043b\u044f \u0432\u0441\u0435\u0439 \u0441\u0435\u043c\u044c\u0438 \u0432 \u041c\u043e\u043b\u0434\u043e\u0432\u0435\",\"publisher\":{\"@id\":\"https:\\\/\\\/sanatate.md\\\/ro\\\/#organization\"},\"potentialAction\":[{\"@type\":\"SearchAction\",\"target\":{\"@type\":\"EntryPoint\",\"urlTemplate\":\"https:\\\/\\\/sanatate.md\\\/ro\\\/?s={search_term_string}\"},\"query-input\":{\"@type\":\"PropertyValueSpecification\",\"valueRequired\":true,\"valueName\":\"search_term_string\"}}],\"inLanguage\":\"ro-RO\"},{\"@type\":\"Organization\",\"@id\":\"https:\\\/\\\/sanatate.md\\\/ro\\\/#organization\",\"name\":\"SANATATE\",\"url\":\"https:\\\/\\\/sanatate.md\\\/ro\\\/\",\"logo\":{\"@type\":\"ImageObject\",\"inLanguage\":\"ro-RO\",\"@id\":\"https:\\\/\\\/sanatate.md\\\/ro\\\/#\\\/schema\\\/logo\\\/image\\\/\",\"url\":\"https:\\\/\\\/sanatate.md\\\/wp-content\\\/uploads\\\/2022\\\/01\\\/sanatate-logo.svg\",\"contentUrl\":\"https:\\\/\\\/sanatate.md\\\/wp-content\\\/uploads\\\/2022\\\/01\\\/sanatate-logo.svg\",\"width\":\"1024\",\"height\":\"1024\",\"caption\":\"SANATATE\"},\"image\":{\"@id\":\"https:\\\/\\\/sanatate.md\\\/ro\\\/#\\\/schema\\\/logo\\\/image\\\/\"}}]}<\/script>\n<!-- \/ Yoast SEO plugin. -->","yoast_head_json":{"title":"Hepatita G","description":"Hepatita G este o maladie foarte r\u0103sp\u00eendit\u0103.","robots":{"index":"index","follow":"follow","max-snippet":"max-snippet:-1","max-image-preview":"max-image-preview:large","max-video-preview":"max-video-preview:-1"},"canonical":"https:\/\/sanatate.md\/ro\/boli-si-tratament\/boli-infectioase\/hepatita-g\/","og_locale":"ro_RO","og_type":"article","og_title":"Hepatita G","og_description":"Hepatita G este o maladie foarte r\u0103sp\u00eendit\u0103.","og_url":"https:\/\/sanatate.md\/ro\/boli-si-tratament\/boli-infectioase\/hepatita-g\/","og_site_name":"Sanatate.md","twitter_card":"summary_large_image","twitter_misc":{"Timp estimat pentru citire":"3 minute"},"schema":{"@context":"https:\/\/schema.org","@graph":[{"@type":"WebPage","@id":"https:\/\/sanatate.md\/ro\/boli-si-tratament\/boli-infectioase\/hepatita-g\/","url":"https:\/\/sanatate.md\/ro\/boli-si-tratament\/boli-infectioase\/hepatita-g\/","name":"Hepatita G","isPartOf":{"@id":"https:\/\/sanatate.md\/ro\/#website"},"datePublished":"2018-01-17T12:16:19+00:00","description":"Hepatita G este o maladie foarte r\u0103sp\u00eendit\u0103.","breadcrumb":{"@id":"https:\/\/sanatate.md\/ro\/boli-si-tratament\/boli-infectioase\/hepatita-g\/#breadcrumb"},"inLanguage":"ro-RO","potentialAction":[{"@type":"ReadAction","target":["https:\/\/sanatate.md\/ro\/boli-si-tratament\/boli-infectioase\/hepatita-g\/"]}]},{"@type":"BreadcrumbList","@id":"https:\/\/sanatate.md\/ro\/boli-si-tratament\/boli-infectioase\/hepatita-g\/#breadcrumb","itemListElement":[{"@type":"ListItem","position":1,"name":"\u0413\u043b\u0430\u0432\u043d\u0430\u044f \u0441\u0442\u0440\u0430\u043d\u0438\u0446\u0430","item":"https:\/\/sanatate.md\/ro\/"},{"@type":"ListItem","position":2,"name":"Boli si tratament","item":"https:\/\/sanatate.md\/ro\/boli-si-tratament\/"},{"@type":"ListItem","position":3,"name":"Boli infec\u021bioase","item":"https:\/\/sanatate.md\/ro\/boli-si-tratament\/boli-infectioase\/"},{"@type":"ListItem","position":4,"name":"Hepatita G"}]},{"@type":"WebSite","@id":"https:\/\/sanatate.md\/ro\/#website","url":"https:\/\/sanatate.md\/ro\/","name":"Sanatate.md","description":"\u0416\u0443\u0440\u043d\u0430\u043b \u0434\u043b\u044f \u0432\u0441\u0435\u0439 \u0441\u0435\u043c\u044c\u0438 \u0432 \u041c\u043e\u043b\u0434\u043e\u0432\u0435","publisher":{"@id":"https:\/\/sanatate.md\/ro\/#organization"},"potentialAction":[{"@type":"SearchAction","target":{"@type":"EntryPoint","urlTemplate":"https:\/\/sanatate.md\/ro\/?s={search_term_string}"},"query-input":{"@type":"PropertyValueSpecification","valueRequired":true,"valueName":"search_term_string"}}],"inLanguage":"ro-RO"},{"@type":"Organization","@id":"https:\/\/sanatate.md\/ro\/#organization","name":"SANATATE","url":"https:\/\/sanatate.md\/ro\/","logo":{"@type":"ImageObject","inLanguage":"ro-RO","@id":"https:\/\/sanatate.md\/ro\/#\/schema\/logo\/image\/","url":"https:\/\/sanatate.md\/wp-content\/uploads\/2022\/01\/sanatate-logo.svg","contentUrl":"https:\/\/sanatate.md\/wp-content\/uploads\/2022\/01\/sanatate-logo.svg","width":"1024","height":"1024","caption":"SANATATE"},"image":{"@id":"https:\/\/sanatate.md\/ro\/#\/schema\/logo\/image\/"}}]}},"_links":{"self":[{"href":"https:\/\/sanatate.md\/ro\/wp-json\/wp\/v2\/pages\/50066","targetHints":{"allow":["GET"]}}],"collection":[{"href":"https:\/\/sanatate.md\/ro\/wp-json\/wp\/v2\/pages"}],"about":[{"href":"https:\/\/sanatate.md\/ro\/wp-json\/wp\/v2\/types\/page"}],"author":[{"embeddable":true,"href":"https:\/\/sanatate.md\/ro\/wp-json\/wp\/v2\/users\/28"}],"replies":[{"embeddable":true,"href":"https:\/\/sanatate.md\/ro\/wp-json\/wp\/v2\/comments?post=50066"}],"version-history":[{"count":0,"href":"https:\/\/sanatate.md\/ro\/wp-json\/wp\/v2\/pages\/50066\/revisions"}],"up":[{"embeddable":true,"href":"https:\/\/sanatate.md\/ro\/wp-json\/wp\/v2\/pages\/43668"}],"wp:attachment":[{"href":"https:\/\/sanatate.md\/ro\/wp-json\/wp\/v2\/media?parent=50066"}],"curies":[{"name":"wp","href":"https:\/\/api.w.org\/{rel}","templated":true}]}}