{"id":50094,"date":"2018-01-17T15:49:39","date_gmt":"2018-01-17T12:49:39","guid":{"rendered":"https:\/\/sanatate.md\/?page_id=50094"},"modified":"2018-01-17T15:53:19","modified_gmt":"2018-01-17T12:53:19","slug":"tipuri-ale-starii-bolnavicioase","status":"publish","type":"page","link":"https:\/\/sanatate.md\/ro\/boli-si-tratament\/boli-ale-tractului-gastro-intestinal\/tipuri-ale-starii-bolnavicioase\/","title":{"rendered":"M\u00e2ncatul \u00een exces"},"content":{"rendered":"<p>M\u00e2ncatul \u00een exces este o stare boln\u0103vicioas\u0103 destul de serioas\u0103 \u00een timpul c\u0103reia omul nu este capabil s\u0103 controleze procesul de consum al m\u00e2nc\u0103rii \u015fi m\u0103n\u00e2nc\u0103 \u00een exces ceea ce duce la kilograme \u00een plus.<\/p>\n<h3>Tipuri ale st\u0103rii boln\u0103vicioase<\/h3>\n<ul>\n<li>Paroxistic-omul simte o foame enorm\u0103;<\/li>\n<li>Pofta de m\u00e2ncare care nu trece chiar \u015fi atunci c\u00e2nd omul e s\u0103tul;<\/li>\n<li>Poft\u0103 de m\u00e2ncare nes\u0103\u0163ioas\u0103 care trece numai \u00een timpul consumului de m\u00e2ncare;<\/li>\n<li>M\u00e2ncatul \u00een exces pe timp de noapte care se combin\u0103 cu anorexia pe timp de zi.<\/li>\n<\/ul>\n<h3>Cauzele m\u00e2nc\u0103rii \u00een exces<\/h3>\n<p>\u00cen majoritatea cazurilor cauza const\u0103 nu \u00een tulburarea scimbului de substan\u0163e ci \u00een tulbur\u0103rile de ordin psihologic. Aceast\u0103 manifestare mai este denumit\u0103 \u015fi bulemia pe fon de nervi.<\/p>\n<p>\u00cen zona de risc intr\u0103 dou\u0103 categorii de oameni:<\/p>\n<ul>\n<li>Emotivi, dezechilibra\u0163i, impulsivi, capabili la fapte stranii;<\/li>\n<li>Oamenii care se subestimeaz\u0103, ne\u00e2ncrezu\u0163i \u00een sine, care nici odat\u0103 nu sunt binedispu\u015fi \u015fi mereu se afl\u0103 \u00een o stare depresiv\u0103.<\/li>\n<\/ul>\n<p>Speciali\u015ftii consider\u0103 c\u0103 uneori oamenii m\u0103n\u00e2nc\u0103 nu din cauza senza\u0163iei de foame, dar din cauza c\u0103 lor le place gustul unei sau altei m\u00e2nc\u0103ri.<\/p>\n<h3>Simptomele st\u0103rii boln\u0103vicioase<\/h3>\n<p>Semne ale maladiei \u00een cauz\u0103 pot fi considerate:<\/p>\n<ul>\n<li>Cre\u015fterea permament\u0103 \u00een greutate;<\/li>\n<li>Starea persistent\u0103 de depresie;<\/li>\n<li>Somnul r\u0103u;<\/li>\n<li>\u00cenclin\u0103ri suicidare.<\/li>\n<\/ul>\n<p>Nu \u00eentotdeauna acei care m\u0103n\u00e2nc\u0103 mult sufer\u0103 de maladia \u00een cauz\u0103. M\u00e2ncatul \u00een exces f\u0103r\u0103 control este un semnal de alarm\u0103-a\u015fa consider\u0103 speciali\u015ftii.<\/p>\n<p>Oamenii care sufer\u0103 de starea \u00een cauz\u0103 au observat c\u0103:<\/p>\n<ul>\n<li>M\u0103n\u00e2nc\u0103 mult mai repede dec\u00e2t se cuvine;<\/li>\n<li>M\u0103n\u00e2nc\u0103 p\u00e2n\u0103 nu apar dureri din cauza m\u00e2ncatului \u00een exces sau p\u00e2n\u0103 nu finiseaz\u0103 toat\u0103 m\u00e2ncarea preg\u0103tit\u0103;<\/li>\n<li>M\u0103n\u00e2nc\u0103 toat\u0103 m\u00e2ncarea care este chiar \u015fi atunci c\u00e2nd nu au senza\u0163ia de foame;<\/li>\n<li>Por\u0163iunile de m\u00e2ncare sunt enorme,<\/li>\n<li>M\u0103n\u00e2nc\u0103 de unul singur deoarece le este jen\u0103 ca s\u0103 vad\u0103 al\u0163ii c\u00e2t consum\u0103;<\/li>\n<li>Mereu se simt vinova\u0163i de ceva sau sunt \u00eentr-o stare depresiv\u0103 (m\u00e2ncatul \u00een exces pe fon de stres).<\/li>\n<\/ul>\n<p>M\u00e2ncarea \u00een exces apare \u015fi \u00een cazul bulemiei neurogene.<\/p>\n<h3>Tratarea st\u0103rii boln\u0103vicioase<\/h3>\n<p>Diagnoza maladiei \u00een cauz\u0103 nu \u00eentotdeauna poate fi stabilit\u0103 deoarece omul \u00een majoritatea cazurilor ascunde sau se ru\u015fineaz\u0103 de faptul dat. Din aceast\u0103 cauz\u0103 starea dat\u0103 este diagnosticat\u0103 la stadii destul de t\u00e2rzii. Tulbur\u0103rile m\u00e2nc\u0103rii \u00een exces de tip compulsiv sunt diagnosticate \u00een cazul \u00een care o persoan\u0103 se adreseaz\u0103 la medic cu pl\u00e2ngeri ce \u0163in de s\u0103n\u0103tate care au ap\u0103rut din cauza obezit\u0103\u0163ii sau chiar a pierderii capacit\u0103\u0163ii de lucru (par\u0163ial\u0103 sau total\u0103).<\/p>\n<p>Medicul \u00eencepe s\u0103 studieze foarte riguros istoria medical\u0103 a bolnavului \u015fi realizeaz\u0103 un examen fizic. Nu exist\u0103 analize speciale pentru a putea stabili maladia \u00een cauz\u0103, \u00eens\u0103 totu\u015fi analiza s\u00e2ngelui \u015fi roentghenul vor permite s\u0103 exclud\u0103 boala care ar fi putut fi cauza apari\u0163iei kilogramelor \u00een plus.<\/p>\n<p>Dac\u0103 nu s-au depistat alte boli, pacientul este \u00eendreptat la psihoterapeut, care la r\u00e2ndul s\u0103u va putea descoperi etiologia apari\u0163iei st\u0103rii date. Pentru aceasta speciali\u015ftii au elaborat ni\u015fte anchete speciale care le permit s\u0103 determine dac\u0103 omul sufer\u0103 de maladia \u00een cauz\u0103.<\/p>\n","protected":false},"excerpt":{"rendered":"<p>M\u00e2ncatul \u00een exces este o stare boln\u0103vicioas\u0103 destul de serioas\u0103 \u00een timpul c\u0103reia omul nu este capabil s\u0103 controleze procesul de consum al m\u00e2nc\u0103rii \u015fi m\u0103n\u00e2nc\u0103 \u00een exces ceea ce duce la kilograme \u00een plus. Tipuri ale st\u0103rii boln\u0103vicioase Paroxistic-omul simte o foame enorm\u0103; Pofta de m\u00e2ncare care nu trece chiar \u015fi atunci c\u00e2nd omul [&hellip;]<\/p>\n","protected":false},"author":28,"featured_media":0,"parent":52944,"menu_order":0,"comment_status":"closed","ping_status":"closed","template":"","meta":{"inline_featured_image":false,"footnotes":""},"class_list":["post-50094","page","type-page","status-publish"],"yoast_head":"<!-- This site is optimized with the Yoast SEO plugin v27.3 - https:\/\/yoast.com\/product\/yoast-seo-wordpress\/ -->\n<title>M\u00e2ncatul \u00een exces<\/title>\n<meta name=\"description\" content=\"M\u00e2ncatul \u00een exces este o stare boln\u0103vicioas\u0103 destul de serioas\u0103 \u00een timpul c\u0103reia omul nu este capabil s\u0103 controleze procesul de consum al m\u00e2nc\u0103rii \u015fi m\u0103n\u00e2nc\u0103 \u00een exces ceea ce duce la kilograme \u00een plus.\" \/>\n<meta name=\"robots\" content=\"index, follow, max-snippet:-1, max-image-preview:large, max-video-preview:-1\" \/>\n<link rel=\"canonical\" href=\"https:\/\/sanatate.md\/ro\/boli-si-tratament\/boli-ale-tractului-gastro-intestinal\/tipuri-ale-starii-bolnavicioase\/\" \/>\n<meta property=\"og:locale\" content=\"ro_RO\" \/>\n<meta property=\"og:type\" content=\"article\" \/>\n<meta property=\"og:title\" content=\"M\u00e2ncatul \u00een exces\" \/>\n<meta property=\"og:description\" content=\"M\u00e2ncatul \u00een exces este o stare boln\u0103vicioas\u0103 destul de serioas\u0103 \u00een timpul c\u0103reia omul nu este capabil s\u0103 controleze procesul de consum al m\u00e2nc\u0103rii \u015fi m\u0103n\u00e2nc\u0103 \u00een exces ceea ce duce la kilograme \u00een plus.\" \/>\n<meta property=\"og:url\" content=\"https:\/\/sanatate.md\/ro\/boli-si-tratament\/boli-ale-tractului-gastro-intestinal\/tipuri-ale-starii-bolnavicioase\/\" \/>\n<meta property=\"og:site_name\" content=\"Sanatate.md\" \/>\n<meta property=\"article:modified_time\" content=\"2018-01-17T12:53:19+00:00\" \/>\n<meta name=\"twitter:card\" content=\"summary_large_image\" \/>\n<meta name=\"twitter:label1\" content=\"Timp estimat pentru citire\" \/>\n\t<meta name=\"twitter:data1\" content=\"3 minute\" \/>\n<script type=\"application\/ld+json\" class=\"yoast-schema-graph\">{\"@context\":\"https:\\\/\\\/schema.org\",\"@graph\":[{\"@type\":\"WebPage\",\"@id\":\"https:\\\/\\\/sanatate.md\\\/ro\\\/boli-si-tratament\\\/boli-ale-tractului-gastro-intestinal\\\/tipuri-ale-starii-bolnavicioase\\\/\",\"url\":\"https:\\\/\\\/sanatate.md\\\/ro\\\/boli-si-tratament\\\/boli-ale-tractului-gastro-intestinal\\\/tipuri-ale-starii-bolnavicioase\\\/\",\"name\":\"M\u00e2ncatul \u00een exces\",\"isPartOf\":{\"@id\":\"https:\\\/\\\/sanatate.md\\\/ro\\\/#website\"},\"datePublished\":\"2018-01-17T12:49:39+00:00\",\"dateModified\":\"2018-01-17T12:53:19+00:00\",\"description\":\"M\u00e2ncatul \u00een exces este o stare boln\u0103vicioas\u0103 destul de serioas\u0103 \u00een timpul c\u0103reia omul nu este capabil s\u0103 controleze procesul de consum al m\u00e2nc\u0103rii \u015fi m\u0103n\u00e2nc\u0103 \u00een exces ceea ce duce la kilograme \u00een plus.\",\"breadcrumb\":{\"@id\":\"https:\\\/\\\/sanatate.md\\\/ro\\\/boli-si-tratament\\\/boli-ale-tractului-gastro-intestinal\\\/tipuri-ale-starii-bolnavicioase\\\/#breadcrumb\"},\"inLanguage\":\"ro-RO\",\"potentialAction\":[{\"@type\":\"ReadAction\",\"target\":[\"https:\\\/\\\/sanatate.md\\\/ro\\\/boli-si-tratament\\\/boli-ale-tractului-gastro-intestinal\\\/tipuri-ale-starii-bolnavicioase\\\/\"]}]},{\"@type\":\"BreadcrumbList\",\"@id\":\"https:\\\/\\\/sanatate.md\\\/ro\\\/boli-si-tratament\\\/boli-ale-tractului-gastro-intestinal\\\/tipuri-ale-starii-bolnavicioase\\\/#breadcrumb\",\"itemListElement\":[{\"@type\":\"ListItem\",\"position\":1,\"name\":\"\u0413\u043b\u0430\u0432\u043d\u0430\u044f \u0441\u0442\u0440\u0430\u043d\u0438\u0446\u0430\",\"item\":\"https:\\\/\\\/sanatate.md\\\/ro\\\/\"},{\"@type\":\"ListItem\",\"position\":2,\"name\":\"Boli si tratament\",\"item\":\"https:\\\/\\\/sanatate.md\\\/ro\\\/boli-si-tratament\\\/\"},{\"@type\":\"ListItem\",\"position\":3,\"name\":\"Boli ale tractului gastro-intestinal\",\"item\":\"https:\\\/\\\/sanatate.md\\\/ro\\\/boli-si-tratament\\\/boli-ale-tractului-gastro-intestinal\\\/\"},{\"@type\":\"ListItem\",\"position\":4,\"name\":\"M\u00e2ncatul \u00een exces\"}]},{\"@type\":\"WebSite\",\"@id\":\"https:\\\/\\\/sanatate.md\\\/ro\\\/#website\",\"url\":\"https:\\\/\\\/sanatate.md\\\/ro\\\/\",\"name\":\"Sanatate.md\",\"description\":\"\u0416\u0443\u0440\u043d\u0430\u043b \u0434\u043b\u044f \u0432\u0441\u0435\u0439 \u0441\u0435\u043c\u044c\u0438 \u0432 \u041c\u043e\u043b\u0434\u043e\u0432\u0435\",\"publisher\":{\"@id\":\"https:\\\/\\\/sanatate.md\\\/ro\\\/#organization\"},\"potentialAction\":[{\"@type\":\"SearchAction\",\"target\":{\"@type\":\"EntryPoint\",\"urlTemplate\":\"https:\\\/\\\/sanatate.md\\\/ro\\\/?s={search_term_string}\"},\"query-input\":{\"@type\":\"PropertyValueSpecification\",\"valueRequired\":true,\"valueName\":\"search_term_string\"}}],\"inLanguage\":\"ro-RO\"},{\"@type\":\"Organization\",\"@id\":\"https:\\\/\\\/sanatate.md\\\/ro\\\/#organization\",\"name\":\"SANATATE\",\"url\":\"https:\\\/\\\/sanatate.md\\\/ro\\\/\",\"logo\":{\"@type\":\"ImageObject\",\"inLanguage\":\"ro-RO\",\"@id\":\"https:\\\/\\\/sanatate.md\\\/ro\\\/#\\\/schema\\\/logo\\\/image\\\/\",\"url\":\"https:\\\/\\\/sanatate.md\\\/wp-content\\\/uploads\\\/2022\\\/01\\\/sanatate-logo.svg\",\"contentUrl\":\"https:\\\/\\\/sanatate.md\\\/wp-content\\\/uploads\\\/2022\\\/01\\\/sanatate-logo.svg\",\"width\":\"1024\",\"height\":\"1024\",\"caption\":\"SANATATE\"},\"image\":{\"@id\":\"https:\\\/\\\/sanatate.md\\\/ro\\\/#\\\/schema\\\/logo\\\/image\\\/\"}}]}<\/script>\n<!-- \/ Yoast SEO plugin. -->","yoast_head_json":{"title":"M\u00e2ncatul \u00een exces","description":"M\u00e2ncatul \u00een exces este o stare boln\u0103vicioas\u0103 destul de serioas\u0103 \u00een timpul c\u0103reia omul nu este capabil s\u0103 controleze procesul de consum al m\u00e2nc\u0103rii \u015fi m\u0103n\u00e2nc\u0103 \u00een exces ceea ce duce la kilograme \u00een plus.","robots":{"index":"index","follow":"follow","max-snippet":"max-snippet:-1","max-image-preview":"max-image-preview:large","max-video-preview":"max-video-preview:-1"},"canonical":"https:\/\/sanatate.md\/ro\/boli-si-tratament\/boli-ale-tractului-gastro-intestinal\/tipuri-ale-starii-bolnavicioase\/","og_locale":"ro_RO","og_type":"article","og_title":"M\u00e2ncatul \u00een exces","og_description":"M\u00e2ncatul \u00een exces este o stare boln\u0103vicioas\u0103 destul de serioas\u0103 \u00een timpul c\u0103reia omul nu este capabil s\u0103 controleze procesul de consum al m\u00e2nc\u0103rii \u015fi m\u0103n\u00e2nc\u0103 \u00een exces ceea ce duce la kilograme \u00een plus.","og_url":"https:\/\/sanatate.md\/ro\/boli-si-tratament\/boli-ale-tractului-gastro-intestinal\/tipuri-ale-starii-bolnavicioase\/","og_site_name":"Sanatate.md","article_modified_time":"2018-01-17T12:53:19+00:00","twitter_card":"summary_large_image","twitter_misc":{"Timp estimat pentru citire":"3 minute"},"schema":{"@context":"https:\/\/schema.org","@graph":[{"@type":"WebPage","@id":"https:\/\/sanatate.md\/ro\/boli-si-tratament\/boli-ale-tractului-gastro-intestinal\/tipuri-ale-starii-bolnavicioase\/","url":"https:\/\/sanatate.md\/ro\/boli-si-tratament\/boli-ale-tractului-gastro-intestinal\/tipuri-ale-starii-bolnavicioase\/","name":"M\u00e2ncatul \u00een exces","isPartOf":{"@id":"https:\/\/sanatate.md\/ro\/#website"},"datePublished":"2018-01-17T12:49:39+00:00","dateModified":"2018-01-17T12:53:19+00:00","description":"M\u00e2ncatul \u00een exces este o stare boln\u0103vicioas\u0103 destul de serioas\u0103 \u00een timpul c\u0103reia omul nu este capabil s\u0103 controleze procesul de consum al m\u00e2nc\u0103rii \u015fi m\u0103n\u00e2nc\u0103 \u00een exces ceea ce duce la kilograme \u00een plus.","breadcrumb":{"@id":"https:\/\/sanatate.md\/ro\/boli-si-tratament\/boli-ale-tractului-gastro-intestinal\/tipuri-ale-starii-bolnavicioase\/#breadcrumb"},"inLanguage":"ro-RO","potentialAction":[{"@type":"ReadAction","target":["https:\/\/sanatate.md\/ro\/boli-si-tratament\/boli-ale-tractului-gastro-intestinal\/tipuri-ale-starii-bolnavicioase\/"]}]},{"@type":"BreadcrumbList","@id":"https:\/\/sanatate.md\/ro\/boli-si-tratament\/boli-ale-tractului-gastro-intestinal\/tipuri-ale-starii-bolnavicioase\/#breadcrumb","itemListElement":[{"@type":"ListItem","position":1,"name":"\u0413\u043b\u0430\u0432\u043d\u0430\u044f \u0441\u0442\u0440\u0430\u043d\u0438\u0446\u0430","item":"https:\/\/sanatate.md\/ro\/"},{"@type":"ListItem","position":2,"name":"Boli si tratament","item":"https:\/\/sanatate.md\/ro\/boli-si-tratament\/"},{"@type":"ListItem","position":3,"name":"Boli ale tractului gastro-intestinal","item":"https:\/\/sanatate.md\/ro\/boli-si-tratament\/boli-ale-tractului-gastro-intestinal\/"},{"@type":"ListItem","position":4,"name":"M\u00e2ncatul \u00een exces"}]},{"@type":"WebSite","@id":"https:\/\/sanatate.md\/ro\/#website","url":"https:\/\/sanatate.md\/ro\/","name":"Sanatate.md","description":"\u0416\u0443\u0440\u043d\u0430\u043b \u0434\u043b\u044f \u0432\u0441\u0435\u0439 \u0441\u0435\u043c\u044c\u0438 \u0432 \u041c\u043e\u043b\u0434\u043e\u0432\u0435","publisher":{"@id":"https:\/\/sanatate.md\/ro\/#organization"},"potentialAction":[{"@type":"SearchAction","target":{"@type":"EntryPoint","urlTemplate":"https:\/\/sanatate.md\/ro\/?s={search_term_string}"},"query-input":{"@type":"PropertyValueSpecification","valueRequired":true,"valueName":"search_term_string"}}],"inLanguage":"ro-RO"},{"@type":"Organization","@id":"https:\/\/sanatate.md\/ro\/#organization","name":"SANATATE","url":"https:\/\/sanatate.md\/ro\/","logo":{"@type":"ImageObject","inLanguage":"ro-RO","@id":"https:\/\/sanatate.md\/ro\/#\/schema\/logo\/image\/","url":"https:\/\/sanatate.md\/wp-content\/uploads\/2022\/01\/sanatate-logo.svg","contentUrl":"https:\/\/sanatate.md\/wp-content\/uploads\/2022\/01\/sanatate-logo.svg","width":"1024","height":"1024","caption":"SANATATE"},"image":{"@id":"https:\/\/sanatate.md\/ro\/#\/schema\/logo\/image\/"}}]}},"_links":{"self":[{"href":"https:\/\/sanatate.md\/ro\/wp-json\/wp\/v2\/pages\/50094","targetHints":{"allow":["GET"]}}],"collection":[{"href":"https:\/\/sanatate.md\/ro\/wp-json\/wp\/v2\/pages"}],"about":[{"href":"https:\/\/sanatate.md\/ro\/wp-json\/wp\/v2\/types\/page"}],"author":[{"embeddable":true,"href":"https:\/\/sanatate.md\/ro\/wp-json\/wp\/v2\/users\/28"}],"replies":[{"embeddable":true,"href":"https:\/\/sanatate.md\/ro\/wp-json\/wp\/v2\/comments?post=50094"}],"version-history":[{"count":0,"href":"https:\/\/sanatate.md\/ro\/wp-json\/wp\/v2\/pages\/50094\/revisions"}],"up":[{"embeddable":true,"href":"https:\/\/sanatate.md\/ro\/wp-json\/wp\/v2\/pages\/52944"}],"wp:attachment":[{"href":"https:\/\/sanatate.md\/ro\/wp-json\/wp\/v2\/media?parent=50094"}],"curies":[{"name":"wp","href":"https:\/\/api.w.org\/{rel}","templated":true}]}}