{"id":50118,"date":"2018-01-17T16:03:41","date_gmt":"2018-01-17T13:03:41","guid":{"rendered":"https:\/\/sanatate.md\/?page_id=50118"},"modified":"2018-01-17T16:03:41","modified_gmt":"2018-01-17T13:03:41","slug":"necroza-adipoasa","status":"publish","type":"page","link":"https:\/\/sanatate.md\/ro\/boli-si-tratament\/boli-ale-glandelor-mamare\/necroza-adipoasa\/","title":{"rendered":"Necroza adipoas\u0103"},"content":{"rendered":"<p>Necroza adipoas\u0103 a glandelor mamare este o tumoare benign\u0103 care este localizat\u0103 \u00een glandele mamare.<\/p>\n<h3>Cauzele st\u0103rii boln\u0103vicioase<\/h3>\n<p>Aceast\u0103 tumoare apare de regul\u0103 \u00een urma traum\u0103rii \u0163esuturilor glandelor mamare. Aceste traume pot fi puternice sau nu prea la care femeia nici nu a atras aten\u0163ia respectiv\u0103 deoarece ea n-a fost \u00eenso\u0163it\u0103 de o durere puternic\u0103. A\u015fa fel de traum\u0103 se poate c\u0103p\u0103ta \u00een transportul public, atunci c\u00e2nd stai \u00een r\u00e2nd sau chiar \u015fi acas\u0103.<\/p>\n<p>\u00cen urma traumei sunt deteriorate capilarele (vasele sanguine mici). Zona afectat\u0103 nu este alimentat\u0103 cu cantitatea necesar\u0103 de s\u00e2nge \u015fi drept urmare apare necroza. Mai apoi \u0163esuturile moarte sunt \u00eenlocuite de conjunctiv\u0103 \u015fi se formeaz\u0103 o cicatrice. Uneori necroza este \u00eenso\u0163it\u0103 de depunerea s\u0103rurilor de calciu din cauza c\u0103reia forma\u0163iunea nou\u0103 este \u00eembr\u0103cat\u0103 \u00een o cochilie calcinat\u0103.<\/p>\n<p>Cauza bolii o mai poate constitui \u015fi sl\u0103birea brusc\u0103 sau radioterapia.<\/p>\n<h3>Simptome<\/h3>\n<p>Boala decurge f\u0103r\u0103 anume simptome, durerile se simt numai \u00een cazul unei traume puternice \u015fi atunci suferinda se adreseaz\u0103 dup\u0103 un ajutor medical. \u00cen cazul \u00een care boala decurge f\u0103r\u0103 anume simptome femeia singur\u0103 simte tumoarea \u00een cauz\u0103. Uneori tumoarea este depistat\u0103 \u00een timpul unei examin\u0103ri medicale la mamolog.<\/p>\n<h3>Diagnosticarea bolii<\/h3>\n<p>Necroza adipoas\u0103 de regul\u0103 nu tece \u00een o tumoare malign\u0103. \u00cens\u0103 nu este at\u00e2t de simplu de diferen\u0163iat necroza de tumoarea malign\u0103 nici chiar prin intermediul ultrasonografiei sau a doctorului mamolog. Din aceast\u0103 cauz\u0103 este indicat de realizat o biopsie cu acu\u015foare sub\u0163iri pentru a fi sigur c\u0103 forma\u0163iunea dat\u0103 este o necroz\u0103 adipoas\u0103.<\/p>\n<h3>Tratarea bolii<\/h3>\n<p>Tratarea se realizeaz\u0103 prin intermediul unei interven\u0163ii chirurgicale-\u00een care este indicat\u0103 rezec\u0163ia sectorial\u0103 a glandei mamare. \u0162esuturile \u00eenl\u0103turate sunt trimise \u00een laborator pentru o investiga\u0163ie gistologic\u0103 pentru a confirma sau infirma diagnoza presupus\u0103.<\/p>\n","protected":false},"excerpt":{"rendered":"<p>Necroza adipoas\u0103 a glandelor mamare este o tumoare benign\u0103 care este localizat\u0103 \u00een glandele mamare. Cauzele st\u0103rii boln\u0103vicioase Aceast\u0103 tumoare apare de regul\u0103 \u00een urma traum\u0103rii \u0163esuturilor glandelor mamare. Aceste traume pot fi puternice sau nu prea la care femeia nici nu a atras aten\u0163ia respectiv\u0103 deoarece ea n-a fost \u00eenso\u0163it\u0103 de o durere puternic\u0103. [&hellip;]<\/p>\n","protected":false},"author":28,"featured_media":0,"parent":52996,"menu_order":0,"comment_status":"closed","ping_status":"closed","template":"","meta":{"inline_featured_image":false,"footnotes":""},"class_list":["post-50118","page","type-page","status-publish"],"yoast_head":"<!-- This site is optimized with the Yoast SEO plugin v27.3 - https:\/\/yoast.com\/product\/yoast-seo-wordpress\/ -->\n<title>Necroza adipoas\u0103<\/title>\n<meta name=\"description\" content=\"Necroza adipoas\u0103 a glandelor mamare este o tumoare benign\u0103 care este localizat\u0103 \u00een glandele mamare.\" \/>\n<meta name=\"robots\" content=\"index, follow, max-snippet:-1, max-image-preview:large, max-video-preview:-1\" \/>\n<link rel=\"canonical\" href=\"https:\/\/sanatate.md\/ro\/boli-si-tratament\/boli-ale-glandelor-mamare\/necroza-adipoasa\/\" \/>\n<meta property=\"og:locale\" content=\"ro_RO\" \/>\n<meta property=\"og:type\" content=\"article\" \/>\n<meta property=\"og:title\" content=\"Necroza adipoas\u0103\" \/>\n<meta property=\"og:description\" content=\"Necroza adipoas\u0103 a glandelor mamare este o tumoare benign\u0103 care este localizat\u0103 \u00een glandele mamare.\" \/>\n<meta property=\"og:url\" content=\"https:\/\/sanatate.md\/ro\/boli-si-tratament\/boli-ale-glandelor-mamare\/necroza-adipoasa\/\" \/>\n<meta property=\"og:site_name\" content=\"Sanatate.md\" \/>\n<meta name=\"twitter:card\" content=\"summary_large_image\" \/>\n<meta name=\"twitter:label1\" content=\"Timp estimat pentru citire\" \/>\n\t<meta name=\"twitter:data1\" content=\"2 minute\" \/>\n<script type=\"application\/ld+json\" class=\"yoast-schema-graph\">{\"@context\":\"https:\\\/\\\/schema.org\",\"@graph\":[{\"@type\":\"WebPage\",\"@id\":\"https:\\\/\\\/sanatate.md\\\/ro\\\/boli-si-tratament\\\/boli-ale-glandelor-mamare\\\/necroza-adipoasa\\\/\",\"url\":\"https:\\\/\\\/sanatate.md\\\/ro\\\/boli-si-tratament\\\/boli-ale-glandelor-mamare\\\/necroza-adipoasa\\\/\",\"name\":\"Necroza adipoas\u0103\",\"isPartOf\":{\"@id\":\"https:\\\/\\\/sanatate.md\\\/ro\\\/#website\"},\"datePublished\":\"2018-01-17T13:03:41+00:00\",\"description\":\"Necroza adipoas\u0103 a glandelor mamare este o tumoare benign\u0103 care este localizat\u0103 \u00een glandele mamare.\",\"breadcrumb\":{\"@id\":\"https:\\\/\\\/sanatate.md\\\/ro\\\/boli-si-tratament\\\/boli-ale-glandelor-mamare\\\/necroza-adipoasa\\\/#breadcrumb\"},\"inLanguage\":\"ro-RO\",\"potentialAction\":[{\"@type\":\"ReadAction\",\"target\":[\"https:\\\/\\\/sanatate.md\\\/ro\\\/boli-si-tratament\\\/boli-ale-glandelor-mamare\\\/necroza-adipoasa\\\/\"]}]},{\"@type\":\"BreadcrumbList\",\"@id\":\"https:\\\/\\\/sanatate.md\\\/ro\\\/boli-si-tratament\\\/boli-ale-glandelor-mamare\\\/necroza-adipoasa\\\/#breadcrumb\",\"itemListElement\":[{\"@type\":\"ListItem\",\"position\":1,\"name\":\"\u0413\u043b\u0430\u0432\u043d\u0430\u044f \u0441\u0442\u0440\u0430\u043d\u0438\u0446\u0430\",\"item\":\"https:\\\/\\\/sanatate.md\\\/ro\\\/\"},{\"@type\":\"ListItem\",\"position\":2,\"name\":\"Boli si tratament\",\"item\":\"https:\\\/\\\/sanatate.md\\\/ro\\\/boli-si-tratament\\\/\"},{\"@type\":\"ListItem\",\"position\":3,\"name\":\"Boli ale glandelor mamare\",\"item\":\"https:\\\/\\\/sanatate.md\\\/ro\\\/boli-si-tratament\\\/boli-ale-glandelor-mamare\\\/\"},{\"@type\":\"ListItem\",\"position\":4,\"name\":\"Necroza adipoas\u0103\"}]},{\"@type\":\"WebSite\",\"@id\":\"https:\\\/\\\/sanatate.md\\\/ro\\\/#website\",\"url\":\"https:\\\/\\\/sanatate.md\\\/ro\\\/\",\"name\":\"Sanatate.md\",\"description\":\"\u0416\u0443\u0440\u043d\u0430\u043b \u0434\u043b\u044f \u0432\u0441\u0435\u0439 \u0441\u0435\u043c\u044c\u0438 \u0432 \u041c\u043e\u043b\u0434\u043e\u0432\u0435\",\"publisher\":{\"@id\":\"https:\\\/\\\/sanatate.md\\\/ro\\\/#organization\"},\"potentialAction\":[{\"@type\":\"SearchAction\",\"target\":{\"@type\":\"EntryPoint\",\"urlTemplate\":\"https:\\\/\\\/sanatate.md\\\/ro\\\/?s={search_term_string}\"},\"query-input\":{\"@type\":\"PropertyValueSpecification\",\"valueRequired\":true,\"valueName\":\"search_term_string\"}}],\"inLanguage\":\"ro-RO\"},{\"@type\":\"Organization\",\"@id\":\"https:\\\/\\\/sanatate.md\\\/ro\\\/#organization\",\"name\":\"SANATATE\",\"url\":\"https:\\\/\\\/sanatate.md\\\/ro\\\/\",\"logo\":{\"@type\":\"ImageObject\",\"inLanguage\":\"ro-RO\",\"@id\":\"https:\\\/\\\/sanatate.md\\\/ro\\\/#\\\/schema\\\/logo\\\/image\\\/\",\"url\":\"https:\\\/\\\/sanatate.md\\\/wp-content\\\/uploads\\\/2022\\\/01\\\/sanatate-logo.svg\",\"contentUrl\":\"https:\\\/\\\/sanatate.md\\\/wp-content\\\/uploads\\\/2022\\\/01\\\/sanatate-logo.svg\",\"width\":\"1024\",\"height\":\"1024\",\"caption\":\"SANATATE\"},\"image\":{\"@id\":\"https:\\\/\\\/sanatate.md\\\/ro\\\/#\\\/schema\\\/logo\\\/image\\\/\"}}]}<\/script>\n<!-- \/ Yoast SEO plugin. -->","yoast_head_json":{"title":"Necroza adipoas\u0103","description":"Necroza adipoas\u0103 a glandelor mamare este o tumoare benign\u0103 care este localizat\u0103 \u00een glandele mamare.","robots":{"index":"index","follow":"follow","max-snippet":"max-snippet:-1","max-image-preview":"max-image-preview:large","max-video-preview":"max-video-preview:-1"},"canonical":"https:\/\/sanatate.md\/ro\/boli-si-tratament\/boli-ale-glandelor-mamare\/necroza-adipoasa\/","og_locale":"ro_RO","og_type":"article","og_title":"Necroza adipoas\u0103","og_description":"Necroza adipoas\u0103 a glandelor mamare este o tumoare benign\u0103 care este localizat\u0103 \u00een glandele mamare.","og_url":"https:\/\/sanatate.md\/ro\/boli-si-tratament\/boli-ale-glandelor-mamare\/necroza-adipoasa\/","og_site_name":"Sanatate.md","twitter_card":"summary_large_image","twitter_misc":{"Timp estimat pentru citire":"2 minute"},"schema":{"@context":"https:\/\/schema.org","@graph":[{"@type":"WebPage","@id":"https:\/\/sanatate.md\/ro\/boli-si-tratament\/boli-ale-glandelor-mamare\/necroza-adipoasa\/","url":"https:\/\/sanatate.md\/ro\/boli-si-tratament\/boli-ale-glandelor-mamare\/necroza-adipoasa\/","name":"Necroza adipoas\u0103","isPartOf":{"@id":"https:\/\/sanatate.md\/ro\/#website"},"datePublished":"2018-01-17T13:03:41+00:00","description":"Necroza adipoas\u0103 a glandelor mamare este o tumoare benign\u0103 care este localizat\u0103 \u00een glandele mamare.","breadcrumb":{"@id":"https:\/\/sanatate.md\/ro\/boli-si-tratament\/boli-ale-glandelor-mamare\/necroza-adipoasa\/#breadcrumb"},"inLanguage":"ro-RO","potentialAction":[{"@type":"ReadAction","target":["https:\/\/sanatate.md\/ro\/boli-si-tratament\/boli-ale-glandelor-mamare\/necroza-adipoasa\/"]}]},{"@type":"BreadcrumbList","@id":"https:\/\/sanatate.md\/ro\/boli-si-tratament\/boli-ale-glandelor-mamare\/necroza-adipoasa\/#breadcrumb","itemListElement":[{"@type":"ListItem","position":1,"name":"\u0413\u043b\u0430\u0432\u043d\u0430\u044f \u0441\u0442\u0440\u0430\u043d\u0438\u0446\u0430","item":"https:\/\/sanatate.md\/ro\/"},{"@type":"ListItem","position":2,"name":"Boli si tratament","item":"https:\/\/sanatate.md\/ro\/boli-si-tratament\/"},{"@type":"ListItem","position":3,"name":"Boli ale glandelor mamare","item":"https:\/\/sanatate.md\/ro\/boli-si-tratament\/boli-ale-glandelor-mamare\/"},{"@type":"ListItem","position":4,"name":"Necroza adipoas\u0103"}]},{"@type":"WebSite","@id":"https:\/\/sanatate.md\/ro\/#website","url":"https:\/\/sanatate.md\/ro\/","name":"Sanatate.md","description":"\u0416\u0443\u0440\u043d\u0430\u043b \u0434\u043b\u044f \u0432\u0441\u0435\u0439 \u0441\u0435\u043c\u044c\u0438 \u0432 \u041c\u043e\u043b\u0434\u043e\u0432\u0435","publisher":{"@id":"https:\/\/sanatate.md\/ro\/#organization"},"potentialAction":[{"@type":"SearchAction","target":{"@type":"EntryPoint","urlTemplate":"https:\/\/sanatate.md\/ro\/?s={search_term_string}"},"query-input":{"@type":"PropertyValueSpecification","valueRequired":true,"valueName":"search_term_string"}}],"inLanguage":"ro-RO"},{"@type":"Organization","@id":"https:\/\/sanatate.md\/ro\/#organization","name":"SANATATE","url":"https:\/\/sanatate.md\/ro\/","logo":{"@type":"ImageObject","inLanguage":"ro-RO","@id":"https:\/\/sanatate.md\/ro\/#\/schema\/logo\/image\/","url":"https:\/\/sanatate.md\/wp-content\/uploads\/2022\/01\/sanatate-logo.svg","contentUrl":"https:\/\/sanatate.md\/wp-content\/uploads\/2022\/01\/sanatate-logo.svg","width":"1024","height":"1024","caption":"SANATATE"},"image":{"@id":"https:\/\/sanatate.md\/ro\/#\/schema\/logo\/image\/"}}]}},"_links":{"self":[{"href":"https:\/\/sanatate.md\/ro\/wp-json\/wp\/v2\/pages\/50118","targetHints":{"allow":["GET"]}}],"collection":[{"href":"https:\/\/sanatate.md\/ro\/wp-json\/wp\/v2\/pages"}],"about":[{"href":"https:\/\/sanatate.md\/ro\/wp-json\/wp\/v2\/types\/page"}],"author":[{"embeddable":true,"href":"https:\/\/sanatate.md\/ro\/wp-json\/wp\/v2\/users\/28"}],"replies":[{"embeddable":true,"href":"https:\/\/sanatate.md\/ro\/wp-json\/wp\/v2\/comments?post=50118"}],"version-history":[{"count":0,"href":"https:\/\/sanatate.md\/ro\/wp-json\/wp\/v2\/pages\/50118\/revisions"}],"up":[{"embeddable":true,"href":"https:\/\/sanatate.md\/ro\/wp-json\/wp\/v2\/pages\/52996"}],"wp:attachment":[{"href":"https:\/\/sanatate.md\/ro\/wp-json\/wp\/v2\/media?parent=50118"}],"curies":[{"name":"wp","href":"https:\/\/api.w.org\/{rel}","templated":true}]}}