{"id":50130,"date":"2018-01-17T16:21:57","date_gmt":"2018-01-17T13:21:57","guid":{"rendered":"https:\/\/sanatate.md\/?page_id=50130"},"modified":"2018-01-17T16:21:57","modified_gmt":"2018-01-17T13:21:57","slug":"pistruii","status":"publish","type":"page","link":"https:\/\/sanatate.md\/ro\/boli-si-tratament\/boli-de-piele\/pistruii\/","title":{"rendered":"Pistruii"},"content":{"rendered":"<p>Pistruii sunt ni\u015fte pete pigmentate de m\u0103rimi diferite, dar totu\u015fi cel mai des se \u00eent\u00e2lnesc \u00een m\u0103rimi mici \u015fi care au o nuan\u0163\u0103 galben\u0103-deschis\u0103. \u00cen majoritatea cazurilor pistruii apar pe stratul cutanat al fe\u0163ei, m\u00e2inilor \u015fi alte p\u0103r\u0163i ale corpului \u00een grupuri mici.<\/p>\n<h3>Cauzele apari\u0163iei<\/h3>\n<p>\u00cen medicin\u0103 pistruii au alt\u0103 denumire \u015fi anume de efelide.Cel mai des pistruii apar la persoanele cu p\u0103r de culoarea ro\u015fcat\u0103 sau deschis\u0103. La fel predispunerea fa\u0163\u0103 de formarea efelidelor mai poate purta \u015fi un caracter ereditar. Apari\u0163ia pistruilor se consider\u0103 ca un fel de reac\u0163ie de ap\u0103rare a organismului contra radia\u0163iei ultrafiolete care este foarte nociv\u0103.<\/p>\n<p>Pistruii nu sunt un simptom al unei maladii oarecare, ei apar doar din cauza repartiz\u0103rii inegale a melaninei pe stratul cutanat. Atunci c\u00e2nd este realizat\u0103 gistologia pistruilor \u00een majoritatea cazurilor se depisteaz\u0103 faptul c\u0103 cantitatea de melanocite necesar\u0103 e \u00een norm\u0103. Dar totu\u015fi \u00een unele celule melanosomii care sunt responsabili de producerea pigmen\u0163ilor pot ap\u0103rea \u015fi se majora \u00een cantitate.<\/p>\n<h3>Perioadele apari\u0163iei<\/h3>\n<p>Primii pistrui pot ap\u0103rea pe corp \u00een perioada de la trei p\u00e2n\u0103 la cinci ani, iar cantitatea lor se majoreaz\u0103 \u00een perioada dezvolt\u0103rii sexuale. Pistruii sunt observa\u0163i mai mult \u00een perioada de prim\u0103var\u0103 \u015fi var\u0103 atunci c\u00e2nd soarele este mai activ. \u00cen perioada de iarn\u0103 pistruii practic dispar totalmente. La v\u00e2rsta de treizeci de ani cantitatea de pistrui un pic se mic\u015foreaz\u0103, iar la v\u00eersta de patruzeci de ani ei pot s\u0103 dispar\u0103 pentru totdeauna.<\/p>\n<h3>Profilactic\u0103<\/h3>\n<p>Pentru a exclude apari\u0163ia efelidelor se recomand\u0103 de utilizat:<\/p>\n<ul>\n<li>Creme de protec\u0163ie solar\u0103;<\/li>\n<li>P\u0103l\u0103rii cu margini largi.<\/li>\n<\/ul>\n","protected":false},"excerpt":{"rendered":"<p>Pistruii sunt ni\u015fte pete pigmentate de m\u0103rimi diferite, dar totu\u015fi cel mai des se \u00eent\u00e2lnesc \u00een m\u0103rimi mici \u015fi care au o nuan\u0163\u0103 galben\u0103-deschis\u0103. \u00cen majoritatea cazurilor pistruii apar pe stratul cutanat al fe\u0163ei, m\u00e2inilor \u015fi alte p\u0103r\u0163i ale corpului \u00een grupuri mici. Cauzele apari\u0163iei \u00cen medicin\u0103 pistruii au alt\u0103 denumire \u015fi anume de efelide.Cel [&hellip;]<\/p>\n","protected":false},"author":28,"featured_media":0,"parent":38239,"menu_order":0,"comment_status":"closed","ping_status":"closed","template":"","meta":{"inline_featured_image":false,"footnotes":""},"class_list":["post-50130","page","type-page","status-publish"],"yoast_head":"<!-- This site is optimized with the Yoast SEO plugin v27.3 - https:\/\/yoast.com\/product\/yoast-seo-wordpress\/ -->\n<title>Pistruii<\/title>\n<meta name=\"description\" content=\"Pistruii sunt ni\u015fte pete pigmentate de m\u0103rimi diferite,dar totu\u015fi cel mai des se \u00eent\u00e2lnesc \u00een m\u0103rimi mici \u015fi care au o nuan\u0163\u0103 galben\u0103-deschis\u0103.\u00cen majoritatea cazurilor pistruii apar pe stratul cutanat al fe\u0163ei,m\u00e2inilor \u015fi alte p\u0103r\u0163i ale corpului \u00een grupuri mici.\" \/>\n<meta name=\"robots\" content=\"index, follow, max-snippet:-1, max-image-preview:large, max-video-preview:-1\" \/>\n<link rel=\"canonical\" href=\"https:\/\/sanatate.md\/ro\/boli-si-tratament\/boli-de-piele\/pistruii\/\" \/>\n<meta property=\"og:locale\" content=\"ro_RO\" \/>\n<meta property=\"og:type\" content=\"article\" \/>\n<meta property=\"og:title\" content=\"Pistruii\" \/>\n<meta property=\"og:description\" content=\"Pistruii sunt ni\u015fte pete pigmentate de m\u0103rimi diferite,dar totu\u015fi cel mai des se \u00eent\u00e2lnesc \u00een m\u0103rimi mici \u015fi care au o nuan\u0163\u0103 galben\u0103-deschis\u0103.\u00cen majoritatea cazurilor pistruii apar pe stratul cutanat al fe\u0163ei,m\u00e2inilor \u015fi alte p\u0103r\u0163i ale corpului \u00een grupuri mici.\" \/>\n<meta property=\"og:url\" content=\"https:\/\/sanatate.md\/ro\/boli-si-tratament\/boli-de-piele\/pistruii\/\" \/>\n<meta property=\"og:site_name\" content=\"Sanatate.md\" \/>\n<meta name=\"twitter:card\" content=\"summary_large_image\" \/>\n<meta name=\"twitter:label1\" content=\"Timp estimat pentru citire\" \/>\n\t<meta name=\"twitter:data1\" content=\"1 minut\" \/>\n<script type=\"application\/ld+json\" class=\"yoast-schema-graph\">{\"@context\":\"https:\\\/\\\/schema.org\",\"@graph\":[{\"@type\":\"WebPage\",\"@id\":\"https:\\\/\\\/sanatate.md\\\/ro\\\/boli-si-tratament\\\/boli-de-piele\\\/pistruii\\\/\",\"url\":\"https:\\\/\\\/sanatate.md\\\/ro\\\/boli-si-tratament\\\/boli-de-piele\\\/pistruii\\\/\",\"name\":\"Pistruii\",\"isPartOf\":{\"@id\":\"https:\\\/\\\/sanatate.md\\\/ro\\\/#website\"},\"datePublished\":\"2018-01-17T13:21:57+00:00\",\"description\":\"Pistruii sunt ni\u015fte pete pigmentate de m\u0103rimi diferite,dar totu\u015fi cel mai des se \u00eent\u00e2lnesc \u00een m\u0103rimi mici \u015fi care au o nuan\u0163\u0103 galben\u0103-deschis\u0103.\u00cen majoritatea cazurilor pistruii apar pe stratul cutanat al fe\u0163ei,m\u00e2inilor \u015fi alte p\u0103r\u0163i ale corpului \u00een grupuri mici.\",\"breadcrumb\":{\"@id\":\"https:\\\/\\\/sanatate.md\\\/ro\\\/boli-si-tratament\\\/boli-de-piele\\\/pistruii\\\/#breadcrumb\"},\"inLanguage\":\"ro-RO\",\"potentialAction\":[{\"@type\":\"ReadAction\",\"target\":[\"https:\\\/\\\/sanatate.md\\\/ro\\\/boli-si-tratament\\\/boli-de-piele\\\/pistruii\\\/\"]}]},{\"@type\":\"BreadcrumbList\",\"@id\":\"https:\\\/\\\/sanatate.md\\\/ro\\\/boli-si-tratament\\\/boli-de-piele\\\/pistruii\\\/#breadcrumb\",\"itemListElement\":[{\"@type\":\"ListItem\",\"position\":1,\"name\":\"\u0413\u043b\u0430\u0432\u043d\u0430\u044f \u0441\u0442\u0440\u0430\u043d\u0438\u0446\u0430\",\"item\":\"https:\\\/\\\/sanatate.md\\\/ro\\\/\"},{\"@type\":\"ListItem\",\"position\":2,\"name\":\"Boli si tratament\",\"item\":\"https:\\\/\\\/sanatate.md\\\/ro\\\/boli-si-tratament\\\/\"},{\"@type\":\"ListItem\",\"position\":3,\"name\":\"Boli de piele\",\"item\":\"https:\\\/\\\/sanatate.md\\\/ro\\\/boli-si-tratament\\\/boli-de-piele\\\/\"},{\"@type\":\"ListItem\",\"position\":4,\"name\":\"Pistruii\"}]},{\"@type\":\"WebSite\",\"@id\":\"https:\\\/\\\/sanatate.md\\\/ro\\\/#website\",\"url\":\"https:\\\/\\\/sanatate.md\\\/ro\\\/\",\"name\":\"Sanatate.md\",\"description\":\"\u0416\u0443\u0440\u043d\u0430\u043b \u0434\u043b\u044f \u0432\u0441\u0435\u0439 \u0441\u0435\u043c\u044c\u0438 \u0432 \u041c\u043e\u043b\u0434\u043e\u0432\u0435\",\"publisher\":{\"@id\":\"https:\\\/\\\/sanatate.md\\\/ro\\\/#organization\"},\"potentialAction\":[{\"@type\":\"SearchAction\",\"target\":{\"@type\":\"EntryPoint\",\"urlTemplate\":\"https:\\\/\\\/sanatate.md\\\/ro\\\/?s={search_term_string}\"},\"query-input\":{\"@type\":\"PropertyValueSpecification\",\"valueRequired\":true,\"valueName\":\"search_term_string\"}}],\"inLanguage\":\"ro-RO\"},{\"@type\":\"Organization\",\"@id\":\"https:\\\/\\\/sanatate.md\\\/ro\\\/#organization\",\"name\":\"SANATATE\",\"url\":\"https:\\\/\\\/sanatate.md\\\/ro\\\/\",\"logo\":{\"@type\":\"ImageObject\",\"inLanguage\":\"ro-RO\",\"@id\":\"https:\\\/\\\/sanatate.md\\\/ro\\\/#\\\/schema\\\/logo\\\/image\\\/\",\"url\":\"https:\\\/\\\/sanatate.md\\\/wp-content\\\/uploads\\\/2022\\\/01\\\/sanatate-logo.svg\",\"contentUrl\":\"https:\\\/\\\/sanatate.md\\\/wp-content\\\/uploads\\\/2022\\\/01\\\/sanatate-logo.svg\",\"width\":\"1024\",\"height\":\"1024\",\"caption\":\"SANATATE\"},\"image\":{\"@id\":\"https:\\\/\\\/sanatate.md\\\/ro\\\/#\\\/schema\\\/logo\\\/image\\\/\"}}]}<\/script>\n<!-- \/ Yoast SEO plugin. -->","yoast_head_json":{"title":"Pistruii","description":"Pistruii sunt ni\u015fte pete pigmentate de m\u0103rimi diferite,dar totu\u015fi cel mai des se \u00eent\u00e2lnesc \u00een m\u0103rimi mici \u015fi care au o nuan\u0163\u0103 galben\u0103-deschis\u0103.\u00cen majoritatea cazurilor pistruii apar pe stratul cutanat al fe\u0163ei,m\u00e2inilor \u015fi alte p\u0103r\u0163i ale corpului \u00een grupuri mici.","robots":{"index":"index","follow":"follow","max-snippet":"max-snippet:-1","max-image-preview":"max-image-preview:large","max-video-preview":"max-video-preview:-1"},"canonical":"https:\/\/sanatate.md\/ro\/boli-si-tratament\/boli-de-piele\/pistruii\/","og_locale":"ro_RO","og_type":"article","og_title":"Pistruii","og_description":"Pistruii sunt ni\u015fte pete pigmentate de m\u0103rimi diferite,dar totu\u015fi cel mai des se \u00eent\u00e2lnesc \u00een m\u0103rimi mici \u015fi care au o nuan\u0163\u0103 galben\u0103-deschis\u0103.\u00cen majoritatea cazurilor pistruii apar pe stratul cutanat al fe\u0163ei,m\u00e2inilor \u015fi alte p\u0103r\u0163i ale corpului \u00een grupuri mici.","og_url":"https:\/\/sanatate.md\/ro\/boli-si-tratament\/boli-de-piele\/pistruii\/","og_site_name":"Sanatate.md","twitter_card":"summary_large_image","twitter_misc":{"Timp estimat pentru citire":"1 minut"},"schema":{"@context":"https:\/\/schema.org","@graph":[{"@type":"WebPage","@id":"https:\/\/sanatate.md\/ro\/boli-si-tratament\/boli-de-piele\/pistruii\/","url":"https:\/\/sanatate.md\/ro\/boli-si-tratament\/boli-de-piele\/pistruii\/","name":"Pistruii","isPartOf":{"@id":"https:\/\/sanatate.md\/ro\/#website"},"datePublished":"2018-01-17T13:21:57+00:00","description":"Pistruii sunt ni\u015fte pete pigmentate de m\u0103rimi diferite,dar totu\u015fi cel mai des se \u00eent\u00e2lnesc \u00een m\u0103rimi mici \u015fi care au o nuan\u0163\u0103 galben\u0103-deschis\u0103.\u00cen majoritatea cazurilor pistruii apar pe stratul cutanat al fe\u0163ei,m\u00e2inilor \u015fi alte p\u0103r\u0163i ale corpului \u00een grupuri mici.","breadcrumb":{"@id":"https:\/\/sanatate.md\/ro\/boli-si-tratament\/boli-de-piele\/pistruii\/#breadcrumb"},"inLanguage":"ro-RO","potentialAction":[{"@type":"ReadAction","target":["https:\/\/sanatate.md\/ro\/boli-si-tratament\/boli-de-piele\/pistruii\/"]}]},{"@type":"BreadcrumbList","@id":"https:\/\/sanatate.md\/ro\/boli-si-tratament\/boli-de-piele\/pistruii\/#breadcrumb","itemListElement":[{"@type":"ListItem","position":1,"name":"\u0413\u043b\u0430\u0432\u043d\u0430\u044f \u0441\u0442\u0440\u0430\u043d\u0438\u0446\u0430","item":"https:\/\/sanatate.md\/ro\/"},{"@type":"ListItem","position":2,"name":"Boli si tratament","item":"https:\/\/sanatate.md\/ro\/boli-si-tratament\/"},{"@type":"ListItem","position":3,"name":"Boli de piele","item":"https:\/\/sanatate.md\/ro\/boli-si-tratament\/boli-de-piele\/"},{"@type":"ListItem","position":4,"name":"Pistruii"}]},{"@type":"WebSite","@id":"https:\/\/sanatate.md\/ro\/#website","url":"https:\/\/sanatate.md\/ro\/","name":"Sanatate.md","description":"\u0416\u0443\u0440\u043d\u0430\u043b \u0434\u043b\u044f \u0432\u0441\u0435\u0439 \u0441\u0435\u043c\u044c\u0438 \u0432 \u041c\u043e\u043b\u0434\u043e\u0432\u0435","publisher":{"@id":"https:\/\/sanatate.md\/ro\/#organization"},"potentialAction":[{"@type":"SearchAction","target":{"@type":"EntryPoint","urlTemplate":"https:\/\/sanatate.md\/ro\/?s={search_term_string}"},"query-input":{"@type":"PropertyValueSpecification","valueRequired":true,"valueName":"search_term_string"}}],"inLanguage":"ro-RO"},{"@type":"Organization","@id":"https:\/\/sanatate.md\/ro\/#organization","name":"SANATATE","url":"https:\/\/sanatate.md\/ro\/","logo":{"@type":"ImageObject","inLanguage":"ro-RO","@id":"https:\/\/sanatate.md\/ro\/#\/schema\/logo\/image\/","url":"https:\/\/sanatate.md\/wp-content\/uploads\/2022\/01\/sanatate-logo.svg","contentUrl":"https:\/\/sanatate.md\/wp-content\/uploads\/2022\/01\/sanatate-logo.svg","width":"1024","height":"1024","caption":"SANATATE"},"image":{"@id":"https:\/\/sanatate.md\/ro\/#\/schema\/logo\/image\/"}}]}},"_links":{"self":[{"href":"https:\/\/sanatate.md\/ro\/wp-json\/wp\/v2\/pages\/50130","targetHints":{"allow":["GET"]}}],"collection":[{"href":"https:\/\/sanatate.md\/ro\/wp-json\/wp\/v2\/pages"}],"about":[{"href":"https:\/\/sanatate.md\/ro\/wp-json\/wp\/v2\/types\/page"}],"author":[{"embeddable":true,"href":"https:\/\/sanatate.md\/ro\/wp-json\/wp\/v2\/users\/28"}],"replies":[{"embeddable":true,"href":"https:\/\/sanatate.md\/ro\/wp-json\/wp\/v2\/comments?post=50130"}],"version-history":[{"count":0,"href":"https:\/\/sanatate.md\/ro\/wp-json\/wp\/v2\/pages\/50130\/revisions"}],"up":[{"embeddable":true,"href":"https:\/\/sanatate.md\/ro\/wp-json\/wp\/v2\/pages\/38239"}],"wp:attachment":[{"href":"https:\/\/sanatate.md\/ro\/wp-json\/wp\/v2\/media?parent=50130"}],"curies":[{"name":"wp","href":"https:\/\/api.w.org\/{rel}","templated":true}]}}