{"id":50134,"date":"2018-01-17T16:47:10","date_gmt":"2018-01-17T13:47:10","guid":{"rendered":"https:\/\/sanatate.md\/?page_id=50134"},"modified":"2018-01-17T16:47:10","modified_gmt":"2018-01-17T13:47:10","slug":"sanatatea-sexuala","status":"publish","type":"page","link":"https:\/\/sanatate.md\/ro\/boli-si-tratament\/tulburari-sexuale\/sanatatea-sexuala\/","title":{"rendered":"S\u0103n\u0103tatea sexual\u0103"},"content":{"rendered":"<p>Savan\u0163ilor nu le-a fost de loc u\u015for s\u0103 determine termenul de \u201es\u0103n\u0103tate sexual\u0103\u201d. \u00cen 1977 Organiza\u0163ia Mondial\u0103 a S\u0103n\u0103t\u0103\u0163ii a stabilit urm\u0103toarea defini\u0163ie: \u201dS\u0103n\u0103tatea sexual\u0103 este un complex de aspecte somatice, emo\u0163ionale, intelectuale \u015fi sociale de existen\u0163\u0103 sexual\u0103 a unui om care \u00eembog\u0103\u0163esc pozitiv personalitatea unui om \u015fi ridic\u0103 nivelul de comunicabilitate \u015fi capacitatea lui de a iubi\u201d.<\/p>\n<p>S\u0103n\u0103tatea sexual\u0103 reproductiv\u0103 este o stare prin intermediul c\u0103reia omul simte o atrac\u0163ie sexual\u0103 pe care o realizeaz\u0103, primind din aceasta satisfac\u0163ie. Asemenea oameni sunt capabili s\u0103 conceap\u0103 \u015fi s\u0103 nasc\u0103 copii s\u0103n\u0103to\u015fi .<\/p>\n<h3>Bzele s\u0103n\u0103t\u0103\u0163ii sexuale constau \u00een educa\u0163ia sexual\u0103<\/h3>\n<p>Sexualitatea unui om este o determinare destul de complex\u0103. Via\u0163a sexual\u0103 \u015fi s\u0103n\u0103tatea unui individuum este irepetabil\u0103 ca \u015fi amprentele digitale.<\/p>\n<p>Dar exist\u0103 anumite momente care se refer\u0103 absolut la to\u0163i oamenii indiferent de apartenen\u0163a \u015fi orientarea sexual\u0103 \u015fi al\u0163i factori. Conform datelor VOZ la acestea se atribuie starea bun\u0103st\u0103rii ce \u0163ine de sexualitatea unei individualit\u0103\u0163i indiferent de ce gen este \u015fi ce orientare sexual\u0103 are. O \u00eentrebare aparte care st\u0103 \u00een vizorul speciali\u015ftilor \u0163ine de profilactic\u0103 adic\u0103 tratarea patologiilor esxuale deoarece ele tot persist\u0103 \u00een via\u0163a sexual\u0103 a oamenilor.<\/p>\n<p>Pentru a evita bolile ce se transmit pe cale sexual\u0103 se utilizeaz\u0103 acelea\u015fi metode ce \u0163in de controlul natalit\u0103\u0163ii \u015fi de planificarea familiei. Aceste teme sunt destul de cic\u0103litoare \u015fi \u00een mod diferit sunt percepute \u00een diferite \u0163\u0103ri de reprezentan\u0163ii diferitor confesiuni religioase.<\/p>\n<p>Educa\u0163ia sexual\u0103 este o metod\u0103 destul de eficient\u0103 \u00een ridicarea tuturor aspectelor ale bun\u0103st\u0103rii sexuale, dar \u015fi aceast\u0103 modalitate este discutat\u0103 foarte aprins \u00een diferite cercuri religioase \u015fi politice. VOZ consider\u0103 c\u0103 a cincea parte din toate \u00eentreb\u0103rile ce \u0163in de sexualitate sunt: problemele legate de reproducere, boli \u015fi patologii, incluz\u00e2nd violen\u0163a sexual\u0103.<\/p>\n<p>Unele din cele mai acute \u00eentreb\u0103ri ce \u0163in de s\u0103n\u0103tatea sexual\u0103 la etapa dat\u0103 sunt SIDA \u015fi HIV-ul. Aceat\u0103 boal\u0103 deocamdat\u0103 este irecuperabil\u0103 \u015fi este foarte periculoas\u0103 pentru popula\u0163ia globului p\u00eem\u00e2ntesc deoarece se r\u00eesp\u00e2nde\u015fte cu viteza unei progresii geometrice mai ales \u00een \u0163\u0103rile din Africa.<\/p>\n<p>Un mare pericol pentru s\u0103n\u0103tatea sexual\u0103 \u00eel constituie virusul herpesului \u015fi papilomei care la etap\u0103 dat\u0103 nu se supun nici unui tratament. Toate celelalte boli care se transmit pe cale sexual\u0103 sunt tratate destul de eficient \u00een cazul \u00een care au fost depistate la timp.<\/p>\n<p>Despre s\u0103n\u0103tatea sexual\u0103 au \u00eenceput s\u0103 vorbeasc\u0103 deschis \u00een cercurle \u015ftiin\u0163ifice abia la \u00eenceputul secolului dou\u0103zeci. Au \u00eenceput s\u0103 se ridice problemele ce \u0163in de sexualitate, s\u0103n\u0103tatea reproductiv\u0103, regularea natalit\u0103\u0163iicare mai \u00eenainte erau considerate indecente. A avut loc o adev\u0103rat\u0103 \u201erevolu\u0163ie sexual\u0103\u201d deoarece savan\u0163ii au ridicat la ordinea de zi multe \u00eentreb\u0103ri care mai \u00eenainte erau interzise. La etapa actual\u0103 informa\u0163ia despre s\u0103n\u0103tatea sexual\u0103 este accesibil\u0103 tuturora nec\u0103t\u00e2nd la faptul c\u0103 de a g\u0103si o solu\u0163ie unic\u0103 ce \u0163ine de anumite aspecte nu este \u00eentotdeauna posibil.<\/p>\n<p>Ritmul nebun al vie\u0163ii contemporane ne epuizeaz\u0103, stresurile permamente, problemele nerezolvate deprimeaz\u0103 psihicul nostru, organismul uman adesea lucreaz\u0103 p\u00e2n\u0103 la o epuizare total\u0103. Din aceast\u0103 cauz\u0103 multe femei \u015fi mul\u0163i b\u0103rba\u0163i la o v\u00e2rst\u0103 anume \u00eencep s\u0103 aib\u0103 probleme de caracter intim.<\/p>\n<h3>Sc\u0103derea libidoului<\/h3>\n<p>Multe femei \u015fi mul\u0163i b\u0103rba\u0163i refuz\u0103 s\u0103 discute asupra temei date deoarece consider\u0103 c\u0103 ea n-are nici o leg\u0103tur\u0103 cu ei. \u00cens\u0103 statistica este un lucru necru\u0163\u0103tor \u015fi cifrele ne pun \u00een gard\u0103: mai mult din jum\u0103tate din b\u0103rba\u0163i sufer\u0103 de aceast\u0103 perturbare. Supra\u00eencordarea permament\u0103, lipsa de odihn\u0103, alimentarea ira\u0163ional\u0103, stresurile sunt factorii care provoac\u0103 apari\u0163ia patologiei date. \u00cens\u0103 nu trebuie s\u0103 ne indispunem, ci trebuie s\u0103 ne adres\u0103m la un specialist. Chiar \u015fi asemenea perturbare ca impoten\u0163a se poate de \u00eenvins \u00een cazul \u00een care nu se va ascunde acest fapt.<\/p>\n<p>Sc\u0103derea atrac\u0163iei sexuale poate provoca diverse maladiica: perturb\u0103rile neurotice, patologiile endocrine, lipsa de contacte sexuale destul de \u00eendelungat\u0103, reac\u0163iile adverse ale unor preparate medicinale, bolile \u00eenn\u0103scute.<\/p>\n<h3>Cauzele sc\u0103derii atrac\u0163iei sexuale<\/h3>\n<p>Speciali\u015ftii au distins urm\u0103toarele cauze ale sc\u0103derii libidoului:<\/p>\n<ul>\n<li>Stresurile \u015fi depresiile;<\/li>\n<li>Lipsa de bun\u0103 dispozi\u0163ie;<\/li>\n<li>Supra\u00e2ncordarea(mental\u0103 sau fizic\u0103);<\/li>\n<li>Problemele \u00een familie sau la serviciu.<\/li>\n<\/ul>\n<p>Conform datelor statistice \u00een ultimele decenii se observ\u0103 o cre\u015ftere a perturb\u0103rilor sexuale la reprezentan\u0163ii de genul masculin. Aceasta se \u00eent\u00e2mpl\u0103 nec\u0103t\u00e2nd la faptul c\u0103 cerin\u0163ele ce \u0163in de cre\u015fterea unui nivel mai \u00eenalt de via\u0163\u0103 cresc \u00een toat\u0103 lumea, iar armonia sexual\u0103 este o parte component\u0103 a nivelului de via\u0163\u0103. Ca via\u0163a s\u0103 fie deplin\u0103 reprezentan\u0163ii genului masculin ar trebui s\u0103 restabileasc\u0103 puterea lor b\u0103rb\u0103teasc\u0103.<\/p>\n<h3>S\u0103n\u0103tatea sexual\u0103 la femei<\/h3>\n<p>Femeile care au o v\u00e2rst\u0103 de dup\u0103 patruzeci \u00eencep s\u0103 \u00eemb\u0103tr\u00e2neasc\u0103 \u015fi fa\u0163\u0103 de ele pierd interesul reprezentan\u0163ii genului masculin. La ele \u00eencep s\u0103 apar\u0103 o mul\u0163ime de diferite maladii ca: mastopatia, chisturile, mioma uterului, hipertensiunea, depresia, osteoporoza \u015f.a. Sc\u0103derea libidoului din partea b\u0103rba\u0163ilor femeia \u00eel sesizeaz\u0103 subcon\u015ftient, ea nu se simte dorit\u0103 \u015fi din aceast\u0103 cauz\u0103 pierde capacitatea de a se excita cu un partener dat.<\/p>\n<p>\u00cen afar\u0103 de aceasta calitatea orgasmului la femei cu anii decade, sc\u0103derea producerii hormonului ce \u0163ine de tinere\u0163ea femenin\u0103 \u015fi s\u0103n\u0103tatea acesteia ca estradiolul duce la sc\u0103derea atrac\u0163iei sexuale.<\/p>\n<p>Excesul de esterogen \u00een organismul femenin duce la \u00eenmul\u0163irea celulelor \u00een sistemul reproductiv femenin ceea ce devine cauza apari\u0163iei diferitor forma\u0163iuni benigne.<\/p>\n<p>Stresurie duc organismul femenin la diferite disfunc\u0163ii hormonale la fel \u015fi activit\u0103\u0163ile fizice \u00een exces, sexul neregulat \u015fi necalitativ, alimentarea ira\u0163ional\u0103 \u015fi obiceiurile nocive.<\/p>\n<h3>Obezitatea \u015fi libidoul<\/h3>\n<p>Obezitatea duce la tulbur\u0103ri de grade diferite a func\u0163ion\u0103rii hipotalamusului. Aceasta atrage dup\u0103 sine patologii ce \u0163in de secre\u0163ia hormonilor sexuali inclusiv \u015fi a altora. La oamenii care au kilograme \u00een plus apar probleme psihoemo\u0163ionale destul de serioase care atrag dup\u0103 sine disfunc\u0163ii \u00een func\u0163ionarea sexual\u0103. Oamenii cu kilograme \u00een plus de regul\u0103 se caracterizeaz\u0103 prin o activitate sexual\u0103 sc\u0103zut\u0103 care este legat\u0103 nu de lipsa atrac\u0163iei sexuale, ci de factorii psihoemo\u0163ionali.<\/p>\n<p>Datorit\u0103 activit\u0103\u0163ii sexuale active se poate de debarasat de kilogramele \u00een plus \u015fi de tratat perturb\u0103rile psihoemo\u0163ionale. Desc\u0103rcarea sexual\u0103 este un efort fizic minunat care ridic\u0103 dispozi\u0163ia \u015fi normalizeaz\u0103 fonului hormonal.<\/p>\n<h3>Fortificarea s\u0103n\u0103t\u0103\u0163ii sexuale<\/h3>\n<p>La fortificarea s\u0103n\u0103t\u0103\u0163ii sexuale contribuie urm\u0103torii factori:<\/p>\n<ul>\n<li>Un mod adecvat de via\u0163\u0103-men\u0163inerea unui regim, odihna pe deplin;<\/li>\n<li>Alimentarea ra\u0163ional\u0103-s\u0103n\u0103tatea sexual\u0103 foarte mult depinde de ra\u0163ionul pe care-l consum\u0103 individul; se recomand\u0103 de ad\u0103ugat \u00een alimente afrodiziaci (substan\u0163e care m\u0103resc poten\u0163a); nu trebuie de supra\u00e2nc\u0103rcat stomacul serile; trebuie de men\u0163inut o greutate normal\u0103 a organismului; alimentarea trebuie s\u0103 fie divers\u0103-meniul trebuie s\u0103 corespund\u0103 v\u00e2rstei:b\u0103rba\u0163ilor dup\u0103 treizeci de ani le sunt folositoare nucile \u015fi ficatul, cei de dup\u0103 patruzeci au nevoie de betacarotin\u0103, selen care are capacitatea de a proteja contra stresului, acei care au atins v\u00e2rsta de dup\u0103 cincizeci au nevoie de calciu pentru \u00eent\u0103rirea sistemului osos, iar pentru inim\u0103-magneziu;<\/li>\n<li>Masajul pentru s\u0103n\u0103tatea sexual\u0103 este eficient atunci c\u00e2nd el este efectuat de partenerul sexual; efectul degetelor asupra punctelor biologice active const\u0103 \u00een ridicarea poten\u0163ei \u015fi diversificarea vie\u0163ii sexuale;<\/li>\n<li>Utilizarea darurilor curative ale naturii-exist\u0103 foarte multe plante care ridic\u0103 poten\u0163a masculin\u0103 \u015fi permit b\u0103rba\u0163ilor s\u0103 r\u0103m\u00e2n\u0103 dori\u0163i \u015fi iubi\u0163i,acestea ar fi: pelinul, \u0163elina, leu\u015fteanul \u015f.a.<\/li>\n<li>Preparatele moderne, \u00eens\u0103 \u00eenainte de \u00eentrebuin\u0163area lor se necesit\u0103 o consulta\u0163ie a unui medic;<\/li>\n<li>Refuzul de la fumat \u015fi alcool;<\/li>\n<li>Controlul psihologic-multe disfunc\u0163ii sexual sunt legate de problemele psihologice \u015fi pentru a trece peste acestea se recomand\u0103 urm\u0103toarele: autotreningurile, autoreglarea, ele vor permite evitarea sau trecerea peste situa\u0163iile de stres.<\/li>\n<\/ul>\n<p>S\u0103n\u0103tatea sexual\u0103 este foarte important\u0103 at\u00e2t pentru b\u0103rba\u0163i c\u00e2t \u015fi pentru femei .<br \/>\nDatorit\u0103 eforturilor \u00een comun \u015fi \u00een\u0163elegerii partenerii pot fi ferici\u0163i \u015fi s\u0103 capete lini\u015ftea sufleteasc\u0103 care depinde foarte mult de via\u0163a sexual\u0103. Despre problemele existente nu este admisibil s\u0103 nu discu\u0163i. Numai la primele semne legate de \u00eenr\u0103ut\u0103\u0163irea s\u0103n\u0103t\u0103\u0163ii sexuale trebuie de adresat la specialist.<\/p>\n","protected":false},"excerpt":{"rendered":"<p>Savan\u0163ilor nu le-a fost de loc u\u015for s\u0103 determine termenul de \u201es\u0103n\u0103tate sexual\u0103\u201d. \u00cen 1977 Organiza\u0163ia Mondial\u0103 a S\u0103n\u0103t\u0103\u0163ii a stabilit urm\u0103toarea defini\u0163ie: \u201dS\u0103n\u0103tatea sexual\u0103 este un complex de aspecte somatice, emo\u0163ionale, intelectuale \u015fi sociale de existen\u0163\u0103 sexual\u0103 a unui om care \u00eembog\u0103\u0163esc pozitiv personalitatea unui om \u015fi ridic\u0103 nivelul de comunicabilitate \u015fi capacitatea lui [&hellip;]<\/p>\n","protected":false},"author":28,"featured_media":0,"parent":52952,"menu_order":0,"comment_status":"closed","ping_status":"closed","template":"","meta":{"inline_featured_image":false,"footnotes":""},"class_list":["post-50134","page","type-page","status-publish"],"yoast_head":"<!-- This site is optimized with the Yoast SEO plugin v27.3 - https:\/\/yoast.com\/product\/yoast-seo-wordpress\/ -->\n<title>S\u0103n\u0103tatea sexual\u0103<\/title>\n<meta name=\"description\" content=\"Savan\u0163ilor nu le-a fost de loc u\u015for s\u0103 determine termenul de \u201es\u0103n\u0103tate sexual\u0103\u201d.\" \/>\n<meta name=\"robots\" content=\"index, follow, max-snippet:-1, max-image-preview:large, max-video-preview:-1\" \/>\n<link rel=\"canonical\" href=\"https:\/\/sanatate.md\/ro\/boli-si-tratament\/tulburari-sexuale\/sanatatea-sexuala\/\" \/>\n<meta property=\"og:locale\" content=\"ro_RO\" \/>\n<meta property=\"og:type\" content=\"article\" \/>\n<meta property=\"og:title\" content=\"S\u0103n\u0103tatea sexual\u0103\" \/>\n<meta property=\"og:description\" content=\"Savan\u0163ilor nu le-a fost de loc u\u015for s\u0103 determine termenul de \u201es\u0103n\u0103tate sexual\u0103\u201d.\" \/>\n<meta property=\"og:url\" content=\"https:\/\/sanatate.md\/ro\/boli-si-tratament\/tulburari-sexuale\/sanatatea-sexuala\/\" \/>\n<meta property=\"og:site_name\" content=\"Sanatate.md\" \/>\n<meta name=\"twitter:card\" content=\"summary_large_image\" \/>\n<meta name=\"twitter:label1\" content=\"Timp estimat pentru citire\" \/>\n\t<meta name=\"twitter:data1\" content=\"7 minute\" \/>\n<script type=\"application\/ld+json\" class=\"yoast-schema-graph\">{\"@context\":\"https:\\\/\\\/schema.org\",\"@graph\":[{\"@type\":\"WebPage\",\"@id\":\"https:\\\/\\\/sanatate.md\\\/ro\\\/boli-si-tratament\\\/tulburari-sexuale\\\/sanatatea-sexuala\\\/\",\"url\":\"https:\\\/\\\/sanatate.md\\\/ro\\\/boli-si-tratament\\\/tulburari-sexuale\\\/sanatatea-sexuala\\\/\",\"name\":\"S\u0103n\u0103tatea sexual\u0103\",\"isPartOf\":{\"@id\":\"https:\\\/\\\/sanatate.md\\\/ro\\\/#website\"},\"datePublished\":\"2018-01-17T13:47:10+00:00\",\"description\":\"Savan\u0163ilor nu le-a fost de loc u\u015for s\u0103 determine termenul de \u201es\u0103n\u0103tate sexual\u0103\u201d.\",\"breadcrumb\":{\"@id\":\"https:\\\/\\\/sanatate.md\\\/ro\\\/boli-si-tratament\\\/tulburari-sexuale\\\/sanatatea-sexuala\\\/#breadcrumb\"},\"inLanguage\":\"ro-RO\",\"potentialAction\":[{\"@type\":\"ReadAction\",\"target\":[\"https:\\\/\\\/sanatate.md\\\/ro\\\/boli-si-tratament\\\/tulburari-sexuale\\\/sanatatea-sexuala\\\/\"]}]},{\"@type\":\"BreadcrumbList\",\"@id\":\"https:\\\/\\\/sanatate.md\\\/ro\\\/boli-si-tratament\\\/tulburari-sexuale\\\/sanatatea-sexuala\\\/#breadcrumb\",\"itemListElement\":[{\"@type\":\"ListItem\",\"position\":1,\"name\":\"\u0413\u043b\u0430\u0432\u043d\u0430\u044f \u0441\u0442\u0440\u0430\u043d\u0438\u0446\u0430\",\"item\":\"https:\\\/\\\/sanatate.md\\\/ro\\\/\"},{\"@type\":\"ListItem\",\"position\":2,\"name\":\"Boli si tratament\",\"item\":\"https:\\\/\\\/sanatate.md\\\/ro\\\/boli-si-tratament\\\/\"},{\"@type\":\"ListItem\",\"position\":3,\"name\":\"Tulbur\u0103ri sexuale\",\"item\":\"https:\\\/\\\/sanatate.md\\\/ro\\\/boli-si-tratament\\\/tulburari-sexuale\\\/\"},{\"@type\":\"ListItem\",\"position\":4,\"name\":\"S\u0103n\u0103tatea sexual\u0103\"}]},{\"@type\":\"WebSite\",\"@id\":\"https:\\\/\\\/sanatate.md\\\/ro\\\/#website\",\"url\":\"https:\\\/\\\/sanatate.md\\\/ro\\\/\",\"name\":\"Sanatate.md\",\"description\":\"\u0416\u0443\u0440\u043d\u0430\u043b \u0434\u043b\u044f \u0432\u0441\u0435\u0439 \u0441\u0435\u043c\u044c\u0438 \u0432 \u041c\u043e\u043b\u0434\u043e\u0432\u0435\",\"publisher\":{\"@id\":\"https:\\\/\\\/sanatate.md\\\/ro\\\/#organization\"},\"potentialAction\":[{\"@type\":\"SearchAction\",\"target\":{\"@type\":\"EntryPoint\",\"urlTemplate\":\"https:\\\/\\\/sanatate.md\\\/ro\\\/?s={search_term_string}\"},\"query-input\":{\"@type\":\"PropertyValueSpecification\",\"valueRequired\":true,\"valueName\":\"search_term_string\"}}],\"inLanguage\":\"ro-RO\"},{\"@type\":\"Organization\",\"@id\":\"https:\\\/\\\/sanatate.md\\\/ro\\\/#organization\",\"name\":\"SANATATE\",\"url\":\"https:\\\/\\\/sanatate.md\\\/ro\\\/\",\"logo\":{\"@type\":\"ImageObject\",\"inLanguage\":\"ro-RO\",\"@id\":\"https:\\\/\\\/sanatate.md\\\/ro\\\/#\\\/schema\\\/logo\\\/image\\\/\",\"url\":\"https:\\\/\\\/sanatate.md\\\/wp-content\\\/uploads\\\/2022\\\/01\\\/sanatate-logo.svg\",\"contentUrl\":\"https:\\\/\\\/sanatate.md\\\/wp-content\\\/uploads\\\/2022\\\/01\\\/sanatate-logo.svg\",\"width\":\"1024\",\"height\":\"1024\",\"caption\":\"SANATATE\"},\"image\":{\"@id\":\"https:\\\/\\\/sanatate.md\\\/ro\\\/#\\\/schema\\\/logo\\\/image\\\/\"}}]}<\/script>\n<!-- \/ Yoast SEO plugin. -->","yoast_head_json":{"title":"S\u0103n\u0103tatea sexual\u0103","description":"Savan\u0163ilor nu le-a fost de loc u\u015for s\u0103 determine termenul de \u201es\u0103n\u0103tate sexual\u0103\u201d.","robots":{"index":"index","follow":"follow","max-snippet":"max-snippet:-1","max-image-preview":"max-image-preview:large","max-video-preview":"max-video-preview:-1"},"canonical":"https:\/\/sanatate.md\/ro\/boli-si-tratament\/tulburari-sexuale\/sanatatea-sexuala\/","og_locale":"ro_RO","og_type":"article","og_title":"S\u0103n\u0103tatea sexual\u0103","og_description":"Savan\u0163ilor nu le-a fost de loc u\u015for s\u0103 determine termenul de \u201es\u0103n\u0103tate sexual\u0103\u201d.","og_url":"https:\/\/sanatate.md\/ro\/boli-si-tratament\/tulburari-sexuale\/sanatatea-sexuala\/","og_site_name":"Sanatate.md","twitter_card":"summary_large_image","twitter_misc":{"Timp estimat pentru citire":"7 minute"},"schema":{"@context":"https:\/\/schema.org","@graph":[{"@type":"WebPage","@id":"https:\/\/sanatate.md\/ro\/boli-si-tratament\/tulburari-sexuale\/sanatatea-sexuala\/","url":"https:\/\/sanatate.md\/ro\/boli-si-tratament\/tulburari-sexuale\/sanatatea-sexuala\/","name":"S\u0103n\u0103tatea sexual\u0103","isPartOf":{"@id":"https:\/\/sanatate.md\/ro\/#website"},"datePublished":"2018-01-17T13:47:10+00:00","description":"Savan\u0163ilor nu le-a fost de loc u\u015for s\u0103 determine termenul de \u201es\u0103n\u0103tate sexual\u0103\u201d.","breadcrumb":{"@id":"https:\/\/sanatate.md\/ro\/boli-si-tratament\/tulburari-sexuale\/sanatatea-sexuala\/#breadcrumb"},"inLanguage":"ro-RO","potentialAction":[{"@type":"ReadAction","target":["https:\/\/sanatate.md\/ro\/boli-si-tratament\/tulburari-sexuale\/sanatatea-sexuala\/"]}]},{"@type":"BreadcrumbList","@id":"https:\/\/sanatate.md\/ro\/boli-si-tratament\/tulburari-sexuale\/sanatatea-sexuala\/#breadcrumb","itemListElement":[{"@type":"ListItem","position":1,"name":"\u0413\u043b\u0430\u0432\u043d\u0430\u044f \u0441\u0442\u0440\u0430\u043d\u0438\u0446\u0430","item":"https:\/\/sanatate.md\/ro\/"},{"@type":"ListItem","position":2,"name":"Boli si tratament","item":"https:\/\/sanatate.md\/ro\/boli-si-tratament\/"},{"@type":"ListItem","position":3,"name":"Tulbur\u0103ri sexuale","item":"https:\/\/sanatate.md\/ro\/boli-si-tratament\/tulburari-sexuale\/"},{"@type":"ListItem","position":4,"name":"S\u0103n\u0103tatea sexual\u0103"}]},{"@type":"WebSite","@id":"https:\/\/sanatate.md\/ro\/#website","url":"https:\/\/sanatate.md\/ro\/","name":"Sanatate.md","description":"\u0416\u0443\u0440\u043d\u0430\u043b \u0434\u043b\u044f \u0432\u0441\u0435\u0439 \u0441\u0435\u043c\u044c\u0438 \u0432 \u041c\u043e\u043b\u0434\u043e\u0432\u0435","publisher":{"@id":"https:\/\/sanatate.md\/ro\/#organization"},"potentialAction":[{"@type":"SearchAction","target":{"@type":"EntryPoint","urlTemplate":"https:\/\/sanatate.md\/ro\/?s={search_term_string}"},"query-input":{"@type":"PropertyValueSpecification","valueRequired":true,"valueName":"search_term_string"}}],"inLanguage":"ro-RO"},{"@type":"Organization","@id":"https:\/\/sanatate.md\/ro\/#organization","name":"SANATATE","url":"https:\/\/sanatate.md\/ro\/","logo":{"@type":"ImageObject","inLanguage":"ro-RO","@id":"https:\/\/sanatate.md\/ro\/#\/schema\/logo\/image\/","url":"https:\/\/sanatate.md\/wp-content\/uploads\/2022\/01\/sanatate-logo.svg","contentUrl":"https:\/\/sanatate.md\/wp-content\/uploads\/2022\/01\/sanatate-logo.svg","width":"1024","height":"1024","caption":"SANATATE"},"image":{"@id":"https:\/\/sanatate.md\/ro\/#\/schema\/logo\/image\/"}}]}},"_links":{"self":[{"href":"https:\/\/sanatate.md\/ro\/wp-json\/wp\/v2\/pages\/50134","targetHints":{"allow":["GET"]}}],"collection":[{"href":"https:\/\/sanatate.md\/ro\/wp-json\/wp\/v2\/pages"}],"about":[{"href":"https:\/\/sanatate.md\/ro\/wp-json\/wp\/v2\/types\/page"}],"author":[{"embeddable":true,"href":"https:\/\/sanatate.md\/ro\/wp-json\/wp\/v2\/users\/28"}],"replies":[{"embeddable":true,"href":"https:\/\/sanatate.md\/ro\/wp-json\/wp\/v2\/comments?post=50134"}],"version-history":[{"count":0,"href":"https:\/\/sanatate.md\/ro\/wp-json\/wp\/v2\/pages\/50134\/revisions"}],"up":[{"embeddable":true,"href":"https:\/\/sanatate.md\/ro\/wp-json\/wp\/v2\/pages\/52952"}],"wp:attachment":[{"href":"https:\/\/sanatate.md\/ro\/wp-json\/wp\/v2\/media?parent=50134"}],"curies":[{"name":"wp","href":"https:\/\/api.w.org\/{rel}","templated":true}]}}