{"id":50154,"date":"2018-01-17T17:13:49","date_gmt":"2018-01-17T14:13:49","guid":{"rendered":"https:\/\/sanatate.md\/?page_id=50154"},"modified":"2018-01-17T17:13:49","modified_gmt":"2018-01-17T14:13:49","slug":"tulburari-viata-sexuala-la-barbati","status":"publish","type":"page","link":"https:\/\/sanatate.md\/ro\/boli-si-tratament\/tulburari-sexuale\/tulburari-viata-sexuala-la-barbati\/","title":{"rendered":"Tulbur\u0103ri \u00een via\u0163a sexual\u0103 la b\u0103rba\u0163i"},"content":{"rendered":"<p>Disfunc\u0163ia erectil\u0103 este o tulburare destul de r\u0103sp\u00eendit\u0103 la b\u0103rba\u0163ii de diferite v\u00eerste. Dup\u0103 p\u0103rerea multor cercet\u0103tori aproximativ 50 de % din b\u0103rba\u0163i au probleme cu erec\u0163ia, numai c\u0103 conform statisticii asemenea problem\u0103 este diagnosticat\u0103 numai la 15 % din cazuri.<\/p>\n<p>Factorii care influen\u0163eaz\u0103 la apari\u0163ia tulbur\u0103rilor erectile sunt:<\/p>\n<ul>\n<li>Dominan\u0163a mamei \u00een familia \u00een care cre\u015fte un b\u0103iat ( 5 %);<\/li>\n<li>Dominan\u0163a tatei \u00een care cre\u015fte un b\u0103iat ( 3 %);<\/li>\n<li>Predispunerea homosexual\u0103 ( 20 %);<\/li>\n<li>Factorul religios ( 15 %).<\/li>\n<\/ul>\n<h3>Cauzele apari\u0163iei<\/h3>\n<p>Cauzele apari\u0163iei st\u0103rii date sunt:<\/p>\n<p>1.Factorii organici:<\/p>\n<ul>\n<li>Complica\u0163iile ce survin \u00een urma unei interven\u0163ii chirurgicale;<\/li>\n<li>Traumele;<\/li>\n<li>Tulbur\u0103rile \u00een func\u0163ionarea sistemului vascular;<\/li>\n<li>Bolile neurologice;;<\/li>\n<li>Tulbur\u0103rile de provenien\u0163\u0103 hormonal\u0103;<\/li>\n<li>Tulbur\u0103rile metabolice;<\/li>\n<li>Consecin\u0163a \u00eentrebuin\u0163\u0103rii a unor medicamente.<\/li>\n<\/ul>\n<p>2. Factorii psihologici:<\/p>\n<ul>\n<li>Problemele cu partenerul sexual;<\/li>\n<li>Situa\u0163iile de stres;<\/li>\n<li>Frica;<\/li>\n<li>Patologiile psihologice.<\/li>\n<\/ul>\n<p>Printre cauzele legate de factorii psihologici un loc aparte \u00eel are leg\u0103tura mam\u0103-fiu \u015fi isteriile frecvente ale copilului. Printre cauzele ce \u0163in de factorii organici una din cele mai r\u0103sp\u00eendite \u00een ultimul timp este hiperprolactinemia.<\/p>\n<p>Problemele cu erec\u0163ia apar la circa 83 de % din to\u0163i b\u0103rba\u0163ii. Totu\u015fi pe primul loc din cauzele apari\u0163iei acestei tulbur\u0103ri ce \u0163in de forma organic\u0103 este patologia vascular\u0103. Aceast\u0103 problem\u0103 apare la 10-30 de % din b\u0103rba\u0163ii care au suferit un atac de cord, \u00eens\u0103 conform unor date statistice acest procent este cu mult mai mare undeva de la 47 p\u00een\u0103 la 73. Rezultatul fatal dup\u0103 un act sexual la a\u015fa contingent de b\u0103rba\u0163i este la circa 0,6 % din b\u0103rba\u0163i comparativ cu alte rezultate fatale ce survin \u00een urma altor boli. Din aceste 0,6% la 80 de % moartea survine \u00een urma unui act sexual extraconjugal.<\/p>\n<p>Cauze de tulburare a erec\u0163iei:<\/p>\n<ul>\n<li>V\u00eersta;<\/li>\n<li>Obezitatea \u015fi kilogramele \u00een plus;<\/li>\n<li>\u00centrebuin\u0163area unor preparate medicamentoase;<\/li>\n<li>Dependen\u0163a fa\u0163\u0103 de alcool \u015fi narcotice;<\/li>\n<li>Probleme cu transmiterea impulsurilor nervoase.<\/li>\n<\/ul>\n<p>Savantul Golden consider\u0103 c\u0103 tulburarea erectil\u0103 este o tulburare tipic\u0103 de caracter sexual pentru cultura vestic\u0103 \u015fi apare ca rezultat al fanteziilor sexuale nerealizate \u015fi a posibilelor fobii \u015fi perversiuni.<\/p>\n<p>Conform datelor statistice tulbur\u0103rile \u00een erec\u0163ie se diagnostific\u0103 la 21 de % din b\u0103rba\u0163ii dependen\u0163i de alcool \u015fi la 40 de % din narcomani. Dintre to\u0163i factorii psihologici cele mai r\u0103sp\u00eendite cauze ale apari\u0163iei tulbur\u0103rii date sunt: complexul sexual, fobia \u015fi rela\u0163ia cu partenerul sexual.<\/p>\n","protected":false},"excerpt":{"rendered":"<p>Disfunc\u0163ia erectil\u0103 este o tulburare destul de r\u0103sp\u00eendit\u0103 la b\u0103rba\u0163ii de diferite v\u00eerste. Dup\u0103 p\u0103rerea multor cercet\u0103tori aproximativ 50 de % din b\u0103rba\u0163i au probleme cu erec\u0163ia, numai c\u0103 conform statisticii asemenea problem\u0103 este diagnosticat\u0103 numai la 15 % din cazuri. Factorii care influen\u0163eaz\u0103 la apari\u0163ia tulbur\u0103rilor erectile sunt: Dominan\u0163a mamei \u00een familia \u00een care [&hellip;]<\/p>\n","protected":false},"author":28,"featured_media":0,"parent":52952,"menu_order":0,"comment_status":"closed","ping_status":"closed","template":"","meta":{"inline_featured_image":false,"footnotes":""},"class_list":["post-50154","page","type-page","status-publish"],"yoast_head":"<!-- This site is optimized with the Yoast SEO plugin v27.3 - https:\/\/yoast.com\/product\/yoast-seo-wordpress\/ -->\n<title>Tulbur\u0103ri \u00een via\u0163a sexual\u0103 la b\u0103rba\u0163i<\/title>\n<meta name=\"description\" content=\"Disfunc\u0163ia erectil\u0103 este o tulburare destul de r\u0103sp\u00eendit\u0103 la b\u0103rba\u0163ii de diferite v\u00eerste.Dup\u0103 p\u0103rerea multor cercet\u0103tori aproximativ 50 de % din b\u0103rba\u0163i au probleme cu erec\u0163ia,numai c\u0103 conform statisticii asemenea problem\u0103 este diagnosticat\u0103 numai la 15 % din cazuri.\" \/>\n<meta name=\"robots\" content=\"index, follow, max-snippet:-1, max-image-preview:large, max-video-preview:-1\" \/>\n<link rel=\"canonical\" href=\"https:\/\/sanatate.md\/ro\/boli-si-tratament\/tulburari-sexuale\/tulburari-viata-sexuala-la-barbati\/\" \/>\n<meta property=\"og:locale\" content=\"ro_RO\" \/>\n<meta property=\"og:type\" content=\"article\" \/>\n<meta property=\"og:title\" content=\"Tulbur\u0103ri \u00een via\u0163a sexual\u0103 la b\u0103rba\u0163i\" \/>\n<meta property=\"og:description\" content=\"Disfunc\u0163ia erectil\u0103 este o tulburare destul de r\u0103sp\u00eendit\u0103 la b\u0103rba\u0163ii de diferite v\u00eerste.Dup\u0103 p\u0103rerea multor cercet\u0103tori aproximativ 50 de % din b\u0103rba\u0163i au probleme cu erec\u0163ia,numai c\u0103 conform statisticii asemenea problem\u0103 este diagnosticat\u0103 numai la 15 % din cazuri.\" \/>\n<meta property=\"og:url\" content=\"https:\/\/sanatate.md\/ro\/boli-si-tratament\/tulburari-sexuale\/tulburari-viata-sexuala-la-barbati\/\" \/>\n<meta property=\"og:site_name\" content=\"Sanatate.md\" \/>\n<meta name=\"twitter:card\" content=\"summary_large_image\" \/>\n<meta name=\"twitter:label1\" content=\"Timp estimat pentru citire\" \/>\n\t<meta name=\"twitter:data1\" content=\"2 minute\" \/>\n<script type=\"application\/ld+json\" class=\"yoast-schema-graph\">{\"@context\":\"https:\\\/\\\/schema.org\",\"@graph\":[{\"@type\":\"WebPage\",\"@id\":\"https:\\\/\\\/sanatate.md\\\/ro\\\/boli-si-tratament\\\/tulburari-sexuale\\\/tulburari-viata-sexuala-la-barbati\\\/\",\"url\":\"https:\\\/\\\/sanatate.md\\\/ro\\\/boli-si-tratament\\\/tulburari-sexuale\\\/tulburari-viata-sexuala-la-barbati\\\/\",\"name\":\"Tulbur\u0103ri \u00een via\u0163a sexual\u0103 la b\u0103rba\u0163i\",\"isPartOf\":{\"@id\":\"https:\\\/\\\/sanatate.md\\\/ro\\\/#website\"},\"datePublished\":\"2018-01-17T14:13:49+00:00\",\"description\":\"Disfunc\u0163ia erectil\u0103 este o tulburare destul de r\u0103sp\u00eendit\u0103 la b\u0103rba\u0163ii de diferite v\u00eerste.Dup\u0103 p\u0103rerea multor cercet\u0103tori aproximativ 50 de % din b\u0103rba\u0163i au probleme cu erec\u0163ia,numai c\u0103 conform statisticii asemenea problem\u0103 este diagnosticat\u0103 numai la 15 % din cazuri.\",\"breadcrumb\":{\"@id\":\"https:\\\/\\\/sanatate.md\\\/ro\\\/boli-si-tratament\\\/tulburari-sexuale\\\/tulburari-viata-sexuala-la-barbati\\\/#breadcrumb\"},\"inLanguage\":\"ro-RO\",\"potentialAction\":[{\"@type\":\"ReadAction\",\"target\":[\"https:\\\/\\\/sanatate.md\\\/ro\\\/boli-si-tratament\\\/tulburari-sexuale\\\/tulburari-viata-sexuala-la-barbati\\\/\"]}]},{\"@type\":\"BreadcrumbList\",\"@id\":\"https:\\\/\\\/sanatate.md\\\/ro\\\/boli-si-tratament\\\/tulburari-sexuale\\\/tulburari-viata-sexuala-la-barbati\\\/#breadcrumb\",\"itemListElement\":[{\"@type\":\"ListItem\",\"position\":1,\"name\":\"\u0413\u043b\u0430\u0432\u043d\u0430\u044f \u0441\u0442\u0440\u0430\u043d\u0438\u0446\u0430\",\"item\":\"https:\\\/\\\/sanatate.md\\\/ro\\\/\"},{\"@type\":\"ListItem\",\"position\":2,\"name\":\"Boli si tratament\",\"item\":\"https:\\\/\\\/sanatate.md\\\/ro\\\/boli-si-tratament\\\/\"},{\"@type\":\"ListItem\",\"position\":3,\"name\":\"Tulbur\u0103ri sexuale\",\"item\":\"https:\\\/\\\/sanatate.md\\\/ro\\\/boli-si-tratament\\\/tulburari-sexuale\\\/\"},{\"@type\":\"ListItem\",\"position\":4,\"name\":\"Tulbur\u0103ri \u00een via\u0163a sexual\u0103 la b\u0103rba\u0163i\"}]},{\"@type\":\"WebSite\",\"@id\":\"https:\\\/\\\/sanatate.md\\\/ro\\\/#website\",\"url\":\"https:\\\/\\\/sanatate.md\\\/ro\\\/\",\"name\":\"Sanatate.md\",\"description\":\"\u0416\u0443\u0440\u043d\u0430\u043b \u0434\u043b\u044f \u0432\u0441\u0435\u0439 \u0441\u0435\u043c\u044c\u0438 \u0432 \u041c\u043e\u043b\u0434\u043e\u0432\u0435\",\"publisher\":{\"@id\":\"https:\\\/\\\/sanatate.md\\\/ro\\\/#organization\"},\"potentialAction\":[{\"@type\":\"SearchAction\",\"target\":{\"@type\":\"EntryPoint\",\"urlTemplate\":\"https:\\\/\\\/sanatate.md\\\/ro\\\/?s={search_term_string}\"},\"query-input\":{\"@type\":\"PropertyValueSpecification\",\"valueRequired\":true,\"valueName\":\"search_term_string\"}}],\"inLanguage\":\"ro-RO\"},{\"@type\":\"Organization\",\"@id\":\"https:\\\/\\\/sanatate.md\\\/ro\\\/#organization\",\"name\":\"SANATATE\",\"url\":\"https:\\\/\\\/sanatate.md\\\/ro\\\/\",\"logo\":{\"@type\":\"ImageObject\",\"inLanguage\":\"ro-RO\",\"@id\":\"https:\\\/\\\/sanatate.md\\\/ro\\\/#\\\/schema\\\/logo\\\/image\\\/\",\"url\":\"https:\\\/\\\/sanatate.md\\\/wp-content\\\/uploads\\\/2022\\\/01\\\/sanatate-logo.svg\",\"contentUrl\":\"https:\\\/\\\/sanatate.md\\\/wp-content\\\/uploads\\\/2022\\\/01\\\/sanatate-logo.svg\",\"width\":\"1024\",\"height\":\"1024\",\"caption\":\"SANATATE\"},\"image\":{\"@id\":\"https:\\\/\\\/sanatate.md\\\/ro\\\/#\\\/schema\\\/logo\\\/image\\\/\"}}]}<\/script>\n<!-- \/ Yoast SEO plugin. -->","yoast_head_json":{"title":"Tulbur\u0103ri \u00een via\u0163a sexual\u0103 la b\u0103rba\u0163i","description":"Disfunc\u0163ia erectil\u0103 este o tulburare destul de r\u0103sp\u00eendit\u0103 la b\u0103rba\u0163ii de diferite v\u00eerste.Dup\u0103 p\u0103rerea multor cercet\u0103tori aproximativ 50 de % din b\u0103rba\u0163i au probleme cu erec\u0163ia,numai c\u0103 conform statisticii asemenea problem\u0103 este diagnosticat\u0103 numai la 15 % din cazuri.","robots":{"index":"index","follow":"follow","max-snippet":"max-snippet:-1","max-image-preview":"max-image-preview:large","max-video-preview":"max-video-preview:-1"},"canonical":"https:\/\/sanatate.md\/ro\/boli-si-tratament\/tulburari-sexuale\/tulburari-viata-sexuala-la-barbati\/","og_locale":"ro_RO","og_type":"article","og_title":"Tulbur\u0103ri \u00een via\u0163a sexual\u0103 la b\u0103rba\u0163i","og_description":"Disfunc\u0163ia erectil\u0103 este o tulburare destul de r\u0103sp\u00eendit\u0103 la b\u0103rba\u0163ii de diferite v\u00eerste.Dup\u0103 p\u0103rerea multor cercet\u0103tori aproximativ 50 de % din b\u0103rba\u0163i au probleme cu erec\u0163ia,numai c\u0103 conform statisticii asemenea problem\u0103 este diagnosticat\u0103 numai la 15 % din cazuri.","og_url":"https:\/\/sanatate.md\/ro\/boli-si-tratament\/tulburari-sexuale\/tulburari-viata-sexuala-la-barbati\/","og_site_name":"Sanatate.md","twitter_card":"summary_large_image","twitter_misc":{"Timp estimat pentru citire":"2 minute"},"schema":{"@context":"https:\/\/schema.org","@graph":[{"@type":"WebPage","@id":"https:\/\/sanatate.md\/ro\/boli-si-tratament\/tulburari-sexuale\/tulburari-viata-sexuala-la-barbati\/","url":"https:\/\/sanatate.md\/ro\/boli-si-tratament\/tulburari-sexuale\/tulburari-viata-sexuala-la-barbati\/","name":"Tulbur\u0103ri \u00een via\u0163a sexual\u0103 la b\u0103rba\u0163i","isPartOf":{"@id":"https:\/\/sanatate.md\/ro\/#website"},"datePublished":"2018-01-17T14:13:49+00:00","description":"Disfunc\u0163ia erectil\u0103 este o tulburare destul de r\u0103sp\u00eendit\u0103 la b\u0103rba\u0163ii de diferite v\u00eerste.Dup\u0103 p\u0103rerea multor cercet\u0103tori aproximativ 50 de % din b\u0103rba\u0163i au probleme cu erec\u0163ia,numai c\u0103 conform statisticii asemenea problem\u0103 este diagnosticat\u0103 numai la 15 % din cazuri.","breadcrumb":{"@id":"https:\/\/sanatate.md\/ro\/boli-si-tratament\/tulburari-sexuale\/tulburari-viata-sexuala-la-barbati\/#breadcrumb"},"inLanguage":"ro-RO","potentialAction":[{"@type":"ReadAction","target":["https:\/\/sanatate.md\/ro\/boli-si-tratament\/tulburari-sexuale\/tulburari-viata-sexuala-la-barbati\/"]}]},{"@type":"BreadcrumbList","@id":"https:\/\/sanatate.md\/ro\/boli-si-tratament\/tulburari-sexuale\/tulburari-viata-sexuala-la-barbati\/#breadcrumb","itemListElement":[{"@type":"ListItem","position":1,"name":"\u0413\u043b\u0430\u0432\u043d\u0430\u044f \u0441\u0442\u0440\u0430\u043d\u0438\u0446\u0430","item":"https:\/\/sanatate.md\/ro\/"},{"@type":"ListItem","position":2,"name":"Boli si tratament","item":"https:\/\/sanatate.md\/ro\/boli-si-tratament\/"},{"@type":"ListItem","position":3,"name":"Tulbur\u0103ri sexuale","item":"https:\/\/sanatate.md\/ro\/boli-si-tratament\/tulburari-sexuale\/"},{"@type":"ListItem","position":4,"name":"Tulbur\u0103ri \u00een via\u0163a sexual\u0103 la b\u0103rba\u0163i"}]},{"@type":"WebSite","@id":"https:\/\/sanatate.md\/ro\/#website","url":"https:\/\/sanatate.md\/ro\/","name":"Sanatate.md","description":"\u0416\u0443\u0440\u043d\u0430\u043b \u0434\u043b\u044f \u0432\u0441\u0435\u0439 \u0441\u0435\u043c\u044c\u0438 \u0432 \u041c\u043e\u043b\u0434\u043e\u0432\u0435","publisher":{"@id":"https:\/\/sanatate.md\/ro\/#organization"},"potentialAction":[{"@type":"SearchAction","target":{"@type":"EntryPoint","urlTemplate":"https:\/\/sanatate.md\/ro\/?s={search_term_string}"},"query-input":{"@type":"PropertyValueSpecification","valueRequired":true,"valueName":"search_term_string"}}],"inLanguage":"ro-RO"},{"@type":"Organization","@id":"https:\/\/sanatate.md\/ro\/#organization","name":"SANATATE","url":"https:\/\/sanatate.md\/ro\/","logo":{"@type":"ImageObject","inLanguage":"ro-RO","@id":"https:\/\/sanatate.md\/ro\/#\/schema\/logo\/image\/","url":"https:\/\/sanatate.md\/wp-content\/uploads\/2022\/01\/sanatate-logo.svg","contentUrl":"https:\/\/sanatate.md\/wp-content\/uploads\/2022\/01\/sanatate-logo.svg","width":"1024","height":"1024","caption":"SANATATE"},"image":{"@id":"https:\/\/sanatate.md\/ro\/#\/schema\/logo\/image\/"}}]}},"_links":{"self":[{"href":"https:\/\/sanatate.md\/ro\/wp-json\/wp\/v2\/pages\/50154","targetHints":{"allow":["GET"]}}],"collection":[{"href":"https:\/\/sanatate.md\/ro\/wp-json\/wp\/v2\/pages"}],"about":[{"href":"https:\/\/sanatate.md\/ro\/wp-json\/wp\/v2\/types\/page"}],"author":[{"embeddable":true,"href":"https:\/\/sanatate.md\/ro\/wp-json\/wp\/v2\/users\/28"}],"replies":[{"embeddable":true,"href":"https:\/\/sanatate.md\/ro\/wp-json\/wp\/v2\/comments?post=50154"}],"version-history":[{"count":0,"href":"https:\/\/sanatate.md\/ro\/wp-json\/wp\/v2\/pages\/50154\/revisions"}],"up":[{"embeddable":true,"href":"https:\/\/sanatate.md\/ro\/wp-json\/wp\/v2\/pages\/52952"}],"wp:attachment":[{"href":"https:\/\/sanatate.md\/ro\/wp-json\/wp\/v2\/media?parent=50154"}],"curies":[{"name":"wp","href":"https:\/\/api.w.org\/{rel}","templated":true}]}}