{"id":50166,"date":"2018-01-17T17:35:16","date_gmt":"2018-01-17T14:35:16","guid":{"rendered":"https:\/\/sanatate.md\/?page_id=50166"},"modified":"2018-01-17T17:35:16","modified_gmt":"2018-01-17T14:35:16","slug":"varicela","status":"publish","type":"page","link":"https:\/\/sanatate.md\/ro\/boli-si-tratament\/bolile-copiilor\/varicela\/","title":{"rendered":"Varicela"},"content":{"rendered":"<p>Varicela este o boal\u0103 infec\u0163ioas\u0103 acut\u0103 care afecteaz\u0103 \u00een special copiii. Boala se manifest\u0103 prin febr\u0103 cu erup\u0163ii pe stratul cutanat \u015fi mucoas\u0103 sub form\u0103 de vezicule de forme nu prea mari cu un con\u0163inut apos.<\/p>\n<h3>Cauzele maladiei<\/h3>\n<p>Agentul provocator al maladiei date este virusul care face parte din grupa herpesului care se nume\u015fte herpes zoster. El se \u00eenmul\u0163e\u015fte foarte rapid mai ales \u00een \u00eenc\u0103perile \u00eenchise \u015fi po\u0163i s\u0103 te contagiezi foarte u\u015for prin aer pe cale respiratorie \u015fi anume din aceast\u0103 cauz\u0103 ea se nume\u015fte v\u0103rsat de v\u00e2nt.<\/p>\n<p>Purt\u0103torul virusului \u00een cauz\u0103 este persoana bolnav\u0103 de maladia dat\u0103 \u015fi pentru contagiere nu e neap\u0103rat s\u0103 fii \u00een contact direct cu bolnavul, virusul este foarte mobil \u015fi se r\u0103sp\u00e2nde\u015fte foarte repede \u00een \u00eenc\u0103peri. El se depune pe mucoasa ochilor \u015fi de acolo nimere\u015fte \u00een organele respiratorii. Agentul provocator nu poate tr\u0103i mult timp \u00een mediul ambiant \u015fi din aceast\u0103 cauz\u0103 infectarea prin obiectele folosite \u00een comun sau de la o persoan\u0103 ter\u0163\u0103 practic e imposibil\u0103.<\/p>\n<h3>Particularit\u0103\u0163ile varicelei<\/h3>\n<p>Virusul moare la temperatura de cincizeci de grade pe parcursul a jum\u0103tate de or\u0103, el este foarte sensibil la razele ultraviolete, nu-i este fric\u0103 de temperaturile joase \u015fi ni \u00eenghea\u0163\u0103. \u00cen componen\u0163a virusului intr\u0103 acidul dezoxiribonucleic.<\/p>\n<p>E posibil\u0103 infectarea f\u0103tului \u00een uterul femeii dac\u0103 gravida s-a infectat de varicel\u0103.<\/p>\n<p>\u00cenc\u0103 acum c\u00e2\u0163iva ani boala afecta doar copiii de la trei p\u00e2n\u0103 la zece ani, maturii \u015fi bebelu\u015fii practic nu se \u00eemboln\u0103veau. La etapa actual\u0103 s-au sporit cazurile c\u00e2nd maladia \u00een cauz\u0103 afecteaz\u0103 adolescen\u0163ii \u015fi oamenii tineri \u015fi \u00een cazul dat ea decurge mult mai greu.<\/p>\n<p>Varicela se r\u0103sp\u00eende\u015fte \u00een deosebi \u00een perioada toamn\u0103-iarn\u0103. Virusul nimere\u015fte pe mucoasele nazale \u015fi ale cavit\u0103\u0163ii bucale \u015fi dup\u0103 aceasta este transfuzat de fluxul de s\u00e2nge \u015fi apoi se depoziteaz\u0103 pe straturile superioare ale stratului cutanat. Persoanele care au o imunitate sc\u0103zut\u0103 pot suferi de tulbur\u0103ri \u00een func\u0163ionarea ficatului, splinei \u015fi a altor organe interne: acestea se acoper\u0103 cu focare mici formate din celule moarte contururile c\u0103rora sunt marcate de echimoze. Dac\u0103 persoana a suferit de maladia \u00een cauz\u0103 la el se formeaz\u0103 o imunitate \u00een privin\u0163a ei \u015fi persoana nu se mai infecteaz\u0103.<\/p>\n<h3>Simptome<\/h3>\n<p>Perioada latent\u0103 dureaz\u0103 nu mai pu\u0163in de unsprezece \u015fi nu mai mult de dou\u0103zeci \u015fi trei de zile. Varicela \u00eencepe acut: mai \u00eent\u00e2i se ridic\u0103 febra, iar dup\u0103 aceasta pe stratul cutanat \u015fi mucoase apar pete ro\u015fii (macule) care foarte rapid se transform\u0103 \u00een erup\u0163ii de dimensiuni mici care peste un timp oarecare se umplu cu un lichid transparent \u015fi formeaz\u0103 mai apoi veziculele. Aceste vezicule cu timpul se sparg, se transform\u0103 \u00een cruste dup\u0103 ce acestea se deta\u015feaz\u0103 de piele \u015fi nu las\u0103 cicatrici pe stratul cutanat.<\/p>\n<p>Stratul cutanat nu este presurat cu erup\u0163ii deodat\u0103, ci pe parcursul a c\u00e2teva zile \u015fi din aceast\u0103 cauz\u0103 pe stratul cutanat al bolnavului putem vedea at\u00e2t macule c\u00e2t \u015fi vezicule \u015fi urme l\u0103sate de erup\u0163ii.<\/p>\n<p>\u00cen unele cazuri boala \u00eencepe cu ridicarea febrei p\u00e2n\u0103 la treizeci \u015fi \u015fapte de grade \u015fi cu stare de r\u0103u general\u0103. Dup\u0103 aceasta stratul cutanat se presoar\u0103 cu erup\u0163ii stacojii sau morbilifrome.<\/p>\n<p>Speciali\u015ftii au depistat urm\u0103toarele forme tipice (u\u015foar\u0103, medie \u015fi grav\u0103) \u015fi atipice ale varicelei:<\/p>\n<ul>\n<li>Forma u\u015foar\u0103 se caracterizeaz\u0103 prin o stare satisf\u0103c\u0103toare a bolnavului, temperatur\u0103 nu mai \u00eenalt\u0103 de 38 de\u00b0. Erup\u0163iile apar foarte rar, pe parcursul a patru zile \u015fi ele practic nu afecteaz\u0103 mucoasele;<\/li>\n<li>Forma medie este caracterizat\u0103 prin o intoxicare nu prea grav\u0103, temperatur\u0103 \u00eenalt\u0103, erup\u0163ii extensive \u015fi m\u00e2nc\u0103rimi. Erup\u0163iile apar p\u00e2n\u0103 la cinci zile \u015fi odat\u0103 cu uscarea acestora, scade \u015fi febra p\u00e2n\u0103 la normal, starea general\u0103 a persoanei infectate se normalizeaz\u0103;<\/li>\n<li>C\u00e2nd este o form\u0103 grav\u0103 atunci erup\u0163iile sunt foarte extensive nu numai pe stratul cutanat, dar \u015fi pe mucoase, frbra este foarte ridicat\u0103, bolnavul manifest\u0103 lipsa poftei de m\u00e2ncare, apar tulbur\u0103rile de somn, el simte permament m\u00e2nc\u0103rimi deranjante \u015fi este foarte nelini\u015ftit. Erup\u0163iile apar pe parcursul a \u015fapte-nou\u0103 zile.<\/li>\n<\/ul>\n<p>Formele atipice ale v\u0103rsatului de v\u00eent:<\/p>\n<ul>\n<li>Rudimentar\u0103-cel mai des apare la bebelu\u015fii care au o imunitate specific\u0103 sau la acei care au fost vaccina\u0163i cu imunoglobulin\u0103. Este o form\u0103 u\u015foar\u0103 care decurge repede \u015fi f\u0103r\u0103 complica\u0163ii;<\/li>\n<li>General\u0103-apare la persoanele care sufer\u0103 de virusul imunodeficitar \u015fi decurge foarte grav. Veziculele sunt umplute cu un lichid s\u00e2ngeros, curge s\u00e2nge din nas, apar scuip\u0103turile cu s\u00e2nge \u015fi s\u00e2ngele \u00een urin\u0103;<\/li>\n<li>Purulent\u0103-apare la bebelu\u015fii care sufer\u0103 de virusul imunodeficitului \u015fi degurge foarte grav: \u00een locul crustelor r\u0103m\u00e2n r\u0103ni ad\u00e2nci \u015fi e posibil\u0103 chiar \u015fi apari\u0163ia sepsisului. Aceast\u0103 form\u0103 este diagnostcat\u0103 foarte rar.<\/li>\n<\/ul>\n<h3>Mecanismul fiziopatogenic la copii<\/h3>\n<p>La bebelu\u015fii de p\u00e2n\u0103 la dou\u0103 luni boala apare foarte rar \u015fi decurge \u00een o form\u0103 u\u015foar\u0103 sau rudimentar\u0103. La copiii care au v\u00e2rsta de un ani\u015for boala decurge foarte grav \u015fi poate duce la urm\u0103toarele complica\u0163ii ca: pneumonia, piodermita \u015f.a. Copiii cuprin\u015fi \u00een v\u00e2rsta \u00eentre trei \u015fi zece ani sufer\u0103 de forma u\u015foar\u0103 a maladiei \u00een cauz\u0103 \u015fi practic nu las\u0103 semne pe stratul cutanat. La adolescen\u0163i \u015fi tineri boala decurge foarte grav \u015fi pe stratul cutanat din zona capului, de regul\u0103 pe frunte, r\u0103m\u00e2n cicatrici destul de observabile.<br \/>\nMaturii suport\u0103 boala destul de greu, ea poate duce la a\u015fa complica\u0163ii ca: pneumonia \u015fi encefalita. Boala este foarte periculoas\u0103 pentru femeile \u00eens\u0103rcinate deoarece poate provoca o patologie antenatal\u0103. Varicela \u00een cazul dat este atipic\u0103 \u015fi foarte periculoas\u0103.<\/p>\n<h3>Posibilele complica\u0163ii<\/h3>\n<p>Varicela poate duce la complica\u0163ii \u00een cazul \u00een care organismul mai este infectat \u015fi de alte boli ca: roja, sepsisul, flegmonul. \u00cen acest caz pot ap\u0103rea urm\u0103toarele maladii ca meningoencefalita, nefrita, miocardita focar\u0103. \u00cen practica medicinal\u0103 aceasta se \u00eent\u00e2mpl\u0103 foarte rar.<\/p>\n","protected":false},"excerpt":{"rendered":"<p>Varicela este o boal\u0103 infec\u0163ioas\u0103 acut\u0103 care afecteaz\u0103 \u00een special copiii. Boala se manifest\u0103 prin febr\u0103 cu erup\u0163ii pe stratul cutanat \u015fi mucoas\u0103 sub form\u0103 de vezicule de forme nu prea mari cu un con\u0163inut apos. Cauzele maladiei Agentul provocator al maladiei date este virusul care face parte din grupa herpesului care se nume\u015fte herpes [&hellip;]<\/p>\n","protected":false},"author":28,"featured_media":0,"parent":43635,"menu_order":0,"comment_status":"closed","ping_status":"closed","template":"","meta":{"inline_featured_image":false,"footnotes":""},"class_list":["post-50166","page","type-page","status-publish"],"yoast_head":"<!-- This site is optimized with the Yoast SEO plugin v27.3 - https:\/\/yoast.com\/product\/yoast-seo-wordpress\/ -->\n<title>Varicela<\/title>\n<meta name=\"description\" content=\"Varicela este o boal\u0103 infec\u0163ioas\u0103 acut\u0103 care afecteaz\u0103 \u00een special copiii.Boala se manifest\u0103 prin febr\u0103 cu erup\u0163ii pe stratul cutanat \u015fi mucoas\u0103 sub form\u0103 de vezicule de forme nu prea mari cu un con\u0163inut apos.\" \/>\n<meta name=\"robots\" content=\"index, follow, max-snippet:-1, max-image-preview:large, max-video-preview:-1\" \/>\n<link rel=\"canonical\" href=\"https:\/\/sanatate.md\/ro\/boli-si-tratament\/bolile-copiilor\/varicela\/\" \/>\n<meta property=\"og:locale\" content=\"ro_RO\" \/>\n<meta property=\"og:type\" content=\"article\" \/>\n<meta property=\"og:title\" content=\"Varicela\" \/>\n<meta property=\"og:description\" content=\"Varicela este o boal\u0103 infec\u0163ioas\u0103 acut\u0103 care afecteaz\u0103 \u00een special copiii.Boala se manifest\u0103 prin febr\u0103 cu erup\u0163ii pe stratul cutanat \u015fi mucoas\u0103 sub form\u0103 de vezicule de forme nu prea mari cu un con\u0163inut apos.\" \/>\n<meta property=\"og:url\" content=\"https:\/\/sanatate.md\/ro\/boli-si-tratament\/bolile-copiilor\/varicela\/\" \/>\n<meta property=\"og:site_name\" content=\"Sanatate.md\" \/>\n<meta name=\"twitter:card\" content=\"summary_large_image\" \/>\n<meta name=\"twitter:label1\" content=\"Timp estimat pentru citire\" \/>\n\t<meta name=\"twitter:data1\" content=\"5 minute\" \/>\n<script type=\"application\/ld+json\" class=\"yoast-schema-graph\">{\"@context\":\"https:\\\/\\\/schema.org\",\"@graph\":[{\"@type\":\"WebPage\",\"@id\":\"https:\\\/\\\/sanatate.md\\\/ro\\\/boli-si-tratament\\\/bolile-copiilor\\\/varicela\\\/\",\"url\":\"https:\\\/\\\/sanatate.md\\\/ro\\\/boli-si-tratament\\\/bolile-copiilor\\\/varicela\\\/\",\"name\":\"Varicela\",\"isPartOf\":{\"@id\":\"https:\\\/\\\/sanatate.md\\\/ro\\\/#website\"},\"datePublished\":\"2018-01-17T14:35:16+00:00\",\"description\":\"Varicela este o boal\u0103 infec\u0163ioas\u0103 acut\u0103 care afecteaz\u0103 \u00een special copiii.Boala se manifest\u0103 prin febr\u0103 cu erup\u0163ii pe stratul cutanat \u015fi mucoas\u0103 sub form\u0103 de vezicule de forme nu prea mari cu un con\u0163inut apos.\",\"breadcrumb\":{\"@id\":\"https:\\\/\\\/sanatate.md\\\/ro\\\/boli-si-tratament\\\/bolile-copiilor\\\/varicela\\\/#breadcrumb\"},\"inLanguage\":\"ro-RO\",\"potentialAction\":[{\"@type\":\"ReadAction\",\"target\":[\"https:\\\/\\\/sanatate.md\\\/ro\\\/boli-si-tratament\\\/bolile-copiilor\\\/varicela\\\/\"]}]},{\"@type\":\"BreadcrumbList\",\"@id\":\"https:\\\/\\\/sanatate.md\\\/ro\\\/boli-si-tratament\\\/bolile-copiilor\\\/varicela\\\/#breadcrumb\",\"itemListElement\":[{\"@type\":\"ListItem\",\"position\":1,\"name\":\"\u0413\u043b\u0430\u0432\u043d\u0430\u044f \u0441\u0442\u0440\u0430\u043d\u0438\u0446\u0430\",\"item\":\"https:\\\/\\\/sanatate.md\\\/ro\\\/\"},{\"@type\":\"ListItem\",\"position\":2,\"name\":\"Boli si tratament\",\"item\":\"https:\\\/\\\/sanatate.md\\\/ro\\\/boli-si-tratament\\\/\"},{\"@type\":\"ListItem\",\"position\":3,\"name\":\"Bolile copiilor\",\"item\":\"https:\\\/\\\/sanatate.md\\\/ro\\\/boli-si-tratament\\\/bolile-copiilor\\\/\"},{\"@type\":\"ListItem\",\"position\":4,\"name\":\"Varicela\"}]},{\"@type\":\"WebSite\",\"@id\":\"https:\\\/\\\/sanatate.md\\\/ro\\\/#website\",\"url\":\"https:\\\/\\\/sanatate.md\\\/ro\\\/\",\"name\":\"Sanatate.md\",\"description\":\"\u0416\u0443\u0440\u043d\u0430\u043b \u0434\u043b\u044f \u0432\u0441\u0435\u0439 \u0441\u0435\u043c\u044c\u0438 \u0432 \u041c\u043e\u043b\u0434\u043e\u0432\u0435\",\"publisher\":{\"@id\":\"https:\\\/\\\/sanatate.md\\\/ro\\\/#organization\"},\"potentialAction\":[{\"@type\":\"SearchAction\",\"target\":{\"@type\":\"EntryPoint\",\"urlTemplate\":\"https:\\\/\\\/sanatate.md\\\/ro\\\/?s={search_term_string}\"},\"query-input\":{\"@type\":\"PropertyValueSpecification\",\"valueRequired\":true,\"valueName\":\"search_term_string\"}}],\"inLanguage\":\"ro-RO\"},{\"@type\":\"Organization\",\"@id\":\"https:\\\/\\\/sanatate.md\\\/ro\\\/#organization\",\"name\":\"SANATATE\",\"url\":\"https:\\\/\\\/sanatate.md\\\/ro\\\/\",\"logo\":{\"@type\":\"ImageObject\",\"inLanguage\":\"ro-RO\",\"@id\":\"https:\\\/\\\/sanatate.md\\\/ro\\\/#\\\/schema\\\/logo\\\/image\\\/\",\"url\":\"https:\\\/\\\/sanatate.md\\\/wp-content\\\/uploads\\\/2022\\\/01\\\/sanatate-logo.svg\",\"contentUrl\":\"https:\\\/\\\/sanatate.md\\\/wp-content\\\/uploads\\\/2022\\\/01\\\/sanatate-logo.svg\",\"width\":\"1024\",\"height\":\"1024\",\"caption\":\"SANATATE\"},\"image\":{\"@id\":\"https:\\\/\\\/sanatate.md\\\/ro\\\/#\\\/schema\\\/logo\\\/image\\\/\"}}]}<\/script>\n<!-- \/ Yoast SEO plugin. -->","yoast_head_json":{"title":"Varicela","description":"Varicela este o boal\u0103 infec\u0163ioas\u0103 acut\u0103 care afecteaz\u0103 \u00een special copiii.Boala se manifest\u0103 prin febr\u0103 cu erup\u0163ii pe stratul cutanat \u015fi mucoas\u0103 sub form\u0103 de vezicule de forme nu prea mari cu un con\u0163inut apos.","robots":{"index":"index","follow":"follow","max-snippet":"max-snippet:-1","max-image-preview":"max-image-preview:large","max-video-preview":"max-video-preview:-1"},"canonical":"https:\/\/sanatate.md\/ro\/boli-si-tratament\/bolile-copiilor\/varicela\/","og_locale":"ro_RO","og_type":"article","og_title":"Varicela","og_description":"Varicela este o boal\u0103 infec\u0163ioas\u0103 acut\u0103 care afecteaz\u0103 \u00een special copiii.Boala se manifest\u0103 prin febr\u0103 cu erup\u0163ii pe stratul cutanat \u015fi mucoas\u0103 sub form\u0103 de vezicule de forme nu prea mari cu un con\u0163inut apos.","og_url":"https:\/\/sanatate.md\/ro\/boli-si-tratament\/bolile-copiilor\/varicela\/","og_site_name":"Sanatate.md","twitter_card":"summary_large_image","twitter_misc":{"Timp estimat pentru citire":"5 minute"},"schema":{"@context":"https:\/\/schema.org","@graph":[{"@type":"WebPage","@id":"https:\/\/sanatate.md\/ro\/boli-si-tratament\/bolile-copiilor\/varicela\/","url":"https:\/\/sanatate.md\/ro\/boli-si-tratament\/bolile-copiilor\/varicela\/","name":"Varicela","isPartOf":{"@id":"https:\/\/sanatate.md\/ro\/#website"},"datePublished":"2018-01-17T14:35:16+00:00","description":"Varicela este o boal\u0103 infec\u0163ioas\u0103 acut\u0103 care afecteaz\u0103 \u00een special copiii.Boala se manifest\u0103 prin febr\u0103 cu erup\u0163ii pe stratul cutanat \u015fi mucoas\u0103 sub form\u0103 de vezicule de forme nu prea mari cu un con\u0163inut apos.","breadcrumb":{"@id":"https:\/\/sanatate.md\/ro\/boli-si-tratament\/bolile-copiilor\/varicela\/#breadcrumb"},"inLanguage":"ro-RO","potentialAction":[{"@type":"ReadAction","target":["https:\/\/sanatate.md\/ro\/boli-si-tratament\/bolile-copiilor\/varicela\/"]}]},{"@type":"BreadcrumbList","@id":"https:\/\/sanatate.md\/ro\/boli-si-tratament\/bolile-copiilor\/varicela\/#breadcrumb","itemListElement":[{"@type":"ListItem","position":1,"name":"\u0413\u043b\u0430\u0432\u043d\u0430\u044f \u0441\u0442\u0440\u0430\u043d\u0438\u0446\u0430","item":"https:\/\/sanatate.md\/ro\/"},{"@type":"ListItem","position":2,"name":"Boli si tratament","item":"https:\/\/sanatate.md\/ro\/boli-si-tratament\/"},{"@type":"ListItem","position":3,"name":"Bolile copiilor","item":"https:\/\/sanatate.md\/ro\/boli-si-tratament\/bolile-copiilor\/"},{"@type":"ListItem","position":4,"name":"Varicela"}]},{"@type":"WebSite","@id":"https:\/\/sanatate.md\/ro\/#website","url":"https:\/\/sanatate.md\/ro\/","name":"Sanatate.md","description":"\u0416\u0443\u0440\u043d\u0430\u043b \u0434\u043b\u044f \u0432\u0441\u0435\u0439 \u0441\u0435\u043c\u044c\u0438 \u0432 \u041c\u043e\u043b\u0434\u043e\u0432\u0435","publisher":{"@id":"https:\/\/sanatate.md\/ro\/#organization"},"potentialAction":[{"@type":"SearchAction","target":{"@type":"EntryPoint","urlTemplate":"https:\/\/sanatate.md\/ro\/?s={search_term_string}"},"query-input":{"@type":"PropertyValueSpecification","valueRequired":true,"valueName":"search_term_string"}}],"inLanguage":"ro-RO"},{"@type":"Organization","@id":"https:\/\/sanatate.md\/ro\/#organization","name":"SANATATE","url":"https:\/\/sanatate.md\/ro\/","logo":{"@type":"ImageObject","inLanguage":"ro-RO","@id":"https:\/\/sanatate.md\/ro\/#\/schema\/logo\/image\/","url":"https:\/\/sanatate.md\/wp-content\/uploads\/2022\/01\/sanatate-logo.svg","contentUrl":"https:\/\/sanatate.md\/wp-content\/uploads\/2022\/01\/sanatate-logo.svg","width":"1024","height":"1024","caption":"SANATATE"},"image":{"@id":"https:\/\/sanatate.md\/ro\/#\/schema\/logo\/image\/"}}]}},"_links":{"self":[{"href":"https:\/\/sanatate.md\/ro\/wp-json\/wp\/v2\/pages\/50166","targetHints":{"allow":["GET"]}}],"collection":[{"href":"https:\/\/sanatate.md\/ro\/wp-json\/wp\/v2\/pages"}],"about":[{"href":"https:\/\/sanatate.md\/ro\/wp-json\/wp\/v2\/types\/page"}],"author":[{"embeddable":true,"href":"https:\/\/sanatate.md\/ro\/wp-json\/wp\/v2\/users\/28"}],"replies":[{"embeddable":true,"href":"https:\/\/sanatate.md\/ro\/wp-json\/wp\/v2\/comments?post=50166"}],"version-history":[{"count":0,"href":"https:\/\/sanatate.md\/ro\/wp-json\/wp\/v2\/pages\/50166\/revisions"}],"up":[{"embeddable":true,"href":"https:\/\/sanatate.md\/ro\/wp-json\/wp\/v2\/pages\/43635"}],"wp:attachment":[{"href":"https:\/\/sanatate.md\/ro\/wp-json\/wp\/v2\/media?parent=50166"}],"curies":[{"name":"wp","href":"https:\/\/api.w.org\/{rel}","templated":true}]}}