{"id":50172,"date":"2018-01-17T17:49:42","date_gmt":"2018-01-17T14:49:42","guid":{"rendered":"https:\/\/sanatate.md\/?page_id=50172"},"modified":"2018-01-17T17:49:42","modified_gmt":"2018-01-17T14:49:42","slug":"voma-timpul-sarcinii","status":"publish","type":"page","link":"https:\/\/sanatate.md\/ro\/boli-si-tratament\/boli-ale-femeilor\/voma-timpul-sarcinii\/","title":{"rendered":"Voma \u00een  timpul sarcinii"},"content":{"rendered":"<p>Voma la femeile \u00eens\u0103rcinate \u00een primul semestru este o stare boln\u0103vicioas\u0103 care este diagnodticat\u0103 la majoritatea femeilor aflate \u00een starea respectiv\u0103. Voma apare la jum\u0103tate din femeile care sunt \u00eens\u0103rcinate (din 100 de % la 50 de %). Aceast\u0103 stare trece de sinest\u0103t\u0103tor, numai a cincea parte din femei are nevoie de un tratament.<\/p>\n<h3>Cauzele vomei la gravide<\/h3>\n<p>Cauzele vomei la gravide p\u00een\u0103 la ziua de azi nu sunt clare. Aceast\u0103 stare apare la a cincea-a \u015fasea s\u0103pt\u0103m\u00een\u0103 de sarcin\u0103 \u015fi jum\u0103tate din femeile care trec prin aceast\u0103 stare nu necesit\u0103 tratament, ea trece de la sine.<\/p>\n<h3>Gradele de severitate a vomei frecvente la gravide<\/h3>\n<p>Speciali\u015ftii divizeaz\u0103 gradele de severitate \u00een trei categorii:<\/p>\n<ul>\n<li>U\u015foar\u0103-voma apare p\u00een\u0103 la cinci ori pe zi, dup\u0103 mas\u0103, \u00een majoritatea cazurilor diminea\u0163a;<\/li>\n<li>Medie-gravida trece prin aceast\u0103 stare p\u00een\u0103 la zece ori pe zi, ea practic nu poate s\u0103 se alimenteze deoarece dup\u0103 fiecare mas\u0103 \u00eei vine voma, \u00eencepe s\u0103 piard\u0103 din greutate, sl\u0103be\u015fte brusc, \u00een cazul \u00een care se pierd brusc 3 kg. are loc deshidratarea organismului;<\/li>\n<li>Grav\u0103-viitoarea m\u0103mic\u0103 vomeaz\u0103 circa 25 de ori pe zi, aceast\u0103 stare este diagnosticat\u0103 circa la 2% din femeile gravide; organismul se deshidrateaz\u0103 \u00eenrat\u00eet \u00eenc\u00eet se necest\u0103 o spitalizare unde i se vor introduce intravenos vitamine, glucoz\u0103, aminoacizi \u015fi s\u0103ruri.<\/li>\n<\/ul>\n<h3>Diagnosticarea st\u0103rii boln\u0103vicioase<\/h3>\n<p>De diagnosticat maladia \u00een cauz\u0103 nu este deloc complicat. \u00cen baza analizelor de s\u00eenge \u015fi a urinei se stabile\u015fte gradul de deshidratare a organismului. E important de diferen\u0163iat starea boln\u0103vicioas\u0103 de o banal\u0103 intoxica\u0163ie sau de alte maladii:<\/p>\n<ul>\n<li>Voma \u015fi diareea la gravid\u0103;<\/li>\n<li>Voma, diareea \u015fi febra la gravid\u0103;<\/li>\n<li>Voma la gravid\u0103 \u00eenso\u0163it\u0103 de s\u00eenge.<\/li>\n<\/ul>\n<h3>Gre\u0163urile \u015fi voma la gravide: tratament<\/h3>\n<p>Tratarea maladiei const\u0103 din:<\/p>\n<ul>\n<li>Echilibrarea electrolitului de ap\u0103;<\/li>\n<li>Utilizarea preparatelor contra vomei.<\/li>\n<\/ul>\n<p>Aceast\u0103 stare poate fi suprimat\u0103 de primirea vitaminei B6 (peridoxina) \u00een o doz\u0103 de 10 mg.<\/p>\n<h3>Voma timpurie \u015fi t\u00eerzie la gravide: complica\u0163ii<\/h3>\n<p>Starea boln\u0103vicioas\u0103 \u00een majoritatea cazurilor nu influen\u0163eaz\u0103 negativ asupra dezvolt\u0103rii f\u0103tului deoarece copilul va primi mai t\u00eerziu to\u0163i nutrien\u0163ii necesari, atunci c\u00eend gravida nu va mai voma.<\/p>\n<p>Viitoarea m\u0103mic\u0103 trebuie s\u0103 includ\u0103 \u00een ra\u0163ia sa acele produse care nu provoac\u0103 voma. Trebuie s\u0103 se alimenteze \u00een por\u0163ii mici, s\u0103 dea preferin\u0163e m\u00eenc\u0103rurilor reci \u015fi aceasta pentru ca mirosurile de la m\u00eencarea fierbinte s\u0103 nu constituie cauza acestei st\u0103ri. \u00centotdeauna gravida trebuie s\u0103 aib\u0103 la \u00eendem\u00een\u0103 ceva pentru o gustare: biscui\u0163i, e de dorit ca ace\u015ftia s\u0103 nu fie dulci sau ni\u015fte fructe.<\/p>\n","protected":false},"excerpt":{"rendered":"<p>Voma la femeile \u00eens\u0103rcinate \u00een primul semestru este o stare boln\u0103vicioas\u0103 care este diagnodticat\u0103 la majoritatea femeilor aflate \u00een starea respectiv\u0103. Voma apare la jum\u0103tate din femeile care sunt \u00eens\u0103rcinate (din 100 de % la 50 de %). Aceast\u0103 stare trece de sinest\u0103t\u0103tor, numai a cincea parte din femei are nevoie de un tratament. Cauzele [&hellip;]<\/p>\n","protected":false},"author":28,"featured_media":0,"parent":38235,"menu_order":0,"comment_status":"closed","ping_status":"closed","template":"","meta":{"inline_featured_image":false,"footnotes":""},"class_list":["post-50172","page","type-page","status-publish"],"yoast_head":"<!-- This site is optimized with the Yoast SEO plugin v27.3 - https:\/\/yoast.com\/product\/yoast-seo-wordpress\/ -->\n<title>Voma \u00een timpul sarcinii<\/title>\n<meta name=\"description\" content=\"Voma la femeile \u00eens\u0103rcinate \u00een primul semestru este o stare boln\u0103vicioas\u0103 care este diagnodticat\u0103 la majoritatea femeilor aflate \u00een starea respectiv\u0103.Voma apare la jum\u0103tate din femeile care sunt \u00eens\u0103rcinate(din 100 de % la 50 de %).\" \/>\n<meta name=\"robots\" content=\"index, follow, max-snippet:-1, max-image-preview:large, max-video-preview:-1\" \/>\n<link rel=\"canonical\" href=\"https:\/\/sanatate.md\/ro\/boli-si-tratament\/boli-ale-femeilor\/voma-timpul-sarcinii\/\" \/>\n<meta property=\"og:locale\" content=\"ro_RO\" \/>\n<meta property=\"og:type\" content=\"article\" \/>\n<meta property=\"og:title\" content=\"Voma \u00een timpul sarcinii\" \/>\n<meta property=\"og:description\" content=\"Voma la femeile \u00eens\u0103rcinate \u00een primul semestru este o stare boln\u0103vicioas\u0103 care este diagnodticat\u0103 la majoritatea femeilor aflate \u00een starea respectiv\u0103.Voma apare la jum\u0103tate din femeile care sunt \u00eens\u0103rcinate(din 100 de % la 50 de %).\" \/>\n<meta property=\"og:url\" content=\"https:\/\/sanatate.md\/ro\/boli-si-tratament\/boli-ale-femeilor\/voma-timpul-sarcinii\/\" \/>\n<meta property=\"og:site_name\" content=\"Sanatate.md\" \/>\n<meta name=\"twitter:card\" content=\"summary_large_image\" \/>\n<meta name=\"twitter:label1\" content=\"Timp estimat pentru citire\" \/>\n\t<meta name=\"twitter:data1\" content=\"2 minute\" \/>\n<script type=\"application\/ld+json\" class=\"yoast-schema-graph\">{\"@context\":\"https:\\\/\\\/schema.org\",\"@graph\":[{\"@type\":\"WebPage\",\"@id\":\"https:\\\/\\\/sanatate.md\\\/ro\\\/boli-si-tratament\\\/boli-ale-femeilor\\\/voma-timpul-sarcinii\\\/\",\"url\":\"https:\\\/\\\/sanatate.md\\\/ro\\\/boli-si-tratament\\\/boli-ale-femeilor\\\/voma-timpul-sarcinii\\\/\",\"name\":\"Voma \u00een timpul sarcinii\",\"isPartOf\":{\"@id\":\"https:\\\/\\\/sanatate.md\\\/ro\\\/#website\"},\"datePublished\":\"2018-01-17T14:49:42+00:00\",\"description\":\"Voma la femeile \u00eens\u0103rcinate \u00een primul semestru este o stare boln\u0103vicioas\u0103 care este diagnodticat\u0103 la majoritatea femeilor aflate \u00een starea respectiv\u0103.Voma apare la jum\u0103tate din femeile care sunt \u00eens\u0103rcinate(din 100 de % la 50 de %).\",\"breadcrumb\":{\"@id\":\"https:\\\/\\\/sanatate.md\\\/ro\\\/boli-si-tratament\\\/boli-ale-femeilor\\\/voma-timpul-sarcinii\\\/#breadcrumb\"},\"inLanguage\":\"ro-RO\",\"potentialAction\":[{\"@type\":\"ReadAction\",\"target\":[\"https:\\\/\\\/sanatate.md\\\/ro\\\/boli-si-tratament\\\/boli-ale-femeilor\\\/voma-timpul-sarcinii\\\/\"]}]},{\"@type\":\"BreadcrumbList\",\"@id\":\"https:\\\/\\\/sanatate.md\\\/ro\\\/boli-si-tratament\\\/boli-ale-femeilor\\\/voma-timpul-sarcinii\\\/#breadcrumb\",\"itemListElement\":[{\"@type\":\"ListItem\",\"position\":1,\"name\":\"\u0413\u043b\u0430\u0432\u043d\u0430\u044f \u0441\u0442\u0440\u0430\u043d\u0438\u0446\u0430\",\"item\":\"https:\\\/\\\/sanatate.md\\\/ro\\\/\"},{\"@type\":\"ListItem\",\"position\":2,\"name\":\"Boli si tratament\",\"item\":\"https:\\\/\\\/sanatate.md\\\/ro\\\/boli-si-tratament\\\/\"},{\"@type\":\"ListItem\",\"position\":3,\"name\":\"Boli ale femeilor\",\"item\":\"https:\\\/\\\/sanatate.md\\\/ro\\\/boli-si-tratament\\\/boli-ale-femeilor\\\/\"},{\"@type\":\"ListItem\",\"position\":4,\"name\":\"Voma \u00een timpul sarcinii\"}]},{\"@type\":\"WebSite\",\"@id\":\"https:\\\/\\\/sanatate.md\\\/ro\\\/#website\",\"url\":\"https:\\\/\\\/sanatate.md\\\/ro\\\/\",\"name\":\"Sanatate.md\",\"description\":\"\u0416\u0443\u0440\u043d\u0430\u043b \u0434\u043b\u044f \u0432\u0441\u0435\u0439 \u0441\u0435\u043c\u044c\u0438 \u0432 \u041c\u043e\u043b\u0434\u043e\u0432\u0435\",\"publisher\":{\"@id\":\"https:\\\/\\\/sanatate.md\\\/ro\\\/#organization\"},\"potentialAction\":[{\"@type\":\"SearchAction\",\"target\":{\"@type\":\"EntryPoint\",\"urlTemplate\":\"https:\\\/\\\/sanatate.md\\\/ro\\\/?s={search_term_string}\"},\"query-input\":{\"@type\":\"PropertyValueSpecification\",\"valueRequired\":true,\"valueName\":\"search_term_string\"}}],\"inLanguage\":\"ro-RO\"},{\"@type\":\"Organization\",\"@id\":\"https:\\\/\\\/sanatate.md\\\/ro\\\/#organization\",\"name\":\"SANATATE\",\"url\":\"https:\\\/\\\/sanatate.md\\\/ro\\\/\",\"logo\":{\"@type\":\"ImageObject\",\"inLanguage\":\"ro-RO\",\"@id\":\"https:\\\/\\\/sanatate.md\\\/ro\\\/#\\\/schema\\\/logo\\\/image\\\/\",\"url\":\"https:\\\/\\\/sanatate.md\\\/wp-content\\\/uploads\\\/2022\\\/01\\\/sanatate-logo.svg\",\"contentUrl\":\"https:\\\/\\\/sanatate.md\\\/wp-content\\\/uploads\\\/2022\\\/01\\\/sanatate-logo.svg\",\"width\":\"1024\",\"height\":\"1024\",\"caption\":\"SANATATE\"},\"image\":{\"@id\":\"https:\\\/\\\/sanatate.md\\\/ro\\\/#\\\/schema\\\/logo\\\/image\\\/\"}}]}<\/script>\n<!-- \/ Yoast SEO plugin. -->","yoast_head_json":{"title":"Voma \u00een timpul sarcinii","description":"Voma la femeile \u00eens\u0103rcinate \u00een primul semestru este o stare boln\u0103vicioas\u0103 care este diagnodticat\u0103 la majoritatea femeilor aflate \u00een starea respectiv\u0103.Voma apare la jum\u0103tate din femeile care sunt \u00eens\u0103rcinate(din 100 de % la 50 de %).","robots":{"index":"index","follow":"follow","max-snippet":"max-snippet:-1","max-image-preview":"max-image-preview:large","max-video-preview":"max-video-preview:-1"},"canonical":"https:\/\/sanatate.md\/ro\/boli-si-tratament\/boli-ale-femeilor\/voma-timpul-sarcinii\/","og_locale":"ro_RO","og_type":"article","og_title":"Voma \u00een timpul sarcinii","og_description":"Voma la femeile \u00eens\u0103rcinate \u00een primul semestru este o stare boln\u0103vicioas\u0103 care este diagnodticat\u0103 la majoritatea femeilor aflate \u00een starea respectiv\u0103.Voma apare la jum\u0103tate din femeile care sunt \u00eens\u0103rcinate(din 100 de % la 50 de %).","og_url":"https:\/\/sanatate.md\/ro\/boli-si-tratament\/boli-ale-femeilor\/voma-timpul-sarcinii\/","og_site_name":"Sanatate.md","twitter_card":"summary_large_image","twitter_misc":{"Timp estimat pentru citire":"2 minute"},"schema":{"@context":"https:\/\/schema.org","@graph":[{"@type":"WebPage","@id":"https:\/\/sanatate.md\/ro\/boli-si-tratament\/boli-ale-femeilor\/voma-timpul-sarcinii\/","url":"https:\/\/sanatate.md\/ro\/boli-si-tratament\/boli-ale-femeilor\/voma-timpul-sarcinii\/","name":"Voma \u00een timpul sarcinii","isPartOf":{"@id":"https:\/\/sanatate.md\/ro\/#website"},"datePublished":"2018-01-17T14:49:42+00:00","description":"Voma la femeile \u00eens\u0103rcinate \u00een primul semestru este o stare boln\u0103vicioas\u0103 care este diagnodticat\u0103 la majoritatea femeilor aflate \u00een starea respectiv\u0103.Voma apare la jum\u0103tate din femeile care sunt \u00eens\u0103rcinate(din 100 de % la 50 de %).","breadcrumb":{"@id":"https:\/\/sanatate.md\/ro\/boli-si-tratament\/boli-ale-femeilor\/voma-timpul-sarcinii\/#breadcrumb"},"inLanguage":"ro-RO","potentialAction":[{"@type":"ReadAction","target":["https:\/\/sanatate.md\/ro\/boli-si-tratament\/boli-ale-femeilor\/voma-timpul-sarcinii\/"]}]},{"@type":"BreadcrumbList","@id":"https:\/\/sanatate.md\/ro\/boli-si-tratament\/boli-ale-femeilor\/voma-timpul-sarcinii\/#breadcrumb","itemListElement":[{"@type":"ListItem","position":1,"name":"\u0413\u043b\u0430\u0432\u043d\u0430\u044f \u0441\u0442\u0440\u0430\u043d\u0438\u0446\u0430","item":"https:\/\/sanatate.md\/ro\/"},{"@type":"ListItem","position":2,"name":"Boli si tratament","item":"https:\/\/sanatate.md\/ro\/boli-si-tratament\/"},{"@type":"ListItem","position":3,"name":"Boli ale femeilor","item":"https:\/\/sanatate.md\/ro\/boli-si-tratament\/boli-ale-femeilor\/"},{"@type":"ListItem","position":4,"name":"Voma \u00een timpul sarcinii"}]},{"@type":"WebSite","@id":"https:\/\/sanatate.md\/ro\/#website","url":"https:\/\/sanatate.md\/ro\/","name":"Sanatate.md","description":"\u0416\u0443\u0440\u043d\u0430\u043b \u0434\u043b\u044f \u0432\u0441\u0435\u0439 \u0441\u0435\u043c\u044c\u0438 \u0432 \u041c\u043e\u043b\u0434\u043e\u0432\u0435","publisher":{"@id":"https:\/\/sanatate.md\/ro\/#organization"},"potentialAction":[{"@type":"SearchAction","target":{"@type":"EntryPoint","urlTemplate":"https:\/\/sanatate.md\/ro\/?s={search_term_string}"},"query-input":{"@type":"PropertyValueSpecification","valueRequired":true,"valueName":"search_term_string"}}],"inLanguage":"ro-RO"},{"@type":"Organization","@id":"https:\/\/sanatate.md\/ro\/#organization","name":"SANATATE","url":"https:\/\/sanatate.md\/ro\/","logo":{"@type":"ImageObject","inLanguage":"ro-RO","@id":"https:\/\/sanatate.md\/ro\/#\/schema\/logo\/image\/","url":"https:\/\/sanatate.md\/wp-content\/uploads\/2022\/01\/sanatate-logo.svg","contentUrl":"https:\/\/sanatate.md\/wp-content\/uploads\/2022\/01\/sanatate-logo.svg","width":"1024","height":"1024","caption":"SANATATE"},"image":{"@id":"https:\/\/sanatate.md\/ro\/#\/schema\/logo\/image\/"}}]}},"_links":{"self":[{"href":"https:\/\/sanatate.md\/ro\/wp-json\/wp\/v2\/pages\/50172","targetHints":{"allow":["GET"]}}],"collection":[{"href":"https:\/\/sanatate.md\/ro\/wp-json\/wp\/v2\/pages"}],"about":[{"href":"https:\/\/sanatate.md\/ro\/wp-json\/wp\/v2\/types\/page"}],"author":[{"embeddable":true,"href":"https:\/\/sanatate.md\/ro\/wp-json\/wp\/v2\/users\/28"}],"replies":[{"embeddable":true,"href":"https:\/\/sanatate.md\/ro\/wp-json\/wp\/v2\/comments?post=50172"}],"version-history":[{"count":0,"href":"https:\/\/sanatate.md\/ro\/wp-json\/wp\/v2\/pages\/50172\/revisions"}],"up":[{"embeddable":true,"href":"https:\/\/sanatate.md\/ro\/wp-json\/wp\/v2\/pages\/38235"}],"wp:attachment":[{"href":"https:\/\/sanatate.md\/ro\/wp-json\/wp\/v2\/media?parent=50172"}],"curies":[{"name":"wp","href":"https:\/\/api.w.org\/{rel}","templated":true}]}}