{"id":50584,"date":"2018-01-19T12:28:53","date_gmt":"2018-01-19T09:28:53","guid":{"rendered":"https:\/\/sanatate.md\/?page_id=50584"},"modified":"2018-01-19T12:28:53","modified_gmt":"2018-01-19T09:28:53","slug":"anomalii-ale-sistemului-reproductiv","status":"publish","type":"page","link":"https:\/\/sanatate.md\/ro\/boli-si-tratament\/boli-ale-femeilor\/anomalii-ale-sistemului-reproductiv\/","title":{"rendered":"Anomalii ale sistemului reproductiv"},"content":{"rendered":"<p>Anomaliile sistemului reproductiv sunt tulbur\u0103rile care apar \u00een func\u0163ionarea uterului femenin ale unei l\u0103uze. Aceste tulbur\u0103ri deseori provoac\u0103 apari\u0163ia unor complica\u0163ii care pot pune sub pericol via\u0163a \u015fi s\u0103n\u0103tatea at\u00eet a copilului c\u00eet \u015fi a mamei.<\/p>\n<h3>Indici<\/h3>\n<p>Medicii apreciaz\u0103 starea sistemului reproductiv dup\u0103 urm\u0103toarele criterii:<\/p>\n<ul>\n<li>Periodicitatea \u015fi intensitatea contrac\u0163iilor \u015fi nivelul de durere;<\/li>\n<li>Rapiditatea de deschidere a uterului (pentru femeile care nasc pentru prima dat\u0103 norma de deschidere este de un centimetru, iar pentru acelea care nasc a doua oar\u0103 e de doi centimetri);<\/li>\n<li>deplasarea copilului prin c\u0103ile de na\u015ftere \u00een deosebi a deplas\u0103rii c\u0103pu\u015forului.<\/li>\n<\/ul>\n<h3>Tipuri<\/h3>\n<p>Cele mai r\u0103sp\u00eendite anomalii ale sistemului reproductiv sunt:<\/p>\n<ul>\n<li>perioada patologic\u0103 de tip preliminar;<\/li>\n<li>sistemul reproductiv slab;<\/li>\n<li>dezvoltarea rapid\u0103 a sistemului reproductiv;<\/li>\n<li>sistem reproductiv de tip discoordonat.<\/li>\n<\/ul>\n<p>Asemenea anomalii apar mai des la femeile care:<\/p>\n<ul>\n<li>nasc pentru prima dat\u0103 \u00een adolescen\u0163\u0103 sau fiind deja v\u00eerstnice;<\/li>\n<li>poart\u0103 un f\u0103t mare sau doi \u015fi mai mul\u0163i copii;<\/li>\n<li>au complica\u0163ii genicologo-obstretice diagnosticate.<\/li>\n<\/ul>\n<p>Perioada patologic\u0103 de tip preliminar este \u00eenso\u0163it\u0103 de senza\u0163ii dureroase \u015fi contac\u0163ii ale uterului de scurt\u0103 durat\u0103 care se men\u0163in pe parcursul a \u015fase-opt ore. \u00cen a\u015fa cazuri structura uterului nu se schimb\u0103 de\u015fi ar trebui pentru un proces normal de na\u015ftere.<\/p>\n<p>De regul\u0103 dac\u0103 este indicat un tratament corect atunci acesta va permite s\u0103 gr\u0103bim \u201ematurizarea\u201d colului uterin. La fel trebuie de indicat pastile pentru dormit, acestea se prescriu cu scopul ca l\u0103uza s\u0103-\u015fi restabileasc\u0103 puterile. Dac\u0103 toate tipurile tratamentului conservativ n-au nici un efect atunci se va recurge la cezarian\u0103.<br \/>\nSistemul reproductiv slab se caracterizeaz\u0103 prin contrac\u0163iile colului uterin de scurt\u0103 durat\u0103.<\/p>\n<h3>Simptome:<\/h3>\n<ul>\n<li>m\u0103rirea perioadei temporale a contrac\u0163iilor;<\/li>\n<li>perturbarea ritmicit\u0103\u0163ii contac\u0163iilor;<\/li>\n<li>temperamentarea deplas\u0103rii f\u0103tului prin c\u0103ile de na\u015ftere;<\/li>\n<li>deschiderea lent\u0103 a uterului.<\/li>\n<\/ul>\n<p>Exist\u0103 sistem reproductiv slab de tip primar \u015fi secundar. Tipul primar se caracterizeaz\u0103 prin contrac\u0163ii slabe la \u00eenceputul procesului de na\u015ftere. Pentru tipul secundar sunt caracteristice contrac\u0163iile normale care peste un timp oarecare sl\u0103besc. A\u015fa anomalie duce la hipoxie fetal\u0103, apar s\u00eenger\u0103ri la fel \u015fi procesele inflamatorii. Femeii i se injecteaz\u0103 preparate medicamentoase care consolideaz\u0103 contrac\u0163ia uterin\u0103.<\/p>\n<p>Sistemul reproductiv care se dezvolt\u0103 foarte rapid se caracterizeaz\u0103 prin contrac\u0163ii dese care se repet\u0103 peste un timp foarte scurt de aceea na\u015fterea \u00een acest caz se poate finisa undeva peste cinci ore. Asemenea sistem reproductiv adeseori duce la hipoxie fetal\u0103, pot \u00eencepe s\u00eenger\u0103rile \u015fi \u00een cazuri mai rare \u2013ruperea colului uterin sau a perineului.<\/p>\n<p>Sistemul reproductiv de tip discoordonat se caracterizeaz\u0103 prin contrac\u0163iile dezordonate ale diferitor cavit\u0103\u0163i ale uterului, se observ\u0103 contrac\u0163ii dese \u015fi \u00eendelungate \u00eenso\u0163ite de senza\u0163ii dureroase foarte mari. \u00cen timpul unei asemenea na\u015fteri f\u0103tul practic nici nu se deplaseaz\u0103 prin c\u0103ile de na\u015ftere. Ca starea femeii s\u0103 se stabilizeze \u015fi s\u0103 se aduc\u0103 aceast\u0103 na\u015ftere la normal se indic\u0103 preparate calmante, anestezice care permit s\u0103 se scoat\u0103 spasmul muscular.<\/p>\n","protected":false},"excerpt":{"rendered":"<p>Anomaliile sistemului reproductiv sunt tulbur\u0103rile care apar \u00een func\u0163ionarea uterului femenin ale unei l\u0103uze. Aceste tulbur\u0103ri deseori provoac\u0103 apari\u0163ia unor complica\u0163ii care pot pune sub pericol via\u0163a \u015fi s\u0103n\u0103tatea at\u00eet a copilului c\u00eet \u015fi a mamei. Indici Medicii apreciaz\u0103 starea sistemului reproductiv dup\u0103 urm\u0103toarele criterii: Periodicitatea \u015fi intensitatea contrac\u0163iilor \u015fi nivelul de durere; Rapiditatea de [&hellip;]<\/p>\n","protected":false},"author":28,"featured_media":0,"parent":38235,"menu_order":0,"comment_status":"closed","ping_status":"closed","template":"","meta":{"inline_featured_image":false,"footnotes":""},"class_list":["post-50584","page","type-page","status-publish"],"yoast_head":"<!-- This site is optimized with the Yoast SEO plugin v27.3 - https:\/\/yoast.com\/product\/yoast-seo-wordpress\/ -->\n<title>Anomalii ale sistemului reproductiv<\/title>\n<meta name=\"description\" content=\"Anomaliile sistemului reproductiv sunt tulbur\u0103rile care apar \u00een func\u0163ionarea uterului femenin ale unei l\u0103uze. Aceste tulbur\u0103ri deseori provoac\u0103 apari\u0163ia unor complica\u0163ii care pot pune sub pericol via\u0163a \u015fi s\u0103n\u0103tatea at\u00eet a copilului c\u00eet \u015fi a mamei.\" \/>\n<meta name=\"robots\" content=\"index, follow, max-snippet:-1, max-image-preview:large, max-video-preview:-1\" \/>\n<link rel=\"canonical\" href=\"https:\/\/sanatate.md\/ro\/boli-si-tratament\/boli-ale-femeilor\/anomalii-ale-sistemului-reproductiv\/\" \/>\n<meta property=\"og:locale\" content=\"ro_RO\" \/>\n<meta property=\"og:type\" content=\"article\" \/>\n<meta property=\"og:title\" content=\"Anomalii ale sistemului reproductiv\" \/>\n<meta property=\"og:description\" content=\"Anomaliile sistemului reproductiv sunt tulbur\u0103rile care apar \u00een func\u0163ionarea uterului femenin ale unei l\u0103uze. Aceste tulbur\u0103ri deseori provoac\u0103 apari\u0163ia unor complica\u0163ii care pot pune sub pericol via\u0163a \u015fi s\u0103n\u0103tatea at\u00eet a copilului c\u00eet \u015fi a mamei.\" \/>\n<meta property=\"og:url\" content=\"https:\/\/sanatate.md\/ro\/boli-si-tratament\/boli-ale-femeilor\/anomalii-ale-sistemului-reproductiv\/\" \/>\n<meta property=\"og:site_name\" content=\"Sanatate.md\" \/>\n<meta name=\"twitter:card\" content=\"summary_large_image\" \/>\n<meta name=\"twitter:label1\" content=\"Timp estimat pentru citire\" \/>\n\t<meta name=\"twitter:data1\" content=\"3 minute\" \/>\n<script type=\"application\/ld+json\" class=\"yoast-schema-graph\">{\"@context\":\"https:\\\/\\\/schema.org\",\"@graph\":[{\"@type\":\"WebPage\",\"@id\":\"https:\\\/\\\/sanatate.md\\\/ro\\\/boli-si-tratament\\\/boli-ale-femeilor\\\/anomalii-ale-sistemului-reproductiv\\\/\",\"url\":\"https:\\\/\\\/sanatate.md\\\/ro\\\/boli-si-tratament\\\/boli-ale-femeilor\\\/anomalii-ale-sistemului-reproductiv\\\/\",\"name\":\"Anomalii ale sistemului reproductiv\",\"isPartOf\":{\"@id\":\"https:\\\/\\\/sanatate.md\\\/ro\\\/#website\"},\"datePublished\":\"2018-01-19T09:28:53+00:00\",\"description\":\"Anomaliile sistemului reproductiv sunt tulbur\u0103rile care apar \u00een func\u0163ionarea uterului femenin ale unei l\u0103uze. Aceste tulbur\u0103ri deseori provoac\u0103 apari\u0163ia unor complica\u0163ii care pot pune sub pericol via\u0163a \u015fi s\u0103n\u0103tatea at\u00eet a copilului c\u00eet \u015fi a mamei.\",\"breadcrumb\":{\"@id\":\"https:\\\/\\\/sanatate.md\\\/ro\\\/boli-si-tratament\\\/boli-ale-femeilor\\\/anomalii-ale-sistemului-reproductiv\\\/#breadcrumb\"},\"inLanguage\":\"ro-RO\",\"potentialAction\":[{\"@type\":\"ReadAction\",\"target\":[\"https:\\\/\\\/sanatate.md\\\/ro\\\/boli-si-tratament\\\/boli-ale-femeilor\\\/anomalii-ale-sistemului-reproductiv\\\/\"]}]},{\"@type\":\"BreadcrumbList\",\"@id\":\"https:\\\/\\\/sanatate.md\\\/ro\\\/boli-si-tratament\\\/boli-ale-femeilor\\\/anomalii-ale-sistemului-reproductiv\\\/#breadcrumb\",\"itemListElement\":[{\"@type\":\"ListItem\",\"position\":1,\"name\":\"\u0413\u043b\u0430\u0432\u043d\u0430\u044f \u0441\u0442\u0440\u0430\u043d\u0438\u0446\u0430\",\"item\":\"https:\\\/\\\/sanatate.md\\\/ro\\\/\"},{\"@type\":\"ListItem\",\"position\":2,\"name\":\"Boli si tratament\",\"item\":\"https:\\\/\\\/sanatate.md\\\/ro\\\/boli-si-tratament\\\/\"},{\"@type\":\"ListItem\",\"position\":3,\"name\":\"Boli ale femeilor\",\"item\":\"https:\\\/\\\/sanatate.md\\\/ro\\\/boli-si-tratament\\\/boli-ale-femeilor\\\/\"},{\"@type\":\"ListItem\",\"position\":4,\"name\":\"Anomalii ale sistemului reproductiv\"}]},{\"@type\":\"WebSite\",\"@id\":\"https:\\\/\\\/sanatate.md\\\/ro\\\/#website\",\"url\":\"https:\\\/\\\/sanatate.md\\\/ro\\\/\",\"name\":\"Sanatate.md\",\"description\":\"\u0416\u0443\u0440\u043d\u0430\u043b \u0434\u043b\u044f \u0432\u0441\u0435\u0439 \u0441\u0435\u043c\u044c\u0438 \u0432 \u041c\u043e\u043b\u0434\u043e\u0432\u0435\",\"publisher\":{\"@id\":\"https:\\\/\\\/sanatate.md\\\/ro\\\/#organization\"},\"potentialAction\":[{\"@type\":\"SearchAction\",\"target\":{\"@type\":\"EntryPoint\",\"urlTemplate\":\"https:\\\/\\\/sanatate.md\\\/ro\\\/?s={search_term_string}\"},\"query-input\":{\"@type\":\"PropertyValueSpecification\",\"valueRequired\":true,\"valueName\":\"search_term_string\"}}],\"inLanguage\":\"ro-RO\"},{\"@type\":\"Organization\",\"@id\":\"https:\\\/\\\/sanatate.md\\\/ro\\\/#organization\",\"name\":\"SANATATE\",\"url\":\"https:\\\/\\\/sanatate.md\\\/ro\\\/\",\"logo\":{\"@type\":\"ImageObject\",\"inLanguage\":\"ro-RO\",\"@id\":\"https:\\\/\\\/sanatate.md\\\/ro\\\/#\\\/schema\\\/logo\\\/image\\\/\",\"url\":\"https:\\\/\\\/sanatate.md\\\/wp-content\\\/uploads\\\/2022\\\/01\\\/sanatate-logo.svg\",\"contentUrl\":\"https:\\\/\\\/sanatate.md\\\/wp-content\\\/uploads\\\/2022\\\/01\\\/sanatate-logo.svg\",\"width\":\"1024\",\"height\":\"1024\",\"caption\":\"SANATATE\"},\"image\":{\"@id\":\"https:\\\/\\\/sanatate.md\\\/ro\\\/#\\\/schema\\\/logo\\\/image\\\/\"}}]}<\/script>\n<!-- \/ Yoast SEO plugin. -->","yoast_head_json":{"title":"Anomalii ale sistemului reproductiv","description":"Anomaliile sistemului reproductiv sunt tulbur\u0103rile care apar \u00een func\u0163ionarea uterului femenin ale unei l\u0103uze. Aceste tulbur\u0103ri deseori provoac\u0103 apari\u0163ia unor complica\u0163ii care pot pune sub pericol via\u0163a \u015fi s\u0103n\u0103tatea at\u00eet a copilului c\u00eet \u015fi a mamei.","robots":{"index":"index","follow":"follow","max-snippet":"max-snippet:-1","max-image-preview":"max-image-preview:large","max-video-preview":"max-video-preview:-1"},"canonical":"https:\/\/sanatate.md\/ro\/boli-si-tratament\/boli-ale-femeilor\/anomalii-ale-sistemului-reproductiv\/","og_locale":"ro_RO","og_type":"article","og_title":"Anomalii ale sistemului reproductiv","og_description":"Anomaliile sistemului reproductiv sunt tulbur\u0103rile care apar \u00een func\u0163ionarea uterului femenin ale unei l\u0103uze. Aceste tulbur\u0103ri deseori provoac\u0103 apari\u0163ia unor complica\u0163ii care pot pune sub pericol via\u0163a \u015fi s\u0103n\u0103tatea at\u00eet a copilului c\u00eet \u015fi a mamei.","og_url":"https:\/\/sanatate.md\/ro\/boli-si-tratament\/boli-ale-femeilor\/anomalii-ale-sistemului-reproductiv\/","og_site_name":"Sanatate.md","twitter_card":"summary_large_image","twitter_misc":{"Timp estimat pentru citire":"3 minute"},"schema":{"@context":"https:\/\/schema.org","@graph":[{"@type":"WebPage","@id":"https:\/\/sanatate.md\/ro\/boli-si-tratament\/boli-ale-femeilor\/anomalii-ale-sistemului-reproductiv\/","url":"https:\/\/sanatate.md\/ro\/boli-si-tratament\/boli-ale-femeilor\/anomalii-ale-sistemului-reproductiv\/","name":"Anomalii ale sistemului reproductiv","isPartOf":{"@id":"https:\/\/sanatate.md\/ro\/#website"},"datePublished":"2018-01-19T09:28:53+00:00","description":"Anomaliile sistemului reproductiv sunt tulbur\u0103rile care apar \u00een func\u0163ionarea uterului femenin ale unei l\u0103uze. Aceste tulbur\u0103ri deseori provoac\u0103 apari\u0163ia unor complica\u0163ii care pot pune sub pericol via\u0163a \u015fi s\u0103n\u0103tatea at\u00eet a copilului c\u00eet \u015fi a mamei.","breadcrumb":{"@id":"https:\/\/sanatate.md\/ro\/boli-si-tratament\/boli-ale-femeilor\/anomalii-ale-sistemului-reproductiv\/#breadcrumb"},"inLanguage":"ro-RO","potentialAction":[{"@type":"ReadAction","target":["https:\/\/sanatate.md\/ro\/boli-si-tratament\/boli-ale-femeilor\/anomalii-ale-sistemului-reproductiv\/"]}]},{"@type":"BreadcrumbList","@id":"https:\/\/sanatate.md\/ro\/boli-si-tratament\/boli-ale-femeilor\/anomalii-ale-sistemului-reproductiv\/#breadcrumb","itemListElement":[{"@type":"ListItem","position":1,"name":"\u0413\u043b\u0430\u0432\u043d\u0430\u044f \u0441\u0442\u0440\u0430\u043d\u0438\u0446\u0430","item":"https:\/\/sanatate.md\/ro\/"},{"@type":"ListItem","position":2,"name":"Boli si tratament","item":"https:\/\/sanatate.md\/ro\/boli-si-tratament\/"},{"@type":"ListItem","position":3,"name":"Boli ale femeilor","item":"https:\/\/sanatate.md\/ro\/boli-si-tratament\/boli-ale-femeilor\/"},{"@type":"ListItem","position":4,"name":"Anomalii ale sistemului reproductiv"}]},{"@type":"WebSite","@id":"https:\/\/sanatate.md\/ro\/#website","url":"https:\/\/sanatate.md\/ro\/","name":"Sanatate.md","description":"\u0416\u0443\u0440\u043d\u0430\u043b \u0434\u043b\u044f \u0432\u0441\u0435\u0439 \u0441\u0435\u043c\u044c\u0438 \u0432 \u041c\u043e\u043b\u0434\u043e\u0432\u0435","publisher":{"@id":"https:\/\/sanatate.md\/ro\/#organization"},"potentialAction":[{"@type":"SearchAction","target":{"@type":"EntryPoint","urlTemplate":"https:\/\/sanatate.md\/ro\/?s={search_term_string}"},"query-input":{"@type":"PropertyValueSpecification","valueRequired":true,"valueName":"search_term_string"}}],"inLanguage":"ro-RO"},{"@type":"Organization","@id":"https:\/\/sanatate.md\/ro\/#organization","name":"SANATATE","url":"https:\/\/sanatate.md\/ro\/","logo":{"@type":"ImageObject","inLanguage":"ro-RO","@id":"https:\/\/sanatate.md\/ro\/#\/schema\/logo\/image\/","url":"https:\/\/sanatate.md\/wp-content\/uploads\/2022\/01\/sanatate-logo.svg","contentUrl":"https:\/\/sanatate.md\/wp-content\/uploads\/2022\/01\/sanatate-logo.svg","width":"1024","height":"1024","caption":"SANATATE"},"image":{"@id":"https:\/\/sanatate.md\/ro\/#\/schema\/logo\/image\/"}}]}},"_links":{"self":[{"href":"https:\/\/sanatate.md\/ro\/wp-json\/wp\/v2\/pages\/50584","targetHints":{"allow":["GET"]}}],"collection":[{"href":"https:\/\/sanatate.md\/ro\/wp-json\/wp\/v2\/pages"}],"about":[{"href":"https:\/\/sanatate.md\/ro\/wp-json\/wp\/v2\/types\/page"}],"author":[{"embeddable":true,"href":"https:\/\/sanatate.md\/ro\/wp-json\/wp\/v2\/users\/28"}],"replies":[{"embeddable":true,"href":"https:\/\/sanatate.md\/ro\/wp-json\/wp\/v2\/comments?post=50584"}],"version-history":[{"count":0,"href":"https:\/\/sanatate.md\/ro\/wp-json\/wp\/v2\/pages\/50584\/revisions"}],"up":[{"embeddable":true,"href":"https:\/\/sanatate.md\/ro\/wp-json\/wp\/v2\/pages\/38235"}],"wp:attachment":[{"href":"https:\/\/sanatate.md\/ro\/wp-json\/wp\/v2\/media?parent=50584"}],"curies":[{"name":"wp","href":"https:\/\/api.w.org\/{rel}","templated":true}]}}