{"id":50610,"date":"2018-01-19T12:52:43","date_gmt":"2018-01-19T09:52:43","guid":{"rendered":"https:\/\/sanatate.md\/?page_id=50610"},"modified":"2018-01-19T12:52:43","modified_gmt":"2018-01-19T09:52:43","slug":"boli-ale-ficatuli-pe-fon-de-alcool","status":"publish","type":"page","link":"https:\/\/sanatate.md\/ro\/boli-si-tratament\/boli-narcologice\/boli-ale-ficatuli-pe-fon-de-alcool\/","title":{"rendered":"Boli ale ficatuli pe fon de alcool"},"content":{"rendered":"<p>Bolile ale ficatului pe fon de alcool (BFA) sunt considerate unele din cele mai actuale boli \u00een hematologie. Din aceste boli am putea enumera urm\u0103toarele:<\/p>\n<ul>\n<li>Ciroza;<\/li>\n<li>Ficatul gras (steatoza hepatic\u0103);<\/li>\n<li>Hepatita pe fon de alcool.<\/li>\n<\/ul>\n<p>Omul consum\u0103 multe produse printre care \u015fi b\u0103uturile alcoolice \u015fi anume ele afecteaz\u0103 adeseori ficatul. \u00cen cazul \u00een care o persoan\u0103 consum\u0103 zilnic pe zi 40-60 de grame de alcool pe parcursul a zece-douisprezece ani atunci indiscutabil c\u0103 va fi tulburat\u0103 func\u0163ionarea normal\u0103 a ficatului. \u00cen cazul \u00een care se vor consuma aproximativ optzeci de grame de etanol pe zi atunci boala se poate dezvolta pe parcursul a cinci ani.<\/p>\n<p>\u00cen cazul \u00een care se consum\u0103 b\u0103uturi alcoolice un timp \u00eendelungat atunci \u00een organismul uman se formeaz\u0103 radicalii liberi care la r\u00eendul s\u0103u men\u0163in procesul de inflamare care deja a \u00eenceput. Ace\u015fti radicali influen\u015feaz\u0103 negativ asupra st\u0103rii organelor interne. Aceasta se datoreaz\u0103 faptului c\u0103 are loc oxidarea elementelor lipidice. Alcoolul activeaz\u0103 p\u0103trunderea radicalilor \u00een intestin prin fluxul de s\u00eenge.<\/p>\n<h3>Factorii de risc<\/h3>\n<p>La factorii de risc a maladiei date putem atribui urm\u0103toarele cauze:<\/p>\n<ul>\n<li>Consumul de zi cu zi a b\u0103uturilor alcoolice \u00een cantitate de: patruzeci-\u015faizeci de grame de c\u0103tre b\u0103rba\u0163ii \u015fi dou\u0103zeci-treizeci de grame de c\u0103tre femei;<\/li>\n<li>Predispunerea genetic\u0103 (\u00een cazul dat dependen\u0163a dat\u0103 trebuie diagnostificat\u0103 la stadiul incipient);<\/li>\n<li>Particularit\u0103\u0163ile etnice ale omului, apartenen\u0163a sexual\u0103 (femeile sunt mai predispuse fa\u0163\u0103 de maladia \u00een cauz\u0103: BFA);<\/li>\n<li>Existen\u0163a hepatitei C \u015fi B;<\/li>\n<li>Tulbur\u0103ri \u00een func\u0163ionarea sistemului imunitar;<\/li>\n<li>Obezitatea.<\/li>\n<\/ul>\n<p>Dac\u0103 p\u0103rin\u0163ilor li s-a pus diagnoza: dependen\u0163\u0103 de alcool atunci copiii lor foarte des sufer\u0103 de boli de ficat pe fon de alcool chiar dac\u0103 ei tr\u0103iesc \u00een un mediu s\u0103n\u0103tos \u015fi condi\u0163ii de via\u0163\u0103 normale.<\/p>\n<p>Gradul de predispozi\u0163ie fa\u0163\u0103 de bolile de ficat pe fon de alcool depinde de particularit\u0103\u0163ile ereditare ale fiec\u0103rei persoane \u00een parte. La femei aceast\u0103 maladie se dezvolt\u0103 mult mai repede \u015fi e mult mai grav\u0103 dec\u00eet la b\u0103rba\u0163i.<\/p>\n<p>Un risc mare al apari\u0163iei acestei boli \u00eel mai prezint\u0103 \u015fi particularit\u0103\u0163ile hormonale ale omului. Aceast\u0103 boal\u0103 nu depinde de tipul de b\u0103utur\u0103 care este consumat\u0103, ci de consumul ei \u00een fiecare zi pe parcursul unei perioade \u00eendelungate. Drept rezultat ficatul \u00ee\u015fi pierde func\u0163ia de regenerare.<\/p>\n<h3>Simptome<\/h3>\n<p>Prima stadie este caracterizat\u0103 prin apari\u0163ia steatozei hepatice, care este diagnosticat\u0103 la 95 de % din toate cazurile. Nu exist\u0103 anumite simptome doar c\u0103 \u00een unele cazuri poate sc\u0103dea pofta de m\u00eencare, pot ap\u0103rea senza\u0163ii de grea\u0163\u0103 \u015fi senza\u0163ii de durere \u00een hipocondrul drept.<\/p>\n<p>Cincisprezece procente din pacien\u0163i sufer\u0103 de hepatit\u0103 viral\u0103 care cu timpul trece \u00een hepatit\u0103 de form\u0103 acut\u0103 care nu are anume semne caracteristice. Hepatita cronic\u0103 pe fon de alcool decurge sub forma alternativ\u0103 de la acutizare la remisie. La bolnav se observ\u0103 urm\u0103toarele semne ca: gre\u0163urile, durerile, diarea.<\/p>\n<p>La stadiul de progresie aceast\u0103 maladie poate avea semne care se aseam\u0103n\u0103 cu simptomele cirozei. Acestea sunt:<\/p>\n<ul>\n<li>eritemul de tip palmar;<\/li>\n<li>telangiectazia;<\/li>\n<li>\u00eengro\u015farea falangelor (boala bastoanelor de tob\u0103).<\/li>\n<\/ul>\n<p>Mai sunt \u015fi cazuri c\u00eend la b\u0103rba\u0163i se m\u0103resc glandele mamare \u015fi se mic\u015foreaz\u0103 testiculele. Cu timpul boala poate duce la ciroza ficatului \u015fi aceat\u0103 maladie, respectiv, duce la m\u0103rirea urechilor.<\/p>\n<h3>Tratament<\/h3>\n<p>BFA necesit\u0103 un tratament \u00eendelungat \u015fi minu\u0163ios. Tratamentul este indicat de medic. Medicul ia \u00een considera\u0163ie gravitatea bolii, faptul cum ea decurge \u015fi la fel se mai iau \u00een considera\u0163ie \u015fi posibilele deregl\u0103ri ce pot surveni.<\/p>\n<p>\u00cen majoritatea cazurilor tratamentul include trei aspecte obligatorii:<\/p>\n<ul>\n<li>respectarea unei diete stricte (dieta bogat\u0103 \u00een calorii \u00eei va da posibilitate bolnavului s\u0103-\u015fi restabileasc\u0103 puterle \u015fi s\u0103-\u015fi regenereze organele interioare afectate);<\/li>\n<li>primirea de medicamente (tratamentul medicamentos va permite bolnavului s\u0103 scape de holestaz\u0103 \u015fi s\u0103 restabileasc\u0103 membranele la nivel celular \u015fi s\u0103 regenereze ficatul);<\/li>\n<li>excluderea total\u0103 a b\u0103uturilor alcoolice (refuzul de la alcool chiar \u015fi \u00een procesul dezvolt\u0103rii hepatitei pe fon de alcool va permite s\u0103 stop\u0103m procesele de schimbare \u00een ficat).<\/li>\n<\/ul>\n","protected":false},"excerpt":{"rendered":"<p>Bolile ale ficatului pe fon de alcool (BFA) sunt considerate unele din cele mai actuale boli \u00een hematologie. Din aceste boli am putea enumera urm\u0103toarele: Ciroza; Ficatul gras (steatoza hepatic\u0103); Hepatita pe fon de alcool. Omul consum\u0103 multe produse printre care \u015fi b\u0103uturile alcoolice \u015fi anume ele afecteaz\u0103 adeseori ficatul. \u00cen cazul \u00een care o [&hellip;]<\/p>\n","protected":false},"author":28,"featured_media":0,"parent":44105,"menu_order":0,"comment_status":"closed","ping_status":"closed","template":"","meta":{"inline_featured_image":false,"footnotes":""},"class_list":["post-50610","page","type-page","status-publish"],"yoast_head":"<!-- This site is optimized with the Yoast SEO plugin v27.3 - https:\/\/yoast.com\/product\/yoast-seo-wordpress\/ -->\n<title>Boli ale ficatuli pe fon de alcool<\/title>\n<meta name=\"description\" content=\"Omul consum\u0103 multe produse printre care \u015fi b\u0103uturile alcoolice \u015fi anume ele afecteaz\u0103 adeseori ficatul. \u00cen cazul \u00een care o persoan\u0103 consum\u0103 zilnic pe zi 40-60 de grame de alcool pe parcursul a zece-douisprezece ani atunci indiscutabil c\u0103 va fi tulburat\u0103 func\u0163ionarea normal\u0103 a ficatului.\" \/>\n<meta name=\"robots\" content=\"index, follow, max-snippet:-1, max-image-preview:large, max-video-preview:-1\" \/>\n<link rel=\"canonical\" href=\"https:\/\/sanatate.md\/ro\/boli-si-tratament\/boli-narcologice\/boli-ale-ficatuli-pe-fon-de-alcool\/\" \/>\n<meta property=\"og:locale\" content=\"ro_RO\" \/>\n<meta property=\"og:type\" content=\"article\" \/>\n<meta property=\"og:title\" content=\"Boli ale ficatuli pe fon de alcool\" \/>\n<meta property=\"og:description\" content=\"Omul consum\u0103 multe produse printre care \u015fi b\u0103uturile alcoolice \u015fi anume ele afecteaz\u0103 adeseori ficatul. \u00cen cazul \u00een care o persoan\u0103 consum\u0103 zilnic pe zi 40-60 de grame de alcool pe parcursul a zece-douisprezece ani atunci indiscutabil c\u0103 va fi tulburat\u0103 func\u0163ionarea normal\u0103 a ficatului.\" \/>\n<meta property=\"og:url\" content=\"https:\/\/sanatate.md\/ro\/boli-si-tratament\/boli-narcologice\/boli-ale-ficatuli-pe-fon-de-alcool\/\" \/>\n<meta property=\"og:site_name\" content=\"Sanatate.md\" \/>\n<meta name=\"twitter:card\" content=\"summary_large_image\" \/>\n<meta name=\"twitter:label1\" content=\"Timp estimat pentru citire\" \/>\n\t<meta name=\"twitter:data1\" content=\"3 minute\" \/>\n<script type=\"application\/ld+json\" class=\"yoast-schema-graph\">{\"@context\":\"https:\\\/\\\/schema.org\",\"@graph\":[{\"@type\":\"WebPage\",\"@id\":\"https:\\\/\\\/sanatate.md\\\/ro\\\/boli-si-tratament\\\/boli-narcologice\\\/boli-ale-ficatuli-pe-fon-de-alcool\\\/\",\"url\":\"https:\\\/\\\/sanatate.md\\\/ro\\\/boli-si-tratament\\\/boli-narcologice\\\/boli-ale-ficatuli-pe-fon-de-alcool\\\/\",\"name\":\"Boli ale ficatuli pe fon de alcool\",\"isPartOf\":{\"@id\":\"https:\\\/\\\/sanatate.md\\\/ro\\\/#website\"},\"datePublished\":\"2018-01-19T09:52:43+00:00\",\"description\":\"Omul consum\u0103 multe produse printre care \u015fi b\u0103uturile alcoolice \u015fi anume ele afecteaz\u0103 adeseori ficatul. \u00cen cazul \u00een care o persoan\u0103 consum\u0103 zilnic pe zi 40-60 de grame de alcool pe parcursul a zece-douisprezece ani atunci indiscutabil c\u0103 va fi tulburat\u0103 func\u0163ionarea normal\u0103 a ficatului.\",\"breadcrumb\":{\"@id\":\"https:\\\/\\\/sanatate.md\\\/ro\\\/boli-si-tratament\\\/boli-narcologice\\\/boli-ale-ficatuli-pe-fon-de-alcool\\\/#breadcrumb\"},\"inLanguage\":\"ro-RO\",\"potentialAction\":[{\"@type\":\"ReadAction\",\"target\":[\"https:\\\/\\\/sanatate.md\\\/ro\\\/boli-si-tratament\\\/boli-narcologice\\\/boli-ale-ficatuli-pe-fon-de-alcool\\\/\"]}]},{\"@type\":\"BreadcrumbList\",\"@id\":\"https:\\\/\\\/sanatate.md\\\/ro\\\/boli-si-tratament\\\/boli-narcologice\\\/boli-ale-ficatuli-pe-fon-de-alcool\\\/#breadcrumb\",\"itemListElement\":[{\"@type\":\"ListItem\",\"position\":1,\"name\":\"\u0413\u043b\u0430\u0432\u043d\u0430\u044f \u0441\u0442\u0440\u0430\u043d\u0438\u0446\u0430\",\"item\":\"https:\\\/\\\/sanatate.md\\\/ro\\\/\"},{\"@type\":\"ListItem\",\"position\":2,\"name\":\"Boli si tratament\",\"item\":\"https:\\\/\\\/sanatate.md\\\/ro\\\/boli-si-tratament\\\/\"},{\"@type\":\"ListItem\",\"position\":3,\"name\":\"Boli narcologice\",\"item\":\"https:\\\/\\\/sanatate.md\\\/ro\\\/boli-si-tratament\\\/boli-narcologice\\\/\"},{\"@type\":\"ListItem\",\"position\":4,\"name\":\"Boli ale ficatuli pe fon de alcool\"}]},{\"@type\":\"WebSite\",\"@id\":\"https:\\\/\\\/sanatate.md\\\/ro\\\/#website\",\"url\":\"https:\\\/\\\/sanatate.md\\\/ro\\\/\",\"name\":\"Sanatate.md\",\"description\":\"\u0416\u0443\u0440\u043d\u0430\u043b \u0434\u043b\u044f \u0432\u0441\u0435\u0439 \u0441\u0435\u043c\u044c\u0438 \u0432 \u041c\u043e\u043b\u0434\u043e\u0432\u0435\",\"publisher\":{\"@id\":\"https:\\\/\\\/sanatate.md\\\/ro\\\/#organization\"},\"potentialAction\":[{\"@type\":\"SearchAction\",\"target\":{\"@type\":\"EntryPoint\",\"urlTemplate\":\"https:\\\/\\\/sanatate.md\\\/ro\\\/?s={search_term_string}\"},\"query-input\":{\"@type\":\"PropertyValueSpecification\",\"valueRequired\":true,\"valueName\":\"search_term_string\"}}],\"inLanguage\":\"ro-RO\"},{\"@type\":\"Organization\",\"@id\":\"https:\\\/\\\/sanatate.md\\\/ro\\\/#organization\",\"name\":\"SANATATE\",\"url\":\"https:\\\/\\\/sanatate.md\\\/ro\\\/\",\"logo\":{\"@type\":\"ImageObject\",\"inLanguage\":\"ro-RO\",\"@id\":\"https:\\\/\\\/sanatate.md\\\/ro\\\/#\\\/schema\\\/logo\\\/image\\\/\",\"url\":\"https:\\\/\\\/sanatate.md\\\/wp-content\\\/uploads\\\/2022\\\/01\\\/sanatate-logo.svg\",\"contentUrl\":\"https:\\\/\\\/sanatate.md\\\/wp-content\\\/uploads\\\/2022\\\/01\\\/sanatate-logo.svg\",\"width\":\"1024\",\"height\":\"1024\",\"caption\":\"SANATATE\"},\"image\":{\"@id\":\"https:\\\/\\\/sanatate.md\\\/ro\\\/#\\\/schema\\\/logo\\\/image\\\/\"}}]}<\/script>\n<!-- \/ Yoast SEO plugin. -->","yoast_head_json":{"title":"Boli ale ficatuli pe fon de alcool","description":"Omul consum\u0103 multe produse printre care \u015fi b\u0103uturile alcoolice \u015fi anume ele afecteaz\u0103 adeseori ficatul. \u00cen cazul \u00een care o persoan\u0103 consum\u0103 zilnic pe zi 40-60 de grame de alcool pe parcursul a zece-douisprezece ani atunci indiscutabil c\u0103 va fi tulburat\u0103 func\u0163ionarea normal\u0103 a ficatului.","robots":{"index":"index","follow":"follow","max-snippet":"max-snippet:-1","max-image-preview":"max-image-preview:large","max-video-preview":"max-video-preview:-1"},"canonical":"https:\/\/sanatate.md\/ro\/boli-si-tratament\/boli-narcologice\/boli-ale-ficatuli-pe-fon-de-alcool\/","og_locale":"ro_RO","og_type":"article","og_title":"Boli ale ficatuli pe fon de alcool","og_description":"Omul consum\u0103 multe produse printre care \u015fi b\u0103uturile alcoolice \u015fi anume ele afecteaz\u0103 adeseori ficatul. \u00cen cazul \u00een care o persoan\u0103 consum\u0103 zilnic pe zi 40-60 de grame de alcool pe parcursul a zece-douisprezece ani atunci indiscutabil c\u0103 va fi tulburat\u0103 func\u0163ionarea normal\u0103 a ficatului.","og_url":"https:\/\/sanatate.md\/ro\/boli-si-tratament\/boli-narcologice\/boli-ale-ficatuli-pe-fon-de-alcool\/","og_site_name":"Sanatate.md","twitter_card":"summary_large_image","twitter_misc":{"Timp estimat pentru citire":"3 minute"},"schema":{"@context":"https:\/\/schema.org","@graph":[{"@type":"WebPage","@id":"https:\/\/sanatate.md\/ro\/boli-si-tratament\/boli-narcologice\/boli-ale-ficatuli-pe-fon-de-alcool\/","url":"https:\/\/sanatate.md\/ro\/boli-si-tratament\/boli-narcologice\/boli-ale-ficatuli-pe-fon-de-alcool\/","name":"Boli ale ficatuli pe fon de alcool","isPartOf":{"@id":"https:\/\/sanatate.md\/ro\/#website"},"datePublished":"2018-01-19T09:52:43+00:00","description":"Omul consum\u0103 multe produse printre care \u015fi b\u0103uturile alcoolice \u015fi anume ele afecteaz\u0103 adeseori ficatul. \u00cen cazul \u00een care o persoan\u0103 consum\u0103 zilnic pe zi 40-60 de grame de alcool pe parcursul a zece-douisprezece ani atunci indiscutabil c\u0103 va fi tulburat\u0103 func\u0163ionarea normal\u0103 a ficatului.","breadcrumb":{"@id":"https:\/\/sanatate.md\/ro\/boli-si-tratament\/boli-narcologice\/boli-ale-ficatuli-pe-fon-de-alcool\/#breadcrumb"},"inLanguage":"ro-RO","potentialAction":[{"@type":"ReadAction","target":["https:\/\/sanatate.md\/ro\/boli-si-tratament\/boli-narcologice\/boli-ale-ficatuli-pe-fon-de-alcool\/"]}]},{"@type":"BreadcrumbList","@id":"https:\/\/sanatate.md\/ro\/boli-si-tratament\/boli-narcologice\/boli-ale-ficatuli-pe-fon-de-alcool\/#breadcrumb","itemListElement":[{"@type":"ListItem","position":1,"name":"\u0413\u043b\u0430\u0432\u043d\u0430\u044f \u0441\u0442\u0440\u0430\u043d\u0438\u0446\u0430","item":"https:\/\/sanatate.md\/ro\/"},{"@type":"ListItem","position":2,"name":"Boli si tratament","item":"https:\/\/sanatate.md\/ro\/boli-si-tratament\/"},{"@type":"ListItem","position":3,"name":"Boli narcologice","item":"https:\/\/sanatate.md\/ro\/boli-si-tratament\/boli-narcologice\/"},{"@type":"ListItem","position":4,"name":"Boli ale ficatuli pe fon de alcool"}]},{"@type":"WebSite","@id":"https:\/\/sanatate.md\/ro\/#website","url":"https:\/\/sanatate.md\/ro\/","name":"Sanatate.md","description":"\u0416\u0443\u0440\u043d\u0430\u043b \u0434\u043b\u044f \u0432\u0441\u0435\u0439 \u0441\u0435\u043c\u044c\u0438 \u0432 \u041c\u043e\u043b\u0434\u043e\u0432\u0435","publisher":{"@id":"https:\/\/sanatate.md\/ro\/#organization"},"potentialAction":[{"@type":"SearchAction","target":{"@type":"EntryPoint","urlTemplate":"https:\/\/sanatate.md\/ro\/?s={search_term_string}"},"query-input":{"@type":"PropertyValueSpecification","valueRequired":true,"valueName":"search_term_string"}}],"inLanguage":"ro-RO"},{"@type":"Organization","@id":"https:\/\/sanatate.md\/ro\/#organization","name":"SANATATE","url":"https:\/\/sanatate.md\/ro\/","logo":{"@type":"ImageObject","inLanguage":"ro-RO","@id":"https:\/\/sanatate.md\/ro\/#\/schema\/logo\/image\/","url":"https:\/\/sanatate.md\/wp-content\/uploads\/2022\/01\/sanatate-logo.svg","contentUrl":"https:\/\/sanatate.md\/wp-content\/uploads\/2022\/01\/sanatate-logo.svg","width":"1024","height":"1024","caption":"SANATATE"},"image":{"@id":"https:\/\/sanatate.md\/ro\/#\/schema\/logo\/image\/"}}]}},"_links":{"self":[{"href":"https:\/\/sanatate.md\/ro\/wp-json\/wp\/v2\/pages\/50610","targetHints":{"allow":["GET"]}}],"collection":[{"href":"https:\/\/sanatate.md\/ro\/wp-json\/wp\/v2\/pages"}],"about":[{"href":"https:\/\/sanatate.md\/ro\/wp-json\/wp\/v2\/types\/page"}],"author":[{"embeddable":true,"href":"https:\/\/sanatate.md\/ro\/wp-json\/wp\/v2\/users\/28"}],"replies":[{"embeddable":true,"href":"https:\/\/sanatate.md\/ro\/wp-json\/wp\/v2\/comments?post=50610"}],"version-history":[{"count":0,"href":"https:\/\/sanatate.md\/ro\/wp-json\/wp\/v2\/pages\/50610\/revisions"}],"up":[{"embeddable":true,"href":"https:\/\/sanatate.md\/ro\/wp-json\/wp\/v2\/pages\/44105"}],"wp:attachment":[{"href":"https:\/\/sanatate.md\/ro\/wp-json\/wp\/v2\/media?parent=50610"}],"curies":[{"name":"wp","href":"https:\/\/api.w.org\/{rel}","templated":true}]}}