{"id":50639,"date":"2018-01-19T13:50:47","date_gmt":"2018-01-19T10:50:47","guid":{"rendered":"https:\/\/sanatate.md\/?page_id=50639"},"modified":"2018-01-19T13:53:24","modified_gmt":"2018-01-19T10:53:24","slug":"angina","status":"publish","type":"page","link":"https:\/\/sanatate.md\/ro\/boli-si-tratament\/boli-comune\/angina\/","title":{"rendered":"Angina"},"content":{"rendered":"<p>Amigdalita sau angina este o infec\u0163ie acut\u0103 care afecteaz\u0103 amigdalele palatine a inelului limfatic din zona g\u00eetului. Este una dintre cele mai r\u0103sp\u00eendite maladii ale aparatului respirator superior. Cel mai des se manifest\u0103 toamna \u015fi prim\u0103vara. Boala poate fi at\u00eet primar\u0103 c\u00eet \u015fi s\u0103 manifeste afec\u0163iuni mai complicate.<\/p>\n<p>Sub termenul de angin\u0103 se presupun procesele de inflamare din zona g\u00eetului \u00eenso\u0163ite de dificult\u0103\u0163i la \u00eenghi\u0163ire. Maladia poate avea o flor\u0103: bacterial\u0103, viral\u0103 sau fungic\u0103. Angina poate duce la complica\u0163ii extrem de serioase care pot afecta sistemul cardio-vascular, reproductiv \u015fi motor. Din aceast\u0103 cauz\u0103 dac\u0103 apar primele simptome neap\u0103rat trebuie s\u0103 ne adres\u0103m la medic \u015fi s\u0103 nu ne ocup\u0103m cu auto-tratamentul.<\/p>\n<p>La copii angina este \u00eent\u00eelnit\u0103 foarte des \u015fi anume p\u00een\u0103 la v\u00eersta de 15 ani. Uneori apare \u015fi la copiii mai mari de 15 ani, dar aceasta e mai rar. La sugari \u015fi pici angina se manifest\u0103 p\u00een\u0103 la v\u00eersta de 3 ani\u015fori.<\/p>\n<p>Angina poate ap\u0103rea la maturii care au v\u00eersta \u00eentre 30-40 de ani. La persoanele care dep\u0103\u015fesc v\u00eersta de 50 de ani maladia \u00een cauz\u0103 se \u00eent\u00eelne\u015fte foarte rar.<\/p>\n<h3>Angina: tipuri<\/h3>\n<p>Dup\u0103 cum am men\u0163ionat mai sus angina poate fi de urm\u0103toarele tipuri:<\/p>\n<ul>\n<li>Primar\u0103-procesul inflamator este localizat doar \u00een zona g\u00eetului.<\/li>\n<li>Secundar\u0103-sunt afectate amigdalele palatine ceea ce ne indic\u0103 la unul din simptomele unei maladii mai serioase ca: difteria, scarlatina, monocloreza infes\u0163ioas\u0103.<\/li>\n<\/ul>\n<p>A ceast\u0103 maladie mai este \u00eemp\u0103r\u0163it\u0103 \u00een urm\u0103toarele subtipuri, aici se \u0163ine cont de decurgerea bolii:<\/p>\n<ul>\n<li>Angina pectoral\u0103-este cea mai simpl\u0103 form\u0103 a bolii. Aceast\u0103 form\u0103 se caracterizeaz\u0103 doar prin inflama\u0163ia amigdalelor \u00een partea superioar\u0103 f\u0103r\u0103 a ajunge p\u00een\u0103 la folicule, este afectat\u0103 doar zona mucoas\u0103. Aceast\u0103 form\u0103 decurge \u00een jurul a 3-5 zile.<\/li>\n<li>Angina folicular\u0103-este urm\u0103toarea stadie a anginei pectorale \u00een cazul \u00een care aceasta n-a fost tratat\u0103 corect sau \u00een genere nu s-au luat anumite m\u0103suri. Acest tip mai este numit \u015fi angina purulent\u0103 deoarece pentru acest tip de maladie este caracteristic\u0103 formarea nodule\u0163ilor sau foliculelor ce se localizeaz\u0103 deasupra amigdalelor \u015fi au forma unor boabe micu\u0163e de culoarea alb\u0103 sau g\u0103lbuie. \u00cen folicul este puroi de culoarea galben\u0103-surie. C\u00eend se examineaz\u0103 g\u00eetul aceasta se observ\u0103 foarte clar. Speciali\u015ftii mai numesc aceste boabe \u201dpalatinul \u00eenstelat\u201d.<\/li>\n<li>Angina lacunar\u0103-este o form\u0103 grea a anginei foliculare sau complica\u0163iile pe care le-a dat maladia \u00een cauz\u0103 (angina folicular\u0103). Ea se caracterizeaz\u0103 prin faptul c\u0103 \u00een locul nodule\u0163ilor apare o plac\u0103 purulent\u0103. La examinarea pacientului se observ\u0103 c\u0103 amigdalele palatine sunt total acoperite de o mas\u0103 purulent\u0103. \u00cen cazul dat simptomele sunt foarte evidente.<\/li>\n<li>Angina necrotic\u0103 sau \u00een\u0103bu\u015firea unei amigdale. C\u00eend pacientul este investigat, se observ\u0103 o plac\u0103 de culoarea verde. La fel mai este caracteristic mirosul nepl\u0103cut din cavitatea bucal\u0103.<\/li>\n<li>Angina fungic\u0103 este o form\u0103 rar\u0103 a amigdalitei, care se \u00eent\u00eelne\u015fte cel mai des la copii. Caracteristice sunt pl\u0103cile br\u00eenzoase care se extrag u\u015for.<\/li>\n<\/ul>\n<h3>Cauze<\/h3>\n<p>\u00cenainte de a enumera cauzele apari\u0163iei acestei maladii trebuie s\u0103 men\u0163ion\u0103m faptul c\u0103 acestea pot fi at\u00eet exterioare c\u00eet \u015fi interioare. Cauzele exterioare nimeresc \u00een organism din mediul \u00eenconjur\u0103tor, cele interioare sunt consecin\u0163a r\u0103sp\u00eendirii focarelor infec\u0163iilor cronice \u00een special a celor ce \u0163in de nas \u015fi laringe.<\/p>\n<p>Se disting trei cauze principale ale acestei maladii:<\/p>\n<ul>\n<li>Bacteriile-\u00een special grupul de streptococi hemolitici, mai rar staphylococcus aureus \u015fi pneumococul.<\/li>\n<li>Viru\u015fii-adenoviru\u015fi, rinoviru\u015fii, viru\u015fii herpesului \u015f.a.<\/li>\n<li>Funingiile-drojdii, miceliile.<\/li>\n<\/ul>\n<p>\u00cen afar\u0103 de cauzele mai sus enumerate atunci c\u00eend se efectuiaz\u0103 o investiga\u0163ie a florei g\u00eetului, putem depista \u015fi al\u0163i factori ca: hlamidiile, micoplasmele, corinebacteriile (care provoac\u0103 difteria), sifilisul. Toate acestea tot pot constitui una din cauzele anginei at\u00eet primare c\u00eet \u015fi simptomatice.<\/p>\n<p>Pentru ca organismele enumerate mai sus s\u0103 aduc\u0103 la maladia respectiv\u0103 e necesar de anumi\u0163i factori care vor provoca boala \u00een cauz\u0103. Printre ace\u015ftia sunt:<\/p>\n<ul>\n<li>suprar\u0103cirea;<\/li>\n<li>avitaminoza, \u00een special neajunsul de vitamina C;<\/li>\n<li>focarele cornice ale infec\u0163iei;<\/li>\n<li>hipoplazia (dezvoltarea insuficient\u0103) a \u0163esutului limfatic a inelului g\u00eetlejului;<\/li>\n<li>usc\u0103ciunea crescut\u0103 a aerului;<\/li>\n<li>sc\u0103derea imunit\u0103\u0163ii.<\/li>\n<\/ul>\n<h3>Simptome<\/h3>\n<p>Trebuie de men\u0163ionat faptul c\u0103 simptomul principal la toate tipurile de angine este: durerea \u00een g\u00eet \u00een timpul \u00eenghi\u0163irii. Alte simptome specifice depind de tipul de boal\u0103:<\/p>\n<ul>\n<li>c\u00eend este vorba de angina pectoral\u0103 \u2013starea general\u0103 a bolnavului este satisf\u0103c\u0103toare. Dar pot ap\u0103rea complica\u0163ii de genul: ridicarea febrei p\u00een\u0103 la 37 de \u00a00\u0421 la maturi \u015fi p\u00een\u0103 la 38\u00a0 de 0\u0421 la copii. La fel se pot manifesta simptomele de intoxicare general\u0103, mole\u015feal\u0103, oboseal\u0103. Persist\u0103 durerile \u00een g\u00eet \u00een timpul \u00eenghi\u0163irii, usturimi \u015fi usc\u0103ciune. Nodulii limfatici sunt ponderat m\u0103ri\u0163i. Sunt schimb\u0103ri \u00een analiza general\u0103 a s\u00eengelui, mai ales este m\u0103rit num\u0103rul de leucocite \u015fi a SO\u0102.<\/li>\n<li>Anginei foliculare \u015fi lacunare \u00eei este caracteristic un \u00eenceput foarte acut, brusc se ridica febra p\u00een\u0103 la 38 \u2013 39\u00a0de 0\u0421. Durerile \u00een g\u00eet se acutizeaz\u0103, \u00eenghi\u0163irea pare imposibil\u0103. Pe fondalul febrei ridicate starea general\u0103 este foarte grav\u0103, apar simptomele de intoxica\u0163ie general\u0103, frisoanele, durerile de cap \u015fi dureri \u00een \u00eentreg organismul. Se mai observ\u0103 m\u0103rirea nodulilor limfatici din zona g\u00eetului \u015fi c\u00eend \u00eei palp\u0103m sim\u0163im dureri. La fel persist\u0103 tahicardia, durerile \u00een regiunea cordului, dispari\u0163ia poftei de m\u00eencare, gre\u0163urile \u015fi pierderile de cuno\u015ftin\u0163\u0103.<\/li>\n<li>Angina fungic\u0103 dup\u0103 clinica sa se aseam\u0103n\u0103 cu angina folicular\u0103: febr\u0103 ridicat\u0103 \u015fi \u00eenceput brusc.<\/li>\n<\/ul>\n<p>Dac\u0103 angina este un simptom atunci clinica va fi caracteristic\u0103 pentru una din maladiile primare.<\/p>\n<h3>Diagnosticare<\/h3>\n<p>Diagnoza este pus\u0103 \u00een dependen\u0163\u0103 de tabloul clinic al bolii. Diagnosticarea \u00eencepe cu o investiga\u0163ie la otolarinolog (specialist pe maladiile ce \u0163in de g\u00eet, nas, urechi). La fel pacientul se examineaz\u0103 \u015fi exterior: se verific\u0103 m\u0103rirea nodulilor limfatici, se examineaz\u0103 cavitatea bucal\u0103, \u00een special se atrage aten\u0163ia la starea amigdalelor. Aceast\u0103 examinare constituie un criteriu important \u00een numirea diagnozei.<\/p>\n<p>Suplimentar se mai ia frotiul amigdalelor care va ajuta s\u0103 determine corect agentul cauzator al bolii \u015fi respectiv dup\u0103 aceasta s\u0103 se prescrie un tratament adecvat, la fel se mai ia analiza general\u0103 a s\u00eengelui, care va ar\u0103ta cum decurge procesul inflamator din organism.<\/p>\n<p>Pentru a exclude complica\u0163iile medicul mai face percusia \u015fi auxulta\u0163ia pl\u0103m\u00eenilor, electrocardiograma \u015fi mai ia \u015fi analiza urinei, care indic\u0103 cantitatea de proteine.<\/p>\n<h3>Tratament<\/h3>\n<p>\u00cen cele mai dese cazuri tratamentul se face acas\u0103 \u015fi numai \u00een cazul \u00een care boala decurge greu sau apar anumite complica\u0163ii bolnavu este internat \u00een spital.<\/p>\n<p>Cele mai important criteriu \u00een prescrierea tratamentului este determinat de rezultatul frotiului. Adeseori se depisteaz\u0103 streptococi, care se trateaz\u0103 cu preparate antibacteriale ca: Amoxiclava, Ampicilina \u015f.a. La fel se recomand\u0103 cl\u0103titurile de g\u0103t cu solu\u0163ii antiseptice sau \u00een baz\u0103 de plante ca: Iodinolul, Furacilina, solu\u0163ii din romani\u0163\u0103 sau de salvie, utilizarea spreiurilor ca: Oralsept, Ingalipt. Se indic\u0103 un regim de pat, se recomand\u0103 s\u0103 se consume multe lichide, s\u0103 se respecte o diet\u0103, care s\u0103 nu irite g\u00eetul, s\u0103 se consume multe vitamine \u00een special vitamina C.<\/p>\n<p>Pentru a evita problemele gastro-intestinale, care pot ap\u0103rea din cauza antibioticelor, se vor prescrie probiotice ca: Linexul.<\/p>\n<p>Dac\u0103 tratamentul este prescris corect atunci bolnavul se va \u00eens\u0103n\u0103to\u015fi peste 5-7 zile. \u00cen caz contrar bolnavul va fi spitalizat \u00een spitalul de boli infec\u0163ioase.<\/p>\n","protected":false},"excerpt":{"rendered":"<p>Amigdalita sau angina este o infec\u0163ie acut\u0103 care afecteaz\u0103 amigdalele palatine a inelului limfatic din zona g\u00eetului. Este una dintre cele mai r\u0103sp\u00eendite maladii ale aparatului respirator superior. Cel mai des se manifest\u0103 toamna \u015fi prim\u0103vara. Boala poate fi at\u00eet primar\u0103 c\u00eet \u015fi s\u0103 manifeste afec\u0163iuni mai complicate. Sub termenul de angin\u0103 se presupun procesele [&hellip;]<\/p>\n","protected":false},"author":28,"featured_media":0,"parent":53020,"menu_order":0,"comment_status":"closed","ping_status":"closed","template":"","meta":{"inline_featured_image":false,"footnotes":""},"class_list":["post-50639","page","type-page","status-publish"],"yoast_head":"<!-- This site is optimized with the Yoast SEO plugin v27.3 - https:\/\/yoast.com\/product\/yoast-seo-wordpress\/ -->\n<title>Angina<\/title>\n<meta name=\"description\" content=\"Amigdalita sau angina este o infec\u0163ie acut\u0103 care afecteaz\u0103 amigdalele palatine a inelului limfatic din zona g\u00eetului.\" \/>\n<meta name=\"robots\" content=\"index, follow, max-snippet:-1, max-image-preview:large, max-video-preview:-1\" \/>\n<link rel=\"canonical\" href=\"https:\/\/sanatate.md\/ro\/boli-si-tratament\/boli-comune\/angina\/\" \/>\n<meta property=\"og:locale\" content=\"ro_RO\" \/>\n<meta property=\"og:type\" content=\"article\" \/>\n<meta property=\"og:title\" content=\"Angina\" \/>\n<meta property=\"og:description\" content=\"Amigdalita sau angina este o infec\u0163ie acut\u0103 care afecteaz\u0103 amigdalele palatine a inelului limfatic din zona g\u00eetului.\" \/>\n<meta property=\"og:url\" content=\"https:\/\/sanatate.md\/ro\/boli-si-tratament\/boli-comune\/angina\/\" \/>\n<meta property=\"og:site_name\" content=\"Sanatate.md\" \/>\n<meta property=\"article:modified_time\" content=\"2018-01-19T10:53:24+00:00\" \/>\n<meta name=\"twitter:card\" content=\"summary_large_image\" \/>\n<meta name=\"twitter:label1\" content=\"Timp estimat pentru citire\" \/>\n\t<meta name=\"twitter:data1\" content=\"6 minute\" \/>\n<script type=\"application\/ld+json\" class=\"yoast-schema-graph\">{\"@context\":\"https:\\\/\\\/schema.org\",\"@graph\":[{\"@type\":\"WebPage\",\"@id\":\"https:\\\/\\\/sanatate.md\\\/ro\\\/boli-si-tratament\\\/boli-comune\\\/angina\\\/\",\"url\":\"https:\\\/\\\/sanatate.md\\\/ro\\\/boli-si-tratament\\\/boli-comune\\\/angina\\\/\",\"name\":\"Angina\",\"isPartOf\":{\"@id\":\"https:\\\/\\\/sanatate.md\\\/ro\\\/#website\"},\"datePublished\":\"2018-01-19T10:50:47+00:00\",\"dateModified\":\"2018-01-19T10:53:24+00:00\",\"description\":\"Amigdalita sau angina este o infec\u0163ie acut\u0103 care afecteaz\u0103 amigdalele palatine a inelului limfatic din zona g\u00eetului.\",\"breadcrumb\":{\"@id\":\"https:\\\/\\\/sanatate.md\\\/ro\\\/boli-si-tratament\\\/boli-comune\\\/angina\\\/#breadcrumb\"},\"inLanguage\":\"ro-RO\",\"potentialAction\":[{\"@type\":\"ReadAction\",\"target\":[\"https:\\\/\\\/sanatate.md\\\/ro\\\/boli-si-tratament\\\/boli-comune\\\/angina\\\/\"]}]},{\"@type\":\"BreadcrumbList\",\"@id\":\"https:\\\/\\\/sanatate.md\\\/ro\\\/boli-si-tratament\\\/boli-comune\\\/angina\\\/#breadcrumb\",\"itemListElement\":[{\"@type\":\"ListItem\",\"position\":1,\"name\":\"\u0413\u043b\u0430\u0432\u043d\u0430\u044f \u0441\u0442\u0440\u0430\u043d\u0438\u0446\u0430\",\"item\":\"https:\\\/\\\/sanatate.md\\\/ro\\\/\"},{\"@type\":\"ListItem\",\"position\":2,\"name\":\"Boli si tratament\",\"item\":\"https:\\\/\\\/sanatate.md\\\/ro\\\/boli-si-tratament\\\/\"},{\"@type\":\"ListItem\",\"position\":3,\"name\":\"Boli comune\",\"item\":\"https:\\\/\\\/sanatate.md\\\/ro\\\/boli-si-tratament\\\/boli-comune\\\/\"},{\"@type\":\"ListItem\",\"position\":4,\"name\":\"Angina\"}]},{\"@type\":\"WebSite\",\"@id\":\"https:\\\/\\\/sanatate.md\\\/ro\\\/#website\",\"url\":\"https:\\\/\\\/sanatate.md\\\/ro\\\/\",\"name\":\"Sanatate.md\",\"description\":\"\u0416\u0443\u0440\u043d\u0430\u043b \u0434\u043b\u044f \u0432\u0441\u0435\u0439 \u0441\u0435\u043c\u044c\u0438 \u0432 \u041c\u043e\u043b\u0434\u043e\u0432\u0435\",\"publisher\":{\"@id\":\"https:\\\/\\\/sanatate.md\\\/ro\\\/#organization\"},\"potentialAction\":[{\"@type\":\"SearchAction\",\"target\":{\"@type\":\"EntryPoint\",\"urlTemplate\":\"https:\\\/\\\/sanatate.md\\\/ro\\\/?s={search_term_string}\"},\"query-input\":{\"@type\":\"PropertyValueSpecification\",\"valueRequired\":true,\"valueName\":\"search_term_string\"}}],\"inLanguage\":\"ro-RO\"},{\"@type\":\"Organization\",\"@id\":\"https:\\\/\\\/sanatate.md\\\/ro\\\/#organization\",\"name\":\"SANATATE\",\"url\":\"https:\\\/\\\/sanatate.md\\\/ro\\\/\",\"logo\":{\"@type\":\"ImageObject\",\"inLanguage\":\"ro-RO\",\"@id\":\"https:\\\/\\\/sanatate.md\\\/ro\\\/#\\\/schema\\\/logo\\\/image\\\/\",\"url\":\"https:\\\/\\\/sanatate.md\\\/wp-content\\\/uploads\\\/2022\\\/01\\\/sanatate-logo.svg\",\"contentUrl\":\"https:\\\/\\\/sanatate.md\\\/wp-content\\\/uploads\\\/2022\\\/01\\\/sanatate-logo.svg\",\"width\":\"1024\",\"height\":\"1024\",\"caption\":\"SANATATE\"},\"image\":{\"@id\":\"https:\\\/\\\/sanatate.md\\\/ro\\\/#\\\/schema\\\/logo\\\/image\\\/\"}}]}<\/script>\n<!-- \/ Yoast SEO plugin. -->","yoast_head_json":{"title":"Angina","description":"Amigdalita sau angina este o infec\u0163ie acut\u0103 care afecteaz\u0103 amigdalele palatine a inelului limfatic din zona g\u00eetului.","robots":{"index":"index","follow":"follow","max-snippet":"max-snippet:-1","max-image-preview":"max-image-preview:large","max-video-preview":"max-video-preview:-1"},"canonical":"https:\/\/sanatate.md\/ro\/boli-si-tratament\/boli-comune\/angina\/","og_locale":"ro_RO","og_type":"article","og_title":"Angina","og_description":"Amigdalita sau angina este o infec\u0163ie acut\u0103 care afecteaz\u0103 amigdalele palatine a inelului limfatic din zona g\u00eetului.","og_url":"https:\/\/sanatate.md\/ro\/boli-si-tratament\/boli-comune\/angina\/","og_site_name":"Sanatate.md","article_modified_time":"2018-01-19T10:53:24+00:00","twitter_card":"summary_large_image","twitter_misc":{"Timp estimat pentru citire":"6 minute"},"schema":{"@context":"https:\/\/schema.org","@graph":[{"@type":"WebPage","@id":"https:\/\/sanatate.md\/ro\/boli-si-tratament\/boli-comune\/angina\/","url":"https:\/\/sanatate.md\/ro\/boli-si-tratament\/boli-comune\/angina\/","name":"Angina","isPartOf":{"@id":"https:\/\/sanatate.md\/ro\/#website"},"datePublished":"2018-01-19T10:50:47+00:00","dateModified":"2018-01-19T10:53:24+00:00","description":"Amigdalita sau angina este o infec\u0163ie acut\u0103 care afecteaz\u0103 amigdalele palatine a inelului limfatic din zona g\u00eetului.","breadcrumb":{"@id":"https:\/\/sanatate.md\/ro\/boli-si-tratament\/boli-comune\/angina\/#breadcrumb"},"inLanguage":"ro-RO","potentialAction":[{"@type":"ReadAction","target":["https:\/\/sanatate.md\/ro\/boli-si-tratament\/boli-comune\/angina\/"]}]},{"@type":"BreadcrumbList","@id":"https:\/\/sanatate.md\/ro\/boli-si-tratament\/boli-comune\/angina\/#breadcrumb","itemListElement":[{"@type":"ListItem","position":1,"name":"\u0413\u043b\u0430\u0432\u043d\u0430\u044f \u0441\u0442\u0440\u0430\u043d\u0438\u0446\u0430","item":"https:\/\/sanatate.md\/ro\/"},{"@type":"ListItem","position":2,"name":"Boli si tratament","item":"https:\/\/sanatate.md\/ro\/boli-si-tratament\/"},{"@type":"ListItem","position":3,"name":"Boli comune","item":"https:\/\/sanatate.md\/ro\/boli-si-tratament\/boli-comune\/"},{"@type":"ListItem","position":4,"name":"Angina"}]},{"@type":"WebSite","@id":"https:\/\/sanatate.md\/ro\/#website","url":"https:\/\/sanatate.md\/ro\/","name":"Sanatate.md","description":"\u0416\u0443\u0440\u043d\u0430\u043b \u0434\u043b\u044f \u0432\u0441\u0435\u0439 \u0441\u0435\u043c\u044c\u0438 \u0432 \u041c\u043e\u043b\u0434\u043e\u0432\u0435","publisher":{"@id":"https:\/\/sanatate.md\/ro\/#organization"},"potentialAction":[{"@type":"SearchAction","target":{"@type":"EntryPoint","urlTemplate":"https:\/\/sanatate.md\/ro\/?s={search_term_string}"},"query-input":{"@type":"PropertyValueSpecification","valueRequired":true,"valueName":"search_term_string"}}],"inLanguage":"ro-RO"},{"@type":"Organization","@id":"https:\/\/sanatate.md\/ro\/#organization","name":"SANATATE","url":"https:\/\/sanatate.md\/ro\/","logo":{"@type":"ImageObject","inLanguage":"ro-RO","@id":"https:\/\/sanatate.md\/ro\/#\/schema\/logo\/image\/","url":"https:\/\/sanatate.md\/wp-content\/uploads\/2022\/01\/sanatate-logo.svg","contentUrl":"https:\/\/sanatate.md\/wp-content\/uploads\/2022\/01\/sanatate-logo.svg","width":"1024","height":"1024","caption":"SANATATE"},"image":{"@id":"https:\/\/sanatate.md\/ro\/#\/schema\/logo\/image\/"}}]}},"_links":{"self":[{"href":"https:\/\/sanatate.md\/ro\/wp-json\/wp\/v2\/pages\/50639","targetHints":{"allow":["GET"]}}],"collection":[{"href":"https:\/\/sanatate.md\/ro\/wp-json\/wp\/v2\/pages"}],"about":[{"href":"https:\/\/sanatate.md\/ro\/wp-json\/wp\/v2\/types\/page"}],"author":[{"embeddable":true,"href":"https:\/\/sanatate.md\/ro\/wp-json\/wp\/v2\/users\/28"}],"replies":[{"embeddable":true,"href":"https:\/\/sanatate.md\/ro\/wp-json\/wp\/v2\/comments?post=50639"}],"version-history":[{"count":0,"href":"https:\/\/sanatate.md\/ro\/wp-json\/wp\/v2\/pages\/50639\/revisions"}],"up":[{"embeddable":true,"href":"https:\/\/sanatate.md\/ro\/wp-json\/wp\/v2\/pages\/53020"}],"wp:attachment":[{"href":"https:\/\/sanatate.md\/ro\/wp-json\/wp\/v2\/media?parent=50639"}],"curies":[{"name":"wp","href":"https:\/\/api.w.org\/{rel}","templated":true}]}}