{"id":50693,"date":"2018-04-17T16:20:17","date_gmt":"2018-04-17T13:20:17","guid":{"rendered":"https:\/\/sanatate.md\/?page_id=50693"},"modified":"2018-04-17T16:20:17","modified_gmt":"2018-04-17T13:20:17","slug":"mincarimea-anala","status":"publish","type":"page","link":"https:\/\/sanatate.md\/ro\/boli-si-tratament\/boli-proctologice\/mincarimea-anala\/","title":{"rendered":"M\u00eenc\u0103rimea anal\u0103"},"content":{"rendered":"<p>M\u00eenc\u0103rimea anal\u0103 este o stare patologic\u0103 care se manifest\u0103 prin o m\u00eenc\u0103rime a pielii din zona anal\u0103, \u00een zona inghinal\u0103 \u015fi a organelor genitale din partea exterioar\u0103. Conform statisticii maladia mai des afecteaz\u0103 oamenii \u00een v\u00eerst\u0103 \u015fi printre altele trei din patru bolnavi sunt b\u0103rba\u0163i.<br \/>\nCauzele \u00eemboln\u0103viri:<\/p>\n<ul>\n<li>Alergia (la detergen\u0163i, stofe artificiale sau preparate medicamentoase);<\/li>\n<li>Boli ale pielii (exem\u0103, psoriaz\u0103, dermatit\u0103 seboreic\u0103, alergic\u0103 sau de contact);<\/li>\n<li>Fistulele din anus sau rectus;<\/li>\n<li>Tumori (beligne \u015fau maligne);<\/li>\n<li>Parazi\u0163ii (oxiuri,wipwomi,ascaride \u015f.a.);<\/li>\n<li>Fisuri \u00een zona anusului;<\/li>\n<li>P\u0103duchii pubiani;<\/li>\n<li>Nivelul ridicat de zah\u0103r \u00een s\u00eenge;<\/li>\n<li>Nerespectarea regulilor de igien\u0103 \u015fi antisanitaria;<\/li>\n<li>Pancreatita cronic\u0103;<\/li>\n<li>Perturbarea func\u0163iei ficatului.<\/li>\n<\/ul>\n<h3>Factorii de risc<\/h3>\n<p>\u00cen grupul de risc intr\u0103 oamenii obezi, care au transpira\u0163ie excesiv\u0103, homosexuali\u015ftii; oamenii care \u00eembr\u0103\u0163i\u015feaz\u0103 urm\u0103toarea sfer\u0103 de lucru: producerea nociv\u0103, contactul cu animalele; oamenii care neglijeaz\u0103 cu igiena proprie. M\u00eenc\u0103rimea anal\u0103 mai apare \u015fi la oamenii care au diabet zaharat, constipa\u0163ii, diaree \u015fi la fel cei care au boli fungice ale stratului cutanat.<\/p>\n<h3>Clasificarea maladiei<\/h3>\n<p>Maladia poate fi primar\u0103 sau secundar\u0103. Cea secundar\u0103 constituie unul din simptomele urm\u0103toarelor boli: hemoroizii, parazi\u0163ii, fisuri ale anusului. Maladia primar\u0103 apare \u00een cazul diareei, bolilor fungice la fel constituie unul din primele simptome ale diabetului zaharat.<\/p>\n<h3>Simptomele bolii<\/h3>\n<p>Boala \u00eencepe brusc, \u00eentrebuin\u0163area \u00een alimenta\u0163ie a m\u00eenc\u0103rii s\u0103rate, iu\u0163i, consumul de alcool contribuie la agravarea maladiei \u00een cauz\u0103. La copii m\u00eenc\u0103rimea apare \u00een special noaptea \u015fi acesta este un semnal c\u0103 ei au parazi\u0163i.<\/p>\n<h3>Diagnosticare<\/h3>\n<p>Pentru a diagnostica boala \u00een cauz\u0103 e necesar de dat urm\u0103toarele analiize:<\/p>\n<ul>\n<li>Analiza s\u00eengelui pentru determinarea n ivelului de glucoz\u0103;<\/li>\n<li>Analiza calului pentru a depista existen\u0163a ou\u0103lor de parazi\u0163i, a gonococilor \u015fi a disbacteriozei;<\/li>\n<li>Testul HIV;<\/li>\n<li>Rac\u0163ia fon Vaserman;<\/li>\n<li>Rectromanoscopia;<\/li>\n<li>Biopsia.<\/li>\n<\/ul>\n<p>\u00cen anume cazuri trebuie de consultat cu urm\u0103torii speciali\u015fti:<\/p>\n<ul>\n<li>Endocrinologul;<\/li>\n<li>Ginecologul;<\/li>\n<li>Urologul;<\/li>\n<li>Dermatovenerologul.<\/li>\n<\/ul>\n<h3>Tratarea bolii<\/h3>\n<p>\u00cen timpul trat\u0103rii, bolnavul respest\u0103 regimul obi\u015fnuit de via\u0163\u0103, lui i se prescrie un tratament ambulatoriu. \u00cen caz de complica\u0163ii bolnavul va fi spitalizat, i se indic\u0103 o diet\u0103 u\u015foar\u0103 \u015fi i se recomand\u0103 s\u0103 refuze de la s\u0103rat, iute, produsele extractive, alcool \u015fi fumat. Dac\u0103 m\u00eenc\u0103rimea a fost provocat\u0103 de alergia alimentar\u0103 atunci se va interzice \u00eentrebuin\u0163area acelor produse ce au stimulat-o.<\/p>\n<h3>Profilaxie<\/h3>\n<p>Pentru profilaxie e destul s\u0103 ne sp\u0103l\u0103m \u00een zona cu pricina cu ap\u0103 c\u0103ldu\u0163\u0103 \u015fi cu s\u0103pun \u00een fiecare zi, s\u0103 utiliz\u0103m h\u00eertie de veceu f\u0103r\u0103 aromatizatoare \u015fi doar de culoarea alb\u0103, s\u0103 purt\u0103m lengerie natural\u0103 \u015fi comod\u0103. Dac\u0103 m\u00eenc\u0103rimea a fost provocat\u0103 de cauzele sus men\u0163ionate atunci e cazul s\u0103 \u00eencepe\u0163i tratamentul \u015fi atunci problema va fi rezolvat\u0103.<\/p>\n","protected":false},"excerpt":{"rendered":"<p>M\u00eenc\u0103rimea anal\u0103 este o stare patologic\u0103 care se manifest\u0103 prin o m\u00eenc\u0103rime a pielii din zona anal\u0103, \u00een zona inghinal\u0103 \u015fi a organelor genitale din partea exterioar\u0103. Conform statisticii maladia mai des afecteaz\u0103 oamenii \u00een v\u00eerst\u0103 \u015fi printre altele trei din patru bolnavi sunt b\u0103rba\u0163i. Cauzele \u00eemboln\u0103viri: Alergia (la detergen\u0163i, stofe artificiale sau preparate medicamentoase); [&hellip;]<\/p>\n","protected":false},"author":28,"featured_media":0,"parent":52984,"menu_order":0,"comment_status":"closed","ping_status":"closed","template":"","meta":{"inline_featured_image":false,"footnotes":""},"class_list":["post-50693","page","type-page","status-publish"],"yoast_head":"<!-- This site is optimized with the Yoast SEO plugin v27.3 - https:\/\/yoast.com\/product\/yoast-seo-wordpress\/ -->\n<title>M\u00eenc\u0103rimea anal\u0103 | Sanatate.md<\/title>\n<meta name=\"robots\" content=\"index, follow, max-snippet:-1, max-image-preview:large, max-video-preview:-1\" \/>\n<link rel=\"canonical\" href=\"https:\/\/sanatate.md\/ro\/boli-si-tratament\/boli-proctologice\/mincarimea-anala\/\" \/>\n<meta property=\"og:locale\" content=\"ro_RO\" \/>\n<meta property=\"og:type\" content=\"article\" \/>\n<meta property=\"og:title\" content=\"M\u00eenc\u0103rimea anal\u0103 | Sanatate.md\" \/>\n<meta property=\"og:description\" content=\"M\u00eenc\u0103rimea anal\u0103 este o stare patologic\u0103 care se manifest\u0103 prin o m\u00eenc\u0103rime a pielii din zona anal\u0103, \u00een zona inghinal\u0103 \u015fi a organelor genitale din partea exterioar\u0103. Conform statisticii maladia mai des afecteaz\u0103 oamenii \u00een v\u00eerst\u0103 \u015fi printre altele trei din patru bolnavi sunt b\u0103rba\u0163i. Cauzele \u00eemboln\u0103viri: Alergia (la detergen\u0163i, stofe artificiale sau preparate medicamentoase); [&hellip;]\" \/>\n<meta property=\"og:url\" content=\"https:\/\/sanatate.md\/ro\/boli-si-tratament\/boli-proctologice\/mincarimea-anala\/\" \/>\n<meta property=\"og:site_name\" content=\"Sanatate.md\" \/>\n<meta name=\"twitter:card\" content=\"summary_large_image\" \/>\n<meta name=\"twitter:label1\" content=\"Timp estimat pentru citire\" \/>\n\t<meta name=\"twitter:data1\" content=\"2 minute\" \/>\n<script type=\"application\/ld+json\" class=\"yoast-schema-graph\">{\"@context\":\"https:\\\/\\\/schema.org\",\"@graph\":[{\"@type\":\"WebPage\",\"@id\":\"https:\\\/\\\/sanatate.md\\\/ro\\\/boli-si-tratament\\\/boli-proctologice\\\/mincarimea-anala\\\/\",\"url\":\"https:\\\/\\\/sanatate.md\\\/ro\\\/boli-si-tratament\\\/boli-proctologice\\\/mincarimea-anala\\\/\",\"name\":\"M\u00eenc\u0103rimea anal\u0103 | Sanatate.md\",\"isPartOf\":{\"@id\":\"https:\\\/\\\/sanatate.md\\\/ro\\\/#website\"},\"datePublished\":\"2018-04-17T13:20:17+00:00\",\"breadcrumb\":{\"@id\":\"https:\\\/\\\/sanatate.md\\\/ro\\\/boli-si-tratament\\\/boli-proctologice\\\/mincarimea-anala\\\/#breadcrumb\"},\"inLanguage\":\"ro-RO\",\"potentialAction\":[{\"@type\":\"ReadAction\",\"target\":[\"https:\\\/\\\/sanatate.md\\\/ro\\\/boli-si-tratament\\\/boli-proctologice\\\/mincarimea-anala\\\/\"]}]},{\"@type\":\"BreadcrumbList\",\"@id\":\"https:\\\/\\\/sanatate.md\\\/ro\\\/boli-si-tratament\\\/boli-proctologice\\\/mincarimea-anala\\\/#breadcrumb\",\"itemListElement\":[{\"@type\":\"ListItem\",\"position\":1,\"name\":\"\u0413\u043b\u0430\u0432\u043d\u0430\u044f \u0441\u0442\u0440\u0430\u043d\u0438\u0446\u0430\",\"item\":\"https:\\\/\\\/sanatate.md\\\/ro\\\/\"},{\"@type\":\"ListItem\",\"position\":2,\"name\":\"Boli si tratament\",\"item\":\"https:\\\/\\\/sanatate.md\\\/ro\\\/boli-si-tratament\\\/\"},{\"@type\":\"ListItem\",\"position\":3,\"name\":\"Boli proctologice\",\"item\":\"https:\\\/\\\/sanatate.md\\\/ro\\\/boli-si-tratament\\\/boli-proctologice\\\/\"},{\"@type\":\"ListItem\",\"position\":4,\"name\":\"M\u00eenc\u0103rimea anal\u0103\"}]},{\"@type\":\"WebSite\",\"@id\":\"https:\\\/\\\/sanatate.md\\\/ro\\\/#website\",\"url\":\"https:\\\/\\\/sanatate.md\\\/ro\\\/\",\"name\":\"Sanatate.md\",\"description\":\"\u0416\u0443\u0440\u043d\u0430\u043b \u0434\u043b\u044f \u0432\u0441\u0435\u0439 \u0441\u0435\u043c\u044c\u0438 \u0432 \u041c\u043e\u043b\u0434\u043e\u0432\u0435\",\"publisher\":{\"@id\":\"https:\\\/\\\/sanatate.md\\\/ro\\\/#organization\"},\"potentialAction\":[{\"@type\":\"SearchAction\",\"target\":{\"@type\":\"EntryPoint\",\"urlTemplate\":\"https:\\\/\\\/sanatate.md\\\/ro\\\/?s={search_term_string}\"},\"query-input\":{\"@type\":\"PropertyValueSpecification\",\"valueRequired\":true,\"valueName\":\"search_term_string\"}}],\"inLanguage\":\"ro-RO\"},{\"@type\":\"Organization\",\"@id\":\"https:\\\/\\\/sanatate.md\\\/ro\\\/#organization\",\"name\":\"SANATATE\",\"url\":\"https:\\\/\\\/sanatate.md\\\/ro\\\/\",\"logo\":{\"@type\":\"ImageObject\",\"inLanguage\":\"ro-RO\",\"@id\":\"https:\\\/\\\/sanatate.md\\\/ro\\\/#\\\/schema\\\/logo\\\/image\\\/\",\"url\":\"https:\\\/\\\/sanatate.md\\\/wp-content\\\/uploads\\\/2022\\\/01\\\/sanatate-logo.svg\",\"contentUrl\":\"https:\\\/\\\/sanatate.md\\\/wp-content\\\/uploads\\\/2022\\\/01\\\/sanatate-logo.svg\",\"width\":\"1024\",\"height\":\"1024\",\"caption\":\"SANATATE\"},\"image\":{\"@id\":\"https:\\\/\\\/sanatate.md\\\/ro\\\/#\\\/schema\\\/logo\\\/image\\\/\"}}]}<\/script>\n<!-- \/ Yoast SEO plugin. -->","yoast_head_json":{"title":"M\u00eenc\u0103rimea anal\u0103 | Sanatate.md","robots":{"index":"index","follow":"follow","max-snippet":"max-snippet:-1","max-image-preview":"max-image-preview:large","max-video-preview":"max-video-preview:-1"},"canonical":"https:\/\/sanatate.md\/ro\/boli-si-tratament\/boli-proctologice\/mincarimea-anala\/","og_locale":"ro_RO","og_type":"article","og_title":"M\u00eenc\u0103rimea anal\u0103 | Sanatate.md","og_description":"M\u00eenc\u0103rimea anal\u0103 este o stare patologic\u0103 care se manifest\u0103 prin o m\u00eenc\u0103rime a pielii din zona anal\u0103, \u00een zona inghinal\u0103 \u015fi a organelor genitale din partea exterioar\u0103. Conform statisticii maladia mai des afecteaz\u0103 oamenii \u00een v\u00eerst\u0103 \u015fi printre altele trei din patru bolnavi sunt b\u0103rba\u0163i. Cauzele \u00eemboln\u0103viri: Alergia (la detergen\u0163i, stofe artificiale sau preparate medicamentoase); [&hellip;]","og_url":"https:\/\/sanatate.md\/ro\/boli-si-tratament\/boli-proctologice\/mincarimea-anala\/","og_site_name":"Sanatate.md","twitter_card":"summary_large_image","twitter_misc":{"Timp estimat pentru citire":"2 minute"},"schema":{"@context":"https:\/\/schema.org","@graph":[{"@type":"WebPage","@id":"https:\/\/sanatate.md\/ro\/boli-si-tratament\/boli-proctologice\/mincarimea-anala\/","url":"https:\/\/sanatate.md\/ro\/boli-si-tratament\/boli-proctologice\/mincarimea-anala\/","name":"M\u00eenc\u0103rimea anal\u0103 | Sanatate.md","isPartOf":{"@id":"https:\/\/sanatate.md\/ro\/#website"},"datePublished":"2018-04-17T13:20:17+00:00","breadcrumb":{"@id":"https:\/\/sanatate.md\/ro\/boli-si-tratament\/boli-proctologice\/mincarimea-anala\/#breadcrumb"},"inLanguage":"ro-RO","potentialAction":[{"@type":"ReadAction","target":["https:\/\/sanatate.md\/ro\/boli-si-tratament\/boli-proctologice\/mincarimea-anala\/"]}]},{"@type":"BreadcrumbList","@id":"https:\/\/sanatate.md\/ro\/boli-si-tratament\/boli-proctologice\/mincarimea-anala\/#breadcrumb","itemListElement":[{"@type":"ListItem","position":1,"name":"\u0413\u043b\u0430\u0432\u043d\u0430\u044f \u0441\u0442\u0440\u0430\u043d\u0438\u0446\u0430","item":"https:\/\/sanatate.md\/ro\/"},{"@type":"ListItem","position":2,"name":"Boli si tratament","item":"https:\/\/sanatate.md\/ro\/boli-si-tratament\/"},{"@type":"ListItem","position":3,"name":"Boli proctologice","item":"https:\/\/sanatate.md\/ro\/boli-si-tratament\/boli-proctologice\/"},{"@type":"ListItem","position":4,"name":"M\u00eenc\u0103rimea anal\u0103"}]},{"@type":"WebSite","@id":"https:\/\/sanatate.md\/ro\/#website","url":"https:\/\/sanatate.md\/ro\/","name":"Sanatate.md","description":"\u0416\u0443\u0440\u043d\u0430\u043b \u0434\u043b\u044f \u0432\u0441\u0435\u0439 \u0441\u0435\u043c\u044c\u0438 \u0432 \u041c\u043e\u043b\u0434\u043e\u0432\u0435","publisher":{"@id":"https:\/\/sanatate.md\/ro\/#organization"},"potentialAction":[{"@type":"SearchAction","target":{"@type":"EntryPoint","urlTemplate":"https:\/\/sanatate.md\/ro\/?s={search_term_string}"},"query-input":{"@type":"PropertyValueSpecification","valueRequired":true,"valueName":"search_term_string"}}],"inLanguage":"ro-RO"},{"@type":"Organization","@id":"https:\/\/sanatate.md\/ro\/#organization","name":"SANATATE","url":"https:\/\/sanatate.md\/ro\/","logo":{"@type":"ImageObject","inLanguage":"ro-RO","@id":"https:\/\/sanatate.md\/ro\/#\/schema\/logo\/image\/","url":"https:\/\/sanatate.md\/wp-content\/uploads\/2022\/01\/sanatate-logo.svg","contentUrl":"https:\/\/sanatate.md\/wp-content\/uploads\/2022\/01\/sanatate-logo.svg","width":"1024","height":"1024","caption":"SANATATE"},"image":{"@id":"https:\/\/sanatate.md\/ro\/#\/schema\/logo\/image\/"}}]}},"_links":{"self":[{"href":"https:\/\/sanatate.md\/ro\/wp-json\/wp\/v2\/pages\/50693","targetHints":{"allow":["GET"]}}],"collection":[{"href":"https:\/\/sanatate.md\/ro\/wp-json\/wp\/v2\/pages"}],"about":[{"href":"https:\/\/sanatate.md\/ro\/wp-json\/wp\/v2\/types\/page"}],"author":[{"embeddable":true,"href":"https:\/\/sanatate.md\/ro\/wp-json\/wp\/v2\/users\/28"}],"replies":[{"embeddable":true,"href":"https:\/\/sanatate.md\/ro\/wp-json\/wp\/v2\/comments?post=50693"}],"version-history":[{"count":0,"href":"https:\/\/sanatate.md\/ro\/wp-json\/wp\/v2\/pages\/50693\/revisions"}],"up":[{"embeddable":true,"href":"https:\/\/sanatate.md\/ro\/wp-json\/wp\/v2\/pages\/52984"}],"wp:attachment":[{"href":"https:\/\/sanatate.md\/ro\/wp-json\/wp\/v2\/media?parent=50693"}],"curies":[{"name":"wp","href":"https:\/\/api.w.org\/{rel}","templated":true}]}}