{"id":50792,"date":"2018-01-22T18:33:04","date_gmt":"2018-01-22T15:33:04","guid":{"rendered":"https:\/\/sanatate.md\/?page_id=50792"},"modified":"2018-01-22T18:33:04","modified_gmt":"2018-01-22T15:33:04","slug":"absenta","status":"publish","type":"page","link":"https:\/\/sanatate.md\/ro\/boli-si-tratament\/bolile-copiilor\/absenta\/","title":{"rendered":"Absen\u021ba"},"content":{"rendered":"<p>Absen\u021ba (cuv\u00e2nt de origine francez\u0103, \u00eenseamn\u0103 &#8220;absen\u021b\u0103&#8221;) este o boal\u0103 neurologic\u0103, caracterizat\u0103 de convulsii atipice epileptice.<\/p>\n<h3>Absen\u0163a la copii<\/h3>\n<p>Aceast\u0103 boal\u0103 apare la copiii cu v\u00e2rsta \u00eentre 5 \u0219i 6 ani. C\u00e2nd se produce criza, copilul, pentru o perioad\u0103 scurt\u0103 de timp, pierde cuno\u0219tiin\u021ba, \u00een\u0163epene\u015fte.\u00a0Expresia fe\u021bei nu se schimb\u0103, ochii r\u0103m\u00e2n deschi\u015fi, privirea e fixat\u0103, vorbirea lipse\u015fte.<\/p>\n<h3>Tratamentul<\/h3>\n<p>\u00cen tratamentul absen\u021bei cel mai important este somnul s\u0103n\u0103tos.\u00a0 Medicamentele pentru combaterea absen\u021belor sunt cele anti epileptice, anti-convulsii \u0219i care pot ameliora rapid simptomele absen\u021bei.<br \/>\nPentru tratamentul absen\u021bei se prescriu Lamotrigina, Etoxivimida, Valproate.\u00a0 Copiii \u00eenceteaz\u0103 s\u0103 sufere de aceast\u0103 boal\u0103 la dou\u0103zeci de ani.<\/p>\n<h3>Metodele netradi\u021bionale de tratare a crizelor de absen\u021b\u0103<\/h3>\n<p>Sunt necesare 40 de grame de r\u0103d\u0103cini de angelic\u0103 medicinal\u0103, se colecteaz\u0103 balsam de l\u0103m\u00e2ie, urzica c\u00e2inelui, troscot, muscat\u0103, trifoi &#8211; c\u00e2te 20 de grame, r\u0103d\u0103cina Marjin \u0219i cianoza \u2013 c\u00e2te 30 de grame.<\/p>\n<p>Se amestec\u0103 toate ingredientele vegetale, apoi se ia o 1 lingur\u0103 mare de ierburi, peste care se toarn\u0103 jum\u0103tate de litru de ap\u0103 clocotit\u0103. Amestecul se pune la foc \u015fi se fierbe timp de cinci minute.Se las\u0103 p\u00e2n\u0103 diminea\u021ba,\u00a0se filtreaz\u0103 \u015fi se administreaz\u0103 bolnavului de cinci ori pe zi \u00eenainte de a m\u00e2ncare c\u00e2te un sfert de can\u0103.<\/p>\n<h3>Tipurile de absen\u021b\u0103<\/h3>\n<p>Absen\u021ba e de mai multe tipuri.\u00a0La absen\u0163ele epileptice capul este dat peste spate, iar ochii &#8211; peste cap.\u00a0Absen\u021ba mioclonic\u0103 este \u00eenso\u021bit\u0103 de pierderea cuno\u0219tiin\u021bei.\u00a0Un simptom periculos al absen\u021bei sunt convulsiile.<\/p>\n<p>Absen\u021bele atipice mai sunt numite sindromul Lennox-Gastaut. La bolnavii, care au suferit traumatism craniocerebral, apar crizele, care deja sunt frecvente. Printre semnele bolii &#8211; pierderea pentru o perioad\u0103 scurt\u0103 de timp a cun\u0219tien\u021bei, precum \u0219i convulsiile.<br \/>\nLa o absen\u021b\u0103 tipic\u0103, pacientul \u00ee\u0219i pierde cun\u0219tiin\u021ba, expresia facial\u0103 r\u0103m\u00e2ne neschimbat\u0103 \u0219i nu reac\u021bioneaz\u0103 la lumea exterioar\u0103.\u00a0\u00ce\u015fi revine peste c\u00e2teva secunde, dar nu-\u0219i poate aminti criza.<\/p>\n<p>La o absen\u021b\u0103 complex\u0103, pacientul d\u0103 ochii peste cap, corpul este \u00eencordat ca un arc spre spate. Exist\u0103 cazuri c\u00e2nd pacientul cade jos.\u00a0Acest tip de absen\u021b\u0103 este atestat la copiii de 4-5 ani.<\/p>\n<h3>Simptomele absen\u021bei<\/h3>\n<p>Cu o form\u0103 simpl\u0103 a bolii, pacientul nu poate sim\u0163i apropierea crizei, iar<br \/>\ndac\u0103 forma e complex\u0103 &#8212; el \u00ee\u0219i pierde tonusul muscular.\u00a0Aceast\u0103 form\u0103 se caracterizeaz\u0103 prin mi\u015fc\u0103ri mioclonice \u0219i amor\u021beal\u0103 \u00een unele cazuri.\u00a0Absen\u021bele de acest tip pot fi observate, dac\u0103 convulsiile dureaz\u0103 mai mult de zece secunde.<\/p>\n<h3>Bolile concomitente<\/h3>\n<p>Printre bolile, care pot \u00eenso\u021bi absen\u021bele, sunt meningita, encefalita, epilepsia, traumatismele craniocerebrale.<\/p>\n<h3>Cauzele absen\u021bei<\/h3>\n<p>Cauza principal\u0103 &#8212; ereditatea; se\u00a0mai atesteaz\u0103 &#8211; dezechilibrul substan\u0163elor chimice din creier, precum si toxinele din s\u00e2nge.<\/p>\n<h3>Factorii care provoac\u0103 absen\u021ba. M\u0103surile de prevenire.<\/h3>\n<p>Pentru a se proteja de aceast\u0103 afec\u021biune, trebuie s\u0103 se exclud\u0103 factorii, care o provoac\u0103.\u00a0Printre ace\u015ftea &#8211; insuficien\u0163\u0103 de somn, activitatea nocturn\u0103 a creierului, tulbur\u0103rile nervoase.<br \/>\nE dificil de prezis factorii, care provoac\u0103 meningita sau encefalita. Aceste boli nu pot fi intuite, prin urmare, nu e necesar\u0103 o precau\u0163ie.<\/p>\n<h3>Complica\u021biile \u0219i consecin\u021bele absen\u021bei<\/h3>\n<p>Pentru a sc\u0103pa de boala periculoas\u0103, este suficient de f\u0103cut la timp un tratament contra absen\u021bei.\u00a0\u00cen acest caz boala se retrage \u00een nou\u0103zeci la sut\u0103.\u00a0Dar se \u00eent\u00eempl\u0103 \u015fi lucruri triste \u2013 un retard mintal pentru tot restul vie\u021bii.<br \/>\nUn rol foarte important \u00een dezvoltarea absen\u021bei \u00eel are factorul social.<br \/>\n.<\/p>\n","protected":false},"excerpt":{"rendered":"<p>Absen\u021ba (cuv\u00e2nt de origine francez\u0103, \u00eenseamn\u0103 &#8220;absen\u021b\u0103&#8221;) este o boal\u0103 neurologic\u0103, caracterizat\u0103 de convulsii atipice epileptice. Absen\u0163a la copii Aceast\u0103 boal\u0103 apare la copiii cu v\u00e2rsta \u00eentre 5 \u0219i 6 ani. C\u00e2nd se produce criza, copilul, pentru o perioad\u0103 scurt\u0103 de timp, pierde cuno\u0219tiin\u021ba, \u00een\u0163epene\u015fte.\u00a0Expresia fe\u021bei nu se schimb\u0103, ochii r\u0103m\u00e2n deschi\u015fi, privirea e fixat\u0103, [&hellip;]<\/p>\n","protected":false},"author":28,"featured_media":0,"parent":43635,"menu_order":0,"comment_status":"closed","ping_status":"closed","template":"","meta":{"inline_featured_image":false,"footnotes":""},"class_list":["post-50792","page","type-page","status-publish"],"yoast_head":"<!-- This site is optimized with the Yoast SEO plugin v27.3 - https:\/\/yoast.com\/product\/yoast-seo-wordpress\/ -->\n<title>Absen\u021ba<\/title>\n<meta name=\"description\" content=\"Absen\u021ba (cuv\u00e2nt de origine francez\u0103, \u00eenseamn\u0103 &quot;absen\u021b\u0103&quot;) este o boal\u0103 neurologic\u0103, caracterizat\u0103 de convulsii atipice epileptice.\" \/>\n<meta name=\"robots\" content=\"index, follow, max-snippet:-1, max-image-preview:large, max-video-preview:-1\" \/>\n<link rel=\"canonical\" href=\"https:\/\/sanatate.md\/ro\/boli-si-tratament\/bolile-copiilor\/absenta\/\" \/>\n<meta property=\"og:locale\" content=\"ro_RO\" \/>\n<meta property=\"og:type\" content=\"article\" \/>\n<meta property=\"og:title\" content=\"Absen\u021ba\" \/>\n<meta property=\"og:description\" content=\"Absen\u021ba (cuv\u00e2nt de origine francez\u0103, \u00eenseamn\u0103 &quot;absen\u021b\u0103&quot;) este o boal\u0103 neurologic\u0103, caracterizat\u0103 de convulsii atipice epileptice.\" \/>\n<meta property=\"og:url\" content=\"https:\/\/sanatate.md\/ro\/boli-si-tratament\/bolile-copiilor\/absenta\/\" \/>\n<meta property=\"og:site_name\" content=\"Sanatate.md\" \/>\n<meta name=\"twitter:card\" content=\"summary_large_image\" \/>\n<meta name=\"twitter:label1\" content=\"Timp estimat pentru citire\" \/>\n\t<meta name=\"twitter:data1\" content=\"3 minute\" \/>\n<script type=\"application\/ld+json\" class=\"yoast-schema-graph\">{\"@context\":\"https:\\\/\\\/schema.org\",\"@graph\":[{\"@type\":\"WebPage\",\"@id\":\"https:\\\/\\\/sanatate.md\\\/ro\\\/boli-si-tratament\\\/bolile-copiilor\\\/absenta\\\/\",\"url\":\"https:\\\/\\\/sanatate.md\\\/ro\\\/boli-si-tratament\\\/bolile-copiilor\\\/absenta\\\/\",\"name\":\"Absen\u021ba\",\"isPartOf\":{\"@id\":\"https:\\\/\\\/sanatate.md\\\/ro\\\/#website\"},\"datePublished\":\"2018-01-22T15:33:04+00:00\",\"description\":\"Absen\u021ba (cuv\u00e2nt de origine francez\u0103, \u00eenseamn\u0103 \\\"absen\u021b\u0103\\\") este o boal\u0103 neurologic\u0103, caracterizat\u0103 de convulsii atipice epileptice.\",\"breadcrumb\":{\"@id\":\"https:\\\/\\\/sanatate.md\\\/ro\\\/boli-si-tratament\\\/bolile-copiilor\\\/absenta\\\/#breadcrumb\"},\"inLanguage\":\"ro-RO\",\"potentialAction\":[{\"@type\":\"ReadAction\",\"target\":[\"https:\\\/\\\/sanatate.md\\\/ro\\\/boli-si-tratament\\\/bolile-copiilor\\\/absenta\\\/\"]}]},{\"@type\":\"BreadcrumbList\",\"@id\":\"https:\\\/\\\/sanatate.md\\\/ro\\\/boli-si-tratament\\\/bolile-copiilor\\\/absenta\\\/#breadcrumb\",\"itemListElement\":[{\"@type\":\"ListItem\",\"position\":1,\"name\":\"\u0413\u043b\u0430\u0432\u043d\u0430\u044f \u0441\u0442\u0440\u0430\u043d\u0438\u0446\u0430\",\"item\":\"https:\\\/\\\/sanatate.md\\\/ro\\\/\"},{\"@type\":\"ListItem\",\"position\":2,\"name\":\"Boli si tratament\",\"item\":\"https:\\\/\\\/sanatate.md\\\/ro\\\/boli-si-tratament\\\/\"},{\"@type\":\"ListItem\",\"position\":3,\"name\":\"Bolile copiilor\",\"item\":\"https:\\\/\\\/sanatate.md\\\/ro\\\/boli-si-tratament\\\/bolile-copiilor\\\/\"},{\"@type\":\"ListItem\",\"position\":4,\"name\":\"Absen\u021ba\"}]},{\"@type\":\"WebSite\",\"@id\":\"https:\\\/\\\/sanatate.md\\\/ro\\\/#website\",\"url\":\"https:\\\/\\\/sanatate.md\\\/ro\\\/\",\"name\":\"Sanatate.md\",\"description\":\"\u0416\u0443\u0440\u043d\u0430\u043b \u0434\u043b\u044f \u0432\u0441\u0435\u0439 \u0441\u0435\u043c\u044c\u0438 \u0432 \u041c\u043e\u043b\u0434\u043e\u0432\u0435\",\"publisher\":{\"@id\":\"https:\\\/\\\/sanatate.md\\\/ro\\\/#organization\"},\"potentialAction\":[{\"@type\":\"SearchAction\",\"target\":{\"@type\":\"EntryPoint\",\"urlTemplate\":\"https:\\\/\\\/sanatate.md\\\/ro\\\/?s={search_term_string}\"},\"query-input\":{\"@type\":\"PropertyValueSpecification\",\"valueRequired\":true,\"valueName\":\"search_term_string\"}}],\"inLanguage\":\"ro-RO\"},{\"@type\":\"Organization\",\"@id\":\"https:\\\/\\\/sanatate.md\\\/ro\\\/#organization\",\"name\":\"SANATATE\",\"url\":\"https:\\\/\\\/sanatate.md\\\/ro\\\/\",\"logo\":{\"@type\":\"ImageObject\",\"inLanguage\":\"ro-RO\",\"@id\":\"https:\\\/\\\/sanatate.md\\\/ro\\\/#\\\/schema\\\/logo\\\/image\\\/\",\"url\":\"https:\\\/\\\/sanatate.md\\\/wp-content\\\/uploads\\\/2022\\\/01\\\/sanatate-logo.svg\",\"contentUrl\":\"https:\\\/\\\/sanatate.md\\\/wp-content\\\/uploads\\\/2022\\\/01\\\/sanatate-logo.svg\",\"width\":\"1024\",\"height\":\"1024\",\"caption\":\"SANATATE\"},\"image\":{\"@id\":\"https:\\\/\\\/sanatate.md\\\/ro\\\/#\\\/schema\\\/logo\\\/image\\\/\"}}]}<\/script>\n<!-- \/ Yoast SEO plugin. -->","yoast_head_json":{"title":"Absen\u021ba","description":"Absen\u021ba (cuv\u00e2nt de origine francez\u0103, \u00eenseamn\u0103 \"absen\u021b\u0103\") este o boal\u0103 neurologic\u0103, caracterizat\u0103 de convulsii atipice epileptice.","robots":{"index":"index","follow":"follow","max-snippet":"max-snippet:-1","max-image-preview":"max-image-preview:large","max-video-preview":"max-video-preview:-1"},"canonical":"https:\/\/sanatate.md\/ro\/boli-si-tratament\/bolile-copiilor\/absenta\/","og_locale":"ro_RO","og_type":"article","og_title":"Absen\u021ba","og_description":"Absen\u021ba (cuv\u00e2nt de origine francez\u0103, \u00eenseamn\u0103 \"absen\u021b\u0103\") este o boal\u0103 neurologic\u0103, caracterizat\u0103 de convulsii atipice epileptice.","og_url":"https:\/\/sanatate.md\/ro\/boli-si-tratament\/bolile-copiilor\/absenta\/","og_site_name":"Sanatate.md","twitter_card":"summary_large_image","twitter_misc":{"Timp estimat pentru citire":"3 minute"},"schema":{"@context":"https:\/\/schema.org","@graph":[{"@type":"WebPage","@id":"https:\/\/sanatate.md\/ro\/boli-si-tratament\/bolile-copiilor\/absenta\/","url":"https:\/\/sanatate.md\/ro\/boli-si-tratament\/bolile-copiilor\/absenta\/","name":"Absen\u021ba","isPartOf":{"@id":"https:\/\/sanatate.md\/ro\/#website"},"datePublished":"2018-01-22T15:33:04+00:00","description":"Absen\u021ba (cuv\u00e2nt de origine francez\u0103, \u00eenseamn\u0103 \"absen\u021b\u0103\") este o boal\u0103 neurologic\u0103, caracterizat\u0103 de convulsii atipice epileptice.","breadcrumb":{"@id":"https:\/\/sanatate.md\/ro\/boli-si-tratament\/bolile-copiilor\/absenta\/#breadcrumb"},"inLanguage":"ro-RO","potentialAction":[{"@type":"ReadAction","target":["https:\/\/sanatate.md\/ro\/boli-si-tratament\/bolile-copiilor\/absenta\/"]}]},{"@type":"BreadcrumbList","@id":"https:\/\/sanatate.md\/ro\/boli-si-tratament\/bolile-copiilor\/absenta\/#breadcrumb","itemListElement":[{"@type":"ListItem","position":1,"name":"\u0413\u043b\u0430\u0432\u043d\u0430\u044f \u0441\u0442\u0440\u0430\u043d\u0438\u0446\u0430","item":"https:\/\/sanatate.md\/ro\/"},{"@type":"ListItem","position":2,"name":"Boli si tratament","item":"https:\/\/sanatate.md\/ro\/boli-si-tratament\/"},{"@type":"ListItem","position":3,"name":"Bolile copiilor","item":"https:\/\/sanatate.md\/ro\/boli-si-tratament\/bolile-copiilor\/"},{"@type":"ListItem","position":4,"name":"Absen\u021ba"}]},{"@type":"WebSite","@id":"https:\/\/sanatate.md\/ro\/#website","url":"https:\/\/sanatate.md\/ro\/","name":"Sanatate.md","description":"\u0416\u0443\u0440\u043d\u0430\u043b \u0434\u043b\u044f \u0432\u0441\u0435\u0439 \u0441\u0435\u043c\u044c\u0438 \u0432 \u041c\u043e\u043b\u0434\u043e\u0432\u0435","publisher":{"@id":"https:\/\/sanatate.md\/ro\/#organization"},"potentialAction":[{"@type":"SearchAction","target":{"@type":"EntryPoint","urlTemplate":"https:\/\/sanatate.md\/ro\/?s={search_term_string}"},"query-input":{"@type":"PropertyValueSpecification","valueRequired":true,"valueName":"search_term_string"}}],"inLanguage":"ro-RO"},{"@type":"Organization","@id":"https:\/\/sanatate.md\/ro\/#organization","name":"SANATATE","url":"https:\/\/sanatate.md\/ro\/","logo":{"@type":"ImageObject","inLanguage":"ro-RO","@id":"https:\/\/sanatate.md\/ro\/#\/schema\/logo\/image\/","url":"https:\/\/sanatate.md\/wp-content\/uploads\/2022\/01\/sanatate-logo.svg","contentUrl":"https:\/\/sanatate.md\/wp-content\/uploads\/2022\/01\/sanatate-logo.svg","width":"1024","height":"1024","caption":"SANATATE"},"image":{"@id":"https:\/\/sanatate.md\/ro\/#\/schema\/logo\/image\/"}}]}},"_links":{"self":[{"href":"https:\/\/sanatate.md\/ro\/wp-json\/wp\/v2\/pages\/50792","targetHints":{"allow":["GET"]}}],"collection":[{"href":"https:\/\/sanatate.md\/ro\/wp-json\/wp\/v2\/pages"}],"about":[{"href":"https:\/\/sanatate.md\/ro\/wp-json\/wp\/v2\/types\/page"}],"author":[{"embeddable":true,"href":"https:\/\/sanatate.md\/ro\/wp-json\/wp\/v2\/users\/28"}],"replies":[{"embeddable":true,"href":"https:\/\/sanatate.md\/ro\/wp-json\/wp\/v2\/comments?post=50792"}],"version-history":[{"count":0,"href":"https:\/\/sanatate.md\/ro\/wp-json\/wp\/v2\/pages\/50792\/revisions"}],"up":[{"embeddable":true,"href":"https:\/\/sanatate.md\/ro\/wp-json\/wp\/v2\/pages\/43635"}],"wp:attachment":[{"href":"https:\/\/sanatate.md\/ro\/wp-json\/wp\/v2\/media?parent=50792"}],"curies":[{"name":"wp","href":"https:\/\/api.w.org\/{rel}","templated":true}]}}