{"id":50794,"date":"2018-01-22T18:38:42","date_gmt":"2018-01-22T15:38:42","guid":{"rendered":"https:\/\/sanatate.md\/?page_id=50794"},"modified":"2018-01-22T18:38:42","modified_gmt":"2018-01-22T15:38:42","slug":"sindromul-abstinentei","status":"publish","type":"page","link":"https:\/\/sanatate.md\/ro\/boli-si-tratament\/boli-narcologice\/sindromul-abstinentei\/","title":{"rendered":"Sindromul abstinen\u021bei"},"content":{"rendered":"<p>Acest sindrom este unul dintre principalele simptome ale dependen\u021bei de droguri, tutun \u0219i alcool \u00eentr-o form\u0103 cronic\u0103. Se caracterizeaz\u0103 prin tulbur\u0103ri mentale \u0219i somatice.<\/p>\n<p>Aceste simptome apar, c\u00e2nd pacientul \u00eentrerupe prompt utilizarea stupefiantelor \u0219i b\u0103uturilor alcoolice sau reduce doza lor. Tulbur\u0103rile de psihic &#8212; tulbur\u0103ri de somn, transpira\u021bie excesiv\u0103, b\u0103t\u0103i rapide ale inimii \u0219i altele.<\/p>\n<h3>Sindromul de abstinen\u0163\u0103 cu dependen\u021b\u0103<\/h3>\n<p>Acest sindrom poate fi resim\u021bit de dependen\u021bii de droguri. Se dezvolt\u0103 dac\u0103 se \u00eenceteaz\u0103 s\u0103 fie utilizate drogurile dup\u0103 24 de ore sau mai mult. Gradul de severitate al unui anumit sindrom depinde de modul, \u00een care pacientul a injectat o doz\u0103 mare de substan\u021b\u0103.<\/p>\n<p>Dezvoltarea acestui sindrom este asociat cu tipul de substan\u021b\u0103 \u0219i cu doza, pe care consumatorul a luat-o \u00eenainte de a renun\u0163a sau a redus consumul.<\/p>\n<h3>Sindromul de abstinen\u0163\u0103 \u015fi alcoolismul<\/h3>\n<p>La persoanele, care abuzeaz\u0103 de alcool acest sindrom poate \u00eencepe peste \u0219apte p\u00e2n\u0103 la zece ore dup\u0103 \u00eentreruperea consumului de alcool. Consumul de alcool \u00eentrerupe tulbur\u0103rile de retragere de tip abstinent.<\/p>\n<p>\u00cen faza incipient\u0103 a bolii, abstinen\u021ba apare numai dup\u0103 doze excesive de b\u0103uturi alcoolice, \u00een continuare &#8212; nu mai depinde de cantitatea de alcool consumat\u0103.<\/p>\n<h3>Sindromul abstinen\u021bei \u015fi fumatul<\/h3>\n<p>Primele simptome ale acestei afec\u021biuni, de regul\u0103, apar la 30 de minute dup\u0103 fumat: pacientul are o dorin\u021b\u0103 puternic\u0103 de a mirosi tutunul.<\/p>\n<p>Disconfortul \u00eencepe \u00een 2-3 ore, iar dup\u0103 7-8 ore, se observ\u0103 o nervozitate. Pentru a renun\u021ba la nicotin\u0103 e nevoie de mult timp &#8212; 1,5 \u2013 2 ani.<\/p>\n<h3>Cauzele<\/h3>\n<p>De ce apare acest sindrom? S\u0103 analiz\u0103m motivele pe exemplul dependen\u021bei de b\u0103uturile alcoolice. Aceast\u0103 afec\u021biune survine dac\u0103 pacientul a consumat mult timp alcoolul. Doar produsele de descompunere a etanolului se acumuleaz\u0103 \u00een s\u00e2nge.<\/p>\n<p>Compu\u0219ii toxici s-au creat ca urmare a descompunerii moleculei de etanol. Dac\u0103 o persoan\u0103 are un organism s\u0103n\u0103tos, el produce enzime, care neutralizeaz\u0103 toxinele.<\/p>\n<p>\u00cen cazul, \u00een care exist\u0103 prea mult alcool \u00een s\u00e2nge \u0219i ficatul a suferit schimb\u0103ri provocate de consumul prelungit de b\u0103uturi alcoolice, enzime speciale de neutralizare nu sunt suficiente \u0219i \u00een organism intr\u0103 un num\u0103r mare de toxine.<\/p>\n<h3>C\u00e2t dureaz\u0103 sindromul de abstinen\u0163\u0103?<\/h3>\n<p>Acest sindrom dureaz\u0103 de obicei de la 2-3 ore p\u00e2n\u0103 la c\u00e2teva zile.<\/p>\n<h3>Consecin\u0163ele<\/h3>\n<p>Consecin\u021bele sindromului &#8211; s\u00e2ngerarea gastrointestinal\u0103, hemoroizii, halucina\u021bii,<\/p>\n<p>tensiune arterial\u0103 \u00eenalt\u0103 \u0219i chiar adesea apar accidente vascular cerebrale. Se pot \u00eent\u00e2mpla convulsii, care duc la insuficien\u021b\u0103 respiratorie \u0219i deces.<\/p>\n<h3>Simptomele bolii<\/h3>\n<p>Simptome u\u0219oare pot ap\u0103rea dup\u0103 c\u00e2teva ore p\u00e2n\u0103 la zece zile dup\u0103 \u00eentreruperea consumului de alcool. C\u00e2nd pacientul \u00eencepe din nou s\u0103 consume b\u0103uturi, aceste simptome dispar rapid. Ceea ce nu se poate spune despre urm\u0103toarele simptome mai severe, care apar peste 48 p\u00e2n\u0103 la 96 de ore .<\/p>\n<p>Uneori acest sindrom se nume\u0219te febr\u0103 alb\u0103. Pacientul poate avea simptome abia vizibile de nervozitate \u0219i atitudine negativ\u0103 fa\u021b\u0103 de multe lucruri.<\/p>\n<h3>Tratamentul<\/h3>\n<p>Tratamentul se face sub \u00eendrumarea unui medic. Sindromul de abstinen\u021b\u0103 a alcoolului poate fi vindecat cu ajutorul terapiei speciale. Desigur, prima regul\u0103 &#8212; pacientul trebuie s\u0103 fie treaz.<\/p>\n<p>Expertul \u00een narcologie, care trateaz\u0103 asemenea pacien\u021bi, \u00eentroduce intravenos solu\u021bii de sare, care elimin\u0103 toxinele din organism. \u00cen terapia complex\u0103, medicul include perfuzii, diuretice \u0219i sedative.<\/p>\n","protected":false},"excerpt":{"rendered":"<p>Acest sindrom este unul dintre principalele simptome ale dependen\u021bei de droguri, tutun \u0219i alcool \u00eentr-o form\u0103 cronic\u0103. Se caracterizeaz\u0103 prin tulbur\u0103ri mentale \u0219i somatice. Aceste simptome apar, c\u00e2nd pacientul \u00eentrerupe prompt utilizarea stupefiantelor \u0219i b\u0103uturilor alcoolice sau reduce doza lor. Tulbur\u0103rile de psihic &#8212; tulbur\u0103ri de somn, transpira\u021bie excesiv\u0103, b\u0103t\u0103i rapide ale inimii \u0219i altele. [&hellip;]<\/p>\n","protected":false},"author":28,"featured_media":0,"parent":44105,"menu_order":0,"comment_status":"closed","ping_status":"closed","template":"","meta":{"inline_featured_image":false,"footnotes":""},"class_list":["post-50794","page","type-page","status-publish"],"yoast_head":"<!-- This site is optimized with the Yoast SEO plugin v27.3 - https:\/\/yoast.com\/product\/yoast-seo-wordpress\/ -->\n<title>Sindromul abstinen\u021bei<\/title>\n<meta name=\"description\" content=\"Acest sindrom este unul dintre principalele simptome ale dependen\u021bei de droguri, tutun \u0219i alcool \u00eentr-o form\u0103 cronic\u0103. Se caracterizeaz\u0103 prin tulbur\u0103ri mentale \u0219i somatice.\" \/>\n<meta name=\"robots\" content=\"index, follow, max-snippet:-1, max-image-preview:large, max-video-preview:-1\" \/>\n<link rel=\"canonical\" href=\"https:\/\/sanatate.md\/ro\/boli-si-tratament\/boli-narcologice\/sindromul-abstinentei\/\" \/>\n<meta property=\"og:locale\" content=\"ro_RO\" \/>\n<meta property=\"og:type\" content=\"article\" \/>\n<meta property=\"og:title\" content=\"Sindromul abstinen\u021bei\" \/>\n<meta property=\"og:description\" content=\"Acest sindrom este unul dintre principalele simptome ale dependen\u021bei de droguri, tutun \u0219i alcool \u00eentr-o form\u0103 cronic\u0103. Se caracterizeaz\u0103 prin tulbur\u0103ri mentale \u0219i somatice.\" \/>\n<meta property=\"og:url\" content=\"https:\/\/sanatate.md\/ro\/boli-si-tratament\/boli-narcologice\/sindromul-abstinentei\/\" \/>\n<meta property=\"og:site_name\" content=\"Sanatate.md\" \/>\n<meta name=\"twitter:card\" content=\"summary_large_image\" \/>\n<meta name=\"twitter:label1\" content=\"Timp estimat pentru citire\" \/>\n\t<meta name=\"twitter:data1\" content=\"3 minute\" \/>\n<script type=\"application\/ld+json\" class=\"yoast-schema-graph\">{\"@context\":\"https:\\\/\\\/schema.org\",\"@graph\":[{\"@type\":\"WebPage\",\"@id\":\"https:\\\/\\\/sanatate.md\\\/ro\\\/boli-si-tratament\\\/boli-narcologice\\\/sindromul-abstinentei\\\/\",\"url\":\"https:\\\/\\\/sanatate.md\\\/ro\\\/boli-si-tratament\\\/boli-narcologice\\\/sindromul-abstinentei\\\/\",\"name\":\"Sindromul abstinen\u021bei\",\"isPartOf\":{\"@id\":\"https:\\\/\\\/sanatate.md\\\/ro\\\/#website\"},\"datePublished\":\"2018-01-22T15:38:42+00:00\",\"description\":\"Acest sindrom este unul dintre principalele simptome ale dependen\u021bei de droguri, tutun \u0219i alcool \u00eentr-o form\u0103 cronic\u0103. Se caracterizeaz\u0103 prin tulbur\u0103ri mentale \u0219i somatice.\",\"breadcrumb\":{\"@id\":\"https:\\\/\\\/sanatate.md\\\/ro\\\/boli-si-tratament\\\/boli-narcologice\\\/sindromul-abstinentei\\\/#breadcrumb\"},\"inLanguage\":\"ro-RO\",\"potentialAction\":[{\"@type\":\"ReadAction\",\"target\":[\"https:\\\/\\\/sanatate.md\\\/ro\\\/boli-si-tratament\\\/boli-narcologice\\\/sindromul-abstinentei\\\/\"]}]},{\"@type\":\"BreadcrumbList\",\"@id\":\"https:\\\/\\\/sanatate.md\\\/ro\\\/boli-si-tratament\\\/boli-narcologice\\\/sindromul-abstinentei\\\/#breadcrumb\",\"itemListElement\":[{\"@type\":\"ListItem\",\"position\":1,\"name\":\"\u0413\u043b\u0430\u0432\u043d\u0430\u044f \u0441\u0442\u0440\u0430\u043d\u0438\u0446\u0430\",\"item\":\"https:\\\/\\\/sanatate.md\\\/ro\\\/\"},{\"@type\":\"ListItem\",\"position\":2,\"name\":\"Boli si tratament\",\"item\":\"https:\\\/\\\/sanatate.md\\\/ro\\\/boli-si-tratament\\\/\"},{\"@type\":\"ListItem\",\"position\":3,\"name\":\"Boli narcologice\",\"item\":\"https:\\\/\\\/sanatate.md\\\/ro\\\/boli-si-tratament\\\/boli-narcologice\\\/\"},{\"@type\":\"ListItem\",\"position\":4,\"name\":\"Sindromul abstinen\u021bei\"}]},{\"@type\":\"WebSite\",\"@id\":\"https:\\\/\\\/sanatate.md\\\/ro\\\/#website\",\"url\":\"https:\\\/\\\/sanatate.md\\\/ro\\\/\",\"name\":\"Sanatate.md\",\"description\":\"\u0416\u0443\u0440\u043d\u0430\u043b \u0434\u043b\u044f \u0432\u0441\u0435\u0439 \u0441\u0435\u043c\u044c\u0438 \u0432 \u041c\u043e\u043b\u0434\u043e\u0432\u0435\",\"publisher\":{\"@id\":\"https:\\\/\\\/sanatate.md\\\/ro\\\/#organization\"},\"potentialAction\":[{\"@type\":\"SearchAction\",\"target\":{\"@type\":\"EntryPoint\",\"urlTemplate\":\"https:\\\/\\\/sanatate.md\\\/ro\\\/?s={search_term_string}\"},\"query-input\":{\"@type\":\"PropertyValueSpecification\",\"valueRequired\":true,\"valueName\":\"search_term_string\"}}],\"inLanguage\":\"ro-RO\"},{\"@type\":\"Organization\",\"@id\":\"https:\\\/\\\/sanatate.md\\\/ro\\\/#organization\",\"name\":\"SANATATE\",\"url\":\"https:\\\/\\\/sanatate.md\\\/ro\\\/\",\"logo\":{\"@type\":\"ImageObject\",\"inLanguage\":\"ro-RO\",\"@id\":\"https:\\\/\\\/sanatate.md\\\/ro\\\/#\\\/schema\\\/logo\\\/image\\\/\",\"url\":\"https:\\\/\\\/sanatate.md\\\/wp-content\\\/uploads\\\/2022\\\/01\\\/sanatate-logo.svg\",\"contentUrl\":\"https:\\\/\\\/sanatate.md\\\/wp-content\\\/uploads\\\/2022\\\/01\\\/sanatate-logo.svg\",\"width\":\"1024\",\"height\":\"1024\",\"caption\":\"SANATATE\"},\"image\":{\"@id\":\"https:\\\/\\\/sanatate.md\\\/ro\\\/#\\\/schema\\\/logo\\\/image\\\/\"}}]}<\/script>\n<!-- \/ Yoast SEO plugin. -->","yoast_head_json":{"title":"Sindromul abstinen\u021bei","description":"Acest sindrom este unul dintre principalele simptome ale dependen\u021bei de droguri, tutun \u0219i alcool \u00eentr-o form\u0103 cronic\u0103. Se caracterizeaz\u0103 prin tulbur\u0103ri mentale \u0219i somatice.","robots":{"index":"index","follow":"follow","max-snippet":"max-snippet:-1","max-image-preview":"max-image-preview:large","max-video-preview":"max-video-preview:-1"},"canonical":"https:\/\/sanatate.md\/ro\/boli-si-tratament\/boli-narcologice\/sindromul-abstinentei\/","og_locale":"ro_RO","og_type":"article","og_title":"Sindromul abstinen\u021bei","og_description":"Acest sindrom este unul dintre principalele simptome ale dependen\u021bei de droguri, tutun \u0219i alcool \u00eentr-o form\u0103 cronic\u0103. Se caracterizeaz\u0103 prin tulbur\u0103ri mentale \u0219i somatice.","og_url":"https:\/\/sanatate.md\/ro\/boli-si-tratament\/boli-narcologice\/sindromul-abstinentei\/","og_site_name":"Sanatate.md","twitter_card":"summary_large_image","twitter_misc":{"Timp estimat pentru citire":"3 minute"},"schema":{"@context":"https:\/\/schema.org","@graph":[{"@type":"WebPage","@id":"https:\/\/sanatate.md\/ro\/boli-si-tratament\/boli-narcologice\/sindromul-abstinentei\/","url":"https:\/\/sanatate.md\/ro\/boli-si-tratament\/boli-narcologice\/sindromul-abstinentei\/","name":"Sindromul abstinen\u021bei","isPartOf":{"@id":"https:\/\/sanatate.md\/ro\/#website"},"datePublished":"2018-01-22T15:38:42+00:00","description":"Acest sindrom este unul dintre principalele simptome ale dependen\u021bei de droguri, tutun \u0219i alcool \u00eentr-o form\u0103 cronic\u0103. Se caracterizeaz\u0103 prin tulbur\u0103ri mentale \u0219i somatice.","breadcrumb":{"@id":"https:\/\/sanatate.md\/ro\/boli-si-tratament\/boli-narcologice\/sindromul-abstinentei\/#breadcrumb"},"inLanguage":"ro-RO","potentialAction":[{"@type":"ReadAction","target":["https:\/\/sanatate.md\/ro\/boli-si-tratament\/boli-narcologice\/sindromul-abstinentei\/"]}]},{"@type":"BreadcrumbList","@id":"https:\/\/sanatate.md\/ro\/boli-si-tratament\/boli-narcologice\/sindromul-abstinentei\/#breadcrumb","itemListElement":[{"@type":"ListItem","position":1,"name":"\u0413\u043b\u0430\u0432\u043d\u0430\u044f \u0441\u0442\u0440\u0430\u043d\u0438\u0446\u0430","item":"https:\/\/sanatate.md\/ro\/"},{"@type":"ListItem","position":2,"name":"Boli si tratament","item":"https:\/\/sanatate.md\/ro\/boli-si-tratament\/"},{"@type":"ListItem","position":3,"name":"Boli narcologice","item":"https:\/\/sanatate.md\/ro\/boli-si-tratament\/boli-narcologice\/"},{"@type":"ListItem","position":4,"name":"Sindromul abstinen\u021bei"}]},{"@type":"WebSite","@id":"https:\/\/sanatate.md\/ro\/#website","url":"https:\/\/sanatate.md\/ro\/","name":"Sanatate.md","description":"\u0416\u0443\u0440\u043d\u0430\u043b \u0434\u043b\u044f \u0432\u0441\u0435\u0439 \u0441\u0435\u043c\u044c\u0438 \u0432 \u041c\u043e\u043b\u0434\u043e\u0432\u0435","publisher":{"@id":"https:\/\/sanatate.md\/ro\/#organization"},"potentialAction":[{"@type":"SearchAction","target":{"@type":"EntryPoint","urlTemplate":"https:\/\/sanatate.md\/ro\/?s={search_term_string}"},"query-input":{"@type":"PropertyValueSpecification","valueRequired":true,"valueName":"search_term_string"}}],"inLanguage":"ro-RO"},{"@type":"Organization","@id":"https:\/\/sanatate.md\/ro\/#organization","name":"SANATATE","url":"https:\/\/sanatate.md\/ro\/","logo":{"@type":"ImageObject","inLanguage":"ro-RO","@id":"https:\/\/sanatate.md\/ro\/#\/schema\/logo\/image\/","url":"https:\/\/sanatate.md\/wp-content\/uploads\/2022\/01\/sanatate-logo.svg","contentUrl":"https:\/\/sanatate.md\/wp-content\/uploads\/2022\/01\/sanatate-logo.svg","width":"1024","height":"1024","caption":"SANATATE"},"image":{"@id":"https:\/\/sanatate.md\/ro\/#\/schema\/logo\/image\/"}}]}},"_links":{"self":[{"href":"https:\/\/sanatate.md\/ro\/wp-json\/wp\/v2\/pages\/50794","targetHints":{"allow":["GET"]}}],"collection":[{"href":"https:\/\/sanatate.md\/ro\/wp-json\/wp\/v2\/pages"}],"about":[{"href":"https:\/\/sanatate.md\/ro\/wp-json\/wp\/v2\/types\/page"}],"author":[{"embeddable":true,"href":"https:\/\/sanatate.md\/ro\/wp-json\/wp\/v2\/users\/28"}],"replies":[{"embeddable":true,"href":"https:\/\/sanatate.md\/ro\/wp-json\/wp\/v2\/comments?post=50794"}],"version-history":[{"count":0,"href":"https:\/\/sanatate.md\/ro\/wp-json\/wp\/v2\/pages\/50794\/revisions"}],"up":[{"embeddable":true,"href":"https:\/\/sanatate.md\/ro\/wp-json\/wp\/v2\/pages\/44105"}],"wp:attachment":[{"href":"https:\/\/sanatate.md\/ro\/wp-json\/wp\/v2\/media?parent=50794"}],"curies":[{"name":"wp","href":"https:\/\/api.w.org\/{rel}","templated":true}]}}