{"id":50797,"date":"2018-01-22T18:47:10","date_gmt":"2018-01-22T15:47:10","guid":{"rendered":"https:\/\/sanatate.md\/?page_id=50797"},"modified":"2018-01-22T18:47:10","modified_gmt":"2018-01-22T15:47:10","slug":"avitaminozele","status":"publish","type":"page","link":"https:\/\/sanatate.md\/ro\/boli-si-tratament\/boli-comune\/avitaminozele\/","title":{"rendered":"Avitaminozele"},"content":{"rendered":"<p>Avitaminoza este o boal\u0103, consecin\u0163\u0103 a unei diete dezechilibrate, \u00een care lipsesc vitaminele.\u00a0\u00cen cazul \u00een care organismul nu are vitaminele necesare, apar diverse afec\u021biuni.\u00a0De exemplu, lipsa vitaminei C conduce spre scorbut, B1 \u2013 boala beriberi.\u00a0Dac\u0103 lipse\u015fte vitamina D, se dezvolt\u0103 rahitismul, iar dac\u0103 vitamin\u0103 PP nu e \u00een cantitate suficient\u0103 &#8211; se formeaz\u0103 pelagra.<\/p>\n<h3>Tipurile<\/h3>\n<p>\u00cen practica medical\u0103, exist\u0103 hipovitaminoza primar\u0103 \u0219i secundar\u0103. Primul tip apare, dac\u0103 \u00een organism nu intr\u0103 cu alimente anumite vitamine.\u00a0Al doilea tip se caracterizeaz\u0103 prin faptul, c\u0103 vitaminele care intr\u0103 \u00een tractul gastro-intestinal nu se descompun complet.<\/p>\n<p>De asemenea, natura secundar\u0103 a acestei boli poate cauza excesului de antibiotice folosite o perioad\u0103 lung\u0103.<\/p>\n<h3>Cauzele de dezvoltare a avitaminozei<\/h3>\n<p>Principalii factori, c\u0103 organismul nu prime\u0219te suficiente vitamine \u0219i minerale, sunt alimentarea cu produse de calitate proast\u0103 \u0219i alimentarea dezechilibrat\u0103.<\/p>\n<p>Al doilea motiv &#8212; este faptul, c\u0103 persoana consum\u0103 adesea alimente fast-food, alimente conservate.\u00a0 Pacien\u021bii, care se pl\u00e2ng de deficitul de vitamine, de regul\u0103, au un mod inadmisibil de alimentare.<\/p>\n<p>Un factor important este ecologia.<\/p>\n<p>O persoan\u0103 s\u0103n\u0103toas\u0103 ar trebui s\u0103 primeasc\u0103 vitamine \u0219i minerale pentru a avea un metabolism bun ca \u021besuturile organismului s\u0103 regenereze la timp.<\/p>\n<h3>Simptomele avitaminozei<\/h3>\n<p>Pacientului \u00eei este foarte dificil s\u0103 se trezeasc\u0103 diminea\u021ba, el vrea permanent s\u0103 doarm\u0103, chiar dac\u0103 a avut un somn bun, pe tot parcursul zilei se simte obosit. El prezint\u0103 o anumit\u0103 iritabilitate, \u00een unele cazuri are depresie, \u00eei e dificil s\u0103 se concentreze.<br \/>\nDe asemenea, un factor important al acestei boli este deteriorarea dermei \u0219i, desigur, sc\u0103derea imunit\u0103\u021bii.<\/p>\n<h3>Tratamentul<\/h3>\n<p>Pentru a preveni boala, e necesar\u0103 o alimentare bun\u0103 \u0219i la timp, organismul are nevoie de un num\u0103r mare de gr\u0103simi, proteine \u200b\u200b\u0219i carbohidra\u021bi.\u00a0Pentru perioada de iarn\u0103-prim\u0103var\u0103, medicii recomand\u0103, mai multe fructe, legume \u0219i verde\u021buri. E\u00a0important un consum echilibrat de pe\u0219te \u0219i carne de pas\u0103re, deoarece acestea con\u021bin aminoacizi \u0219i vitamine, de care organismul are nevoie at\u00e2t de mult<\/p>\n<h3>Profilaxia<\/h3>\n<p>Ast\u0103zi exist\u0103 sute de tipuri de vitamine \u00een diferite forme \u015fi combina\u0163ii.\u00a0Medicii recomand\u0103 de dou\u0103 ori pe an s\u0103 se fac\u0103 cure cu vitamine.\u00a0Pentru a alege acele, care v\u0103 vor fi utile pentru s\u0103n\u0103tate, trebuie s\u0103 fi\u0163i aten\u021bi din ce sunt produse.<\/p>\n<p>De exemplu, exist\u0103 pastile care con\u021bin vitaminele C, B, D, dar sunt \u015fi din cele care con\u021bin microelemente (fier, cupru, zinc).\u00a0Fiecare persoan\u0103 trebuie s\u0103 aleag\u0103 un complex de vitamine \u00een func\u021bie de nevoile organismului.<\/p>\n","protected":false},"excerpt":{"rendered":"<p>Avitaminoza este o boal\u0103, consecin\u0163\u0103 a unei diete dezechilibrate, \u00een care lipsesc vitaminele.\u00a0\u00cen cazul \u00een care organismul nu are vitaminele necesare, apar diverse afec\u021biuni.\u00a0De exemplu, lipsa vitaminei C conduce spre scorbut, B1 \u2013 boala beriberi.\u00a0Dac\u0103 lipse\u015fte vitamina D, se dezvolt\u0103 rahitismul, iar dac\u0103 vitamin\u0103 PP nu e \u00een cantitate suficient\u0103 &#8211; se formeaz\u0103 pelagra. Tipurile [&hellip;]<\/p>\n","protected":false},"author":28,"featured_media":0,"parent":53020,"menu_order":0,"comment_status":"closed","ping_status":"closed","template":"","meta":{"inline_featured_image":false,"footnotes":""},"class_list":["post-50797","page","type-page","status-publish"],"yoast_head":"<!-- This site is optimized with the Yoast SEO plugin v27.3 - https:\/\/yoast.com\/product\/yoast-seo-wordpress\/ -->\n<title>Avitaminozele<\/title>\n<meta name=\"description\" content=\"Avitaminoza este o boal\u0103, consecin\u0163\u0103 a unei diete dezechilibrate, \u00een care lipsesc vitaminele.\u00a0\u00cen cazul \u00een care organismul nu are vitaminele necesare, apar diverse afec\u021biuni.\" \/>\n<meta name=\"robots\" content=\"index, follow, max-snippet:-1, max-image-preview:large, max-video-preview:-1\" \/>\n<link rel=\"canonical\" href=\"https:\/\/sanatate.md\/ro\/boli-si-tratament\/boli-comune\/avitaminozele\/\" \/>\n<meta property=\"og:locale\" content=\"ro_RO\" \/>\n<meta property=\"og:type\" content=\"article\" \/>\n<meta property=\"og:title\" content=\"Avitaminozele\" \/>\n<meta property=\"og:description\" content=\"Avitaminoza este o boal\u0103, consecin\u0163\u0103 a unei diete dezechilibrate, \u00een care lipsesc vitaminele.\u00a0\u00cen cazul \u00een care organismul nu are vitaminele necesare, apar diverse afec\u021biuni.\" \/>\n<meta property=\"og:url\" content=\"https:\/\/sanatate.md\/ro\/boli-si-tratament\/boli-comune\/avitaminozele\/\" \/>\n<meta property=\"og:site_name\" content=\"Sanatate.md\" \/>\n<meta name=\"twitter:card\" content=\"summary_large_image\" \/>\n<meta name=\"twitter:label1\" content=\"Timp estimat pentru citire\" \/>\n\t<meta name=\"twitter:data1\" content=\"2 minute\" \/>\n<script type=\"application\/ld+json\" class=\"yoast-schema-graph\">{\"@context\":\"https:\\\/\\\/schema.org\",\"@graph\":[{\"@type\":\"WebPage\",\"@id\":\"https:\\\/\\\/sanatate.md\\\/ro\\\/boli-si-tratament\\\/boli-comune\\\/avitaminozele\\\/\",\"url\":\"https:\\\/\\\/sanatate.md\\\/ro\\\/boli-si-tratament\\\/boli-comune\\\/avitaminozele\\\/\",\"name\":\"Avitaminozele\",\"isPartOf\":{\"@id\":\"https:\\\/\\\/sanatate.md\\\/ro\\\/#website\"},\"datePublished\":\"2018-01-22T15:47:10+00:00\",\"description\":\"Avitaminoza este o boal\u0103, consecin\u0163\u0103 a unei diete dezechilibrate, \u00een care lipsesc vitaminele.\u00a0\u00cen cazul \u00een care organismul nu are vitaminele necesare, apar diverse afec\u021biuni.\",\"breadcrumb\":{\"@id\":\"https:\\\/\\\/sanatate.md\\\/ro\\\/boli-si-tratament\\\/boli-comune\\\/avitaminozele\\\/#breadcrumb\"},\"inLanguage\":\"ro-RO\",\"potentialAction\":[{\"@type\":\"ReadAction\",\"target\":[\"https:\\\/\\\/sanatate.md\\\/ro\\\/boli-si-tratament\\\/boli-comune\\\/avitaminozele\\\/\"]}]},{\"@type\":\"BreadcrumbList\",\"@id\":\"https:\\\/\\\/sanatate.md\\\/ro\\\/boli-si-tratament\\\/boli-comune\\\/avitaminozele\\\/#breadcrumb\",\"itemListElement\":[{\"@type\":\"ListItem\",\"position\":1,\"name\":\"\u0413\u043b\u0430\u0432\u043d\u0430\u044f \u0441\u0442\u0440\u0430\u043d\u0438\u0446\u0430\",\"item\":\"https:\\\/\\\/sanatate.md\\\/ro\\\/\"},{\"@type\":\"ListItem\",\"position\":2,\"name\":\"Boli si tratament\",\"item\":\"https:\\\/\\\/sanatate.md\\\/ro\\\/boli-si-tratament\\\/\"},{\"@type\":\"ListItem\",\"position\":3,\"name\":\"Boli comune\",\"item\":\"https:\\\/\\\/sanatate.md\\\/ro\\\/boli-si-tratament\\\/boli-comune\\\/\"},{\"@type\":\"ListItem\",\"position\":4,\"name\":\"Avitaminozele\"}]},{\"@type\":\"WebSite\",\"@id\":\"https:\\\/\\\/sanatate.md\\\/ro\\\/#website\",\"url\":\"https:\\\/\\\/sanatate.md\\\/ro\\\/\",\"name\":\"Sanatate.md\",\"description\":\"\u0416\u0443\u0440\u043d\u0430\u043b \u0434\u043b\u044f \u0432\u0441\u0435\u0439 \u0441\u0435\u043c\u044c\u0438 \u0432 \u041c\u043e\u043b\u0434\u043e\u0432\u0435\",\"publisher\":{\"@id\":\"https:\\\/\\\/sanatate.md\\\/ro\\\/#organization\"},\"potentialAction\":[{\"@type\":\"SearchAction\",\"target\":{\"@type\":\"EntryPoint\",\"urlTemplate\":\"https:\\\/\\\/sanatate.md\\\/ro\\\/?s={search_term_string}\"},\"query-input\":{\"@type\":\"PropertyValueSpecification\",\"valueRequired\":true,\"valueName\":\"search_term_string\"}}],\"inLanguage\":\"ro-RO\"},{\"@type\":\"Organization\",\"@id\":\"https:\\\/\\\/sanatate.md\\\/ro\\\/#organization\",\"name\":\"SANATATE\",\"url\":\"https:\\\/\\\/sanatate.md\\\/ro\\\/\",\"logo\":{\"@type\":\"ImageObject\",\"inLanguage\":\"ro-RO\",\"@id\":\"https:\\\/\\\/sanatate.md\\\/ro\\\/#\\\/schema\\\/logo\\\/image\\\/\",\"url\":\"https:\\\/\\\/sanatate.md\\\/wp-content\\\/uploads\\\/2022\\\/01\\\/sanatate-logo.svg\",\"contentUrl\":\"https:\\\/\\\/sanatate.md\\\/wp-content\\\/uploads\\\/2022\\\/01\\\/sanatate-logo.svg\",\"width\":\"1024\",\"height\":\"1024\",\"caption\":\"SANATATE\"},\"image\":{\"@id\":\"https:\\\/\\\/sanatate.md\\\/ro\\\/#\\\/schema\\\/logo\\\/image\\\/\"}}]}<\/script>\n<!-- \/ Yoast SEO plugin. -->","yoast_head_json":{"title":"Avitaminozele","description":"Avitaminoza este o boal\u0103, consecin\u0163\u0103 a unei diete dezechilibrate, \u00een care lipsesc vitaminele.\u00a0\u00cen cazul \u00een care organismul nu are vitaminele necesare, apar diverse afec\u021biuni.","robots":{"index":"index","follow":"follow","max-snippet":"max-snippet:-1","max-image-preview":"max-image-preview:large","max-video-preview":"max-video-preview:-1"},"canonical":"https:\/\/sanatate.md\/ro\/boli-si-tratament\/boli-comune\/avitaminozele\/","og_locale":"ro_RO","og_type":"article","og_title":"Avitaminozele","og_description":"Avitaminoza este o boal\u0103, consecin\u0163\u0103 a unei diete dezechilibrate, \u00een care lipsesc vitaminele.\u00a0\u00cen cazul \u00een care organismul nu are vitaminele necesare, apar diverse afec\u021biuni.","og_url":"https:\/\/sanatate.md\/ro\/boli-si-tratament\/boli-comune\/avitaminozele\/","og_site_name":"Sanatate.md","twitter_card":"summary_large_image","twitter_misc":{"Timp estimat pentru citire":"2 minute"},"schema":{"@context":"https:\/\/schema.org","@graph":[{"@type":"WebPage","@id":"https:\/\/sanatate.md\/ro\/boli-si-tratament\/boli-comune\/avitaminozele\/","url":"https:\/\/sanatate.md\/ro\/boli-si-tratament\/boli-comune\/avitaminozele\/","name":"Avitaminozele","isPartOf":{"@id":"https:\/\/sanatate.md\/ro\/#website"},"datePublished":"2018-01-22T15:47:10+00:00","description":"Avitaminoza este o boal\u0103, consecin\u0163\u0103 a unei diete dezechilibrate, \u00een care lipsesc vitaminele.\u00a0\u00cen cazul \u00een care organismul nu are vitaminele necesare, apar diverse afec\u021biuni.","breadcrumb":{"@id":"https:\/\/sanatate.md\/ro\/boli-si-tratament\/boli-comune\/avitaminozele\/#breadcrumb"},"inLanguage":"ro-RO","potentialAction":[{"@type":"ReadAction","target":["https:\/\/sanatate.md\/ro\/boli-si-tratament\/boli-comune\/avitaminozele\/"]}]},{"@type":"BreadcrumbList","@id":"https:\/\/sanatate.md\/ro\/boli-si-tratament\/boli-comune\/avitaminozele\/#breadcrumb","itemListElement":[{"@type":"ListItem","position":1,"name":"\u0413\u043b\u0430\u0432\u043d\u0430\u044f \u0441\u0442\u0440\u0430\u043d\u0438\u0446\u0430","item":"https:\/\/sanatate.md\/ro\/"},{"@type":"ListItem","position":2,"name":"Boli si tratament","item":"https:\/\/sanatate.md\/ro\/boli-si-tratament\/"},{"@type":"ListItem","position":3,"name":"Boli comune","item":"https:\/\/sanatate.md\/ro\/boli-si-tratament\/boli-comune\/"},{"@type":"ListItem","position":4,"name":"Avitaminozele"}]},{"@type":"WebSite","@id":"https:\/\/sanatate.md\/ro\/#website","url":"https:\/\/sanatate.md\/ro\/","name":"Sanatate.md","description":"\u0416\u0443\u0440\u043d\u0430\u043b \u0434\u043b\u044f \u0432\u0441\u0435\u0439 \u0441\u0435\u043c\u044c\u0438 \u0432 \u041c\u043e\u043b\u0434\u043e\u0432\u0435","publisher":{"@id":"https:\/\/sanatate.md\/ro\/#organization"},"potentialAction":[{"@type":"SearchAction","target":{"@type":"EntryPoint","urlTemplate":"https:\/\/sanatate.md\/ro\/?s={search_term_string}"},"query-input":{"@type":"PropertyValueSpecification","valueRequired":true,"valueName":"search_term_string"}}],"inLanguage":"ro-RO"},{"@type":"Organization","@id":"https:\/\/sanatate.md\/ro\/#organization","name":"SANATATE","url":"https:\/\/sanatate.md\/ro\/","logo":{"@type":"ImageObject","inLanguage":"ro-RO","@id":"https:\/\/sanatate.md\/ro\/#\/schema\/logo\/image\/","url":"https:\/\/sanatate.md\/wp-content\/uploads\/2022\/01\/sanatate-logo.svg","contentUrl":"https:\/\/sanatate.md\/wp-content\/uploads\/2022\/01\/sanatate-logo.svg","width":"1024","height":"1024","caption":"SANATATE"},"image":{"@id":"https:\/\/sanatate.md\/ro\/#\/schema\/logo\/image\/"}}]}},"_links":{"self":[{"href":"https:\/\/sanatate.md\/ro\/wp-json\/wp\/v2\/pages\/50797","targetHints":{"allow":["GET"]}}],"collection":[{"href":"https:\/\/sanatate.md\/ro\/wp-json\/wp\/v2\/pages"}],"about":[{"href":"https:\/\/sanatate.md\/ro\/wp-json\/wp\/v2\/types\/page"}],"author":[{"embeddable":true,"href":"https:\/\/sanatate.md\/ro\/wp-json\/wp\/v2\/users\/28"}],"replies":[{"embeddable":true,"href":"https:\/\/sanatate.md\/ro\/wp-json\/wp\/v2\/comments?post=50797"}],"version-history":[{"count":0,"href":"https:\/\/sanatate.md\/ro\/wp-json\/wp\/v2\/pages\/50797\/revisions"}],"up":[{"embeddable":true,"href":"https:\/\/sanatate.md\/ro\/wp-json\/wp\/v2\/pages\/53020"}],"wp:attachment":[{"href":"https:\/\/sanatate.md\/ro\/wp-json\/wp\/v2\/media?parent=50797"}],"curies":[{"name":"wp","href":"https:\/\/api.w.org\/{rel}","templated":true}]}}