{"id":50802,"date":"2018-01-23T11:12:32","date_gmt":"2018-01-23T08:12:32","guid":{"rendered":"https:\/\/sanatate.md\/?page_id=50802"},"modified":"2018-01-23T11:12:32","modified_gmt":"2018-01-23T08:12:32","slug":"agalactia","status":"publish","type":"page","link":"https:\/\/sanatate.md\/ro\/boli-si-tratament\/boli-ale-glandelor-mamare\/agalactia\/","title":{"rendered":"Agalactia"},"content":{"rendered":"<p>Agalactia este o afec\u021biune a unei femei dup\u0103 na\u0219tere, c\u00e2nd nu se produce laptele matern.<\/p>\n<h3>Exist\u0103 dou\u0103 forme de agalactie:<\/h3>\n<p>Forma primar\u0103 se caracterizeaz\u0103 prin lipsa produc\u021biei de lapte chiar din primele zile de lacta\u021bie. Aceast\u0103 patologie este asociat\u0103 cu anomalii ale sistemului endocrin feminin, precum \u0219i cu un nivel sc\u0103zut al produc\u021biei de prolactin\u0103. Uneori, forma primar\u0103 este consecin\u0163\u0103 a unui stres sever. Conform datelor statistice, forma primar\u0103 de agalactie este prezent\u0103 la 5% din num\u0103rul total de boli asociate cu lipsa laptelui matern.<\/p>\n<p>Forma secundar\u0103 se caracterizeaz\u0103 printr-o produc\u021bie nesemnificativ\u0103 de lapte matern dup\u0103 na\u0219tere, cantitate insuficient\u0103 pentru copil. \u00cen zilele urm\u0103toare procesul poate dispare. Consecin\u0163\u0103 &#8212; infantilismul (subdezvoltarea glandelor mamare), distrofia, pierderea unei cantit\u0103\u0163i mare de s\u00e2nge \u00een timpul travaliului, precum \u0219i sindromul \u015eihan.<\/p>\n<h3>Cauzele apari\u0163iei bolii<\/h3>\n<p>Principala cauz\u0103 a dezvolt\u0103rii agalactiei dup\u0103 na\u015ftere este subdezvoltarea glandelor mamare &#8212; nu se produce cantitatea necesar\u0103 de lapte matern pentru a alimenta bebelu\u0219ul.<br \/>\nSubdezvoltarea glandelor mamare poate ap\u0103rea, de asemenea, la femeile cu exces de greutate.<\/p>\n<p>Laptele poate lipsi la femeile mai \u00een v\u00e2rst\u0103, de\u015fi glandele mamare sunt bine dezvoltate. Simptomul dat se dezvolt\u0103 \u015fi \u00een procesul de hr\u0103nire, atunci c\u00e2nd mama pentru un timp renun\u0163\u0103 s\u0103 al\u0103pteze copilul, iar apoi revine.<\/p>\n<p>Un motiv al apari\u0163iei maladiei poate fi o diet\u0103 necorespunz\u0103toare. Femeile \u00een timpul sarcinii \u0219i imediat dup\u0103 na\u0219tere, precum \u0219i \u00een perioada de al\u0103ptare, trebuie s\u0103 respecte regulile unii nutri\u021bii adecvate. Corpul feminin are nevoie de cantit\u0103\u021bi suficiente de minerale \u0219i vitamine, ceea ce este important at\u00e2t pentru s\u0103n\u0103tatea mamei, c\u00e2t \u0219i a copilului. E necesar\u0103 \u00een mod regulat consulta\u0163ia unui ginecolog.<\/p>\n<p>Agalactia poate ap\u0103rea dup\u0103 o febr\u0103 sau alt\u0103 boal\u0103, cauzat\u0103 de procesele inflamatorii \u00een glandele mamare.<\/p>\n<p>Uneori femeia tr\u0103ie\u015fte emo\u021bii psihologice ad\u00eenci, care influen\u0163eaz\u0103 producerea laptelui de c\u0103tre glandele mamare. Exist\u0103 cauze, care pot fi depistate numai \u00een timpul unui examen medical specializat.<\/p>\n<h3>Simptomele<\/h3>\n<p>Aceast\u0103 boal\u0103 nu e latent\u0103, orice femeie poate identifica simptomele ei. Un semn pronun\u021bat de agalactie este lipsa laptelui matern imediat dup\u0103 na\u0219tere.<\/p>\n<p>Diagnosticul standard al acestei boli const\u0103 \u00een colectarea anamnezei, examinarea glandelor mamare, care este efectuat\u0103 utiliz\u00e2nd ultrasunetele, radiografia sau &#8220;la atingere&#8221;. Dac\u0103 e necesar, se purcede la o examinare suplimentar\u0103 de laborator. De asemenea, este recomandat\u0103 vizitele la speciali\u015fti in bolile infec\u0163ioase, interne, endocrinologice.<\/p>\n<h3>Tratamentul<\/h3>\n<p>Forma primar\u0103 a agalactiei nu se supune tratamentului, deci copilul trebuie imediat transferat la hran\u0103 artificial\u0103 cu amestecuri speciale. Dac\u0103 se detecteaz\u0103 o form\u0103 secundar\u0103 de maladie \u0219i se identific\u0103 pricinile exacte ale apari\u021biei ei, sunt necesare m\u0103suri terapeutice timp de 10-15 zile.<\/p>\n<p>Sunt necesare:<br \/>\n\u2022 lichidarea proceselor infec\u021bioase din organism;<br \/>\n\u2022 stabilizarea unui regim alimentar adecvat;<br \/>\n\u2022 lichidarea intoxica\u0163iilor \u0219i consecin\u021bele acestora;<br \/>\n\u2022 stimularea fiziologic\u0103 a procesului de lacta\u021bie.<\/p>\n<p>Dac\u0103 ac\u021biunile propuse nu duc la reluarea secre\u021biei de lapte, nou-n\u0103scutului i se indic\u0103 hrana artificial\u0103. Atunci c\u00e2nd agalactia apare pe fondul tulbur\u0103rilor psihogenice, psihiatrul prescrie tratament \u0219i, \u00een paralel, se stimuleaz\u0103 procesul de lacta\u021bie.<\/p>\n<p>\u00cen unele cazuri, agalactia este tratat\u0103 prin administrarea de medicamente: complexe de vitamine (hormoni, vitamina E). Pentru a ob\u021bine efectul dorit \u0219i pentru a stimula lacta\u021bia, sunt prescrise o serie de proceduri fizio terapeutice.<\/p>\n<h3>Complica\u021biile<\/h3>\n<p>Aceast\u0103 boal\u0103 afecteaz\u0103 mult copilul, deoarece cantitatea insuficient\u0103 de lapte matern duce la o \u00eent\u00e2rziere \u00een dezvoltare, sl\u0103birea sistemului imunitar, poate fi \u00eentrerupt\u0103 rela\u021bia dintre mam\u0103 \u0219i copil, care deseori complic\u0103 comportamentul pe viitor.<\/p>\n<h3>Profilaxia<\/h3>\n<p>E necesar s\u0103 v\u0103 convinge\u0163i de faptul, c\u0103 propriul organism e \u00eentr-o stare bun\u0103 \u0219i s\u0103n\u0103toas\u0103 atunci c\u00e2nd concepe\u021bi copilul, trec\u00e2nd testele necesare, sf\u0103tuindu-v\u0103 cu un medic specialist. De asemenea, str\u0103dui\u0163i-v\u0103 s\u0103 evita\u0163i situa\u021biile stresante, nervoase, s\u0103 nu v\u0103 suprasolicita\u0163i fizic, s\u0103 v\u0103 debarasa\u0163i de obiceiurile proaste.<br \/>\nUn rol important \u00eel au dieta \u0219i regimul corect. Respect\u00e2nd prescriirile \u0219i recomand\u0103rile medicului, probabilitatea de dezvoltare a agalactiei este minim\u0103.<\/p>\n","protected":false},"excerpt":{"rendered":"<p>Agalactia este o afec\u021biune a unei femei dup\u0103 na\u0219tere, c\u00e2nd nu se produce laptele matern. Exist\u0103 dou\u0103 forme de agalactie: Forma primar\u0103 se caracterizeaz\u0103 prin lipsa produc\u021biei de lapte chiar din primele zile de lacta\u021bie. Aceast\u0103 patologie este asociat\u0103 cu anomalii ale sistemului endocrin feminin, precum \u0219i cu un nivel sc\u0103zut al produc\u021biei de prolactin\u0103. [&hellip;]<\/p>\n","protected":false},"author":28,"featured_media":0,"parent":52996,"menu_order":0,"comment_status":"closed","ping_status":"closed","template":"","meta":{"inline_featured_image":false,"footnotes":""},"class_list":["post-50802","page","type-page","status-publish"],"yoast_head":"<!-- This site is optimized with the Yoast SEO plugin v27.3 - https:\/\/yoast.com\/product\/yoast-seo-wordpress\/ -->\n<title>Agalactia<\/title>\n<meta name=\"description\" content=\"Forma primar\u0103 se caracterizeaz\u0103 prin lipsa produc\u021biei de lapte chiar din primele zile de lacta\u021bie.\" \/>\n<meta name=\"robots\" content=\"index, follow, max-snippet:-1, max-image-preview:large, max-video-preview:-1\" \/>\n<link rel=\"canonical\" href=\"https:\/\/sanatate.md\/ro\/boli-si-tratament\/boli-ale-glandelor-mamare\/agalactia\/\" \/>\n<meta property=\"og:locale\" content=\"ro_RO\" \/>\n<meta property=\"og:type\" content=\"article\" \/>\n<meta property=\"og:title\" content=\"Agalactia\" \/>\n<meta property=\"og:description\" content=\"Forma primar\u0103 se caracterizeaz\u0103 prin lipsa produc\u021biei de lapte chiar din primele zile de lacta\u021bie.\" \/>\n<meta property=\"og:url\" content=\"https:\/\/sanatate.md\/ro\/boli-si-tratament\/boli-ale-glandelor-mamare\/agalactia\/\" \/>\n<meta property=\"og:site_name\" content=\"Sanatate.md\" \/>\n<meta name=\"twitter:card\" content=\"summary_large_image\" \/>\n<meta name=\"twitter:label1\" content=\"Timp estimat pentru citire\" \/>\n\t<meta name=\"twitter:data1\" content=\"3 minute\" \/>\n<script type=\"application\/ld+json\" class=\"yoast-schema-graph\">{\"@context\":\"https:\\\/\\\/schema.org\",\"@graph\":[{\"@type\":\"WebPage\",\"@id\":\"https:\\\/\\\/sanatate.md\\\/ro\\\/boli-si-tratament\\\/boli-ale-glandelor-mamare\\\/agalactia\\\/\",\"url\":\"https:\\\/\\\/sanatate.md\\\/ro\\\/boli-si-tratament\\\/boli-ale-glandelor-mamare\\\/agalactia\\\/\",\"name\":\"Agalactia\",\"isPartOf\":{\"@id\":\"https:\\\/\\\/sanatate.md\\\/ro\\\/#website\"},\"datePublished\":\"2018-01-23T08:12:32+00:00\",\"description\":\"Forma primar\u0103 se caracterizeaz\u0103 prin lipsa produc\u021biei de lapte chiar din primele zile de lacta\u021bie.\",\"breadcrumb\":{\"@id\":\"https:\\\/\\\/sanatate.md\\\/ro\\\/boli-si-tratament\\\/boli-ale-glandelor-mamare\\\/agalactia\\\/#breadcrumb\"},\"inLanguage\":\"ro-RO\",\"potentialAction\":[{\"@type\":\"ReadAction\",\"target\":[\"https:\\\/\\\/sanatate.md\\\/ro\\\/boli-si-tratament\\\/boli-ale-glandelor-mamare\\\/agalactia\\\/\"]}]},{\"@type\":\"BreadcrumbList\",\"@id\":\"https:\\\/\\\/sanatate.md\\\/ro\\\/boli-si-tratament\\\/boli-ale-glandelor-mamare\\\/agalactia\\\/#breadcrumb\",\"itemListElement\":[{\"@type\":\"ListItem\",\"position\":1,\"name\":\"\u0413\u043b\u0430\u0432\u043d\u0430\u044f \u0441\u0442\u0440\u0430\u043d\u0438\u0446\u0430\",\"item\":\"https:\\\/\\\/sanatate.md\\\/ro\\\/\"},{\"@type\":\"ListItem\",\"position\":2,\"name\":\"Boli si tratament\",\"item\":\"https:\\\/\\\/sanatate.md\\\/ro\\\/boli-si-tratament\\\/\"},{\"@type\":\"ListItem\",\"position\":3,\"name\":\"Boli ale glandelor mamare\",\"item\":\"https:\\\/\\\/sanatate.md\\\/ro\\\/boli-si-tratament\\\/boli-ale-glandelor-mamare\\\/\"},{\"@type\":\"ListItem\",\"position\":4,\"name\":\"Agalactia\"}]},{\"@type\":\"WebSite\",\"@id\":\"https:\\\/\\\/sanatate.md\\\/ro\\\/#website\",\"url\":\"https:\\\/\\\/sanatate.md\\\/ro\\\/\",\"name\":\"Sanatate.md\",\"description\":\"\u0416\u0443\u0440\u043d\u0430\u043b \u0434\u043b\u044f \u0432\u0441\u0435\u0439 \u0441\u0435\u043c\u044c\u0438 \u0432 \u041c\u043e\u043b\u0434\u043e\u0432\u0435\",\"publisher\":{\"@id\":\"https:\\\/\\\/sanatate.md\\\/ro\\\/#organization\"},\"potentialAction\":[{\"@type\":\"SearchAction\",\"target\":{\"@type\":\"EntryPoint\",\"urlTemplate\":\"https:\\\/\\\/sanatate.md\\\/ro\\\/?s={search_term_string}\"},\"query-input\":{\"@type\":\"PropertyValueSpecification\",\"valueRequired\":true,\"valueName\":\"search_term_string\"}}],\"inLanguage\":\"ro-RO\"},{\"@type\":\"Organization\",\"@id\":\"https:\\\/\\\/sanatate.md\\\/ro\\\/#organization\",\"name\":\"SANATATE\",\"url\":\"https:\\\/\\\/sanatate.md\\\/ro\\\/\",\"logo\":{\"@type\":\"ImageObject\",\"inLanguage\":\"ro-RO\",\"@id\":\"https:\\\/\\\/sanatate.md\\\/ro\\\/#\\\/schema\\\/logo\\\/image\\\/\",\"url\":\"https:\\\/\\\/sanatate.md\\\/wp-content\\\/uploads\\\/2022\\\/01\\\/sanatate-logo.svg\",\"contentUrl\":\"https:\\\/\\\/sanatate.md\\\/wp-content\\\/uploads\\\/2022\\\/01\\\/sanatate-logo.svg\",\"width\":\"1024\",\"height\":\"1024\",\"caption\":\"SANATATE\"},\"image\":{\"@id\":\"https:\\\/\\\/sanatate.md\\\/ro\\\/#\\\/schema\\\/logo\\\/image\\\/\"}}]}<\/script>\n<!-- \/ Yoast SEO plugin. -->","yoast_head_json":{"title":"Agalactia","description":"Forma primar\u0103 se caracterizeaz\u0103 prin lipsa produc\u021biei de lapte chiar din primele zile de lacta\u021bie.","robots":{"index":"index","follow":"follow","max-snippet":"max-snippet:-1","max-image-preview":"max-image-preview:large","max-video-preview":"max-video-preview:-1"},"canonical":"https:\/\/sanatate.md\/ro\/boli-si-tratament\/boli-ale-glandelor-mamare\/agalactia\/","og_locale":"ro_RO","og_type":"article","og_title":"Agalactia","og_description":"Forma primar\u0103 se caracterizeaz\u0103 prin lipsa produc\u021biei de lapte chiar din primele zile de lacta\u021bie.","og_url":"https:\/\/sanatate.md\/ro\/boli-si-tratament\/boli-ale-glandelor-mamare\/agalactia\/","og_site_name":"Sanatate.md","twitter_card":"summary_large_image","twitter_misc":{"Timp estimat pentru citire":"3 minute"},"schema":{"@context":"https:\/\/schema.org","@graph":[{"@type":"WebPage","@id":"https:\/\/sanatate.md\/ro\/boli-si-tratament\/boli-ale-glandelor-mamare\/agalactia\/","url":"https:\/\/sanatate.md\/ro\/boli-si-tratament\/boli-ale-glandelor-mamare\/agalactia\/","name":"Agalactia","isPartOf":{"@id":"https:\/\/sanatate.md\/ro\/#website"},"datePublished":"2018-01-23T08:12:32+00:00","description":"Forma primar\u0103 se caracterizeaz\u0103 prin lipsa produc\u021biei de lapte chiar din primele zile de lacta\u021bie.","breadcrumb":{"@id":"https:\/\/sanatate.md\/ro\/boli-si-tratament\/boli-ale-glandelor-mamare\/agalactia\/#breadcrumb"},"inLanguage":"ro-RO","potentialAction":[{"@type":"ReadAction","target":["https:\/\/sanatate.md\/ro\/boli-si-tratament\/boli-ale-glandelor-mamare\/agalactia\/"]}]},{"@type":"BreadcrumbList","@id":"https:\/\/sanatate.md\/ro\/boli-si-tratament\/boli-ale-glandelor-mamare\/agalactia\/#breadcrumb","itemListElement":[{"@type":"ListItem","position":1,"name":"\u0413\u043b\u0430\u0432\u043d\u0430\u044f \u0441\u0442\u0440\u0430\u043d\u0438\u0446\u0430","item":"https:\/\/sanatate.md\/ro\/"},{"@type":"ListItem","position":2,"name":"Boli si tratament","item":"https:\/\/sanatate.md\/ro\/boli-si-tratament\/"},{"@type":"ListItem","position":3,"name":"Boli ale glandelor mamare","item":"https:\/\/sanatate.md\/ro\/boli-si-tratament\/boli-ale-glandelor-mamare\/"},{"@type":"ListItem","position":4,"name":"Agalactia"}]},{"@type":"WebSite","@id":"https:\/\/sanatate.md\/ro\/#website","url":"https:\/\/sanatate.md\/ro\/","name":"Sanatate.md","description":"\u0416\u0443\u0440\u043d\u0430\u043b \u0434\u043b\u044f \u0432\u0441\u0435\u0439 \u0441\u0435\u043c\u044c\u0438 \u0432 \u041c\u043e\u043b\u0434\u043e\u0432\u0435","publisher":{"@id":"https:\/\/sanatate.md\/ro\/#organization"},"potentialAction":[{"@type":"SearchAction","target":{"@type":"EntryPoint","urlTemplate":"https:\/\/sanatate.md\/ro\/?s={search_term_string}"},"query-input":{"@type":"PropertyValueSpecification","valueRequired":true,"valueName":"search_term_string"}}],"inLanguage":"ro-RO"},{"@type":"Organization","@id":"https:\/\/sanatate.md\/ro\/#organization","name":"SANATATE","url":"https:\/\/sanatate.md\/ro\/","logo":{"@type":"ImageObject","inLanguage":"ro-RO","@id":"https:\/\/sanatate.md\/ro\/#\/schema\/logo\/image\/","url":"https:\/\/sanatate.md\/wp-content\/uploads\/2022\/01\/sanatate-logo.svg","contentUrl":"https:\/\/sanatate.md\/wp-content\/uploads\/2022\/01\/sanatate-logo.svg","width":"1024","height":"1024","caption":"SANATATE"},"image":{"@id":"https:\/\/sanatate.md\/ro\/#\/schema\/logo\/image\/"}}]}},"_links":{"self":[{"href":"https:\/\/sanatate.md\/ro\/wp-json\/wp\/v2\/pages\/50802","targetHints":{"allow":["GET"]}}],"collection":[{"href":"https:\/\/sanatate.md\/ro\/wp-json\/wp\/v2\/pages"}],"about":[{"href":"https:\/\/sanatate.md\/ro\/wp-json\/wp\/v2\/types\/page"}],"author":[{"embeddable":true,"href":"https:\/\/sanatate.md\/ro\/wp-json\/wp\/v2\/users\/28"}],"replies":[{"embeddable":true,"href":"https:\/\/sanatate.md\/ro\/wp-json\/wp\/v2\/comments?post=50802"}],"version-history":[{"count":0,"href":"https:\/\/sanatate.md\/ro\/wp-json\/wp\/v2\/pages\/50802\/revisions"}],"up":[{"embeddable":true,"href":"https:\/\/sanatate.md\/ro\/wp-json\/wp\/v2\/pages\/52996"}],"wp:attachment":[{"href":"https:\/\/sanatate.md\/ro\/wp-json\/wp\/v2\/media?parent=50802"}],"curies":[{"name":"wp","href":"https:\/\/api.w.org\/{rel}","templated":true}]}}