{"id":50805,"date":"2018-01-23T11:19:45","date_gmt":"2018-01-23T08:19:45","guid":{"rendered":"https:\/\/sanatate.md\/?page_id=50805"},"modified":"2018-01-23T11:19:45","modified_gmt":"2018-01-23T08:19:45","slug":"agnozie","status":"publish","type":"page","link":"https:\/\/sanatate.md\/ro\/boli-si-tratament\/boli-infectioase\/agnozie\/","title":{"rendered":"Agnozie"},"content":{"rendered":"<p>O tulburare de diferite tipuri de percep\u021bie numim agnozie. Aceast\u0103 boal\u0103 poate ap\u0103rea \u00een cazul, \u00een care este afectat cortexul cerebral, precum \u0219i structurile subcorticale.<br \/>\nDac\u0103 sunt distruse sectoarele primare ale cortexului apar tulbur\u0103ri minore de sensibilitate.<\/p>\n<p>\u00cen cazul \u00een care sunt afectate sec\u021biunile secundare ale cortexului emisferelor cerebrale &#8211; pacientul \u00ee\u0219i p\u0103streaz\u0103 susceptibilitatea, dar pierde capacitatea de a analiza \u0219i sintetiza informa\u021bia. Ca rezultat, sunt pierdute diferite tipuri de percep\u021bie.<\/p>\n<h3>Forme de agnozie<\/h3>\n<p>Exist\u0103 urm\u0103toarele forme de agnozie:<\/p>\n<ul>\n<li>vizuale;<\/li>\n<li>auditivei;<\/li>\n<li>olfactive;<\/li>\n<li>tactile.<\/li>\n<\/ul>\n<p>Agnoziile vizuale se formeaz\u0103 c\u00eend p\u0103r\u021bile secundare ale cortexului cerebral sunt deteriorate la ceaf\u0103. Prin ce se exprim\u0103 acest lucru? Pacientul, de\u015fi are o vedere destul de bun\u0103, nu este capabil s\u0103 recunoasc\u0103 obiectele, precum \u0219i imaginile lor. Acest fenomen se nume\u0219te agnozia obiectelor. Exist\u0103 \u0219i agnozia spa\u021bial\u0103.<\/p>\n<p>Pacientul nu percepe caracteristicile distinctive ale obiectelor care se afl\u0103 \u00een spa\u021biu. Unii pacien\u021bi sufer\u0103 de agnozia fe\u021bei: este dificil s\u0103 recunoasc\u0103 fe\u021bele, de\u0219i sunt capabili s\u0103 perceap\u0103 obiectele \u0219i imaginile lor. \u00cen cazul \u00een care pacientul nu poate determina culoarea &#8212; e agnozia de culoare. C\u00e2nd nu e capabil s\u0103 recunoasc\u0103 literele &#8211; progreseaz\u0103 agnozia literelor.<\/p>\n<p>\u00cen cazul agnoziei auditive, c\u00e2mpurile corticale secundare sunt afectate \u00een regiunea t\u00eemplelor. Pacientul pierde capacitatea de a recunoa\u0219te sunetele vocii. Uneori, din cauza agnoziei auditive, poate avea probleme cu vorbirea. El nu e capabil s\u0103 clasifice zgomotele \u0219i sunetele, care nu au origine muzical\u0103. Spre exemplu, sc\u00e2r\u021b\u00e2itul treptelor, murmurul apei, mieunatul pisicii.<\/p>\n<p>Aceast\u0103 boal\u0103 poate afecta \u0219i urechea muzical\u0103 a persoanei. Agnozia olfactiv\u0103 se caracterizeaz\u0103 prin faptul, c\u0103 persoana \u00ee\u0219i pierde capacitatea de a clasifica senza\u021biile olfactive \u0219i gustative.<\/p>\n<p>Agnoziile tactile se formeaz\u0103 dac\u0103 au suferit c\u00e2mpurile corticale secundare ale lobului parietal al emisferelor. Ca urmare, pacientul nu poate identifica obiectele la atingere sau nu este \u00een m\u0103sur\u0103 s\u0103 simt\u0103 p\u0103r\u021bile corpului s\u0103u.<\/p>\n<h3>Cauzele agnoziei<\/h3>\n<p>Motivul apari\u0163iei acestei boli este afectarea structurilor din creier. Ea poate fi rezultatul complica\u021biilor traumelor, tumorilor, degener\u0103rii structurilor creierului care sunt responsabile pentru percep\u021bia integr\u0103rii \u0219i a memoriei.<\/p>\n<h3>Simptomele:<\/h3>\n<p>\u2022 pierderea capacit\u0103\u0163ii de orientare \u00een spa\u0163iu;<br \/>\n\u2022 pierderea capacit\u0103\u0163ii de clasificare a obiectelor prin palpa\u0163ie;<br \/>\n\u2022 nu percepe sunetele, nu poate determina natura lui \u0219i nu arat\u0103 locul de unde provine acesta;<br \/>\n\u2022 incapacitatea de a clasifica fe\u021bele celor dragi, a prietenilor;<br \/>\n\u2022 exprim\u0103 indiferen\u021b\u0103 fa\u021b\u0103 de defectele sale.<\/p>\n<h3>Diagnosticarea<\/h3>\n<p>Pentru a diagnostica aceast\u0103 boal\u0103, pacientul trebuie supus unui examen RMN \u0219i neuropsihologic. Prima etap\u0103 a diagnosticului implic\u0103 clasificarea obiectelor pe care medicul le indic\u0103 pacientului. Apoi se stabile\u015fte diagnoza neuropsihologic\u0103. Doctorul propune c\u00e2teva teste, monitoriz\u00eend sensibilitatea pacientului.<\/p>\n<h3>Tratamentul agnoziei<\/h3>\n<p>Din p\u0103cate, aceast\u0103 boal\u0103 nu are metode eficiente de tratament. Dar medicii recomand\u0103 s\u0103 controleze tensiunea arteriala, s\u0103 ia medicamente care imbun\u0103t\u0103\u0163esc fluxul cerebral de s\u00e2nge. Dac\u0103 motivul agnoziei este o tumoare, atunci ea se elimin\u0103 prin interven\u021bie chirurgical\u0103.<\/p>\n<h3>Complica\u021biile \u0219i consecin\u021bele<\/h3>\n<p>Complicarea agnoziei se exprim\u0103 prin faptul, c\u0103 pacientul nu se poate integra \u00een societate. Exist\u0103 cazuri c\u00eend pacientul se vindec\u0103 spontan. Dar, sunt exemple \u00een care boala se desf\u0103\u015foar\u0103 de-a lungul vie\u021bii.<\/p>\n","protected":false},"excerpt":{"rendered":"<p>O tulburare de diferite tipuri de percep\u021bie numim agnozie. Aceast\u0103 boal\u0103 poate ap\u0103rea \u00een cazul, \u00een care este afectat cortexul cerebral, precum \u0219i structurile subcorticale. Dac\u0103 sunt distruse sectoarele primare ale cortexului apar tulbur\u0103ri minore de sensibilitate. \u00cen cazul \u00een care sunt afectate sec\u021biunile secundare ale cortexului emisferelor cerebrale &#8211; pacientul \u00ee\u0219i p\u0103streaz\u0103 susceptibilitatea, dar [&hellip;]<\/p>\n","protected":false},"author":28,"featured_media":0,"parent":43668,"menu_order":0,"comment_status":"closed","ping_status":"closed","template":"","meta":{"inline_featured_image":false,"footnotes":""},"class_list":["post-50805","page","type-page","status-publish"],"yoast_head":"<!-- This site is optimized with the Yoast SEO plugin v27.3 - https:\/\/yoast.com\/product\/yoast-seo-wordpress\/ -->\n<title>Agnozie<\/title>\n<meta name=\"description\" content=\"O tulburare de diferite tipuri de percep\u021bie numim agnozie. Aceast\u0103 boal\u0103 poate ap\u0103rea \u00een cazul, \u00een care este afectat cortexul cerebral, precum \u0219i structurile subcorticale.\" \/>\n<meta name=\"robots\" content=\"index, follow, max-snippet:-1, max-image-preview:large, max-video-preview:-1\" \/>\n<link rel=\"canonical\" href=\"https:\/\/sanatate.md\/ro\/boli-si-tratament\/boli-infectioase\/agnozie\/\" \/>\n<meta property=\"og:locale\" content=\"ro_RO\" \/>\n<meta property=\"og:type\" content=\"article\" \/>\n<meta property=\"og:title\" content=\"Agnozie\" \/>\n<meta property=\"og:description\" content=\"O tulburare de diferite tipuri de percep\u021bie numim agnozie. Aceast\u0103 boal\u0103 poate ap\u0103rea \u00een cazul, \u00een care este afectat cortexul cerebral, precum \u0219i structurile subcorticale.\" \/>\n<meta property=\"og:url\" content=\"https:\/\/sanatate.md\/ro\/boli-si-tratament\/boli-infectioase\/agnozie\/\" \/>\n<meta property=\"og:site_name\" content=\"Sanatate.md\" \/>\n<meta name=\"twitter:card\" content=\"summary_large_image\" \/>\n<meta name=\"twitter:label1\" content=\"Timp estimat pentru citire\" \/>\n\t<meta name=\"twitter:data1\" content=\"3 minute\" \/>\n<script type=\"application\/ld+json\" class=\"yoast-schema-graph\">{\"@context\":\"https:\\\/\\\/schema.org\",\"@graph\":[{\"@type\":\"WebPage\",\"@id\":\"https:\\\/\\\/sanatate.md\\\/ro\\\/boli-si-tratament\\\/boli-infectioase\\\/agnozie\\\/\",\"url\":\"https:\\\/\\\/sanatate.md\\\/ro\\\/boli-si-tratament\\\/boli-infectioase\\\/agnozie\\\/\",\"name\":\"Agnozie\",\"isPartOf\":{\"@id\":\"https:\\\/\\\/sanatate.md\\\/ro\\\/#website\"},\"datePublished\":\"2018-01-23T08:19:45+00:00\",\"description\":\"O tulburare de diferite tipuri de percep\u021bie numim agnozie. Aceast\u0103 boal\u0103 poate ap\u0103rea \u00een cazul, \u00een care este afectat cortexul cerebral, precum \u0219i structurile subcorticale.\",\"breadcrumb\":{\"@id\":\"https:\\\/\\\/sanatate.md\\\/ro\\\/boli-si-tratament\\\/boli-infectioase\\\/agnozie\\\/#breadcrumb\"},\"inLanguage\":\"ro-RO\",\"potentialAction\":[{\"@type\":\"ReadAction\",\"target\":[\"https:\\\/\\\/sanatate.md\\\/ro\\\/boli-si-tratament\\\/boli-infectioase\\\/agnozie\\\/\"]}]},{\"@type\":\"BreadcrumbList\",\"@id\":\"https:\\\/\\\/sanatate.md\\\/ro\\\/boli-si-tratament\\\/boli-infectioase\\\/agnozie\\\/#breadcrumb\",\"itemListElement\":[{\"@type\":\"ListItem\",\"position\":1,\"name\":\"\u0413\u043b\u0430\u0432\u043d\u0430\u044f \u0441\u0442\u0440\u0430\u043d\u0438\u0446\u0430\",\"item\":\"https:\\\/\\\/sanatate.md\\\/ro\\\/\"},{\"@type\":\"ListItem\",\"position\":2,\"name\":\"Boli si tratament\",\"item\":\"https:\\\/\\\/sanatate.md\\\/ro\\\/boli-si-tratament\\\/\"},{\"@type\":\"ListItem\",\"position\":3,\"name\":\"Boli infec\u021bioase\",\"item\":\"https:\\\/\\\/sanatate.md\\\/ro\\\/boli-si-tratament\\\/boli-infectioase\\\/\"},{\"@type\":\"ListItem\",\"position\":4,\"name\":\"Agnozie\"}]},{\"@type\":\"WebSite\",\"@id\":\"https:\\\/\\\/sanatate.md\\\/ro\\\/#website\",\"url\":\"https:\\\/\\\/sanatate.md\\\/ro\\\/\",\"name\":\"Sanatate.md\",\"description\":\"\u0416\u0443\u0440\u043d\u0430\u043b \u0434\u043b\u044f \u0432\u0441\u0435\u0439 \u0441\u0435\u043c\u044c\u0438 \u0432 \u041c\u043e\u043b\u0434\u043e\u0432\u0435\",\"publisher\":{\"@id\":\"https:\\\/\\\/sanatate.md\\\/ro\\\/#organization\"},\"potentialAction\":[{\"@type\":\"SearchAction\",\"target\":{\"@type\":\"EntryPoint\",\"urlTemplate\":\"https:\\\/\\\/sanatate.md\\\/ro\\\/?s={search_term_string}\"},\"query-input\":{\"@type\":\"PropertyValueSpecification\",\"valueRequired\":true,\"valueName\":\"search_term_string\"}}],\"inLanguage\":\"ro-RO\"},{\"@type\":\"Organization\",\"@id\":\"https:\\\/\\\/sanatate.md\\\/ro\\\/#organization\",\"name\":\"SANATATE\",\"url\":\"https:\\\/\\\/sanatate.md\\\/ro\\\/\",\"logo\":{\"@type\":\"ImageObject\",\"inLanguage\":\"ro-RO\",\"@id\":\"https:\\\/\\\/sanatate.md\\\/ro\\\/#\\\/schema\\\/logo\\\/image\\\/\",\"url\":\"https:\\\/\\\/sanatate.md\\\/wp-content\\\/uploads\\\/2022\\\/01\\\/sanatate-logo.svg\",\"contentUrl\":\"https:\\\/\\\/sanatate.md\\\/wp-content\\\/uploads\\\/2022\\\/01\\\/sanatate-logo.svg\",\"width\":\"1024\",\"height\":\"1024\",\"caption\":\"SANATATE\"},\"image\":{\"@id\":\"https:\\\/\\\/sanatate.md\\\/ro\\\/#\\\/schema\\\/logo\\\/image\\\/\"}}]}<\/script>\n<!-- \/ Yoast SEO plugin. -->","yoast_head_json":{"title":"Agnozie","description":"O tulburare de diferite tipuri de percep\u021bie numim agnozie. Aceast\u0103 boal\u0103 poate ap\u0103rea \u00een cazul, \u00een care este afectat cortexul cerebral, precum \u0219i structurile subcorticale.","robots":{"index":"index","follow":"follow","max-snippet":"max-snippet:-1","max-image-preview":"max-image-preview:large","max-video-preview":"max-video-preview:-1"},"canonical":"https:\/\/sanatate.md\/ro\/boli-si-tratament\/boli-infectioase\/agnozie\/","og_locale":"ro_RO","og_type":"article","og_title":"Agnozie","og_description":"O tulburare de diferite tipuri de percep\u021bie numim agnozie. Aceast\u0103 boal\u0103 poate ap\u0103rea \u00een cazul, \u00een care este afectat cortexul cerebral, precum \u0219i structurile subcorticale.","og_url":"https:\/\/sanatate.md\/ro\/boli-si-tratament\/boli-infectioase\/agnozie\/","og_site_name":"Sanatate.md","twitter_card":"summary_large_image","twitter_misc":{"Timp estimat pentru citire":"3 minute"},"schema":{"@context":"https:\/\/schema.org","@graph":[{"@type":"WebPage","@id":"https:\/\/sanatate.md\/ro\/boli-si-tratament\/boli-infectioase\/agnozie\/","url":"https:\/\/sanatate.md\/ro\/boli-si-tratament\/boli-infectioase\/agnozie\/","name":"Agnozie","isPartOf":{"@id":"https:\/\/sanatate.md\/ro\/#website"},"datePublished":"2018-01-23T08:19:45+00:00","description":"O tulburare de diferite tipuri de percep\u021bie numim agnozie. Aceast\u0103 boal\u0103 poate ap\u0103rea \u00een cazul, \u00een care este afectat cortexul cerebral, precum \u0219i structurile subcorticale.","breadcrumb":{"@id":"https:\/\/sanatate.md\/ro\/boli-si-tratament\/boli-infectioase\/agnozie\/#breadcrumb"},"inLanguage":"ro-RO","potentialAction":[{"@type":"ReadAction","target":["https:\/\/sanatate.md\/ro\/boli-si-tratament\/boli-infectioase\/agnozie\/"]}]},{"@type":"BreadcrumbList","@id":"https:\/\/sanatate.md\/ro\/boli-si-tratament\/boli-infectioase\/agnozie\/#breadcrumb","itemListElement":[{"@type":"ListItem","position":1,"name":"\u0413\u043b\u0430\u0432\u043d\u0430\u044f \u0441\u0442\u0440\u0430\u043d\u0438\u0446\u0430","item":"https:\/\/sanatate.md\/ro\/"},{"@type":"ListItem","position":2,"name":"Boli si tratament","item":"https:\/\/sanatate.md\/ro\/boli-si-tratament\/"},{"@type":"ListItem","position":3,"name":"Boli infec\u021bioase","item":"https:\/\/sanatate.md\/ro\/boli-si-tratament\/boli-infectioase\/"},{"@type":"ListItem","position":4,"name":"Agnozie"}]},{"@type":"WebSite","@id":"https:\/\/sanatate.md\/ro\/#website","url":"https:\/\/sanatate.md\/ro\/","name":"Sanatate.md","description":"\u0416\u0443\u0440\u043d\u0430\u043b \u0434\u043b\u044f \u0432\u0441\u0435\u0439 \u0441\u0435\u043c\u044c\u0438 \u0432 \u041c\u043e\u043b\u0434\u043e\u0432\u0435","publisher":{"@id":"https:\/\/sanatate.md\/ro\/#organization"},"potentialAction":[{"@type":"SearchAction","target":{"@type":"EntryPoint","urlTemplate":"https:\/\/sanatate.md\/ro\/?s={search_term_string}"},"query-input":{"@type":"PropertyValueSpecification","valueRequired":true,"valueName":"search_term_string"}}],"inLanguage":"ro-RO"},{"@type":"Organization","@id":"https:\/\/sanatate.md\/ro\/#organization","name":"SANATATE","url":"https:\/\/sanatate.md\/ro\/","logo":{"@type":"ImageObject","inLanguage":"ro-RO","@id":"https:\/\/sanatate.md\/ro\/#\/schema\/logo\/image\/","url":"https:\/\/sanatate.md\/wp-content\/uploads\/2022\/01\/sanatate-logo.svg","contentUrl":"https:\/\/sanatate.md\/wp-content\/uploads\/2022\/01\/sanatate-logo.svg","width":"1024","height":"1024","caption":"SANATATE"},"image":{"@id":"https:\/\/sanatate.md\/ro\/#\/schema\/logo\/image\/"}}]}},"_links":{"self":[{"href":"https:\/\/sanatate.md\/ro\/wp-json\/wp\/v2\/pages\/50805","targetHints":{"allow":["GET"]}}],"collection":[{"href":"https:\/\/sanatate.md\/ro\/wp-json\/wp\/v2\/pages"}],"about":[{"href":"https:\/\/sanatate.md\/ro\/wp-json\/wp\/v2\/types\/page"}],"author":[{"embeddable":true,"href":"https:\/\/sanatate.md\/ro\/wp-json\/wp\/v2\/users\/28"}],"replies":[{"embeddable":true,"href":"https:\/\/sanatate.md\/ro\/wp-json\/wp\/v2\/comments?post=50805"}],"version-history":[{"count":0,"href":"https:\/\/sanatate.md\/ro\/wp-json\/wp\/v2\/pages\/50805\/revisions"}],"up":[{"embeddable":true,"href":"https:\/\/sanatate.md\/ro\/wp-json\/wp\/v2\/pages\/43668"}],"wp:attachment":[{"href":"https:\/\/sanatate.md\/ro\/wp-json\/wp\/v2\/media?parent=50805"}],"curies":[{"name":"wp","href":"https:\/\/api.w.org\/{rel}","templated":true}]}}