{"id":50809,"date":"2018-01-23T11:25:07","date_gmt":"2018-01-23T08:25:07","guid":{"rendered":"https:\/\/sanatate.md\/?page_id=50809"},"modified":"2018-01-23T11:25:07","modified_gmt":"2018-01-23T08:25:07","slug":"agorafobie","status":"publish","type":"page","link":"https:\/\/sanatate.md\/ro\/boli-si-tratament\/afectiuni-psihice\/agorafobie\/","title":{"rendered":"Agorafobie"},"content":{"rendered":"<p>Agorafobia este o boal\u0103, care se caracterizeaz\u0103 prin frica spa\u021biului deschis sau a mul\u021bimii de oameni.\u00a0Pacientul se simte inconfortabil \u00een orice situa\u021bie din care nu reu\u0219e\u0219te s\u0103 ias\u0103, de\u015fi ce nu se concentreaz\u0103.<\/p>\n<h3>Manifestarea agorafobiei<\/h3>\n<p>Aceast\u0103 boal\u0103 implic\u0103 teama de transport, aflarea departe de cas\u0103, locurile aglomerate, c\u0103l\u0103toriile de unul singur.\u00a0Dac\u0103 pacientul poate exercita controlul asupra mediului, se simte \u00een siguran\u021b\u0103. Ca rezultat ei nu p\u0103r\u0103sesc casa luni \u00eentregi.<\/p>\n<h3>Caracteristicile simptomelor<\/h3>\n<p>Se men\u0163ioneaz\u0103 semne de agita\u0163ie, care apar destul de des.\u00a0Printre acestea &#8211; b\u0103t\u0103i excesive de inim\u0103, senza\u021bie de c\u0103ldur\u0103, diaree, transpira\u021bie, tremur\u0103turi.<\/p>\n<h3>Simptomele de comportament<\/h3>\n<p>O persoan\u0103, care sufer\u0103 de agorafobie, evit\u0103 mediul \u0219i locurile care \u00eei provoac\u0103 disconfort.\u00a0Pacientul cere prietenilor, rudelor sau cuno\u0219tin\u021belor s\u0103-l \u00eenso\u0163easc\u0103 la un eveniment sau altul, refuz\u00e2nd \u00een mod categoric s\u0103 mearg\u0103 singur.<\/p>\n<h3>Simptomele fricii<\/h3>\n<p>Exist\u0103 mai multe tipuri de team\u0103, pe care le simte un pacient-agorafob.\u00a0Mai \u00eent\u00e2i de toate, \u00eei este fric\u0103 c\u0103 cineva ar putea s\u0103-i observe panica.\u00a0\u00cen acela\u0219i timp, are un sentiment de ofens\u0103 \u0219i de jen\u0103.\u00a0De multe ori \u00eei este team\u0103 c\u0103, \u00een timpul panicii, i se va opri inima sau \u00ee\u015fi va pierde min\u021bile.<\/p>\n<h3>Atacurile de panic\u0103<\/h3>\n<p>Lipsa autoaprecierii, starea deprimat\u0103, frica, nervozitatea, sentimentul c\u0103, f\u0103r\u0103 ajutorul altora nu se va descurca \u00een diverse situa\u0163ii, teama de singur\u0103tate.<\/p>\n<h3>Cauzele apari\u0163iei bolii<\/h3>\n<p>Maladia se poate dezvolta \u00eenc\u0103 din adolescen\u021b\u0103. Femeile de v\u00e2rst\u0103 medie \u0219i fetele tinere sufer\u0103 de ea mai des dec\u00e2t b\u0103rba\u021bii.Starea este facilitat\u0103 de lipsa de finan\u021be, de divor\u021b sau pierderea so\u021bului.\u00a0\u00cempreun\u0103 cu atacurile de panic\u0103, agorafobia apare \u00eempreun\u0103 cu o tulburare social\u0103. Persoan\u0103 e alarmat\u0103.<\/p>\n<h3>Tratamentul<\/h3>\n<p>\u00cen practica medical\u0103 se folose\u0219te &#8220;metod\u0103 de inundare&#8221;.\u00a0Pacientul face o list\u0103 a circumstan\u021belor \u00een ordinea cresc\u00e2nd\u0103 a tensiunii fricii. \u00cempreun\u0103 cu un specialist, el &#8220;tr\u0103ie\u0219te&#8221; toate aceste momente, dezvolt\u00e2nd astfel stabilitate fa\u021b\u0103 de ele.\u00a0Dac\u0103 apar cazuri complicate, medicii prescriu medicamente corespunz\u0103toare.<\/p>\n","protected":false},"excerpt":{"rendered":"<p>Agorafobia este o boal\u0103, care se caracterizeaz\u0103 prin frica spa\u021biului deschis sau a mul\u021bimii de oameni.\u00a0Pacientul se simte inconfortabil \u00een orice situa\u021bie din care nu reu\u0219e\u0219te s\u0103 ias\u0103, de\u015fi ce nu se concentreaz\u0103. Manifestarea agorafobiei Aceast\u0103 boal\u0103 implic\u0103 teama de transport, aflarea departe de cas\u0103, locurile aglomerate, c\u0103l\u0103toriile de unul singur.\u00a0Dac\u0103 pacientul poate exercita controlul [&hellip;]<\/p>\n","protected":false},"author":28,"featured_media":0,"parent":53026,"menu_order":0,"comment_status":"closed","ping_status":"closed","template":"","meta":{"inline_featured_image":false,"footnotes":""},"class_list":["post-50809","page","type-page","status-publish"],"yoast_head":"<!-- This site is optimized with the Yoast SEO plugin v27.3 - https:\/\/yoast.com\/product\/yoast-seo-wordpress\/ -->\n<title>Agorafobie<\/title>\n<meta name=\"description\" content=\"Agorafobia este o boal\u0103, care se caracterizeaz\u0103 prin frica spa\u021biului deschis sau a mul\u021bimii de oameni.\" \/>\n<meta name=\"robots\" content=\"index, follow, max-snippet:-1, max-image-preview:large, max-video-preview:-1\" \/>\n<link rel=\"canonical\" href=\"https:\/\/sanatate.md\/ro\/boli-si-tratament\/afectiuni-psihice\/agorafobie\/\" \/>\n<meta property=\"og:locale\" content=\"ro_RO\" \/>\n<meta property=\"og:type\" content=\"article\" \/>\n<meta property=\"og:title\" content=\"Agorafobie\" \/>\n<meta property=\"og:description\" content=\"Agorafobia este o boal\u0103, care se caracterizeaz\u0103 prin frica spa\u021biului deschis sau a mul\u021bimii de oameni.\" \/>\n<meta property=\"og:url\" content=\"https:\/\/sanatate.md\/ro\/boli-si-tratament\/afectiuni-psihice\/agorafobie\/\" \/>\n<meta property=\"og:site_name\" content=\"Sanatate.md\" \/>\n<meta name=\"twitter:card\" content=\"summary_large_image\" \/>\n<meta name=\"twitter:label1\" content=\"Timp estimat pentru citire\" \/>\n\t<meta name=\"twitter:data1\" content=\"2 minute\" \/>\n<script type=\"application\/ld+json\" class=\"yoast-schema-graph\">{\"@context\":\"https:\\\/\\\/schema.org\",\"@graph\":[{\"@type\":\"WebPage\",\"@id\":\"https:\\\/\\\/sanatate.md\\\/ro\\\/boli-si-tratament\\\/afectiuni-psihice\\\/agorafobie\\\/\",\"url\":\"https:\\\/\\\/sanatate.md\\\/ro\\\/boli-si-tratament\\\/afectiuni-psihice\\\/agorafobie\\\/\",\"name\":\"Agorafobie\",\"isPartOf\":{\"@id\":\"https:\\\/\\\/sanatate.md\\\/ro\\\/#website\"},\"datePublished\":\"2018-01-23T08:25:07+00:00\",\"description\":\"Agorafobia este o boal\u0103, care se caracterizeaz\u0103 prin frica spa\u021biului deschis sau a mul\u021bimii de oameni.\",\"breadcrumb\":{\"@id\":\"https:\\\/\\\/sanatate.md\\\/ro\\\/boli-si-tratament\\\/afectiuni-psihice\\\/agorafobie\\\/#breadcrumb\"},\"inLanguage\":\"ro-RO\",\"potentialAction\":[{\"@type\":\"ReadAction\",\"target\":[\"https:\\\/\\\/sanatate.md\\\/ro\\\/boli-si-tratament\\\/afectiuni-psihice\\\/agorafobie\\\/\"]}]},{\"@type\":\"BreadcrumbList\",\"@id\":\"https:\\\/\\\/sanatate.md\\\/ro\\\/boli-si-tratament\\\/afectiuni-psihice\\\/agorafobie\\\/#breadcrumb\",\"itemListElement\":[{\"@type\":\"ListItem\",\"position\":1,\"name\":\"\u0413\u043b\u0430\u0432\u043d\u0430\u044f \u0441\u0442\u0440\u0430\u043d\u0438\u0446\u0430\",\"item\":\"https:\\\/\\\/sanatate.md\\\/ro\\\/\"},{\"@type\":\"ListItem\",\"position\":2,\"name\":\"Boli si tratament\",\"item\":\"https:\\\/\\\/sanatate.md\\\/ro\\\/boli-si-tratament\\\/\"},{\"@type\":\"ListItem\",\"position\":3,\"name\":\"Afec\u021biuni psihice\",\"item\":\"https:\\\/\\\/sanatate.md\\\/ro\\\/boli-si-tratament\\\/afectiuni-psihice\\\/\"},{\"@type\":\"ListItem\",\"position\":4,\"name\":\"Agorafobie\"}]},{\"@type\":\"WebSite\",\"@id\":\"https:\\\/\\\/sanatate.md\\\/ro\\\/#website\",\"url\":\"https:\\\/\\\/sanatate.md\\\/ro\\\/\",\"name\":\"Sanatate.md\",\"description\":\"\u0416\u0443\u0440\u043d\u0430\u043b \u0434\u043b\u044f \u0432\u0441\u0435\u0439 \u0441\u0435\u043c\u044c\u0438 \u0432 \u041c\u043e\u043b\u0434\u043e\u0432\u0435\",\"publisher\":{\"@id\":\"https:\\\/\\\/sanatate.md\\\/ro\\\/#organization\"},\"potentialAction\":[{\"@type\":\"SearchAction\",\"target\":{\"@type\":\"EntryPoint\",\"urlTemplate\":\"https:\\\/\\\/sanatate.md\\\/ro\\\/?s={search_term_string}\"},\"query-input\":{\"@type\":\"PropertyValueSpecification\",\"valueRequired\":true,\"valueName\":\"search_term_string\"}}],\"inLanguage\":\"ro-RO\"},{\"@type\":\"Organization\",\"@id\":\"https:\\\/\\\/sanatate.md\\\/ro\\\/#organization\",\"name\":\"SANATATE\",\"url\":\"https:\\\/\\\/sanatate.md\\\/ro\\\/\",\"logo\":{\"@type\":\"ImageObject\",\"inLanguage\":\"ro-RO\",\"@id\":\"https:\\\/\\\/sanatate.md\\\/ro\\\/#\\\/schema\\\/logo\\\/image\\\/\",\"url\":\"https:\\\/\\\/sanatate.md\\\/wp-content\\\/uploads\\\/2022\\\/01\\\/sanatate-logo.svg\",\"contentUrl\":\"https:\\\/\\\/sanatate.md\\\/wp-content\\\/uploads\\\/2022\\\/01\\\/sanatate-logo.svg\",\"width\":\"1024\",\"height\":\"1024\",\"caption\":\"SANATATE\"},\"image\":{\"@id\":\"https:\\\/\\\/sanatate.md\\\/ro\\\/#\\\/schema\\\/logo\\\/image\\\/\"}}]}<\/script>\n<!-- \/ Yoast SEO plugin. -->","yoast_head_json":{"title":"Agorafobie","description":"Agorafobia este o boal\u0103, care se caracterizeaz\u0103 prin frica spa\u021biului deschis sau a mul\u021bimii de oameni.","robots":{"index":"index","follow":"follow","max-snippet":"max-snippet:-1","max-image-preview":"max-image-preview:large","max-video-preview":"max-video-preview:-1"},"canonical":"https:\/\/sanatate.md\/ro\/boli-si-tratament\/afectiuni-psihice\/agorafobie\/","og_locale":"ro_RO","og_type":"article","og_title":"Agorafobie","og_description":"Agorafobia este o boal\u0103, care se caracterizeaz\u0103 prin frica spa\u021biului deschis sau a mul\u021bimii de oameni.","og_url":"https:\/\/sanatate.md\/ro\/boli-si-tratament\/afectiuni-psihice\/agorafobie\/","og_site_name":"Sanatate.md","twitter_card":"summary_large_image","twitter_misc":{"Timp estimat pentru citire":"2 minute"},"schema":{"@context":"https:\/\/schema.org","@graph":[{"@type":"WebPage","@id":"https:\/\/sanatate.md\/ro\/boli-si-tratament\/afectiuni-psihice\/agorafobie\/","url":"https:\/\/sanatate.md\/ro\/boli-si-tratament\/afectiuni-psihice\/agorafobie\/","name":"Agorafobie","isPartOf":{"@id":"https:\/\/sanatate.md\/ro\/#website"},"datePublished":"2018-01-23T08:25:07+00:00","description":"Agorafobia este o boal\u0103, care se caracterizeaz\u0103 prin frica spa\u021biului deschis sau a mul\u021bimii de oameni.","breadcrumb":{"@id":"https:\/\/sanatate.md\/ro\/boli-si-tratament\/afectiuni-psihice\/agorafobie\/#breadcrumb"},"inLanguage":"ro-RO","potentialAction":[{"@type":"ReadAction","target":["https:\/\/sanatate.md\/ro\/boli-si-tratament\/afectiuni-psihice\/agorafobie\/"]}]},{"@type":"BreadcrumbList","@id":"https:\/\/sanatate.md\/ro\/boli-si-tratament\/afectiuni-psihice\/agorafobie\/#breadcrumb","itemListElement":[{"@type":"ListItem","position":1,"name":"\u0413\u043b\u0430\u0432\u043d\u0430\u044f \u0441\u0442\u0440\u0430\u043d\u0438\u0446\u0430","item":"https:\/\/sanatate.md\/ro\/"},{"@type":"ListItem","position":2,"name":"Boli si tratament","item":"https:\/\/sanatate.md\/ro\/boli-si-tratament\/"},{"@type":"ListItem","position":3,"name":"Afec\u021biuni psihice","item":"https:\/\/sanatate.md\/ro\/boli-si-tratament\/afectiuni-psihice\/"},{"@type":"ListItem","position":4,"name":"Agorafobie"}]},{"@type":"WebSite","@id":"https:\/\/sanatate.md\/ro\/#website","url":"https:\/\/sanatate.md\/ro\/","name":"Sanatate.md","description":"\u0416\u0443\u0440\u043d\u0430\u043b \u0434\u043b\u044f \u0432\u0441\u0435\u0439 \u0441\u0435\u043c\u044c\u0438 \u0432 \u041c\u043e\u043b\u0434\u043e\u0432\u0435","publisher":{"@id":"https:\/\/sanatate.md\/ro\/#organization"},"potentialAction":[{"@type":"SearchAction","target":{"@type":"EntryPoint","urlTemplate":"https:\/\/sanatate.md\/ro\/?s={search_term_string}"},"query-input":{"@type":"PropertyValueSpecification","valueRequired":true,"valueName":"search_term_string"}}],"inLanguage":"ro-RO"},{"@type":"Organization","@id":"https:\/\/sanatate.md\/ro\/#organization","name":"SANATATE","url":"https:\/\/sanatate.md\/ro\/","logo":{"@type":"ImageObject","inLanguage":"ro-RO","@id":"https:\/\/sanatate.md\/ro\/#\/schema\/logo\/image\/","url":"https:\/\/sanatate.md\/wp-content\/uploads\/2022\/01\/sanatate-logo.svg","contentUrl":"https:\/\/sanatate.md\/wp-content\/uploads\/2022\/01\/sanatate-logo.svg","width":"1024","height":"1024","caption":"SANATATE"},"image":{"@id":"https:\/\/sanatate.md\/ro\/#\/schema\/logo\/image\/"}}]}},"_links":{"self":[{"href":"https:\/\/sanatate.md\/ro\/wp-json\/wp\/v2\/pages\/50809","targetHints":{"allow":["GET"]}}],"collection":[{"href":"https:\/\/sanatate.md\/ro\/wp-json\/wp\/v2\/pages"}],"about":[{"href":"https:\/\/sanatate.md\/ro\/wp-json\/wp\/v2\/types\/page"}],"author":[{"embeddable":true,"href":"https:\/\/sanatate.md\/ro\/wp-json\/wp\/v2\/users\/28"}],"replies":[{"embeddable":true,"href":"https:\/\/sanatate.md\/ro\/wp-json\/wp\/v2\/comments?post=50809"}],"version-history":[{"count":0,"href":"https:\/\/sanatate.md\/ro\/wp-json\/wp\/v2\/pages\/50809\/revisions"}],"up":[{"embeddable":true,"href":"https:\/\/sanatate.md\/ro\/wp-json\/wp\/v2\/pages\/53026"}],"wp:attachment":[{"href":"https:\/\/sanatate.md\/ro\/wp-json\/wp\/v2\/media?parent=50809"}],"curies":[{"name":"wp","href":"https:\/\/api.w.org\/{rel}","templated":true}]}}