{"id":50815,"date":"2018-01-23T11:30:05","date_gmt":"2018-01-23T08:30:05","guid":{"rendered":"https:\/\/sanatate.md\/?page_id=50815"},"modified":"2018-01-23T11:30:05","modified_gmt":"2018-01-23T08:30:05","slug":"agranulocitoza","status":"publish","type":"page","link":"https:\/\/sanatate.md\/ro\/boli-si-tratament\/boli-neurologice\/agranulocitoza\/","title":{"rendered":"Agranulocitoz\u0103"},"content":{"rendered":"<p>Agranulocitoza este un sindrom, care se manifest\u0103 prin leucopenie \u0219i o sc\u0103dere a granulocitelor din s\u00e2ngele periferic.<\/p>\n<h3>Simptomele<\/h3>\n<p>\u00een organismul pacientului apar procese de origine infec\u021bioas\u0103, agen\u021bii c\u0103ror fiind ciuperci \u0219i bacterii. Semnele acestei boli sunt: \u200b\u200bstare boln\u0103vicioas\u0103, transpira\u021bie crescut\u0103, dificult\u0103\u021bi de respira\u021bie. Exist\u0103, de asemenea, simptome specifice, care apar \u00een func\u021bie de locul inflama\u021biei \u0219i infec\u021biei agentului patogen (pneumonie, amigdalite, leziuni ale pielei).<\/p>\n<h3>Diagnosticarea<\/h3>\n<p>Pentru diagnosticarea acestei boli sunt importan\u0163i indicatorii unui test de s\u00e2nge. Se face \u015fi o punc\u021bie a m\u0103duvei osoase. Pacien\u021bii, care sufer\u0103 de agranulocitoz\u0103, trebuie s\u0103 controleze pl\u0103m\u00e2nii, s\u0103 repete analiza de s\u00e2nge pentru sterilitate.<\/p>\n<h3>Tratamentul, prevenirea maladiei<\/h3>\n<p>Pentru a trata aceast\u0103 infec\u021bie se prescriu antibiotice \u0219i preparate antifungice. De asemenea, este necesar\u0103 eliminarea cauzei etiologice a acestei boli (stoparea tratamentului cu medicamente mielotoxice).<\/p>\n<p>Pacien\u021bii, care sufer\u0103 de agranulocitoz\u0103, au nevoie de o \u00eengrijire special\u0103. \u00cenc\u0103perile, \u00een care se afl\u0103, trebuie s\u0103 fie supuse prelucr\u0103rii cu lampi cu cuar\u0163. \u00cen plus, nu se recomand\u0103 vizitarea celor ce se trateaz\u0103.<\/p>\n<h3>Complica\u021biile<\/h3>\n<p>Complica\u021biile severe ale acestei boli sunt septicemia, peritonita \u0219i hepatita.<\/p>\n","protected":false},"excerpt":{"rendered":"<p>Agranulocitoza este un sindrom, care se manifest\u0103 prin leucopenie \u0219i o sc\u0103dere a granulocitelor din s\u00e2ngele periferic. Simptomele \u00een organismul pacientului apar procese de origine infec\u021bioas\u0103, agen\u021bii c\u0103ror fiind ciuperci \u0219i bacterii. Semnele acestei boli sunt: \u200b\u200bstare boln\u0103vicioas\u0103, transpira\u021bie crescut\u0103, dificult\u0103\u021bi de respira\u021bie. Exist\u0103, de asemenea, simptome specifice, care apar \u00een func\u021bie de locul inflama\u021biei [&hellip;]<\/p>\n","protected":false},"author":28,"featured_media":0,"parent":52978,"menu_order":0,"comment_status":"closed","ping_status":"closed","template":"","meta":{"inline_featured_image":false,"footnotes":""},"class_list":["post-50815","page","type-page","status-publish"],"yoast_head":"<!-- This site is optimized with the Yoast SEO plugin v27.3 - https:\/\/yoast.com\/product\/yoast-seo-wordpress\/ -->\n<title>Agranulocitoz\u0103<\/title>\n<meta name=\"description\" content=\"Agranulocitoza este un sindrom, care se manifest\u0103 prin leucopenie \u0219i o sc\u0103dere a granulocitelor din s\u00e2ngele periferic.\" \/>\n<meta name=\"robots\" content=\"index, follow, max-snippet:-1, max-image-preview:large, max-video-preview:-1\" \/>\n<link rel=\"canonical\" href=\"https:\/\/sanatate.md\/ro\/boli-si-tratament\/boli-neurologice\/agranulocitoza\/\" \/>\n<meta property=\"og:locale\" content=\"ro_RO\" \/>\n<meta property=\"og:type\" content=\"article\" \/>\n<meta property=\"og:title\" content=\"Agranulocitoz\u0103\" \/>\n<meta property=\"og:description\" content=\"Agranulocitoza este un sindrom, care se manifest\u0103 prin leucopenie \u0219i o sc\u0103dere a granulocitelor din s\u00e2ngele periferic.\" \/>\n<meta property=\"og:url\" content=\"https:\/\/sanatate.md\/ro\/boli-si-tratament\/boli-neurologice\/agranulocitoza\/\" \/>\n<meta property=\"og:site_name\" content=\"Sanatate.md\" \/>\n<meta name=\"twitter:card\" content=\"summary_large_image\" \/>\n<meta name=\"twitter:label1\" content=\"Timp estimat pentru citire\" \/>\n\t<meta name=\"twitter:data1\" content=\"1 minut\" \/>\n<script type=\"application\/ld+json\" class=\"yoast-schema-graph\">{\"@context\":\"https:\\\/\\\/schema.org\",\"@graph\":[{\"@type\":\"WebPage\",\"@id\":\"https:\\\/\\\/sanatate.md\\\/ro\\\/boli-si-tratament\\\/boli-neurologice\\\/agranulocitoza\\\/\",\"url\":\"https:\\\/\\\/sanatate.md\\\/ro\\\/boli-si-tratament\\\/boli-neurologice\\\/agranulocitoza\\\/\",\"name\":\"Agranulocitoz\u0103\",\"isPartOf\":{\"@id\":\"https:\\\/\\\/sanatate.md\\\/ro\\\/#website\"},\"datePublished\":\"2018-01-23T08:30:05+00:00\",\"description\":\"Agranulocitoza este un sindrom, care se manifest\u0103 prin leucopenie \u0219i o sc\u0103dere a granulocitelor din s\u00e2ngele periferic.\",\"breadcrumb\":{\"@id\":\"https:\\\/\\\/sanatate.md\\\/ro\\\/boli-si-tratament\\\/boli-neurologice\\\/agranulocitoza\\\/#breadcrumb\"},\"inLanguage\":\"ro-RO\",\"potentialAction\":[{\"@type\":\"ReadAction\",\"target\":[\"https:\\\/\\\/sanatate.md\\\/ro\\\/boli-si-tratament\\\/boli-neurologice\\\/agranulocitoza\\\/\"]}]},{\"@type\":\"BreadcrumbList\",\"@id\":\"https:\\\/\\\/sanatate.md\\\/ro\\\/boli-si-tratament\\\/boli-neurologice\\\/agranulocitoza\\\/#breadcrumb\",\"itemListElement\":[{\"@type\":\"ListItem\",\"position\":1,\"name\":\"\u0413\u043b\u0430\u0432\u043d\u0430\u044f \u0441\u0442\u0440\u0430\u043d\u0438\u0446\u0430\",\"item\":\"https:\\\/\\\/sanatate.md\\\/ro\\\/\"},{\"@type\":\"ListItem\",\"position\":2,\"name\":\"Boli si tratament\",\"item\":\"https:\\\/\\\/sanatate.md\\\/ro\\\/boli-si-tratament\\\/\"},{\"@type\":\"ListItem\",\"position\":3,\"name\":\"Boli neurologice\",\"item\":\"https:\\\/\\\/sanatate.md\\\/ro\\\/boli-si-tratament\\\/boli-neurologice\\\/\"},{\"@type\":\"ListItem\",\"position\":4,\"name\":\"Agranulocitoz\u0103\"}]},{\"@type\":\"WebSite\",\"@id\":\"https:\\\/\\\/sanatate.md\\\/ro\\\/#website\",\"url\":\"https:\\\/\\\/sanatate.md\\\/ro\\\/\",\"name\":\"Sanatate.md\",\"description\":\"\u0416\u0443\u0440\u043d\u0430\u043b \u0434\u043b\u044f \u0432\u0441\u0435\u0439 \u0441\u0435\u043c\u044c\u0438 \u0432 \u041c\u043e\u043b\u0434\u043e\u0432\u0435\",\"publisher\":{\"@id\":\"https:\\\/\\\/sanatate.md\\\/ro\\\/#organization\"},\"potentialAction\":[{\"@type\":\"SearchAction\",\"target\":{\"@type\":\"EntryPoint\",\"urlTemplate\":\"https:\\\/\\\/sanatate.md\\\/ro\\\/?s={search_term_string}\"},\"query-input\":{\"@type\":\"PropertyValueSpecification\",\"valueRequired\":true,\"valueName\":\"search_term_string\"}}],\"inLanguage\":\"ro-RO\"},{\"@type\":\"Organization\",\"@id\":\"https:\\\/\\\/sanatate.md\\\/ro\\\/#organization\",\"name\":\"SANATATE\",\"url\":\"https:\\\/\\\/sanatate.md\\\/ro\\\/\",\"logo\":{\"@type\":\"ImageObject\",\"inLanguage\":\"ro-RO\",\"@id\":\"https:\\\/\\\/sanatate.md\\\/ro\\\/#\\\/schema\\\/logo\\\/image\\\/\",\"url\":\"https:\\\/\\\/sanatate.md\\\/wp-content\\\/uploads\\\/2022\\\/01\\\/sanatate-logo.svg\",\"contentUrl\":\"https:\\\/\\\/sanatate.md\\\/wp-content\\\/uploads\\\/2022\\\/01\\\/sanatate-logo.svg\",\"width\":\"1024\",\"height\":\"1024\",\"caption\":\"SANATATE\"},\"image\":{\"@id\":\"https:\\\/\\\/sanatate.md\\\/ro\\\/#\\\/schema\\\/logo\\\/image\\\/\"}}]}<\/script>\n<!-- \/ Yoast SEO plugin. -->","yoast_head_json":{"title":"Agranulocitoz\u0103","description":"Agranulocitoza este un sindrom, care se manifest\u0103 prin leucopenie \u0219i o sc\u0103dere a granulocitelor din s\u00e2ngele periferic.","robots":{"index":"index","follow":"follow","max-snippet":"max-snippet:-1","max-image-preview":"max-image-preview:large","max-video-preview":"max-video-preview:-1"},"canonical":"https:\/\/sanatate.md\/ro\/boli-si-tratament\/boli-neurologice\/agranulocitoza\/","og_locale":"ro_RO","og_type":"article","og_title":"Agranulocitoz\u0103","og_description":"Agranulocitoza este un sindrom, care se manifest\u0103 prin leucopenie \u0219i o sc\u0103dere a granulocitelor din s\u00e2ngele periferic.","og_url":"https:\/\/sanatate.md\/ro\/boli-si-tratament\/boli-neurologice\/agranulocitoza\/","og_site_name":"Sanatate.md","twitter_card":"summary_large_image","twitter_misc":{"Timp estimat pentru citire":"1 minut"},"schema":{"@context":"https:\/\/schema.org","@graph":[{"@type":"WebPage","@id":"https:\/\/sanatate.md\/ro\/boli-si-tratament\/boli-neurologice\/agranulocitoza\/","url":"https:\/\/sanatate.md\/ro\/boli-si-tratament\/boli-neurologice\/agranulocitoza\/","name":"Agranulocitoz\u0103","isPartOf":{"@id":"https:\/\/sanatate.md\/ro\/#website"},"datePublished":"2018-01-23T08:30:05+00:00","description":"Agranulocitoza este un sindrom, care se manifest\u0103 prin leucopenie \u0219i o sc\u0103dere a granulocitelor din s\u00e2ngele periferic.","breadcrumb":{"@id":"https:\/\/sanatate.md\/ro\/boli-si-tratament\/boli-neurologice\/agranulocitoza\/#breadcrumb"},"inLanguage":"ro-RO","potentialAction":[{"@type":"ReadAction","target":["https:\/\/sanatate.md\/ro\/boli-si-tratament\/boli-neurologice\/agranulocitoza\/"]}]},{"@type":"BreadcrumbList","@id":"https:\/\/sanatate.md\/ro\/boli-si-tratament\/boli-neurologice\/agranulocitoza\/#breadcrumb","itemListElement":[{"@type":"ListItem","position":1,"name":"\u0413\u043b\u0430\u0432\u043d\u0430\u044f \u0441\u0442\u0440\u0430\u043d\u0438\u0446\u0430","item":"https:\/\/sanatate.md\/ro\/"},{"@type":"ListItem","position":2,"name":"Boli si tratament","item":"https:\/\/sanatate.md\/ro\/boli-si-tratament\/"},{"@type":"ListItem","position":3,"name":"Boli neurologice","item":"https:\/\/sanatate.md\/ro\/boli-si-tratament\/boli-neurologice\/"},{"@type":"ListItem","position":4,"name":"Agranulocitoz\u0103"}]},{"@type":"WebSite","@id":"https:\/\/sanatate.md\/ro\/#website","url":"https:\/\/sanatate.md\/ro\/","name":"Sanatate.md","description":"\u0416\u0443\u0440\u043d\u0430\u043b \u0434\u043b\u044f \u0432\u0441\u0435\u0439 \u0441\u0435\u043c\u044c\u0438 \u0432 \u041c\u043e\u043b\u0434\u043e\u0432\u0435","publisher":{"@id":"https:\/\/sanatate.md\/ro\/#organization"},"potentialAction":[{"@type":"SearchAction","target":{"@type":"EntryPoint","urlTemplate":"https:\/\/sanatate.md\/ro\/?s={search_term_string}"},"query-input":{"@type":"PropertyValueSpecification","valueRequired":true,"valueName":"search_term_string"}}],"inLanguage":"ro-RO"},{"@type":"Organization","@id":"https:\/\/sanatate.md\/ro\/#organization","name":"SANATATE","url":"https:\/\/sanatate.md\/ro\/","logo":{"@type":"ImageObject","inLanguage":"ro-RO","@id":"https:\/\/sanatate.md\/ro\/#\/schema\/logo\/image\/","url":"https:\/\/sanatate.md\/wp-content\/uploads\/2022\/01\/sanatate-logo.svg","contentUrl":"https:\/\/sanatate.md\/wp-content\/uploads\/2022\/01\/sanatate-logo.svg","width":"1024","height":"1024","caption":"SANATATE"},"image":{"@id":"https:\/\/sanatate.md\/ro\/#\/schema\/logo\/image\/"}}]}},"_links":{"self":[{"href":"https:\/\/sanatate.md\/ro\/wp-json\/wp\/v2\/pages\/50815","targetHints":{"allow":["GET"]}}],"collection":[{"href":"https:\/\/sanatate.md\/ro\/wp-json\/wp\/v2\/pages"}],"about":[{"href":"https:\/\/sanatate.md\/ro\/wp-json\/wp\/v2\/types\/page"}],"author":[{"embeddable":true,"href":"https:\/\/sanatate.md\/ro\/wp-json\/wp\/v2\/users\/28"}],"replies":[{"embeddable":true,"href":"https:\/\/sanatate.md\/ro\/wp-json\/wp\/v2\/comments?post=50815"}],"version-history":[{"count":0,"href":"https:\/\/sanatate.md\/ro\/wp-json\/wp\/v2\/pages\/50815\/revisions"}],"up":[{"embeddable":true,"href":"https:\/\/sanatate.md\/ro\/wp-json\/wp\/v2\/pages\/52978"}],"wp:attachment":[{"href":"https:\/\/sanatate.md\/ro\/wp-json\/wp\/v2\/media?parent=50815"}],"curies":[{"name":"wp","href":"https:\/\/api.w.org\/{rel}","templated":true}]}}