{"id":50824,"date":"2018-01-23T11:39:31","date_gmt":"2018-01-23T08:39:31","guid":{"rendered":"https:\/\/sanatate.md\/?page_id=50824"},"modified":"2018-01-23T11:39:31","modified_gmt":"2018-01-23T08:39:31","slug":"agrafia","status":"publish","type":"page","link":"https:\/\/sanatate.md\/ro\/boli-si-tratament\/bolile-copiilor\/agrafia\/","title":{"rendered":"Agrafia"},"content":{"rendered":"<p>Agrafia este o boal\u0103, care se formeaz\u0103 \u00een cazul, \u00een care cortexul creierului este afectat. Ea se manifest\u0103 ca o tulburare sau pierdere a abilit\u0103\u021bii de a scrie. \u00cen acela\u0219i timp, se p\u0103streaz\u0103 abilit\u0103\u021bile mentale, coordonarea m\u00e2inilor.<\/p>\n<h3>Tipurile bolii<\/h3>\n<p>Exist\u0103 mai multe tipuri:<br \/>\n\u2022 amnestic\u0103, care se caracterizeaz\u0103 prin faptul, c\u0103 pacientul \u00eent\u00e2mpin\u0103 dificult\u0103\u021bi atunci c\u00e2nd scrie sub dictare. Un copil poate schimba ordinea literelor \u00een cuvinte, s\u0103 \u00eenlocuiasc\u0103 cuvintele;<br \/>\n\u2022 micul pacient nu este capabil s\u0103 realizeze ce pozi\u021bie ar trebui s\u0103 aib\u0103 m\u00e2na \u00eenainte de a \u00eencepe s\u0103 scrie. Deseori se \u00eent\u00e2mpl\u0103 c\u0103 scrie anumite litere \u00eentr-o imagine de oglind\u0103;<br \/>\n\u2022 agrafia ce se manifesta prin defectele auzului fonemic.<\/p>\n<h3>Simptomele<\/h3>\n<p>Agrafia se manifest\u0103 prin repetarea erorilor persistente de scriere: denaturarea \u0219i substituirea de litere, cuvinte, \u00eenc\u0103lcarea scrierii unor cuvinte individuale \u00eentr-o propozi\u021bie.<\/p>\n<h3>Diagnosticarea<\/h3>\n<p>Depistarea maladiei nu e dificil\u0103. Medicul-neurolog stabile\u015fte u\u015for diagnoza. La \u00eenceput depisteaz\u0103 zona afectat\u0103 a creierului \u0219i apoi investigheaz\u0103 cauza acestei leziuni.<br \/>\nExist\u0103 diferite metode de cercetare neurologic\u0103, care ajut\u0103 la determinarea acestei boli. Printre acestea &#8211; imagistica prin rezonan\u021b\u0103 magnetic\u0103, fluoroscopia craniului, encefalograful ECHO.<\/p>\n<h3>Tratamentul<\/h3>\n<p>Boala necesit\u0103 tratament complex. Pacientului i se prescriu medicamente \u0219i se recomand\u0103 o terapie cu exerci\u021bii fizice. Un copil ar trebui s\u0103 viziteze un psihoterapeut \u0219i un logoped. O alt\u0103 metod\u0103 de tratament este terapia muzical\u0103.<\/p>\n<h3>Profilaxia<\/h3>\n<p>Pentru a evita aceast\u0103 boal\u0103, sunt necesare exerci\u021biile de vorbire \u015fi de dezvoltare a capacit\u0103\u021bilor de exprimare a g\u00e2ndurilor.<\/p>\n","protected":false},"excerpt":{"rendered":"<p>Agrafia este o boal\u0103, care se formeaz\u0103 \u00een cazul, \u00een care cortexul creierului este afectat. Ea se manifest\u0103 ca o tulburare sau pierdere a abilit\u0103\u021bii de a scrie. \u00cen acela\u0219i timp, se p\u0103streaz\u0103 abilit\u0103\u021bile mentale, coordonarea m\u00e2inilor. Tipurile bolii Exist\u0103 mai multe tipuri: \u2022 amnestic\u0103, care se caracterizeaz\u0103 prin faptul, c\u0103 pacientul \u00eent\u00e2mpin\u0103 dificult\u0103\u021bi atunci [&hellip;]<\/p>\n","protected":false},"author":28,"featured_media":0,"parent":43635,"menu_order":0,"comment_status":"closed","ping_status":"closed","template":"","meta":{"inline_featured_image":false,"footnotes":""},"class_list":["post-50824","page","type-page","status-publish"],"yoast_head":"<!-- This site is optimized with the Yoast SEO plugin v27.3 - https:\/\/yoast.com\/product\/yoast-seo-wordpress\/ -->\n<title>Agrafia<\/title>\n<meta name=\"description\" content=\"Agrafia este o boal\u0103, care se formeaz\u0103 \u00een cazul, \u00een care cortexul creierului este afectat. Ea se manifest\u0103 ca o tulburare sau pierdere a abilit\u0103\u021bii de a scrie.\" \/>\n<meta name=\"robots\" content=\"index, follow, max-snippet:-1, max-image-preview:large, max-video-preview:-1\" \/>\n<link rel=\"canonical\" href=\"https:\/\/sanatate.md\/ro\/boli-si-tratament\/bolile-copiilor\/agrafia\/\" \/>\n<meta property=\"og:locale\" content=\"ro_RO\" \/>\n<meta property=\"og:type\" content=\"article\" \/>\n<meta property=\"og:title\" content=\"Agrafia\" \/>\n<meta property=\"og:description\" content=\"Agrafia este o boal\u0103, care se formeaz\u0103 \u00een cazul, \u00een care cortexul creierului este afectat. Ea se manifest\u0103 ca o tulburare sau pierdere a abilit\u0103\u021bii de a scrie.\" \/>\n<meta property=\"og:url\" content=\"https:\/\/sanatate.md\/ro\/boli-si-tratament\/bolile-copiilor\/agrafia\/\" \/>\n<meta property=\"og:site_name\" content=\"Sanatate.md\" \/>\n<meta name=\"twitter:card\" content=\"summary_large_image\" \/>\n<meta name=\"twitter:label1\" content=\"Timp estimat pentru citire\" \/>\n\t<meta name=\"twitter:data1\" content=\"1 minut\" \/>\n<script type=\"application\/ld+json\" class=\"yoast-schema-graph\">{\"@context\":\"https:\\\/\\\/schema.org\",\"@graph\":[{\"@type\":\"WebPage\",\"@id\":\"https:\\\/\\\/sanatate.md\\\/ro\\\/boli-si-tratament\\\/bolile-copiilor\\\/agrafia\\\/\",\"url\":\"https:\\\/\\\/sanatate.md\\\/ro\\\/boli-si-tratament\\\/bolile-copiilor\\\/agrafia\\\/\",\"name\":\"Agrafia\",\"isPartOf\":{\"@id\":\"https:\\\/\\\/sanatate.md\\\/ro\\\/#website\"},\"datePublished\":\"2018-01-23T08:39:31+00:00\",\"description\":\"Agrafia este o boal\u0103, care se formeaz\u0103 \u00een cazul, \u00een care cortexul creierului este afectat. Ea se manifest\u0103 ca o tulburare sau pierdere a abilit\u0103\u021bii de a scrie.\",\"breadcrumb\":{\"@id\":\"https:\\\/\\\/sanatate.md\\\/ro\\\/boli-si-tratament\\\/bolile-copiilor\\\/agrafia\\\/#breadcrumb\"},\"inLanguage\":\"ro-RO\",\"potentialAction\":[{\"@type\":\"ReadAction\",\"target\":[\"https:\\\/\\\/sanatate.md\\\/ro\\\/boli-si-tratament\\\/bolile-copiilor\\\/agrafia\\\/\"]}]},{\"@type\":\"BreadcrumbList\",\"@id\":\"https:\\\/\\\/sanatate.md\\\/ro\\\/boli-si-tratament\\\/bolile-copiilor\\\/agrafia\\\/#breadcrumb\",\"itemListElement\":[{\"@type\":\"ListItem\",\"position\":1,\"name\":\"\u0413\u043b\u0430\u0432\u043d\u0430\u044f \u0441\u0442\u0440\u0430\u043d\u0438\u0446\u0430\",\"item\":\"https:\\\/\\\/sanatate.md\\\/ro\\\/\"},{\"@type\":\"ListItem\",\"position\":2,\"name\":\"Boli si tratament\",\"item\":\"https:\\\/\\\/sanatate.md\\\/ro\\\/boli-si-tratament\\\/\"},{\"@type\":\"ListItem\",\"position\":3,\"name\":\"Bolile copiilor\",\"item\":\"https:\\\/\\\/sanatate.md\\\/ro\\\/boli-si-tratament\\\/bolile-copiilor\\\/\"},{\"@type\":\"ListItem\",\"position\":4,\"name\":\"Agrafia\"}]},{\"@type\":\"WebSite\",\"@id\":\"https:\\\/\\\/sanatate.md\\\/ro\\\/#website\",\"url\":\"https:\\\/\\\/sanatate.md\\\/ro\\\/\",\"name\":\"Sanatate.md\",\"description\":\"\u0416\u0443\u0440\u043d\u0430\u043b \u0434\u043b\u044f \u0432\u0441\u0435\u0439 \u0441\u0435\u043c\u044c\u0438 \u0432 \u041c\u043e\u043b\u0434\u043e\u0432\u0435\",\"publisher\":{\"@id\":\"https:\\\/\\\/sanatate.md\\\/ro\\\/#organization\"},\"potentialAction\":[{\"@type\":\"SearchAction\",\"target\":{\"@type\":\"EntryPoint\",\"urlTemplate\":\"https:\\\/\\\/sanatate.md\\\/ro\\\/?s={search_term_string}\"},\"query-input\":{\"@type\":\"PropertyValueSpecification\",\"valueRequired\":true,\"valueName\":\"search_term_string\"}}],\"inLanguage\":\"ro-RO\"},{\"@type\":\"Organization\",\"@id\":\"https:\\\/\\\/sanatate.md\\\/ro\\\/#organization\",\"name\":\"SANATATE\",\"url\":\"https:\\\/\\\/sanatate.md\\\/ro\\\/\",\"logo\":{\"@type\":\"ImageObject\",\"inLanguage\":\"ro-RO\",\"@id\":\"https:\\\/\\\/sanatate.md\\\/ro\\\/#\\\/schema\\\/logo\\\/image\\\/\",\"url\":\"https:\\\/\\\/sanatate.md\\\/wp-content\\\/uploads\\\/2022\\\/01\\\/sanatate-logo.svg\",\"contentUrl\":\"https:\\\/\\\/sanatate.md\\\/wp-content\\\/uploads\\\/2022\\\/01\\\/sanatate-logo.svg\",\"width\":\"1024\",\"height\":\"1024\",\"caption\":\"SANATATE\"},\"image\":{\"@id\":\"https:\\\/\\\/sanatate.md\\\/ro\\\/#\\\/schema\\\/logo\\\/image\\\/\"}}]}<\/script>\n<!-- \/ Yoast SEO plugin. -->","yoast_head_json":{"title":"Agrafia","description":"Agrafia este o boal\u0103, care se formeaz\u0103 \u00een cazul, \u00een care cortexul creierului este afectat. Ea se manifest\u0103 ca o tulburare sau pierdere a abilit\u0103\u021bii de a scrie.","robots":{"index":"index","follow":"follow","max-snippet":"max-snippet:-1","max-image-preview":"max-image-preview:large","max-video-preview":"max-video-preview:-1"},"canonical":"https:\/\/sanatate.md\/ro\/boli-si-tratament\/bolile-copiilor\/agrafia\/","og_locale":"ro_RO","og_type":"article","og_title":"Agrafia","og_description":"Agrafia este o boal\u0103, care se formeaz\u0103 \u00een cazul, \u00een care cortexul creierului este afectat. Ea se manifest\u0103 ca o tulburare sau pierdere a abilit\u0103\u021bii de a scrie.","og_url":"https:\/\/sanatate.md\/ro\/boli-si-tratament\/bolile-copiilor\/agrafia\/","og_site_name":"Sanatate.md","twitter_card":"summary_large_image","twitter_misc":{"Timp estimat pentru citire":"1 minut"},"schema":{"@context":"https:\/\/schema.org","@graph":[{"@type":"WebPage","@id":"https:\/\/sanatate.md\/ro\/boli-si-tratament\/bolile-copiilor\/agrafia\/","url":"https:\/\/sanatate.md\/ro\/boli-si-tratament\/bolile-copiilor\/agrafia\/","name":"Agrafia","isPartOf":{"@id":"https:\/\/sanatate.md\/ro\/#website"},"datePublished":"2018-01-23T08:39:31+00:00","description":"Agrafia este o boal\u0103, care se formeaz\u0103 \u00een cazul, \u00een care cortexul creierului este afectat. Ea se manifest\u0103 ca o tulburare sau pierdere a abilit\u0103\u021bii de a scrie.","breadcrumb":{"@id":"https:\/\/sanatate.md\/ro\/boli-si-tratament\/bolile-copiilor\/agrafia\/#breadcrumb"},"inLanguage":"ro-RO","potentialAction":[{"@type":"ReadAction","target":["https:\/\/sanatate.md\/ro\/boli-si-tratament\/bolile-copiilor\/agrafia\/"]}]},{"@type":"BreadcrumbList","@id":"https:\/\/sanatate.md\/ro\/boli-si-tratament\/bolile-copiilor\/agrafia\/#breadcrumb","itemListElement":[{"@type":"ListItem","position":1,"name":"\u0413\u043b\u0430\u0432\u043d\u0430\u044f \u0441\u0442\u0440\u0430\u043d\u0438\u0446\u0430","item":"https:\/\/sanatate.md\/ro\/"},{"@type":"ListItem","position":2,"name":"Boli si tratament","item":"https:\/\/sanatate.md\/ro\/boli-si-tratament\/"},{"@type":"ListItem","position":3,"name":"Bolile copiilor","item":"https:\/\/sanatate.md\/ro\/boli-si-tratament\/bolile-copiilor\/"},{"@type":"ListItem","position":4,"name":"Agrafia"}]},{"@type":"WebSite","@id":"https:\/\/sanatate.md\/ro\/#website","url":"https:\/\/sanatate.md\/ro\/","name":"Sanatate.md","description":"\u0416\u0443\u0440\u043d\u0430\u043b \u0434\u043b\u044f \u0432\u0441\u0435\u0439 \u0441\u0435\u043c\u044c\u0438 \u0432 \u041c\u043e\u043b\u0434\u043e\u0432\u0435","publisher":{"@id":"https:\/\/sanatate.md\/ro\/#organization"},"potentialAction":[{"@type":"SearchAction","target":{"@type":"EntryPoint","urlTemplate":"https:\/\/sanatate.md\/ro\/?s={search_term_string}"},"query-input":{"@type":"PropertyValueSpecification","valueRequired":true,"valueName":"search_term_string"}}],"inLanguage":"ro-RO"},{"@type":"Organization","@id":"https:\/\/sanatate.md\/ro\/#organization","name":"SANATATE","url":"https:\/\/sanatate.md\/ro\/","logo":{"@type":"ImageObject","inLanguage":"ro-RO","@id":"https:\/\/sanatate.md\/ro\/#\/schema\/logo\/image\/","url":"https:\/\/sanatate.md\/wp-content\/uploads\/2022\/01\/sanatate-logo.svg","contentUrl":"https:\/\/sanatate.md\/wp-content\/uploads\/2022\/01\/sanatate-logo.svg","width":"1024","height":"1024","caption":"SANATATE"},"image":{"@id":"https:\/\/sanatate.md\/ro\/#\/schema\/logo\/image\/"}}]}},"_links":{"self":[{"href":"https:\/\/sanatate.md\/ro\/wp-json\/wp\/v2\/pages\/50824","targetHints":{"allow":["GET"]}}],"collection":[{"href":"https:\/\/sanatate.md\/ro\/wp-json\/wp\/v2\/pages"}],"about":[{"href":"https:\/\/sanatate.md\/ro\/wp-json\/wp\/v2\/types\/page"}],"author":[{"embeddable":true,"href":"https:\/\/sanatate.md\/ro\/wp-json\/wp\/v2\/users\/28"}],"replies":[{"embeddable":true,"href":"https:\/\/sanatate.md\/ro\/wp-json\/wp\/v2\/comments?post=50824"}],"version-history":[{"count":0,"href":"https:\/\/sanatate.md\/ro\/wp-json\/wp\/v2\/pages\/50824\/revisions"}],"up":[{"embeddable":true,"href":"https:\/\/sanatate.md\/ro\/wp-json\/wp\/v2\/pages\/43635"}],"wp:attachment":[{"href":"https:\/\/sanatate.md\/ro\/wp-json\/wp\/v2\/media?parent=50824"}],"curies":[{"name":"wp","href":"https:\/\/api.w.org\/{rel}","templated":true}]}}