{"id":51053,"date":"2018-01-25T11:25:29","date_gmt":"2018-01-25T08:25:29","guid":{"rendered":"https:\/\/sanatate.md\/?page_id=51053"},"modified":"2018-01-25T11:28:36","modified_gmt":"2018-01-25T08:28:36","slug":"abcesul-pulmonar-cronic","status":"publish","type":"page","link":"https:\/\/sanatate.md\/ro\/boli-si-tratament\/boli-ale-sistemului-respirator\/abcesul-pulmonar-cronic\/","title":{"rendered":"Abcesul pulmonar cronic"},"content":{"rendered":"<p>Aceast\u0103 boal\u0103 se caracterizeaz\u0103 printr-o supura\u021bie \u00een pl\u0103m\u00e2ni, care apare dintr-un abces acut prelungit \u00een curs de dezvoltare.<\/p>\n<h3>Cauza apari\u0163iei<\/h3>\n<p>Motive sunt foarte multe. Cel mai frecvent &#8211; forma neglijat\u0103 a abcesului pulmonar acut, care a trecut \u00eentr-o etap\u0103 cronic\u0103. Multiplele abcese apar din cauza septicemiei. De asemenea, aceast\u0103 boal\u0103 poate fi o acutizare a unui infarct al pl\u0103m\u00e2nului, precum \u0219i dezvoltarea tumorii pulmonare.<\/p>\n<h3>Simptomele<\/h3>\n<p>Forma cronic\u0103 a abcesului pulmonar se poate dezvolta at\u00e2t cu acutiz\u0103ri, c\u00e2t \u0219i cu \u00eembun\u0103t\u0103\u021biri \u00een curs. Remisia este caracterizat\u0103 printr-o tuse cu o cantitate mic\u0103 de sput\u0103, uneori pacientul poate scuipa s\u00e2nge. Pacientul se confrunt\u0103 cu o cre\u0219tere a temperaturii corpului \u0219i o transpira\u021bie excesiv\u0103. Atunci c\u00e2nd survine o acutizare a bolii \u2013 apare febra, cre\u0219te cantitatea de sput\u0103.<\/p>\n<h3>Diagnosticarea<\/h3>\n<p>Pentru depistarea abcesului pulmonar, este necesar\u0103 o radiografie a pl\u0103m\u00e2nilor. Medicul experimentat va observa cavitatea cu lichid, care este \u00eenconjurat\u0103 de un segment inflamat. \u00cen cazul, \u00een care pacientului i se face bronhoscopie, poate curge puroi din bronhi.<\/p>\n<h3>Tratamentul<\/h3>\n<p>\u00cen cazul unui tratament conservator, se prescrie o terapie cu antibiotice. Dar principalul remediu este interven\u021bia chirurgical\u0103. Pacientului \u00eei este excizat segmentul pulmonar abcesat.<\/p>\n<h3>Complica\u021biile<\/h3>\n<p>Cele mai frecvente sunt complica\u021biile bron\u0219ectaziei secundare, s\u00e2ngerarea din pl\u0103m\u00e2ni \u0219i chiar sepsisul. Ele apar ca consecin\u0163\u0103 a bolii \u00eenvechite sau din cauza agrav\u0103rii ei.<\/p>\n","protected":false},"excerpt":{"rendered":"<p>Aceast\u0103 boal\u0103 se caracterizeaz\u0103 printr-o supura\u021bie \u00een pl\u0103m\u00e2ni, care apare dintr-un abces acut prelungit \u00een curs de dezvoltare. Cauza apari\u0163iei Motive sunt foarte multe. Cel mai frecvent &#8211; forma neglijat\u0103 a abcesului pulmonar acut, care a trecut \u00eentr-o etap\u0103 cronic\u0103. Multiplele abcese apar din cauza septicemiei. De asemenea, aceast\u0103 boal\u0103 poate fi o acutizare a [&hellip;]<\/p>\n","protected":false},"author":28,"featured_media":0,"parent":52999,"menu_order":0,"comment_status":"closed","ping_status":"closed","template":"","meta":{"inline_featured_image":false,"footnotes":""},"class_list":["post-51053","page","type-page","status-publish"],"yoast_head":"<!-- This site is optimized with the Yoast SEO plugin v27.3 - https:\/\/yoast.com\/product\/yoast-seo-wordpress\/ -->\n<title>Abcesul pulmonar cronic<\/title>\n<meta name=\"description\" content=\"Aceast\u0103 boal\u0103 se caracterizeaz\u0103 printr-o supura\u021bie \u00een pl\u0103m\u00e2ni, care apare dintr-un abces acut prelungit \u00een curs de dezvoltare.\" \/>\n<meta name=\"robots\" content=\"index, follow, max-snippet:-1, max-image-preview:large, max-video-preview:-1\" \/>\n<link rel=\"canonical\" href=\"https:\/\/sanatate.md\/ro\/boli-si-tratament\/boli-ale-sistemului-respirator\/abcesul-pulmonar-cronic\/\" \/>\n<meta property=\"og:locale\" content=\"ro_RO\" \/>\n<meta property=\"og:type\" content=\"article\" \/>\n<meta property=\"og:title\" content=\"Abcesul pulmonar cronic\" \/>\n<meta property=\"og:description\" content=\"Aceast\u0103 boal\u0103 se caracterizeaz\u0103 printr-o supura\u021bie \u00een pl\u0103m\u00e2ni, care apare dintr-un abces acut prelungit \u00een curs de dezvoltare.\" \/>\n<meta property=\"og:url\" content=\"https:\/\/sanatate.md\/ro\/boli-si-tratament\/boli-ale-sistemului-respirator\/abcesul-pulmonar-cronic\/\" \/>\n<meta property=\"og:site_name\" content=\"Sanatate.md\" \/>\n<meta property=\"article:modified_time\" content=\"2018-01-25T08:28:36+00:00\" \/>\n<meta name=\"twitter:card\" content=\"summary_large_image\" \/>\n<meta name=\"twitter:label1\" content=\"Timp estimat pentru citire\" \/>\n\t<meta name=\"twitter:data1\" content=\"1 minut\" \/>\n<script type=\"application\/ld+json\" class=\"yoast-schema-graph\">{\"@context\":\"https:\\\/\\\/schema.org\",\"@graph\":[{\"@type\":\"WebPage\",\"@id\":\"https:\\\/\\\/sanatate.md\\\/ro\\\/boli-si-tratament\\\/boli-ale-sistemului-respirator\\\/abcesul-pulmonar-cronic\\\/\",\"url\":\"https:\\\/\\\/sanatate.md\\\/ro\\\/boli-si-tratament\\\/boli-ale-sistemului-respirator\\\/abcesul-pulmonar-cronic\\\/\",\"name\":\"Abcesul pulmonar cronic\",\"isPartOf\":{\"@id\":\"https:\\\/\\\/sanatate.md\\\/ro\\\/#website\"},\"datePublished\":\"2018-01-25T08:25:29+00:00\",\"dateModified\":\"2018-01-25T08:28:36+00:00\",\"description\":\"Aceast\u0103 boal\u0103 se caracterizeaz\u0103 printr-o supura\u021bie \u00een pl\u0103m\u00e2ni, care apare dintr-un abces acut prelungit \u00een curs de dezvoltare.\",\"breadcrumb\":{\"@id\":\"https:\\\/\\\/sanatate.md\\\/ro\\\/boli-si-tratament\\\/boli-ale-sistemului-respirator\\\/abcesul-pulmonar-cronic\\\/#breadcrumb\"},\"inLanguage\":\"ro-RO\",\"potentialAction\":[{\"@type\":\"ReadAction\",\"target\":[\"https:\\\/\\\/sanatate.md\\\/ro\\\/boli-si-tratament\\\/boli-ale-sistemului-respirator\\\/abcesul-pulmonar-cronic\\\/\"]}]},{\"@type\":\"BreadcrumbList\",\"@id\":\"https:\\\/\\\/sanatate.md\\\/ro\\\/boli-si-tratament\\\/boli-ale-sistemului-respirator\\\/abcesul-pulmonar-cronic\\\/#breadcrumb\",\"itemListElement\":[{\"@type\":\"ListItem\",\"position\":1,\"name\":\"\u0413\u043b\u0430\u0432\u043d\u0430\u044f \u0441\u0442\u0440\u0430\u043d\u0438\u0446\u0430\",\"item\":\"https:\\\/\\\/sanatate.md\\\/ro\\\/\"},{\"@type\":\"ListItem\",\"position\":2,\"name\":\"Boli si tratament\",\"item\":\"https:\\\/\\\/sanatate.md\\\/ro\\\/boli-si-tratament\\\/\"},{\"@type\":\"ListItem\",\"position\":3,\"name\":\"Boli ale sistemului respirator\",\"item\":\"https:\\\/\\\/sanatate.md\\\/ro\\\/boli-si-tratament\\\/boli-ale-sistemului-respirator\\\/\"},{\"@type\":\"ListItem\",\"position\":4,\"name\":\"Abcesul pulmonar cronic\"}]},{\"@type\":\"WebSite\",\"@id\":\"https:\\\/\\\/sanatate.md\\\/ro\\\/#website\",\"url\":\"https:\\\/\\\/sanatate.md\\\/ro\\\/\",\"name\":\"Sanatate.md\",\"description\":\"\u0416\u0443\u0440\u043d\u0430\u043b \u0434\u043b\u044f \u0432\u0441\u0435\u0439 \u0441\u0435\u043c\u044c\u0438 \u0432 \u041c\u043e\u043b\u0434\u043e\u0432\u0435\",\"publisher\":{\"@id\":\"https:\\\/\\\/sanatate.md\\\/ro\\\/#organization\"},\"potentialAction\":[{\"@type\":\"SearchAction\",\"target\":{\"@type\":\"EntryPoint\",\"urlTemplate\":\"https:\\\/\\\/sanatate.md\\\/ro\\\/?s={search_term_string}\"},\"query-input\":{\"@type\":\"PropertyValueSpecification\",\"valueRequired\":true,\"valueName\":\"search_term_string\"}}],\"inLanguage\":\"ro-RO\"},{\"@type\":\"Organization\",\"@id\":\"https:\\\/\\\/sanatate.md\\\/ro\\\/#organization\",\"name\":\"SANATATE\",\"url\":\"https:\\\/\\\/sanatate.md\\\/ro\\\/\",\"logo\":{\"@type\":\"ImageObject\",\"inLanguage\":\"ro-RO\",\"@id\":\"https:\\\/\\\/sanatate.md\\\/ro\\\/#\\\/schema\\\/logo\\\/image\\\/\",\"url\":\"https:\\\/\\\/sanatate.md\\\/wp-content\\\/uploads\\\/2022\\\/01\\\/sanatate-logo.svg\",\"contentUrl\":\"https:\\\/\\\/sanatate.md\\\/wp-content\\\/uploads\\\/2022\\\/01\\\/sanatate-logo.svg\",\"width\":\"1024\",\"height\":\"1024\",\"caption\":\"SANATATE\"},\"image\":{\"@id\":\"https:\\\/\\\/sanatate.md\\\/ro\\\/#\\\/schema\\\/logo\\\/image\\\/\"}}]}<\/script>\n<!-- \/ Yoast SEO plugin. -->","yoast_head_json":{"title":"Abcesul pulmonar cronic","description":"Aceast\u0103 boal\u0103 se caracterizeaz\u0103 printr-o supura\u021bie \u00een pl\u0103m\u00e2ni, care apare dintr-un abces acut prelungit \u00een curs de dezvoltare.","robots":{"index":"index","follow":"follow","max-snippet":"max-snippet:-1","max-image-preview":"max-image-preview:large","max-video-preview":"max-video-preview:-1"},"canonical":"https:\/\/sanatate.md\/ro\/boli-si-tratament\/boli-ale-sistemului-respirator\/abcesul-pulmonar-cronic\/","og_locale":"ro_RO","og_type":"article","og_title":"Abcesul pulmonar cronic","og_description":"Aceast\u0103 boal\u0103 se caracterizeaz\u0103 printr-o supura\u021bie \u00een pl\u0103m\u00e2ni, care apare dintr-un abces acut prelungit \u00een curs de dezvoltare.","og_url":"https:\/\/sanatate.md\/ro\/boli-si-tratament\/boli-ale-sistemului-respirator\/abcesul-pulmonar-cronic\/","og_site_name":"Sanatate.md","article_modified_time":"2018-01-25T08:28:36+00:00","twitter_card":"summary_large_image","twitter_misc":{"Timp estimat pentru citire":"1 minut"},"schema":{"@context":"https:\/\/schema.org","@graph":[{"@type":"WebPage","@id":"https:\/\/sanatate.md\/ro\/boli-si-tratament\/boli-ale-sistemului-respirator\/abcesul-pulmonar-cronic\/","url":"https:\/\/sanatate.md\/ro\/boli-si-tratament\/boli-ale-sistemului-respirator\/abcesul-pulmonar-cronic\/","name":"Abcesul pulmonar cronic","isPartOf":{"@id":"https:\/\/sanatate.md\/ro\/#website"},"datePublished":"2018-01-25T08:25:29+00:00","dateModified":"2018-01-25T08:28:36+00:00","description":"Aceast\u0103 boal\u0103 se caracterizeaz\u0103 printr-o supura\u021bie \u00een pl\u0103m\u00e2ni, care apare dintr-un abces acut prelungit \u00een curs de dezvoltare.","breadcrumb":{"@id":"https:\/\/sanatate.md\/ro\/boli-si-tratament\/boli-ale-sistemului-respirator\/abcesul-pulmonar-cronic\/#breadcrumb"},"inLanguage":"ro-RO","potentialAction":[{"@type":"ReadAction","target":["https:\/\/sanatate.md\/ro\/boli-si-tratament\/boli-ale-sistemului-respirator\/abcesul-pulmonar-cronic\/"]}]},{"@type":"BreadcrumbList","@id":"https:\/\/sanatate.md\/ro\/boli-si-tratament\/boli-ale-sistemului-respirator\/abcesul-pulmonar-cronic\/#breadcrumb","itemListElement":[{"@type":"ListItem","position":1,"name":"\u0413\u043b\u0430\u0432\u043d\u0430\u044f \u0441\u0442\u0440\u0430\u043d\u0438\u0446\u0430","item":"https:\/\/sanatate.md\/ro\/"},{"@type":"ListItem","position":2,"name":"Boli si tratament","item":"https:\/\/sanatate.md\/ro\/boli-si-tratament\/"},{"@type":"ListItem","position":3,"name":"Boli ale sistemului respirator","item":"https:\/\/sanatate.md\/ro\/boli-si-tratament\/boli-ale-sistemului-respirator\/"},{"@type":"ListItem","position":4,"name":"Abcesul pulmonar cronic"}]},{"@type":"WebSite","@id":"https:\/\/sanatate.md\/ro\/#website","url":"https:\/\/sanatate.md\/ro\/","name":"Sanatate.md","description":"\u0416\u0443\u0440\u043d\u0430\u043b \u0434\u043b\u044f \u0432\u0441\u0435\u0439 \u0441\u0435\u043c\u044c\u0438 \u0432 \u041c\u043e\u043b\u0434\u043e\u0432\u0435","publisher":{"@id":"https:\/\/sanatate.md\/ro\/#organization"},"potentialAction":[{"@type":"SearchAction","target":{"@type":"EntryPoint","urlTemplate":"https:\/\/sanatate.md\/ro\/?s={search_term_string}"},"query-input":{"@type":"PropertyValueSpecification","valueRequired":true,"valueName":"search_term_string"}}],"inLanguage":"ro-RO"},{"@type":"Organization","@id":"https:\/\/sanatate.md\/ro\/#organization","name":"SANATATE","url":"https:\/\/sanatate.md\/ro\/","logo":{"@type":"ImageObject","inLanguage":"ro-RO","@id":"https:\/\/sanatate.md\/ro\/#\/schema\/logo\/image\/","url":"https:\/\/sanatate.md\/wp-content\/uploads\/2022\/01\/sanatate-logo.svg","contentUrl":"https:\/\/sanatate.md\/wp-content\/uploads\/2022\/01\/sanatate-logo.svg","width":"1024","height":"1024","caption":"SANATATE"},"image":{"@id":"https:\/\/sanatate.md\/ro\/#\/schema\/logo\/image\/"}}]}},"_links":{"self":[{"href":"https:\/\/sanatate.md\/ro\/wp-json\/wp\/v2\/pages\/51053","targetHints":{"allow":["GET"]}}],"collection":[{"href":"https:\/\/sanatate.md\/ro\/wp-json\/wp\/v2\/pages"}],"about":[{"href":"https:\/\/sanatate.md\/ro\/wp-json\/wp\/v2\/types\/page"}],"author":[{"embeddable":true,"href":"https:\/\/sanatate.md\/ro\/wp-json\/wp\/v2\/users\/28"}],"replies":[{"embeddable":true,"href":"https:\/\/sanatate.md\/ro\/wp-json\/wp\/v2\/comments?post=51053"}],"version-history":[{"count":0,"href":"https:\/\/sanatate.md\/ro\/wp-json\/wp\/v2\/pages\/51053\/revisions"}],"up":[{"embeddable":true,"href":"https:\/\/sanatate.md\/ro\/wp-json\/wp\/v2\/pages\/52999"}],"wp:attachment":[{"href":"https:\/\/sanatate.md\/ro\/wp-json\/wp\/v2\/media?parent=51053"}],"curies":[{"name":"wp","href":"https:\/\/api.w.org\/{rel}","templated":true}]}}