{"id":51058,"date":"2018-01-25T11:47:05","date_gmt":"2018-01-25T08:47:05","guid":{"rendered":"https:\/\/sanatate.md\/?page_id=51058"},"modified":"2018-01-25T11:48:43","modified_gmt":"2018-01-25T08:48:43","slug":"abcesul-maxilarului","status":"publish","type":"page","link":"https:\/\/sanatate.md\/ro\/boli-si-tratament\/boli-ale-dintilor-si-ale-cavitatii-bucale\/abcesul-maxilarului\/","title":{"rendered":"Abcesul maxilarului"},"content":{"rendered":"<p>Boala prezint\u0103 un proces inflamator purulent \u0219i se caracterizeaz\u0103 prin formarea unui focar de degradare a \u021besuturilor din regiunea maxilo-facial\u0103.<\/p>\n<h3>Cauzele, simptomele, evolu\u021bia bolii<\/h3>\n<p>Motivele bolii sunt: penetrarea \u021be\u015futurilor de c\u0103tre stafilococi \u0219i streptococi. Infec\u021bia se r\u0103sp\u00e2nde\u0219te din focarele peri coronare ale inflama\u021biei, precum \u0219i din buzunarele parodontale.<br \/>\nSimptomele: umfl\u0103turi, frisoane, dureri. Abcesele de sub gingii se deschid spontan.<\/p>\n<h3>Tipuri de abcese:<\/h3>\n<ul>\n<li>Abcesul cavit\u0103\u021bii bucale de sub limb\u0103. Pacientul simte senza\u021bii nepl\u0103cute \u00een timpul conversa\u021biei \u0219i se pl\u00e2nge de durere. \u00cen practica medical\u0103 exist\u0103 cazuri, \u00een care procesul inflamator trece \u015fi la g\u00e2t.<\/li>\n<li>Abcesul cerului cavit\u0103\u0163ii bucale este o complica\u021bie a parodontitei din r\u00e2ndul superior al din\u021bilor. Pacientul simte durere \u00een cerul gurii, \u00eei e dificil s\u0103 m\u0103n\u00e2nce \u0219i s\u0103 vorbeasc\u0103.<\/li>\n<li>Abcesul obrazului poate fi detectat atat pe exteriorul c\u00e2t \u015fi pe interiorul obrazului.<\/li>\n<li>Abcesul limbii e u\u015for de determinat. El este foarte periculos. Microbii de pe limb\u0103 se r\u0103sp\u00e2ndesc foarte repede pe \u021besuturile din jur. Aceast\u0103 boal\u0103 necesit\u0103 tratament urgent. Consecin\u021bele sunt grave.<\/li>\n<\/ul>\n<h3>Diagnosticarea<\/h3>\n<p>Medicul confirm\u0103 boala, \u0163in\u00eend cont de pl\u00e2ngerile pacientului. De asemenea, dentistul examineaz\u0103 cu aten\u0163ie cavit\u0103tea bucal\u0103. Medicul stabile\u015fte dac\u0103 exist\u0103 abcese \u00een zona fe\u021bei \u0219i dac\u0103 pacientul sufer\u0103 de boli cronice infec\u021bioase.<\/p>\n<h3>Tratamentul<\/h3>\n<p>Majoritatea abceselor necesit\u0103 o disecare. Dup\u0103 procedura dat\u0103, cavitatea abcesului este drenat\u0103. \u00cen caz de febr\u0103, medicul prescrie antibiotice.<\/p>\n","protected":false},"excerpt":{"rendered":"<p>Boala prezint\u0103 un proces inflamator purulent \u0219i se caracterizeaz\u0103 prin formarea unui focar de degradare a \u021besuturilor din regiunea maxilo-facial\u0103. Cauzele, simptomele, evolu\u021bia bolii Motivele bolii sunt: penetrarea \u021be\u015futurilor de c\u0103tre stafilococi \u0219i streptococi. Infec\u021bia se r\u0103sp\u00e2nde\u0219te din focarele peri coronare ale inflama\u021biei, precum \u0219i din buzunarele parodontale. Simptomele: umfl\u0103turi, frisoane, dureri. Abcesele de sub [&hellip;]<\/p>\n","protected":false},"author":28,"featured_media":0,"parent":52993,"menu_order":0,"comment_status":"closed","ping_status":"closed","template":"","meta":{"inline_featured_image":false,"footnotes":""},"class_list":["post-51058","page","type-page","status-publish"],"yoast_head":"<!-- This site is optimized with the Yoast SEO plugin v27.3 - https:\/\/yoast.com\/product\/yoast-seo-wordpress\/ -->\n<title>Abcesul maxilarului<\/title>\n<meta name=\"description\" content=\"Boala prezint\u0103 un proces inflamator purulent \u0219i se caracterizeaz\u0103 prin formarea unui focar de degradare a \u021besuturilor din regiunea maxilo-facial\u0103.\" \/>\n<meta name=\"robots\" content=\"index, follow, max-snippet:-1, max-image-preview:large, max-video-preview:-1\" \/>\n<link rel=\"canonical\" href=\"https:\/\/sanatate.md\/ro\/boli-si-tratament\/boli-ale-dintilor-si-ale-cavitatii-bucale\/abcesul-maxilarului\/\" \/>\n<meta property=\"og:locale\" content=\"ro_RO\" \/>\n<meta property=\"og:type\" content=\"article\" \/>\n<meta property=\"og:title\" content=\"Abcesul maxilarului\" \/>\n<meta property=\"og:description\" content=\"Boala prezint\u0103 un proces inflamator purulent \u0219i se caracterizeaz\u0103 prin formarea unui focar de degradare a \u021besuturilor din regiunea maxilo-facial\u0103.\" \/>\n<meta property=\"og:url\" content=\"https:\/\/sanatate.md\/ro\/boli-si-tratament\/boli-ale-dintilor-si-ale-cavitatii-bucale\/abcesul-maxilarului\/\" \/>\n<meta property=\"og:site_name\" content=\"Sanatate.md\" \/>\n<meta property=\"article:modified_time\" content=\"2018-01-25T08:48:43+00:00\" \/>\n<meta name=\"twitter:card\" content=\"summary_large_image\" \/>\n<meta name=\"twitter:label1\" content=\"Timp estimat pentru citire\" \/>\n\t<meta name=\"twitter:data1\" content=\"1 minut\" \/>\n<script type=\"application\/ld+json\" class=\"yoast-schema-graph\">{\"@context\":\"https:\\\/\\\/schema.org\",\"@graph\":[{\"@type\":\"WebPage\",\"@id\":\"https:\\\/\\\/sanatate.md\\\/ro\\\/boli-si-tratament\\\/boli-ale-dintilor-si-ale-cavitatii-bucale\\\/abcesul-maxilarului\\\/\",\"url\":\"https:\\\/\\\/sanatate.md\\\/ro\\\/boli-si-tratament\\\/boli-ale-dintilor-si-ale-cavitatii-bucale\\\/abcesul-maxilarului\\\/\",\"name\":\"Abcesul maxilarului\",\"isPartOf\":{\"@id\":\"https:\\\/\\\/sanatate.md\\\/ro\\\/#website\"},\"datePublished\":\"2018-01-25T08:47:05+00:00\",\"dateModified\":\"2018-01-25T08:48:43+00:00\",\"description\":\"Boala prezint\u0103 un proces inflamator purulent \u0219i se caracterizeaz\u0103 prin formarea unui focar de degradare a \u021besuturilor din regiunea maxilo-facial\u0103.\",\"breadcrumb\":{\"@id\":\"https:\\\/\\\/sanatate.md\\\/ro\\\/boli-si-tratament\\\/boli-ale-dintilor-si-ale-cavitatii-bucale\\\/abcesul-maxilarului\\\/#breadcrumb\"},\"inLanguage\":\"ro-RO\",\"potentialAction\":[{\"@type\":\"ReadAction\",\"target\":[\"https:\\\/\\\/sanatate.md\\\/ro\\\/boli-si-tratament\\\/boli-ale-dintilor-si-ale-cavitatii-bucale\\\/abcesul-maxilarului\\\/\"]}]},{\"@type\":\"BreadcrumbList\",\"@id\":\"https:\\\/\\\/sanatate.md\\\/ro\\\/boli-si-tratament\\\/boli-ale-dintilor-si-ale-cavitatii-bucale\\\/abcesul-maxilarului\\\/#breadcrumb\",\"itemListElement\":[{\"@type\":\"ListItem\",\"position\":1,\"name\":\"\u0413\u043b\u0430\u0432\u043d\u0430\u044f \u0441\u0442\u0440\u0430\u043d\u0438\u0446\u0430\",\"item\":\"https:\\\/\\\/sanatate.md\\\/ro\\\/\"},{\"@type\":\"ListItem\",\"position\":2,\"name\":\"Boli si tratament\",\"item\":\"https:\\\/\\\/sanatate.md\\\/ro\\\/boli-si-tratament\\\/\"},{\"@type\":\"ListItem\",\"position\":3,\"name\":\"Boli ale din\u021bilor \u0219i ale cavit\u0103\u021bii bucale\",\"item\":\"https:\\\/\\\/sanatate.md\\\/ro\\\/boli-si-tratament\\\/boli-ale-dintilor-si-ale-cavitatii-bucale\\\/\"},{\"@type\":\"ListItem\",\"position\":4,\"name\":\"Abcesul maxilarului\"}]},{\"@type\":\"WebSite\",\"@id\":\"https:\\\/\\\/sanatate.md\\\/ro\\\/#website\",\"url\":\"https:\\\/\\\/sanatate.md\\\/ro\\\/\",\"name\":\"Sanatate.md\",\"description\":\"\u0416\u0443\u0440\u043d\u0430\u043b \u0434\u043b\u044f \u0432\u0441\u0435\u0439 \u0441\u0435\u043c\u044c\u0438 \u0432 \u041c\u043e\u043b\u0434\u043e\u0432\u0435\",\"publisher\":{\"@id\":\"https:\\\/\\\/sanatate.md\\\/ro\\\/#organization\"},\"potentialAction\":[{\"@type\":\"SearchAction\",\"target\":{\"@type\":\"EntryPoint\",\"urlTemplate\":\"https:\\\/\\\/sanatate.md\\\/ro\\\/?s={search_term_string}\"},\"query-input\":{\"@type\":\"PropertyValueSpecification\",\"valueRequired\":true,\"valueName\":\"search_term_string\"}}],\"inLanguage\":\"ro-RO\"},{\"@type\":\"Organization\",\"@id\":\"https:\\\/\\\/sanatate.md\\\/ro\\\/#organization\",\"name\":\"SANATATE\",\"url\":\"https:\\\/\\\/sanatate.md\\\/ro\\\/\",\"logo\":{\"@type\":\"ImageObject\",\"inLanguage\":\"ro-RO\",\"@id\":\"https:\\\/\\\/sanatate.md\\\/ro\\\/#\\\/schema\\\/logo\\\/image\\\/\",\"url\":\"https:\\\/\\\/sanatate.md\\\/wp-content\\\/uploads\\\/2022\\\/01\\\/sanatate-logo.svg\",\"contentUrl\":\"https:\\\/\\\/sanatate.md\\\/wp-content\\\/uploads\\\/2022\\\/01\\\/sanatate-logo.svg\",\"width\":\"1024\",\"height\":\"1024\",\"caption\":\"SANATATE\"},\"image\":{\"@id\":\"https:\\\/\\\/sanatate.md\\\/ro\\\/#\\\/schema\\\/logo\\\/image\\\/\"}}]}<\/script>\n<!-- \/ Yoast SEO plugin. -->","yoast_head_json":{"title":"Abcesul maxilarului","description":"Boala prezint\u0103 un proces inflamator purulent \u0219i se caracterizeaz\u0103 prin formarea unui focar de degradare a \u021besuturilor din regiunea maxilo-facial\u0103.","robots":{"index":"index","follow":"follow","max-snippet":"max-snippet:-1","max-image-preview":"max-image-preview:large","max-video-preview":"max-video-preview:-1"},"canonical":"https:\/\/sanatate.md\/ro\/boli-si-tratament\/boli-ale-dintilor-si-ale-cavitatii-bucale\/abcesul-maxilarului\/","og_locale":"ro_RO","og_type":"article","og_title":"Abcesul maxilarului","og_description":"Boala prezint\u0103 un proces inflamator purulent \u0219i se caracterizeaz\u0103 prin formarea unui focar de degradare a \u021besuturilor din regiunea maxilo-facial\u0103.","og_url":"https:\/\/sanatate.md\/ro\/boli-si-tratament\/boli-ale-dintilor-si-ale-cavitatii-bucale\/abcesul-maxilarului\/","og_site_name":"Sanatate.md","article_modified_time":"2018-01-25T08:48:43+00:00","twitter_card":"summary_large_image","twitter_misc":{"Timp estimat pentru citire":"1 minut"},"schema":{"@context":"https:\/\/schema.org","@graph":[{"@type":"WebPage","@id":"https:\/\/sanatate.md\/ro\/boli-si-tratament\/boli-ale-dintilor-si-ale-cavitatii-bucale\/abcesul-maxilarului\/","url":"https:\/\/sanatate.md\/ro\/boli-si-tratament\/boli-ale-dintilor-si-ale-cavitatii-bucale\/abcesul-maxilarului\/","name":"Abcesul maxilarului","isPartOf":{"@id":"https:\/\/sanatate.md\/ro\/#website"},"datePublished":"2018-01-25T08:47:05+00:00","dateModified":"2018-01-25T08:48:43+00:00","description":"Boala prezint\u0103 un proces inflamator purulent \u0219i se caracterizeaz\u0103 prin formarea unui focar de degradare a \u021besuturilor din regiunea maxilo-facial\u0103.","breadcrumb":{"@id":"https:\/\/sanatate.md\/ro\/boli-si-tratament\/boli-ale-dintilor-si-ale-cavitatii-bucale\/abcesul-maxilarului\/#breadcrumb"},"inLanguage":"ro-RO","potentialAction":[{"@type":"ReadAction","target":["https:\/\/sanatate.md\/ro\/boli-si-tratament\/boli-ale-dintilor-si-ale-cavitatii-bucale\/abcesul-maxilarului\/"]}]},{"@type":"BreadcrumbList","@id":"https:\/\/sanatate.md\/ro\/boli-si-tratament\/boli-ale-dintilor-si-ale-cavitatii-bucale\/abcesul-maxilarului\/#breadcrumb","itemListElement":[{"@type":"ListItem","position":1,"name":"\u0413\u043b\u0430\u0432\u043d\u0430\u044f \u0441\u0442\u0440\u0430\u043d\u0438\u0446\u0430","item":"https:\/\/sanatate.md\/ro\/"},{"@type":"ListItem","position":2,"name":"Boli si tratament","item":"https:\/\/sanatate.md\/ro\/boli-si-tratament\/"},{"@type":"ListItem","position":3,"name":"Boli ale din\u021bilor \u0219i ale cavit\u0103\u021bii bucale","item":"https:\/\/sanatate.md\/ro\/boli-si-tratament\/boli-ale-dintilor-si-ale-cavitatii-bucale\/"},{"@type":"ListItem","position":4,"name":"Abcesul maxilarului"}]},{"@type":"WebSite","@id":"https:\/\/sanatate.md\/ro\/#website","url":"https:\/\/sanatate.md\/ro\/","name":"Sanatate.md","description":"\u0416\u0443\u0440\u043d\u0430\u043b \u0434\u043b\u044f \u0432\u0441\u0435\u0439 \u0441\u0435\u043c\u044c\u0438 \u0432 \u041c\u043e\u043b\u0434\u043e\u0432\u0435","publisher":{"@id":"https:\/\/sanatate.md\/ro\/#organization"},"potentialAction":[{"@type":"SearchAction","target":{"@type":"EntryPoint","urlTemplate":"https:\/\/sanatate.md\/ro\/?s={search_term_string}"},"query-input":{"@type":"PropertyValueSpecification","valueRequired":true,"valueName":"search_term_string"}}],"inLanguage":"ro-RO"},{"@type":"Organization","@id":"https:\/\/sanatate.md\/ro\/#organization","name":"SANATATE","url":"https:\/\/sanatate.md\/ro\/","logo":{"@type":"ImageObject","inLanguage":"ro-RO","@id":"https:\/\/sanatate.md\/ro\/#\/schema\/logo\/image\/","url":"https:\/\/sanatate.md\/wp-content\/uploads\/2022\/01\/sanatate-logo.svg","contentUrl":"https:\/\/sanatate.md\/wp-content\/uploads\/2022\/01\/sanatate-logo.svg","width":"1024","height":"1024","caption":"SANATATE"},"image":{"@id":"https:\/\/sanatate.md\/ro\/#\/schema\/logo\/image\/"}}]}},"_links":{"self":[{"href":"https:\/\/sanatate.md\/ro\/wp-json\/wp\/v2\/pages\/51058","targetHints":{"allow":["GET"]}}],"collection":[{"href":"https:\/\/sanatate.md\/ro\/wp-json\/wp\/v2\/pages"}],"about":[{"href":"https:\/\/sanatate.md\/ro\/wp-json\/wp\/v2\/types\/page"}],"author":[{"embeddable":true,"href":"https:\/\/sanatate.md\/ro\/wp-json\/wp\/v2\/users\/28"}],"replies":[{"embeddable":true,"href":"https:\/\/sanatate.md\/ro\/wp-json\/wp\/v2\/comments?post=51058"}],"version-history":[{"count":0,"href":"https:\/\/sanatate.md\/ro\/wp-json\/wp\/v2\/pages\/51058\/revisions"}],"up":[{"embeddable":true,"href":"https:\/\/sanatate.md\/ro\/wp-json\/wp\/v2\/pages\/52993"}],"wp:attachment":[{"href":"https:\/\/sanatate.md\/ro\/wp-json\/wp\/v2\/media?parent=51058"}],"curies":[{"name":"wp","href":"https:\/\/api.w.org\/{rel}","templated":true}]}}