{"id":51068,"date":"2018-01-25T11:53:49","date_gmt":"2018-01-25T08:53:49","guid":{"rendered":"https:\/\/sanatate.md\/?page_id=51068"},"modified":"2018-01-25T11:54:28","modified_gmt":"2018-01-25T08:54:28","slug":"achalasia-cardia","status":"publish","type":"page","link":"https:\/\/sanatate.md\/ro\/boli-si-tratament\/boli-ale-tractului-gastro-intestinal\/achalasia-cardia\/","title":{"rendered":"Achalasia cardia"},"content":{"rendered":"<p>Achalasia cardiac\u0103 este o boal\u0103 cronic\u0103, caracterizat\u0103 prin \u00eenc\u0103lc\u0103ri periodice ale permeabilit\u0103\u021bii esofagiene.\u00a0Acest defect apare ca urmare a \u00eengust\u0103rii unei sec\u021biuni separate a esofagului, numit\u0103 cardia. Locul dat anticipeaz\u0103 intrarea \u00een stomac, precum \u0219i \u00een zonele mai extinse ale esofagului.<\/p>\n<h3>Simptomatologia<\/h3>\n<p>Caracteristic pentru aceast\u0103 maladie este senza\u021bia de durere din spatele sternului, care dispare dup\u0103 ce pacientul ia o pastil\u0103 de nitroglicerina.\u00a0Foarte des, \u00een momentul \u00eenclin\u0103rii bru\u015fte \u00een jos sau \u00eenainte, persoana poate fi deranjat\u0103 de regurgitare.\u00a0Acest proces este caracterizat printr-o returnare a alimentelor cu impurit\u0103\u021bi de mucus \u0219i secre\u021bii salivare \u00een cavitatea bucal\u0103.<\/p>\n<h3>Diagnosticarea<\/h3>\n<p>Cea mai eficient\u0103 metod\u0103 de studiere a bolii este examinarea fluoroscopic\u0103, ceea ce face posibil\u0103 determinarea sec\u021biunilor m\u0103rite \u0219i \u00eengustate ale esofagului.\u00a0\u00cen cazul achalasiei cardiei, esofagul are forma unei clepsidre.\u00a0Pentru a evita diagnosticul gre\u0219it, se recomand\u0103 administrarea nitroglicerinei \u00eenainte de a efectua radiografia.<\/p>\n<h3>Tratamentul<\/h3>\n<p>Achalasia cardia se trateaz\u0103 cu:<\/p>\n<ul>\n<li>preparate din grupul de nitroglicerine;<\/li>\n<li>preparate de ac\u021biune anestezic\u0103 local\u0103: Almagel, Fosfalugel \u0219.a.<\/li>\n<\/ul>\n<p>Pentru a trata \u00een mod eficient aceast\u0103 boal\u0103, pot fi folosite cardiodilatoarele.\u00a0\u00cen unele cazuri, pacien\u021bilor li se recomand\u0103 interven\u021bii chirurgicale.<\/p>\n","protected":false},"excerpt":{"rendered":"<p>Achalasia cardiac\u0103 este o boal\u0103 cronic\u0103, caracterizat\u0103 prin \u00eenc\u0103lc\u0103ri periodice ale permeabilit\u0103\u021bii esofagiene.\u00a0Acest defect apare ca urmare a \u00eengust\u0103rii unei sec\u021biuni separate a esofagului, numit\u0103 cardia. Locul dat anticipeaz\u0103 intrarea \u00een stomac, precum \u0219i \u00een zonele mai extinse ale esofagului. Simptomatologia Caracteristic pentru aceast\u0103 maladie este senza\u021bia de durere din spatele sternului, care dispare dup\u0103 [&hellip;]<\/p>\n","protected":false},"author":28,"featured_media":0,"parent":52944,"menu_order":0,"comment_status":"closed","ping_status":"closed","template":"","meta":{"inline_featured_image":false,"footnotes":""},"class_list":["post-51068","page","type-page","status-publish"],"yoast_head":"<!-- This site is optimized with the Yoast SEO plugin v27.3 - https:\/\/yoast.com\/product\/yoast-seo-wordpress\/ -->\n<title>Achalasia cardia<\/title>\n<meta name=\"description\" content=\"Achalasia cardiac\u0103 este o boal\u0103 cronic\u0103, caracterizat\u0103 prin \u00eenc\u0103lc\u0103ri periodice ale permeabilit\u0103\u021bii esofagiene.\u00a0Acest defect apare ca urmare a \u00eengust\u0103rii unei sec\u021biuni separate a esofagului, numit\u0103 cardia. Locul dat anticipeaz\u0103 intrarea \u00een stomac, precum \u0219i \u00een zonele mai extinse ale esofagului.\" \/>\n<meta name=\"robots\" content=\"index, follow, max-snippet:-1, max-image-preview:large, max-video-preview:-1\" \/>\n<link rel=\"canonical\" href=\"https:\/\/sanatate.md\/ro\/boli-si-tratament\/boli-ale-tractului-gastro-intestinal\/achalasia-cardia\/\" \/>\n<meta property=\"og:locale\" content=\"ro_RO\" \/>\n<meta property=\"og:type\" content=\"article\" \/>\n<meta property=\"og:title\" content=\"Achalasia cardia\" \/>\n<meta property=\"og:description\" content=\"Achalasia cardiac\u0103 este o boal\u0103 cronic\u0103, caracterizat\u0103 prin \u00eenc\u0103lc\u0103ri periodice ale permeabilit\u0103\u021bii esofagiene.\u00a0Acest defect apare ca urmare a \u00eengust\u0103rii unei sec\u021biuni separate a esofagului, numit\u0103 cardia. Locul dat anticipeaz\u0103 intrarea \u00een stomac, precum \u0219i \u00een zonele mai extinse ale esofagului.\" \/>\n<meta property=\"og:url\" content=\"https:\/\/sanatate.md\/ro\/boli-si-tratament\/boli-ale-tractului-gastro-intestinal\/achalasia-cardia\/\" \/>\n<meta property=\"og:site_name\" content=\"Sanatate.md\" \/>\n<meta property=\"article:modified_time\" content=\"2018-01-25T08:54:28+00:00\" \/>\n<meta name=\"twitter:card\" content=\"summary_large_image\" \/>\n<meta name=\"twitter:label1\" content=\"Timp estimat pentru citire\" \/>\n\t<meta name=\"twitter:data1\" content=\"1 minut\" \/>\n<script type=\"application\/ld+json\" class=\"yoast-schema-graph\">{\"@context\":\"https:\\\/\\\/schema.org\",\"@graph\":[{\"@type\":\"WebPage\",\"@id\":\"https:\\\/\\\/sanatate.md\\\/ro\\\/boli-si-tratament\\\/boli-ale-tractului-gastro-intestinal\\\/achalasia-cardia\\\/\",\"url\":\"https:\\\/\\\/sanatate.md\\\/ro\\\/boli-si-tratament\\\/boli-ale-tractului-gastro-intestinal\\\/achalasia-cardia\\\/\",\"name\":\"Achalasia cardia\",\"isPartOf\":{\"@id\":\"https:\\\/\\\/sanatate.md\\\/ro\\\/#website\"},\"datePublished\":\"2018-01-25T08:53:49+00:00\",\"dateModified\":\"2018-01-25T08:54:28+00:00\",\"description\":\"Achalasia cardiac\u0103 este o boal\u0103 cronic\u0103, caracterizat\u0103 prin \u00eenc\u0103lc\u0103ri periodice ale permeabilit\u0103\u021bii esofagiene.\u00a0Acest defect apare ca urmare a \u00eengust\u0103rii unei sec\u021biuni separate a esofagului, numit\u0103 cardia. Locul dat anticipeaz\u0103 intrarea \u00een stomac, precum \u0219i \u00een zonele mai extinse ale esofagului.\",\"breadcrumb\":{\"@id\":\"https:\\\/\\\/sanatate.md\\\/ro\\\/boli-si-tratament\\\/boli-ale-tractului-gastro-intestinal\\\/achalasia-cardia\\\/#breadcrumb\"},\"inLanguage\":\"ro-RO\",\"potentialAction\":[{\"@type\":\"ReadAction\",\"target\":[\"https:\\\/\\\/sanatate.md\\\/ro\\\/boli-si-tratament\\\/boli-ale-tractului-gastro-intestinal\\\/achalasia-cardia\\\/\"]}]},{\"@type\":\"BreadcrumbList\",\"@id\":\"https:\\\/\\\/sanatate.md\\\/ro\\\/boli-si-tratament\\\/boli-ale-tractului-gastro-intestinal\\\/achalasia-cardia\\\/#breadcrumb\",\"itemListElement\":[{\"@type\":\"ListItem\",\"position\":1,\"name\":\"\u0413\u043b\u0430\u0432\u043d\u0430\u044f \u0441\u0442\u0440\u0430\u043d\u0438\u0446\u0430\",\"item\":\"https:\\\/\\\/sanatate.md\\\/ro\\\/\"},{\"@type\":\"ListItem\",\"position\":2,\"name\":\"Boli si tratament\",\"item\":\"https:\\\/\\\/sanatate.md\\\/ro\\\/boli-si-tratament\\\/\"},{\"@type\":\"ListItem\",\"position\":3,\"name\":\"Boli ale tractului gastro-intestinal\",\"item\":\"https:\\\/\\\/sanatate.md\\\/ro\\\/boli-si-tratament\\\/boli-ale-tractului-gastro-intestinal\\\/\"},{\"@type\":\"ListItem\",\"position\":4,\"name\":\"Achalasia cardia\"}]},{\"@type\":\"WebSite\",\"@id\":\"https:\\\/\\\/sanatate.md\\\/ro\\\/#website\",\"url\":\"https:\\\/\\\/sanatate.md\\\/ro\\\/\",\"name\":\"Sanatate.md\",\"description\":\"\u0416\u0443\u0440\u043d\u0430\u043b \u0434\u043b\u044f \u0432\u0441\u0435\u0439 \u0441\u0435\u043c\u044c\u0438 \u0432 \u041c\u043e\u043b\u0434\u043e\u0432\u0435\",\"publisher\":{\"@id\":\"https:\\\/\\\/sanatate.md\\\/ro\\\/#organization\"},\"potentialAction\":[{\"@type\":\"SearchAction\",\"target\":{\"@type\":\"EntryPoint\",\"urlTemplate\":\"https:\\\/\\\/sanatate.md\\\/ro\\\/?s={search_term_string}\"},\"query-input\":{\"@type\":\"PropertyValueSpecification\",\"valueRequired\":true,\"valueName\":\"search_term_string\"}}],\"inLanguage\":\"ro-RO\"},{\"@type\":\"Organization\",\"@id\":\"https:\\\/\\\/sanatate.md\\\/ro\\\/#organization\",\"name\":\"SANATATE\",\"url\":\"https:\\\/\\\/sanatate.md\\\/ro\\\/\",\"logo\":{\"@type\":\"ImageObject\",\"inLanguage\":\"ro-RO\",\"@id\":\"https:\\\/\\\/sanatate.md\\\/ro\\\/#\\\/schema\\\/logo\\\/image\\\/\",\"url\":\"https:\\\/\\\/sanatate.md\\\/wp-content\\\/uploads\\\/2022\\\/01\\\/sanatate-logo.svg\",\"contentUrl\":\"https:\\\/\\\/sanatate.md\\\/wp-content\\\/uploads\\\/2022\\\/01\\\/sanatate-logo.svg\",\"width\":\"1024\",\"height\":\"1024\",\"caption\":\"SANATATE\"},\"image\":{\"@id\":\"https:\\\/\\\/sanatate.md\\\/ro\\\/#\\\/schema\\\/logo\\\/image\\\/\"}}]}<\/script>\n<!-- \/ Yoast SEO plugin. -->","yoast_head_json":{"title":"Achalasia cardia","description":"Achalasia cardiac\u0103 este o boal\u0103 cronic\u0103, caracterizat\u0103 prin \u00eenc\u0103lc\u0103ri periodice ale permeabilit\u0103\u021bii esofagiene.\u00a0Acest defect apare ca urmare a \u00eengust\u0103rii unei sec\u021biuni separate a esofagului, numit\u0103 cardia. Locul dat anticipeaz\u0103 intrarea \u00een stomac, precum \u0219i \u00een zonele mai extinse ale esofagului.","robots":{"index":"index","follow":"follow","max-snippet":"max-snippet:-1","max-image-preview":"max-image-preview:large","max-video-preview":"max-video-preview:-1"},"canonical":"https:\/\/sanatate.md\/ro\/boli-si-tratament\/boli-ale-tractului-gastro-intestinal\/achalasia-cardia\/","og_locale":"ro_RO","og_type":"article","og_title":"Achalasia cardia","og_description":"Achalasia cardiac\u0103 este o boal\u0103 cronic\u0103, caracterizat\u0103 prin \u00eenc\u0103lc\u0103ri periodice ale permeabilit\u0103\u021bii esofagiene.\u00a0Acest defect apare ca urmare a \u00eengust\u0103rii unei sec\u021biuni separate a esofagului, numit\u0103 cardia. Locul dat anticipeaz\u0103 intrarea \u00een stomac, precum \u0219i \u00een zonele mai extinse ale esofagului.","og_url":"https:\/\/sanatate.md\/ro\/boli-si-tratament\/boli-ale-tractului-gastro-intestinal\/achalasia-cardia\/","og_site_name":"Sanatate.md","article_modified_time":"2018-01-25T08:54:28+00:00","twitter_card":"summary_large_image","twitter_misc":{"Timp estimat pentru citire":"1 minut"},"schema":{"@context":"https:\/\/schema.org","@graph":[{"@type":"WebPage","@id":"https:\/\/sanatate.md\/ro\/boli-si-tratament\/boli-ale-tractului-gastro-intestinal\/achalasia-cardia\/","url":"https:\/\/sanatate.md\/ro\/boli-si-tratament\/boli-ale-tractului-gastro-intestinal\/achalasia-cardia\/","name":"Achalasia cardia","isPartOf":{"@id":"https:\/\/sanatate.md\/ro\/#website"},"datePublished":"2018-01-25T08:53:49+00:00","dateModified":"2018-01-25T08:54:28+00:00","description":"Achalasia cardiac\u0103 este o boal\u0103 cronic\u0103, caracterizat\u0103 prin \u00eenc\u0103lc\u0103ri periodice ale permeabilit\u0103\u021bii esofagiene.\u00a0Acest defect apare ca urmare a \u00eengust\u0103rii unei sec\u021biuni separate a esofagului, numit\u0103 cardia. Locul dat anticipeaz\u0103 intrarea \u00een stomac, precum \u0219i \u00een zonele mai extinse ale esofagului.","breadcrumb":{"@id":"https:\/\/sanatate.md\/ro\/boli-si-tratament\/boli-ale-tractului-gastro-intestinal\/achalasia-cardia\/#breadcrumb"},"inLanguage":"ro-RO","potentialAction":[{"@type":"ReadAction","target":["https:\/\/sanatate.md\/ro\/boli-si-tratament\/boli-ale-tractului-gastro-intestinal\/achalasia-cardia\/"]}]},{"@type":"BreadcrumbList","@id":"https:\/\/sanatate.md\/ro\/boli-si-tratament\/boli-ale-tractului-gastro-intestinal\/achalasia-cardia\/#breadcrumb","itemListElement":[{"@type":"ListItem","position":1,"name":"\u0413\u043b\u0430\u0432\u043d\u0430\u044f \u0441\u0442\u0440\u0430\u043d\u0438\u0446\u0430","item":"https:\/\/sanatate.md\/ro\/"},{"@type":"ListItem","position":2,"name":"Boli si tratament","item":"https:\/\/sanatate.md\/ro\/boli-si-tratament\/"},{"@type":"ListItem","position":3,"name":"Boli ale tractului gastro-intestinal","item":"https:\/\/sanatate.md\/ro\/boli-si-tratament\/boli-ale-tractului-gastro-intestinal\/"},{"@type":"ListItem","position":4,"name":"Achalasia cardia"}]},{"@type":"WebSite","@id":"https:\/\/sanatate.md\/ro\/#website","url":"https:\/\/sanatate.md\/ro\/","name":"Sanatate.md","description":"\u0416\u0443\u0440\u043d\u0430\u043b \u0434\u043b\u044f \u0432\u0441\u0435\u0439 \u0441\u0435\u043c\u044c\u0438 \u0432 \u041c\u043e\u043b\u0434\u043e\u0432\u0435","publisher":{"@id":"https:\/\/sanatate.md\/ro\/#organization"},"potentialAction":[{"@type":"SearchAction","target":{"@type":"EntryPoint","urlTemplate":"https:\/\/sanatate.md\/ro\/?s={search_term_string}"},"query-input":{"@type":"PropertyValueSpecification","valueRequired":true,"valueName":"search_term_string"}}],"inLanguage":"ro-RO"},{"@type":"Organization","@id":"https:\/\/sanatate.md\/ro\/#organization","name":"SANATATE","url":"https:\/\/sanatate.md\/ro\/","logo":{"@type":"ImageObject","inLanguage":"ro-RO","@id":"https:\/\/sanatate.md\/ro\/#\/schema\/logo\/image\/","url":"https:\/\/sanatate.md\/wp-content\/uploads\/2022\/01\/sanatate-logo.svg","contentUrl":"https:\/\/sanatate.md\/wp-content\/uploads\/2022\/01\/sanatate-logo.svg","width":"1024","height":"1024","caption":"SANATATE"},"image":{"@id":"https:\/\/sanatate.md\/ro\/#\/schema\/logo\/image\/"}}]}},"_links":{"self":[{"href":"https:\/\/sanatate.md\/ro\/wp-json\/wp\/v2\/pages\/51068","targetHints":{"allow":["GET"]}}],"collection":[{"href":"https:\/\/sanatate.md\/ro\/wp-json\/wp\/v2\/pages"}],"about":[{"href":"https:\/\/sanatate.md\/ro\/wp-json\/wp\/v2\/types\/page"}],"author":[{"embeddable":true,"href":"https:\/\/sanatate.md\/ro\/wp-json\/wp\/v2\/users\/28"}],"replies":[{"embeddable":true,"href":"https:\/\/sanatate.md\/ro\/wp-json\/wp\/v2\/comments?post=51068"}],"version-history":[{"count":0,"href":"https:\/\/sanatate.md\/ro\/wp-json\/wp\/v2\/pages\/51068\/revisions"}],"up":[{"embeddable":true,"href":"https:\/\/sanatate.md\/ro\/wp-json\/wp\/v2\/pages\/52944"}],"wp:attachment":[{"href":"https:\/\/sanatate.md\/ro\/wp-json\/wp\/v2\/media?parent=51068"}],"curies":[{"name":"wp","href":"https:\/\/api.w.org\/{rel}","templated":true}]}}