{"id":51073,"date":"2018-01-25T12:02:17","date_gmt":"2018-01-25T09:02:17","guid":{"rendered":"https:\/\/sanatate.md\/?page_id=51073"},"modified":"2018-01-25T12:02:17","modified_gmt":"2018-01-25T09:02:17","slug":"aerosinuzita","status":"publish","type":"page","link":"https:\/\/sanatate.md\/ro\/boli-si-tratament\/bolile-orl\/aerosinuzita\/","title":{"rendered":"Aerosinuzita"},"content":{"rendered":"<p>Maladia se caracterizeaz\u0103 prin procese inflamatorii \u00een sinusurile paranazale, care apar ca urmare a schimb\u0103rilor bru\u0219te ale presiunii atmosferice a mediului. Cel mai adesea boala se dezvolt\u0103 la pilo\u021bi, lucr\u0103torii din barocamere.<\/p>\n<h3>Cauzele<\/h3>\n<p>Cauza principal\u0103 a aerosinuzitei este dezechilibrul dintre presiunea barometric\u0103 cu cea intern\u0103 la nivelul sinusurilor, care apare \u00een procesul inflam\u0103rii membranelor mucoase nazale \u0219i sinusurilor. Starea dat\u0103 duce la o \u00eengustare a p\u0103r\u021bii frontal-nazale sau a intr\u0103rii \u00een sinusurile maxilare.<\/p>\n<h3>Simptomatologia<\/h3>\n<p>Maladia apare ca urmare a obstruc\u021bion\u0103rii deschiderii sinusurilor inferioare la persoanele cu astfel de boli concomitente, cum ar fi:<\/p>\n<ul>\n<li>rinita alergic\u0103;<\/li>\n<li>deformarea septului nazal;<\/li>\n<li>rinita hipertrofic\u0103.<\/li>\n<\/ul>\n<p>Mai des este diagnosticat\u0103 \u00een sinusurile frontale, mai rar &#8211; \u00een maxilarele superioare.<br \/>\nSimptomele:<\/p>\n<ul>\n<li>severitate, compresie \u0219i durere acut\u0103 \u00een zona sinusurilor afectate;<\/li>\n<li>dureri de cap;<\/li>\n<li>deregl\u0103ri \u00een procesul respira\u021biei pe nas.<\/li>\n<\/ul>\n<h3>Diagnosticarea<\/h3>\n<p>Metoda optim\u0103 e de a face o investiga\u0163ie cu razele X, care v\u0103 permite de a preciza boala, iar uneori, de a releva acumularea de lichid, stabilind nivelul lui.<\/p>\n<h3>Tratamentul<\/h3>\n<p>Eforturile sunt \u00eendreptate la restabilirea respira\u021biei pe nas, precum \u0219i a normaliz\u0103rii permeabilit\u0103\u0163ii canalelor de ie\u0219ire ale sinusurilor paranazale. Ca m\u0103sur\u0103 preventiv\u0103, medicii recomand\u0103 s\u0103 se ab\u021bin\u0103 de la zboruri cu avionul, s\u0103 evite aflarea \u00een barocamere p\u00e2n\u0103 c\u00e2nd respira\u021bia nazal\u0103 va fi restabilit\u0103 \u00een totalmente.<\/p>\n","protected":false},"excerpt":{"rendered":"<p>Maladia se caracterizeaz\u0103 prin procese inflamatorii \u00een sinusurile paranazale, care apar ca urmare a schimb\u0103rilor bru\u0219te ale presiunii atmosferice a mediului. Cel mai adesea boala se dezvolt\u0103 la pilo\u021bi, lucr\u0103torii din barocamere. Cauzele Cauza principal\u0103 a aerosinuzitei este dezechilibrul dintre presiunea barometric\u0103 cu cea intern\u0103 la nivelul sinusurilor, care apare \u00een procesul inflam\u0103rii membranelor mucoase [&hellip;]<\/p>\n","protected":false},"author":28,"featured_media":0,"parent":52981,"menu_order":0,"comment_status":"closed","ping_status":"closed","template":"","meta":{"inline_featured_image":false,"footnotes":""},"class_list":["post-51073","page","type-page","status-publish"],"yoast_head":"<!-- This site is optimized with the Yoast SEO plugin v27.3 - https:\/\/yoast.com\/product\/yoast-seo-wordpress\/ -->\n<title>Aerosinuzita<\/title>\n<meta name=\"description\" content=\"Maladia se caracterizeaz\u0103 prin procese inflamatorii \u00een sinusurile paranazale, care apar ca urmare a schimb\u0103rilor bru\u0219te ale presiunii atmosferice a mediului. Cel mai adesea boala se dezvolt\u0103 la pilo\u021bi, lucr\u0103torii din barocamere.\" \/>\n<meta name=\"robots\" content=\"index, follow, max-snippet:-1, max-image-preview:large, max-video-preview:-1\" \/>\n<link rel=\"canonical\" href=\"https:\/\/sanatate.md\/ro\/boli-si-tratament\/bolile-orl\/aerosinuzita\/\" \/>\n<meta property=\"og:locale\" content=\"ro_RO\" \/>\n<meta property=\"og:type\" content=\"article\" \/>\n<meta property=\"og:title\" content=\"Aerosinuzita\" \/>\n<meta property=\"og:description\" content=\"Maladia se caracterizeaz\u0103 prin procese inflamatorii \u00een sinusurile paranazale, care apar ca urmare a schimb\u0103rilor bru\u0219te ale presiunii atmosferice a mediului. Cel mai adesea boala se dezvolt\u0103 la pilo\u021bi, lucr\u0103torii din barocamere.\" \/>\n<meta property=\"og:url\" content=\"https:\/\/sanatate.md\/ro\/boli-si-tratament\/bolile-orl\/aerosinuzita\/\" \/>\n<meta property=\"og:site_name\" content=\"Sanatate.md\" \/>\n<meta name=\"twitter:card\" content=\"summary_large_image\" \/>\n<meta name=\"twitter:label1\" content=\"Timp estimat pentru citire\" \/>\n\t<meta name=\"twitter:data1\" content=\"1 minut\" \/>\n<script type=\"application\/ld+json\" class=\"yoast-schema-graph\">{\"@context\":\"https:\\\/\\\/schema.org\",\"@graph\":[{\"@type\":\"WebPage\",\"@id\":\"https:\\\/\\\/sanatate.md\\\/ro\\\/boli-si-tratament\\\/bolile-orl\\\/aerosinuzita\\\/\",\"url\":\"https:\\\/\\\/sanatate.md\\\/ro\\\/boli-si-tratament\\\/bolile-orl\\\/aerosinuzita\\\/\",\"name\":\"Aerosinuzita\",\"isPartOf\":{\"@id\":\"https:\\\/\\\/sanatate.md\\\/ro\\\/#website\"},\"datePublished\":\"2018-01-25T09:02:17+00:00\",\"description\":\"Maladia se caracterizeaz\u0103 prin procese inflamatorii \u00een sinusurile paranazale, care apar ca urmare a schimb\u0103rilor bru\u0219te ale presiunii atmosferice a mediului. Cel mai adesea boala se dezvolt\u0103 la pilo\u021bi, lucr\u0103torii din barocamere.\",\"breadcrumb\":{\"@id\":\"https:\\\/\\\/sanatate.md\\\/ro\\\/boli-si-tratament\\\/bolile-orl\\\/aerosinuzita\\\/#breadcrumb\"},\"inLanguage\":\"ro-RO\",\"potentialAction\":[{\"@type\":\"ReadAction\",\"target\":[\"https:\\\/\\\/sanatate.md\\\/ro\\\/boli-si-tratament\\\/bolile-orl\\\/aerosinuzita\\\/\"]}]},{\"@type\":\"BreadcrumbList\",\"@id\":\"https:\\\/\\\/sanatate.md\\\/ro\\\/boli-si-tratament\\\/bolile-orl\\\/aerosinuzita\\\/#breadcrumb\",\"itemListElement\":[{\"@type\":\"ListItem\",\"position\":1,\"name\":\"\u0413\u043b\u0430\u0432\u043d\u0430\u044f \u0441\u0442\u0440\u0430\u043d\u0438\u0446\u0430\",\"item\":\"https:\\\/\\\/sanatate.md\\\/ro\\\/\"},{\"@type\":\"ListItem\",\"position\":2,\"name\":\"Boli si tratament\",\"item\":\"https:\\\/\\\/sanatate.md\\\/ro\\\/boli-si-tratament\\\/\"},{\"@type\":\"ListItem\",\"position\":3,\"name\":\"Bolile ORL\",\"item\":\"https:\\\/\\\/sanatate.md\\\/ro\\\/boli-si-tratament\\\/bolile-orl\\\/\"},{\"@type\":\"ListItem\",\"position\":4,\"name\":\"Aerosinuzita\"}]},{\"@type\":\"WebSite\",\"@id\":\"https:\\\/\\\/sanatate.md\\\/ro\\\/#website\",\"url\":\"https:\\\/\\\/sanatate.md\\\/ro\\\/\",\"name\":\"Sanatate.md\",\"description\":\"\u0416\u0443\u0440\u043d\u0430\u043b \u0434\u043b\u044f \u0432\u0441\u0435\u0439 \u0441\u0435\u043c\u044c\u0438 \u0432 \u041c\u043e\u043b\u0434\u043e\u0432\u0435\",\"publisher\":{\"@id\":\"https:\\\/\\\/sanatate.md\\\/ro\\\/#organization\"},\"potentialAction\":[{\"@type\":\"SearchAction\",\"target\":{\"@type\":\"EntryPoint\",\"urlTemplate\":\"https:\\\/\\\/sanatate.md\\\/ro\\\/?s={search_term_string}\"},\"query-input\":{\"@type\":\"PropertyValueSpecification\",\"valueRequired\":true,\"valueName\":\"search_term_string\"}}],\"inLanguage\":\"ro-RO\"},{\"@type\":\"Organization\",\"@id\":\"https:\\\/\\\/sanatate.md\\\/ro\\\/#organization\",\"name\":\"SANATATE\",\"url\":\"https:\\\/\\\/sanatate.md\\\/ro\\\/\",\"logo\":{\"@type\":\"ImageObject\",\"inLanguage\":\"ro-RO\",\"@id\":\"https:\\\/\\\/sanatate.md\\\/ro\\\/#\\\/schema\\\/logo\\\/image\\\/\",\"url\":\"https:\\\/\\\/sanatate.md\\\/wp-content\\\/uploads\\\/2022\\\/01\\\/sanatate-logo.svg\",\"contentUrl\":\"https:\\\/\\\/sanatate.md\\\/wp-content\\\/uploads\\\/2022\\\/01\\\/sanatate-logo.svg\",\"width\":\"1024\",\"height\":\"1024\",\"caption\":\"SANATATE\"},\"image\":{\"@id\":\"https:\\\/\\\/sanatate.md\\\/ro\\\/#\\\/schema\\\/logo\\\/image\\\/\"}}]}<\/script>\n<!-- \/ Yoast SEO plugin. -->","yoast_head_json":{"title":"Aerosinuzita","description":"Maladia se caracterizeaz\u0103 prin procese inflamatorii \u00een sinusurile paranazale, care apar ca urmare a schimb\u0103rilor bru\u0219te ale presiunii atmosferice a mediului. Cel mai adesea boala se dezvolt\u0103 la pilo\u021bi, lucr\u0103torii din barocamere.","robots":{"index":"index","follow":"follow","max-snippet":"max-snippet:-1","max-image-preview":"max-image-preview:large","max-video-preview":"max-video-preview:-1"},"canonical":"https:\/\/sanatate.md\/ro\/boli-si-tratament\/bolile-orl\/aerosinuzita\/","og_locale":"ro_RO","og_type":"article","og_title":"Aerosinuzita","og_description":"Maladia se caracterizeaz\u0103 prin procese inflamatorii \u00een sinusurile paranazale, care apar ca urmare a schimb\u0103rilor bru\u0219te ale presiunii atmosferice a mediului. Cel mai adesea boala se dezvolt\u0103 la pilo\u021bi, lucr\u0103torii din barocamere.","og_url":"https:\/\/sanatate.md\/ro\/boli-si-tratament\/bolile-orl\/aerosinuzita\/","og_site_name":"Sanatate.md","twitter_card":"summary_large_image","twitter_misc":{"Timp estimat pentru citire":"1 minut"},"schema":{"@context":"https:\/\/schema.org","@graph":[{"@type":"WebPage","@id":"https:\/\/sanatate.md\/ro\/boli-si-tratament\/bolile-orl\/aerosinuzita\/","url":"https:\/\/sanatate.md\/ro\/boli-si-tratament\/bolile-orl\/aerosinuzita\/","name":"Aerosinuzita","isPartOf":{"@id":"https:\/\/sanatate.md\/ro\/#website"},"datePublished":"2018-01-25T09:02:17+00:00","description":"Maladia se caracterizeaz\u0103 prin procese inflamatorii \u00een sinusurile paranazale, care apar ca urmare a schimb\u0103rilor bru\u0219te ale presiunii atmosferice a mediului. Cel mai adesea boala se dezvolt\u0103 la pilo\u021bi, lucr\u0103torii din barocamere.","breadcrumb":{"@id":"https:\/\/sanatate.md\/ro\/boli-si-tratament\/bolile-orl\/aerosinuzita\/#breadcrumb"},"inLanguage":"ro-RO","potentialAction":[{"@type":"ReadAction","target":["https:\/\/sanatate.md\/ro\/boli-si-tratament\/bolile-orl\/aerosinuzita\/"]}]},{"@type":"BreadcrumbList","@id":"https:\/\/sanatate.md\/ro\/boli-si-tratament\/bolile-orl\/aerosinuzita\/#breadcrumb","itemListElement":[{"@type":"ListItem","position":1,"name":"\u0413\u043b\u0430\u0432\u043d\u0430\u044f \u0441\u0442\u0440\u0430\u043d\u0438\u0446\u0430","item":"https:\/\/sanatate.md\/ro\/"},{"@type":"ListItem","position":2,"name":"Boli si tratament","item":"https:\/\/sanatate.md\/ro\/boli-si-tratament\/"},{"@type":"ListItem","position":3,"name":"Bolile ORL","item":"https:\/\/sanatate.md\/ro\/boli-si-tratament\/bolile-orl\/"},{"@type":"ListItem","position":4,"name":"Aerosinuzita"}]},{"@type":"WebSite","@id":"https:\/\/sanatate.md\/ro\/#website","url":"https:\/\/sanatate.md\/ro\/","name":"Sanatate.md","description":"\u0416\u0443\u0440\u043d\u0430\u043b \u0434\u043b\u044f \u0432\u0441\u0435\u0439 \u0441\u0435\u043c\u044c\u0438 \u0432 \u041c\u043e\u043b\u0434\u043e\u0432\u0435","publisher":{"@id":"https:\/\/sanatate.md\/ro\/#organization"},"potentialAction":[{"@type":"SearchAction","target":{"@type":"EntryPoint","urlTemplate":"https:\/\/sanatate.md\/ro\/?s={search_term_string}"},"query-input":{"@type":"PropertyValueSpecification","valueRequired":true,"valueName":"search_term_string"}}],"inLanguage":"ro-RO"},{"@type":"Organization","@id":"https:\/\/sanatate.md\/ro\/#organization","name":"SANATATE","url":"https:\/\/sanatate.md\/ro\/","logo":{"@type":"ImageObject","inLanguage":"ro-RO","@id":"https:\/\/sanatate.md\/ro\/#\/schema\/logo\/image\/","url":"https:\/\/sanatate.md\/wp-content\/uploads\/2022\/01\/sanatate-logo.svg","contentUrl":"https:\/\/sanatate.md\/wp-content\/uploads\/2022\/01\/sanatate-logo.svg","width":"1024","height":"1024","caption":"SANATATE"},"image":{"@id":"https:\/\/sanatate.md\/ro\/#\/schema\/logo\/image\/"}}]}},"_links":{"self":[{"href":"https:\/\/sanatate.md\/ro\/wp-json\/wp\/v2\/pages\/51073","targetHints":{"allow":["GET"]}}],"collection":[{"href":"https:\/\/sanatate.md\/ro\/wp-json\/wp\/v2\/pages"}],"about":[{"href":"https:\/\/sanatate.md\/ro\/wp-json\/wp\/v2\/types\/page"}],"author":[{"embeddable":true,"href":"https:\/\/sanatate.md\/ro\/wp-json\/wp\/v2\/users\/28"}],"replies":[{"embeddable":true,"href":"https:\/\/sanatate.md\/ro\/wp-json\/wp\/v2\/comments?post=51073"}],"version-history":[{"count":0,"href":"https:\/\/sanatate.md\/ro\/wp-json\/wp\/v2\/pages\/51073\/revisions"}],"up":[{"embeddable":true,"href":"https:\/\/sanatate.md\/ro\/wp-json\/wp\/v2\/pages\/52981"}],"wp:attachment":[{"href":"https:\/\/sanatate.md\/ro\/wp-json\/wp\/v2\/media?parent=51073"}],"curies":[{"name":"wp","href":"https:\/\/api.w.org\/{rel}","templated":true}]}}