{"id":51215,"date":"2018-01-26T17:13:18","date_gmt":"2018-01-26T14:13:18","guid":{"rendered":"https:\/\/sanatate.md\/?page_id=51215"},"modified":"2018-01-26T17:13:18","modified_gmt":"2018-01-26T14:13:18","slug":"abcesul-ficatului","status":"publish","type":"page","link":"https:\/\/sanatate.md\/ro\/boli-si-tratament\/bolile-chirurgicale\/abcesul-ficatului\/","title":{"rendered":"Abcesul ficatului"},"content":{"rendered":"<p>Boala este un gen de complica\u021bie a amoebiasisului intestinal. Ea apare de obicei \u00een perioada matur\u0103, \u00een principu la b\u0103rba\u0163\u00ed.<\/p>\n<h3>Cine o provoac\u0103<\/h3>\n<p>Vinovatul acestei boli este dizenteria amoeb\u0103.<\/p>\n<h3>Motivele<\/h3>\n<p>Cum se produce contaminarea cu acest parazit? Infec\u021bia are loc, dac\u0103 chisturile amoeba p\u0103trund \u00een tractul digestiv al pacientului. C\u00e2nd se \u00eenmul\u021be\u0219te \u00een pere\u021bii intestinului, se formeaz\u0103 mici abcese. Se pot rupe, form\u00e2nd ulcere.\u00a0Parazitul afecteaz\u0103 ficatul, provoc\u00e2nd formarea de abcese specifice, gener\u00e2nd necroza zonei \u021besutului hepatic. Astfel, se formeaz\u0103 o cavitate, \u00een interiorul ei se dezvolt\u0103 parazitul. Abcesul se poate steriliza de la sine.<\/p>\n<h3>Simptomele<\/h3>\n<p>De obicei maladia debuteaz\u0103 acut mai frecvent la o v\u00e2rst\u0103 fraged\u0103. Simptomele sunt destul de pronun\u021bate. Acest factor for\u021beaz\u0103 tinerii s\u0103 mearg\u0103 un medic \u00een primele zece zile dup\u0103 declan\u0219area bolii.\u00a0Febr\u0103, palpare dureroas\u0103 a ficatului, durere \u00een partea dreapt\u0103 &#8211; acestea sunt simptomele. C\u00e2nd amoeba intr\u0103 \u00een organism, procesul patologic \u00eencepe \u00een intestine, \u00eens\u0103, \u00een ciuda acestui fapt, aproape o treime dintre pacien\u021bi se pl\u00e2ng de indigestie.<\/p>\n<h3>Tratamentul<\/h3>\n<p>Interven\u021bia chirurgical\u0103 nu poate fi efectuat\u0103 dec\u00e2t dup\u0103 lichidarea bolii \u00een faza intestinal\u0103. De obicei, medicul prescrie metronidazol de 30 mg \/ kg de trei ori pe zi. Acest medicament trebuie luat 10 zile, dup\u0103 care medicul reduce doza la jum\u0103tate.<\/p>\n<p>Pacientul ia medicamentul \u00eenc\u0103 10 zile. Concomitent se administreaz\u0103 \u0219i rezoxin\u0103.<\/p>\n","protected":false},"excerpt":{"rendered":"<p>Boala este un gen de complica\u021bie a amoebiasisului intestinal. Ea apare de obicei \u00een perioada matur\u0103, \u00een principu la b\u0103rba\u0163\u00ed. Cine o provoac\u0103 Vinovatul acestei boli este dizenteria amoeb\u0103. Motivele Cum se produce contaminarea cu acest parazit? Infec\u021bia are loc, dac\u0103 chisturile amoeba p\u0103trund \u00een tractul digestiv al pacientului. C\u00e2nd se \u00eenmul\u021be\u0219te \u00een pere\u021bii intestinului, [&hellip;]<\/p>\n","protected":false},"author":28,"featured_media":0,"parent":53032,"menu_order":0,"comment_status":"closed","ping_status":"closed","template":"","meta":{"inline_featured_image":false,"footnotes":""},"class_list":["post-51215","page","type-page","status-publish"],"yoast_head":"<!-- This site is optimized with the Yoast SEO plugin v27.3 - https:\/\/yoast.com\/product\/yoast-seo-wordpress\/ -->\n<title>Abcesul ficatului<\/title>\n<meta name=\"description\" content=\"Boala este un gen de complica\u021bie a amoebiasisului intestinal. Ea apare de obicei \u00een perioada matur\u0103, \u00een principu la b\u0103rba\u0163\u00ed.\" \/>\n<meta name=\"robots\" content=\"index, follow, max-snippet:-1, max-image-preview:large, max-video-preview:-1\" \/>\n<link rel=\"canonical\" href=\"https:\/\/sanatate.md\/ro\/boli-si-tratament\/bolile-chirurgicale\/abcesul-ficatului\/\" \/>\n<meta property=\"og:locale\" content=\"ro_RO\" \/>\n<meta property=\"og:type\" content=\"article\" \/>\n<meta property=\"og:title\" content=\"Abcesul ficatului\" \/>\n<meta property=\"og:description\" content=\"Boala este un gen de complica\u021bie a amoebiasisului intestinal. Ea apare de obicei \u00een perioada matur\u0103, \u00een principu la b\u0103rba\u0163\u00ed.\" \/>\n<meta property=\"og:url\" content=\"https:\/\/sanatate.md\/ro\/boli-si-tratament\/bolile-chirurgicale\/abcesul-ficatului\/\" \/>\n<meta property=\"og:site_name\" content=\"Sanatate.md\" \/>\n<meta name=\"twitter:card\" content=\"summary_large_image\" \/>\n<meta name=\"twitter:label1\" content=\"Timp estimat pentru citire\" \/>\n\t<meta name=\"twitter:data1\" content=\"1 minut\" \/>\n<script type=\"application\/ld+json\" class=\"yoast-schema-graph\">{\"@context\":\"https:\\\/\\\/schema.org\",\"@graph\":[{\"@type\":\"WebPage\",\"@id\":\"https:\\\/\\\/sanatate.md\\\/ro\\\/boli-si-tratament\\\/bolile-chirurgicale\\\/abcesul-ficatului\\\/\",\"url\":\"https:\\\/\\\/sanatate.md\\\/ro\\\/boli-si-tratament\\\/bolile-chirurgicale\\\/abcesul-ficatului\\\/\",\"name\":\"Abcesul ficatului\",\"isPartOf\":{\"@id\":\"https:\\\/\\\/sanatate.md\\\/ro\\\/#website\"},\"datePublished\":\"2018-01-26T14:13:18+00:00\",\"description\":\"Boala este un gen de complica\u021bie a amoebiasisului intestinal. Ea apare de obicei \u00een perioada matur\u0103, \u00een principu la b\u0103rba\u0163\u00ed.\",\"breadcrumb\":{\"@id\":\"https:\\\/\\\/sanatate.md\\\/ro\\\/boli-si-tratament\\\/bolile-chirurgicale\\\/abcesul-ficatului\\\/#breadcrumb\"},\"inLanguage\":\"ro-RO\",\"potentialAction\":[{\"@type\":\"ReadAction\",\"target\":[\"https:\\\/\\\/sanatate.md\\\/ro\\\/boli-si-tratament\\\/bolile-chirurgicale\\\/abcesul-ficatului\\\/\"]}]},{\"@type\":\"BreadcrumbList\",\"@id\":\"https:\\\/\\\/sanatate.md\\\/ro\\\/boli-si-tratament\\\/bolile-chirurgicale\\\/abcesul-ficatului\\\/#breadcrumb\",\"itemListElement\":[{\"@type\":\"ListItem\",\"position\":1,\"name\":\"\u0413\u043b\u0430\u0432\u043d\u0430\u044f \u0441\u0442\u0440\u0430\u043d\u0438\u0446\u0430\",\"item\":\"https:\\\/\\\/sanatate.md\\\/ro\\\/\"},{\"@type\":\"ListItem\",\"position\":2,\"name\":\"Boli si tratament\",\"item\":\"https:\\\/\\\/sanatate.md\\\/ro\\\/boli-si-tratament\\\/\"},{\"@type\":\"ListItem\",\"position\":3,\"name\":\"Bolile chirurgicale\",\"item\":\"https:\\\/\\\/sanatate.md\\\/ro\\\/boli-si-tratament\\\/bolile-chirurgicale\\\/\"},{\"@type\":\"ListItem\",\"position\":4,\"name\":\"Abcesul ficatului\"}]},{\"@type\":\"WebSite\",\"@id\":\"https:\\\/\\\/sanatate.md\\\/ro\\\/#website\",\"url\":\"https:\\\/\\\/sanatate.md\\\/ro\\\/\",\"name\":\"Sanatate.md\",\"description\":\"\u0416\u0443\u0440\u043d\u0430\u043b \u0434\u043b\u044f \u0432\u0441\u0435\u0439 \u0441\u0435\u043c\u044c\u0438 \u0432 \u041c\u043e\u043b\u0434\u043e\u0432\u0435\",\"publisher\":{\"@id\":\"https:\\\/\\\/sanatate.md\\\/ro\\\/#organization\"},\"potentialAction\":[{\"@type\":\"SearchAction\",\"target\":{\"@type\":\"EntryPoint\",\"urlTemplate\":\"https:\\\/\\\/sanatate.md\\\/ro\\\/?s={search_term_string}\"},\"query-input\":{\"@type\":\"PropertyValueSpecification\",\"valueRequired\":true,\"valueName\":\"search_term_string\"}}],\"inLanguage\":\"ro-RO\"},{\"@type\":\"Organization\",\"@id\":\"https:\\\/\\\/sanatate.md\\\/ro\\\/#organization\",\"name\":\"SANATATE\",\"url\":\"https:\\\/\\\/sanatate.md\\\/ro\\\/\",\"logo\":{\"@type\":\"ImageObject\",\"inLanguage\":\"ro-RO\",\"@id\":\"https:\\\/\\\/sanatate.md\\\/ro\\\/#\\\/schema\\\/logo\\\/image\\\/\",\"url\":\"https:\\\/\\\/sanatate.md\\\/wp-content\\\/uploads\\\/2022\\\/01\\\/sanatate-logo.svg\",\"contentUrl\":\"https:\\\/\\\/sanatate.md\\\/wp-content\\\/uploads\\\/2022\\\/01\\\/sanatate-logo.svg\",\"width\":\"1024\",\"height\":\"1024\",\"caption\":\"SANATATE\"},\"image\":{\"@id\":\"https:\\\/\\\/sanatate.md\\\/ro\\\/#\\\/schema\\\/logo\\\/image\\\/\"}}]}<\/script>\n<!-- \/ Yoast SEO plugin. -->","yoast_head_json":{"title":"Abcesul ficatului","description":"Boala este un gen de complica\u021bie a amoebiasisului intestinal. Ea apare de obicei \u00een perioada matur\u0103, \u00een principu la b\u0103rba\u0163\u00ed.","robots":{"index":"index","follow":"follow","max-snippet":"max-snippet:-1","max-image-preview":"max-image-preview:large","max-video-preview":"max-video-preview:-1"},"canonical":"https:\/\/sanatate.md\/ro\/boli-si-tratament\/bolile-chirurgicale\/abcesul-ficatului\/","og_locale":"ro_RO","og_type":"article","og_title":"Abcesul ficatului","og_description":"Boala este un gen de complica\u021bie a amoebiasisului intestinal. Ea apare de obicei \u00een perioada matur\u0103, \u00een principu la b\u0103rba\u0163\u00ed.","og_url":"https:\/\/sanatate.md\/ro\/boli-si-tratament\/bolile-chirurgicale\/abcesul-ficatului\/","og_site_name":"Sanatate.md","twitter_card":"summary_large_image","twitter_misc":{"Timp estimat pentru citire":"1 minut"},"schema":{"@context":"https:\/\/schema.org","@graph":[{"@type":"WebPage","@id":"https:\/\/sanatate.md\/ro\/boli-si-tratament\/bolile-chirurgicale\/abcesul-ficatului\/","url":"https:\/\/sanatate.md\/ro\/boli-si-tratament\/bolile-chirurgicale\/abcesul-ficatului\/","name":"Abcesul ficatului","isPartOf":{"@id":"https:\/\/sanatate.md\/ro\/#website"},"datePublished":"2018-01-26T14:13:18+00:00","description":"Boala este un gen de complica\u021bie a amoebiasisului intestinal. Ea apare de obicei \u00een perioada matur\u0103, \u00een principu la b\u0103rba\u0163\u00ed.","breadcrumb":{"@id":"https:\/\/sanatate.md\/ro\/boli-si-tratament\/bolile-chirurgicale\/abcesul-ficatului\/#breadcrumb"},"inLanguage":"ro-RO","potentialAction":[{"@type":"ReadAction","target":["https:\/\/sanatate.md\/ro\/boli-si-tratament\/bolile-chirurgicale\/abcesul-ficatului\/"]}]},{"@type":"BreadcrumbList","@id":"https:\/\/sanatate.md\/ro\/boli-si-tratament\/bolile-chirurgicale\/abcesul-ficatului\/#breadcrumb","itemListElement":[{"@type":"ListItem","position":1,"name":"\u0413\u043b\u0430\u0432\u043d\u0430\u044f \u0441\u0442\u0440\u0430\u043d\u0438\u0446\u0430","item":"https:\/\/sanatate.md\/ro\/"},{"@type":"ListItem","position":2,"name":"Boli si tratament","item":"https:\/\/sanatate.md\/ro\/boli-si-tratament\/"},{"@type":"ListItem","position":3,"name":"Bolile chirurgicale","item":"https:\/\/sanatate.md\/ro\/boli-si-tratament\/bolile-chirurgicale\/"},{"@type":"ListItem","position":4,"name":"Abcesul ficatului"}]},{"@type":"WebSite","@id":"https:\/\/sanatate.md\/ro\/#website","url":"https:\/\/sanatate.md\/ro\/","name":"Sanatate.md","description":"\u0416\u0443\u0440\u043d\u0430\u043b \u0434\u043b\u044f \u0432\u0441\u0435\u0439 \u0441\u0435\u043c\u044c\u0438 \u0432 \u041c\u043e\u043b\u0434\u043e\u0432\u0435","publisher":{"@id":"https:\/\/sanatate.md\/ro\/#organization"},"potentialAction":[{"@type":"SearchAction","target":{"@type":"EntryPoint","urlTemplate":"https:\/\/sanatate.md\/ro\/?s={search_term_string}"},"query-input":{"@type":"PropertyValueSpecification","valueRequired":true,"valueName":"search_term_string"}}],"inLanguage":"ro-RO"},{"@type":"Organization","@id":"https:\/\/sanatate.md\/ro\/#organization","name":"SANATATE","url":"https:\/\/sanatate.md\/ro\/","logo":{"@type":"ImageObject","inLanguage":"ro-RO","@id":"https:\/\/sanatate.md\/ro\/#\/schema\/logo\/image\/","url":"https:\/\/sanatate.md\/wp-content\/uploads\/2022\/01\/sanatate-logo.svg","contentUrl":"https:\/\/sanatate.md\/wp-content\/uploads\/2022\/01\/sanatate-logo.svg","width":"1024","height":"1024","caption":"SANATATE"},"image":{"@id":"https:\/\/sanatate.md\/ro\/#\/schema\/logo\/image\/"}}]}},"_links":{"self":[{"href":"https:\/\/sanatate.md\/ro\/wp-json\/wp\/v2\/pages\/51215","targetHints":{"allow":["GET"]}}],"collection":[{"href":"https:\/\/sanatate.md\/ro\/wp-json\/wp\/v2\/pages"}],"about":[{"href":"https:\/\/sanatate.md\/ro\/wp-json\/wp\/v2\/types\/page"}],"author":[{"embeddable":true,"href":"https:\/\/sanatate.md\/ro\/wp-json\/wp\/v2\/users\/28"}],"replies":[{"embeddable":true,"href":"https:\/\/sanatate.md\/ro\/wp-json\/wp\/v2\/comments?post=51215"}],"version-history":[{"count":0,"href":"https:\/\/sanatate.md\/ro\/wp-json\/wp\/v2\/pages\/51215\/revisions"}],"up":[{"embeddable":true,"href":"https:\/\/sanatate.md\/ro\/wp-json\/wp\/v2\/pages\/53032"}],"wp:attachment":[{"href":"https:\/\/sanatate.md\/ro\/wp-json\/wp\/v2\/media?parent=51215"}],"curies":[{"name":"wp","href":"https:\/\/api.w.org\/{rel}","templated":true}]}}