{"id":51335,"date":"2018-01-29T18:05:58","date_gmt":"2018-01-29T15:05:58","guid":{"rendered":"https:\/\/sanatate.md\/?page_id=51335"},"modified":"2018-01-29T18:05:58","modified_gmt":"2018-01-29T15:05:58","slug":"edentia","status":"publish","type":"page","link":"https:\/\/sanatate.md\/ro\/boli-si-tratament\/boli-ale-dintilor-si-ale-cavitatii-bucale\/edentia\/","title":{"rendered":"Eden\u0163ia"},"content":{"rendered":"<p>Absen\u021ba total\u0103 sau par\u021bial\u0103 a din\u021bilor se nume\u0219te eden\u0163ie.\u00a0 Mul\u021bi oameni nu \u00een\u021beleg nici m\u0103car, c\u0103 acest lucru este posibil.\u00a0\u00cen practica dentar\u0103 aceast\u0103 boal\u0103 este considerat\u0103 anomalie a num\u0103rului de din\u021bi.\u00a0Deseori este asociat\u0103 cu hiperodon\u021bia (num\u0103rul excesiv de din\u021bi) \u0219i hipodon\u021bia (num\u0103rul mic de din\u021bi).\u00a0 Exist\u0103 eden\u0163ie par\u021bial\u0103, cea complet\u0103 este foarte rar\u0103.\u00a0La copii, o astfel de boal\u0103 apare la 1% din cazurile de anomalii ale dezvolt\u0103rii din\u021bilor.<\/p>\n<p>Eden\u0163ia pentru om reprezint\u0103 o mare problem\u0103 estetic\u0103.\u00a0Dar din punct de vedere medical, ea conduce la anomalii ale tractului digestiv, func\u021bionarea defectuoas\u0103 a sistemului dentoalveolar, defectul vorbirii.\u00a0Aceste lucruri creeaz\u0103, de asemenea, o problem\u0103 psihologic\u0103 imens\u0103 pentru pacient.<\/p>\n<h3>Tipurile<\/h3>\n<p>\u00cen func\u021bie de momentul apari\u021biei, exist\u0103 eden\u0163ie primar\u0103 \u0219i secundar\u0103.\u00a0Primar\u0103 este cea congenital\u0103, c\u00e2nd se na\u0219te cu aceast\u0103 boal\u0103.\u00a0Secund\u0103r\u0103 este cea dob\u00e2ndit\u0103.\u00a0Diagnosticul &#8220;de primar\u0103&#8221; se stabile\u015fte atunci, c\u00e2nd nu exist\u0103 germeni de din\u021bi.<\/p>\n<p>Practica ortopedic\u0103 dentar\u0103 determin\u0103 boala conform clasific\u0103rii Kennedi.\u00a0Aceast\u0103 clasificare se refer\u0103 la eden\u0163ia secundar\u0103, care este \u00eemp\u0103r\u021bit\u0103 \u00een 4 grupe:<\/p>\n<ul>\n<li>Primul grup include un defect bilateral terminal.<\/li>\n<li>Al doilea &#8211; include prezen\u021ba unui defect terminal unilateral.<\/li>\n<li>Al treilea &#8211; caracterizeaz\u0103 un defect unilateral inclus.<\/li>\n<li>Al patrulea &#8211; include defectul frontal inclus.<\/li>\n<li>Eden\u0163ia poate fi simetric\u0103 \u0219i asimetric\u0103.<\/li>\n<\/ul>\n<h3>Motivele<\/h3>\n<p>Nu exist\u0103 o cauz\u0103 bine stabilit\u0103 a apari\u0163iei acestei boli, dar se crede c\u0103 problema e \u00een folicul. Denti\u0219tii prsupun, c\u0103 cauza tipului secundar sau dob\u00e2ndit este resorbirea foliculului.\u00a0 Aceast\u0103 stare apare din cauza bolilor inflamatorii ale gurii, din\u021bilor, gingiilor, eredit\u0103\u021bii.<\/p>\n<p>Cauza eden\u021bei primare sunt bolile sistemului endocrin.\u00a0Prin urmare, p\u0103rin\u021bii trebuie s\u0103 monitorizeze atent s\u0103n\u0103tatea copilului, \u00een special cavitatea bucal\u0103.\u00a0La urma urmei, dac\u0103 nu identifica\u021bi la timp problemele de s\u0103n\u0103tate, aceasta poate duce la o pierdere complet\u0103 a din\u021bilor, nu numai a celor de lapte, ci \u0219i celor permanen\u0163i.<\/p>\n<p>La adul\u021bi, caria, boala parodontal\u0103 \u0219i multe alte afec\u021biuni dentare pot provoca maladia.\u00a0Cauz\u0103 pot fi leziunile maxilarului superior \u0219i inferior.<\/p>\n<h3>Simptomele<\/h3>\n<p>Imaginea clinic\u0103 a bolii depinde de tipul ei.\u00a0Cea primar\u0103 poate fi cu din\u0163ii de lapte sau cu din\u021bii permanen\u021bi.<br \/>\nBoala congenital\u0103 \u00eenseamn\u0103 nu numai absen\u021ba complet\u0103 a din\u021bilor, ci dezvoltarea anormal\u0103 a p\u0103r\u021bii faciale a craniului: reducerea dimensiunii fe\u021bei, cerul plat.\u00a0 Poate fi prezent\u0103 incompatibilitatea oaselor maxilarului \u0219i a fe\u021bei.<\/p>\n<p>Pacien\u0163ii care au o eden\u0163ie primar\u0103 nu pot mesteca alimentele.\u00a0Ei folosesc numai alimente lichide sau moi.\u00a0Exist\u0103 o dificultate a respira\u021biei nazale din cauza problemelor legate de dezvoltarea oaselor craniului facial.\u00a0De asemenea, o tulburare de vorbire din cauza lipsei de din\u021bi. Dac\u0103 eden\u021bia este par\u021bial\u0103, din\u021bii disponibili creeaz\u0103 frecarea maxilarului.\u00a0Acest lucru duce la dezvoltarea gingivitei cronice.<\/p>\n<p>Eden\u021bia secundar\u0103 apare dup\u0103 pierderea sau \u00eendep\u0103rtarea din\u021bilor.\u00a0Absen\u021ba complet\u0103 a din\u021bilor duce la o schimbare a fe\u021bei, prezen\u021ba ridurilor, ridicarea maxilarului inferior.\u00a0Absen\u021ba complet\u0103 duce la osteoporoza proceselor alveolare, \u00een viitor &#8211; osteoporoz\u0103 maxilarului \u00eentreg.\u00a0Marginile f\u00e2nt\u00e2nilor formeaz\u0103 frecarea, care poate duce la procese inflamatorii \u00eenso\u021bite de durere.<\/p>\n<p>Cea par\u021bial\u0103 face c\u0103 din\u021bii existen\u021bi s\u0103 se \u00eencline \u0219i se creeaz\u0103 o sarcin\u0103 suplimentar\u0103 \u00een timpul mestec\u0103rii.\u00a0\u00cen acest caz are loc o dislocare a articula\u021biei temporomandibulare.<\/p>\n<p>Din punct de vedere cosmetologic se pr\u0103bu\u015fesc obrajii, apare o schimbare \u00een partea facial\u0103 a craniului, iese \u00een eviden\u0163\u0103 pliul nazolabial, se coboar\u0103 col\u021burile gurii.<br \/>\nSimptomele generale sunt problemele gastro-intestinale: gastrita, ulcerul gastric, colita.\u00a0Apar probleme psihologice: nesiguran\u0163a, disconfortul psihologic.<\/p>\n<h3>Diagnosticarea<\/h3>\n<p>Mai mul\u021bi speciali\u0219ti particip\u0103 la stabilirea diagnosticului: stomatologi, ortopedi\u0219ti, implantologi, chirurgi plasticieni, parodonti\u0219ti, terapeu\u021bi, psihologi.<\/p>\n<p>Diagnosticul \u00eencepe cu o anamnez\u0103.\u00a0Examinarea clinic\u0103, palparea canalelor dentare, radiografia f\u0103lcilor pentru a stabili prezen\u021ba rudimentelor din\u021bilor.\u00a0Se efectueaz\u0103 scanarea panoramic\u0103 a maxilarului superior \u0219i inferior, precum \u0219i tomografia computerizat\u0103.\u00a0Acest lucru face posibil\u0103 evaluarea st\u0103rii gingiilor, a prezen\u021bei proceselor inflamatorii, a exostozei.<\/p>\n<p>Exper\u021bii investigheaz\u0103 prezen\u021ba \u015fi altor probleme, care favorizeaz\u0103 dezvoltarea maladiei date.<\/p>\n<h3>Tratamentul<\/h3>\n<p>Numai un medic dentist ortopedic poate alege un tratament, \u021bin\u00e2nd cont de caracteristicile anatomice, fiziologice \u0219i igienice ale pacientului.<\/p>\n<p>Principala metod\u0103 de tratament este protezarea. Deseori se instaleaz\u0103 proteze fixe. Ea presupune\u00a0instalarea implanturilor dentari, pe care apoi se fixeaz\u0103 \u00eentreaga structur\u0103.<br \/>\nProtezarea la copii se recomand\u0103 de la v\u00e2rsta de 4 ani.<br \/>\nInstalarea protezelor nedemontabile implic\u0103 unele consecin\u021be: stomatit\u0103 protetic\u0103, alergii, inflam\u0103ri gingivale.<\/p>\n<p>Tratamentul \u00eencepe cu sanarea complet\u0103 a cavit\u0103\u021bii bucale, tratarea bolilor existente, lichidarea cauzelor, care \u00eempiedic\u0103 instalarea protezelor.<\/p>\n<p>Prevenirea bolii primare este dezvoltarea favorabil\u0103 a sarcinii.\u00a0Pentru a preveni dezvoltarea eden\u0163iei secundare e necesar s\u0103 se efectueze examin\u0103ri preventive la stomatologi, \u00een prezen\u021ba unor probleme &#8211; pentru a le elimina.\u00a0Dac\u0103, din anumite motive, dintele sau mai mul\u021bi din\u021bi au fost pierdu\u021bi, ar trebui s\u0103 se efectueze o protez\u0103 \u00een timp util pentru a preveni apari\u021bia unor probleme ulterioare.<\/p>\n","protected":false},"excerpt":{"rendered":"<p>Absen\u021ba total\u0103 sau par\u021bial\u0103 a din\u021bilor se nume\u0219te eden\u0163ie.\u00a0 Mul\u021bi oameni nu \u00een\u021beleg nici m\u0103car, c\u0103 acest lucru este posibil.\u00a0\u00cen practica dentar\u0103 aceast\u0103 boal\u0103 este considerat\u0103 anomalie a num\u0103rului de din\u021bi.\u00a0Deseori este asociat\u0103 cu hiperodon\u021bia (num\u0103rul excesiv de din\u021bi) \u0219i hipodon\u021bia (num\u0103rul mic de din\u021bi).\u00a0 Exist\u0103 eden\u0163ie par\u021bial\u0103, cea complet\u0103 este foarte rar\u0103.\u00a0La copii, o [&hellip;]<\/p>\n","protected":false},"author":28,"featured_media":0,"parent":52993,"menu_order":0,"comment_status":"closed","ping_status":"closed","template":"","meta":{"inline_featured_image":false,"footnotes":""},"class_list":["post-51335","page","type-page","status-publish"],"yoast_head":"<!-- This site is optimized with the Yoast SEO plugin v27.3 - https:\/\/yoast.com\/product\/yoast-seo-wordpress\/ -->\n<title>Eden\u0163ia<\/title>\n<meta name=\"description\" content=\"Absen\u021ba total\u0103 sau par\u021bial\u0103 a din\u021bilor se nume\u0219te eden\u0163ie.\u00a0 Mul\u021bi oameni nu \u00een\u021beleg nici m\u0103car, c\u0103 acest lucru este posibil.\u00a0\u00cen practica dentar\u0103 aceast\u0103 boal\u0103 este considerat\u0103 anomalie a num\u0103rului de din\u021bi.\" \/>\n<meta name=\"robots\" content=\"index, follow, max-snippet:-1, max-image-preview:large, max-video-preview:-1\" \/>\n<link rel=\"canonical\" href=\"https:\/\/sanatate.md\/ro\/boli-si-tratament\/boli-ale-dintilor-si-ale-cavitatii-bucale\/edentia\/\" \/>\n<meta property=\"og:locale\" content=\"ro_RO\" \/>\n<meta property=\"og:type\" content=\"article\" \/>\n<meta property=\"og:title\" content=\"Eden\u0163ia\" \/>\n<meta property=\"og:description\" content=\"Absen\u021ba total\u0103 sau par\u021bial\u0103 a din\u021bilor se nume\u0219te eden\u0163ie.\u00a0 Mul\u021bi oameni nu \u00een\u021beleg nici m\u0103car, c\u0103 acest lucru este posibil.\u00a0\u00cen practica dentar\u0103 aceast\u0103 boal\u0103 este considerat\u0103 anomalie a num\u0103rului de din\u021bi.\" \/>\n<meta property=\"og:url\" content=\"https:\/\/sanatate.md\/ro\/boli-si-tratament\/boli-ale-dintilor-si-ale-cavitatii-bucale\/edentia\/\" \/>\n<meta property=\"og:site_name\" content=\"Sanatate.md\" \/>\n<meta name=\"twitter:card\" content=\"summary_large_image\" \/>\n<meta name=\"twitter:label1\" content=\"Timp estimat pentru citire\" \/>\n\t<meta name=\"twitter:data1\" content=\"4 minute\" \/>\n<script type=\"application\/ld+json\" class=\"yoast-schema-graph\">{\"@context\":\"https:\\\/\\\/schema.org\",\"@graph\":[{\"@type\":\"WebPage\",\"@id\":\"https:\\\/\\\/sanatate.md\\\/ro\\\/boli-si-tratament\\\/boli-ale-dintilor-si-ale-cavitatii-bucale\\\/edentia\\\/\",\"url\":\"https:\\\/\\\/sanatate.md\\\/ro\\\/boli-si-tratament\\\/boli-ale-dintilor-si-ale-cavitatii-bucale\\\/edentia\\\/\",\"name\":\"Eden\u0163ia\",\"isPartOf\":{\"@id\":\"https:\\\/\\\/sanatate.md\\\/ro\\\/#website\"},\"datePublished\":\"2018-01-29T15:05:58+00:00\",\"description\":\"Absen\u021ba total\u0103 sau par\u021bial\u0103 a din\u021bilor se nume\u0219te eden\u0163ie.\u00a0 Mul\u021bi oameni nu \u00een\u021beleg nici m\u0103car, c\u0103 acest lucru este posibil.\u00a0\u00cen practica dentar\u0103 aceast\u0103 boal\u0103 este considerat\u0103 anomalie a num\u0103rului de din\u021bi.\",\"breadcrumb\":{\"@id\":\"https:\\\/\\\/sanatate.md\\\/ro\\\/boli-si-tratament\\\/boli-ale-dintilor-si-ale-cavitatii-bucale\\\/edentia\\\/#breadcrumb\"},\"inLanguage\":\"ro-RO\",\"potentialAction\":[{\"@type\":\"ReadAction\",\"target\":[\"https:\\\/\\\/sanatate.md\\\/ro\\\/boli-si-tratament\\\/boli-ale-dintilor-si-ale-cavitatii-bucale\\\/edentia\\\/\"]}]},{\"@type\":\"BreadcrumbList\",\"@id\":\"https:\\\/\\\/sanatate.md\\\/ro\\\/boli-si-tratament\\\/boli-ale-dintilor-si-ale-cavitatii-bucale\\\/edentia\\\/#breadcrumb\",\"itemListElement\":[{\"@type\":\"ListItem\",\"position\":1,\"name\":\"\u0413\u043b\u0430\u0432\u043d\u0430\u044f \u0441\u0442\u0440\u0430\u043d\u0438\u0446\u0430\",\"item\":\"https:\\\/\\\/sanatate.md\\\/ro\\\/\"},{\"@type\":\"ListItem\",\"position\":2,\"name\":\"Boli si tratament\",\"item\":\"https:\\\/\\\/sanatate.md\\\/ro\\\/boli-si-tratament\\\/\"},{\"@type\":\"ListItem\",\"position\":3,\"name\":\"Boli ale din\u021bilor \u0219i ale cavit\u0103\u021bii bucale\",\"item\":\"https:\\\/\\\/sanatate.md\\\/ro\\\/boli-si-tratament\\\/boli-ale-dintilor-si-ale-cavitatii-bucale\\\/\"},{\"@type\":\"ListItem\",\"position\":4,\"name\":\"Eden\u0163ia\"}]},{\"@type\":\"WebSite\",\"@id\":\"https:\\\/\\\/sanatate.md\\\/ro\\\/#website\",\"url\":\"https:\\\/\\\/sanatate.md\\\/ro\\\/\",\"name\":\"Sanatate.md\",\"description\":\"\u0416\u0443\u0440\u043d\u0430\u043b \u0434\u043b\u044f \u0432\u0441\u0435\u0439 \u0441\u0435\u043c\u044c\u0438 \u0432 \u041c\u043e\u043b\u0434\u043e\u0432\u0435\",\"publisher\":{\"@id\":\"https:\\\/\\\/sanatate.md\\\/ro\\\/#organization\"},\"potentialAction\":[{\"@type\":\"SearchAction\",\"target\":{\"@type\":\"EntryPoint\",\"urlTemplate\":\"https:\\\/\\\/sanatate.md\\\/ro\\\/?s={search_term_string}\"},\"query-input\":{\"@type\":\"PropertyValueSpecification\",\"valueRequired\":true,\"valueName\":\"search_term_string\"}}],\"inLanguage\":\"ro-RO\"},{\"@type\":\"Organization\",\"@id\":\"https:\\\/\\\/sanatate.md\\\/ro\\\/#organization\",\"name\":\"SANATATE\",\"url\":\"https:\\\/\\\/sanatate.md\\\/ro\\\/\",\"logo\":{\"@type\":\"ImageObject\",\"inLanguage\":\"ro-RO\",\"@id\":\"https:\\\/\\\/sanatate.md\\\/ro\\\/#\\\/schema\\\/logo\\\/image\\\/\",\"url\":\"https:\\\/\\\/sanatate.md\\\/wp-content\\\/uploads\\\/2022\\\/01\\\/sanatate-logo.svg\",\"contentUrl\":\"https:\\\/\\\/sanatate.md\\\/wp-content\\\/uploads\\\/2022\\\/01\\\/sanatate-logo.svg\",\"width\":\"1024\",\"height\":\"1024\",\"caption\":\"SANATATE\"},\"image\":{\"@id\":\"https:\\\/\\\/sanatate.md\\\/ro\\\/#\\\/schema\\\/logo\\\/image\\\/\"}}]}<\/script>\n<!-- \/ Yoast SEO plugin. -->","yoast_head_json":{"title":"Eden\u0163ia","description":"Absen\u021ba total\u0103 sau par\u021bial\u0103 a din\u021bilor se nume\u0219te eden\u0163ie.\u00a0 Mul\u021bi oameni nu \u00een\u021beleg nici m\u0103car, c\u0103 acest lucru este posibil.\u00a0\u00cen practica dentar\u0103 aceast\u0103 boal\u0103 este considerat\u0103 anomalie a num\u0103rului de din\u021bi.","robots":{"index":"index","follow":"follow","max-snippet":"max-snippet:-1","max-image-preview":"max-image-preview:large","max-video-preview":"max-video-preview:-1"},"canonical":"https:\/\/sanatate.md\/ro\/boli-si-tratament\/boli-ale-dintilor-si-ale-cavitatii-bucale\/edentia\/","og_locale":"ro_RO","og_type":"article","og_title":"Eden\u0163ia","og_description":"Absen\u021ba total\u0103 sau par\u021bial\u0103 a din\u021bilor se nume\u0219te eden\u0163ie.\u00a0 Mul\u021bi oameni nu \u00een\u021beleg nici m\u0103car, c\u0103 acest lucru este posibil.\u00a0\u00cen practica dentar\u0103 aceast\u0103 boal\u0103 este considerat\u0103 anomalie a num\u0103rului de din\u021bi.","og_url":"https:\/\/sanatate.md\/ro\/boli-si-tratament\/boli-ale-dintilor-si-ale-cavitatii-bucale\/edentia\/","og_site_name":"Sanatate.md","twitter_card":"summary_large_image","twitter_misc":{"Timp estimat pentru citire":"4 minute"},"schema":{"@context":"https:\/\/schema.org","@graph":[{"@type":"WebPage","@id":"https:\/\/sanatate.md\/ro\/boli-si-tratament\/boli-ale-dintilor-si-ale-cavitatii-bucale\/edentia\/","url":"https:\/\/sanatate.md\/ro\/boli-si-tratament\/boli-ale-dintilor-si-ale-cavitatii-bucale\/edentia\/","name":"Eden\u0163ia","isPartOf":{"@id":"https:\/\/sanatate.md\/ro\/#website"},"datePublished":"2018-01-29T15:05:58+00:00","description":"Absen\u021ba total\u0103 sau par\u021bial\u0103 a din\u021bilor se nume\u0219te eden\u0163ie.\u00a0 Mul\u021bi oameni nu \u00een\u021beleg nici m\u0103car, c\u0103 acest lucru este posibil.\u00a0\u00cen practica dentar\u0103 aceast\u0103 boal\u0103 este considerat\u0103 anomalie a num\u0103rului de din\u021bi.","breadcrumb":{"@id":"https:\/\/sanatate.md\/ro\/boli-si-tratament\/boli-ale-dintilor-si-ale-cavitatii-bucale\/edentia\/#breadcrumb"},"inLanguage":"ro-RO","potentialAction":[{"@type":"ReadAction","target":["https:\/\/sanatate.md\/ro\/boli-si-tratament\/boli-ale-dintilor-si-ale-cavitatii-bucale\/edentia\/"]}]},{"@type":"BreadcrumbList","@id":"https:\/\/sanatate.md\/ro\/boli-si-tratament\/boli-ale-dintilor-si-ale-cavitatii-bucale\/edentia\/#breadcrumb","itemListElement":[{"@type":"ListItem","position":1,"name":"\u0413\u043b\u0430\u0432\u043d\u0430\u044f \u0441\u0442\u0440\u0430\u043d\u0438\u0446\u0430","item":"https:\/\/sanatate.md\/ro\/"},{"@type":"ListItem","position":2,"name":"Boli si tratament","item":"https:\/\/sanatate.md\/ro\/boli-si-tratament\/"},{"@type":"ListItem","position":3,"name":"Boli ale din\u021bilor \u0219i ale cavit\u0103\u021bii bucale","item":"https:\/\/sanatate.md\/ro\/boli-si-tratament\/boli-ale-dintilor-si-ale-cavitatii-bucale\/"},{"@type":"ListItem","position":4,"name":"Eden\u0163ia"}]},{"@type":"WebSite","@id":"https:\/\/sanatate.md\/ro\/#website","url":"https:\/\/sanatate.md\/ro\/","name":"Sanatate.md","description":"\u0416\u0443\u0440\u043d\u0430\u043b \u0434\u043b\u044f \u0432\u0441\u0435\u0439 \u0441\u0435\u043c\u044c\u0438 \u0432 \u041c\u043e\u043b\u0434\u043e\u0432\u0435","publisher":{"@id":"https:\/\/sanatate.md\/ro\/#organization"},"potentialAction":[{"@type":"SearchAction","target":{"@type":"EntryPoint","urlTemplate":"https:\/\/sanatate.md\/ro\/?s={search_term_string}"},"query-input":{"@type":"PropertyValueSpecification","valueRequired":true,"valueName":"search_term_string"}}],"inLanguage":"ro-RO"},{"@type":"Organization","@id":"https:\/\/sanatate.md\/ro\/#organization","name":"SANATATE","url":"https:\/\/sanatate.md\/ro\/","logo":{"@type":"ImageObject","inLanguage":"ro-RO","@id":"https:\/\/sanatate.md\/ro\/#\/schema\/logo\/image\/","url":"https:\/\/sanatate.md\/wp-content\/uploads\/2022\/01\/sanatate-logo.svg","contentUrl":"https:\/\/sanatate.md\/wp-content\/uploads\/2022\/01\/sanatate-logo.svg","width":"1024","height":"1024","caption":"SANATATE"},"image":{"@id":"https:\/\/sanatate.md\/ro\/#\/schema\/logo\/image\/"}}]}},"_links":{"self":[{"href":"https:\/\/sanatate.md\/ro\/wp-json\/wp\/v2\/pages\/51335","targetHints":{"allow":["GET"]}}],"collection":[{"href":"https:\/\/sanatate.md\/ro\/wp-json\/wp\/v2\/pages"}],"about":[{"href":"https:\/\/sanatate.md\/ro\/wp-json\/wp\/v2\/types\/page"}],"author":[{"embeddable":true,"href":"https:\/\/sanatate.md\/ro\/wp-json\/wp\/v2\/users\/28"}],"replies":[{"embeddable":true,"href":"https:\/\/sanatate.md\/ro\/wp-json\/wp\/v2\/comments?post=51335"}],"version-history":[{"count":0,"href":"https:\/\/sanatate.md\/ro\/wp-json\/wp\/v2\/pages\/51335\/revisions"}],"up":[{"embeddable":true,"href":"https:\/\/sanatate.md\/ro\/wp-json\/wp\/v2\/pages\/52993"}],"wp:attachment":[{"href":"https:\/\/sanatate.md\/ro\/wp-json\/wp\/v2\/media?parent=51335"}],"curies":[{"name":"wp","href":"https:\/\/api.w.org\/{rel}","templated":true}]}}