{"id":51338,"date":"2018-01-29T18:17:21","date_gmt":"2018-01-29T15:17:21","guid":{"rendered":"https:\/\/sanatate.md\/?page_id=51338"},"modified":"2018-01-29T18:17:21","modified_gmt":"2018-01-29T15:17:21","slug":"adenomatoza-colonului","status":"publish","type":"page","link":"https:\/\/sanatate.md\/ro\/boli-si-tratament\/boli-ale-tractului-gastro-intestinal\/adenomatoza-colonului\/","title":{"rendered":"Adenomatoza colonului"},"content":{"rendered":"<p>Adenomatoza colonului &#8211; este o boal\u0103, care e caracterizat\u0103 prin formarea adenomelor \u00een mucozitatea organului (de la o sut\u0103 p\u00e2n\u0103 la c\u00e2teva mii). Aceste neoplasme progreseaz\u0103 \u0219i se maligneaz\u0103, dac\u0103 nu \u00eencepe tratamentul la timp. Boala este genetic\u0103. Medicii o numesc de familie, deoarece ea afecteaz\u0103 membrii familiei \u0219i rudele \u00een multe genera\u021bii.<\/p>\n<h3>Motivele<\/h3>\n<p>Oamenii de \u0219tiin\u021b\u0103 explic\u0103 dezvoltarea bolii prin muta\u021bia genei, care asigur\u0103 proliferarea normal\u0103 a membranei mucoase a tractului gastrointestinal. Boala este transmis\u0103 genetic \u0219i nu \u0163ine de sex.<\/p>\n<h3>Simptomele<\/h3>\n<p>Simptomele bolii nu se atest\u0103 la na\u015fterea copilului, dar \u00een continuare pe mucoasa colonului se formeaz\u0103 tumori mici, care \u00een cele din urm\u0103 \u00eencep s\u0103 s\u00e2ngereze \u0219i sunt foarte dureroase. De obicei, acest lucru se \u00eent\u00e2mpl\u0103 la v\u00e2rsta de 15-19 ani.<\/p>\n<p>Adolescentul are un scaun frecvent, s\u00e2ngeros \u015fi lichid, precum dureri abdominale. Foarte des, medicii explic\u0103 aceste simptome cadebut al dizenteriei, iar pacientul este redirec\u0163ionat la departamentul de boli infec\u021bioase al spitalului. Acest lucru se \u00eent\u00e2mpl\u0103 \u00een fiecare dintre cele cinci cazuri. Durerea \u00een abdomen este considerat\u0103 problema sec\u021biunii superioare a tractului gastro-intestinal, motiv de ce boala este detectat\u0103 la o etap\u0103 t\u00e2rzie.<\/p>\n<p>La v\u00e2rsta de dou\u0103zeci de ani pacientul simte surmenaj, sl\u0103biciune general\u0103. Din cauza pierderei constante de s\u00e2nge se dezvolt\u0103 anemia. Num\u0103rul de polipi, dimensiunea lor \u0219i pierderile de s\u00e2nge sunt \u00een continu\u0103 cre\u0219tere. Pacientul este deranjat de metabolism, cre\u0219terea sarcinii asupra organismului t\u00e2n\u0103r (serviciul militar la b\u0103rba\u021bi, sarcina \u0219i na\u0219terea la femei) exacerbeaz\u0103 boala.<\/p>\n<p>\u00cen ultimele etape ale bolii, se dezvolt\u0103 cancerul, apar noi simptome:<\/p>\n<ul>\n<li>din cauza anemiei persistente pielea devine palid\u0103;<\/li>\n<li>cre\u0219te temperatura corpului;<\/li>\n<li>dureri periodice \u00een abdomen.<\/li>\n<\/ul>\n<h3>Diagnosticarea<\/h3>\n<p>Adenomatoza familial\u0103 a colonului \u00een stadiul ini\u021bial al bolii are simptome u\u0219oare \u0219i popula\u021bia nu \u0219tie prea multe despre aceast\u0103 boal\u0103 genetic\u0103.<br \/>\nToat\u0103 responsabilitatea pentru detectarea la timp a bolii revine medicului. Rudele persoanei bolnave sunt \u00een pericol, deci la primele semne ale bolii, toat\u0103 familia trebuie s\u0103 fac\u0103 un control.<\/p>\n<p>Tumorile \u021besuturilor moi, osteomiile ar trebui s\u0103 alerteze specialistul. Polipii sunt u\u0219or de detectat chiar \u0219i la o examinare degetal\u0103 a anusului. \u00cen acela\u015fi mod se detecteaz\u0103 \u0219i cancerul rectului.<\/p>\n<h3>Tratamentul<\/h3>\n<p>Cel mai eficient mod de tratare a adenomatozei colonului este metoda chirurgical\u0103.<\/p>\n<p>Geneticienii continu\u0103 s\u0103 studieze cauzele bolii, dar, din p\u0103cate, nu e posibil\u0103 s\u0103 prevenirea apari\u021biei ei.<\/p>\n","protected":false},"excerpt":{"rendered":"<p>Adenomatoza colonului &#8211; este o boal\u0103, care e caracterizat\u0103 prin formarea adenomelor \u00een mucozitatea organului (de la o sut\u0103 p\u00e2n\u0103 la c\u00e2teva mii). Aceste neoplasme progreseaz\u0103 \u0219i se maligneaz\u0103, dac\u0103 nu \u00eencepe tratamentul la timp. Boala este genetic\u0103. Medicii o numesc de familie, deoarece ea afecteaz\u0103 membrii familiei \u0219i rudele \u00een multe genera\u021bii. Motivele Oamenii [&hellip;]<\/p>\n","protected":false},"author":28,"featured_media":0,"parent":52944,"menu_order":0,"comment_status":"closed","ping_status":"closed","template":"","meta":{"inline_featured_image":false,"footnotes":""},"class_list":["post-51338","page","type-page","status-publish"],"yoast_head":"<!-- This site is optimized with the Yoast SEO plugin v27.3 - https:\/\/yoast.com\/product\/yoast-seo-wordpress\/ -->\n<title>Adenomatoza colonului<\/title>\n<meta name=\"description\" content=\"Adenomatoza colonului - este o boal\u0103, care e caracterizat\u0103 prin formarea adenomelor \u00een mucozitatea organului (de la o sut\u0103 p\u00e2n\u0103 la c\u00e2teva mii). Aceste neoplasme progreseaz\u0103 \u0219i se maligneaz\u0103, dac\u0103 nu \u00eencepe tratamentul la timp\" \/>\n<meta name=\"robots\" content=\"index, follow, max-snippet:-1, max-image-preview:large, max-video-preview:-1\" \/>\n<link rel=\"canonical\" href=\"https:\/\/sanatate.md\/ro\/boli-si-tratament\/boli-ale-tractului-gastro-intestinal\/adenomatoza-colonului\/\" \/>\n<meta property=\"og:locale\" content=\"ro_RO\" \/>\n<meta property=\"og:type\" content=\"article\" \/>\n<meta property=\"og:title\" content=\"Adenomatoza colonului\" \/>\n<meta property=\"og:description\" content=\"Adenomatoza colonului - este o boal\u0103, care e caracterizat\u0103 prin formarea adenomelor \u00een mucozitatea organului (de la o sut\u0103 p\u00e2n\u0103 la c\u00e2teva mii). Aceste neoplasme progreseaz\u0103 \u0219i se maligneaz\u0103, dac\u0103 nu \u00eencepe tratamentul la timp\" \/>\n<meta property=\"og:url\" content=\"https:\/\/sanatate.md\/ro\/boli-si-tratament\/boli-ale-tractului-gastro-intestinal\/adenomatoza-colonului\/\" \/>\n<meta property=\"og:site_name\" content=\"Sanatate.md\" \/>\n<meta name=\"twitter:card\" content=\"summary_large_image\" \/>\n<meta name=\"twitter:label1\" content=\"Timp estimat pentru citire\" \/>\n\t<meta name=\"twitter:data1\" content=\"2 minute\" \/>\n<script type=\"application\/ld+json\" class=\"yoast-schema-graph\">{\"@context\":\"https:\\\/\\\/schema.org\",\"@graph\":[{\"@type\":\"WebPage\",\"@id\":\"https:\\\/\\\/sanatate.md\\\/ro\\\/boli-si-tratament\\\/boli-ale-tractului-gastro-intestinal\\\/adenomatoza-colonului\\\/\",\"url\":\"https:\\\/\\\/sanatate.md\\\/ro\\\/boli-si-tratament\\\/boli-ale-tractului-gastro-intestinal\\\/adenomatoza-colonului\\\/\",\"name\":\"Adenomatoza colonului\",\"isPartOf\":{\"@id\":\"https:\\\/\\\/sanatate.md\\\/ro\\\/#website\"},\"datePublished\":\"2018-01-29T15:17:21+00:00\",\"description\":\"Adenomatoza colonului - este o boal\u0103, care e caracterizat\u0103 prin formarea adenomelor \u00een mucozitatea organului (de la o sut\u0103 p\u00e2n\u0103 la c\u00e2teva mii). Aceste neoplasme progreseaz\u0103 \u0219i se maligneaz\u0103, dac\u0103 nu \u00eencepe tratamentul la timp\",\"breadcrumb\":{\"@id\":\"https:\\\/\\\/sanatate.md\\\/ro\\\/boli-si-tratament\\\/boli-ale-tractului-gastro-intestinal\\\/adenomatoza-colonului\\\/#breadcrumb\"},\"inLanguage\":\"ro-RO\",\"potentialAction\":[{\"@type\":\"ReadAction\",\"target\":[\"https:\\\/\\\/sanatate.md\\\/ro\\\/boli-si-tratament\\\/boli-ale-tractului-gastro-intestinal\\\/adenomatoza-colonului\\\/\"]}]},{\"@type\":\"BreadcrumbList\",\"@id\":\"https:\\\/\\\/sanatate.md\\\/ro\\\/boli-si-tratament\\\/boli-ale-tractului-gastro-intestinal\\\/adenomatoza-colonului\\\/#breadcrumb\",\"itemListElement\":[{\"@type\":\"ListItem\",\"position\":1,\"name\":\"\u0413\u043b\u0430\u0432\u043d\u0430\u044f \u0441\u0442\u0440\u0430\u043d\u0438\u0446\u0430\",\"item\":\"https:\\\/\\\/sanatate.md\\\/ro\\\/\"},{\"@type\":\"ListItem\",\"position\":2,\"name\":\"Boli si tratament\",\"item\":\"https:\\\/\\\/sanatate.md\\\/ro\\\/boli-si-tratament\\\/\"},{\"@type\":\"ListItem\",\"position\":3,\"name\":\"Boli ale tractului gastro-intestinal\",\"item\":\"https:\\\/\\\/sanatate.md\\\/ro\\\/boli-si-tratament\\\/boli-ale-tractului-gastro-intestinal\\\/\"},{\"@type\":\"ListItem\",\"position\":4,\"name\":\"Adenomatoza colonului\"}]},{\"@type\":\"WebSite\",\"@id\":\"https:\\\/\\\/sanatate.md\\\/ro\\\/#website\",\"url\":\"https:\\\/\\\/sanatate.md\\\/ro\\\/\",\"name\":\"Sanatate.md\",\"description\":\"\u0416\u0443\u0440\u043d\u0430\u043b \u0434\u043b\u044f \u0432\u0441\u0435\u0439 \u0441\u0435\u043c\u044c\u0438 \u0432 \u041c\u043e\u043b\u0434\u043e\u0432\u0435\",\"publisher\":{\"@id\":\"https:\\\/\\\/sanatate.md\\\/ro\\\/#organization\"},\"potentialAction\":[{\"@type\":\"SearchAction\",\"target\":{\"@type\":\"EntryPoint\",\"urlTemplate\":\"https:\\\/\\\/sanatate.md\\\/ro\\\/?s={search_term_string}\"},\"query-input\":{\"@type\":\"PropertyValueSpecification\",\"valueRequired\":true,\"valueName\":\"search_term_string\"}}],\"inLanguage\":\"ro-RO\"},{\"@type\":\"Organization\",\"@id\":\"https:\\\/\\\/sanatate.md\\\/ro\\\/#organization\",\"name\":\"SANATATE\",\"url\":\"https:\\\/\\\/sanatate.md\\\/ro\\\/\",\"logo\":{\"@type\":\"ImageObject\",\"inLanguage\":\"ro-RO\",\"@id\":\"https:\\\/\\\/sanatate.md\\\/ro\\\/#\\\/schema\\\/logo\\\/image\\\/\",\"url\":\"https:\\\/\\\/sanatate.md\\\/wp-content\\\/uploads\\\/2022\\\/01\\\/sanatate-logo.svg\",\"contentUrl\":\"https:\\\/\\\/sanatate.md\\\/wp-content\\\/uploads\\\/2022\\\/01\\\/sanatate-logo.svg\",\"width\":\"1024\",\"height\":\"1024\",\"caption\":\"SANATATE\"},\"image\":{\"@id\":\"https:\\\/\\\/sanatate.md\\\/ro\\\/#\\\/schema\\\/logo\\\/image\\\/\"}}]}<\/script>\n<!-- \/ Yoast SEO plugin. -->","yoast_head_json":{"title":"Adenomatoza colonului","description":"Adenomatoza colonului - este o boal\u0103, care e caracterizat\u0103 prin formarea adenomelor \u00een mucozitatea organului (de la o sut\u0103 p\u00e2n\u0103 la c\u00e2teva mii). Aceste neoplasme progreseaz\u0103 \u0219i se maligneaz\u0103, dac\u0103 nu \u00eencepe tratamentul la timp","robots":{"index":"index","follow":"follow","max-snippet":"max-snippet:-1","max-image-preview":"max-image-preview:large","max-video-preview":"max-video-preview:-1"},"canonical":"https:\/\/sanatate.md\/ro\/boli-si-tratament\/boli-ale-tractului-gastro-intestinal\/adenomatoza-colonului\/","og_locale":"ro_RO","og_type":"article","og_title":"Adenomatoza colonului","og_description":"Adenomatoza colonului - este o boal\u0103, care e caracterizat\u0103 prin formarea adenomelor \u00een mucozitatea organului (de la o sut\u0103 p\u00e2n\u0103 la c\u00e2teva mii). Aceste neoplasme progreseaz\u0103 \u0219i se maligneaz\u0103, dac\u0103 nu \u00eencepe tratamentul la timp","og_url":"https:\/\/sanatate.md\/ro\/boli-si-tratament\/boli-ale-tractului-gastro-intestinal\/adenomatoza-colonului\/","og_site_name":"Sanatate.md","twitter_card":"summary_large_image","twitter_misc":{"Timp estimat pentru citire":"2 minute"},"schema":{"@context":"https:\/\/schema.org","@graph":[{"@type":"WebPage","@id":"https:\/\/sanatate.md\/ro\/boli-si-tratament\/boli-ale-tractului-gastro-intestinal\/adenomatoza-colonului\/","url":"https:\/\/sanatate.md\/ro\/boli-si-tratament\/boli-ale-tractului-gastro-intestinal\/adenomatoza-colonului\/","name":"Adenomatoza colonului","isPartOf":{"@id":"https:\/\/sanatate.md\/ro\/#website"},"datePublished":"2018-01-29T15:17:21+00:00","description":"Adenomatoza colonului - este o boal\u0103, care e caracterizat\u0103 prin formarea adenomelor \u00een mucozitatea organului (de la o sut\u0103 p\u00e2n\u0103 la c\u00e2teva mii). Aceste neoplasme progreseaz\u0103 \u0219i se maligneaz\u0103, dac\u0103 nu \u00eencepe tratamentul la timp","breadcrumb":{"@id":"https:\/\/sanatate.md\/ro\/boli-si-tratament\/boli-ale-tractului-gastro-intestinal\/adenomatoza-colonului\/#breadcrumb"},"inLanguage":"ro-RO","potentialAction":[{"@type":"ReadAction","target":["https:\/\/sanatate.md\/ro\/boli-si-tratament\/boli-ale-tractului-gastro-intestinal\/adenomatoza-colonului\/"]}]},{"@type":"BreadcrumbList","@id":"https:\/\/sanatate.md\/ro\/boli-si-tratament\/boli-ale-tractului-gastro-intestinal\/adenomatoza-colonului\/#breadcrumb","itemListElement":[{"@type":"ListItem","position":1,"name":"\u0413\u043b\u0430\u0432\u043d\u0430\u044f \u0441\u0442\u0440\u0430\u043d\u0438\u0446\u0430","item":"https:\/\/sanatate.md\/ro\/"},{"@type":"ListItem","position":2,"name":"Boli si tratament","item":"https:\/\/sanatate.md\/ro\/boli-si-tratament\/"},{"@type":"ListItem","position":3,"name":"Boli ale tractului gastro-intestinal","item":"https:\/\/sanatate.md\/ro\/boli-si-tratament\/boli-ale-tractului-gastro-intestinal\/"},{"@type":"ListItem","position":4,"name":"Adenomatoza colonului"}]},{"@type":"WebSite","@id":"https:\/\/sanatate.md\/ro\/#website","url":"https:\/\/sanatate.md\/ro\/","name":"Sanatate.md","description":"\u0416\u0443\u0440\u043d\u0430\u043b \u0434\u043b\u044f \u0432\u0441\u0435\u0439 \u0441\u0435\u043c\u044c\u0438 \u0432 \u041c\u043e\u043b\u0434\u043e\u0432\u0435","publisher":{"@id":"https:\/\/sanatate.md\/ro\/#organization"},"potentialAction":[{"@type":"SearchAction","target":{"@type":"EntryPoint","urlTemplate":"https:\/\/sanatate.md\/ro\/?s={search_term_string}"},"query-input":{"@type":"PropertyValueSpecification","valueRequired":true,"valueName":"search_term_string"}}],"inLanguage":"ro-RO"},{"@type":"Organization","@id":"https:\/\/sanatate.md\/ro\/#organization","name":"SANATATE","url":"https:\/\/sanatate.md\/ro\/","logo":{"@type":"ImageObject","inLanguage":"ro-RO","@id":"https:\/\/sanatate.md\/ro\/#\/schema\/logo\/image\/","url":"https:\/\/sanatate.md\/wp-content\/uploads\/2022\/01\/sanatate-logo.svg","contentUrl":"https:\/\/sanatate.md\/wp-content\/uploads\/2022\/01\/sanatate-logo.svg","width":"1024","height":"1024","caption":"SANATATE"},"image":{"@id":"https:\/\/sanatate.md\/ro\/#\/schema\/logo\/image\/"}}]}},"_links":{"self":[{"href":"https:\/\/sanatate.md\/ro\/wp-json\/wp\/v2\/pages\/51338","targetHints":{"allow":["GET"]}}],"collection":[{"href":"https:\/\/sanatate.md\/ro\/wp-json\/wp\/v2\/pages"}],"about":[{"href":"https:\/\/sanatate.md\/ro\/wp-json\/wp\/v2\/types\/page"}],"author":[{"embeddable":true,"href":"https:\/\/sanatate.md\/ro\/wp-json\/wp\/v2\/users\/28"}],"replies":[{"embeddable":true,"href":"https:\/\/sanatate.md\/ro\/wp-json\/wp\/v2\/comments?post=51338"}],"version-history":[{"count":0,"href":"https:\/\/sanatate.md\/ro\/wp-json\/wp\/v2\/pages\/51338\/revisions"}],"up":[{"embeddable":true,"href":"https:\/\/sanatate.md\/ro\/wp-json\/wp\/v2\/pages\/52944"}],"wp:attachment":[{"href":"https:\/\/sanatate.md\/ro\/wp-json\/wp\/v2\/media?parent=51338"}],"curies":[{"name":"wp","href":"https:\/\/api.w.org\/{rel}","templated":true}]}}