{"id":51344,"date":"2018-01-29T18:44:45","date_gmt":"2018-01-29T15:44:45","guid":{"rendered":"https:\/\/sanatate.md\/?page_id=51344"},"modified":"2018-01-29T18:44:45","modified_gmt":"2018-01-29T15:44:45","slug":"otita-media-adeziva","status":"publish","type":"page","link":"https:\/\/sanatate.md\/ro\/boli-si-tratament\/bolile-orl\/otita-media-adeziva\/","title":{"rendered":"Otita media adeziv\u0103"},"content":{"rendered":"<p>Otita este un proces inflamator fibros al mucoasei de timpan, care implic\u0103 formarea de aderen\u021be. Adesea, complica\u021biile acestei boli includ o deteriorare treptat\u0103 a abilit\u0103\u021bii de a auzi.<\/p>\n<h3>Motivele<\/h3>\n<p>Otita medie adeziv\u0103 se formeaz\u0103 \u00een majoritatea cazurilor dup\u0103 ce pacientul a suferit un tratament inadecvat. Aceast\u0103 boal\u0103 apare \u0219i \u00een cazul, \u00een care pacientul sufer\u0103 de o inflama\u021bie \u00een form\u0103 cronic\u0103 a urechii medii. Dac\u0103 medicul recomand\u0103 antibiotice, care nu sunt potrivite pentru pacient \u0219i dinamica tratamentului este negativ\u0103, se formeaz\u0103 aderen\u0163e. Sunt cazuri c\u00e2nd otita apare din cauza patologiei tubului auditiv.<\/p>\n<h3>Simptomele otitei medii adezive (aderente)<\/h3>\n<p>Unul dintre simptomele otitei este disconfortul, precum \u0219i tiuitul \u00een urechi.. Adesea pacientul se pl\u00e2nge de pierderea auzului. Doctorul, prin efectuarea unei otoscopii, poate marca modific\u0103ri ale timpanului.<\/p>\n<h3>Diagnosticarea<\/h3>\n<p>Pentru a diagnostica otita medie adeziv\u0103 e necesar istoricul bolii. De asemenea, efectuarea otoscopiei \u0219i a unor studii ale tubului auditiv.<\/p>\n<h3>Tratamentul<\/h3>\n<p>\u00cen primul r\u00e2nd, tratamentul este conservator. Dac\u0103 aceste metode de tratament nu au dinamic\u0103 pozitiv\u0103, medicii apeleaz\u0103 la tratamentul chirurgical.<\/p>\n<h3>Profilaxia<\/h3>\n<p>Prevenirea otitei media adezive este depistarea \u0219i tratarea la timp a diferitor forme de otit\u0103 medie. E important s\u0103 nu s\u0103 se recurg\u0103 la auto-tratament, deoarece \u00een viitor va fi dificil pentru medic s\u0103 aplice o terapie, care ar putea vindeca complet otita. \u00cen cazul dat apar complica\u021bii.\u00a0Atunci, c\u00e2nd apar simptome de acest fel, e necesar s\u0103 se adreseze imediat la orelist.<\/p>\n<h3>Perspectiva<\/h3>\n<p>Dac\u0103 vorbim despre prognozarea bolii &#8211; ea se exprim\u0103 printr-o leziune larg\u0103. \u00cen plus, trebuie luat \u00een considerare factorul de tratare la timp.<\/p>\n","protected":false},"excerpt":{"rendered":"<p>Otita este un proces inflamator fibros al mucoasei de timpan, care implic\u0103 formarea de aderen\u021be. Adesea, complica\u021biile acestei boli includ o deteriorare treptat\u0103 a abilit\u0103\u021bii de a auzi. Motivele Otita medie adeziv\u0103 se formeaz\u0103 \u00een majoritatea cazurilor dup\u0103 ce pacientul a suferit un tratament inadecvat. Aceast\u0103 boal\u0103 apare \u0219i \u00een cazul, \u00een care pacientul sufer\u0103 [&hellip;]<\/p>\n","protected":false},"author":28,"featured_media":0,"parent":52981,"menu_order":0,"comment_status":"closed","ping_status":"closed","template":"","meta":{"inline_featured_image":false,"footnotes":""},"class_list":["post-51344","page","type-page","status-publish"],"yoast_head":"<!-- This site is optimized with the Yoast SEO plugin v27.3 - https:\/\/yoast.com\/product\/yoast-seo-wordpress\/ -->\n<title>Otita media adeziv\u0103<\/title>\n<meta name=\"description\" content=\"Otita este un proces inflamator fibros al mucoasei de timpan, care implic\u0103 formarea de aderen\u021be. Adesea, complica\u021biile acestei boli includ o deteriorare treptat\u0103 a abilit\u0103\u021bii de a auzi.\" \/>\n<meta name=\"robots\" content=\"index, follow, max-snippet:-1, max-image-preview:large, max-video-preview:-1\" \/>\n<link rel=\"canonical\" href=\"https:\/\/sanatate.md\/ro\/boli-si-tratament\/bolile-orl\/otita-media-adeziva\/\" \/>\n<meta property=\"og:locale\" content=\"ro_RO\" \/>\n<meta property=\"og:type\" content=\"article\" \/>\n<meta property=\"og:title\" content=\"Otita media adeziv\u0103\" \/>\n<meta property=\"og:description\" content=\"Otita este un proces inflamator fibros al mucoasei de timpan, care implic\u0103 formarea de aderen\u021be. Adesea, complica\u021biile acestei boli includ o deteriorare treptat\u0103 a abilit\u0103\u021bii de a auzi.\" \/>\n<meta property=\"og:url\" content=\"https:\/\/sanatate.md\/ro\/boli-si-tratament\/bolile-orl\/otita-media-adeziva\/\" \/>\n<meta property=\"og:site_name\" content=\"Sanatate.md\" \/>\n<meta name=\"twitter:card\" content=\"summary_large_image\" \/>\n<meta name=\"twitter:label1\" content=\"Timp estimat pentru citire\" \/>\n\t<meta name=\"twitter:data1\" content=\"1 minut\" \/>\n<script type=\"application\/ld+json\" class=\"yoast-schema-graph\">{\"@context\":\"https:\\\/\\\/schema.org\",\"@graph\":[{\"@type\":\"WebPage\",\"@id\":\"https:\\\/\\\/sanatate.md\\\/ro\\\/boli-si-tratament\\\/bolile-orl\\\/otita-media-adeziva\\\/\",\"url\":\"https:\\\/\\\/sanatate.md\\\/ro\\\/boli-si-tratament\\\/bolile-orl\\\/otita-media-adeziva\\\/\",\"name\":\"Otita media adeziv\u0103\",\"isPartOf\":{\"@id\":\"https:\\\/\\\/sanatate.md\\\/ro\\\/#website\"},\"datePublished\":\"2018-01-29T15:44:45+00:00\",\"description\":\"Otita este un proces inflamator fibros al mucoasei de timpan, care implic\u0103 formarea de aderen\u021be. Adesea, complica\u021biile acestei boli includ o deteriorare treptat\u0103 a abilit\u0103\u021bii de a auzi.\",\"breadcrumb\":{\"@id\":\"https:\\\/\\\/sanatate.md\\\/ro\\\/boli-si-tratament\\\/bolile-orl\\\/otita-media-adeziva\\\/#breadcrumb\"},\"inLanguage\":\"ro-RO\",\"potentialAction\":[{\"@type\":\"ReadAction\",\"target\":[\"https:\\\/\\\/sanatate.md\\\/ro\\\/boli-si-tratament\\\/bolile-orl\\\/otita-media-adeziva\\\/\"]}]},{\"@type\":\"BreadcrumbList\",\"@id\":\"https:\\\/\\\/sanatate.md\\\/ro\\\/boli-si-tratament\\\/bolile-orl\\\/otita-media-adeziva\\\/#breadcrumb\",\"itemListElement\":[{\"@type\":\"ListItem\",\"position\":1,\"name\":\"\u0413\u043b\u0430\u0432\u043d\u0430\u044f \u0441\u0442\u0440\u0430\u043d\u0438\u0446\u0430\",\"item\":\"https:\\\/\\\/sanatate.md\\\/ro\\\/\"},{\"@type\":\"ListItem\",\"position\":2,\"name\":\"Boli si tratament\",\"item\":\"https:\\\/\\\/sanatate.md\\\/ro\\\/boli-si-tratament\\\/\"},{\"@type\":\"ListItem\",\"position\":3,\"name\":\"Bolile ORL\",\"item\":\"https:\\\/\\\/sanatate.md\\\/ro\\\/boli-si-tratament\\\/bolile-orl\\\/\"},{\"@type\":\"ListItem\",\"position\":4,\"name\":\"Otita media adeziv\u0103\"}]},{\"@type\":\"WebSite\",\"@id\":\"https:\\\/\\\/sanatate.md\\\/ro\\\/#website\",\"url\":\"https:\\\/\\\/sanatate.md\\\/ro\\\/\",\"name\":\"Sanatate.md\",\"description\":\"\u0416\u0443\u0440\u043d\u0430\u043b \u0434\u043b\u044f \u0432\u0441\u0435\u0439 \u0441\u0435\u043c\u044c\u0438 \u0432 \u041c\u043e\u043b\u0434\u043e\u0432\u0435\",\"publisher\":{\"@id\":\"https:\\\/\\\/sanatate.md\\\/ro\\\/#organization\"},\"potentialAction\":[{\"@type\":\"SearchAction\",\"target\":{\"@type\":\"EntryPoint\",\"urlTemplate\":\"https:\\\/\\\/sanatate.md\\\/ro\\\/?s={search_term_string}\"},\"query-input\":{\"@type\":\"PropertyValueSpecification\",\"valueRequired\":true,\"valueName\":\"search_term_string\"}}],\"inLanguage\":\"ro-RO\"},{\"@type\":\"Organization\",\"@id\":\"https:\\\/\\\/sanatate.md\\\/ro\\\/#organization\",\"name\":\"SANATATE\",\"url\":\"https:\\\/\\\/sanatate.md\\\/ro\\\/\",\"logo\":{\"@type\":\"ImageObject\",\"inLanguage\":\"ro-RO\",\"@id\":\"https:\\\/\\\/sanatate.md\\\/ro\\\/#\\\/schema\\\/logo\\\/image\\\/\",\"url\":\"https:\\\/\\\/sanatate.md\\\/wp-content\\\/uploads\\\/2022\\\/01\\\/sanatate-logo.svg\",\"contentUrl\":\"https:\\\/\\\/sanatate.md\\\/wp-content\\\/uploads\\\/2022\\\/01\\\/sanatate-logo.svg\",\"width\":\"1024\",\"height\":\"1024\",\"caption\":\"SANATATE\"},\"image\":{\"@id\":\"https:\\\/\\\/sanatate.md\\\/ro\\\/#\\\/schema\\\/logo\\\/image\\\/\"}}]}<\/script>\n<!-- \/ Yoast SEO plugin. -->","yoast_head_json":{"title":"Otita media adeziv\u0103","description":"Otita este un proces inflamator fibros al mucoasei de timpan, care implic\u0103 formarea de aderen\u021be. Adesea, complica\u021biile acestei boli includ o deteriorare treptat\u0103 a abilit\u0103\u021bii de a auzi.","robots":{"index":"index","follow":"follow","max-snippet":"max-snippet:-1","max-image-preview":"max-image-preview:large","max-video-preview":"max-video-preview:-1"},"canonical":"https:\/\/sanatate.md\/ro\/boli-si-tratament\/bolile-orl\/otita-media-adeziva\/","og_locale":"ro_RO","og_type":"article","og_title":"Otita media adeziv\u0103","og_description":"Otita este un proces inflamator fibros al mucoasei de timpan, care implic\u0103 formarea de aderen\u021be. Adesea, complica\u021biile acestei boli includ o deteriorare treptat\u0103 a abilit\u0103\u021bii de a auzi.","og_url":"https:\/\/sanatate.md\/ro\/boli-si-tratament\/bolile-orl\/otita-media-adeziva\/","og_site_name":"Sanatate.md","twitter_card":"summary_large_image","twitter_misc":{"Timp estimat pentru citire":"1 minut"},"schema":{"@context":"https:\/\/schema.org","@graph":[{"@type":"WebPage","@id":"https:\/\/sanatate.md\/ro\/boli-si-tratament\/bolile-orl\/otita-media-adeziva\/","url":"https:\/\/sanatate.md\/ro\/boli-si-tratament\/bolile-orl\/otita-media-adeziva\/","name":"Otita media adeziv\u0103","isPartOf":{"@id":"https:\/\/sanatate.md\/ro\/#website"},"datePublished":"2018-01-29T15:44:45+00:00","description":"Otita este un proces inflamator fibros al mucoasei de timpan, care implic\u0103 formarea de aderen\u021be. Adesea, complica\u021biile acestei boli includ o deteriorare treptat\u0103 a abilit\u0103\u021bii de a auzi.","breadcrumb":{"@id":"https:\/\/sanatate.md\/ro\/boli-si-tratament\/bolile-orl\/otita-media-adeziva\/#breadcrumb"},"inLanguage":"ro-RO","potentialAction":[{"@type":"ReadAction","target":["https:\/\/sanatate.md\/ro\/boli-si-tratament\/bolile-orl\/otita-media-adeziva\/"]}]},{"@type":"BreadcrumbList","@id":"https:\/\/sanatate.md\/ro\/boli-si-tratament\/bolile-orl\/otita-media-adeziva\/#breadcrumb","itemListElement":[{"@type":"ListItem","position":1,"name":"\u0413\u043b\u0430\u0432\u043d\u0430\u044f \u0441\u0442\u0440\u0430\u043d\u0438\u0446\u0430","item":"https:\/\/sanatate.md\/ro\/"},{"@type":"ListItem","position":2,"name":"Boli si tratament","item":"https:\/\/sanatate.md\/ro\/boli-si-tratament\/"},{"@type":"ListItem","position":3,"name":"Bolile ORL","item":"https:\/\/sanatate.md\/ro\/boli-si-tratament\/bolile-orl\/"},{"@type":"ListItem","position":4,"name":"Otita media adeziv\u0103"}]},{"@type":"WebSite","@id":"https:\/\/sanatate.md\/ro\/#website","url":"https:\/\/sanatate.md\/ro\/","name":"Sanatate.md","description":"\u0416\u0443\u0440\u043d\u0430\u043b \u0434\u043b\u044f \u0432\u0441\u0435\u0439 \u0441\u0435\u043c\u044c\u0438 \u0432 \u041c\u043e\u043b\u0434\u043e\u0432\u0435","publisher":{"@id":"https:\/\/sanatate.md\/ro\/#organization"},"potentialAction":[{"@type":"SearchAction","target":{"@type":"EntryPoint","urlTemplate":"https:\/\/sanatate.md\/ro\/?s={search_term_string}"},"query-input":{"@type":"PropertyValueSpecification","valueRequired":true,"valueName":"search_term_string"}}],"inLanguage":"ro-RO"},{"@type":"Organization","@id":"https:\/\/sanatate.md\/ro\/#organization","name":"SANATATE","url":"https:\/\/sanatate.md\/ro\/","logo":{"@type":"ImageObject","inLanguage":"ro-RO","@id":"https:\/\/sanatate.md\/ro\/#\/schema\/logo\/image\/","url":"https:\/\/sanatate.md\/wp-content\/uploads\/2022\/01\/sanatate-logo.svg","contentUrl":"https:\/\/sanatate.md\/wp-content\/uploads\/2022\/01\/sanatate-logo.svg","width":"1024","height":"1024","caption":"SANATATE"},"image":{"@id":"https:\/\/sanatate.md\/ro\/#\/schema\/logo\/image\/"}}]}},"_links":{"self":[{"href":"https:\/\/sanatate.md\/ro\/wp-json\/wp\/v2\/pages\/51344","targetHints":{"allow":["GET"]}}],"collection":[{"href":"https:\/\/sanatate.md\/ro\/wp-json\/wp\/v2\/pages"}],"about":[{"href":"https:\/\/sanatate.md\/ro\/wp-json\/wp\/v2\/types\/page"}],"author":[{"embeddable":true,"href":"https:\/\/sanatate.md\/ro\/wp-json\/wp\/v2\/users\/28"}],"replies":[{"embeddable":true,"href":"https:\/\/sanatate.md\/ro\/wp-json\/wp\/v2\/comments?post=51344"}],"version-history":[{"count":0,"href":"https:\/\/sanatate.md\/ro\/wp-json\/wp\/v2\/pages\/51344\/revisions"}],"up":[{"embeddable":true,"href":"https:\/\/sanatate.md\/ro\/wp-json\/wp\/v2\/pages\/52981"}],"wp:attachment":[{"href":"https:\/\/sanatate.md\/ro\/wp-json\/wp\/v2\/media?parent=51344"}],"curies":[{"name":"wp","href":"https:\/\/api.w.org\/{rel}","templated":true}]}}