{"id":51536,"date":"2018-01-31T09:34:12","date_gmt":"2018-01-31T06:34:12","guid":{"rendered":"https:\/\/sanatate.md\/?page_id=51536"},"modified":"2018-01-31T09:34:12","modified_gmt":"2018-01-31T06:34:12","slug":"adnexita","status":"publish","type":"page","link":"https:\/\/sanatate.md\/ro\/boli-si-tratament\/boli-ale-femeilor\/adnexita\/","title":{"rendered":"Adnexita"},"content":{"rendered":"<p>Adnexita (salpingooforita) este inflama\u0163ia uterului (ovarelor si trompelor uterine), care e provocat\u0103 de diverse bacterii. Ca urmare a acestei boli, este posibil\u0103 dezvoltarea aderen\u021belor \u00een tuburile uterine, care amenin\u021b\u0103 cu sarcin\u0103 ectopic\u0103 \u0219i chiar infertilitate.<br \/>\nInfec\u021bia intr\u0103 \u00een uter prin diferite moduri: \u00een majoritatea cazurilor &#8211; din vagin, dar bacteriile pot intra \u015fi prin c\u0103ile limfatice, s\u00e2nge.<\/p>\n<p>Boala \u00een stadiul ini\u021bial se desf\u0103\u0219oar\u0103 aproape asimptomatic. Semnele ei apar atunci, c\u00e2nd devine sever\u0103 \u0219i atunci c\u00e2nd este diagnosticat\u0103 femeia deja e steril\u0103.<\/p>\n<h3>Cauzele bolii<\/h3>\n<p>Cauzele adnexitei \u00een majoritatea lor sunt consecin\u0163e ale avortului, na\u0219terelor, spiralelor intrauterine. Anume \u00een aceast\u0103 situa\u0163ie cre\u0219te probabilitatea de infec\u021bie.<\/p>\n<h3>Simptomele<\/h3>\n<p>Boala poate fi exprimat\u0103 \u00een form\u0103 acut\u0103 sau cronic\u0103.<\/p>\n<p>Simptomele formei acute:<\/p>\n<ul>\n<li>durere intens\u0103 \u00een abdomenul inferior;<\/li>\n<li>declinul for\u021belor;<\/li>\n<li>cre\u0219terea temperaturii.<\/li>\n<\/ul>\n<p>\u00cen cazuri grave, puroiul se adun\u0103 \u00een tuburi \u0219i \u00een anexe. Ca rezultat al bolii apar aderen\u0163e \u00eentre organele de reproducere \u0219i organele pelvine, boala devine cronic\u0103.<\/p>\n<p>Forma cronic\u0103 are simptome u\u0219oare:<\/p>\n<ul>\n<li>dureri \u00een abdomenul inferior, \u00een partea inferioar\u0103 a spatelui,<\/li>\n<li>elimin\u0103ri abundente din vagin,<\/li>\n<li>ciclul menstrual este dereglat, libido redus.<\/li>\n<\/ul>\n<p>Suprasolicitarea nervoas\u0103 sau fizic\u0103 poate provoca o exacerbare a formei cornice.<\/p>\n<h3>Diagnosticarea<\/h3>\n<p>Precizarea bolii nu e o sarcin\u0103 u\u0219oar\u0103, deoarece durerea abdominal\u0103 acut\u0103 apare \u00een multe organe pelvine, iar simptomele formei cronice sunt slab exprimate. Diagnosticul include analiza de laborator a secre\u021biei vaginale, a s\u00e2ngelui \u0219i a urinei.<br \/>\nCu succes sunt utilizate ultrasunetele \u0219i laparoscopia, care permite s\u0103 se identifice toate semnele procesului inflamator: o mucoas\u0103 inflamat\u0103, puroi \u0219.a.<\/p>\n<h3>Tratamentul adnexitelor<\/h3>\n<p>Forma acut\u0103 a bolii necesit\u0103 spitalizare, ce ajut\u0103 la prevenirea dezvolt\u0103rii complica\u021biilor grave. Se respect\u0103 regimul de pat, sunt prescrise analgezicele \u0219i antibioticele. \u00cen cazul complica\u021biilor purulente, e efectuat\u0103 interven\u021bia chirurgical\u0103. Este indicat tratamentul fizioterapeutic: n\u0103mol, parafin\u0103, magnetoterapia etc.<\/p>\n","protected":false},"excerpt":{"rendered":"<p>Adnexita (salpingooforita) este inflama\u0163ia uterului (ovarelor si trompelor uterine), care e provocat\u0103 de diverse bacterii. Ca urmare a acestei boli, este posibil\u0103 dezvoltarea aderen\u021belor \u00een tuburile uterine, care amenin\u021b\u0103 cu sarcin\u0103 ectopic\u0103 \u0219i chiar infertilitate. Infec\u021bia intr\u0103 \u00een uter prin diferite moduri: \u00een majoritatea cazurilor &#8211; din vagin, dar bacteriile pot intra \u015fi prin c\u0103ile [&hellip;]<\/p>\n","protected":false},"author":28,"featured_media":0,"parent":38235,"menu_order":0,"comment_status":"closed","ping_status":"closed","template":"","meta":{"inline_featured_image":false,"footnotes":""},"class_list":["post-51536","page","type-page","status-publish"],"yoast_head":"<!-- This site is optimized with the Yoast SEO plugin v27.3 - https:\/\/yoast.com\/product\/yoast-seo-wordpress\/ -->\n<title>Adnexita<\/title>\n<meta name=\"description\" content=\"Adnexita (salpingooforita) este inflama\u0163ia uterului (ovarelor si trompelor uterine), care e provocat\u0103 de diverse bacterii.\" \/>\n<meta name=\"robots\" content=\"index, follow, max-snippet:-1, max-image-preview:large, max-video-preview:-1\" \/>\n<link rel=\"canonical\" href=\"https:\/\/sanatate.md\/ro\/boli-si-tratament\/boli-ale-femeilor\/adnexita\/\" \/>\n<meta property=\"og:locale\" content=\"ro_RO\" \/>\n<meta property=\"og:type\" content=\"article\" \/>\n<meta property=\"og:title\" content=\"Adnexita\" \/>\n<meta property=\"og:description\" content=\"Adnexita (salpingooforita) este inflama\u0163ia uterului (ovarelor si trompelor uterine), care e provocat\u0103 de diverse bacterii.\" \/>\n<meta property=\"og:url\" content=\"https:\/\/sanatate.md\/ro\/boli-si-tratament\/boli-ale-femeilor\/adnexita\/\" \/>\n<meta property=\"og:site_name\" content=\"Sanatate.md\" \/>\n<meta name=\"twitter:card\" content=\"summary_large_image\" \/>\n<meta name=\"twitter:label1\" content=\"Timp estimat pentru citire\" \/>\n\t<meta name=\"twitter:data1\" content=\"2 minute\" \/>\n<script type=\"application\/ld+json\" class=\"yoast-schema-graph\">{\"@context\":\"https:\\\/\\\/schema.org\",\"@graph\":[{\"@type\":\"WebPage\",\"@id\":\"https:\\\/\\\/sanatate.md\\\/ro\\\/boli-si-tratament\\\/boli-ale-femeilor\\\/adnexita\\\/\",\"url\":\"https:\\\/\\\/sanatate.md\\\/ro\\\/boli-si-tratament\\\/boli-ale-femeilor\\\/adnexita\\\/\",\"name\":\"Adnexita\",\"isPartOf\":{\"@id\":\"https:\\\/\\\/sanatate.md\\\/ro\\\/#website\"},\"datePublished\":\"2018-01-31T06:34:12+00:00\",\"description\":\"Adnexita (salpingooforita) este inflama\u0163ia uterului (ovarelor si trompelor uterine), care e provocat\u0103 de diverse bacterii.\",\"breadcrumb\":{\"@id\":\"https:\\\/\\\/sanatate.md\\\/ro\\\/boli-si-tratament\\\/boli-ale-femeilor\\\/adnexita\\\/#breadcrumb\"},\"inLanguage\":\"ro-RO\",\"potentialAction\":[{\"@type\":\"ReadAction\",\"target\":[\"https:\\\/\\\/sanatate.md\\\/ro\\\/boli-si-tratament\\\/boli-ale-femeilor\\\/adnexita\\\/\"]}]},{\"@type\":\"BreadcrumbList\",\"@id\":\"https:\\\/\\\/sanatate.md\\\/ro\\\/boli-si-tratament\\\/boli-ale-femeilor\\\/adnexita\\\/#breadcrumb\",\"itemListElement\":[{\"@type\":\"ListItem\",\"position\":1,\"name\":\"\u0413\u043b\u0430\u0432\u043d\u0430\u044f \u0441\u0442\u0440\u0430\u043d\u0438\u0446\u0430\",\"item\":\"https:\\\/\\\/sanatate.md\\\/ro\\\/\"},{\"@type\":\"ListItem\",\"position\":2,\"name\":\"Boli si tratament\",\"item\":\"https:\\\/\\\/sanatate.md\\\/ro\\\/boli-si-tratament\\\/\"},{\"@type\":\"ListItem\",\"position\":3,\"name\":\"Boli ale femeilor\",\"item\":\"https:\\\/\\\/sanatate.md\\\/ro\\\/boli-si-tratament\\\/boli-ale-femeilor\\\/\"},{\"@type\":\"ListItem\",\"position\":4,\"name\":\"Adnexita\"}]},{\"@type\":\"WebSite\",\"@id\":\"https:\\\/\\\/sanatate.md\\\/ro\\\/#website\",\"url\":\"https:\\\/\\\/sanatate.md\\\/ro\\\/\",\"name\":\"Sanatate.md\",\"description\":\"\u0416\u0443\u0440\u043d\u0430\u043b \u0434\u043b\u044f \u0432\u0441\u0435\u0439 \u0441\u0435\u043c\u044c\u0438 \u0432 \u041c\u043e\u043b\u0434\u043e\u0432\u0435\",\"publisher\":{\"@id\":\"https:\\\/\\\/sanatate.md\\\/ro\\\/#organization\"},\"potentialAction\":[{\"@type\":\"SearchAction\",\"target\":{\"@type\":\"EntryPoint\",\"urlTemplate\":\"https:\\\/\\\/sanatate.md\\\/ro\\\/?s={search_term_string}\"},\"query-input\":{\"@type\":\"PropertyValueSpecification\",\"valueRequired\":true,\"valueName\":\"search_term_string\"}}],\"inLanguage\":\"ro-RO\"},{\"@type\":\"Organization\",\"@id\":\"https:\\\/\\\/sanatate.md\\\/ro\\\/#organization\",\"name\":\"SANATATE\",\"url\":\"https:\\\/\\\/sanatate.md\\\/ro\\\/\",\"logo\":{\"@type\":\"ImageObject\",\"inLanguage\":\"ro-RO\",\"@id\":\"https:\\\/\\\/sanatate.md\\\/ro\\\/#\\\/schema\\\/logo\\\/image\\\/\",\"url\":\"https:\\\/\\\/sanatate.md\\\/wp-content\\\/uploads\\\/2022\\\/01\\\/sanatate-logo.svg\",\"contentUrl\":\"https:\\\/\\\/sanatate.md\\\/wp-content\\\/uploads\\\/2022\\\/01\\\/sanatate-logo.svg\",\"width\":\"1024\",\"height\":\"1024\",\"caption\":\"SANATATE\"},\"image\":{\"@id\":\"https:\\\/\\\/sanatate.md\\\/ro\\\/#\\\/schema\\\/logo\\\/image\\\/\"}}]}<\/script>\n<!-- \/ Yoast SEO plugin. -->","yoast_head_json":{"title":"Adnexita","description":"Adnexita (salpingooforita) este inflama\u0163ia uterului (ovarelor si trompelor uterine), care e provocat\u0103 de diverse bacterii.","robots":{"index":"index","follow":"follow","max-snippet":"max-snippet:-1","max-image-preview":"max-image-preview:large","max-video-preview":"max-video-preview:-1"},"canonical":"https:\/\/sanatate.md\/ro\/boli-si-tratament\/boli-ale-femeilor\/adnexita\/","og_locale":"ro_RO","og_type":"article","og_title":"Adnexita","og_description":"Adnexita (salpingooforita) este inflama\u0163ia uterului (ovarelor si trompelor uterine), care e provocat\u0103 de diverse bacterii.","og_url":"https:\/\/sanatate.md\/ro\/boli-si-tratament\/boli-ale-femeilor\/adnexita\/","og_site_name":"Sanatate.md","twitter_card":"summary_large_image","twitter_misc":{"Timp estimat pentru citire":"2 minute"},"schema":{"@context":"https:\/\/schema.org","@graph":[{"@type":"WebPage","@id":"https:\/\/sanatate.md\/ro\/boli-si-tratament\/boli-ale-femeilor\/adnexita\/","url":"https:\/\/sanatate.md\/ro\/boli-si-tratament\/boli-ale-femeilor\/adnexita\/","name":"Adnexita","isPartOf":{"@id":"https:\/\/sanatate.md\/ro\/#website"},"datePublished":"2018-01-31T06:34:12+00:00","description":"Adnexita (salpingooforita) este inflama\u0163ia uterului (ovarelor si trompelor uterine), care e provocat\u0103 de diverse bacterii.","breadcrumb":{"@id":"https:\/\/sanatate.md\/ro\/boli-si-tratament\/boli-ale-femeilor\/adnexita\/#breadcrumb"},"inLanguage":"ro-RO","potentialAction":[{"@type":"ReadAction","target":["https:\/\/sanatate.md\/ro\/boli-si-tratament\/boli-ale-femeilor\/adnexita\/"]}]},{"@type":"BreadcrumbList","@id":"https:\/\/sanatate.md\/ro\/boli-si-tratament\/boli-ale-femeilor\/adnexita\/#breadcrumb","itemListElement":[{"@type":"ListItem","position":1,"name":"\u0413\u043b\u0430\u0432\u043d\u0430\u044f \u0441\u0442\u0440\u0430\u043d\u0438\u0446\u0430","item":"https:\/\/sanatate.md\/ro\/"},{"@type":"ListItem","position":2,"name":"Boli si tratament","item":"https:\/\/sanatate.md\/ro\/boli-si-tratament\/"},{"@type":"ListItem","position":3,"name":"Boli ale femeilor","item":"https:\/\/sanatate.md\/ro\/boli-si-tratament\/boli-ale-femeilor\/"},{"@type":"ListItem","position":4,"name":"Adnexita"}]},{"@type":"WebSite","@id":"https:\/\/sanatate.md\/ro\/#website","url":"https:\/\/sanatate.md\/ro\/","name":"Sanatate.md","description":"\u0416\u0443\u0440\u043d\u0430\u043b \u0434\u043b\u044f \u0432\u0441\u0435\u0439 \u0441\u0435\u043c\u044c\u0438 \u0432 \u041c\u043e\u043b\u0434\u043e\u0432\u0435","publisher":{"@id":"https:\/\/sanatate.md\/ro\/#organization"},"potentialAction":[{"@type":"SearchAction","target":{"@type":"EntryPoint","urlTemplate":"https:\/\/sanatate.md\/ro\/?s={search_term_string}"},"query-input":{"@type":"PropertyValueSpecification","valueRequired":true,"valueName":"search_term_string"}}],"inLanguage":"ro-RO"},{"@type":"Organization","@id":"https:\/\/sanatate.md\/ro\/#organization","name":"SANATATE","url":"https:\/\/sanatate.md\/ro\/","logo":{"@type":"ImageObject","inLanguage":"ro-RO","@id":"https:\/\/sanatate.md\/ro\/#\/schema\/logo\/image\/","url":"https:\/\/sanatate.md\/wp-content\/uploads\/2022\/01\/sanatate-logo.svg","contentUrl":"https:\/\/sanatate.md\/wp-content\/uploads\/2022\/01\/sanatate-logo.svg","width":"1024","height":"1024","caption":"SANATATE"},"image":{"@id":"https:\/\/sanatate.md\/ro\/#\/schema\/logo\/image\/"}}]}},"_links":{"self":[{"href":"https:\/\/sanatate.md\/ro\/wp-json\/wp\/v2\/pages\/51536","targetHints":{"allow":["GET"]}}],"collection":[{"href":"https:\/\/sanatate.md\/ro\/wp-json\/wp\/v2\/pages"}],"about":[{"href":"https:\/\/sanatate.md\/ro\/wp-json\/wp\/v2\/types\/page"}],"author":[{"embeddable":true,"href":"https:\/\/sanatate.md\/ro\/wp-json\/wp\/v2\/users\/28"}],"replies":[{"embeddable":true,"href":"https:\/\/sanatate.md\/ro\/wp-json\/wp\/v2\/comments?post=51536"}],"version-history":[{"count":0,"href":"https:\/\/sanatate.md\/ro\/wp-json\/wp\/v2\/pages\/51536\/revisions"}],"up":[{"embeddable":true,"href":"https:\/\/sanatate.md\/ro\/wp-json\/wp\/v2\/pages\/38235"}],"wp:attachment":[{"href":"https:\/\/sanatate.md\/ro\/wp-json\/wp\/v2\/media?parent=51536"}],"curies":[{"name":"wp","href":"https:\/\/api.w.org\/{rel}","templated":true}]}}