{"id":51539,"date":"2018-01-31T09:40:16","date_gmt":"2018-01-31T06:40:16","guid":{"rendered":"https:\/\/sanatate.md\/?page_id=51539"},"modified":"2018-01-31T09:40:16","modified_gmt":"2018-01-31T06:40:16","slug":"polipii-nazali","status":"publish","type":"page","link":"https:\/\/sanatate.md\/ro\/boli-si-tratament\/bolile-orl\/polipii-nazali\/","title":{"rendered":"Polipii nazali"},"content":{"rendered":"<p>\u021aesutul limfoid, care progreseaz\u0103 \u00een tractul respirator superior, se nume\u0219te adenoid. Pentru el, cre\u0219terea amigdalelor nazofaringiene este caracteristic\u0103.<\/p>\n<h3>Dezvoltarea bolii<\/h3>\n<p>Adesea aceast\u0103 boal\u0103 afecteaz\u0103 copiii cu v\u00e2rste cuprinse \u00eentre trei \u0219i zece ani. Reprezentan\u021bii v\u00e2rstelor mai mature nu s\u00e2nt afecta\u0163i at\u00e2t de frecvent. De ce apar adenoidele? \u00cen primul r\u00e2nd, apari\u0163ia lor e provocat\u0103 de viru\u0219i (grip\u0103, rujeol\u0103). De asemenea, cauza form\u0103rii acestei boli reprezint\u0103 procese inflamatorii, care sunt cronice. Acestea includ boli cum ar fi faringita \u0219i rinita.<\/p>\n<h3>Gradele adenoizilor<\/h3>\n<p>Exist\u0103 3 grade de dezvoltare a acestei boli. Primul este caracterizat prin cre\u0219terea amigdalelor faringiene, care \u00eenchid segmentul superior nazofaringian. Al doilea &#8211;amigdala cre\u015fte \u00een dimensiune \u015fi \u00eenchide 2\/3 din \u00een\u0103l\u021bimea pasajelor nazale. Gradul trei \u2013 forma cea mai grea, deoarece adenoizii pot acoperi toat\u0103 \u00een\u0103l\u021bimea pasajelor nazale.<\/p>\n<h3>Consecin\u021bele tratamentului \u00eent\u00e2rziat al adenoidelor<\/h3>\n<p>Aceast\u0103 boal\u0103 \u00eentrerupe circula\u021bia aerului \u0219i determin\u0103 stagnarea mucoasei nazale, precum \u0219i a sinusurilor. Pacientul sufer\u0103 de o r\u0103ceal\u0103 cronic\u0103 \u0219i, de asemenea, sufer\u0103 de inflamare a urechilor. Destul de ciudat, dar respira\u021bia cu nasul influen\u0163eaz\u0103 cre\u0219terea scheletului facial: se formeaz\u0103 o mu\u0219c\u0103tur\u0103 incorect\u0103, expresia fe\u021bei se schimb\u0103. De asemenea, mucusul, care este secretat din nas, provoac\u0103 iritarea pielii.<br \/>\nConsecin\u021bele adenoidelor sunt angina \u0219i bron\u0219ita. \u00cen cazul unui grad sever al acestei boli, pacientul poate avea o schimbare de voce.<\/p>\n<h3>Diagnosticarea<\/h3>\n<p>Aceast\u0103 boal\u0103 trebuie tratat\u0103, indiferent de stadiul \u00een care progreseaz\u0103. Dac\u0103 pacientul are simptome de adenoizi e necesar\u0103 adresarea la un medic LOR, care va efectua un examen \u0219i va prescrie tratamentul.<\/p>\n<h3>Tratamentul adenoidelor<\/h3>\n<p>\u00cen cazul \u00een care pacientul are primul grad de boal\u0103, medicul prescrie un tratament de tip conservator: pacientul va trebui s\u0103 picure \u00een nas o solu\u021bie &#8211; 2% de protargol, s\u0103 ia vitaminele C \u0219i D.<\/p>\n<p>\u00cen etapele ulterioare este recomandat\u0103 adenotomia &#8211; o opera\u021bie. Dar aceast\u0103 interven\u021bie nu e necesar\u0103 \u00een toate cazurile, deoarece opera\u021bia chirurgical\u0103 trebuie efectuat\u0103 \u00een func\u021bie de anumite indica\u021bii. De exemplu, se agraveaz\u0103 auzul, este dificil s\u0103 respire prin nas, \u00een unele cazuri c\u00e2nd apar tulbur\u0103ri de vorbire.<\/p>\n<p>Ce fel de anestezie e utilizat\u0103 \u00een timpul interven\u021biei &#8211; local\u0103 sau general\u0103 &#8211; este decizia medicului curant.<\/p>\n","protected":false},"excerpt":{"rendered":"<p>\u021aesutul limfoid, care progreseaz\u0103 \u00een tractul respirator superior, se nume\u0219te adenoid. Pentru el, cre\u0219terea amigdalelor nazofaringiene este caracteristic\u0103. Dezvoltarea bolii Adesea aceast\u0103 boal\u0103 afecteaz\u0103 copiii cu v\u00e2rste cuprinse \u00eentre trei \u0219i zece ani. Reprezentan\u021bii v\u00e2rstelor mai mature nu s\u00e2nt afecta\u0163i at\u00e2t de frecvent. De ce apar adenoidele? \u00cen primul r\u00e2nd, apari\u0163ia lor e provocat\u0103 de [&hellip;]<\/p>\n","protected":false},"author":28,"featured_media":0,"parent":52981,"menu_order":0,"comment_status":"closed","ping_status":"closed","template":"","meta":{"inline_featured_image":false,"footnotes":""},"class_list":["post-51539","page","type-page","status-publish"],"yoast_head":"<!-- This site is optimized with the Yoast SEO plugin v27.3 - https:\/\/yoast.com\/product\/yoast-seo-wordpress\/ -->\n<title>Polipii nazali<\/title>\n<meta name=\"description\" content=\"\u021aesutul limfoid, care progreseaz\u0103 \u00een tractul respirator superior, se nume\u0219te adenoid. Pentru el, cre\u0219terea amigdalelor nazofaringiene este caracteristic\u0103.\" \/>\n<meta name=\"robots\" content=\"index, follow, max-snippet:-1, max-image-preview:large, max-video-preview:-1\" \/>\n<link rel=\"canonical\" href=\"https:\/\/sanatate.md\/ro\/boli-si-tratament\/bolile-orl\/polipii-nazali\/\" \/>\n<meta property=\"og:locale\" content=\"ro_RO\" \/>\n<meta property=\"og:type\" content=\"article\" \/>\n<meta property=\"og:title\" content=\"Polipii nazali\" \/>\n<meta property=\"og:description\" content=\"\u021aesutul limfoid, care progreseaz\u0103 \u00een tractul respirator superior, se nume\u0219te adenoid. Pentru el, cre\u0219terea amigdalelor nazofaringiene este caracteristic\u0103.\" \/>\n<meta property=\"og:url\" content=\"https:\/\/sanatate.md\/ro\/boli-si-tratament\/bolile-orl\/polipii-nazali\/\" \/>\n<meta property=\"og:site_name\" content=\"Sanatate.md\" \/>\n<meta name=\"twitter:card\" content=\"summary_large_image\" \/>\n<meta name=\"twitter:label1\" content=\"Timp estimat pentru citire\" \/>\n\t<meta name=\"twitter:data1\" content=\"2 minute\" \/>\n<script type=\"application\/ld+json\" class=\"yoast-schema-graph\">{\"@context\":\"https:\\\/\\\/schema.org\",\"@graph\":[{\"@type\":\"WebPage\",\"@id\":\"https:\\\/\\\/sanatate.md\\\/ro\\\/boli-si-tratament\\\/bolile-orl\\\/polipii-nazali\\\/\",\"url\":\"https:\\\/\\\/sanatate.md\\\/ro\\\/boli-si-tratament\\\/bolile-orl\\\/polipii-nazali\\\/\",\"name\":\"Polipii nazali\",\"isPartOf\":{\"@id\":\"https:\\\/\\\/sanatate.md\\\/ro\\\/#website\"},\"datePublished\":\"2018-01-31T06:40:16+00:00\",\"description\":\"\u021aesutul limfoid, care progreseaz\u0103 \u00een tractul respirator superior, se nume\u0219te adenoid. Pentru el, cre\u0219terea amigdalelor nazofaringiene este caracteristic\u0103.\",\"breadcrumb\":{\"@id\":\"https:\\\/\\\/sanatate.md\\\/ro\\\/boli-si-tratament\\\/bolile-orl\\\/polipii-nazali\\\/#breadcrumb\"},\"inLanguage\":\"ro-RO\",\"potentialAction\":[{\"@type\":\"ReadAction\",\"target\":[\"https:\\\/\\\/sanatate.md\\\/ro\\\/boli-si-tratament\\\/bolile-orl\\\/polipii-nazali\\\/\"]}]},{\"@type\":\"BreadcrumbList\",\"@id\":\"https:\\\/\\\/sanatate.md\\\/ro\\\/boli-si-tratament\\\/bolile-orl\\\/polipii-nazali\\\/#breadcrumb\",\"itemListElement\":[{\"@type\":\"ListItem\",\"position\":1,\"name\":\"\u0413\u043b\u0430\u0432\u043d\u0430\u044f \u0441\u0442\u0440\u0430\u043d\u0438\u0446\u0430\",\"item\":\"https:\\\/\\\/sanatate.md\\\/ro\\\/\"},{\"@type\":\"ListItem\",\"position\":2,\"name\":\"Boli si tratament\",\"item\":\"https:\\\/\\\/sanatate.md\\\/ro\\\/boli-si-tratament\\\/\"},{\"@type\":\"ListItem\",\"position\":3,\"name\":\"Bolile ORL\",\"item\":\"https:\\\/\\\/sanatate.md\\\/ro\\\/boli-si-tratament\\\/bolile-orl\\\/\"},{\"@type\":\"ListItem\",\"position\":4,\"name\":\"Polipii nazali\"}]},{\"@type\":\"WebSite\",\"@id\":\"https:\\\/\\\/sanatate.md\\\/ro\\\/#website\",\"url\":\"https:\\\/\\\/sanatate.md\\\/ro\\\/\",\"name\":\"Sanatate.md\",\"description\":\"\u0416\u0443\u0440\u043d\u0430\u043b \u0434\u043b\u044f \u0432\u0441\u0435\u0439 \u0441\u0435\u043c\u044c\u0438 \u0432 \u041c\u043e\u043b\u0434\u043e\u0432\u0435\",\"publisher\":{\"@id\":\"https:\\\/\\\/sanatate.md\\\/ro\\\/#organization\"},\"potentialAction\":[{\"@type\":\"SearchAction\",\"target\":{\"@type\":\"EntryPoint\",\"urlTemplate\":\"https:\\\/\\\/sanatate.md\\\/ro\\\/?s={search_term_string}\"},\"query-input\":{\"@type\":\"PropertyValueSpecification\",\"valueRequired\":true,\"valueName\":\"search_term_string\"}}],\"inLanguage\":\"ro-RO\"},{\"@type\":\"Organization\",\"@id\":\"https:\\\/\\\/sanatate.md\\\/ro\\\/#organization\",\"name\":\"SANATATE\",\"url\":\"https:\\\/\\\/sanatate.md\\\/ro\\\/\",\"logo\":{\"@type\":\"ImageObject\",\"inLanguage\":\"ro-RO\",\"@id\":\"https:\\\/\\\/sanatate.md\\\/ro\\\/#\\\/schema\\\/logo\\\/image\\\/\",\"url\":\"https:\\\/\\\/sanatate.md\\\/wp-content\\\/uploads\\\/2022\\\/01\\\/sanatate-logo.svg\",\"contentUrl\":\"https:\\\/\\\/sanatate.md\\\/wp-content\\\/uploads\\\/2022\\\/01\\\/sanatate-logo.svg\",\"width\":\"1024\",\"height\":\"1024\",\"caption\":\"SANATATE\"},\"image\":{\"@id\":\"https:\\\/\\\/sanatate.md\\\/ro\\\/#\\\/schema\\\/logo\\\/image\\\/\"}}]}<\/script>\n<!-- \/ Yoast SEO plugin. -->","yoast_head_json":{"title":"Polipii nazali","description":"\u021aesutul limfoid, care progreseaz\u0103 \u00een tractul respirator superior, se nume\u0219te adenoid. Pentru el, cre\u0219terea amigdalelor nazofaringiene este caracteristic\u0103.","robots":{"index":"index","follow":"follow","max-snippet":"max-snippet:-1","max-image-preview":"max-image-preview:large","max-video-preview":"max-video-preview:-1"},"canonical":"https:\/\/sanatate.md\/ro\/boli-si-tratament\/bolile-orl\/polipii-nazali\/","og_locale":"ro_RO","og_type":"article","og_title":"Polipii nazali","og_description":"\u021aesutul limfoid, care progreseaz\u0103 \u00een tractul respirator superior, se nume\u0219te adenoid. Pentru el, cre\u0219terea amigdalelor nazofaringiene este caracteristic\u0103.","og_url":"https:\/\/sanatate.md\/ro\/boli-si-tratament\/bolile-orl\/polipii-nazali\/","og_site_name":"Sanatate.md","twitter_card":"summary_large_image","twitter_misc":{"Timp estimat pentru citire":"2 minute"},"schema":{"@context":"https:\/\/schema.org","@graph":[{"@type":"WebPage","@id":"https:\/\/sanatate.md\/ro\/boli-si-tratament\/bolile-orl\/polipii-nazali\/","url":"https:\/\/sanatate.md\/ro\/boli-si-tratament\/bolile-orl\/polipii-nazali\/","name":"Polipii nazali","isPartOf":{"@id":"https:\/\/sanatate.md\/ro\/#website"},"datePublished":"2018-01-31T06:40:16+00:00","description":"\u021aesutul limfoid, care progreseaz\u0103 \u00een tractul respirator superior, se nume\u0219te adenoid. Pentru el, cre\u0219terea amigdalelor nazofaringiene este caracteristic\u0103.","breadcrumb":{"@id":"https:\/\/sanatate.md\/ro\/boli-si-tratament\/bolile-orl\/polipii-nazali\/#breadcrumb"},"inLanguage":"ro-RO","potentialAction":[{"@type":"ReadAction","target":["https:\/\/sanatate.md\/ro\/boli-si-tratament\/bolile-orl\/polipii-nazali\/"]}]},{"@type":"BreadcrumbList","@id":"https:\/\/sanatate.md\/ro\/boli-si-tratament\/bolile-orl\/polipii-nazali\/#breadcrumb","itemListElement":[{"@type":"ListItem","position":1,"name":"\u0413\u043b\u0430\u0432\u043d\u0430\u044f \u0441\u0442\u0440\u0430\u043d\u0438\u0446\u0430","item":"https:\/\/sanatate.md\/ro\/"},{"@type":"ListItem","position":2,"name":"Boli si tratament","item":"https:\/\/sanatate.md\/ro\/boli-si-tratament\/"},{"@type":"ListItem","position":3,"name":"Bolile ORL","item":"https:\/\/sanatate.md\/ro\/boli-si-tratament\/bolile-orl\/"},{"@type":"ListItem","position":4,"name":"Polipii nazali"}]},{"@type":"WebSite","@id":"https:\/\/sanatate.md\/ro\/#website","url":"https:\/\/sanatate.md\/ro\/","name":"Sanatate.md","description":"\u0416\u0443\u0440\u043d\u0430\u043b \u0434\u043b\u044f \u0432\u0441\u0435\u0439 \u0441\u0435\u043c\u044c\u0438 \u0432 \u041c\u043e\u043b\u0434\u043e\u0432\u0435","publisher":{"@id":"https:\/\/sanatate.md\/ro\/#organization"},"potentialAction":[{"@type":"SearchAction","target":{"@type":"EntryPoint","urlTemplate":"https:\/\/sanatate.md\/ro\/?s={search_term_string}"},"query-input":{"@type":"PropertyValueSpecification","valueRequired":true,"valueName":"search_term_string"}}],"inLanguage":"ro-RO"},{"@type":"Organization","@id":"https:\/\/sanatate.md\/ro\/#organization","name":"SANATATE","url":"https:\/\/sanatate.md\/ro\/","logo":{"@type":"ImageObject","inLanguage":"ro-RO","@id":"https:\/\/sanatate.md\/ro\/#\/schema\/logo\/image\/","url":"https:\/\/sanatate.md\/wp-content\/uploads\/2022\/01\/sanatate-logo.svg","contentUrl":"https:\/\/sanatate.md\/wp-content\/uploads\/2022\/01\/sanatate-logo.svg","width":"1024","height":"1024","caption":"SANATATE"},"image":{"@id":"https:\/\/sanatate.md\/ro\/#\/schema\/logo\/image\/"}}]}},"_links":{"self":[{"href":"https:\/\/sanatate.md\/ro\/wp-json\/wp\/v2\/pages\/51539","targetHints":{"allow":["GET"]}}],"collection":[{"href":"https:\/\/sanatate.md\/ro\/wp-json\/wp\/v2\/pages"}],"about":[{"href":"https:\/\/sanatate.md\/ro\/wp-json\/wp\/v2\/types\/page"}],"author":[{"embeddable":true,"href":"https:\/\/sanatate.md\/ro\/wp-json\/wp\/v2\/users\/28"}],"replies":[{"embeddable":true,"href":"https:\/\/sanatate.md\/ro\/wp-json\/wp\/v2\/comments?post=51539"}],"version-history":[{"count":0,"href":"https:\/\/sanatate.md\/ro\/wp-json\/wp\/v2\/pages\/51539\/revisions"}],"up":[{"embeddable":true,"href":"https:\/\/sanatate.md\/ro\/wp-json\/wp\/v2\/pages\/52981"}],"wp:attachment":[{"href":"https:\/\/sanatate.md\/ro\/wp-json\/wp\/v2\/media?parent=51539"}],"curies":[{"name":"wp","href":"https:\/\/api.w.org\/{rel}","templated":true}]}}