{"id":51542,"date":"2018-01-31T09:46:22","date_gmt":"2018-01-31T06:46:22","guid":{"rendered":"https:\/\/sanatate.md\/?page_id=51542"},"modified":"2018-01-31T09:46:22","modified_gmt":"2018-01-31T06:46:22","slug":"infectia-cu-adenovirus","status":"publish","type":"page","link":"https:\/\/sanatate.md\/ro\/boli-si-tratament\/bolile-orl\/infectia-cu-adenovirus\/","title":{"rendered":"Infec\u021bia cu adenovirus"},"content":{"rendered":"<p>Aceast\u0103 infec\u021bie afecteaz\u0103 membranele mucoase ale tractului respirator superior.\u00a0De asemenea, pot fi afecta\u0163i ochii \u0219i intestinele.<\/p>\n<h3>Simptomele<\/h3>\n<p>Perioada de incuba\u021bie dureaz\u0103 de la trei la \u0219ase zile.\u00a0Pacien\u021bii adul\u0163i au forma bolii, denumit\u0103 ARVI.\u00a0Exist\u0103 disconfort \u00een g\u00e2t, tuse, pot fi dureri de cap, oboseal\u0103 total\u0103.\u00a0 Unul dintre semnele importante de infec\u021bie cu adenovirus este o tuse, care se manifest\u0103 prin atacuri.<\/p>\n<h3>Formele<\/h3>\n<p>Boala are mai multe forme (fiecare dintre ele afecteaz\u0103 un anumit sistem de organe sau organisme).\u00a0Ele sunt: afectarea nazofaringelor, bronhiilor, faringei \u0219i mucoasei.\u00a0 Ochii \u0219i pl\u0103m\u00e2nii sunt de asemenea afecta\u021bi.<\/p>\n<h3>Motivele<\/h3>\n<p>De modalitatea de transmitere a acestei boli depinde dezvoltarea ei.\u00a0 Persoan\u0103, care deja sufer\u0103 de aceast\u0103 boal\u0103, de asemenea, un individ purt\u0103tor de virus, dar \u00eensu\u0219i nu are aceast\u0103 boal\u0103, sunt sursele de infec\u0163ie.<br \/>\nConform felului de r\u0103sp\u00eendire adenovirusurile sunt de tipul: prin aer, oral \u0219i fecal.<\/p>\n<h3>Infec\u021bia la copii<\/h3>\n<p>Organismul copilului nu este \u00eenc\u0103 suficient de rezistent la infec\u021bie, astfel boal\u0103 apare la 25-40% dintre pacien\u021bii cu trahee \u0219i leziuni bronhice \u0219i, uneori, pl\u0103m\u00e2ni.\u00a0Un simptom sever este o febr\u0103, precum \u015fi o tuse.<\/p>\n<h3>Infec\u021bia la adul\u021bi<\/h3>\n<p>Boal\u0103 la adul\u021bi poate debuta cu febr\u0103, dureri de cap.\u00a0Este posibil\u0103 voma, scurtarea respira\u021biei, tuse sever\u0103, sindromul de astm.<\/p>\n<h3>Diagnosticarea<\/h3>\n<p>Pentru un diagnostic corect, medicul examineaz\u0103 pacientul. Acestuia \u00eei este dificil s\u0103 respire prin nas, curge nasul, g\u00e2tul este inflamat.\u00a0Pentru a diagnostica aceast\u0103 boal\u0103 se utilizeze metoda ELISA \u0219i PCR.<\/p>\n<h3>Tratamentul<\/h3>\n<p>Se poate de vindecat acas\u0103.\u00a0Pacientul trebuie s\u0103 fie \u00eentr-o camer\u0103 bine aerisit\u0103.\u00a0\u00cen unele cazuri \u2013 izolat. E necesar\u0103 o diet\u0103 echilibrat\u0103, odihn\u0103 \u00een pat, inhalare, vitamine.\u00a0Dac\u0103 apar complica\u021bii, medicii prescriu antibiotice.<\/p>\n<h3>Complica\u021bii \u0219i consecin\u021be<\/h3>\n<p>Boala face complica\u021bii de felul \u2013 pneumonie,amigdale, sinuzit\u0103, otit\u0103, afectarea diferitelor organe, inclusiv rinichii, ficatul.<\/p>\n","protected":false},"excerpt":{"rendered":"<p>Aceast\u0103 infec\u021bie afecteaz\u0103 membranele mucoase ale tractului respirator superior.\u00a0De asemenea, pot fi afecta\u0163i ochii \u0219i intestinele. Simptomele Perioada de incuba\u021bie dureaz\u0103 de la trei la \u0219ase zile.\u00a0Pacien\u021bii adul\u0163i au forma bolii, denumit\u0103 ARVI.\u00a0Exist\u0103 disconfort \u00een g\u00e2t, tuse, pot fi dureri de cap, oboseal\u0103 total\u0103.\u00a0 Unul dintre semnele importante de infec\u021bie cu adenovirus este o tuse, [&hellip;]<\/p>\n","protected":false},"author":28,"featured_media":0,"parent":52981,"menu_order":0,"comment_status":"closed","ping_status":"closed","template":"","meta":{"inline_featured_image":false,"footnotes":""},"class_list":["post-51542","page","type-page","status-publish"],"yoast_head":"<!-- This site is optimized with the Yoast SEO plugin v27.3 - https:\/\/yoast.com\/product\/yoast-seo-wordpress\/ -->\n<title>Infec\u021bia cu adenovirus<\/title>\n<meta name=\"description\" content=\"Aceast\u0103 infec\u021bie afecteaz\u0103 membranele mucoase ale tractului respirator superior.\u00a0De asemenea, pot fi afecta\u0163i ochii \u0219i intestinele.\" \/>\n<meta name=\"robots\" content=\"index, follow, max-snippet:-1, max-image-preview:large, max-video-preview:-1\" \/>\n<link rel=\"canonical\" href=\"https:\/\/sanatate.md\/ro\/boli-si-tratament\/bolile-orl\/infectia-cu-adenovirus\/\" \/>\n<meta property=\"og:locale\" content=\"ro_RO\" \/>\n<meta property=\"og:type\" content=\"article\" \/>\n<meta property=\"og:title\" content=\"Infec\u021bia cu adenovirus\" \/>\n<meta property=\"og:description\" content=\"Aceast\u0103 infec\u021bie afecteaz\u0103 membranele mucoase ale tractului respirator superior.\u00a0De asemenea, pot fi afecta\u0163i ochii \u0219i intestinele.\" \/>\n<meta property=\"og:url\" content=\"https:\/\/sanatate.md\/ro\/boli-si-tratament\/bolile-orl\/infectia-cu-adenovirus\/\" \/>\n<meta property=\"og:site_name\" content=\"Sanatate.md\" \/>\n<meta name=\"twitter:card\" content=\"summary_large_image\" \/>\n<meta name=\"twitter:label1\" content=\"Timp estimat pentru citire\" \/>\n\t<meta name=\"twitter:data1\" content=\"2 minute\" \/>\n<script type=\"application\/ld+json\" class=\"yoast-schema-graph\">{\"@context\":\"https:\\\/\\\/schema.org\",\"@graph\":[{\"@type\":\"WebPage\",\"@id\":\"https:\\\/\\\/sanatate.md\\\/ro\\\/boli-si-tratament\\\/bolile-orl\\\/infectia-cu-adenovirus\\\/\",\"url\":\"https:\\\/\\\/sanatate.md\\\/ro\\\/boli-si-tratament\\\/bolile-orl\\\/infectia-cu-adenovirus\\\/\",\"name\":\"Infec\u021bia cu adenovirus\",\"isPartOf\":{\"@id\":\"https:\\\/\\\/sanatate.md\\\/ro\\\/#website\"},\"datePublished\":\"2018-01-31T06:46:22+00:00\",\"description\":\"Aceast\u0103 infec\u021bie afecteaz\u0103 membranele mucoase ale tractului respirator superior.\u00a0De asemenea, pot fi afecta\u0163i ochii \u0219i intestinele.\",\"breadcrumb\":{\"@id\":\"https:\\\/\\\/sanatate.md\\\/ro\\\/boli-si-tratament\\\/bolile-orl\\\/infectia-cu-adenovirus\\\/#breadcrumb\"},\"inLanguage\":\"ro-RO\",\"potentialAction\":[{\"@type\":\"ReadAction\",\"target\":[\"https:\\\/\\\/sanatate.md\\\/ro\\\/boli-si-tratament\\\/bolile-orl\\\/infectia-cu-adenovirus\\\/\"]}]},{\"@type\":\"BreadcrumbList\",\"@id\":\"https:\\\/\\\/sanatate.md\\\/ro\\\/boli-si-tratament\\\/bolile-orl\\\/infectia-cu-adenovirus\\\/#breadcrumb\",\"itemListElement\":[{\"@type\":\"ListItem\",\"position\":1,\"name\":\"\u0413\u043b\u0430\u0432\u043d\u0430\u044f \u0441\u0442\u0440\u0430\u043d\u0438\u0446\u0430\",\"item\":\"https:\\\/\\\/sanatate.md\\\/ro\\\/\"},{\"@type\":\"ListItem\",\"position\":2,\"name\":\"Boli si tratament\",\"item\":\"https:\\\/\\\/sanatate.md\\\/ro\\\/boli-si-tratament\\\/\"},{\"@type\":\"ListItem\",\"position\":3,\"name\":\"Bolile ORL\",\"item\":\"https:\\\/\\\/sanatate.md\\\/ro\\\/boli-si-tratament\\\/bolile-orl\\\/\"},{\"@type\":\"ListItem\",\"position\":4,\"name\":\"Infec\u021bia cu adenovirus\"}]},{\"@type\":\"WebSite\",\"@id\":\"https:\\\/\\\/sanatate.md\\\/ro\\\/#website\",\"url\":\"https:\\\/\\\/sanatate.md\\\/ro\\\/\",\"name\":\"Sanatate.md\",\"description\":\"\u0416\u0443\u0440\u043d\u0430\u043b \u0434\u043b\u044f \u0432\u0441\u0435\u0439 \u0441\u0435\u043c\u044c\u0438 \u0432 \u041c\u043e\u043b\u0434\u043e\u0432\u0435\",\"publisher\":{\"@id\":\"https:\\\/\\\/sanatate.md\\\/ro\\\/#organization\"},\"potentialAction\":[{\"@type\":\"SearchAction\",\"target\":{\"@type\":\"EntryPoint\",\"urlTemplate\":\"https:\\\/\\\/sanatate.md\\\/ro\\\/?s={search_term_string}\"},\"query-input\":{\"@type\":\"PropertyValueSpecification\",\"valueRequired\":true,\"valueName\":\"search_term_string\"}}],\"inLanguage\":\"ro-RO\"},{\"@type\":\"Organization\",\"@id\":\"https:\\\/\\\/sanatate.md\\\/ro\\\/#organization\",\"name\":\"SANATATE\",\"url\":\"https:\\\/\\\/sanatate.md\\\/ro\\\/\",\"logo\":{\"@type\":\"ImageObject\",\"inLanguage\":\"ro-RO\",\"@id\":\"https:\\\/\\\/sanatate.md\\\/ro\\\/#\\\/schema\\\/logo\\\/image\\\/\",\"url\":\"https:\\\/\\\/sanatate.md\\\/wp-content\\\/uploads\\\/2022\\\/01\\\/sanatate-logo.svg\",\"contentUrl\":\"https:\\\/\\\/sanatate.md\\\/wp-content\\\/uploads\\\/2022\\\/01\\\/sanatate-logo.svg\",\"width\":\"1024\",\"height\":\"1024\",\"caption\":\"SANATATE\"},\"image\":{\"@id\":\"https:\\\/\\\/sanatate.md\\\/ro\\\/#\\\/schema\\\/logo\\\/image\\\/\"}}]}<\/script>\n<!-- \/ Yoast SEO plugin. -->","yoast_head_json":{"title":"Infec\u021bia cu adenovirus","description":"Aceast\u0103 infec\u021bie afecteaz\u0103 membranele mucoase ale tractului respirator superior.\u00a0De asemenea, pot fi afecta\u0163i ochii \u0219i intestinele.","robots":{"index":"index","follow":"follow","max-snippet":"max-snippet:-1","max-image-preview":"max-image-preview:large","max-video-preview":"max-video-preview:-1"},"canonical":"https:\/\/sanatate.md\/ro\/boli-si-tratament\/bolile-orl\/infectia-cu-adenovirus\/","og_locale":"ro_RO","og_type":"article","og_title":"Infec\u021bia cu adenovirus","og_description":"Aceast\u0103 infec\u021bie afecteaz\u0103 membranele mucoase ale tractului respirator superior.\u00a0De asemenea, pot fi afecta\u0163i ochii \u0219i intestinele.","og_url":"https:\/\/sanatate.md\/ro\/boli-si-tratament\/bolile-orl\/infectia-cu-adenovirus\/","og_site_name":"Sanatate.md","twitter_card":"summary_large_image","twitter_misc":{"Timp estimat pentru citire":"2 minute"},"schema":{"@context":"https:\/\/schema.org","@graph":[{"@type":"WebPage","@id":"https:\/\/sanatate.md\/ro\/boli-si-tratament\/bolile-orl\/infectia-cu-adenovirus\/","url":"https:\/\/sanatate.md\/ro\/boli-si-tratament\/bolile-orl\/infectia-cu-adenovirus\/","name":"Infec\u021bia cu adenovirus","isPartOf":{"@id":"https:\/\/sanatate.md\/ro\/#website"},"datePublished":"2018-01-31T06:46:22+00:00","description":"Aceast\u0103 infec\u021bie afecteaz\u0103 membranele mucoase ale tractului respirator superior.\u00a0De asemenea, pot fi afecta\u0163i ochii \u0219i intestinele.","breadcrumb":{"@id":"https:\/\/sanatate.md\/ro\/boli-si-tratament\/bolile-orl\/infectia-cu-adenovirus\/#breadcrumb"},"inLanguage":"ro-RO","potentialAction":[{"@type":"ReadAction","target":["https:\/\/sanatate.md\/ro\/boli-si-tratament\/bolile-orl\/infectia-cu-adenovirus\/"]}]},{"@type":"BreadcrumbList","@id":"https:\/\/sanatate.md\/ro\/boli-si-tratament\/bolile-orl\/infectia-cu-adenovirus\/#breadcrumb","itemListElement":[{"@type":"ListItem","position":1,"name":"\u0413\u043b\u0430\u0432\u043d\u0430\u044f \u0441\u0442\u0440\u0430\u043d\u0438\u0446\u0430","item":"https:\/\/sanatate.md\/ro\/"},{"@type":"ListItem","position":2,"name":"Boli si tratament","item":"https:\/\/sanatate.md\/ro\/boli-si-tratament\/"},{"@type":"ListItem","position":3,"name":"Bolile ORL","item":"https:\/\/sanatate.md\/ro\/boli-si-tratament\/bolile-orl\/"},{"@type":"ListItem","position":4,"name":"Infec\u021bia cu adenovirus"}]},{"@type":"WebSite","@id":"https:\/\/sanatate.md\/ro\/#website","url":"https:\/\/sanatate.md\/ro\/","name":"Sanatate.md","description":"\u0416\u0443\u0440\u043d\u0430\u043b \u0434\u043b\u044f \u0432\u0441\u0435\u0439 \u0441\u0435\u043c\u044c\u0438 \u0432 \u041c\u043e\u043b\u0434\u043e\u0432\u0435","publisher":{"@id":"https:\/\/sanatate.md\/ro\/#organization"},"potentialAction":[{"@type":"SearchAction","target":{"@type":"EntryPoint","urlTemplate":"https:\/\/sanatate.md\/ro\/?s={search_term_string}"},"query-input":{"@type":"PropertyValueSpecification","valueRequired":true,"valueName":"search_term_string"}}],"inLanguage":"ro-RO"},{"@type":"Organization","@id":"https:\/\/sanatate.md\/ro\/#organization","name":"SANATATE","url":"https:\/\/sanatate.md\/ro\/","logo":{"@type":"ImageObject","inLanguage":"ro-RO","@id":"https:\/\/sanatate.md\/ro\/#\/schema\/logo\/image\/","url":"https:\/\/sanatate.md\/wp-content\/uploads\/2022\/01\/sanatate-logo.svg","contentUrl":"https:\/\/sanatate.md\/wp-content\/uploads\/2022\/01\/sanatate-logo.svg","width":"1024","height":"1024","caption":"SANATATE"},"image":{"@id":"https:\/\/sanatate.md\/ro\/#\/schema\/logo\/image\/"}}]}},"_links":{"self":[{"href":"https:\/\/sanatate.md\/ro\/wp-json\/wp\/v2\/pages\/51542","targetHints":{"allow":["GET"]}}],"collection":[{"href":"https:\/\/sanatate.md\/ro\/wp-json\/wp\/v2\/pages"}],"about":[{"href":"https:\/\/sanatate.md\/ro\/wp-json\/wp\/v2\/types\/page"}],"author":[{"embeddable":true,"href":"https:\/\/sanatate.md\/ro\/wp-json\/wp\/v2\/users\/28"}],"replies":[{"embeddable":true,"href":"https:\/\/sanatate.md\/ro\/wp-json\/wp\/v2\/comments?post=51542"}],"version-history":[{"count":0,"href":"https:\/\/sanatate.md\/ro\/wp-json\/wp\/v2\/pages\/51542\/revisions"}],"up":[{"embeddable":true,"href":"https:\/\/sanatate.md\/ro\/wp-json\/wp\/v2\/pages\/52981"}],"wp:attachment":[{"href":"https:\/\/sanatate.md\/ro\/wp-json\/wp\/v2\/media?parent=51542"}],"curies":[{"name":"wp","href":"https:\/\/api.w.org\/{rel}","templated":true}]}}