{"id":51729,"date":"2018-01-31T17:59:13","date_gmt":"2018-01-31T14:59:13","guid":{"rendered":"https:\/\/sanatate.md\/?page_id=51729"},"modified":"2018-01-31T17:59:13","modified_gmt":"2018-01-31T14:59:13","slug":"atrezia-cavitatii-nazale","status":"publish","type":"page","link":"https:\/\/sanatate.md\/ro\/boli-si-tratament\/bolile-chirurgicale\/atrezia-cavitatii-nazale\/","title":{"rendered":"Atrezia cavit\u0103\u021bii nazale"},"content":{"rendered":"<p>Atrezia cavit\u0103\u021bii nazale se caracterizeaz\u0103 prin suprapunerea par\u021bial\u0103 sau complet\u0103 a lumenului nasului ca rezultat al deform\u0103rii sistemului osos, prolifer\u0103rii \u021besutului conjunctiv sau cartilaginos.<\/p>\n<h3>Simptomatologia<\/h3>\n<p>Simptomele acestei boli se manifest\u0103 \u00een cele mai multe cazuri deja \u00een v\u00e2rst\u0103 destul de matur\u0103 pe fundalul unor astfel de boli:<\/p>\n<ul>\n<li>febr\u0103;<\/li>\n<li>variol\u0103;<\/li>\n<li>sifilis.<\/li>\n<\/ul>\n<p>Principala cauz\u0103 a apari\u0163iei simptomelor maladiei la sugari poate fi deformarea congenital\u0103 a oaselor fe\u021bei, a bolilor genetice, boli fetale, care au fost ob\u021binute de la p\u0103rin\u021bi. Atrezia de acest tip se poate manifesta pe tot parcursul vie\u021bii ca urmare a traumei fizice.<\/p>\n<h3>Eviden\u021ba<\/h3>\n<p>Simptomele:<br \/>\n\u2022 nasul sau o parte a acestuia e insuficien sau excagerat de dezvoltat;<br \/>\n\u2022 structura gre\u0219it\u0103, subdezvoltarea cavit\u0103\u021bii nazale;<br \/>\n\u2022 dificult\u0103\u021bi de respira\u021bie;<br \/>\n\u2022 deficien\u021be de miros;<br \/>\n\u2022 voce nazal\u0103.<\/p>\n<p>La sugari, semn de atrezie a cavit\u0103\u021bii nazale, e \u00eenc\u0103lcarea func\u021biilor de sugere \u00een procesul de hr\u0103nire. Modific\u0103rile \u00een cavitatea nazal\u0103 sunt at\u00e2t de evidente, \u00eenc\u00e2t diagnosticul medical al cavit\u0103\u021bii nazale se realizeaz\u0103 doar pentru a identifica:<\/p>\n<p>\u2022 \u00eenchiderea canalelor nazale cu corpuril str\u0103ine;<br \/>\n\u2022 edemul membranelor nazale mucoase;<br \/>\n\u2022 determinarea locului exact al fuziunii \u021besuturilor.<\/p>\n<p>Pentru a confirma diagnosticul de atrezie a cavit\u0103\u021bii nazale, se face un examen cu raze X, se utilizeaz\u0103 \u0219i o sond\u0103.<\/p>\n<h3>Tratamentul<\/h3>\n<p>Atrezia cavit\u0103\u021bii nazale este \u00eendep\u0103rtat\u0103 exclusiv prin metod\u0103 chirurgical\u0103. Pentru a elimina \u021besuturile, a forma o cavitate normal\u0103 \u0219i a restabili forma corect\u0103 a nasului, \u00een majoritatea cazurilor sunt necesare mai multe opera\u021bii plastice \u0219i rinoplastice.<\/p>\n","protected":false},"excerpt":{"rendered":"<p>Atrezia cavit\u0103\u021bii nazale se caracterizeaz\u0103 prin suprapunerea par\u021bial\u0103 sau complet\u0103 a lumenului nasului ca rezultat al deform\u0103rii sistemului osos, prolifer\u0103rii \u021besutului conjunctiv sau cartilaginos. Simptomatologia Simptomele acestei boli se manifest\u0103 \u00een cele mai multe cazuri deja \u00een v\u00e2rst\u0103 destul de matur\u0103 pe fundalul unor astfel de boli: febr\u0103; variol\u0103; sifilis. Principala cauz\u0103 a apari\u0163iei simptomelor [&hellip;]<\/p>\n","protected":false},"author":28,"featured_media":0,"parent":53032,"menu_order":0,"comment_status":"closed","ping_status":"closed","template":"","meta":{"inline_featured_image":false,"footnotes":""},"class_list":["post-51729","page","type-page","status-publish"],"yoast_head":"<!-- This site is optimized with the Yoast SEO plugin v27.3 - https:\/\/yoast.com\/product\/yoast-seo-wordpress\/ -->\n<title>Atrezia cavit\u0103\u021bii nazale<\/title>\n<meta name=\"description\" content=\"Atrezia cavit\u0103\u021bii nazale se caracterizeaz\u0103 prin suprapunerea par\u021bial\u0103 sau complet\u0103 a lumenului nasului ca rezultat al deform\u0103rii sistemului osos, prolifer\u0103rii \u021besutului conjunctiv sau cartilaginos.\" \/>\n<meta name=\"robots\" content=\"index, follow, max-snippet:-1, max-image-preview:large, max-video-preview:-1\" \/>\n<link rel=\"canonical\" href=\"https:\/\/sanatate.md\/ro\/boli-si-tratament\/bolile-chirurgicale\/atrezia-cavitatii-nazale\/\" \/>\n<meta property=\"og:locale\" content=\"ro_RO\" \/>\n<meta property=\"og:type\" content=\"article\" \/>\n<meta property=\"og:title\" content=\"Atrezia cavit\u0103\u021bii nazale\" \/>\n<meta property=\"og:description\" content=\"Atrezia cavit\u0103\u021bii nazale se caracterizeaz\u0103 prin suprapunerea par\u021bial\u0103 sau complet\u0103 a lumenului nasului ca rezultat al deform\u0103rii sistemului osos, prolifer\u0103rii \u021besutului conjunctiv sau cartilaginos.\" \/>\n<meta property=\"og:url\" content=\"https:\/\/sanatate.md\/ro\/boli-si-tratament\/bolile-chirurgicale\/atrezia-cavitatii-nazale\/\" \/>\n<meta property=\"og:site_name\" content=\"Sanatate.md\" \/>\n<meta name=\"twitter:card\" content=\"summary_large_image\" \/>\n<meta name=\"twitter:label1\" content=\"Timp estimat pentru citire\" \/>\n\t<meta name=\"twitter:data1\" content=\"1 minut\" \/>\n<script type=\"application\/ld+json\" class=\"yoast-schema-graph\">{\"@context\":\"https:\\\/\\\/schema.org\",\"@graph\":[{\"@type\":\"WebPage\",\"@id\":\"https:\\\/\\\/sanatate.md\\\/ro\\\/boli-si-tratament\\\/bolile-chirurgicale\\\/atrezia-cavitatii-nazale\\\/\",\"url\":\"https:\\\/\\\/sanatate.md\\\/ro\\\/boli-si-tratament\\\/bolile-chirurgicale\\\/atrezia-cavitatii-nazale\\\/\",\"name\":\"Atrezia cavit\u0103\u021bii nazale\",\"isPartOf\":{\"@id\":\"https:\\\/\\\/sanatate.md\\\/ro\\\/#website\"},\"datePublished\":\"2018-01-31T14:59:13+00:00\",\"description\":\"Atrezia cavit\u0103\u021bii nazale se caracterizeaz\u0103 prin suprapunerea par\u021bial\u0103 sau complet\u0103 a lumenului nasului ca rezultat al deform\u0103rii sistemului osos, prolifer\u0103rii \u021besutului conjunctiv sau cartilaginos.\",\"breadcrumb\":{\"@id\":\"https:\\\/\\\/sanatate.md\\\/ro\\\/boli-si-tratament\\\/bolile-chirurgicale\\\/atrezia-cavitatii-nazale\\\/#breadcrumb\"},\"inLanguage\":\"ro-RO\",\"potentialAction\":[{\"@type\":\"ReadAction\",\"target\":[\"https:\\\/\\\/sanatate.md\\\/ro\\\/boli-si-tratament\\\/bolile-chirurgicale\\\/atrezia-cavitatii-nazale\\\/\"]}]},{\"@type\":\"BreadcrumbList\",\"@id\":\"https:\\\/\\\/sanatate.md\\\/ro\\\/boli-si-tratament\\\/bolile-chirurgicale\\\/atrezia-cavitatii-nazale\\\/#breadcrumb\",\"itemListElement\":[{\"@type\":\"ListItem\",\"position\":1,\"name\":\"\u0413\u043b\u0430\u0432\u043d\u0430\u044f \u0441\u0442\u0440\u0430\u043d\u0438\u0446\u0430\",\"item\":\"https:\\\/\\\/sanatate.md\\\/ro\\\/\"},{\"@type\":\"ListItem\",\"position\":2,\"name\":\"Boli si tratament\",\"item\":\"https:\\\/\\\/sanatate.md\\\/ro\\\/boli-si-tratament\\\/\"},{\"@type\":\"ListItem\",\"position\":3,\"name\":\"Bolile chirurgicale\",\"item\":\"https:\\\/\\\/sanatate.md\\\/ro\\\/boli-si-tratament\\\/bolile-chirurgicale\\\/\"},{\"@type\":\"ListItem\",\"position\":4,\"name\":\"Atrezia cavit\u0103\u021bii nazale\"}]},{\"@type\":\"WebSite\",\"@id\":\"https:\\\/\\\/sanatate.md\\\/ro\\\/#website\",\"url\":\"https:\\\/\\\/sanatate.md\\\/ro\\\/\",\"name\":\"Sanatate.md\",\"description\":\"\u0416\u0443\u0440\u043d\u0430\u043b \u0434\u043b\u044f \u0432\u0441\u0435\u0439 \u0441\u0435\u043c\u044c\u0438 \u0432 \u041c\u043e\u043b\u0434\u043e\u0432\u0435\",\"publisher\":{\"@id\":\"https:\\\/\\\/sanatate.md\\\/ro\\\/#organization\"},\"potentialAction\":[{\"@type\":\"SearchAction\",\"target\":{\"@type\":\"EntryPoint\",\"urlTemplate\":\"https:\\\/\\\/sanatate.md\\\/ro\\\/?s={search_term_string}\"},\"query-input\":{\"@type\":\"PropertyValueSpecification\",\"valueRequired\":true,\"valueName\":\"search_term_string\"}}],\"inLanguage\":\"ro-RO\"},{\"@type\":\"Organization\",\"@id\":\"https:\\\/\\\/sanatate.md\\\/ro\\\/#organization\",\"name\":\"SANATATE\",\"url\":\"https:\\\/\\\/sanatate.md\\\/ro\\\/\",\"logo\":{\"@type\":\"ImageObject\",\"inLanguage\":\"ro-RO\",\"@id\":\"https:\\\/\\\/sanatate.md\\\/ro\\\/#\\\/schema\\\/logo\\\/image\\\/\",\"url\":\"https:\\\/\\\/sanatate.md\\\/wp-content\\\/uploads\\\/2022\\\/01\\\/sanatate-logo.svg\",\"contentUrl\":\"https:\\\/\\\/sanatate.md\\\/wp-content\\\/uploads\\\/2022\\\/01\\\/sanatate-logo.svg\",\"width\":\"1024\",\"height\":\"1024\",\"caption\":\"SANATATE\"},\"image\":{\"@id\":\"https:\\\/\\\/sanatate.md\\\/ro\\\/#\\\/schema\\\/logo\\\/image\\\/\"}}]}<\/script>\n<!-- \/ Yoast SEO plugin. -->","yoast_head_json":{"title":"Atrezia cavit\u0103\u021bii nazale","description":"Atrezia cavit\u0103\u021bii nazale se caracterizeaz\u0103 prin suprapunerea par\u021bial\u0103 sau complet\u0103 a lumenului nasului ca rezultat al deform\u0103rii sistemului osos, prolifer\u0103rii \u021besutului conjunctiv sau cartilaginos.","robots":{"index":"index","follow":"follow","max-snippet":"max-snippet:-1","max-image-preview":"max-image-preview:large","max-video-preview":"max-video-preview:-1"},"canonical":"https:\/\/sanatate.md\/ro\/boli-si-tratament\/bolile-chirurgicale\/atrezia-cavitatii-nazale\/","og_locale":"ro_RO","og_type":"article","og_title":"Atrezia cavit\u0103\u021bii nazale","og_description":"Atrezia cavit\u0103\u021bii nazale se caracterizeaz\u0103 prin suprapunerea par\u021bial\u0103 sau complet\u0103 a lumenului nasului ca rezultat al deform\u0103rii sistemului osos, prolifer\u0103rii \u021besutului conjunctiv sau cartilaginos.","og_url":"https:\/\/sanatate.md\/ro\/boli-si-tratament\/bolile-chirurgicale\/atrezia-cavitatii-nazale\/","og_site_name":"Sanatate.md","twitter_card":"summary_large_image","twitter_misc":{"Timp estimat pentru citire":"1 minut"},"schema":{"@context":"https:\/\/schema.org","@graph":[{"@type":"WebPage","@id":"https:\/\/sanatate.md\/ro\/boli-si-tratament\/bolile-chirurgicale\/atrezia-cavitatii-nazale\/","url":"https:\/\/sanatate.md\/ro\/boli-si-tratament\/bolile-chirurgicale\/atrezia-cavitatii-nazale\/","name":"Atrezia cavit\u0103\u021bii nazale","isPartOf":{"@id":"https:\/\/sanatate.md\/ro\/#website"},"datePublished":"2018-01-31T14:59:13+00:00","description":"Atrezia cavit\u0103\u021bii nazale se caracterizeaz\u0103 prin suprapunerea par\u021bial\u0103 sau complet\u0103 a lumenului nasului ca rezultat al deform\u0103rii sistemului osos, prolifer\u0103rii \u021besutului conjunctiv sau cartilaginos.","breadcrumb":{"@id":"https:\/\/sanatate.md\/ro\/boli-si-tratament\/bolile-chirurgicale\/atrezia-cavitatii-nazale\/#breadcrumb"},"inLanguage":"ro-RO","potentialAction":[{"@type":"ReadAction","target":["https:\/\/sanatate.md\/ro\/boli-si-tratament\/bolile-chirurgicale\/atrezia-cavitatii-nazale\/"]}]},{"@type":"BreadcrumbList","@id":"https:\/\/sanatate.md\/ro\/boli-si-tratament\/bolile-chirurgicale\/atrezia-cavitatii-nazale\/#breadcrumb","itemListElement":[{"@type":"ListItem","position":1,"name":"\u0413\u043b\u0430\u0432\u043d\u0430\u044f \u0441\u0442\u0440\u0430\u043d\u0438\u0446\u0430","item":"https:\/\/sanatate.md\/ro\/"},{"@type":"ListItem","position":2,"name":"Boli si tratament","item":"https:\/\/sanatate.md\/ro\/boli-si-tratament\/"},{"@type":"ListItem","position":3,"name":"Bolile chirurgicale","item":"https:\/\/sanatate.md\/ro\/boli-si-tratament\/bolile-chirurgicale\/"},{"@type":"ListItem","position":4,"name":"Atrezia cavit\u0103\u021bii nazale"}]},{"@type":"WebSite","@id":"https:\/\/sanatate.md\/ro\/#website","url":"https:\/\/sanatate.md\/ro\/","name":"Sanatate.md","description":"\u0416\u0443\u0440\u043d\u0430\u043b \u0434\u043b\u044f \u0432\u0441\u0435\u0439 \u0441\u0435\u043c\u044c\u0438 \u0432 \u041c\u043e\u043b\u0434\u043e\u0432\u0435","publisher":{"@id":"https:\/\/sanatate.md\/ro\/#organization"},"potentialAction":[{"@type":"SearchAction","target":{"@type":"EntryPoint","urlTemplate":"https:\/\/sanatate.md\/ro\/?s={search_term_string}"},"query-input":{"@type":"PropertyValueSpecification","valueRequired":true,"valueName":"search_term_string"}}],"inLanguage":"ro-RO"},{"@type":"Organization","@id":"https:\/\/sanatate.md\/ro\/#organization","name":"SANATATE","url":"https:\/\/sanatate.md\/ro\/","logo":{"@type":"ImageObject","inLanguage":"ro-RO","@id":"https:\/\/sanatate.md\/ro\/#\/schema\/logo\/image\/","url":"https:\/\/sanatate.md\/wp-content\/uploads\/2022\/01\/sanatate-logo.svg","contentUrl":"https:\/\/sanatate.md\/wp-content\/uploads\/2022\/01\/sanatate-logo.svg","width":"1024","height":"1024","caption":"SANATATE"},"image":{"@id":"https:\/\/sanatate.md\/ro\/#\/schema\/logo\/image\/"}}]}},"_links":{"self":[{"href":"https:\/\/sanatate.md\/ro\/wp-json\/wp\/v2\/pages\/51729","targetHints":{"allow":["GET"]}}],"collection":[{"href":"https:\/\/sanatate.md\/ro\/wp-json\/wp\/v2\/pages"}],"about":[{"href":"https:\/\/sanatate.md\/ro\/wp-json\/wp\/v2\/types\/page"}],"author":[{"embeddable":true,"href":"https:\/\/sanatate.md\/ro\/wp-json\/wp\/v2\/users\/28"}],"replies":[{"embeddable":true,"href":"https:\/\/sanatate.md\/ro\/wp-json\/wp\/v2\/comments?post=51729"}],"version-history":[{"count":0,"href":"https:\/\/sanatate.md\/ro\/wp-json\/wp\/v2\/pages\/51729\/revisions"}],"up":[{"embeddable":true,"href":"https:\/\/sanatate.md\/ro\/wp-json\/wp\/v2\/pages\/53032"}],"wp:attachment":[{"href":"https:\/\/sanatate.md\/ro\/wp-json\/wp\/v2\/media?parent=51729"}],"curies":[{"name":"wp","href":"https:\/\/api.w.org\/{rel}","templated":true}]}}